{"id":68827,"date":"2020-04-30T14:16:40","date_gmt":"2020-04-30T12:16:40","guid":{"rendered":"https:\/\/mwtsolutions.eu\/produkty\/security-it\/bezpieczenstwo-przegladarek-browser-security-plus\/"},"modified":"2021-07-16T17:45:23","modified_gmt":"2021-07-16T15:45:23","slug":"browser-security-plus","status":"publish","type":"page","link":"https:\/\/i.mwtsolutions.eu\/cs\/produkty\/security-it\/browser-security-plus\/","title":{"rendered":"Browser Security Plus"},"content":{"rendered":"\t\t<div data-elementor-type=\"wp-page\" data-elementor-id=\"68827\" class=\"elementor elementor-68827 elementor-511\" data-elementor-post-type=\"page\">\n\t\t\t\t\t\t<section class=\"elementor-section elementor-top-section elementor-element elementor-element-360330a elementor-section-boxed elementor-section-height-default elementor-section-height-default force-full-width-no\" data-id=\"360330a\" data-element_type=\"section\">\n\t\t\t\t\t\t<div class=\"elementor-container elementor-column-gap-default\">\n\t\t\t\t\t<div class=\"elementor-column elementor-col-100 elementor-top-column elementor-element elementor-element-b0ca567\" data-id=\"b0ca567\" data-element_type=\"column\">\n\t\t\t<div class=\"elementor-widget-wrap elementor-element-populated\">\n\t\t\t\t\t\t<section class=\"elementor-section elementor-inner-section elementor-element elementor-element-779c69e elementor-section-boxed elementor-section-height-default elementor-section-height-default force-full-width-no\" data-id=\"779c69e\" data-element_type=\"section\">\n\t\t\t\t\t\t<div class=\"elementor-container elementor-column-gap-default\">\n\t\t\t\t\t<div class=\"elementor-column elementor-col-50 elementor-inner-column elementor-element elementor-element-9b691eb\" data-id=\"9b691eb\" data-element_type=\"column\">\n\t\t\t<div class=\"elementor-widget-wrap elementor-element-populated\">\n\t\t\t\t\t\t<div class=\"elementor-element elementor-element-05a4c44 elementor-widget elementor-widget-heading\" data-id=\"05a4c44\" data-element_type=\"widget\" data-widget_type=\"heading.default\">\n\t\t\t\t<div class=\"elementor-widget-container\">\n\t\t\t<h3 class=\"elementor-heading-title elementor-size-default\">Tvorba skupin za\u0159\u00edzen\u00ed<\/h3>\t\t<\/div>\n\t\t\t\t<\/div>\n\t\t\t\t<div class=\"elementor-element elementor-element-781d538 elementor-widget elementor-widget-text-editor\" data-id=\"781d538\" data-element_type=\"widget\" data-widget_type=\"text-editor.default\">\n\t\t\t\t<div class=\"elementor-widget-container\">\n\t\t\t\t\t\t\t<p>Aplikace umo\u017e\u0148uje tvo\u0159it skupiny za\u0159\u00edzen\u00ed. D\u00edky tomu tvorba konfigurac\u00ed a n\u00e1sledn\u011b jejich \u0161\u00ed\u0159en\u00ed nevy\u017eaduje samostatnou \u010dinnost na ka\u017ed\u00e9 pracovn\u00ed stanici, jen ozna\u010den\u00ed konkr\u00e9tn\u00ed skupiny, kter\u00e1 dostane d\u0159\u00edve definovan\u00e1 nastaven\u00ed. Rozd\u011blen\u00ed na skupiny tak\u00e9 umo\u017e\u0148uje snadnou identifikaci jednotliv\u00fdch za\u0159\u00edzen\u00ed v okam\u017eiku zaveden\u00ed d\u011blen\u00ed s ohledem na nap\u0159. zauj\u00edmanou pozici v organizaci nebo s ohledem na konkr\u00e9tn\u00ed odd\u011blen\u00ed.<\/p>\t\t\t\t\t\t<\/div>\n\t\t\t\t<\/div>\n\t\t\t\t\t<\/div>\n\t\t<\/div>\n\t\t\t\t<div class=\"elementor-column elementor-col-50 elementor-inner-column elementor-element elementor-element-845ab3b\" data-id=\"845ab3b\" data-element_type=\"column\">\n\t\t\t<div class=\"elementor-widget-wrap elementor-element-populated\">\n\t\t\t\t\t\t<div class=\"elementor-element elementor-element-1ce85bc monitor-right elementor-widget elementor-widget-image\" data-id=\"1ce85bc\" data-element_type=\"widget\" data-widget_type=\"image.default\">\n\t\t\t\t<div class=\"elementor-widget-container\">\n\t\t\t\t\t\t\t\t\t\t\t\t\t<img fetchpriority=\"high\" width=\"1024\" height=\"500\" src=\"https:\/\/i.mwtsolutions.eu\/wp-content\/uploads\/2020\/07\/Tworzenie-grup-urz\u0105dze\u0144-1024x500.png\" class=\"attachment-large size-large wp-image-68066\" alt=\"\" srcset=\"https:\/\/i.mwtsolutions.eu\/wp-content\/uploads\/2020\/07\/Tworzenie-grup-urz\u0105dze\u0144-1024x500.png 1024w, https:\/\/i.mwtsolutions.eu\/wp-content\/uploads\/2020\/07\/Tworzenie-grup-urz\u0105dze\u0144-300x147.png 300w, https:\/\/i.mwtsolutions.eu\/wp-content\/uploads\/2020\/07\/Tworzenie-grup-urz\u0105dze\u0144-768x375.png 768w, https:\/\/i.mwtsolutions.eu\/wp-content\/uploads\/2020\/07\/Tworzenie-grup-urz\u0105dze\u0144-1536x750.png 1536w, https:\/\/i.mwtsolutions.eu\/wp-content\/uploads\/2020\/07\/Tworzenie-grup-urz\u0105dze\u0144.png 1920w\" sizes=\"(max-width: 1024px) 100vw, 1024px\" \/>\t\t\t\t\t\t\t\t\t\t\t\t\t<\/div>\n\t\t\t\t<\/div>\n\t\t\t\t\t<\/div>\n\t\t<\/div>\n\t\t\t\t\t<\/div>\n\t\t<\/section>\n\t\t\t\t<section class=\"elementor-section elementor-inner-section elementor-element elementor-element-e51342f elementor-reverse-mobile elementor-section-boxed elementor-section-height-default elementor-section-height-default force-full-width-no\" data-id=\"e51342f\" data-element_type=\"section\">\n\t\t\t\t\t\t<div class=\"elementor-container elementor-column-gap-default\">\n\t\t\t\t\t<div class=\"elementor-column elementor-col-50 elementor-inner-column elementor-element elementor-element-6037113\" data-id=\"6037113\" data-element_type=\"column\">\n\t\t\t<div class=\"elementor-widget-wrap elementor-element-populated\">\n\t\t\t\t\t\t<div class=\"elementor-element elementor-element-60b371c monitor-left elementor-widget elementor-widget-image\" data-id=\"60b371c\" data-element_type=\"widget\" data-widget_type=\"image.default\">\n\t\t\t\t<div class=\"elementor-widget-container\">\n\t\t\t\t\t\t\t\t\t\t\t\t\t<img width=\"1024\" height=\"499\" src=\"https:\/\/i.mwtsolutions.eu\/wp-content\/uploads\/2020\/07\/Repozytorium-rozszerze\u0144-1024x499.png\" class=\"attachment-large size-large wp-image-68068\" alt=\"\" srcset=\"https:\/\/i.mwtsolutions.eu\/wp-content\/uploads\/2020\/07\/Repozytorium-rozszerze\u0144-1024x499.png 1024w, https:\/\/i.mwtsolutions.eu\/wp-content\/uploads\/2020\/07\/Repozytorium-rozszerze\u0144-300x146.png 300w, https:\/\/i.mwtsolutions.eu\/wp-content\/uploads\/2020\/07\/Repozytorium-rozszerze\u0144-768x374.png 768w, https:\/\/i.mwtsolutions.eu\/wp-content\/uploads\/2020\/07\/Repozytorium-rozszerze\u0144-1536x749.png 1536w, https:\/\/i.mwtsolutions.eu\/wp-content\/uploads\/2020\/07\/Repozytorium-rozszerze\u0144.png 1920w\" sizes=\"(max-width: 1024px) 100vw, 1024px\" \/>\t\t\t\t\t\t\t\t\t\t\t\t\t<\/div>\n\t\t\t\t<\/div>\n\t\t\t\t\t<\/div>\n\t\t<\/div>\n\t\t\t\t<div class=\"elementor-column elementor-col-50 elementor-inner-column elementor-element elementor-element-3a76727\" data-id=\"3a76727\" data-element_type=\"column\">\n\t\t\t<div class=\"elementor-widget-wrap elementor-element-populated\">\n\t\t\t\t\t\t<div class=\"elementor-element elementor-element-d4a2546 elementor-widget elementor-widget-heading\" data-id=\"d4a2546\" data-element_type=\"widget\" data-widget_type=\"heading.default\">\n\t\t\t\t<div class=\"elementor-widget-container\">\n\t\t\t<h3 class=\"elementor-heading-title elementor-size-default\">Repozit\u00e1\u0159 roz\u0161\u00ed\u0159en\u00ed<\/h3>\t\t<\/div>\n\t\t\t\t<\/div>\n\t\t\t\t<div class=\"elementor-element elementor-element-63a6667 elementor-widget elementor-widget-text-editor\" data-id=\"63a6667\" data-element_type=\"widget\" data-widget_type=\"text-editor.default\">\n\t\t\t\t<div class=\"elementor-widget-container\">\n\t\t\t\t\t\t\t<p>Spr\u00e1va bezpe\u010dnosti prohl\u00ed\u017ee\u010d\u016f Browser Security Plus nab\u00edz\u00ed vytvo\u0159en\u00ed repozit\u00e1\u0159e dopl\u0148k\u016f k prohl\u00ed\u017ee\u010di pou\u017e\u00edvan\u00fdch v organizaci. Z\u00edsk\u00e1v\u00e1me p\u0159\u00edstup ke v\u0161em \u0159e\u0161en\u00edm zn\u00e1m\u00fdm z Google Chrome, Mozilla Firefox a Edge, kter\u00e9 n\u00e1sledn\u011b m\u016f\u017eeme instalovat na vybran\u00fdch za\u0159\u00edzen\u00edch nebo na cel\u00fdch skupin\u00e1ch za\u0159\u00edzen\u00ed. Intuitivn\u011b m\u016f\u017eeme tak\u00e9 zkontrolovat po\u010det za\u0159\u00edzen\u00ed pou\u017e\u00edvaj\u00edc\u00edch dan\u00e9 roz\u0161\u00ed\u0159en\u00ed a po\u010det p\u0159i\u0159azen\u00fdch skupin.<\/p>\t\t\t\t\t\t<\/div>\n\t\t\t\t<\/div>\n\t\t\t\t\t<\/div>\n\t\t<\/div>\n\t\t\t\t\t<\/div>\n\t\t<\/section>\n\t\t\t\t<section class=\"elementor-section elementor-inner-section elementor-element elementor-element-845913b elementor-section-boxed elementor-section-height-default elementor-section-height-default force-full-width-no\" data-id=\"845913b\" data-element_type=\"section\">\n\t\t\t\t\t\t<div class=\"elementor-container elementor-column-gap-default\">\n\t\t\t\t\t<div class=\"elementor-column elementor-col-50 elementor-inner-column elementor-element elementor-element-c9be025\" data-id=\"c9be025\" data-element_type=\"column\">\n\t\t\t<div class=\"elementor-widget-wrap elementor-element-populated\">\n\t\t\t\t\t\t<div class=\"elementor-element elementor-element-d9e0646 elementor-widget elementor-widget-heading\" data-id=\"d9e0646\" data-element_type=\"widget\" data-widget_type=\"heading.default\">\n\t\t\t\t<div class=\"elementor-widget-container\">\n\t\t\t<h3 class=\"elementor-heading-title elementor-size-default\">Konfigurace bezpe\u010dnostn\u00edch z\u00e1sad<\/h3>\t\t<\/div>\n\t\t\t\t<\/div>\n\t\t\t\t<div class=\"elementor-element elementor-element-b417d1f elementor-widget elementor-widget-text-editor\" data-id=\"b417d1f\" data-element_type=\"widget\" data-widget_type=\"text-editor.default\">\n\t\t\t\t<div class=\"elementor-widget-container\">\n\t\t\t\t\t\t\t<p>Tvorba konfigurac\u00ed t\u00fdkaj\u00edc\u00edch se zabezpe\u010den\u00ed, kter\u00e9 jsou n\u00e1sledn\u011b distribuov\u00e1ny na s\u00edti, zahrnuje mimo jin\u00e9 nastaven\u00ed t\u00fdkaj\u00edc\u00ed se Adobe flash, z\u00e1kaz pou\u017e\u00edv\u00e1n\u00ed neschv\u00e1len\u00fdch dopl\u0148k\u016f do prohl\u00ed\u017ee\u010de, z\u00e1kaz pou\u017e\u00edv\u00e1n\u00ed neaktualizovan\u00fdch roz\u0161\u00ed\u0159en\u00ed, 3D Graphics API, synchronizaci s \u00fa\u010dtem Google, historii prohl\u00ed\u017een\u00ed, zpracov\u00e1v\u00e1n\u00ed dat na pozad\u00ed nebo spu\u0161t\u011bn\u00ed upozorn\u011bn\u00ed prohl\u00ed\u017ee\u010de.<\/p>\t\t\t\t\t\t<\/div>\n\t\t\t\t<\/div>\n\t\t\t\t\t<\/div>\n\t\t<\/div>\n\t\t\t\t<div class=\"elementor-column elementor-col-50 elementor-inner-column elementor-element elementor-element-54efe05\" data-id=\"54efe05\" data-element_type=\"column\">\n\t\t\t<div class=\"elementor-widget-wrap elementor-element-populated\">\n\t\t\t\t\t\t<div class=\"elementor-element elementor-element-e7fe240 monitor-center elementor-widget elementor-widget-image\" data-id=\"e7fe240\" data-element_type=\"widget\" data-widget_type=\"image.default\">\n\t\t\t\t<div class=\"elementor-widget-container\">\n\t\t\t\t\t\t\t\t\t\t\t\t\t<img width=\"1024\" height=\"499\" src=\"https:\/\/i.mwtsolutions.eu\/wp-content\/uploads\/2020\/07\/Konfiguracja-polityk-bezpiecze\u0144stwa-1024x499.png\" class=\"attachment-large size-large wp-image-68070\" alt=\"\" srcset=\"https:\/\/i.mwtsolutions.eu\/wp-content\/uploads\/2020\/07\/Konfiguracja-polityk-bezpiecze\u0144stwa-1024x499.png 1024w, https:\/\/i.mwtsolutions.eu\/wp-content\/uploads\/2020\/07\/Konfiguracja-polityk-bezpiecze\u0144stwa-300x146.png 300w, https:\/\/i.mwtsolutions.eu\/wp-content\/uploads\/2020\/07\/Konfiguracja-polityk-bezpiecze\u0144stwa-768x374.png 768w, https:\/\/i.mwtsolutions.eu\/wp-content\/uploads\/2020\/07\/Konfiguracja-polityk-bezpiecze\u0144stwa-1536x748.png 1536w, https:\/\/i.mwtsolutions.eu\/wp-content\/uploads\/2020\/07\/Konfiguracja-polityk-bezpiecze\u0144stwa.png 1920w\" sizes=\"(max-width: 1024px) 100vw, 1024px\" \/>\t\t\t\t\t\t\t\t\t\t\t\t\t<\/div>\n\t\t\t\t<\/div>\n\t\t\t\t\t<\/div>\n\t\t<\/div>\n\t\t\t\t\t<\/div>\n\t\t<\/section>\n\t\t\t\t<section class=\"elementor-section elementor-inner-section elementor-element elementor-element-d22f0ac elementor-reverse-mobile elementor-section-boxed elementor-section-height-default elementor-section-height-default force-full-width-no\" data-id=\"d22f0ac\" data-element_type=\"section\">\n\t\t\t\t\t\t<div class=\"elementor-container elementor-column-gap-default\">\n\t\t\t\t\t<div class=\"elementor-column elementor-col-50 elementor-inner-column elementor-element elementor-element-e91863b\" data-id=\"e91863b\" data-element_type=\"column\">\n\t\t\t<div class=\"elementor-widget-wrap elementor-element-populated\">\n\t\t\t\t\t\t<div class=\"elementor-element elementor-element-6cc60ea monitor-left elementor-widget elementor-widget-image\" data-id=\"6cc60ea\" data-element_type=\"widget\" data-widget_type=\"image.default\">\n\t\t\t\t<div class=\"elementor-widget-container\">\n\t\t\t\t\t\t\t\t\t\t\t\t\t<img loading=\"lazy\" width=\"1024\" height=\"499\" src=\"https:\/\/i.mwtsolutions.eu\/wp-content\/uploads\/2020\/07\/Dashboardy-oraz-modu\u0142-raport\u00f3w-1024x499.png\" class=\"attachment-large size-large wp-image-68072\" alt=\"\" srcset=\"https:\/\/i.mwtsolutions.eu\/wp-content\/uploads\/2020\/07\/Dashboardy-oraz-modu\u0142-raport\u00f3w-1024x499.png 1024w, https:\/\/i.mwtsolutions.eu\/wp-content\/uploads\/2020\/07\/Dashboardy-oraz-modu\u0142-raport\u00f3w-300x146.png 300w, https:\/\/i.mwtsolutions.eu\/wp-content\/uploads\/2020\/07\/Dashboardy-oraz-modu\u0142-raport\u00f3w-768x374.png 768w, https:\/\/i.mwtsolutions.eu\/wp-content\/uploads\/2020\/07\/Dashboardy-oraz-modu\u0142-raport\u00f3w-1536x749.png 1536w, https:\/\/i.mwtsolutions.eu\/wp-content\/uploads\/2020\/07\/Dashboardy-oraz-modu\u0142-raport\u00f3w.png 1920w\" sizes=\"(max-width: 1024px) 100vw, 1024px\" \/>\t\t\t\t\t\t\t\t\t\t\t\t\t<\/div>\n\t\t\t\t<\/div>\n\t\t\t\t\t<\/div>\n\t\t<\/div>\n\t\t\t\t<div class=\"elementor-column elementor-col-50 elementor-inner-column elementor-element elementor-element-3acffb7\" data-id=\"3acffb7\" data-element_type=\"column\">\n\t\t\t<div class=\"elementor-widget-wrap elementor-element-populated\">\n\t\t\t\t\t\t<div class=\"elementor-element elementor-element-a7e2fd3 elementor-widget elementor-widget-heading\" data-id=\"a7e2fd3\" data-element_type=\"widget\" data-widget_type=\"heading.default\">\n\t\t\t\t<div class=\"elementor-widget-container\">\n\t\t\t<h3 class=\"elementor-heading-title elementor-size-default\">Dashboardy a modul report\u016f<\/h3>\t\t<\/div>\n\t\t\t\t<\/div>\n\t\t\t\t<div class=\"elementor-element elementor-element-8b5eb9b elementor-widget elementor-widget-text-editor\" data-id=\"8b5eb9b\" data-element_type=\"widget\" data-widget_type=\"text-editor.default\">\n\t\t\t\t<div class=\"elementor-widget-container\">\n\t\t\t\t\t\t\t<p>Syst\u00e9m umo\u017e\u0148uje reportov\u00e1n\u00ed dat. Tvorba tzv. napl\u00e1novan\u00fdch report\u016f, kter\u00e9 se generuj\u00ed cyklicky v souladu s uveden\u00fdm \u010dasov\u00fdm intervalem, konkr\u00e9tn\u00edm \u010dasem a jsou odes\u00edl\u00e1ny na uveden\u00e9 e-mailov\u00e9 adresy. Dashboardy umo\u017e\u0148uj\u00ed n\u00e1hled nejd\u016fle\u017eit\u011bj\u0161\u00edch dat v re\u00e1ln\u00e9m \u010dase. D\u00edky tomu mohou spr\u00e1vci vhodn\u011b zareagovat hned po v\u00fdskytu netypick\u00fdch zm\u011bn v s\u00edti. Dashboardy jsou interaktivn\u00ed, umo\u017e\u0148uj\u00ed rychl\u00e9 proniknut\u00ed ke konkr\u00e9tn\u00edm za\u0159\u00edzen\u00edm\/skupin\u00e1m za\u0159\u00edzen\u00ed.<\/p>\t\t\t\t\t\t<\/div>\n\t\t\t\t<\/div>\n\t\t\t\t\t<\/div>\n\t\t<\/div>\n\t\t\t\t\t<\/div>\n\t\t<\/section>\n\t\t\t\t\t<\/div>\n\t\t<\/div>\n\t\t\t\t\t<\/div>\n\t\t<\/section>\n\t\t\t\t<\/div>\n\t\t","protected":false},"excerpt":{"rendered":"<p>Tvorba skupin za\u0159\u00edzen\u00ed Aplikace umo\u017e\u0148uje tvo\u0159it skupiny za\u0159\u00edzen\u00ed. D\u00edky tomu tvorba konfigurac\u00ed a n\u00e1sledn\u011b jejich \u0161\u00ed\u0159en\u00ed nevy\u017eaduje samostatnou \u010dinnost na ka\u017ed\u00e9 pracovn\u00ed stanici, jen ozna\u010den\u00ed konkr\u00e9tn\u00ed skupiny, kter\u00e1 dostane d\u0159\u00edve definovan\u00e1 nastaven\u00ed. Rozd\u011blen\u00ed na skupiny tak\u00e9 umo\u017e\u0148uje snadnou identifikaci jednotliv\u00fdch za\u0159\u00edzen\u00ed v okam\u017eiku zaveden\u00ed d\u011blen\u00ed s ohledem na nap\u0159. zauj\u00edmanou pozici v organizaci nebo s [&hellip;]<\/p>\n","protected":false},"author":20,"featured_media":0,"parent":67099,"menu_order":10,"comment_status":"closed","ping_status":"closed","template":"page-templates\/single-product.php","meta":{"content-type":"","om_disable_all_campaigns":false,"inline_featured_image":false,"_monsterinsights_skip_tracking":false,"_monsterinsights_sitenote_active":false,"_monsterinsights_sitenote_note":"","_monsterinsights_sitenote_category":0,"_links_to":"","_links_to_target":""},"acf":[],"aioseo_notices":[],"yoast_head":"<!-- This site is optimized with the Yoast SEO plugin v20.6 - https:\/\/yoast.com\/wordpress\/plugins\/seo\/ -->\n<title>Browser Security Plus | MWT Solutions<\/title>\n<meta name=\"description\" content=\"Aplikace umo\u017e\u0148uje tvo\u0159it skupiny za\u0159\u00edzen\u00ed, a tak tvorba konfigurac\u00ed a jejich \u0161\u00ed\u0159en\u00ed nevy\u017eaduje samostatnou \u010dinnost na ka\u017ed\u00e9 pracovn\u00ed stanici.\" \/>\n<meta name=\"robots\" content=\"index, follow, max-snippet:-1, max-image-preview:large, max-video-preview:-1\" \/>\n<link rel=\"canonical\" href=\"https:\/\/i.mwtsolutions.eu\/cs\/produkty\/security-it\/browser-security-plus\/\" \/>\n<meta property=\"og:locale\" content=\"cs_CZ\" \/>\n<meta property=\"og:type\" content=\"article\" \/>\n<meta property=\"og:title\" content=\"Browser Security Plus | MWT Solutions\" \/>\n<meta property=\"og:description\" content=\"Aplikace umo\u017e\u0148uje tvo\u0159it skupiny za\u0159\u00edzen\u00ed, a tak tvorba konfigurac\u00ed a jejich \u0161\u00ed\u0159en\u00ed nevy\u017eaduje samostatnou \u010dinnost na ka\u017ed\u00e9 pracovn\u00ed stanici.\" \/>\n<meta property=\"og:url\" content=\"https:\/\/i.mwtsolutions.eu\/cs\/produkty\/security-it\/browser-security-plus\/\" \/>\n<meta property=\"og:site_name\" content=\"MWT Solutions\" \/>\n<meta property=\"article:modified_time\" content=\"2021-07-16T15:45:23+00:00\" \/>\n<meta name=\"twitter:card\" content=\"summary_large_image\" \/>\n<meta name=\"twitter:label1\" content=\"Odhadovan\u00e1 doba \u010dten\u00ed\" \/>\n\t<meta name=\"twitter:data1\" content=\"2 minuty\" \/>\n<script type=\"application\/ld+json\" class=\"yoast-schema-graph\">{\"@context\":\"https:\/\/schema.org\",\"@graph\":[{\"@type\":\"WebPage\",\"@id\":\"https:\/\/i.mwtsolutions.eu\/cs\/produkty\/security-it\/browser-security-plus\/\",\"url\":\"https:\/\/i.mwtsolutions.eu\/cs\/produkty\/security-it\/browser-security-plus\/\",\"name\":\"Browser Security Plus | MWT Solutions\",\"isPartOf\":{\"@id\":\"https:\/\/i.mwtsolutions.eu\/#website\"},\"datePublished\":\"2020-04-30T12:16:40+00:00\",\"dateModified\":\"2021-07-16T15:45:23+00:00\",\"description\":\"Aplikace umo\u017e\u0148uje tvo\u0159it skupiny za\u0159\u00edzen\u00ed, a tak tvorba konfigurac\u00ed a jejich \u0161\u00ed\u0159en\u00ed nevy\u017eaduje samostatnou \u010dinnost na ka\u017ed\u00e9 pracovn\u00ed stanici.\",\"breadcrumb\":{\"@id\":\"https:\/\/i.mwtsolutions.eu\/cs\/produkty\/security-it\/browser-security-plus\/#breadcrumb\"},\"inLanguage\":\"cs\",\"potentialAction\":[{\"@type\":\"ReadAction\",\"target\":[\"https:\/\/i.mwtsolutions.eu\/cs\/produkty\/security-it\/browser-security-plus\/\"]}]},{\"@type\":\"BreadcrumbList\",\"@id\":\"https:\/\/i.mwtsolutions.eu\/cs\/produkty\/security-it\/browser-security-plus\/#breadcrumb\",\"itemListElement\":[{\"@type\":\"ListItem\",\"position\":1,\"name\":\"Home\",\"item\":\"https:\/\/i.mwtsolutions.eu\/cs\/\"},{\"@type\":\"ListItem\",\"position\":2,\"name\":\"Produkty\",\"item\":\"https:\/\/i.mwtsolutions.eu\/cs\/produkty\/\"},{\"@type\":\"ListItem\",\"position\":3,\"name\":\"Security IT\",\"item\":\"https:\/\/i.mwtsolutions.eu\/cs\/produkty\/security-it\/\"},{\"@type\":\"ListItem\",\"position\":4,\"name\":\"Browser Security Plus\"}]},{\"@type\":\"WebSite\",\"@id\":\"https:\/\/i.mwtsolutions.eu\/#website\",\"url\":\"https:\/\/i.mwtsolutions.eu\/\",\"name\":\"MWT Solutions\",\"description\":\"Kolejna witryna oparta na WordPressie\",\"publisher\":{\"@id\":\"https:\/\/i.mwtsolutions.eu\/#organization\"},\"potentialAction\":[{\"@type\":\"SearchAction\",\"target\":{\"@type\":\"EntryPoint\",\"urlTemplate\":\"https:\/\/i.mwtsolutions.eu\/?s={search_term_string}\"},\"query-input\":\"required name=search_term_string\"}],\"inLanguage\":\"cs\"},{\"@type\":\"Organization\",\"@id\":\"https:\/\/i.mwtsolutions.eu\/#organization\",\"name\":\"MWT Solutions\",\"url\":\"https:\/\/i.mwtsolutions.eu\/\",\"logo\":{\"@type\":\"ImageObject\",\"inLanguage\":\"cs\",\"@id\":\"https:\/\/i.mwtsolutions.eu\/#\/schema\/logo\/image\/\",\"url\":\"https:\/\/i.mwtsolutions.eu\/wp-content\/uploads\/2025\/05\/logo_MWT_rgb-color-1.png\",\"contentUrl\":\"https:\/\/i.mwtsolutions.eu\/wp-content\/uploads\/2025\/05\/logo_MWT_rgb-color-1.png\",\"width\":2825,\"height\":850,\"caption\":\"MWT Solutions\"},\"image\":{\"@id\":\"https:\/\/i.mwtsolutions.eu\/#\/schema\/logo\/image\/\"},\"sameAs\":[\"https:\/\/pl.linkedin.com\/company\/mwt-solutions\"]}]}<\/script>\n<!-- \/ Yoast SEO plugin. -->","yoast_head_json":{"title":"Browser Security Plus | MWT Solutions","description":"Aplikace umo\u017e\u0148uje tvo\u0159it skupiny za\u0159\u00edzen\u00ed, a tak tvorba konfigurac\u00ed a jejich \u0161\u00ed\u0159en\u00ed nevy\u017eaduje samostatnou \u010dinnost na ka\u017ed\u00e9 pracovn\u00ed stanici.","robots":{"index":"index","follow":"follow","max-snippet":"max-snippet:-1","max-image-preview":"max-image-preview:large","max-video-preview":"max-video-preview:-1"},"canonical":"https:\/\/i.mwtsolutions.eu\/cs\/produkty\/security-it\/browser-security-plus\/","og_locale":"cs_CZ","og_type":"article","og_title":"Browser Security Plus | MWT Solutions","og_description":"Aplikace umo\u017e\u0148uje tvo\u0159it skupiny za\u0159\u00edzen\u00ed, a tak tvorba konfigurac\u00ed a jejich \u0161\u00ed\u0159en\u00ed nevy\u017eaduje samostatnou \u010dinnost na ka\u017ed\u00e9 pracovn\u00ed stanici.","og_url":"https:\/\/i.mwtsolutions.eu\/cs\/produkty\/security-it\/browser-security-plus\/","og_site_name":"MWT Solutions","article_modified_time":"2021-07-16T15:45:23+00:00","twitter_card":"summary_large_image","twitter_misc":{"Odhadovan\u00e1 doba \u010dten\u00ed":"2 minuty"},"schema":{"@context":"https:\/\/schema.org","@graph":[{"@type":"WebPage","@id":"https:\/\/i.mwtsolutions.eu\/cs\/produkty\/security-it\/browser-security-plus\/","url":"https:\/\/i.mwtsolutions.eu\/cs\/produkty\/security-it\/browser-security-plus\/","name":"Browser Security Plus | MWT Solutions","isPartOf":{"@id":"https:\/\/i.mwtsolutions.eu\/#website"},"datePublished":"2020-04-30T12:16:40+00:00","dateModified":"2021-07-16T15:45:23+00:00","description":"Aplikace umo\u017e\u0148uje tvo\u0159it skupiny za\u0159\u00edzen\u00ed, a tak tvorba konfigurac\u00ed a jejich \u0161\u00ed\u0159en\u00ed nevy\u017eaduje samostatnou \u010dinnost na ka\u017ed\u00e9 pracovn\u00ed stanici.","breadcrumb":{"@id":"https:\/\/i.mwtsolutions.eu\/cs\/produkty\/security-it\/browser-security-plus\/#breadcrumb"},"inLanguage":"cs","potentialAction":[{"@type":"ReadAction","target":["https:\/\/i.mwtsolutions.eu\/cs\/produkty\/security-it\/browser-security-plus\/"]}]},{"@type":"BreadcrumbList","@id":"https:\/\/i.mwtsolutions.eu\/cs\/produkty\/security-it\/browser-security-plus\/#breadcrumb","itemListElement":[{"@type":"ListItem","position":1,"name":"Home","item":"https:\/\/i.mwtsolutions.eu\/cs\/"},{"@type":"ListItem","position":2,"name":"Produkty","item":"https:\/\/i.mwtsolutions.eu\/cs\/produkty\/"},{"@type":"ListItem","position":3,"name":"Security IT","item":"https:\/\/i.mwtsolutions.eu\/cs\/produkty\/security-it\/"},{"@type":"ListItem","position":4,"name":"Browser Security Plus"}]},{"@type":"WebSite","@id":"https:\/\/i.mwtsolutions.eu\/#website","url":"https:\/\/i.mwtsolutions.eu\/","name":"MWT Solutions","description":"Kolejna witryna oparta na WordPressie","publisher":{"@id":"https:\/\/i.mwtsolutions.eu\/#organization"},"potentialAction":[{"@type":"SearchAction","target":{"@type":"EntryPoint","urlTemplate":"https:\/\/i.mwtsolutions.eu\/?s={search_term_string}"},"query-input":"required name=search_term_string"}],"inLanguage":"cs"},{"@type":"Organization","@id":"https:\/\/i.mwtsolutions.eu\/#organization","name":"MWT Solutions","url":"https:\/\/i.mwtsolutions.eu\/","logo":{"@type":"ImageObject","inLanguage":"cs","@id":"https:\/\/i.mwtsolutions.eu\/#\/schema\/logo\/image\/","url":"https:\/\/i.mwtsolutions.eu\/wp-content\/uploads\/2025\/05\/logo_MWT_rgb-color-1.png","contentUrl":"https:\/\/i.mwtsolutions.eu\/wp-content\/uploads\/2025\/05\/logo_MWT_rgb-color-1.png","width":2825,"height":850,"caption":"MWT Solutions"},"image":{"@id":"https:\/\/i.mwtsolutions.eu\/#\/schema\/logo\/image\/"},"sameAs":["https:\/\/pl.linkedin.com\/company\/mwt-solutions"]}]}},"_links":{"self":[{"href":"https:\/\/i.mwtsolutions.eu\/cs\/wp-json\/wp\/v2\/pages\/68827"}],"collection":[{"href":"https:\/\/i.mwtsolutions.eu\/cs\/wp-json\/wp\/v2\/pages"}],"about":[{"href":"https:\/\/i.mwtsolutions.eu\/cs\/wp-json\/wp\/v2\/types\/page"}],"author":[{"embeddable":true,"href":"https:\/\/i.mwtsolutions.eu\/cs\/wp-json\/wp\/v2\/users\/20"}],"replies":[{"embeddable":true,"href":"https:\/\/i.mwtsolutions.eu\/cs\/wp-json\/wp\/v2\/comments?post=68827"}],"version-history":[{"count":13,"href":"https:\/\/i.mwtsolutions.eu\/cs\/wp-json\/wp\/v2\/pages\/68827\/revisions"}],"predecessor-version":[{"id":75563,"href":"https:\/\/i.mwtsolutions.eu\/cs\/wp-json\/wp\/v2\/pages\/68827\/revisions\/75563"}],"up":[{"embeddable":true,"href":"https:\/\/i.mwtsolutions.eu\/cs\/wp-json\/wp\/v2\/pages\/67099"}],"wp:attachment":[{"href":"https:\/\/i.mwtsolutions.eu\/cs\/wp-json\/wp\/v2\/media?parent=68827"}],"curies":[{"name":"wp","href":"https:\/\/api.w.org\/{rel}","templated":true}]}}