{"id":68834,"date":"2020-04-30T14:16:44","date_gmt":"2020-04-30T12:16:44","guid":{"rendered":"https:\/\/mwtsolutions.eu\/produkty\/security-it\/analiza-srodowiska-chmurowego-cloud-security-plus\/"},"modified":"2021-07-16T17:49:32","modified_gmt":"2021-07-16T15:49:32","slug":"cloud-security-plus","status":"publish","type":"page","link":"https:\/\/i.mwtsolutions.eu\/cs\/produkty\/security-it\/cloud-security-plus\/","title":{"rendered":"Cloud Security Plus"},"content":{"rendered":"\t\t<div data-elementor-type=\"wp-page\" data-elementor-id=\"68834\" class=\"elementor elementor-68834 elementor-512\" data-elementor-post-type=\"page\">\n\t\t\t\t\t\t<section class=\"elementor-section elementor-top-section elementor-element elementor-element-c69474c elementor-section-boxed elementor-section-height-default elementor-section-height-default force-full-width-no\" data-id=\"c69474c\" data-element_type=\"section\">\n\t\t\t\t\t\t<div class=\"elementor-container elementor-column-gap-default\">\n\t\t\t\t\t<div class=\"elementor-column elementor-col-100 elementor-top-column elementor-element elementor-element-58d1add\" data-id=\"58d1add\" data-element_type=\"column\">\n\t\t\t<div class=\"elementor-widget-wrap elementor-element-populated\">\n\t\t\t\t\t\t<div class=\"elementor-element elementor-element-8abce33 elementor-widget elementor-widget-heading\" data-id=\"8abce33\" data-element_type=\"widget\" data-widget_type=\"heading.default\">\n\t\t\t\t<div class=\"elementor-widget-container\">\n\t\t\t<h2 class=\"elementor-heading-title elementor-size-default\">FUNKCE<\/h2>\t\t<\/div>\n\t\t\t\t<\/div>\n\t\t\t\t<section class=\"elementor-section elementor-inner-section elementor-element elementor-element-f245fad elementor-section-boxed elementor-section-height-default elementor-section-height-default force-full-width-no\" data-id=\"f245fad\" data-element_type=\"section\">\n\t\t\t\t\t\t<div class=\"elementor-container elementor-column-gap-default\">\n\t\t\t\t\t<div class=\"elementor-column elementor-col-50 elementor-inner-column elementor-element elementor-element-e548169\" data-id=\"e548169\" data-element_type=\"column\">\n\t\t\t<div class=\"elementor-widget-wrap elementor-element-populated\">\n\t\t\t\t\t\t<div class=\"elementor-element elementor-element-f7a3913 elementor-widget elementor-widget-heading\" data-id=\"f7a3913\" data-element_type=\"widget\" data-widget_type=\"heading.default\">\n\t\t\t\t<div class=\"elementor-widget-container\">\n\t\t\t<h3 class=\"elementor-heading-title elementor-size-default\">Rychl\u00fd n\u00e1hled v\u0161ech dat<\/h3>\t\t<\/div>\n\t\t\t\t<\/div>\n\t\t\t\t<div class=\"elementor-element elementor-element-c576877 elementor-widget elementor-widget-text-editor\" data-id=\"c576877\" data-element_type=\"widget\" data-widget_type=\"text-editor.default\">\n\t\t\t\t<div class=\"elementor-widget-container\">\n\t\t\t\t\t\t\t<p>Cloud Security Plus disponuje mo\u017enost\u00ed prezentovat \u00fadaje ukazuj\u00edc\u00ed aktu\u00e1ln\u00ed stav prost\u0159ed\u00ed po p\u0159ihl\u00e1\u0161en\u00ed do aplikace. Rozhran\u00ed umo\u017e\u0148uje v\u00fdb\u011br p\u0159\u00edslu\u0161n\u00e9ho cloudov\u00e9ho \u0159e\u0161en\u00ed, stejn\u011b jako volbu \u010dasov\u00e9ho obdob\u00ed, kter\u00e9 si chceme ov\u011b\u0159it. Dashboardy tak\u00e9 umo\u017e\u0148uj\u00ed p\u0159\u00edm\u00fd p\u0159echod k p\u0159\u00edslu\u0161n\u00e9mu reportu pomoc\u00ed jednoduch\u00e9ho kliknut\u00ed.<\/p>\t\t\t\t\t\t<\/div>\n\t\t\t\t<\/div>\n\t\t\t\t\t<\/div>\n\t\t<\/div>\n\t\t\t\t<div class=\"elementor-column elementor-col-50 elementor-inner-column elementor-element elementor-element-fe1d819\" data-id=\"fe1d819\" data-element_type=\"column\">\n\t\t\t<div class=\"elementor-widget-wrap elementor-element-populated\">\n\t\t\t\t\t\t<div class=\"elementor-element elementor-element-2248c89 monitor-right elementor-widget elementor-widget-image\" data-id=\"2248c89\" data-element_type=\"widget\" data-widget_type=\"image.default\">\n\t\t\t\t<div class=\"elementor-widget-container\">\n\t\t\t\t\t\t\t\t\t\t\t\t\t<img fetchpriority=\"high\" width=\"1024\" height=\"512\" src=\"https:\/\/i.mwtsolutions.eu\/wp-content\/uploads\/2020\/07\/Szybki-podgl\u0105d-1024x512.png\" class=\"attachment-large size-large wp-image-67942\" alt=\"\" srcset=\"https:\/\/i.mwtsolutions.eu\/wp-content\/uploads\/2020\/07\/Szybki-podgl\u0105d-1024x512.png 1024w, https:\/\/i.mwtsolutions.eu\/wp-content\/uploads\/2020\/07\/Szybki-podgl\u0105d-300x150.png 300w, https:\/\/i.mwtsolutions.eu\/wp-content\/uploads\/2020\/07\/Szybki-podgl\u0105d-768x384.png 768w, https:\/\/i.mwtsolutions.eu\/wp-content\/uploads\/2020\/07\/Szybki-podgl\u0105d-1536x768.png 1536w, https:\/\/i.mwtsolutions.eu\/wp-content\/uploads\/2020\/07\/Szybki-podgl\u0105d.png 1894w\" sizes=\"(max-width: 1024px) 100vw, 1024px\" \/>\t\t\t\t\t\t\t\t\t\t\t\t\t<\/div>\n\t\t\t\t<\/div>\n\t\t\t\t\t<\/div>\n\t\t<\/div>\n\t\t\t\t\t<\/div>\n\t\t<\/section>\n\t\t\t\t<section class=\"elementor-section elementor-inner-section elementor-element elementor-element-5c76fdf elementor-reverse-mobile elementor-section-boxed elementor-section-height-default elementor-section-height-default force-full-width-no\" data-id=\"5c76fdf\" data-element_type=\"section\">\n\t\t\t\t\t\t<div class=\"elementor-container elementor-column-gap-default\">\n\t\t\t\t\t<div class=\"elementor-column elementor-col-50 elementor-inner-column elementor-element elementor-element-786d18f\" data-id=\"786d18f\" data-element_type=\"column\">\n\t\t\t<div class=\"elementor-widget-wrap elementor-element-populated\">\n\t\t\t\t\t\t<div class=\"elementor-element elementor-element-89b80bc monitor-left elementor-widget elementor-widget-image\" data-id=\"89b80bc\" data-element_type=\"widget\" data-widget_type=\"image.default\">\n\t\t\t\t<div class=\"elementor-widget-container\">\n\t\t\t\t\t\t\t\t\t\t\t\t\t<img width=\"1024\" height=\"469\" src=\"https:\/\/i.mwtsolutions.eu\/wp-content\/uploads\/2020\/07\/Zarz\u0105dzanie-1024x469.png\" class=\"attachment-large size-large wp-image-67944\" alt=\"\" srcset=\"https:\/\/i.mwtsolutions.eu\/wp-content\/uploads\/2020\/07\/Zarz\u0105dzanie-1024x469.png 1024w, https:\/\/i.mwtsolutions.eu\/wp-content\/uploads\/2020\/07\/Zarz\u0105dzanie-300x138.png 300w, https:\/\/i.mwtsolutions.eu\/wp-content\/uploads\/2020\/07\/Zarz\u0105dzanie-768x352.png 768w, https:\/\/i.mwtsolutions.eu\/wp-content\/uploads\/2020\/07\/Zarz\u0105dzanie-1536x704.png 1536w, https:\/\/i.mwtsolutions.eu\/wp-content\/uploads\/2020\/07\/Zarz\u0105dzanie.png 1911w\" sizes=\"(max-width: 1024px) 100vw, 1024px\" \/>\t\t\t\t\t\t\t\t\t\t\t\t\t<\/div>\n\t\t\t\t<\/div>\n\t\t\t\t\t<\/div>\n\t\t<\/div>\n\t\t\t\t<div class=\"elementor-column elementor-col-50 elementor-inner-column elementor-element elementor-element-04a26f2\" data-id=\"04a26f2\" data-element_type=\"column\">\n\t\t\t<div class=\"elementor-widget-wrap elementor-element-populated\">\n\t\t\t\t\t\t<div class=\"elementor-element elementor-element-8c16d6c elementor-widget elementor-widget-heading\" data-id=\"8c16d6c\" data-element_type=\"widget\" data-widget_type=\"heading.default\">\n\t\t\t\t<div class=\"elementor-widget-container\">\n\t\t\t<h3 class=\"elementor-heading-title elementor-size-default\">Centr\u00e1ln\u00ed spr\u00e1va ve\u0159ejn\u00fdch cloud\u016f<\/h3>\t\t<\/div>\n\t\t\t\t<\/div>\n\t\t\t\t<div class=\"elementor-element elementor-element-29bb734 elementor-widget elementor-widget-text-editor\" data-id=\"29bb734\" data-element_type=\"widget\" data-widget_type=\"text-editor.default\">\n\t\t\t\t<div class=\"elementor-widget-container\">\n\t\t\t\t\t\t\t<p>Syst\u00e9m sb\u00edr\u00e1 informace ze spousty ve\u0159ejn\u00fdch cloudov\u00fdch instanc\u00ed a uchov\u00e1v\u00e1 je v datab\u00e1zi po zadanou dobu. Data z\u00edskan\u00e1 Cloud Security Plus mohou b\u00fdt graficky prezentov\u00e1na pomoc\u00ed report\u016f. D\u00edky t\u00e9to funkci jsme schopni monitorovat v\u0161echny akce z \u00farovn\u011b jedn\u00e9 konzole, mezi mnoha cloudov\u00fdmi prost\u0159ed\u00edmi.<\/p>\t\t\t\t\t\t<\/div>\n\t\t\t\t<\/div>\n\t\t\t\t\t<\/div>\n\t\t<\/div>\n\t\t\t\t\t<\/div>\n\t\t<\/section>\n\t\t\t\t<section class=\"elementor-section elementor-inner-section elementor-element elementor-element-bbb8143 elementor-section-boxed elementor-section-height-default elementor-section-height-default force-full-width-no\" data-id=\"bbb8143\" data-element_type=\"section\">\n\t\t\t\t\t\t<div class=\"elementor-container elementor-column-gap-default\">\n\t\t\t\t\t<div class=\"elementor-column elementor-col-50 elementor-inner-column elementor-element elementor-element-09bf153\" data-id=\"09bf153\" data-element_type=\"column\">\n\t\t\t<div class=\"elementor-widget-wrap elementor-element-populated\">\n\t\t\t\t\t\t<div class=\"elementor-element elementor-element-b583600 elementor-widget elementor-widget-heading\" data-id=\"b583600\" data-element_type=\"widget\" data-widget_type=\"heading.default\">\n\t\t\t\t<div class=\"elementor-widget-container\">\n\t\t\t<h3 class=\"elementor-heading-title elementor-size-default\">Auditov\u00e1n\u00ed cloudov\u00fdch prost\u0159ed\u00ed a reporty cloudov\u00e9ho prost\u0159ed\u00ed<\/h3>\t\t<\/div>\n\t\t\t\t<\/div>\n\t\t\t\t<div class=\"elementor-element elementor-element-e83386a elementor-widget elementor-widget-text-editor\" data-id=\"e83386a\" data-element_type=\"widget\" data-widget_type=\"text-editor.default\">\n\t\t\t\t<div class=\"elementor-widget-container\">\n\t\t\t\t\t\t\t<p>Cloud Security Plus m\u00e1 celou \u0159adu p\u0159eddefinovan\u00fdch report\u016f obsahuj\u00edc\u00edch podrobn\u00e9 informace o ud\u00e1lostech, k nim\u017e doch\u00e1z\u00ed v Amazon EC2, Web Application Firewalls (WAF), Relational Database Service (RDS), Lambda, Security Token Service (STS), Elastic Block Store (EBS), Virtual Private Cloud (VPC), Elastic Load Balancer (ELB) a Simple Storage Service (S3). Samotn\u00fd syst\u00e9m se spole\u010dn\u011b s ka\u017edou aktualizac\u00ed rozv\u00edj\u00ed tak\u00e9 o nov\u00e9 reporty.<\/p>\t\t\t\t\t\t<\/div>\n\t\t\t\t<\/div>\n\t\t\t\t\t<\/div>\n\t\t<\/div>\n\t\t\t\t<div class=\"elementor-column elementor-col-50 elementor-inner-column elementor-element elementor-element-6932fc6\" data-id=\"6932fc6\" data-element_type=\"column\">\n\t\t\t<div class=\"elementor-widget-wrap elementor-element-populated\">\n\t\t\t\t\t\t<div class=\"elementor-element elementor-element-e9773e8 monitor-center elementor-widget elementor-widget-image\" data-id=\"e9773e8\" data-element_type=\"widget\" data-widget_type=\"image.default\">\n\t\t\t\t<div class=\"elementor-widget-container\">\n\t\t\t\t\t\t\t\t\t\t\t\t\t<img width=\"1024\" height=\"517\" src=\"https:\/\/i.mwtsolutions.eu\/wp-content\/uploads\/2020\/07\/Audyt-i-raporty-1024x517.png\" class=\"attachment-large size-large wp-image-67946\" alt=\"\" srcset=\"https:\/\/i.mwtsolutions.eu\/wp-content\/uploads\/2020\/07\/Audyt-i-raporty-1024x517.png 1024w, https:\/\/i.mwtsolutions.eu\/wp-content\/uploads\/2020\/07\/Audyt-i-raporty-300x151.png 300w, https:\/\/i.mwtsolutions.eu\/wp-content\/uploads\/2020\/07\/Audyt-i-raporty-768x387.png 768w, https:\/\/i.mwtsolutions.eu\/wp-content\/uploads\/2020\/07\/Audyt-i-raporty-1536x775.png 1536w, https:\/\/i.mwtsolutions.eu\/wp-content\/uploads\/2020\/07\/Audyt-i-raporty.png 1899w\" sizes=\"(max-width: 1024px) 100vw, 1024px\" \/>\t\t\t\t\t\t\t\t\t\t\t\t\t<\/div>\n\t\t\t\t<\/div>\n\t\t\t\t\t<\/div>\n\t\t<\/div>\n\t\t\t\t\t<\/div>\n\t\t<\/section>\n\t\t\t\t<section class=\"elementor-section elementor-inner-section elementor-element elementor-element-aeb6f82 elementor-reverse-mobile elementor-section-boxed elementor-section-height-default elementor-section-height-default force-full-width-no\" data-id=\"aeb6f82\" data-element_type=\"section\">\n\t\t\t\t\t\t<div class=\"elementor-container elementor-column-gap-default\">\n\t\t\t\t\t<div class=\"elementor-column elementor-col-50 elementor-inner-column elementor-element elementor-element-ecfbbd2\" data-id=\"ecfbbd2\" data-element_type=\"column\">\n\t\t\t<div class=\"elementor-widget-wrap elementor-element-populated\">\n\t\t\t\t\t\t<div class=\"elementor-element elementor-element-f720bd0 monitor-left elementor-widget elementor-widget-image\" data-id=\"f720bd0\" data-element_type=\"widget\" data-widget_type=\"image.default\">\n\t\t\t\t<div class=\"elementor-widget-container\">\n\t\t\t\t\t\t\t\t\t\t\t\t\t<img loading=\"lazy\" width=\"1024\" height=\"494\" src=\"https:\/\/i.mwtsolutions.eu\/wp-content\/uploads\/2020\/07\/Alarmowanie-1024x494.png\" class=\"attachment-large size-large wp-image-67948\" alt=\"\" srcset=\"https:\/\/i.mwtsolutions.eu\/wp-content\/uploads\/2020\/07\/Alarmowanie-1024x494.png 1024w, https:\/\/i.mwtsolutions.eu\/wp-content\/uploads\/2020\/07\/Alarmowanie-300x145.png 300w, https:\/\/i.mwtsolutions.eu\/wp-content\/uploads\/2020\/07\/Alarmowanie-768x370.png 768w, https:\/\/i.mwtsolutions.eu\/wp-content\/uploads\/2020\/07\/Alarmowanie-1536x741.png 1536w, https:\/\/i.mwtsolutions.eu\/wp-content\/uploads\/2020\/07\/Alarmowanie.png 1914w\" sizes=\"(max-width: 1024px) 100vw, 1024px\" \/>\t\t\t\t\t\t\t\t\t\t\t\t\t<\/div>\n\t\t\t\t<\/div>\n\t\t\t\t\t<\/div>\n\t\t<\/div>\n\t\t\t\t<div class=\"elementor-column elementor-col-50 elementor-inner-column elementor-element elementor-element-96c3e6d\" data-id=\"96c3e6d\" data-element_type=\"column\">\n\t\t\t<div class=\"elementor-widget-wrap elementor-element-populated\">\n\t\t\t\t\t\t<div class=\"elementor-element elementor-element-d8a428b elementor-widget elementor-widget-heading\" data-id=\"d8a428b\" data-element_type=\"widget\" data-widget_type=\"heading.default\">\n\t\t\t\t<div class=\"elementor-widget-container\">\n\t\t\t<h3 class=\"elementor-heading-title elementor-size-default\">Spu\u0161t\u011bn\u00ed poplachu o probl\u00e9mech v prost\u0159ed\u00ed v re\u00e1ln\u00e9m \u010dase<\/h3>\t\t<\/div>\n\t\t\t\t<\/div>\n\t\t\t\t<div class=\"elementor-element elementor-element-8d731f8 elementor-widget elementor-widget-text-editor\" data-id=\"8d731f8\" data-element_type=\"widget\" data-widget_type=\"text-editor.default\">\n\t\t\t\t<div class=\"elementor-widget-container\">\n\t\t\t\t\t\t\t<p>Syst\u00e9m pro anal\u00fdzu cloudov\u00fdch prost\u0159ed\u00ed disponuje mo\u017enost\u00ed konfigurace upozorn\u011bn\u00ed spr\u00e1vc\u016f p\u0159es e-mailovou zpr\u00e1vu. Ke ka\u017ed\u00e9mu typu v\u00fdstrahy lze p\u0159i\u0159adit p\u0159\u00edslu\u0161n\u00fd n\u00e1zev zpr\u00e1vy, co\u017e technikovi usnadn\u00ed identifikaci probl\u00e9mu nebo potencion\u00e1ln\u011b nebezpe\u010dn\u00e9 ud\u00e1losti. Z\u00edsk\u00e1me t\u00edm spu\u0161t\u011bn\u00ed poplachu v re\u00e1ln\u00e9m \u010dase, co\u017e je cenn\u00e1 sou\u010d\u00e1st pr\u00e1ce ka\u017ed\u00e9ho spr\u00e1vce.\u00a0<\/p>\t\t\t\t\t\t<\/div>\n\t\t\t\t<\/div>\n\t\t\t\t\t<\/div>\n\t\t<\/div>\n\t\t\t\t\t<\/div>\n\t\t<\/section>\n\t\t\t\t\t<\/div>\n\t\t<\/div>\n\t\t\t\t\t<\/div>\n\t\t<\/section>\n\t\t\t\t<\/div>\n\t\t","protected":false},"excerpt":{"rendered":"<p>FUNKCE Rychl\u00fd n\u00e1hled v\u0161ech dat Cloud Security Plus disponuje mo\u017enost\u00ed prezentovat \u00fadaje ukazuj\u00edc\u00ed aktu\u00e1ln\u00ed stav prost\u0159ed\u00ed po p\u0159ihl\u00e1\u0161en\u00ed do aplikace. Rozhran\u00ed umo\u017e\u0148uje v\u00fdb\u011br p\u0159\u00edslu\u0161n\u00e9ho cloudov\u00e9ho \u0159e\u0161en\u00ed, stejn\u011b jako volbu \u010dasov\u00e9ho obdob\u00ed, kter\u00e9 si chceme ov\u011b\u0159it. Dashboardy tak\u00e9 umo\u017e\u0148uj\u00ed p\u0159\u00edm\u00fd p\u0159echod k p\u0159\u00edslu\u0161n\u00e9mu reportu pomoc\u00ed jednoduch\u00e9ho kliknut\u00ed. Centr\u00e1ln\u00ed spr\u00e1va ve\u0159ejn\u00fdch cloud\u016f Syst\u00e9m sb\u00edr\u00e1 informace ze spousty [&hellip;]<\/p>\n","protected":false},"author":20,"featured_media":0,"parent":67099,"menu_order":10,"comment_status":"closed","ping_status":"closed","template":"page-templates\/single-product.php","meta":{"content-type":"","om_disable_all_campaigns":false,"inline_featured_image":false,"_monsterinsights_skip_tracking":false,"_monsterinsights_sitenote_active":false,"_monsterinsights_sitenote_note":"","_monsterinsights_sitenote_category":0,"_links_to":"","_links_to_target":""},"acf":[],"aioseo_notices":[],"yoast_head":"<!-- This site is optimized with the Yoast SEO plugin v20.6 - https:\/\/yoast.com\/wordpress\/plugins\/seo\/ -->\n<title>Cloud Security Plus | MWT Solutions<\/title>\n<meta name=\"description\" content=\"Cloud Security Plus umo\u017e\u0148uje anal\u00fdzu log\u016f z platforem, jako jsou AWS, Google Cloud a Salesforce. N\u00e1stroj umo\u017e\u0148uje centr\u00e1ln\u00ed spr\u00e1vu log\u016f.\" \/>\n<meta name=\"robots\" content=\"index, follow, max-snippet:-1, max-image-preview:large, max-video-preview:-1\" \/>\n<link rel=\"canonical\" href=\"https:\/\/i.mwtsolutions.eu\/cs\/produkty\/security-it\/cloud-security-plus\/\" \/>\n<meta property=\"og:locale\" content=\"cs_CZ\" \/>\n<meta property=\"og:type\" content=\"article\" \/>\n<meta property=\"og:title\" content=\"Cloud Security Plus | MWT Solutions\" \/>\n<meta property=\"og:description\" content=\"Cloud Security Plus umo\u017e\u0148uje anal\u00fdzu log\u016f z platforem, jako jsou AWS, Google Cloud a Salesforce. N\u00e1stroj umo\u017e\u0148uje centr\u00e1ln\u00ed spr\u00e1vu log\u016f.\" \/>\n<meta property=\"og:url\" content=\"https:\/\/i.mwtsolutions.eu\/cs\/produkty\/security-it\/cloud-security-plus\/\" \/>\n<meta property=\"og:site_name\" content=\"MWT Solutions\" \/>\n<meta property=\"article:modified_time\" content=\"2021-07-16T15:49:32+00:00\" \/>\n<meta property=\"og:image\" content=\"https:\/\/i.mwtsolutions.eu\/wp-content\/uploads\/2020\/07\/Audyt-i-raporty-1024x517.png\" \/>\n<meta name=\"twitter:card\" content=\"summary_large_image\" \/>\n<meta name=\"twitter:label1\" content=\"Odhadovan\u00e1 doba \u010dten\u00ed\" \/>\n\t<meta name=\"twitter:data1\" content=\"2 minuty\" \/>\n<script type=\"application\/ld+json\" class=\"yoast-schema-graph\">{\"@context\":\"https:\/\/schema.org\",\"@graph\":[{\"@type\":\"WebPage\",\"@id\":\"https:\/\/i.mwtsolutions.eu\/cs\/produkty\/security-it\/cloud-security-plus\/\",\"url\":\"https:\/\/i.mwtsolutions.eu\/cs\/produkty\/security-it\/cloud-security-plus\/\",\"name\":\"Cloud Security Plus | MWT Solutions\",\"isPartOf\":{\"@id\":\"https:\/\/i.mwtsolutions.eu\/#website\"},\"datePublished\":\"2020-04-30T12:16:44+00:00\",\"dateModified\":\"2021-07-16T15:49:32+00:00\",\"description\":\"Cloud Security Plus umo\u017e\u0148uje anal\u00fdzu log\u016f z platforem, jako jsou AWS, Google Cloud a Salesforce. N\u00e1stroj umo\u017e\u0148uje centr\u00e1ln\u00ed spr\u00e1vu log\u016f.\",\"breadcrumb\":{\"@id\":\"https:\/\/i.mwtsolutions.eu\/cs\/produkty\/security-it\/cloud-security-plus\/#breadcrumb\"},\"inLanguage\":\"cs\",\"potentialAction\":[{\"@type\":\"ReadAction\",\"target\":[\"https:\/\/i.mwtsolutions.eu\/cs\/produkty\/security-it\/cloud-security-plus\/\"]}]},{\"@type\":\"BreadcrumbList\",\"@id\":\"https:\/\/i.mwtsolutions.eu\/cs\/produkty\/security-it\/cloud-security-plus\/#breadcrumb\",\"itemListElement\":[{\"@type\":\"ListItem\",\"position\":1,\"name\":\"Home\",\"item\":\"https:\/\/i.mwtsolutions.eu\/cs\/\"},{\"@type\":\"ListItem\",\"position\":2,\"name\":\"Produkty\",\"item\":\"https:\/\/i.mwtsolutions.eu\/cs\/produkty\/\"},{\"@type\":\"ListItem\",\"position\":3,\"name\":\"Security IT\",\"item\":\"https:\/\/i.mwtsolutions.eu\/cs\/produkty\/security-it\/\"},{\"@type\":\"ListItem\",\"position\":4,\"name\":\"Cloud Security Plus\"}]},{\"@type\":\"WebSite\",\"@id\":\"https:\/\/i.mwtsolutions.eu\/#website\",\"url\":\"https:\/\/i.mwtsolutions.eu\/\",\"name\":\"MWT Solutions\",\"description\":\"Kolejna witryna oparta na WordPressie\",\"publisher\":{\"@id\":\"https:\/\/i.mwtsolutions.eu\/#organization\"},\"potentialAction\":[{\"@type\":\"SearchAction\",\"target\":{\"@type\":\"EntryPoint\",\"urlTemplate\":\"https:\/\/i.mwtsolutions.eu\/?s={search_term_string}\"},\"query-input\":\"required name=search_term_string\"}],\"inLanguage\":\"cs\"},{\"@type\":\"Organization\",\"@id\":\"https:\/\/i.mwtsolutions.eu\/#organization\",\"name\":\"MWT Solutions\",\"url\":\"https:\/\/i.mwtsolutions.eu\/\",\"logo\":{\"@type\":\"ImageObject\",\"inLanguage\":\"cs\",\"@id\":\"https:\/\/i.mwtsolutions.eu\/#\/schema\/logo\/image\/\",\"url\":\"https:\/\/i.mwtsolutions.eu\/wp-content\/uploads\/2025\/05\/logo_MWT_rgb-color-1.png\",\"contentUrl\":\"https:\/\/i.mwtsolutions.eu\/wp-content\/uploads\/2025\/05\/logo_MWT_rgb-color-1.png\",\"width\":2825,\"height\":850,\"caption\":\"MWT Solutions\"},\"image\":{\"@id\":\"https:\/\/i.mwtsolutions.eu\/#\/schema\/logo\/image\/\"},\"sameAs\":[\"https:\/\/pl.linkedin.com\/company\/mwt-solutions\"]}]}<\/script>\n<!-- \/ Yoast SEO plugin. -->","yoast_head_json":{"title":"Cloud Security Plus | MWT Solutions","description":"Cloud Security Plus umo\u017e\u0148uje anal\u00fdzu log\u016f z platforem, jako jsou AWS, Google Cloud a Salesforce. N\u00e1stroj umo\u017e\u0148uje centr\u00e1ln\u00ed spr\u00e1vu log\u016f.","robots":{"index":"index","follow":"follow","max-snippet":"max-snippet:-1","max-image-preview":"max-image-preview:large","max-video-preview":"max-video-preview:-1"},"canonical":"https:\/\/i.mwtsolutions.eu\/cs\/produkty\/security-it\/cloud-security-plus\/","og_locale":"cs_CZ","og_type":"article","og_title":"Cloud Security Plus | MWT Solutions","og_description":"Cloud Security Plus umo\u017e\u0148uje anal\u00fdzu log\u016f z platforem, jako jsou AWS, Google Cloud a Salesforce. N\u00e1stroj umo\u017e\u0148uje centr\u00e1ln\u00ed spr\u00e1vu log\u016f.","og_url":"https:\/\/i.mwtsolutions.eu\/cs\/produkty\/security-it\/cloud-security-plus\/","og_site_name":"MWT Solutions","article_modified_time":"2021-07-16T15:49:32+00:00","og_image":[{"url":"https:\/\/i.mwtsolutions.eu\/wp-content\/uploads\/2020\/07\/Audyt-i-raporty-1024x517.png"}],"twitter_card":"summary_large_image","twitter_misc":{"Odhadovan\u00e1 doba \u010dten\u00ed":"2 minuty"},"schema":{"@context":"https:\/\/schema.org","@graph":[{"@type":"WebPage","@id":"https:\/\/i.mwtsolutions.eu\/cs\/produkty\/security-it\/cloud-security-plus\/","url":"https:\/\/i.mwtsolutions.eu\/cs\/produkty\/security-it\/cloud-security-plus\/","name":"Cloud Security Plus | MWT Solutions","isPartOf":{"@id":"https:\/\/i.mwtsolutions.eu\/#website"},"datePublished":"2020-04-30T12:16:44+00:00","dateModified":"2021-07-16T15:49:32+00:00","description":"Cloud Security Plus umo\u017e\u0148uje anal\u00fdzu log\u016f z platforem, jako jsou AWS, Google Cloud a Salesforce. N\u00e1stroj umo\u017e\u0148uje centr\u00e1ln\u00ed spr\u00e1vu log\u016f.","breadcrumb":{"@id":"https:\/\/i.mwtsolutions.eu\/cs\/produkty\/security-it\/cloud-security-plus\/#breadcrumb"},"inLanguage":"cs","potentialAction":[{"@type":"ReadAction","target":["https:\/\/i.mwtsolutions.eu\/cs\/produkty\/security-it\/cloud-security-plus\/"]}]},{"@type":"BreadcrumbList","@id":"https:\/\/i.mwtsolutions.eu\/cs\/produkty\/security-it\/cloud-security-plus\/#breadcrumb","itemListElement":[{"@type":"ListItem","position":1,"name":"Home","item":"https:\/\/i.mwtsolutions.eu\/cs\/"},{"@type":"ListItem","position":2,"name":"Produkty","item":"https:\/\/i.mwtsolutions.eu\/cs\/produkty\/"},{"@type":"ListItem","position":3,"name":"Security IT","item":"https:\/\/i.mwtsolutions.eu\/cs\/produkty\/security-it\/"},{"@type":"ListItem","position":4,"name":"Cloud Security Plus"}]},{"@type":"WebSite","@id":"https:\/\/i.mwtsolutions.eu\/#website","url":"https:\/\/i.mwtsolutions.eu\/","name":"MWT Solutions","description":"Kolejna witryna oparta na WordPressie","publisher":{"@id":"https:\/\/i.mwtsolutions.eu\/#organization"},"potentialAction":[{"@type":"SearchAction","target":{"@type":"EntryPoint","urlTemplate":"https:\/\/i.mwtsolutions.eu\/?s={search_term_string}"},"query-input":"required name=search_term_string"}],"inLanguage":"cs"},{"@type":"Organization","@id":"https:\/\/i.mwtsolutions.eu\/#organization","name":"MWT Solutions","url":"https:\/\/i.mwtsolutions.eu\/","logo":{"@type":"ImageObject","inLanguage":"cs","@id":"https:\/\/i.mwtsolutions.eu\/#\/schema\/logo\/image\/","url":"https:\/\/i.mwtsolutions.eu\/wp-content\/uploads\/2025\/05\/logo_MWT_rgb-color-1.png","contentUrl":"https:\/\/i.mwtsolutions.eu\/wp-content\/uploads\/2025\/05\/logo_MWT_rgb-color-1.png","width":2825,"height":850,"caption":"MWT Solutions"},"image":{"@id":"https:\/\/i.mwtsolutions.eu\/#\/schema\/logo\/image\/"},"sameAs":["https:\/\/pl.linkedin.com\/company\/mwt-solutions"]}]}},"_links":{"self":[{"href":"https:\/\/i.mwtsolutions.eu\/cs\/wp-json\/wp\/v2\/pages\/68834"}],"collection":[{"href":"https:\/\/i.mwtsolutions.eu\/cs\/wp-json\/wp\/v2\/pages"}],"about":[{"href":"https:\/\/i.mwtsolutions.eu\/cs\/wp-json\/wp\/v2\/types\/page"}],"author":[{"embeddable":true,"href":"https:\/\/i.mwtsolutions.eu\/cs\/wp-json\/wp\/v2\/users\/20"}],"replies":[{"embeddable":true,"href":"https:\/\/i.mwtsolutions.eu\/cs\/wp-json\/wp\/v2\/comments?post=68834"}],"version-history":[{"count":10,"href":"https:\/\/i.mwtsolutions.eu\/cs\/wp-json\/wp\/v2\/pages\/68834\/revisions"}],"predecessor-version":[{"id":75568,"href":"https:\/\/i.mwtsolutions.eu\/cs\/wp-json\/wp\/v2\/pages\/68834\/revisions\/75568"}],"up":[{"embeddable":true,"href":"https:\/\/i.mwtsolutions.eu\/cs\/wp-json\/wp\/v2\/pages\/67099"}],"wp:attachment":[{"href":"https:\/\/i.mwtsolutions.eu\/cs\/wp-json\/wp\/v2\/media?parent=68834"}],"curies":[{"name":"wp","href":"https:\/\/api.w.org\/{rel}","templated":true}]}}