{"id":68863,"date":"2020-04-30T14:16:53","date_gmt":"2020-04-30T12:16:53","guid":{"rendered":"https:\/\/mwtsolutions.eu\/produkty\/security-it\/zarzadzanie-srodowiskiem-it-log360\/"},"modified":"2025-08-13T15:32:59","modified_gmt":"2025-08-13T13:32:59","slug":"log360","status":"publish","type":"page","link":"https:\/\/i.mwtsolutions.eu\/cs\/produkty\/security-it\/log360\/","title":{"rendered":"LOG360"},"content":{"rendered":"\t\t<div data-elementor-type=\"wp-page\" data-elementor-id=\"68863\" class=\"elementor elementor-68863 elementor-516\" data-elementor-post-type=\"page\">\n\t\t\t\t\t\t<section class=\"elementor-section elementor-top-section elementor-element elementor-element-ef059e2 elementor-section-boxed elementor-section-height-default elementor-section-height-default force-full-width-no\" data-id=\"ef059e2\" data-element_type=\"section\">\n\t\t\t\t\t\t<div class=\"elementor-container elementor-column-gap-default\">\n\t\t\t\t\t<div class=\"elementor-column elementor-col-100 elementor-top-column elementor-element elementor-element-75b7e2f\" data-id=\"75b7e2f\" data-element_type=\"column\">\n\t\t\t<div class=\"elementor-widget-wrap elementor-element-populated\">\n\t\t\t\t\t\t<div class=\"elementor-element elementor-element-1792b1f elementor-widget elementor-widget-heading\" data-id=\"1792b1f\" data-element_type=\"widget\" data-widget_type=\"heading.default\">\n\t\t\t\t<div class=\"elementor-widget-container\">\n\t\t\t<h2 class=\"elementor-heading-title elementor-size-default\">FUNKCE<\/h2>\t\t<\/div>\n\t\t\t\t<\/div>\n\t\t\t\t<section class=\"elementor-section elementor-inner-section elementor-element elementor-element-347f375 elementor-section-boxed elementor-section-height-default elementor-section-height-default force-full-width-no\" data-id=\"347f375\" data-element_type=\"section\">\n\t\t\t\t\t\t<div class=\"elementor-container elementor-column-gap-default\">\n\t\t\t\t\t<div class=\"elementor-column elementor-col-50 elementor-inner-column elementor-element elementor-element-00c1808\" data-id=\"00c1808\" data-element_type=\"column\">\n\t\t\t<div class=\"elementor-widget-wrap elementor-element-populated\">\n\t\t\t\t\t\t<div class=\"elementor-element elementor-element-f7234b2 elementor-widget elementor-widget-heading\" data-id=\"f7234b2\" data-element_type=\"widget\" data-widget_type=\"heading.default\">\n\t\t\t\t<div class=\"elementor-widget-container\">\n\t\t\t<h3 class=\"elementor-heading-title elementor-size-default\">Mo\u017enost auditov\u00e1n\u00ed ud\u00e1lost\u00ed Windows, Linux, Exchange, Office365 a Active Directory<\/h3>\t\t<\/div>\n\t\t\t\t<\/div>\n\t\t\t\t<div class=\"elementor-element elementor-element-349fad4 elementor-widget elementor-widget-text-editor\" data-id=\"349fad4\" data-element_type=\"widget\" data-widget_type=\"text-editor.default\">\n\t\t\t\t<div class=\"elementor-widget-container\">\n\t\t\t\t\t\t\t<p>Syst\u00e9m umo\u017e\u0148uje monitorov\u00e1n\u00ed mnoha syst\u00e9m\u016f na z\u00e1klad\u011b do n\u011bj dodan\u00fdch log\u016f. V\u0161echna data jsou analyzov\u00e1na v re\u00e1ln\u00e9m \u010dase. S jejich vyu\u017eit\u00edm syst\u00e9m umo\u017e\u0148uje tvo\u0159it v\u00fdstrahy a profily spu\u0161t\u011bn\u00ed poplachu spole\u010dn\u011b s mo\u017enost\u00ed emailov\u00e9ho nebo SMS upozorn\u011bn\u00ed. V p\u0159\u00edpad\u011b v\u00fdskytu necht\u011bn\u00e9 ud\u00e1losti dok\u00e1\u017ee LOG360 spustit p\u0159edem nakonfigurovan\u00fd skript, aby zabr\u00e1nil \u0161kod\u00e1m p\u0159i neautorizovan\u00e9mu p\u0159\u00edstup do prost\u0159ed\u00ed.<\/p>\t\t\t\t\t\t<\/div>\n\t\t\t\t<\/div>\n\t\t\t\t\t<\/div>\n\t\t<\/div>\n\t\t\t\t<div class=\"elementor-column elementor-col-50 elementor-inner-column elementor-element elementor-element-bd7e8af\" data-id=\"bd7e8af\" data-element_type=\"column\">\n\t\t\t<div class=\"elementor-widget-wrap elementor-element-populated\">\n\t\t\t\t\t\t<div class=\"elementor-element elementor-element-ac8a92b monitor-right elementor-widget elementor-widget-image\" data-id=\"ac8a92b\" data-element_type=\"widget\" data-widget_type=\"image.default\">\n\t\t\t\t<div class=\"elementor-widget-container\">\n\t\t\t\t\t\t\t\t\t\t\t\t\t<img fetchpriority=\"high\" width=\"1917\" height=\"961\" src=\"https:\/\/i.mwtsolutions.eu\/wp-content\/uploads\/2020\/07\/Audyt.png\" class=\"attachment-full size-full wp-image-67906\" alt=\"\" srcset=\"https:\/\/i.mwtsolutions.eu\/wp-content\/uploads\/2020\/07\/Audyt.png 1917w, https:\/\/i.mwtsolutions.eu\/wp-content\/uploads\/2020\/07\/Audyt-300x150.png 300w, https:\/\/i.mwtsolutions.eu\/wp-content\/uploads\/2020\/07\/Audyt-1024x513.png 1024w, https:\/\/i.mwtsolutions.eu\/wp-content\/uploads\/2020\/07\/Audyt-768x385.png 768w, https:\/\/i.mwtsolutions.eu\/wp-content\/uploads\/2020\/07\/Audyt-1536x770.png 1536w\" sizes=\"(max-width: 1917px) 100vw, 1917px\" \/>\t\t\t\t\t\t\t\t\t\t\t\t\t<\/div>\n\t\t\t\t<\/div>\n\t\t\t\t\t<\/div>\n\t\t<\/div>\n\t\t\t\t\t<\/div>\n\t\t<\/section>\n\t\t\t\t<section class=\"elementor-section elementor-inner-section elementor-element elementor-element-ca4452a elementor-reverse-mobile elementor-section-boxed elementor-section-height-default elementor-section-height-default force-full-width-no\" data-id=\"ca4452a\" data-element_type=\"section\">\n\t\t\t\t\t\t<div class=\"elementor-container elementor-column-gap-default\">\n\t\t\t\t\t<div class=\"elementor-column elementor-col-50 elementor-inner-column elementor-element elementor-element-d8a6006\" data-id=\"d8a6006\" data-element_type=\"column\">\n\t\t\t<div class=\"elementor-widget-wrap elementor-element-populated\">\n\t\t\t\t\t\t<div class=\"elementor-element elementor-element-a74ee87 monitor-left elementor-widget elementor-widget-image\" data-id=\"a74ee87\" data-element_type=\"widget\" data-widget_type=\"image.default\">\n\t\t\t\t<div class=\"elementor-widget-container\">\n\t\t\t\t\t\t\t\t\t\t\t\t\t<img width=\"1906\" height=\"845\" src=\"https:\/\/i.mwtsolutions.eu\/wp-content\/uploads\/2020\/07\/Automatyzacje.png\" class=\"attachment-full size-full wp-image-67912\" alt=\"\" srcset=\"https:\/\/i.mwtsolutions.eu\/wp-content\/uploads\/2020\/07\/Automatyzacje.png 1906w, https:\/\/i.mwtsolutions.eu\/wp-content\/uploads\/2020\/07\/Automatyzacje-300x133.png 300w, https:\/\/i.mwtsolutions.eu\/wp-content\/uploads\/2020\/07\/Automatyzacje-1024x454.png 1024w, https:\/\/i.mwtsolutions.eu\/wp-content\/uploads\/2020\/07\/Automatyzacje-768x340.png 768w, https:\/\/i.mwtsolutions.eu\/wp-content\/uploads\/2020\/07\/Automatyzacje-1536x681.png 1536w\" sizes=\"(max-width: 1906px) 100vw, 1906px\" \/>\t\t\t\t\t\t\t\t\t\t\t\t\t<\/div>\n\t\t\t\t<\/div>\n\t\t\t\t\t<\/div>\n\t\t<\/div>\n\t\t\t\t<div class=\"elementor-column elementor-col-50 elementor-inner-column elementor-element elementor-element-b69d996\" data-id=\"b69d996\" data-element_type=\"column\">\n\t\t\t<div class=\"elementor-widget-wrap elementor-element-populated\">\n\t\t\t\t\t\t<div class=\"elementor-element elementor-element-16e824f elementor-widget elementor-widget-heading\" data-id=\"16e824f\" data-element_type=\"widget\" data-widget_type=\"heading.default\">\n\t\t\t\t<div class=\"elementor-widget-container\">\n\t\t\t<h3 class=\"elementor-heading-title elementor-size-default\">Zabudovan\u00e1 funkce automatizace akce spr\u00e1vc\u016f<\/h3>\t\t<\/div>\n\t\t\t\t<\/div>\n\t\t\t\t<div class=\"elementor-element elementor-element-8eb3125 elementor-widget elementor-widget-text-editor\" data-id=\"8eb3125\" data-element_type=\"widget\" data-widget_type=\"text-editor.default\">\n\t\t\t\t<div class=\"elementor-widget-container\">\n\t\t\t\t\t\t\t<p>Tato funkce umo\u017e\u0148uje automatizaci monot\u00f3nn\u00edch \u00fakol\u016f a konfiguraci po sob\u011b \u00a0jdouc\u00edch akc\u00ed, co\u017e spr\u00e1vc\u016fm \u0161et\u0159\u00ed \u010das. Automatizace umo\u017e\u0148uj\u00ed cyklick\u00e9 prov\u00e1d\u011bn\u00ed akc\u00ed, jako je reset hesla na z\u00e1klad\u011b nakonfigurovan\u00e9ho reportu, n\u00e1sledn\u011b zablokov\u00e1n\u00ed u\u017eivatele nebo jeho odstran\u011bn\u00ed v p\u0159\u00edpad\u011b dlouhodob\u00e9 neaktivity.<\/p>\t\t\t\t\t\t<\/div>\n\t\t\t\t<\/div>\n\t\t\t\t\t<\/div>\n\t\t<\/div>\n\t\t\t\t\t<\/div>\n\t\t<\/section>\n\t\t\t\t<section class=\"elementor-section elementor-inner-section elementor-element elementor-element-c8ed0ca elementor-section-boxed elementor-section-height-default elementor-section-height-default force-full-width-no\" data-id=\"c8ed0ca\" data-element_type=\"section\">\n\t\t\t\t\t\t<div class=\"elementor-container elementor-column-gap-default\">\n\t\t\t\t\t<div class=\"elementor-column elementor-col-50 elementor-inner-column elementor-element elementor-element-babd6df\" data-id=\"babd6df\" data-element_type=\"column\">\n\t\t\t<div class=\"elementor-widget-wrap elementor-element-populated\">\n\t\t\t\t\t\t<div class=\"elementor-element elementor-element-4a53c47 elementor-widget elementor-widget-heading\" data-id=\"4a53c47\" data-element_type=\"widget\" data-widget_type=\"heading.default\">\n\t\t\t\t<div class=\"elementor-widget-container\">\n\t\t\t<h3 class=\"elementor-heading-title elementor-size-default\">Mo\u017enost delegov\u00e1n\u00ed opr\u00e1vn\u011bn\u00ed<\/h3>\t\t<\/div>\n\t\t\t\t<\/div>\n\t\t\t\t<div class=\"elementor-element elementor-element-dd559e5 elementor-widget elementor-widget-text-editor\" data-id=\"dd559e5\" data-element_type=\"widget\" data-widget_type=\"text-editor.default\">\n\t\t\t\t<div class=\"elementor-widget-container\">\n\t\t\t\t\t\t\t<p>Jde o p\u0159id\u011blen\u00ed \u010d\u00e1sti mo\u017enost\u00ed\/opr\u00e1vn\u011bn\u00ed spr\u00e1vce technik\u016fm, jako nap\u0159\u00edklad spr\u00e1vu u\u017eivatel\u016f nebo p\u0159\u00edstup k report\u016fm instanc\u00ed.<\/p>\t\t\t\t\t\t<\/div>\n\t\t\t\t<\/div>\n\t\t\t\t\t<\/div>\n\t\t<\/div>\n\t\t\t\t<div class=\"elementor-column elementor-col-50 elementor-inner-column elementor-element elementor-element-9414160\" data-id=\"9414160\" data-element_type=\"column\">\n\t\t\t<div class=\"elementor-widget-wrap elementor-element-populated\">\n\t\t\t\t\t\t<div class=\"elementor-element elementor-element-1cc68f6 monitor-center elementor-widget elementor-widget-image\" data-id=\"1cc68f6\" data-element_type=\"widget\" data-widget_type=\"image.default\">\n\t\t\t\t<div class=\"elementor-widget-container\">\n\t\t\t\t\t\t\t\t\t\t\t\t\t<img width=\"1902\" height=\"966\" src=\"https:\/\/i.mwtsolutions.eu\/wp-content\/uploads\/2020\/07\/Delegacje.png\" class=\"attachment-full size-full wp-image-67910\" alt=\"\" srcset=\"https:\/\/i.mwtsolutions.eu\/wp-content\/uploads\/2020\/07\/Delegacje.png 1902w, https:\/\/i.mwtsolutions.eu\/wp-content\/uploads\/2020\/07\/Delegacje-300x152.png 300w, https:\/\/i.mwtsolutions.eu\/wp-content\/uploads\/2020\/07\/Delegacje-1024x520.png 1024w, https:\/\/i.mwtsolutions.eu\/wp-content\/uploads\/2020\/07\/Delegacje-768x390.png 768w, https:\/\/i.mwtsolutions.eu\/wp-content\/uploads\/2020\/07\/Delegacje-1536x780.png 1536w\" sizes=\"(max-width: 1902px) 100vw, 1902px\" \/>\t\t\t\t\t\t\t\t\t\t\t\t\t<\/div>\n\t\t\t\t<\/div>\n\t\t\t\t\t<\/div>\n\t\t<\/div>\n\t\t\t\t\t<\/div>\n\t\t<\/section>\n\t\t\t\t<section class=\"elementor-section elementor-inner-section elementor-element elementor-element-605d696 elementor-reverse-mobile elementor-section-boxed elementor-section-height-default elementor-section-height-default force-full-width-no\" data-id=\"605d696\" data-element_type=\"section\">\n\t\t\t\t\t\t<div class=\"elementor-container elementor-column-gap-default\">\n\t\t\t\t\t<div class=\"elementor-column elementor-col-50 elementor-inner-column elementor-element elementor-element-88cfa15\" data-id=\"88cfa15\" data-element_type=\"column\">\n\t\t\t<div class=\"elementor-widget-wrap elementor-element-populated\">\n\t\t\t\t\t\t<div class=\"elementor-element elementor-element-3f77b7b monitor-left elementor-widget elementor-widget-image\" data-id=\"3f77b7b\" data-element_type=\"widget\" data-widget_type=\"image.default\">\n\t\t\t\t<div class=\"elementor-widget-container\">\n\t\t\t\t\t\t\t\t\t\t\t\t\t<img loading=\"lazy\" width=\"1442\" height=\"965\" src=\"https:\/\/i.mwtsolutions.eu\/wp-content\/uploads\/2020\/07\/Alertowanie.png\" class=\"attachment-full size-full wp-image-67904\" alt=\"\" srcset=\"https:\/\/i.mwtsolutions.eu\/wp-content\/uploads\/2020\/07\/Alertowanie.png 1442w, https:\/\/i.mwtsolutions.eu\/wp-content\/uploads\/2020\/07\/Alertowanie-300x201.png 300w, https:\/\/i.mwtsolutions.eu\/wp-content\/uploads\/2020\/07\/Alertowanie-1024x685.png 1024w, https:\/\/i.mwtsolutions.eu\/wp-content\/uploads\/2020\/07\/Alertowanie-768x514.png 768w\" sizes=\"(max-width: 1442px) 100vw, 1442px\" \/>\t\t\t\t\t\t\t\t\t\t\t\t\t<\/div>\n\t\t\t\t<\/div>\n\t\t\t\t\t<\/div>\n\t\t<\/div>\n\t\t\t\t<div class=\"elementor-column elementor-col-50 elementor-inner-column elementor-element elementor-element-775a4b9\" data-id=\"775a4b9\" data-element_type=\"column\">\n\t\t\t<div class=\"elementor-widget-wrap elementor-element-populated\">\n\t\t\t\t\t\t<div class=\"elementor-element elementor-element-84bf9f8 elementor-widget elementor-widget-heading\" data-id=\"84bf9f8\" data-element_type=\"widget\" data-widget_type=\"heading.default\">\n\t\t\t\t<div class=\"elementor-widget-container\">\n\t\t\t<h3 class=\"elementor-heading-title elementor-size-default\">Mo\u017enost spu\u0161t\u011bn\u00ed poplachu v re\u00e1ln\u00e9m \u010dase<\/h3>\t\t<\/div>\n\t\t\t\t<\/div>\n\t\t\t\t<div class=\"elementor-element elementor-element-09b06df elementor-widget elementor-widget-text-editor\" data-id=\"09b06df\" data-element_type=\"widget\" data-widget_type=\"text-editor.default\">\n\t\t\t\t<div class=\"elementor-widget-container\">\n\t\t\t\t\t\t\t<p>Komplexn\u00ed audit a spr\u00e1va prost\u0159ed\u00ed LOG360 je vybaven mo\u017enost\u00ed konfigurace upozorn\u011bn\u00ed spr\u00e1vc\u016f. Ke ka\u017ed\u00e9 ud\u00e1losti zaznamenan\u00e9 syst\u00e9mem lze p\u0159\u00edslu\u0161n\u011b definovat obsah zpr\u00e1vy, kterou spr\u00e1vce obdr\u017e\u00ed. V p\u0159\u00edpad\u011b velk\u00e9ho mno\u017estv\u00ed upozorn\u011bn\u00ed syst\u00e9m umo\u017e\u0148uje vytvo\u0159en\u00ed \u010dasov\u00e9ho intervalu, b\u011bhem n\u011bj\u017e m\u016f\u017ee b\u00fdt odesl\u00e1na jen jedna zpr\u00e1va\/upozorn\u011bn\u00ed.<\/p>\t\t\t\t\t\t<\/div>\n\t\t\t\t<\/div>\n\t\t\t\t\t<\/div>\n\t\t<\/div>\n\t\t\t\t\t<\/div>\n\t\t<\/section>\n\t\t\t\t<section class=\"elementor-section elementor-inner-section elementor-element elementor-element-e0a562d elementor-section-boxed elementor-section-height-default elementor-section-height-default force-full-width-no\" data-id=\"e0a562d\" data-element_type=\"section\">\n\t\t\t\t\t\t<div class=\"elementor-container elementor-column-gap-default\">\n\t\t\t\t\t<div class=\"elementor-column elementor-col-50 elementor-inner-column elementor-element elementor-element-ae4be68\" data-id=\"ae4be68\" data-element_type=\"column\">\n\t\t\t<div class=\"elementor-widget-wrap elementor-element-populated\">\n\t\t\t\t\t\t<div class=\"elementor-element elementor-element-18d6d6a elementor-widget elementor-widget-heading\" data-id=\"18d6d6a\" data-element_type=\"widget\" data-widget_type=\"heading.default\">\n\t\t\t\t<div class=\"elementor-widget-container\">\n\t\t\t<h3 class=\"elementor-heading-title elementor-size-default\">Funkce monitorov\u00e1n\u00ed stavu prost\u0159ed\u00ed Exchange<\/h3>\t\t<\/div>\n\t\t\t\t<\/div>\n\t\t\t\t<div class=\"elementor-element elementor-element-7b80c39 elementor-widget elementor-widget-text-editor\" data-id=\"7b80c39\" data-element_type=\"widget\" data-widget_type=\"text-editor.default\">\n\t\t\t\t<div class=\"elementor-widget-container\">\n\t\t\t\t\t\t\t<p>Komplexn\u00ed audit a spr\u00e1va prost\u0159ed\u00ed disponuje mo\u017enost\u00ed grafick\u00e9 prezentace aktivit prost\u0159ed\u00ed Exchange a monitorov\u00e1n\u00ed jeho zdravotn\u00edho stavu. Dashboard tak\u00e9 zobrazuje po\u0161tovn\u00ed schr\u00e1nky u\u017eivatel\u016f, kter\u00e9 zab\u00edraj\u00ed nejv\u00edce m\u00edsta, stejn\u011b jako zb\u00fdvaj\u00edc\u00ed m\u00edsto na serveru.<\/p>\t\t\t\t\t\t<\/div>\n\t\t\t\t<\/div>\n\t\t\t\t\t<\/div>\n\t\t<\/div>\n\t\t\t\t<div class=\"elementor-column elementor-col-50 elementor-inner-column elementor-element elementor-element-c686c14\" data-id=\"c686c14\" data-element_type=\"column\">\n\t\t\t<div class=\"elementor-widget-wrap elementor-element-populated\">\n\t\t\t\t\t\t<div class=\"elementor-element elementor-element-8a30559 monitor-right elementor-widget elementor-widget-image\" data-id=\"8a30559\" data-element_type=\"widget\" data-widget_type=\"image.default\">\n\t\t\t\t<div class=\"elementor-widget-container\">\n\t\t\t\t\t\t\t\t\t\t\t\t\t<img loading=\"lazy\" width=\"1894\" height=\"959\" src=\"https:\/\/i.mwtsolutions.eu\/wp-content\/uploads\/2020\/07\/Monitorowanie-zdrowia.png\" class=\"attachment-full size-full wp-image-67908\" alt=\"\" srcset=\"https:\/\/i.mwtsolutions.eu\/wp-content\/uploads\/2020\/07\/Monitorowanie-zdrowia.png 1894w, https:\/\/i.mwtsolutions.eu\/wp-content\/uploads\/2020\/07\/Monitorowanie-zdrowia-300x152.png 300w, https:\/\/i.mwtsolutions.eu\/wp-content\/uploads\/2020\/07\/Monitorowanie-zdrowia-1024x518.png 1024w, https:\/\/i.mwtsolutions.eu\/wp-content\/uploads\/2020\/07\/Monitorowanie-zdrowia-768x389.png 768w, https:\/\/i.mwtsolutions.eu\/wp-content\/uploads\/2020\/07\/Monitorowanie-zdrowia-1536x778.png 1536w\" sizes=\"(max-width: 1894px) 100vw, 1894px\" \/>\t\t\t\t\t\t\t\t\t\t\t\t\t<\/div>\n\t\t\t\t<\/div>\n\t\t\t\t\t<\/div>\n\t\t<\/div>\n\t\t\t\t\t<\/div>\n\t\t<\/section>\n\t\t\t\t\t<\/div>\n\t\t<\/div>\n\t\t\t\t\t<\/div>\n\t\t<\/section>\n\t\t\t\t<\/div>\n\t\t","protected":false},"excerpt":{"rendered":"<p>FUNKCE Mo\u017enost auditov\u00e1n\u00ed ud\u00e1lost\u00ed Windows, Linux, Exchange, Office365 a Active Directory Syst\u00e9m umo\u017e\u0148uje monitorov\u00e1n\u00ed mnoha syst\u00e9m\u016f na z\u00e1klad\u011b do n\u011bj dodan\u00fdch log\u016f. V\u0161echna data jsou analyzov\u00e1na v re\u00e1ln\u00e9m \u010dase. S jejich vyu\u017eit\u00edm syst\u00e9m umo\u017e\u0148uje tvo\u0159it v\u00fdstrahy a profily spu\u0161t\u011bn\u00ed poplachu spole\u010dn\u011b s mo\u017enost\u00ed emailov\u00e9ho nebo SMS upozorn\u011bn\u00ed. V p\u0159\u00edpad\u011b v\u00fdskytu necht\u011bn\u00e9 ud\u00e1losti dok\u00e1\u017ee LOG360 spustit [&hellip;]<\/p>\n","protected":false},"author":20,"featured_media":0,"parent":67099,"menu_order":10,"comment_status":"closed","ping_status":"closed","template":"page-templates\/single-product.php","meta":{"content-type":"","om_disable_all_campaigns":false,"inline_featured_image":false,"_monsterinsights_skip_tracking":false,"_monsterinsights_sitenote_active":false,"_monsterinsights_sitenote_note":"","_monsterinsights_sitenote_category":0,"_links_to":"","_links_to_target":""},"acf":[],"aioseo_notices":[],"yoast_head":"<!-- This site is optimized with the Yoast SEO plugin v20.6 - https:\/\/yoast.com\/wordpress\/plugins\/seo\/ -->\n<title>LOG360 | MWT Solutions<\/title>\n<meta name=\"description\" content=\"Umo\u017e\u0148uje audit server\u016f v cloudu, Microsoft 365, server\u016f Exchange, audit dom\u00e9ny a p\u0159ipojen\u00ed skener\u016f zranitelnost\u00ed a syst\u00e9m\u016f anal\u00fdzy hrozeb.\" \/>\n<meta name=\"robots\" content=\"index, follow, max-snippet:-1, max-image-preview:large, max-video-preview:-1\" \/>\n<link rel=\"canonical\" href=\"https:\/\/i.mwtsolutions.eu\/cs\/produkty\/security-it\/log360\/\" \/>\n<meta property=\"og:locale\" content=\"cs_CZ\" \/>\n<meta property=\"og:type\" content=\"article\" \/>\n<meta property=\"og:title\" content=\"LOG360 | MWT Solutions\" \/>\n<meta property=\"og:description\" content=\"Umo\u017e\u0148uje audit server\u016f v cloudu, Microsoft 365, server\u016f Exchange, audit dom\u00e9ny a p\u0159ipojen\u00ed skener\u016f zranitelnost\u00ed a syst\u00e9m\u016f anal\u00fdzy hrozeb.\" \/>\n<meta property=\"og:url\" content=\"https:\/\/i.mwtsolutions.eu\/cs\/produkty\/security-it\/log360\/\" \/>\n<meta property=\"og:site_name\" content=\"MWT Solutions\" \/>\n<meta property=\"article:modified_time\" content=\"2025-08-13T13:32:59+00:00\" \/>\n<meta property=\"og:image\" content=\"https:\/\/i.mwtsolutions.eu\/wp-content\/uploads\/2020\/07\/Audyt.png\" \/>\n<meta name=\"twitter:card\" content=\"summary_large_image\" \/>\n<meta name=\"twitter:label1\" content=\"Odhadovan\u00e1 doba \u010dten\u00ed\" \/>\n\t<meta name=\"twitter:data1\" content=\"3 minuty\" \/>\n<script type=\"application\/ld+json\" class=\"yoast-schema-graph\">{\"@context\":\"https:\/\/schema.org\",\"@graph\":[{\"@type\":\"WebPage\",\"@id\":\"https:\/\/i.mwtsolutions.eu\/cs\/produkty\/security-it\/log360\/\",\"url\":\"https:\/\/i.mwtsolutions.eu\/cs\/produkty\/security-it\/log360\/\",\"name\":\"LOG360 | MWT Solutions\",\"isPartOf\":{\"@id\":\"https:\/\/i.mwtsolutions.eu\/#website\"},\"datePublished\":\"2020-04-30T12:16:53+00:00\",\"dateModified\":\"2025-08-13T13:32:59+00:00\",\"description\":\"Umo\u017e\u0148uje audit server\u016f v cloudu, Microsoft 365, server\u016f Exchange, audit dom\u00e9ny a p\u0159ipojen\u00ed skener\u016f zranitelnost\u00ed a syst\u00e9m\u016f anal\u00fdzy hrozeb.\",\"breadcrumb\":{\"@id\":\"https:\/\/i.mwtsolutions.eu\/cs\/produkty\/security-it\/log360\/#breadcrumb\"},\"inLanguage\":\"cs\",\"potentialAction\":[{\"@type\":\"ReadAction\",\"target\":[\"https:\/\/i.mwtsolutions.eu\/cs\/produkty\/security-it\/log360\/\"]}]},{\"@type\":\"BreadcrumbList\",\"@id\":\"https:\/\/i.mwtsolutions.eu\/cs\/produkty\/security-it\/log360\/#breadcrumb\",\"itemListElement\":[{\"@type\":\"ListItem\",\"position\":1,\"name\":\"Home\",\"item\":\"https:\/\/i.mwtsolutions.eu\/cs\/\"},{\"@type\":\"ListItem\",\"position\":2,\"name\":\"Produkty\",\"item\":\"https:\/\/i.mwtsolutions.eu\/cs\/produkty\/\"},{\"@type\":\"ListItem\",\"position\":3,\"name\":\"Security IT\",\"item\":\"https:\/\/i.mwtsolutions.eu\/cs\/produkty\/security-it\/\"},{\"@type\":\"ListItem\",\"position\":4,\"name\":\"LOG360\"}]},{\"@type\":\"WebSite\",\"@id\":\"https:\/\/i.mwtsolutions.eu\/#website\",\"url\":\"https:\/\/i.mwtsolutions.eu\/\",\"name\":\"MWT Solutions\",\"description\":\"Kolejna witryna oparta na WordPressie\",\"publisher\":{\"@id\":\"https:\/\/i.mwtsolutions.eu\/#organization\"},\"potentialAction\":[{\"@type\":\"SearchAction\",\"target\":{\"@type\":\"EntryPoint\",\"urlTemplate\":\"https:\/\/i.mwtsolutions.eu\/?s={search_term_string}\"},\"query-input\":\"required name=search_term_string\"}],\"inLanguage\":\"cs\"},{\"@type\":\"Organization\",\"@id\":\"https:\/\/i.mwtsolutions.eu\/#organization\",\"name\":\"MWT Solutions\",\"url\":\"https:\/\/i.mwtsolutions.eu\/\",\"logo\":{\"@type\":\"ImageObject\",\"inLanguage\":\"cs\",\"@id\":\"https:\/\/i.mwtsolutions.eu\/#\/schema\/logo\/image\/\",\"url\":\"https:\/\/i.mwtsolutions.eu\/wp-content\/uploads\/2025\/05\/logo_MWT_rgb-color-1.png\",\"contentUrl\":\"https:\/\/i.mwtsolutions.eu\/wp-content\/uploads\/2025\/05\/logo_MWT_rgb-color-1.png\",\"width\":2825,\"height\":850,\"caption\":\"MWT Solutions\"},\"image\":{\"@id\":\"https:\/\/i.mwtsolutions.eu\/#\/schema\/logo\/image\/\"},\"sameAs\":[\"https:\/\/pl.linkedin.com\/company\/mwt-solutions\"]}]}<\/script>\n<!-- \/ Yoast SEO plugin. -->","yoast_head_json":{"title":"LOG360 | MWT Solutions","description":"Umo\u017e\u0148uje audit server\u016f v cloudu, Microsoft 365, server\u016f Exchange, audit dom\u00e9ny a p\u0159ipojen\u00ed skener\u016f zranitelnost\u00ed a syst\u00e9m\u016f anal\u00fdzy hrozeb.","robots":{"index":"index","follow":"follow","max-snippet":"max-snippet:-1","max-image-preview":"max-image-preview:large","max-video-preview":"max-video-preview:-1"},"canonical":"https:\/\/i.mwtsolutions.eu\/cs\/produkty\/security-it\/log360\/","og_locale":"cs_CZ","og_type":"article","og_title":"LOG360 | MWT Solutions","og_description":"Umo\u017e\u0148uje audit server\u016f v cloudu, Microsoft 365, server\u016f Exchange, audit dom\u00e9ny a p\u0159ipojen\u00ed skener\u016f zranitelnost\u00ed a syst\u00e9m\u016f anal\u00fdzy hrozeb.","og_url":"https:\/\/i.mwtsolutions.eu\/cs\/produkty\/security-it\/log360\/","og_site_name":"MWT Solutions","article_modified_time":"2025-08-13T13:32:59+00:00","og_image":[{"url":"https:\/\/i.mwtsolutions.eu\/wp-content\/uploads\/2020\/07\/Audyt.png"}],"twitter_card":"summary_large_image","twitter_misc":{"Odhadovan\u00e1 doba \u010dten\u00ed":"3 minuty"},"schema":{"@context":"https:\/\/schema.org","@graph":[{"@type":"WebPage","@id":"https:\/\/i.mwtsolutions.eu\/cs\/produkty\/security-it\/log360\/","url":"https:\/\/i.mwtsolutions.eu\/cs\/produkty\/security-it\/log360\/","name":"LOG360 | MWT Solutions","isPartOf":{"@id":"https:\/\/i.mwtsolutions.eu\/#website"},"datePublished":"2020-04-30T12:16:53+00:00","dateModified":"2025-08-13T13:32:59+00:00","description":"Umo\u017e\u0148uje audit server\u016f v cloudu, Microsoft 365, server\u016f Exchange, audit dom\u00e9ny a p\u0159ipojen\u00ed skener\u016f zranitelnost\u00ed a syst\u00e9m\u016f anal\u00fdzy hrozeb.","breadcrumb":{"@id":"https:\/\/i.mwtsolutions.eu\/cs\/produkty\/security-it\/log360\/#breadcrumb"},"inLanguage":"cs","potentialAction":[{"@type":"ReadAction","target":["https:\/\/i.mwtsolutions.eu\/cs\/produkty\/security-it\/log360\/"]}]},{"@type":"BreadcrumbList","@id":"https:\/\/i.mwtsolutions.eu\/cs\/produkty\/security-it\/log360\/#breadcrumb","itemListElement":[{"@type":"ListItem","position":1,"name":"Home","item":"https:\/\/i.mwtsolutions.eu\/cs\/"},{"@type":"ListItem","position":2,"name":"Produkty","item":"https:\/\/i.mwtsolutions.eu\/cs\/produkty\/"},{"@type":"ListItem","position":3,"name":"Security IT","item":"https:\/\/i.mwtsolutions.eu\/cs\/produkty\/security-it\/"},{"@type":"ListItem","position":4,"name":"LOG360"}]},{"@type":"WebSite","@id":"https:\/\/i.mwtsolutions.eu\/#website","url":"https:\/\/i.mwtsolutions.eu\/","name":"MWT Solutions","description":"Kolejna witryna oparta na WordPressie","publisher":{"@id":"https:\/\/i.mwtsolutions.eu\/#organization"},"potentialAction":[{"@type":"SearchAction","target":{"@type":"EntryPoint","urlTemplate":"https:\/\/i.mwtsolutions.eu\/?s={search_term_string}"},"query-input":"required name=search_term_string"}],"inLanguage":"cs"},{"@type":"Organization","@id":"https:\/\/i.mwtsolutions.eu\/#organization","name":"MWT Solutions","url":"https:\/\/i.mwtsolutions.eu\/","logo":{"@type":"ImageObject","inLanguage":"cs","@id":"https:\/\/i.mwtsolutions.eu\/#\/schema\/logo\/image\/","url":"https:\/\/i.mwtsolutions.eu\/wp-content\/uploads\/2025\/05\/logo_MWT_rgb-color-1.png","contentUrl":"https:\/\/i.mwtsolutions.eu\/wp-content\/uploads\/2025\/05\/logo_MWT_rgb-color-1.png","width":2825,"height":850,"caption":"MWT Solutions"},"image":{"@id":"https:\/\/i.mwtsolutions.eu\/#\/schema\/logo\/image\/"},"sameAs":["https:\/\/pl.linkedin.com\/company\/mwt-solutions"]}]}},"_links":{"self":[{"href":"https:\/\/i.mwtsolutions.eu\/cs\/wp-json\/wp\/v2\/pages\/68863"}],"collection":[{"href":"https:\/\/i.mwtsolutions.eu\/cs\/wp-json\/wp\/v2\/pages"}],"about":[{"href":"https:\/\/i.mwtsolutions.eu\/cs\/wp-json\/wp\/v2\/types\/page"}],"author":[{"embeddable":true,"href":"https:\/\/i.mwtsolutions.eu\/cs\/wp-json\/wp\/v2\/users\/20"}],"replies":[{"embeddable":true,"href":"https:\/\/i.mwtsolutions.eu\/cs\/wp-json\/wp\/v2\/comments?post=68863"}],"version-history":[{"count":21,"href":"https:\/\/i.mwtsolutions.eu\/cs\/wp-json\/wp\/v2\/pages\/68863\/revisions"}],"predecessor-version":[{"id":104549,"href":"https:\/\/i.mwtsolutions.eu\/cs\/wp-json\/wp\/v2\/pages\/68863\/revisions\/104549"}],"up":[{"embeddable":true,"href":"https:\/\/i.mwtsolutions.eu\/cs\/wp-json\/wp\/v2\/pages\/67099"}],"wp:attachment":[{"href":"https:\/\/i.mwtsolutions.eu\/cs\/wp-json\/wp\/v2\/media?parent=68863"}],"curies":[{"name":"wp","href":"https:\/\/api.w.org\/{rel}","templated":true}]}}