{"id":68881,"date":"2020-04-30T14:16:56","date_gmt":"2020-04-30T12:16:56","guid":{"rendered":"https:\/\/mwtsolutions.eu\/produkty\/security-it\/zarzadzanie-podatnoscia-na-zagrozenia-vulnerability-manager-plus\/"},"modified":"2025-08-14T12:07:06","modified_gmt":"2025-08-14T10:07:06","slug":"vulnerability-manager-plus","status":"publish","type":"page","link":"https:\/\/i.mwtsolutions.eu\/cs\/produkty\/security-it\/vulnerability-manager-plus\/","title":{"rendered":"Vulnerability Manager Plus"},"content":{"rendered":"\t\t<div data-elementor-type=\"wp-page\" data-elementor-id=\"68881\" class=\"elementor elementor-68881 elementor-518\" data-elementor-post-type=\"page\">\n\t\t\t\t\t\t<section class=\"elementor-section elementor-top-section elementor-element elementor-element-ef09858 elementor-section-boxed elementor-section-height-default elementor-section-height-default force-full-width-no\" data-id=\"ef09858\" data-element_type=\"section\">\n\t\t\t\t\t\t<div class=\"elementor-container elementor-column-gap-default\">\n\t\t\t\t\t<div class=\"elementor-column elementor-col-100 elementor-top-column elementor-element elementor-element-3a3c354\" data-id=\"3a3c354\" data-element_type=\"column\">\n\t\t\t<div class=\"elementor-widget-wrap elementor-element-populated\">\n\t\t\t\t\t\t<div class=\"elementor-element elementor-element-3201a7c elementor-widget elementor-widget-heading\" data-id=\"3201a7c\" data-element_type=\"widget\" data-widget_type=\"heading.default\">\n\t\t\t\t<div class=\"elementor-widget-container\">\n\t\t\t<h2 class=\"elementor-heading-title elementor-size-default\">FUNKCE<\/h2>\t\t<\/div>\n\t\t\t\t<\/div>\n\t\t\t\t<section class=\"elementor-section elementor-inner-section elementor-element elementor-element-e36e0a6 elementor-section-boxed elementor-section-height-default elementor-section-height-default force-full-width-no\" data-id=\"e36e0a6\" data-element_type=\"section\">\n\t\t\t\t\t\t<div class=\"elementor-container elementor-column-gap-default\">\n\t\t\t\t\t<div class=\"elementor-column elementor-col-50 elementor-inner-column elementor-element elementor-element-e97d526\" data-id=\"e97d526\" data-element_type=\"column\">\n\t\t\t<div class=\"elementor-widget-wrap elementor-element-populated\">\n\t\t\t\t\t\t<div class=\"elementor-element elementor-element-1ff65db elementor-widget elementor-widget-heading\" data-id=\"1ff65db\" data-element_type=\"widget\" data-widget_type=\"heading.default\">\n\t\t\t\t<div class=\"elementor-widget-container\">\n\t\t\t<h3 class=\"elementor-heading-title elementor-size-default\">Modul Deployment umo\u017e\u0148uje testov\u00e1n\u00ed a n\u00e1sledn\u011b instalaci doporu\u010den\u00fdch oprav do konkr\u00e9tn\u00edch aplikac\u00ed.<\/h3>\t\t<\/div>\n\t\t\t\t<\/div>\n\t\t\t\t<div class=\"elementor-element elementor-element-15e380b elementor-widget elementor-widget-text-editor\" data-id=\"15e380b\" data-element_type=\"widget\" data-widget_type=\"text-editor.default\">\n\t\t\t\t<div class=\"elementor-widget-container\">\n\t\t\t\t\t\t\t<p>Tvorba z\u00e1sad zav\u00e1d\u011bn\u00ed zm\u011bn nebo bezpe\u010dnostn\u00edch z\u00e1sad je intuitivn\u00ed a umo\u017e\u0148uje prov\u00e1d\u011bt ty sam\u00e9 \u00fakoly na cel\u00fdch skupin\u00e1ch za\u0159\u00edzen\u00ed. Cel\u00fd proces m\u016f\u017ee b\u00fdt automatizov\u00e1n nebo prov\u00e1d\u011bn manu\u00e1ln\u011b. K dispozici m\u00e1me tak\u00e9 mo\u017enost na d\u00e1lku zap\u00ednat a vyp\u00ednat pracovn\u00ed stanice, kter\u00e9 n\u00e1s zaj\u00edmaj\u00ed, m\u016f\u017eeme tak kdykoliv p\u0159evz\u00edt \u00faplnou kontrolu nad dan\u00fdm za\u0159\u00edzen\u00edm.<\/p>\t\t\t\t\t\t<\/div>\n\t\t\t\t<\/div>\n\t\t\t\t\t<\/div>\n\t\t<\/div>\n\t\t\t\t<div class=\"elementor-column elementor-col-50 elementor-inner-column elementor-element elementor-element-2d9b813\" data-id=\"2d9b813\" data-element_type=\"column\">\n\t\t\t<div class=\"elementor-widget-wrap elementor-element-populated\">\n\t\t\t\t\t\t<div class=\"elementor-element elementor-element-b8b06f0 monitor-right elementor-widget elementor-widget-image\" data-id=\"b8b06f0\" data-element_type=\"widget\" data-widget_type=\"image.default\">\n\t\t\t\t<div class=\"elementor-widget-container\">\n\t\t\t\t\t\t\t\t\t\t\t\t\t<img fetchpriority=\"high\" width=\"1024\" height=\"499\" src=\"https:\/\/i.mwtsolutions.eu\/wp-content\/uploads\/2020\/07\/Modu\u0142-Deployment-1024x499.png\" class=\"attachment-large size-large wp-image-68064\" alt=\"\" srcset=\"https:\/\/i.mwtsolutions.eu\/wp-content\/uploads\/2020\/07\/Modu\u0142-Deployment-1024x499.png 1024w, https:\/\/i.mwtsolutions.eu\/wp-content\/uploads\/2020\/07\/Modu\u0142-Deployment-300x146.png 300w, https:\/\/i.mwtsolutions.eu\/wp-content\/uploads\/2020\/07\/Modu\u0142-Deployment-768x374.png 768w, https:\/\/i.mwtsolutions.eu\/wp-content\/uploads\/2020\/07\/Modu\u0142-Deployment-1536x748.png 1536w, https:\/\/i.mwtsolutions.eu\/wp-content\/uploads\/2020\/07\/Modu\u0142-Deployment.png 1920w\" sizes=\"(max-width: 1024px) 100vw, 1024px\" \/>\t\t\t\t\t\t\t\t\t\t\t\t\t<\/div>\n\t\t\t\t<\/div>\n\t\t\t\t\t<\/div>\n\t\t<\/div>\n\t\t\t\t\t<\/div>\n\t\t<\/section>\n\t\t\t\t<section class=\"elementor-section elementor-inner-section elementor-element elementor-element-3899cb5 elementor-reverse-mobile elementor-section-boxed elementor-section-height-default elementor-section-height-default force-full-width-no\" data-id=\"3899cb5\" data-element_type=\"section\">\n\t\t\t\t\t\t<div class=\"elementor-container elementor-column-gap-default\">\n\t\t\t\t\t<div class=\"elementor-column elementor-col-50 elementor-inner-column elementor-element elementor-element-a79c504\" data-id=\"a79c504\" data-element_type=\"column\">\n\t\t\t<div class=\"elementor-widget-wrap elementor-element-populated\">\n\t\t\t\t\t\t<div class=\"elementor-element elementor-element-ca0c2aa monitor-left elementor-widget elementor-widget-image\" data-id=\"ca0c2aa\" data-element_type=\"widget\" data-widget_type=\"image.default\">\n\t\t\t\t<div class=\"elementor-widget-container\">\n\t\t\t\t\t\t\t\t\t\t\t\t\t<img width=\"1024\" height=\"497\" src=\"https:\/\/i.mwtsolutions.eu\/wp-content\/uploads\/2020\/07\/Wykorzystanie-dashboard\u00f3w-1024x497.png\" class=\"attachment-large size-large wp-image-68062\" alt=\"\" srcset=\"https:\/\/i.mwtsolutions.eu\/wp-content\/uploads\/2020\/07\/Wykorzystanie-dashboard\u00f3w-1024x497.png 1024w, https:\/\/i.mwtsolutions.eu\/wp-content\/uploads\/2020\/07\/Wykorzystanie-dashboard\u00f3w-300x145.png 300w, https:\/\/i.mwtsolutions.eu\/wp-content\/uploads\/2020\/07\/Wykorzystanie-dashboard\u00f3w-768x372.png 768w, https:\/\/i.mwtsolutions.eu\/wp-content\/uploads\/2020\/07\/Wykorzystanie-dashboard\u00f3w-1536x745.png 1536w, https:\/\/i.mwtsolutions.eu\/wp-content\/uploads\/2020\/07\/Wykorzystanie-dashboard\u00f3w.png 1920w\" sizes=\"(max-width: 1024px) 100vw, 1024px\" \/>\t\t\t\t\t\t\t\t\t\t\t\t\t<\/div>\n\t\t\t\t<\/div>\n\t\t\t\t\t<\/div>\n\t\t<\/div>\n\t\t\t\t<div class=\"elementor-column elementor-col-50 elementor-inner-column elementor-element elementor-element-3e4084a\" data-id=\"3e4084a\" data-element_type=\"column\">\n\t\t\t<div class=\"elementor-widget-wrap elementor-element-populated\">\n\t\t\t\t\t\t<div class=\"elementor-element elementor-element-7405d30 elementor-widget elementor-widget-heading\" data-id=\"7405d30\" data-element_type=\"widget\" data-widget_type=\"heading.default\">\n\t\t\t\t<div class=\"elementor-widget-container\">\n\t\t\t<h3 class=\"elementor-heading-title elementor-size-default\">Vyu\u017eit\u00ed dashboard\u016f jako hlavn\u00edho zdroje informac\u00ed, kter\u00e9 n\u00e1s v re\u00e1ln\u00e9m \u010dase informuj\u00ed o mo\u017en\u00e9m nebezpe\u010d\u00ed nebo tak\u00e9 o aktivit\u00e1ch, kter\u00e9 je t\u0159eba okam\u017eit\u011b vyvinout.<\/h3>\t\t<\/div>\n\t\t\t\t<\/div>\n\t\t\t\t<div class=\"elementor-element elementor-element-73afbb0 elementor-widget elementor-widget-text-editor\" data-id=\"73afbb0\" data-element_type=\"widget\" data-widget_type=\"text-editor.default\">\n\t\t\t\t<div class=\"elementor-widget-container\">\n\t\t\t\t\t\t\t<p>Syst\u00e9m n\u00e1s informuje o kritick\u00fdch zranitelnostech souvisej\u00edc\u00edch nap\u0159. nedostatek aktu\u00e1ln\u00edch bezpe\u010dnostn\u00edch opat\u0159en\u00ed z\u00edskan\u00fdch od t\u0159et\u00edch stran. Rovn\u011b\u017e informuje o zranitelnostech s ni\u017e\u0161\u00ed prioritou, d\u00edky nim\u017e m\u016f\u017eeme optim\u00e1ln\u011b napl\u00e1novat pr\u00e1ci souvisej\u00edc\u00ed s \u00fadr\u017ebou infrastruktury.<\/p>\t\t\t\t\t\t<\/div>\n\t\t\t\t<\/div>\n\t\t\t\t\t<\/div>\n\t\t<\/div>\n\t\t\t\t\t<\/div>\n\t\t<\/section>\n\t\t\t\t<section class=\"elementor-section elementor-inner-section elementor-element elementor-element-f56a197 elementor-section-boxed elementor-section-height-default elementor-section-height-default force-full-width-no\" data-id=\"f56a197\" data-element_type=\"section\">\n\t\t\t\t\t\t<div class=\"elementor-container elementor-column-gap-default\">\n\t\t\t\t\t<div class=\"elementor-column elementor-col-50 elementor-inner-column elementor-element elementor-element-217d454\" data-id=\"217d454\" data-element_type=\"column\">\n\t\t\t<div class=\"elementor-widget-wrap elementor-element-populated\">\n\t\t\t\t\t\t<div class=\"elementor-element elementor-element-4525655 elementor-widget elementor-widget-heading\" data-id=\"4525655\" data-element_type=\"widget\" data-widget_type=\"heading.default\">\n\t\t\t\t<div class=\"elementor-widget-container\">\n\t\t\t<h3 class=\"elementor-heading-title elementor-size-default\">Informov\u00e1n\u00ed o chyb\u00e1ch konfigurace serveru<\/h3>\t\t<\/div>\n\t\t\t\t<\/div>\n\t\t\t\t<div class=\"elementor-element elementor-element-07d1b5a elementor-widget elementor-widget-text-editor\" data-id=\"07d1b5a\" data-element_type=\"widget\" data-widget_type=\"text-editor.default\">\n\t\t\t\t<div class=\"elementor-widget-container\">\n\t\t\t\t\t\t\t<p>Informov\u00e1n\u00ed o chybn\u00e9 konfiguraci serveru spojen\u00fdch nap\u0159. s vhodn\u00fdm \u0161ifrov\u00e1n\u00edm, opr\u00e1vn\u011bn\u00edm k zav\u00e1d\u011bn\u00ed zm\u011bn, zp\u016fsoby autentizace, platnost\u00ed certifik\u00e1t\u016f, vynucov\u00e1n\u00edm bezpe\u010dn\u00fdch spojen\u00ed. Modul Threats tak\u00e9 umo\u017e\u0148uje kontrolu port\u016f vyu\u017e\u00edvan\u00fdch v na\u0161\u00ed infrastruktu\u0159e, spole\u010dn\u011b s informac\u00ed o vyu\u017e\u00edvaj\u00edc\u00edch aplikac\u00edch a o zdroji t\u00e9to komunikace (pracovn\u00ed stanice).<\/p>\t\t\t\t\t\t<\/div>\n\t\t\t\t<\/div>\n\t\t\t\t\t<\/div>\n\t\t<\/div>\n\t\t\t\t<div class=\"elementor-column elementor-col-50 elementor-inner-column elementor-element elementor-element-b6459d2\" data-id=\"b6459d2\" data-element_type=\"column\">\n\t\t\t<div class=\"elementor-widget-wrap elementor-element-populated\">\n\t\t\t\t\t\t<div class=\"elementor-element elementor-element-efeb26b monitor-center elementor-widget elementor-widget-image\" data-id=\"efeb26b\" data-element_type=\"widget\" data-widget_type=\"image.default\">\n\t\t\t\t<div class=\"elementor-widget-container\">\n\t\t\t\t\t\t\t\t\t\t\t\t\t<img width=\"1024\" height=\"497\" src=\"https:\/\/i.mwtsolutions.eu\/wp-content\/uploads\/2020\/07\/Informowanie-o-\u017ale-skonfigurowanych-ustawieniach-serwera-1024x497.png\" class=\"attachment-large size-large wp-image-68060\" alt=\"\" srcset=\"https:\/\/i.mwtsolutions.eu\/wp-content\/uploads\/2020\/07\/Informowanie-o-\u017ale-skonfigurowanych-ustawieniach-serwera-1024x497.png 1024w, https:\/\/i.mwtsolutions.eu\/wp-content\/uploads\/2020\/07\/Informowanie-o-\u017ale-skonfigurowanych-ustawieniach-serwera-300x145.png 300w, https:\/\/i.mwtsolutions.eu\/wp-content\/uploads\/2020\/07\/Informowanie-o-\u017ale-skonfigurowanych-ustawieniach-serwera-768x372.png 768w, https:\/\/i.mwtsolutions.eu\/wp-content\/uploads\/2020\/07\/Informowanie-o-\u017ale-skonfigurowanych-ustawieniach-serwera-1536x745.png 1536w, https:\/\/i.mwtsolutions.eu\/wp-content\/uploads\/2020\/07\/Informowanie-o-\u017ale-skonfigurowanych-ustawieniach-serwera.png 1920w\" sizes=\"(max-width: 1024px) 100vw, 1024px\" \/>\t\t\t\t\t\t\t\t\t\t\t\t\t<\/div>\n\t\t\t\t<\/div>\n\t\t\t\t\t<\/div>\n\t\t<\/div>\n\t\t\t\t\t<\/div>\n\t\t<\/section>\n\t\t\t\t<section class=\"elementor-section elementor-inner-section elementor-element elementor-element-98da478 elementor-reverse-mobile elementor-section-boxed elementor-section-height-default elementor-section-height-default force-full-width-no\" data-id=\"98da478\" data-element_type=\"section\">\n\t\t\t\t\t\t<div class=\"elementor-container elementor-column-gap-default\">\n\t\t\t\t\t<div class=\"elementor-column elementor-col-50 elementor-inner-column elementor-element elementor-element-49fc747\" data-id=\"49fc747\" data-element_type=\"column\">\n\t\t\t<div class=\"elementor-widget-wrap elementor-element-populated\">\n\t\t\t\t\t\t<div class=\"elementor-element elementor-element-eaf5b47 monitor-left elementor-widget elementor-widget-image\" data-id=\"eaf5b47\" data-element_type=\"widget\" data-widget_type=\"image.default\">\n\t\t\t\t<div class=\"elementor-widget-container\">\n\t\t\t\t\t\t\t\t\t\t\t\t\t<img loading=\"lazy\" width=\"1024\" height=\"494\" src=\"https:\/\/i.mwtsolutions.eu\/wp-content\/uploads\/2020\/07\/Raportowanie-danych-zwi\u0105zanych-z-konfiguracj\u0105-stacji-roboczych-1024x494.png\" class=\"attachment-large size-large wp-image-68058\" alt=\"\" srcset=\"https:\/\/i.mwtsolutions.eu\/wp-content\/uploads\/2020\/07\/Raportowanie-danych-zwi\u0105zanych-z-konfiguracj\u0105-stacji-roboczych-1024x494.png 1024w, https:\/\/i.mwtsolutions.eu\/wp-content\/uploads\/2020\/07\/Raportowanie-danych-zwi\u0105zanych-z-konfiguracj\u0105-stacji-roboczych-300x145.png 300w, https:\/\/i.mwtsolutions.eu\/wp-content\/uploads\/2020\/07\/Raportowanie-danych-zwi\u0105zanych-z-konfiguracj\u0105-stacji-roboczych-768x371.png 768w, https:\/\/i.mwtsolutions.eu\/wp-content\/uploads\/2020\/07\/Raportowanie-danych-zwi\u0105zanych-z-konfiguracj\u0105-stacji-roboczych-1536x742.png 1536w, https:\/\/i.mwtsolutions.eu\/wp-content\/uploads\/2020\/07\/Raportowanie-danych-zwi\u0105zanych-z-konfiguracj\u0105-stacji-roboczych.png 1920w\" sizes=\"(max-width: 1024px) 100vw, 1024px\" \/>\t\t\t\t\t\t\t\t\t\t\t\t\t<\/div>\n\t\t\t\t<\/div>\n\t\t\t\t\t<\/div>\n\t\t<\/div>\n\t\t\t\t<div class=\"elementor-column elementor-col-50 elementor-inner-column elementor-element elementor-element-4d194bd\" data-id=\"4d194bd\" data-element_type=\"column\">\n\t\t\t<div class=\"elementor-widget-wrap elementor-element-populated\">\n\t\t\t\t\t\t<div class=\"elementor-element elementor-element-9164512 elementor-widget elementor-widget-heading\" data-id=\"9164512\" data-element_type=\"widget\" data-widget_type=\"heading.default\">\n\t\t\t\t<div class=\"elementor-widget-container\">\n\t\t\t<h3 class=\"elementor-heading-title elementor-size-default\">Reportov\u00e1n\u00ed \u00fadaj\u016f spojen\u00fdch s konfigurac\u00ed pracovn\u00ed stanice<\/h3>\t\t<\/div>\n\t\t\t\t<\/div>\n\t\t\t\t<div class=\"elementor-element elementor-element-5f51e3f elementor-widget elementor-widget-text-editor\" data-id=\"5f51e3f\" data-element_type=\"widget\" data-widget_type=\"text-editor.default\">\n\t\t\t\t<div class=\"elementor-widget-container\">\n\t\t\t\t\t\t\t<p>Reportov\u00e1n\u00ed \u00fadaj\u016f spojen\u00fdch s konfigurac\u00ed pracovn\u00ed stanice, syst\u00e9m\u016f vy\u017eaduj\u00edc\u00edch op\u011btovn\u00e9 spu\u0161t\u011bn\u00ed, \u00fadaj\u016f spojen\u00fdch s obecn\u00fdm stavem napln\u011bn\u00ed bezpe\u010dnostn\u00edch krit\u00e9ri\u00ed nebo tak\u00e9 \u00fadaje t\u00fdkaj\u00edc\u00ed se nenainstalovan\u00fdch bezpe\u010dnostn\u00edch oprav. Spr\u00e1va zranitelnosti pomoc\u00ed aplikace umo\u017e\u0148uje vyu\u017eit\u00ed jak p\u0159eddefinovan\u00fdch report\u016f, report\u016f vytvo\u0159en\u00fdch pro individu\u00e1ln\u00ed pot\u0159eby u\u017eivatele pomoc\u00ed dotaz\u016f a napl\u00e1novan\u00fdch report\u016f \u2013 periodicky zas\u00edlan\u00fdch na uveden\u00e9 e-mailov\u00e9 adresy.<\/p>\t\t\t\t\t\t<\/div>\n\t\t\t\t<\/div>\n\t\t\t\t\t<\/div>\n\t\t<\/div>\n\t\t\t\t\t<\/div>\n\t\t<\/section>\n\t\t\t\t\t<\/div>\n\t\t<\/div>\n\t\t\t\t\t<\/div>\n\t\t<\/section>\n\t\t\t\t<\/div>\n\t\t","protected":false},"excerpt":{"rendered":"<p>FUNKCE Modul Deployment umo\u017e\u0148uje testov\u00e1n\u00ed a n\u00e1sledn\u011b instalaci doporu\u010den\u00fdch oprav do konkr\u00e9tn\u00edch aplikac\u00ed. Tvorba z\u00e1sad zav\u00e1d\u011bn\u00ed zm\u011bn nebo bezpe\u010dnostn\u00edch z\u00e1sad je intuitivn\u00ed a umo\u017e\u0148uje prov\u00e1d\u011bt ty sam\u00e9 \u00fakoly na cel\u00fdch skupin\u00e1ch za\u0159\u00edzen\u00ed. Cel\u00fd proces m\u016f\u017ee b\u00fdt automatizov\u00e1n nebo prov\u00e1d\u011bn manu\u00e1ln\u011b. K dispozici m\u00e1me tak\u00e9 mo\u017enost na d\u00e1lku zap\u00ednat a vyp\u00ednat pracovn\u00ed stanice, kter\u00e9 n\u00e1s zaj\u00edmaj\u00ed, [&hellip;]<\/p>\n","protected":false},"author":20,"featured_media":0,"parent":67099,"menu_order":10,"comment_status":"closed","ping_status":"closed","template":"page-templates\/single-product.php","meta":{"content-type":"","om_disable_all_campaigns":false,"inline_featured_image":false,"_monsterinsights_skip_tracking":false,"_monsterinsights_sitenote_active":false,"_monsterinsights_sitenote_note":"","_monsterinsights_sitenote_category":0,"_links_to":"","_links_to_target":""},"acf":[],"aioseo_notices":[],"yoast_head":"<!-- This site is optimized with the Yoast SEO plugin v20.6 - https:\/\/yoast.com\/wordpress\/plugins\/seo\/ -->\n<title>Vulnerability Manager Plus | MWT Solutions<\/title>\n<meta name=\"description\" content=\"Trhliny v s\u00edti organizace m\u016f\u017eou b\u00fdt zneu\u017eity \u00fato\u010dn\u00edky, aby se tomu zabr\u00e1nilo vytvo\u0159il ManageEngine Vulnerability Manager Plus.\" \/>\n<meta name=\"robots\" content=\"index, follow, max-snippet:-1, max-image-preview:large, max-video-preview:-1\" \/>\n<link rel=\"canonical\" href=\"https:\/\/i.mwtsolutions.eu\/cs\/produkty\/security-it\/vulnerability-manager-plus\/\" \/>\n<meta property=\"og:locale\" content=\"cs_CZ\" \/>\n<meta property=\"og:type\" content=\"article\" \/>\n<meta property=\"og:title\" content=\"Vulnerability Manager Plus | MWT Solutions\" \/>\n<meta property=\"og:description\" content=\"Trhliny v s\u00edti organizace m\u016f\u017eou b\u00fdt zneu\u017eity \u00fato\u010dn\u00edky, aby se tomu zabr\u00e1nilo vytvo\u0159il ManageEngine Vulnerability Manager Plus.\" \/>\n<meta property=\"og:url\" content=\"https:\/\/i.mwtsolutions.eu\/cs\/produkty\/security-it\/vulnerability-manager-plus\/\" \/>\n<meta property=\"og:site_name\" content=\"MWT Solutions\" \/>\n<meta property=\"article:modified_time\" content=\"2025-08-14T10:07:06+00:00\" \/>\n<meta name=\"twitter:card\" content=\"summary_large_image\" \/>\n<meta name=\"twitter:label1\" content=\"Odhadovan\u00e1 doba \u010dten\u00ed\" \/>\n\t<meta name=\"twitter:data1\" content=\"3 minuty\" \/>\n<script type=\"application\/ld+json\" class=\"yoast-schema-graph\">{\"@context\":\"https:\/\/schema.org\",\"@graph\":[{\"@type\":\"WebPage\",\"@id\":\"https:\/\/i.mwtsolutions.eu\/cs\/produkty\/security-it\/vulnerability-manager-plus\/\",\"url\":\"https:\/\/i.mwtsolutions.eu\/cs\/produkty\/security-it\/vulnerability-manager-plus\/\",\"name\":\"Vulnerability Manager Plus | MWT Solutions\",\"isPartOf\":{\"@id\":\"https:\/\/i.mwtsolutions.eu\/#website\"},\"datePublished\":\"2020-04-30T12:16:56+00:00\",\"dateModified\":\"2025-08-14T10:07:06+00:00\",\"description\":\"Trhliny v s\u00edti organizace m\u016f\u017eou b\u00fdt zneu\u017eity \u00fato\u010dn\u00edky, aby se tomu zabr\u00e1nilo vytvo\u0159il ManageEngine Vulnerability Manager Plus.\",\"breadcrumb\":{\"@id\":\"https:\/\/i.mwtsolutions.eu\/cs\/produkty\/security-it\/vulnerability-manager-plus\/#breadcrumb\"},\"inLanguage\":\"cs\",\"potentialAction\":[{\"@type\":\"ReadAction\",\"target\":[\"https:\/\/i.mwtsolutions.eu\/cs\/produkty\/security-it\/vulnerability-manager-plus\/\"]}]},{\"@type\":\"BreadcrumbList\",\"@id\":\"https:\/\/i.mwtsolutions.eu\/cs\/produkty\/security-it\/vulnerability-manager-plus\/#breadcrumb\",\"itemListElement\":[{\"@type\":\"ListItem\",\"position\":1,\"name\":\"Home\",\"item\":\"https:\/\/i.mwtsolutions.eu\/cs\/\"},{\"@type\":\"ListItem\",\"position\":2,\"name\":\"Produkty\",\"item\":\"https:\/\/i.mwtsolutions.eu\/cs\/produkty\/\"},{\"@type\":\"ListItem\",\"position\":3,\"name\":\"Security IT\",\"item\":\"https:\/\/i.mwtsolutions.eu\/cs\/produkty\/security-it\/\"},{\"@type\":\"ListItem\",\"position\":4,\"name\":\"Vulnerability Manager Plus\"}]},{\"@type\":\"WebSite\",\"@id\":\"https:\/\/i.mwtsolutions.eu\/#website\",\"url\":\"https:\/\/i.mwtsolutions.eu\/\",\"name\":\"MWT Solutions\",\"description\":\"Kolejna witryna oparta na WordPressie\",\"publisher\":{\"@id\":\"https:\/\/i.mwtsolutions.eu\/#organization\"},\"potentialAction\":[{\"@type\":\"SearchAction\",\"target\":{\"@type\":\"EntryPoint\",\"urlTemplate\":\"https:\/\/i.mwtsolutions.eu\/?s={search_term_string}\"},\"query-input\":\"required name=search_term_string\"}],\"inLanguage\":\"cs\"},{\"@type\":\"Organization\",\"@id\":\"https:\/\/i.mwtsolutions.eu\/#organization\",\"name\":\"MWT Solutions\",\"url\":\"https:\/\/i.mwtsolutions.eu\/\",\"logo\":{\"@type\":\"ImageObject\",\"inLanguage\":\"cs\",\"@id\":\"https:\/\/i.mwtsolutions.eu\/#\/schema\/logo\/image\/\",\"url\":\"https:\/\/i.mwtsolutions.eu\/wp-content\/uploads\/2025\/05\/logo_MWT_rgb-color-1.png\",\"contentUrl\":\"https:\/\/i.mwtsolutions.eu\/wp-content\/uploads\/2025\/05\/logo_MWT_rgb-color-1.png\",\"width\":2825,\"height\":850,\"caption\":\"MWT Solutions\"},\"image\":{\"@id\":\"https:\/\/i.mwtsolutions.eu\/#\/schema\/logo\/image\/\"},\"sameAs\":[\"https:\/\/pl.linkedin.com\/company\/mwt-solutions\"]}]}<\/script>\n<!-- \/ Yoast SEO plugin. -->","yoast_head_json":{"title":"Vulnerability Manager Plus | MWT Solutions","description":"Trhliny v s\u00edti organizace m\u016f\u017eou b\u00fdt zneu\u017eity \u00fato\u010dn\u00edky, aby se tomu zabr\u00e1nilo vytvo\u0159il ManageEngine Vulnerability Manager Plus.","robots":{"index":"index","follow":"follow","max-snippet":"max-snippet:-1","max-image-preview":"max-image-preview:large","max-video-preview":"max-video-preview:-1"},"canonical":"https:\/\/i.mwtsolutions.eu\/cs\/produkty\/security-it\/vulnerability-manager-plus\/","og_locale":"cs_CZ","og_type":"article","og_title":"Vulnerability Manager Plus | MWT Solutions","og_description":"Trhliny v s\u00edti organizace m\u016f\u017eou b\u00fdt zneu\u017eity \u00fato\u010dn\u00edky, aby se tomu zabr\u00e1nilo vytvo\u0159il ManageEngine Vulnerability Manager Plus.","og_url":"https:\/\/i.mwtsolutions.eu\/cs\/produkty\/security-it\/vulnerability-manager-plus\/","og_site_name":"MWT Solutions","article_modified_time":"2025-08-14T10:07:06+00:00","twitter_card":"summary_large_image","twitter_misc":{"Odhadovan\u00e1 doba \u010dten\u00ed":"3 minuty"},"schema":{"@context":"https:\/\/schema.org","@graph":[{"@type":"WebPage","@id":"https:\/\/i.mwtsolutions.eu\/cs\/produkty\/security-it\/vulnerability-manager-plus\/","url":"https:\/\/i.mwtsolutions.eu\/cs\/produkty\/security-it\/vulnerability-manager-plus\/","name":"Vulnerability Manager Plus | MWT Solutions","isPartOf":{"@id":"https:\/\/i.mwtsolutions.eu\/#website"},"datePublished":"2020-04-30T12:16:56+00:00","dateModified":"2025-08-14T10:07:06+00:00","description":"Trhliny v s\u00edti organizace m\u016f\u017eou b\u00fdt zneu\u017eity \u00fato\u010dn\u00edky, aby se tomu zabr\u00e1nilo vytvo\u0159il ManageEngine Vulnerability Manager Plus.","breadcrumb":{"@id":"https:\/\/i.mwtsolutions.eu\/cs\/produkty\/security-it\/vulnerability-manager-plus\/#breadcrumb"},"inLanguage":"cs","potentialAction":[{"@type":"ReadAction","target":["https:\/\/i.mwtsolutions.eu\/cs\/produkty\/security-it\/vulnerability-manager-plus\/"]}]},{"@type":"BreadcrumbList","@id":"https:\/\/i.mwtsolutions.eu\/cs\/produkty\/security-it\/vulnerability-manager-plus\/#breadcrumb","itemListElement":[{"@type":"ListItem","position":1,"name":"Home","item":"https:\/\/i.mwtsolutions.eu\/cs\/"},{"@type":"ListItem","position":2,"name":"Produkty","item":"https:\/\/i.mwtsolutions.eu\/cs\/produkty\/"},{"@type":"ListItem","position":3,"name":"Security IT","item":"https:\/\/i.mwtsolutions.eu\/cs\/produkty\/security-it\/"},{"@type":"ListItem","position":4,"name":"Vulnerability Manager Plus"}]},{"@type":"WebSite","@id":"https:\/\/i.mwtsolutions.eu\/#website","url":"https:\/\/i.mwtsolutions.eu\/","name":"MWT Solutions","description":"Kolejna witryna oparta na WordPressie","publisher":{"@id":"https:\/\/i.mwtsolutions.eu\/#organization"},"potentialAction":[{"@type":"SearchAction","target":{"@type":"EntryPoint","urlTemplate":"https:\/\/i.mwtsolutions.eu\/?s={search_term_string}"},"query-input":"required name=search_term_string"}],"inLanguage":"cs"},{"@type":"Organization","@id":"https:\/\/i.mwtsolutions.eu\/#organization","name":"MWT Solutions","url":"https:\/\/i.mwtsolutions.eu\/","logo":{"@type":"ImageObject","inLanguage":"cs","@id":"https:\/\/i.mwtsolutions.eu\/#\/schema\/logo\/image\/","url":"https:\/\/i.mwtsolutions.eu\/wp-content\/uploads\/2025\/05\/logo_MWT_rgb-color-1.png","contentUrl":"https:\/\/i.mwtsolutions.eu\/wp-content\/uploads\/2025\/05\/logo_MWT_rgb-color-1.png","width":2825,"height":850,"caption":"MWT Solutions"},"image":{"@id":"https:\/\/i.mwtsolutions.eu\/#\/schema\/logo\/image\/"},"sameAs":["https:\/\/pl.linkedin.com\/company\/mwt-solutions"]}]}},"_links":{"self":[{"href":"https:\/\/i.mwtsolutions.eu\/cs\/wp-json\/wp\/v2\/pages\/68881"}],"collection":[{"href":"https:\/\/i.mwtsolutions.eu\/cs\/wp-json\/wp\/v2\/pages"}],"about":[{"href":"https:\/\/i.mwtsolutions.eu\/cs\/wp-json\/wp\/v2\/types\/page"}],"author":[{"embeddable":true,"href":"https:\/\/i.mwtsolutions.eu\/cs\/wp-json\/wp\/v2\/users\/20"}],"replies":[{"embeddable":true,"href":"https:\/\/i.mwtsolutions.eu\/cs\/wp-json\/wp\/v2\/comments?post=68881"}],"version-history":[{"count":15,"href":"https:\/\/i.mwtsolutions.eu\/cs\/wp-json\/wp\/v2\/pages\/68881\/revisions"}],"predecessor-version":[{"id":104601,"href":"https:\/\/i.mwtsolutions.eu\/cs\/wp-json\/wp\/v2\/pages\/68881\/revisions\/104601"}],"up":[{"embeddable":true,"href":"https:\/\/i.mwtsolutions.eu\/cs\/wp-json\/wp\/v2\/pages\/67099"}],"wp:attachment":[{"href":"https:\/\/i.mwtsolutions.eu\/cs\/wp-json\/wp\/v2\/media?parent=68881"}],"curies":[{"name":"wp","href":"https:\/\/api.w.org\/{rel}","templated":true}]}}