{"id":68903,"date":"2020-04-30T15:15:51","date_gmt":"2020-04-30T13:15:51","guid":{"rendered":"https:\/\/mwtsolutions.eu\/produkty\/monitoring-it\/narzedzie-do-zarzadzania-wydajnoscia-aplikacji-applications-manager\/"},"modified":"2025-08-13T16:03:22","modified_gmt":"2025-08-13T14:03:22","slug":"applications-manager","status":"publish","type":"page","link":"https:\/\/i.mwtsolutions.eu\/cs\/produkty\/monitoring-it\/applications-manager\/","title":{"rendered":"Applications Manager"},"content":{"rendered":"\t\t<div data-elementor-type=\"wp-page\" data-elementor-id=\"68903\" class=\"elementor elementor-68903 elementor-60964\" data-elementor-post-type=\"page\">\n\t\t\t\t\t\t<section class=\"elementor-section elementor-top-section elementor-element elementor-element-1fc8029 elementor-section-boxed elementor-section-height-default elementor-section-height-default force-full-width-no\" data-id=\"1fc8029\" data-element_type=\"section\">\n\t\t\t\t\t\t<div class=\"elementor-container elementor-column-gap-default\">\n\t\t\t\t\t<div class=\"elementor-column elementor-col-100 elementor-top-column elementor-element elementor-element-97c7ab1\" data-id=\"97c7ab1\" data-element_type=\"column\">\n\t\t\t<div class=\"elementor-widget-wrap elementor-element-populated\">\n\t\t\t\t\t\t<div class=\"elementor-element elementor-element-7100628 elementor-widget elementor-widget-heading\" data-id=\"7100628\" data-element_type=\"widget\" data-widget_type=\"heading.default\">\n\t\t\t\t<div class=\"elementor-widget-container\">\n\t\t\t<h2 class=\"elementor-heading-title elementor-size-default\">FUNKCE<\/h2>\t\t<\/div>\n\t\t\t\t<\/div>\n\t\t\t\t<section class=\"elementor-section elementor-inner-section elementor-element elementor-element-eb8a42c elementor-section-boxed elementor-section-height-default elementor-section-height-default force-full-width-no\" data-id=\"eb8a42c\" data-element_type=\"section\">\n\t\t\t\t\t\t<div class=\"elementor-container elementor-column-gap-default\">\n\t\t\t\t\t<div class=\"elementor-column elementor-col-50 elementor-inner-column elementor-element elementor-element-5996c84\" data-id=\"5996c84\" data-element_type=\"column\">\n\t\t\t<div class=\"elementor-widget-wrap elementor-element-populated\">\n\t\t\t\t\t\t<div class=\"elementor-element elementor-element-acaf5ed elementor-widget elementor-widget-heading\" data-id=\"acaf5ed\" data-element_type=\"widget\" data-widget_type=\"heading.default\">\n\t\t\t\t<div class=\"elementor-widget-container\">\n\t\t\t<h3 class=\"elementor-heading-title elementor-size-default\">Monitorov\u00e1n\u00ed jednotliv\u00fdch slu\u017eeb v prost\u0159ed\u00ed<\/h3>\t\t<\/div>\n\t\t\t\t<\/div>\n\t\t\t\t<div class=\"elementor-element elementor-element-34aaf4e elementor-widget elementor-widget-text-editor\" data-id=\"34aaf4e\" data-element_type=\"widget\" data-widget_type=\"text-editor.default\">\n\t\t\t\t<div class=\"elementor-widget-container\">\n\t\t\t\t\t\t\t<p>Syst\u00e9m disponuje mo\u017enost\u00ed monitorov\u00e1n\u00ed aplikace v dan\u00e9m prost\u0159ed\u00ed na z\u00e1klad\u011b jejich dostupnosti, reak\u010dn\u00ed doby i vyu\u017eit\u00ed procesoru, opera\u010dn\u00ed pam\u011bti a diskov\u00e9 pam\u011bti. Ke ka\u017ed\u00e9mu z monitor\u016f lze p\u0159i\u0159adit individu\u00e1ln\u00ed profil spu\u0161t\u011bn\u00ed poplachu v p\u0159\u00edpad\u011b kritick\u00e9 situace.<\/p>\t\t\t\t\t\t<\/div>\n\t\t\t\t<\/div>\n\t\t\t\t\t<\/div>\n\t\t<\/div>\n\t\t\t\t<div class=\"elementor-column elementor-col-50 elementor-inner-column elementor-element elementor-element-23a06a1\" data-id=\"23a06a1\" data-element_type=\"column\">\n\t\t\t<div class=\"elementor-widget-wrap elementor-element-populated\">\n\t\t\t\t\t\t<div class=\"elementor-element elementor-element-fefd8ca monitor-right elementor-widget elementor-widget-image\" data-id=\"fefd8ca\" data-element_type=\"widget\" data-widget_type=\"image.default\">\n\t\t\t\t<div class=\"elementor-widget-container\">\n\t\t\t\t\t\t\t\t\t\t\t\t\t<img fetchpriority=\"high\" width=\"1024\" height=\"520\" src=\"https:\/\/i.mwtsolutions.eu\/wp-content\/uploads\/2020\/06\/APM1-1024x520.png\" class=\"attachment-large size-large wp-image-67361\" alt=\"\" srcset=\"https:\/\/i.mwtsolutions.eu\/wp-content\/uploads\/2020\/06\/APM1-1024x520.png 1024w, https:\/\/i.mwtsolutions.eu\/wp-content\/uploads\/2020\/06\/APM1-300x152.png 300w, https:\/\/i.mwtsolutions.eu\/wp-content\/uploads\/2020\/06\/APM1-768x390.png 768w, https:\/\/i.mwtsolutions.eu\/wp-content\/uploads\/2020\/06\/APM1-1536x780.png 1536w, https:\/\/i.mwtsolutions.eu\/wp-content\/uploads\/2020\/06\/APM1-2048x1040.png 2048w\" sizes=\"(max-width: 1024px) 100vw, 1024px\" \/>\t\t\t\t\t\t\t\t\t\t\t\t\t<\/div>\n\t\t\t\t<\/div>\n\t\t\t\t\t<\/div>\n\t\t<\/div>\n\t\t\t\t\t<\/div>\n\t\t<\/section>\n\t\t\t\t<section class=\"elementor-section elementor-inner-section elementor-element elementor-element-44f6a66 elementor-reverse-mobile elementor-section-boxed elementor-section-height-default elementor-section-height-default force-full-width-no\" data-id=\"44f6a66\" data-element_type=\"section\">\n\t\t\t\t\t\t<div class=\"elementor-container elementor-column-gap-default\">\n\t\t\t\t\t<div class=\"elementor-column elementor-col-50 elementor-inner-column elementor-element elementor-element-3d65e05\" data-id=\"3d65e05\" data-element_type=\"column\">\n\t\t\t<div class=\"elementor-widget-wrap elementor-element-populated\">\n\t\t\t\t\t\t<div class=\"elementor-element elementor-element-33abb84 monitor-left elementor-widget elementor-widget-image\" data-id=\"33abb84\" data-element_type=\"widget\" data-widget_type=\"image.default\">\n\t\t\t\t<div class=\"elementor-widget-container\">\n\t\t\t\t\t\t\t\t\t\t\t\t\t<img width=\"1024\" height=\"511\" src=\"https:\/\/i.mwtsolutions.eu\/wp-content\/uploads\/2020\/06\/APM2-1024x511.png\" class=\"attachment-large size-large wp-image-67363\" alt=\"\" srcset=\"https:\/\/i.mwtsolutions.eu\/wp-content\/uploads\/2020\/06\/APM2-1024x511.png 1024w, https:\/\/i.mwtsolutions.eu\/wp-content\/uploads\/2020\/06\/APM2-300x150.png 300w, https:\/\/i.mwtsolutions.eu\/wp-content\/uploads\/2020\/06\/APM2-768x383.png 768w, https:\/\/i.mwtsolutions.eu\/wp-content\/uploads\/2020\/06\/APM2-1536x766.png 1536w, https:\/\/i.mwtsolutions.eu\/wp-content\/uploads\/2020\/06\/APM2-2048x1021.png 2048w\" sizes=\"(max-width: 1024px) 100vw, 1024px\" \/>\t\t\t\t\t\t\t\t\t\t\t\t\t<\/div>\n\t\t\t\t<\/div>\n\t\t\t\t\t<\/div>\n\t\t<\/div>\n\t\t\t\t<div class=\"elementor-column elementor-col-50 elementor-inner-column elementor-element elementor-element-d1cc68e\" data-id=\"d1cc68e\" data-element_type=\"column\">\n\t\t\t<div class=\"elementor-widget-wrap elementor-element-populated\">\n\t\t\t\t\t\t<div class=\"elementor-element elementor-element-a6b8020 elementor-widget elementor-widget-heading\" data-id=\"a6b8020\" data-element_type=\"widget\" data-widget_type=\"heading.default\">\n\t\t\t\t<div class=\"elementor-widget-container\">\n\t\t\t<h3 class=\"elementor-heading-title elementor-size-default\">Seskupov\u00e1n\u00ed monitor\u016f za \u00fa\u010delem lep\u0161\u00edho n\u00e1hledu<\/h3>\t\t<\/div>\n\t\t\t\t<\/div>\n\t\t\t\t<div class=\"elementor-element elementor-element-e5c8415 elementor-widget elementor-widget-text-editor\" data-id=\"e5c8415\" data-element_type=\"widget\" data-widget_type=\"text-editor.default\">\n\t\t\t\t<div class=\"elementor-widget-container\">\n\t\t\t\t\t\t\t<p>Applications Manager seskupuje monitory na z\u00e1klad\u011b kategori\u00ed a dodavatel\u016f aplikac\u00ed za \u00fa\u010delem zaji\u0161t\u011bn\u00ed lep\u0161\u00ed p\u0159ehlednosti v syst\u00e9mu. Takov\u00e9to uspo\u0159\u00e1d\u00e1n\u00ed spr\u00e1vc\u016fm umo\u017e\u0148uje rychl\u00fd pohyb v rozhran\u00ed. Lze vytv\u00e1\u0159et i takzvan\u00e9 \u201eBusiness-views\u201c, kter\u00e9 n\u00e1s informuj\u00ed o vztaz\u00edch mezi sledovan\u00fdmi prvky.<\/p>\t\t\t\t\t\t<\/div>\n\t\t\t\t<\/div>\n\t\t\t\t\t<\/div>\n\t\t<\/div>\n\t\t\t\t\t<\/div>\n\t\t<\/section>\n\t\t\t\t<section class=\"elementor-section elementor-inner-section elementor-element elementor-element-02face6 elementor-section-boxed elementor-section-height-default elementor-section-height-default force-full-width-no\" data-id=\"02face6\" data-element_type=\"section\">\n\t\t\t\t\t\t<div class=\"elementor-container elementor-column-gap-default\">\n\t\t\t\t\t<div class=\"elementor-column elementor-col-50 elementor-inner-column elementor-element elementor-element-72a53f2\" data-id=\"72a53f2\" data-element_type=\"column\">\n\t\t\t<div class=\"elementor-widget-wrap elementor-element-populated\">\n\t\t\t\t\t\t<div class=\"elementor-element elementor-element-77cab0f elementor-widget elementor-widget-heading\" data-id=\"77cab0f\" data-element_type=\"widget\" data-widget_type=\"heading.default\">\n\t\t\t\t<div class=\"elementor-widget-container\">\n\t\t\t<h3 class=\"elementor-heading-title elementor-size-default\">Spu\u0161t\u011bn\u00ed poplachu na ka\u017ed\u00fd probl\u00e9m v re\u00e1ln\u00e9m \u010dase<\/h3>\t\t<\/div>\n\t\t\t\t<\/div>\n\t\t\t\t<div class=\"elementor-element elementor-element-bd434d9 elementor-widget elementor-widget-text-editor\" data-id=\"bd434d9\" data-element_type=\"widget\" data-widget_type=\"text-editor.default\">\n\t\t\t\t<div class=\"elementor-widget-container\">\n\t\t\t\t\t\t\t<p>Applications Manager je vybaven mo\u017enost\u00ed konfigurace upozorn\u011bn\u00ed zas\u00edlan\u00e9ho spr\u00e1vc\u016fm. Ke ka\u017ed\u00e9 ud\u00e1losti zaznamenan\u00e9 syst\u00e9mem lze p\u0159\u00edslu\u0161n\u011b definovat obsah zpr\u00e1vy. V p\u0159\u00edpad\u011b velk\u00e9ho mno\u017estv\u00ed varov\u00e1n\u00ed syst\u00e9m umo\u017e\u0148uje vytvo\u0159en\u00ed \u010dasov\u00e9ho intervalu, b\u011bhem n\u011bj\u017e m\u016f\u017ee b\u00fdt odesl\u00e1na jen jedna zpr\u00e1va\/upozorn\u011bn\u00ed.<\/p>\t\t\t\t\t\t<\/div>\n\t\t\t\t<\/div>\n\t\t\t\t\t<\/div>\n\t\t<\/div>\n\t\t\t\t<div class=\"elementor-column elementor-col-50 elementor-inner-column elementor-element elementor-element-bbdba0e\" data-id=\"bbdba0e\" data-element_type=\"column\">\n\t\t\t<div class=\"elementor-widget-wrap elementor-element-populated\">\n\t\t\t\t\t\t<div class=\"elementor-element elementor-element-1907d5e monitor-right elementor-widget elementor-widget-image\" data-id=\"1907d5e\" data-element_type=\"widget\" data-widget_type=\"image.default\">\n\t\t\t\t<div class=\"elementor-widget-container\">\n\t\t\t\t\t\t\t\t\t\t\t\t\t<img width=\"1024\" height=\"520\" src=\"https:\/\/i.mwtsolutions.eu\/wp-content\/uploads\/2020\/08\/APM4-1024x520.png\" class=\"attachment-large size-large wp-image-68300\" alt=\"\" srcset=\"https:\/\/i.mwtsolutions.eu\/wp-content\/uploads\/2020\/08\/APM4-1024x520.png 1024w, https:\/\/i.mwtsolutions.eu\/wp-content\/uploads\/2020\/08\/APM4-300x152.png 300w, https:\/\/i.mwtsolutions.eu\/wp-content\/uploads\/2020\/08\/APM4-768x390.png 768w, https:\/\/i.mwtsolutions.eu\/wp-content\/uploads\/2020\/08\/APM4-1536x780.png 1536w, https:\/\/i.mwtsolutions.eu\/wp-content\/uploads\/2020\/08\/APM4-2048x1040.png 2048w\" sizes=\"(max-width: 1024px) 100vw, 1024px\" \/>\t\t\t\t\t\t\t\t\t\t\t\t\t<\/div>\n\t\t\t\t<\/div>\n\t\t\t\t\t<\/div>\n\t\t<\/div>\n\t\t\t\t\t<\/div>\n\t\t<\/section>\n\t\t\t\t<section class=\"elementor-section elementor-inner-section elementor-element elementor-element-a14b8b6 elementor-reverse-mobile elementor-section-boxed elementor-section-height-default elementor-section-height-default force-full-width-no\" data-id=\"a14b8b6\" data-element_type=\"section\">\n\t\t\t\t\t\t<div class=\"elementor-container elementor-column-gap-default\">\n\t\t\t\t\t<div class=\"elementor-column elementor-col-50 elementor-inner-column elementor-element elementor-element-1eb3582\" data-id=\"1eb3582\" data-element_type=\"column\">\n\t\t\t<div class=\"elementor-widget-wrap elementor-element-populated\">\n\t\t\t\t\t\t<div class=\"elementor-element elementor-element-3bc3682 monitor-left elementor-widget elementor-widget-image\" data-id=\"3bc3682\" data-element_type=\"widget\" data-widget_type=\"image.default\">\n\t\t\t\t<div class=\"elementor-widget-container\">\n\t\t\t\t\t\t\t\t\t\t\t\t\t<img loading=\"lazy\" width=\"1024\" height=\"527\" src=\"https:\/\/i.mwtsolutions.eu\/wp-content\/uploads\/2020\/08\/APM51-1024x527.png\" class=\"attachment-large size-large wp-image-68302\" alt=\"\" srcset=\"https:\/\/i.mwtsolutions.eu\/wp-content\/uploads\/2020\/08\/APM51-1024x527.png 1024w, https:\/\/i.mwtsolutions.eu\/wp-content\/uploads\/2020\/08\/APM51-300x154.png 300w, https:\/\/i.mwtsolutions.eu\/wp-content\/uploads\/2020\/08\/APM51-768x395.png 768w, https:\/\/i.mwtsolutions.eu\/wp-content\/uploads\/2020\/08\/APM51-1536x791.png 1536w, https:\/\/i.mwtsolutions.eu\/wp-content\/uploads\/2020\/08\/APM51-2048x1054.png 2048w\" sizes=\"(max-width: 1024px) 100vw, 1024px\" \/>\t\t\t\t\t\t\t\t\t\t\t\t\t<\/div>\n\t\t\t\t<\/div>\n\t\t\t\t\t<\/div>\n\t\t<\/div>\n\t\t\t\t<div class=\"elementor-column elementor-col-50 elementor-inner-column elementor-element elementor-element-aaa6ec6\" data-id=\"aaa6ec6\" data-element_type=\"column\">\n\t\t\t<div class=\"elementor-widget-wrap elementor-element-populated\">\n\t\t\t\t\t\t<div class=\"elementor-element elementor-element-90d1b03 elementor-widget elementor-widget-heading\" data-id=\"90d1b03\" data-element_type=\"widget\" data-widget_type=\"heading.default\">\n\t\t\t\t<div class=\"elementor-widget-container\">\n\t\t\t<h3 class=\"elementor-heading-title elementor-size-default\">Prohl\u00ed\u017een\u00ed prost\u0159ed\u00ed s pomoc\u00ed pokro\u010dil\u00fdch report\u016f<\/h3>\t\t<\/div>\n\t\t\t\t<\/div>\n\t\t\t\t<div class=\"elementor-element elementor-element-0fc65c4 elementor-widget elementor-widget-text-editor\" data-id=\"0fc65c4\" data-element_type=\"widget\" data-widget_type=\"text-editor.default\">\n\t\t\t\t<div class=\"elementor-widget-container\">\n\t\t\t\t\t\t\t<p>N\u00e1stroj disponuje \u0161irokou \u0161k\u00e1lou zabudovan\u00fdch report\u016f, d\u00edky nim\u017e si lze prohl\u00e9dnout ka\u017edou akci, kter\u00e1 byla provedena. Syst\u00e9m umo\u017e\u0148uje tvo\u0159it cyklick\u00e9 harmonogramy prov\u00e1d\u011bn\u00ed t\u011bchto report\u016f a zas\u00edl\u00e1n\u00ed vygenerovan\u00e9ho souboru cestou uvedenou v konfiguraci.<\/p>\t\t\t\t\t\t<\/div>\n\t\t\t\t<\/div>\n\t\t\t\t\t<\/div>\n\t\t<\/div>\n\t\t\t\t\t<\/div>\n\t\t<\/section>\n\t\t\t\t<section class=\"elementor-section elementor-inner-section elementor-element elementor-element-3947e31 elementor-section-boxed elementor-section-height-default elementor-section-height-default force-full-width-no\" data-id=\"3947e31\" data-element_type=\"section\">\n\t\t\t\t\t\t<div class=\"elementor-container elementor-column-gap-default\">\n\t\t\t\t\t<div class=\"elementor-column elementor-col-50 elementor-inner-column elementor-element elementor-element-d8e5daa\" data-id=\"d8e5daa\" data-element_type=\"column\">\n\t\t\t<div class=\"elementor-widget-wrap elementor-element-populated\">\n\t\t\t\t\t\t<div class=\"elementor-element elementor-element-ee04c01 elementor-widget elementor-widget-heading\" data-id=\"ee04c01\" data-element_type=\"widget\" data-widget_type=\"heading.default\">\n\t\t\t\t<div class=\"elementor-widget-container\">\n\t\t\t<h3 class=\"elementor-heading-title elementor-size-default\">Podpora mnoha slo\u017eit\u00fdch IT syst\u00e9m\u016f<\/h3>\t\t<\/div>\n\t\t\t\t<\/div>\n\t\t\t\t<div class=\"elementor-element elementor-element-b19c450 elementor-widget elementor-widget-text-editor\" data-id=\"b19c450\" data-element_type=\"widget\" data-widget_type=\"text-editor.default\">\n\t\t\t\t<div class=\"elementor-widget-container\">\n\t\t\t\t\t\t\t<p>Applications Manager podporuje monitorov\u00e1n\u00ed v\u00edce ne\u017e 100 r\u016fzn\u00fdch IT syst\u00e9m\u016f, jako jsou: datab\u00e1ze, serverov\u00e9 aplikace, servery, ERP, s\u00ed\u0165ov\u00e1 za\u0159\u00edzen\u00ed, po\u0161tovn\u00ed servery, slu\u017eby, virtualizace a cloudov\u00e9 aplikace.<\/p>\t\t\t\t\t\t<\/div>\n\t\t\t\t<\/div>\n\t\t\t\t\t<\/div>\n\t\t<\/div>\n\t\t\t\t<div class=\"elementor-column elementor-col-50 elementor-inner-column elementor-element elementor-element-9f0d538\" data-id=\"9f0d538\" data-element_type=\"column\">\n\t\t\t<div class=\"elementor-widget-wrap elementor-element-populated\">\n\t\t\t\t\t\t<div class=\"elementor-element elementor-element-30776e3 monitor-right elementor-widget elementor-widget-image\" data-id=\"30776e3\" data-element_type=\"widget\" data-widget_type=\"image.default\">\n\t\t\t\t<div class=\"elementor-widget-container\">\n\t\t\t\t\t\t\t\t\t\t\t\t\t<img loading=\"lazy\" width=\"1024\" height=\"520\" src=\"https:\/\/i.mwtsolutions.eu\/wp-content\/uploads\/2020\/08\/APM3-1024x520.png\" class=\"attachment-large size-large wp-image-68304\" alt=\"\" srcset=\"https:\/\/i.mwtsolutions.eu\/wp-content\/uploads\/2020\/08\/APM3-1024x520.png 1024w, https:\/\/i.mwtsolutions.eu\/wp-content\/uploads\/2020\/08\/APM3-300x152.png 300w, https:\/\/i.mwtsolutions.eu\/wp-content\/uploads\/2020\/08\/APM3-768x390.png 768w, https:\/\/i.mwtsolutions.eu\/wp-content\/uploads\/2020\/08\/APM3-1536x780.png 1536w, https:\/\/i.mwtsolutions.eu\/wp-content\/uploads\/2020\/08\/APM3-2048x1040.png 2048w\" sizes=\"(max-width: 1024px) 100vw, 1024px\" \/>\t\t\t\t\t\t\t\t\t\t\t\t\t<\/div>\n\t\t\t\t<\/div>\n\t\t\t\t\t<\/div>\n\t\t<\/div>\n\t\t\t\t\t<\/div>\n\t\t<\/section>\n\t\t\t\t\t<\/div>\n\t\t<\/div>\n\t\t\t\t\t<\/div>\n\t\t<\/section>\n\t\t\t\t<\/div>\n\t\t","protected":false},"excerpt":{"rendered":"<p>FUNKCE Monitorov\u00e1n\u00ed jednotliv\u00fdch slu\u017eeb v prost\u0159ed\u00ed Syst\u00e9m disponuje mo\u017enost\u00ed monitorov\u00e1n\u00ed aplikace v dan\u00e9m prost\u0159ed\u00ed na z\u00e1klad\u011b jejich dostupnosti, reak\u010dn\u00ed doby i vyu\u017eit\u00ed procesoru, opera\u010dn\u00ed pam\u011bti a diskov\u00e9 pam\u011bti. Ke ka\u017ed\u00e9mu z monitor\u016f lze p\u0159i\u0159adit individu\u00e1ln\u00ed profil spu\u0161t\u011bn\u00ed poplachu v p\u0159\u00edpad\u011b kritick\u00e9 situace. Seskupov\u00e1n\u00ed monitor\u016f za \u00fa\u010delem lep\u0161\u00edho n\u00e1hledu Applications Manager seskupuje monitory na z\u00e1klad\u011b kategori\u00ed [&hellip;]<\/p>\n","protected":false},"author":20,"featured_media":0,"parent":67101,"menu_order":10,"comment_status":"closed","ping_status":"closed","template":"page-templates\/single-product.php","meta":{"content-type":"","om_disable_all_campaigns":false,"inline_featured_image":false,"_monsterinsights_skip_tracking":false,"_monsterinsights_sitenote_active":false,"_monsterinsights_sitenote_note":"","_monsterinsights_sitenote_category":0,"_links_to":"","_links_to_target":""},"acf":[],"aioseo_notices":[],"yoast_head":"<!-- This site is optimized with the Yoast SEO plugin v20.6 - https:\/\/yoast.com\/wordpress\/plugins\/seo\/ -->\n<title>Applications Manager | MWT Solutions<\/title>\n<meta name=\"description\" content=\"Applications Manager je \u0159e\u0161en\u00ed pro monitoring v\u00fdkonnosti aplikac\u00ed, kter\u00e9 proaktivn\u011b monitoruje obchodn\u00ed aplikace\" \/>\n<meta name=\"robots\" content=\"index, follow, max-snippet:-1, max-image-preview:large, max-video-preview:-1\" \/>\n<link rel=\"canonical\" href=\"https:\/\/i.mwtsolutions.eu\/cs\/produkty\/monitoring-it\/applications-manager\/\" \/>\n<meta property=\"og:locale\" content=\"cs_CZ\" \/>\n<meta property=\"og:type\" content=\"article\" \/>\n<meta property=\"og:title\" content=\"Applications Manager | MWT Solutions\" \/>\n<meta property=\"og:description\" content=\"Applications Manager je \u0159e\u0161en\u00ed pro monitoring v\u00fdkonnosti aplikac\u00ed, kter\u00e9 proaktivn\u011b monitoruje obchodn\u00ed aplikace\" \/>\n<meta property=\"og:url\" content=\"https:\/\/i.mwtsolutions.eu\/cs\/produkty\/monitoring-it\/applications-manager\/\" \/>\n<meta property=\"og:site_name\" content=\"MWT Solutions\" \/>\n<meta property=\"article:modified_time\" content=\"2025-08-13T14:03:22+00:00\" \/>\n<meta property=\"og:image\" content=\"https:\/\/i.mwtsolutions.eu\/wp-content\/uploads\/2020\/06\/APM1-1024x520.png\" \/>\n<meta name=\"twitter:card\" content=\"summary_large_image\" \/>\n<meta name=\"twitter:label1\" content=\"Odhadovan\u00e1 doba \u010dten\u00ed\" \/>\n\t<meta name=\"twitter:data1\" content=\"3 minuty\" \/>\n<script type=\"application\/ld+json\" class=\"yoast-schema-graph\">{\"@context\":\"https:\/\/schema.org\",\"@graph\":[{\"@type\":\"WebPage\",\"@id\":\"https:\/\/i.mwtsolutions.eu\/cs\/produkty\/monitoring-it\/applications-manager\/\",\"url\":\"https:\/\/i.mwtsolutions.eu\/cs\/produkty\/monitoring-it\/applications-manager\/\",\"name\":\"Applications Manager | MWT Solutions\",\"isPartOf\":{\"@id\":\"https:\/\/i.mwtsolutions.eu\/#website\"},\"datePublished\":\"2020-04-30T13:15:51+00:00\",\"dateModified\":\"2025-08-13T14:03:22+00:00\",\"description\":\"Applications Manager je \u0159e\u0161en\u00ed pro monitoring v\u00fdkonnosti aplikac\u00ed, kter\u00e9 proaktivn\u011b monitoruje obchodn\u00ed aplikace\",\"breadcrumb\":{\"@id\":\"https:\/\/i.mwtsolutions.eu\/cs\/produkty\/monitoring-it\/applications-manager\/#breadcrumb\"},\"inLanguage\":\"cs\",\"potentialAction\":[{\"@type\":\"ReadAction\",\"target\":[\"https:\/\/i.mwtsolutions.eu\/cs\/produkty\/monitoring-it\/applications-manager\/\"]}]},{\"@type\":\"BreadcrumbList\",\"@id\":\"https:\/\/i.mwtsolutions.eu\/cs\/produkty\/monitoring-it\/applications-manager\/#breadcrumb\",\"itemListElement\":[{\"@type\":\"ListItem\",\"position\":1,\"name\":\"Home\",\"item\":\"https:\/\/i.mwtsolutions.eu\/cs\/\"},{\"@type\":\"ListItem\",\"position\":2,\"name\":\"Produkty\",\"item\":\"https:\/\/i.mwtsolutions.eu\/cs\/produkty\/\"},{\"@type\":\"ListItem\",\"position\":3,\"name\":\"Monitoring IT\",\"item\":\"https:\/\/i.mwtsolutions.eu\/cs\/produkty\/monitoring-it\/\"},{\"@type\":\"ListItem\",\"position\":4,\"name\":\"Applications Manager\"}]},{\"@type\":\"WebSite\",\"@id\":\"https:\/\/i.mwtsolutions.eu\/#website\",\"url\":\"https:\/\/i.mwtsolutions.eu\/\",\"name\":\"MWT Solutions\",\"description\":\"Kolejna witryna oparta na WordPressie\",\"publisher\":{\"@id\":\"https:\/\/i.mwtsolutions.eu\/#organization\"},\"potentialAction\":[{\"@type\":\"SearchAction\",\"target\":{\"@type\":\"EntryPoint\",\"urlTemplate\":\"https:\/\/i.mwtsolutions.eu\/?s={search_term_string}\"},\"query-input\":\"required name=search_term_string\"}],\"inLanguage\":\"cs\"},{\"@type\":\"Organization\",\"@id\":\"https:\/\/i.mwtsolutions.eu\/#organization\",\"name\":\"MWT Solutions\",\"url\":\"https:\/\/i.mwtsolutions.eu\/\",\"logo\":{\"@type\":\"ImageObject\",\"inLanguage\":\"cs\",\"@id\":\"https:\/\/i.mwtsolutions.eu\/#\/schema\/logo\/image\/\",\"url\":\"https:\/\/i.mwtsolutions.eu\/wp-content\/uploads\/2025\/05\/logo_MWT_rgb-color-1.png\",\"contentUrl\":\"https:\/\/i.mwtsolutions.eu\/wp-content\/uploads\/2025\/05\/logo_MWT_rgb-color-1.png\",\"width\":2825,\"height\":850,\"caption\":\"MWT Solutions\"},\"image\":{\"@id\":\"https:\/\/i.mwtsolutions.eu\/#\/schema\/logo\/image\/\"},\"sameAs\":[\"https:\/\/pl.linkedin.com\/company\/mwt-solutions\"]}]}<\/script>\n<!-- \/ Yoast SEO plugin. -->","yoast_head_json":{"title":"Applications Manager | MWT Solutions","description":"Applications Manager je \u0159e\u0161en\u00ed pro monitoring v\u00fdkonnosti aplikac\u00ed, kter\u00e9 proaktivn\u011b monitoruje obchodn\u00ed aplikace","robots":{"index":"index","follow":"follow","max-snippet":"max-snippet:-1","max-image-preview":"max-image-preview:large","max-video-preview":"max-video-preview:-1"},"canonical":"https:\/\/i.mwtsolutions.eu\/cs\/produkty\/monitoring-it\/applications-manager\/","og_locale":"cs_CZ","og_type":"article","og_title":"Applications Manager | MWT Solutions","og_description":"Applications Manager je \u0159e\u0161en\u00ed pro monitoring v\u00fdkonnosti aplikac\u00ed, kter\u00e9 proaktivn\u011b monitoruje obchodn\u00ed aplikace","og_url":"https:\/\/i.mwtsolutions.eu\/cs\/produkty\/monitoring-it\/applications-manager\/","og_site_name":"MWT Solutions","article_modified_time":"2025-08-13T14:03:22+00:00","og_image":[{"url":"https:\/\/i.mwtsolutions.eu\/wp-content\/uploads\/2020\/06\/APM1-1024x520.png"}],"twitter_card":"summary_large_image","twitter_misc":{"Odhadovan\u00e1 doba \u010dten\u00ed":"3 minuty"},"schema":{"@context":"https:\/\/schema.org","@graph":[{"@type":"WebPage","@id":"https:\/\/i.mwtsolutions.eu\/cs\/produkty\/monitoring-it\/applications-manager\/","url":"https:\/\/i.mwtsolutions.eu\/cs\/produkty\/monitoring-it\/applications-manager\/","name":"Applications Manager | MWT Solutions","isPartOf":{"@id":"https:\/\/i.mwtsolutions.eu\/#website"},"datePublished":"2020-04-30T13:15:51+00:00","dateModified":"2025-08-13T14:03:22+00:00","description":"Applications Manager je \u0159e\u0161en\u00ed pro monitoring v\u00fdkonnosti aplikac\u00ed, kter\u00e9 proaktivn\u011b monitoruje obchodn\u00ed aplikace","breadcrumb":{"@id":"https:\/\/i.mwtsolutions.eu\/cs\/produkty\/monitoring-it\/applications-manager\/#breadcrumb"},"inLanguage":"cs","potentialAction":[{"@type":"ReadAction","target":["https:\/\/i.mwtsolutions.eu\/cs\/produkty\/monitoring-it\/applications-manager\/"]}]},{"@type":"BreadcrumbList","@id":"https:\/\/i.mwtsolutions.eu\/cs\/produkty\/monitoring-it\/applications-manager\/#breadcrumb","itemListElement":[{"@type":"ListItem","position":1,"name":"Home","item":"https:\/\/i.mwtsolutions.eu\/cs\/"},{"@type":"ListItem","position":2,"name":"Produkty","item":"https:\/\/i.mwtsolutions.eu\/cs\/produkty\/"},{"@type":"ListItem","position":3,"name":"Monitoring IT","item":"https:\/\/i.mwtsolutions.eu\/cs\/produkty\/monitoring-it\/"},{"@type":"ListItem","position":4,"name":"Applications Manager"}]},{"@type":"WebSite","@id":"https:\/\/i.mwtsolutions.eu\/#website","url":"https:\/\/i.mwtsolutions.eu\/","name":"MWT Solutions","description":"Kolejna witryna oparta na WordPressie","publisher":{"@id":"https:\/\/i.mwtsolutions.eu\/#organization"},"potentialAction":[{"@type":"SearchAction","target":{"@type":"EntryPoint","urlTemplate":"https:\/\/i.mwtsolutions.eu\/?s={search_term_string}"},"query-input":"required name=search_term_string"}],"inLanguage":"cs"},{"@type":"Organization","@id":"https:\/\/i.mwtsolutions.eu\/#organization","name":"MWT Solutions","url":"https:\/\/i.mwtsolutions.eu\/","logo":{"@type":"ImageObject","inLanguage":"cs","@id":"https:\/\/i.mwtsolutions.eu\/#\/schema\/logo\/image\/","url":"https:\/\/i.mwtsolutions.eu\/wp-content\/uploads\/2025\/05\/logo_MWT_rgb-color-1.png","contentUrl":"https:\/\/i.mwtsolutions.eu\/wp-content\/uploads\/2025\/05\/logo_MWT_rgb-color-1.png","width":2825,"height":850,"caption":"MWT Solutions"},"image":{"@id":"https:\/\/i.mwtsolutions.eu\/#\/schema\/logo\/image\/"},"sameAs":["https:\/\/pl.linkedin.com\/company\/mwt-solutions"]}]}},"_links":{"self":[{"href":"https:\/\/i.mwtsolutions.eu\/cs\/wp-json\/wp\/v2\/pages\/68903"}],"collection":[{"href":"https:\/\/i.mwtsolutions.eu\/cs\/wp-json\/wp\/v2\/pages"}],"about":[{"href":"https:\/\/i.mwtsolutions.eu\/cs\/wp-json\/wp\/v2\/types\/page"}],"author":[{"embeddable":true,"href":"https:\/\/i.mwtsolutions.eu\/cs\/wp-json\/wp\/v2\/users\/20"}],"replies":[{"embeddable":true,"href":"https:\/\/i.mwtsolutions.eu\/cs\/wp-json\/wp\/v2\/comments?post=68903"}],"version-history":[{"count":12,"href":"https:\/\/i.mwtsolutions.eu\/cs\/wp-json\/wp\/v2\/pages\/68903\/revisions"}],"predecessor-version":[{"id":104555,"href":"https:\/\/i.mwtsolutions.eu\/cs\/wp-json\/wp\/v2\/pages\/68903\/revisions\/104555"}],"up":[{"embeddable":true,"href":"https:\/\/i.mwtsolutions.eu\/cs\/wp-json\/wp\/v2\/pages\/67101"}],"wp:attachment":[{"href":"https:\/\/i.mwtsolutions.eu\/cs\/wp-json\/wp\/v2\/media?parent=68903"}],"curies":[{"name":"wp","href":"https:\/\/api.w.org\/{rel}","templated":true}]}}