{"id":69030,"date":"2020-04-30T15:01:11","date_gmt":"2020-04-30T13:01:11","guid":{"rendered":"https:\/\/mwtsolutions.eu\/produkty\/active-directory\/audyt-udzialow-sieciowych-datasecurity-plus\/"},"modified":"2023-12-08T09:43:15","modified_gmt":"2023-12-08T08:43:15","slug":"datasecurity-plus","status":"publish","type":"page","link":"https:\/\/i.mwtsolutions.eu\/cs\/produkty\/security-it\/datasecurity-plus\/","title":{"rendered":"DataSecurity Plus"},"content":{"rendered":"\t\t<div data-elementor-type=\"wp-page\" data-elementor-id=\"69030\" class=\"elementor elementor-69030 elementor-546\" data-elementor-post-type=\"page\">\n\t\t\t\t\t\t<section class=\"elementor-section elementor-top-section elementor-element elementor-element-2938319 elementor-section-boxed elementor-section-height-default elementor-section-height-default force-full-width-no\" data-id=\"2938319\" data-element_type=\"section\">\n\t\t\t\t\t\t<div class=\"elementor-container elementor-column-gap-default\">\n\t\t\t\t\t<div class=\"elementor-column elementor-col-100 elementor-top-column elementor-element elementor-element-c2f24a8\" data-id=\"c2f24a8\" data-element_type=\"column\">\n\t\t\t<div class=\"elementor-widget-wrap elementor-element-populated\">\n\t\t\t\t\t\t<div class=\"elementor-element elementor-element-f181f49 elementor-widget elementor-widget-heading\" data-id=\"f181f49\" data-element_type=\"widget\" data-widget_type=\"heading.default\">\n\t\t\t\t<div class=\"elementor-widget-container\">\n\t\t\t<h2 class=\"elementor-heading-title elementor-size-default\">FUNKCE<\/h2>\t\t<\/div>\n\t\t\t\t<\/div>\n\t\t\t\t<section class=\"elementor-section elementor-inner-section elementor-element elementor-element-b64676b elementor-section-boxed elementor-section-height-default elementor-section-height-default force-full-width-no\" data-id=\"b64676b\" data-element_type=\"section\">\n\t\t\t\t\t\t<div class=\"elementor-container elementor-column-gap-default\">\n\t\t\t\t\t<div class=\"elementor-column elementor-col-50 elementor-inner-column elementor-element elementor-element-0839e6f\" data-id=\"0839e6f\" data-element_type=\"column\">\n\t\t\t<div class=\"elementor-widget-wrap elementor-element-populated\">\n\t\t\t\t\t\t<div class=\"elementor-element elementor-element-8f082ae elementor-widget elementor-widget-heading\" data-id=\"8f082ae\" data-element_type=\"widget\" data-widget_type=\"heading.default\">\n\t\t\t\t<div class=\"elementor-widget-container\">\n\t\t\t<h3 class=\"elementor-heading-title elementor-size-default\">Mo\u017enost auditov\u00e1n\u00ed s\u00ed\u0165ov\u00fdch \u00falo\u017ei\u0161\u0165<\/h3>\t\t<\/div>\n\t\t\t\t<\/div>\n\t\t\t\t<div class=\"elementor-element elementor-element-2aa45ea elementor-widget elementor-widget-text-editor\" data-id=\"2aa45ea\" data-element_type=\"widget\" data-widget_type=\"text-editor.default\">\n\t\t\t\t<div class=\"elementor-widget-container\">\n\t\t\t\t\t\t\t<p>Zabezpe\u010den\u00ed s\u00ed\u0165ov\u00fdch sd\u00edlen\u00ed je hlavn\u00ed funkcionalitou DataSecurity Plus. Syst\u00e9m tak\u00e9 um\u00ed sledovat a graficky prezentovat archivn\u00ed data, jako je p\u0159\u00edstup k soubor\u016fm a akce v nich prov\u00e1d\u011bn\u00e9. S vyu\u017eit\u00edm DataSecurity Plus jsme tak\u00e9 schopni ov\u011b\u0159it ud\u00e1losti, kter\u00e9 se odehr\u00e1ly lok\u00e1ln\u011b na disc\u00edch. Je pozoruhodn\u00e9, \u017ee \u0159e\u0161en\u00ed tak\u00e9 umo\u017e\u0148uje kontrolovat historii um\u00edst\u011bn\u00ed soubor\u016f.<\/p>\t\t\t\t\t\t<\/div>\n\t\t\t\t<\/div>\n\t\t\t\t\t<\/div>\n\t\t<\/div>\n\t\t\t\t<div class=\"elementor-column elementor-col-50 elementor-inner-column elementor-element elementor-element-d8ce70f\" data-id=\"d8ce70f\" data-element_type=\"column\">\n\t\t\t<div class=\"elementor-widget-wrap elementor-element-populated\">\n\t\t\t\t\t\t<div class=\"elementor-element elementor-element-d446ca1 monitor-right elementor-widget elementor-widget-image\" data-id=\"d446ca1\" data-element_type=\"widget\" data-widget_type=\"image.default\">\n\t\t\t\t<div class=\"elementor-widget-container\">\n\t\t\t\t\t\t\t\t\t\t\t\t\t<img fetchpriority=\"high\" width=\"1898\" height=\"964\" src=\"https:\/\/i.mwtsolutions.eu\/wp-content\/uploads\/2020\/07\/Audyt-udzia\u0142\u00f3w.png\" class=\"attachment-full size-full wp-image-67970\" alt=\"\" srcset=\"https:\/\/i.mwtsolutions.eu\/wp-content\/uploads\/2020\/07\/Audyt-udzia\u0142\u00f3w.png 1898w, https:\/\/i.mwtsolutions.eu\/wp-content\/uploads\/2020\/07\/Audyt-udzia\u0142\u00f3w-300x152.png 300w, https:\/\/i.mwtsolutions.eu\/wp-content\/uploads\/2020\/07\/Audyt-udzia\u0142\u00f3w-1024x520.png 1024w, https:\/\/i.mwtsolutions.eu\/wp-content\/uploads\/2020\/07\/Audyt-udzia\u0142\u00f3w-768x390.png 768w, https:\/\/i.mwtsolutions.eu\/wp-content\/uploads\/2020\/07\/Audyt-udzia\u0142\u00f3w-1536x780.png 1536w\" sizes=\"(max-width: 1898px) 100vw, 1898px\" \/>\t\t\t\t\t\t\t\t\t\t\t\t\t<\/div>\n\t\t\t\t<\/div>\n\t\t\t\t\t<\/div>\n\t\t<\/div>\n\t\t\t\t\t<\/div>\n\t\t<\/section>\n\t\t\t\t<section class=\"elementor-section elementor-inner-section elementor-element elementor-element-bb6ffbd elementor-reverse-mobile elementor-section-boxed elementor-section-height-default elementor-section-height-default force-full-width-no\" data-id=\"bb6ffbd\" data-element_type=\"section\">\n\t\t\t\t\t\t<div class=\"elementor-container elementor-column-gap-default\">\n\t\t\t\t\t<div class=\"elementor-column elementor-col-50 elementor-inner-column elementor-element elementor-element-8a2f777\" data-id=\"8a2f777\" data-element_type=\"column\">\n\t\t\t<div class=\"elementor-widget-wrap elementor-element-populated\">\n\t\t\t\t\t\t<div class=\"elementor-element elementor-element-2872580 monitor-left elementor-widget elementor-widget-image\" data-id=\"2872580\" data-element_type=\"widget\" data-widget_type=\"image.default\">\n\t\t\t\t<div class=\"elementor-widget-container\">\n\t\t\t\t\t\t\t\t\t\t\t\t\t<img width=\"1915\" height=\"766\" src=\"https:\/\/i.mwtsolutions.eu\/wp-content\/uploads\/2020\/07\/Generowanie-alert\u00f3w.png\" class=\"attachment-full size-full wp-image-67972\" alt=\"\" srcset=\"https:\/\/i.mwtsolutions.eu\/wp-content\/uploads\/2020\/07\/Generowanie-alert\u00f3w.png 1915w, https:\/\/i.mwtsolutions.eu\/wp-content\/uploads\/2020\/07\/Generowanie-alert\u00f3w-300x120.png 300w, https:\/\/i.mwtsolutions.eu\/wp-content\/uploads\/2020\/07\/Generowanie-alert\u00f3w-1024x410.png 1024w, https:\/\/i.mwtsolutions.eu\/wp-content\/uploads\/2020\/07\/Generowanie-alert\u00f3w-768x307.png 768w, https:\/\/i.mwtsolutions.eu\/wp-content\/uploads\/2020\/07\/Generowanie-alert\u00f3w-1536x614.png 1536w\" sizes=\"(max-width: 1915px) 100vw, 1915px\" \/>\t\t\t\t\t\t\t\t\t\t\t\t\t<\/div>\n\t\t\t\t<\/div>\n\t\t\t\t\t<\/div>\n\t\t<\/div>\n\t\t\t\t<div class=\"elementor-column elementor-col-50 elementor-inner-column elementor-element elementor-element-536fcc8\" data-id=\"536fcc8\" data-element_type=\"column\">\n\t\t\t<div class=\"elementor-widget-wrap elementor-element-populated\">\n\t\t\t\t\t\t<div class=\"elementor-element elementor-element-f2a7cc7 elementor-widget elementor-widget-heading\" data-id=\"f2a7cc7\" data-element_type=\"widget\" data-widget_type=\"heading.default\">\n\t\t\t\t<div class=\"elementor-widget-container\">\n\t\t\t<h3 class=\"elementor-heading-title elementor-size-default\">Funkce generov\u00e1n\u00ed poplach\u016f v p\u0159\u00edpad\u011b kop\u00edrov\u00e1n\u00ed citliv\u00fdch dat<\/h3>\t\t<\/div>\n\t\t\t\t<\/div>\n\t\t\t\t<div class=\"elementor-element elementor-element-8e5c345 elementor-widget elementor-widget-text-editor\" data-id=\"8e5c345\" data-element_type=\"widget\" data-widget_type=\"text-editor.default\">\n\t\t\t\t<div class=\"elementor-widget-container\">\n\t\t\t\t\t\t\t<p>Data Security Plus dok\u00e1\u017ee vytvo\u0159it v\u00fdstrahu pro spr\u00e1vce syst\u00e9mu t\u00fdkaj\u00edc\u00ed se pokusu o kop\u00edrov\u00e1n\u00ed citliv\u00fdch dat. Upozorn\u011bn\u00ed m\u016f\u017ee obsahovat podrobn\u00e9 informace o za\u0159\u00edzen\u00ed i o osob\u011b, kter\u00e1 se pokou\u0161ela ohrozit d\u016fv\u011brnost firmy.<\/p>\t\t\t\t\t\t<\/div>\n\t\t\t\t<\/div>\n\t\t\t\t\t<\/div>\n\t\t<\/div>\n\t\t\t\t\t<\/div>\n\t\t<\/section>\n\t\t\t\t<section class=\"elementor-section elementor-inner-section elementor-element elementor-element-62fa983 elementor-section-boxed elementor-section-height-default elementor-section-height-default force-full-width-no\" data-id=\"62fa983\" data-element_type=\"section\">\n\t\t\t\t\t\t<div class=\"elementor-container elementor-column-gap-default\">\n\t\t\t\t\t<div class=\"elementor-column elementor-col-50 elementor-inner-column elementor-element elementor-element-7d04792\" data-id=\"7d04792\" data-element_type=\"column\">\n\t\t\t<div class=\"elementor-widget-wrap elementor-element-populated\">\n\t\t\t\t\t\t<div class=\"elementor-element elementor-element-bbe5a34 elementor-widget elementor-widget-heading\" data-id=\"bbe5a34\" data-element_type=\"widget\" data-widget_type=\"heading.default\">\n\t\t\t\t<div class=\"elementor-widget-container\">\n\t\t\t<h3 class=\"elementor-heading-title elementor-size-default\">P\u0159\u00edstup ke komplexn\u00edm report\u016fm<\/h3>\t\t<\/div>\n\t\t\t\t<\/div>\n\t\t\t\t<div class=\"elementor-element elementor-element-9c71eeb elementor-widget elementor-widget-text-editor\" data-id=\"9c71eeb\" data-element_type=\"widget\" data-widget_type=\"text-editor.default\">\n\t\t\t\t<div class=\"elementor-widget-container\">\n\t\t\t\t\t\t\t<p>Syst\u00e9m zabezpe\u010den\u00ed firemn\u00edch dat umo\u017e\u0148uje p\u0159\u00edstup k \u0161irok\u00e9 datab\u00e1zi report\u016f. Tvo\u0159\u00ed je na z\u00e1klad\u011b anal\u00fdzy soubor\u016f obsa\u017een\u00fdch v prost\u0159ed\u00ed.<\/p>\t\t\t\t\t\t<\/div>\n\t\t\t\t<\/div>\n\t\t\t\t\t<\/div>\n\t\t<\/div>\n\t\t\t\t<div class=\"elementor-column elementor-col-50 elementor-inner-column elementor-element elementor-element-dbe4fdf\" data-id=\"dbe4fdf\" data-element_type=\"column\">\n\t\t\t<div class=\"elementor-widget-wrap elementor-element-populated\">\n\t\t\t\t\t\t<div class=\"elementor-element elementor-element-9648bf8 monitor-center elementor-widget elementor-widget-image\" data-id=\"9648bf8\" data-element_type=\"widget\" data-widget_type=\"image.default\">\n\t\t\t\t<div class=\"elementor-widget-container\">\n\t\t\t\t\t\t\t\t\t\t\t\t\t<img width=\"1899\" height=\"896\" src=\"https:\/\/i.mwtsolutions.eu\/wp-content\/uploads\/2020\/07\/Raporty-2.png\" class=\"attachment-full size-full wp-image-67978\" alt=\"\" srcset=\"https:\/\/i.mwtsolutions.eu\/wp-content\/uploads\/2020\/07\/Raporty-2.png 1899w, https:\/\/i.mwtsolutions.eu\/wp-content\/uploads\/2020\/07\/Raporty-2-300x142.png 300w, https:\/\/i.mwtsolutions.eu\/wp-content\/uploads\/2020\/07\/Raporty-2-1024x483.png 1024w, https:\/\/i.mwtsolutions.eu\/wp-content\/uploads\/2020\/07\/Raporty-2-768x362.png 768w, https:\/\/i.mwtsolutions.eu\/wp-content\/uploads\/2020\/07\/Raporty-2-1536x725.png 1536w\" sizes=\"(max-width: 1899px) 100vw, 1899px\" \/>\t\t\t\t\t\t\t\t\t\t\t\t\t<\/div>\n\t\t\t\t<\/div>\n\t\t\t\t\t<\/div>\n\t\t<\/div>\n\t\t\t\t\t<\/div>\n\t\t<\/section>\n\t\t\t\t<section class=\"elementor-section elementor-inner-section elementor-element elementor-element-5767409 elementor-reverse-mobile elementor-section-boxed elementor-section-height-default elementor-section-height-default force-full-width-no\" data-id=\"5767409\" data-element_type=\"section\">\n\t\t\t\t\t\t<div class=\"elementor-container elementor-column-gap-default\">\n\t\t\t\t\t<div class=\"elementor-column elementor-col-50 elementor-inner-column elementor-element elementor-element-be8d885\" data-id=\"be8d885\" data-element_type=\"column\">\n\t\t\t<div class=\"elementor-widget-wrap elementor-element-populated\">\n\t\t\t\t\t\t<div class=\"elementor-element elementor-element-84b8856 monitor-left elementor-widget elementor-widget-image\" data-id=\"84b8856\" data-element_type=\"widget\" data-widget_type=\"image.default\">\n\t\t\t\t<div class=\"elementor-widget-container\">\n\t\t\t\t\t\t\t\t\t\t\t\t\t<img loading=\"lazy\" width=\"1903\" height=\"941\" src=\"https:\/\/i.mwtsolutions.eu\/wp-content\/uploads\/2020\/07\/Regexy.png\" class=\"attachment-full size-full wp-image-67976\" alt=\"\" srcset=\"https:\/\/i.mwtsolutions.eu\/wp-content\/uploads\/2020\/07\/Regexy.png 1903w, https:\/\/i.mwtsolutions.eu\/wp-content\/uploads\/2020\/07\/Regexy-300x148.png 300w, https:\/\/i.mwtsolutions.eu\/wp-content\/uploads\/2020\/07\/Regexy-1024x506.png 1024w, https:\/\/i.mwtsolutions.eu\/wp-content\/uploads\/2020\/07\/Regexy-768x380.png 768w, https:\/\/i.mwtsolutions.eu\/wp-content\/uploads\/2020\/07\/Regexy-1536x760.png 1536w\" sizes=\"(max-width: 1903px) 100vw, 1903px\" \/>\t\t\t\t\t\t\t\t\t\t\t\t\t<\/div>\n\t\t\t\t<\/div>\n\t\t\t\t\t<\/div>\n\t\t<\/div>\n\t\t\t\t<div class=\"elementor-column elementor-col-50 elementor-inner-column elementor-element elementor-element-7d61248\" data-id=\"7d61248\" data-element_type=\"column\">\n\t\t\t<div class=\"elementor-widget-wrap elementor-element-populated\">\n\t\t\t\t\t\t<div class=\"elementor-element elementor-element-c5a3307 elementor-widget elementor-widget-heading\" data-id=\"c5a3307\" data-element_type=\"widget\" data-widget_type=\"heading.default\">\n\t\t\t\t<div class=\"elementor-widget-container\">\n\t\t\t<h3 class=\"elementor-heading-title elementor-size-default\">Vyhled\u00e1v\u00e1n\u00ed citliv\u00fdch dat na z\u00e1klad\u011b REGEX<\/h3>\t\t<\/div>\n\t\t\t\t<\/div>\n\t\t\t\t<div class=\"elementor-element elementor-element-dde95ec elementor-widget elementor-widget-text-editor\" data-id=\"dde95ec\" data-element_type=\"widget\" data-widget_type=\"text-editor.default\">\n\t\t\t\t<div class=\"elementor-widget-container\">\n\t\t\t\t\t\t\t<p>Po nakonfigurov\u00e1n\u00ed regul\u00e1rn\u00edch v\u00fdraz\u016f je syst\u00e9m schopen analyzovat cel\u00e9 v\u010detn\u011b v\u0161ech jeho soubor\u016f. Po proveden\u00ed akce bude p\u0159edstaven grafick\u00fd report spole\u010dn\u011b s informacemi o v\u00fdsledc\u00edch (n\u00e1zev, lokalizace, zdroj atd.).<\/p>\t\t\t\t\t\t<\/div>\n\t\t\t\t<\/div>\n\t\t\t\t\t<\/div>\n\t\t<\/div>\n\t\t\t\t\t<\/div>\n\t\t<\/section>\n\t\t\t\t<section class=\"elementor-section elementor-inner-section elementor-element elementor-element-e00125f elementor-section-boxed elementor-section-height-default elementor-section-height-default force-full-width-no\" data-id=\"e00125f\" data-element_type=\"section\">\n\t\t\t\t\t\t<div class=\"elementor-container elementor-column-gap-default\">\n\t\t\t\t\t<div class=\"elementor-column elementor-col-50 elementor-inner-column elementor-element elementor-element-db542dc\" data-id=\"db542dc\" data-element_type=\"column\">\n\t\t\t<div class=\"elementor-widget-wrap elementor-element-populated\">\n\t\t\t\t\t\t<div class=\"elementor-element elementor-element-b60a371 elementor-widget elementor-widget-heading\" data-id=\"b60a371\" data-element_type=\"widget\" data-widget_type=\"heading.default\">\n\t\t\t\t<div class=\"elementor-widget-container\">\n\t\t\t<h3 class=\"elementor-heading-title elementor-size-default\">Mo\u017enost auditov\u00e1n\u00ed pokus\u016f o z\u00edsk\u00e1n\u00ed dat koncov\u00fdm u\u017eivatelem<\/h3>\t\t<\/div>\n\t\t\t\t<\/div>\n\t\t\t\t<div class=\"elementor-element elementor-element-dc50156 elementor-widget elementor-widget-text-editor\" data-id=\"dc50156\" data-element_type=\"widget\" data-widget_type=\"text-editor.default\">\n\t\t\t\t<div class=\"elementor-widget-container\">\n\t\t\t\t\t\t\t<p>DataSecurity Plus disponuje modulem informuj\u00edc\u00edm spr\u00e1vce o pokusu st\u00e1hnout data u\u017eivatelem nebo je zkop\u00edrovat na za\u0159\u00edzen\u00ed USB. Zpr\u00e1va pro technika bude obsahovat informace o tom, jak\u00fd u\u017eivatel z jak\u00e9ho po\u010d\u00edta\u010de nebo IP adresy cht\u011bl st\u00e1hnout dan\u00e9 soubory\/informace. Syst\u00e9m zabezpe\u010den\u00ed firemn\u00edch dat tak\u00e9 dok\u00e1\u017ee na tyto pokusy reagovat blokov\u00e1n\u00edm za\u0159\u00edzen\u00ed USB.<\/p>\t\t\t\t\t\t<\/div>\n\t\t\t\t<\/div>\n\t\t\t\t\t<\/div>\n\t\t<\/div>\n\t\t\t\t<div class=\"elementor-column elementor-col-50 elementor-inner-column elementor-element elementor-element-1cb596e\" data-id=\"1cb596e\" data-element_type=\"column\">\n\t\t\t<div class=\"elementor-widget-wrap elementor-element-populated\">\n\t\t\t\t\t\t<div class=\"elementor-element elementor-element-c84f4fc monitor-right elementor-widget elementor-widget-image\" data-id=\"c84f4fc\" data-element_type=\"widget\" data-widget_type=\"image.default\">\n\t\t\t\t<div class=\"elementor-widget-container\">\n\t\t\t\t\t\t\t\t\t\t\t\t\t<img loading=\"lazy\" width=\"1910\" height=\"927\" src=\"https:\/\/i.mwtsolutions.eu\/wp-content\/uploads\/2020\/07\/Audyt-pr\u00f3b-wyci\u0105gni\u0119cia-danych.png\" class=\"attachment-full size-full wp-image-67974\" alt=\"\" srcset=\"https:\/\/i.mwtsolutions.eu\/wp-content\/uploads\/2020\/07\/Audyt-pr\u00f3b-wyci\u0105gni\u0119cia-danych.png 1910w, https:\/\/i.mwtsolutions.eu\/wp-content\/uploads\/2020\/07\/Audyt-pr\u00f3b-wyci\u0105gni\u0119cia-danych-300x146.png 300w, https:\/\/i.mwtsolutions.eu\/wp-content\/uploads\/2020\/07\/Audyt-pr\u00f3b-wyci\u0105gni\u0119cia-danych-1024x497.png 1024w, https:\/\/i.mwtsolutions.eu\/wp-content\/uploads\/2020\/07\/Audyt-pr\u00f3b-wyci\u0105gni\u0119cia-danych-768x373.png 768w, https:\/\/i.mwtsolutions.eu\/wp-content\/uploads\/2020\/07\/Audyt-pr\u00f3b-wyci\u0105gni\u0119cia-danych-1536x745.png 1536w\" sizes=\"(max-width: 1910px) 100vw, 1910px\" \/>\t\t\t\t\t\t\t\t\t\t\t\t\t<\/div>\n\t\t\t\t<\/div>\n\t\t\t\t\t<\/div>\n\t\t<\/div>\n\t\t\t\t\t<\/div>\n\t\t<\/section>\n\t\t\t\t\t<\/div>\n\t\t<\/div>\n\t\t\t\t\t<\/div>\n\t\t<\/section>\n\t\t\t\t<\/div>\n\t\t","protected":false},"excerpt":{"rendered":"<p>FUNKCE Mo\u017enost auditov\u00e1n\u00ed s\u00ed\u0165ov\u00fdch \u00falo\u017ei\u0161\u0165 Zabezpe\u010den\u00ed s\u00ed\u0165ov\u00fdch sd\u00edlen\u00ed je hlavn\u00ed funkcionalitou DataSecurity Plus. Syst\u00e9m tak\u00e9 um\u00ed sledovat a graficky prezentovat archivn\u00ed data, jako je p\u0159\u00edstup k soubor\u016fm a akce v nich prov\u00e1d\u011bn\u00e9. S vyu\u017eit\u00edm DataSecurity Plus jsme tak\u00e9 schopni ov\u011b\u0159it ud\u00e1losti, kter\u00e9 se odehr\u00e1ly lok\u00e1ln\u011b na disc\u00edch. Je pozoruhodn\u00e9, \u017ee \u0159e\u0161en\u00ed tak\u00e9 umo\u017e\u0148uje kontrolovat historii [&hellip;]<\/p>\n","protected":false},"author":20,"featured_media":0,"parent":67099,"menu_order":10,"comment_status":"closed","ping_status":"closed","template":"page-templates\/single-product.php","meta":{"content-type":"","om_disable_all_campaigns":false,"inline_featured_image":false,"_monsterinsights_skip_tracking":false,"_monsterinsights_sitenote_active":false,"_monsterinsights_sitenote_note":"","_monsterinsights_sitenote_category":0,"_links_to":"","_links_to_target":""},"acf":[],"aioseo_notices":[],"yoast_head":"<!-- This site is optimized with the Yoast SEO plugin v20.6 - https:\/\/yoast.com\/wordpress\/plugins\/seo\/ -->\n<title>DataSecurity Plus | MWT Solutions<\/title>\n<meta name=\"description\" content=\"Ochrana dat spole\u010dnosti p\u0159ed jejich \u00fanikem nebo odcizen\u00edm se zabudovan\u00fdmi reporty, s informacemi o stavu prost\u0159ed\u00ed.\" \/>\n<meta name=\"robots\" content=\"index, follow, max-snippet:-1, max-image-preview:large, max-video-preview:-1\" \/>\n<link rel=\"canonical\" href=\"https:\/\/i.mwtsolutions.eu\/cs\/produkty\/security-it\/datasecurity-plus\/\" \/>\n<meta property=\"og:locale\" content=\"cs_CZ\" \/>\n<meta property=\"og:type\" content=\"article\" \/>\n<meta property=\"og:title\" content=\"DataSecurity Plus | MWT Solutions\" \/>\n<meta property=\"og:description\" content=\"Ochrana dat spole\u010dnosti p\u0159ed jejich \u00fanikem nebo odcizen\u00edm se zabudovan\u00fdmi reporty, s informacemi o stavu prost\u0159ed\u00ed.\" \/>\n<meta property=\"og:url\" content=\"https:\/\/i.mwtsolutions.eu\/cs\/produkty\/security-it\/datasecurity-plus\/\" \/>\n<meta property=\"og:site_name\" content=\"MWT Solutions\" \/>\n<meta property=\"article:modified_time\" content=\"2023-12-08T08:43:15+00:00\" \/>\n<meta property=\"og:image\" content=\"https:\/\/i.mwtsolutions.eu\/wp-content\/uploads\/2020\/07\/Raporty-2.png\" \/>\n<meta name=\"twitter:card\" content=\"summary_large_image\" \/>\n<meta name=\"twitter:label1\" content=\"Odhadovan\u00e1 doba \u010dten\u00ed\" \/>\n\t<meta name=\"twitter:data1\" content=\"3 minuty\" \/>\n<script type=\"application\/ld+json\" class=\"yoast-schema-graph\">{\"@context\":\"https:\/\/schema.org\",\"@graph\":[{\"@type\":\"WebPage\",\"@id\":\"https:\/\/i.mwtsolutions.eu\/cs\/produkty\/security-it\/datasecurity-plus\/\",\"url\":\"https:\/\/i.mwtsolutions.eu\/cs\/produkty\/security-it\/datasecurity-plus\/\",\"name\":\"DataSecurity Plus | MWT Solutions\",\"isPartOf\":{\"@id\":\"https:\/\/i.mwtsolutions.eu\/#website\"},\"datePublished\":\"2020-04-30T13:01:11+00:00\",\"dateModified\":\"2023-12-08T08:43:15+00:00\",\"description\":\"Ochrana dat spole\u010dnosti p\u0159ed jejich \u00fanikem nebo odcizen\u00edm se zabudovan\u00fdmi reporty, s informacemi o stavu prost\u0159ed\u00ed.\",\"breadcrumb\":{\"@id\":\"https:\/\/i.mwtsolutions.eu\/cs\/produkty\/security-it\/datasecurity-plus\/#breadcrumb\"},\"inLanguage\":\"cs\",\"potentialAction\":[{\"@type\":\"ReadAction\",\"target\":[\"https:\/\/i.mwtsolutions.eu\/cs\/produkty\/security-it\/datasecurity-plus\/\"]}]},{\"@type\":\"BreadcrumbList\",\"@id\":\"https:\/\/i.mwtsolutions.eu\/cs\/produkty\/security-it\/datasecurity-plus\/#breadcrumb\",\"itemListElement\":[{\"@type\":\"ListItem\",\"position\":1,\"name\":\"Home\",\"item\":\"https:\/\/i.mwtsolutions.eu\/cs\/\"},{\"@type\":\"ListItem\",\"position\":2,\"name\":\"Produkty\",\"item\":\"https:\/\/i.mwtsolutions.eu\/cs\/produkty\/\"},{\"@type\":\"ListItem\",\"position\":3,\"name\":\"Security IT\",\"item\":\"https:\/\/i.mwtsolutions.eu\/cs\/produkty\/security-it\/\"},{\"@type\":\"ListItem\",\"position\":4,\"name\":\"DataSecurity Plus\"}]},{\"@type\":\"WebSite\",\"@id\":\"https:\/\/i.mwtsolutions.eu\/#website\",\"url\":\"https:\/\/i.mwtsolutions.eu\/\",\"name\":\"MWT Solutions\",\"description\":\"Kolejna witryna oparta na WordPressie\",\"publisher\":{\"@id\":\"https:\/\/i.mwtsolutions.eu\/#organization\"},\"potentialAction\":[{\"@type\":\"SearchAction\",\"target\":{\"@type\":\"EntryPoint\",\"urlTemplate\":\"https:\/\/i.mwtsolutions.eu\/?s={search_term_string}\"},\"query-input\":\"required name=search_term_string\"}],\"inLanguage\":\"cs\"},{\"@type\":\"Organization\",\"@id\":\"https:\/\/i.mwtsolutions.eu\/#organization\",\"name\":\"MWT Solutions\",\"url\":\"https:\/\/i.mwtsolutions.eu\/\",\"logo\":{\"@type\":\"ImageObject\",\"inLanguage\":\"cs\",\"@id\":\"https:\/\/i.mwtsolutions.eu\/#\/schema\/logo\/image\/\",\"url\":\"https:\/\/i.mwtsolutions.eu\/wp-content\/uploads\/2025\/05\/logo_MWT_rgb-color-1.png\",\"contentUrl\":\"https:\/\/i.mwtsolutions.eu\/wp-content\/uploads\/2025\/05\/logo_MWT_rgb-color-1.png\",\"width\":2825,\"height\":850,\"caption\":\"MWT Solutions\"},\"image\":{\"@id\":\"https:\/\/i.mwtsolutions.eu\/#\/schema\/logo\/image\/\"},\"sameAs\":[\"https:\/\/pl.linkedin.com\/company\/mwt-solutions\"]}]}<\/script>\n<!-- \/ Yoast SEO plugin. -->","yoast_head_json":{"title":"DataSecurity Plus | MWT Solutions","description":"Ochrana dat spole\u010dnosti p\u0159ed jejich \u00fanikem nebo odcizen\u00edm se zabudovan\u00fdmi reporty, s informacemi o stavu prost\u0159ed\u00ed.","robots":{"index":"index","follow":"follow","max-snippet":"max-snippet:-1","max-image-preview":"max-image-preview:large","max-video-preview":"max-video-preview:-1"},"canonical":"https:\/\/i.mwtsolutions.eu\/cs\/produkty\/security-it\/datasecurity-plus\/","og_locale":"cs_CZ","og_type":"article","og_title":"DataSecurity Plus | MWT Solutions","og_description":"Ochrana dat spole\u010dnosti p\u0159ed jejich \u00fanikem nebo odcizen\u00edm se zabudovan\u00fdmi reporty, s informacemi o stavu prost\u0159ed\u00ed.","og_url":"https:\/\/i.mwtsolutions.eu\/cs\/produkty\/security-it\/datasecurity-plus\/","og_site_name":"MWT Solutions","article_modified_time":"2023-12-08T08:43:15+00:00","og_image":[{"url":"https:\/\/i.mwtsolutions.eu\/wp-content\/uploads\/2020\/07\/Raporty-2.png"}],"twitter_card":"summary_large_image","twitter_misc":{"Odhadovan\u00e1 doba \u010dten\u00ed":"3 minuty"},"schema":{"@context":"https:\/\/schema.org","@graph":[{"@type":"WebPage","@id":"https:\/\/i.mwtsolutions.eu\/cs\/produkty\/security-it\/datasecurity-plus\/","url":"https:\/\/i.mwtsolutions.eu\/cs\/produkty\/security-it\/datasecurity-plus\/","name":"DataSecurity Plus | MWT Solutions","isPartOf":{"@id":"https:\/\/i.mwtsolutions.eu\/#website"},"datePublished":"2020-04-30T13:01:11+00:00","dateModified":"2023-12-08T08:43:15+00:00","description":"Ochrana dat spole\u010dnosti p\u0159ed jejich \u00fanikem nebo odcizen\u00edm se zabudovan\u00fdmi reporty, s informacemi o stavu prost\u0159ed\u00ed.","breadcrumb":{"@id":"https:\/\/i.mwtsolutions.eu\/cs\/produkty\/security-it\/datasecurity-plus\/#breadcrumb"},"inLanguage":"cs","potentialAction":[{"@type":"ReadAction","target":["https:\/\/i.mwtsolutions.eu\/cs\/produkty\/security-it\/datasecurity-plus\/"]}]},{"@type":"BreadcrumbList","@id":"https:\/\/i.mwtsolutions.eu\/cs\/produkty\/security-it\/datasecurity-plus\/#breadcrumb","itemListElement":[{"@type":"ListItem","position":1,"name":"Home","item":"https:\/\/i.mwtsolutions.eu\/cs\/"},{"@type":"ListItem","position":2,"name":"Produkty","item":"https:\/\/i.mwtsolutions.eu\/cs\/produkty\/"},{"@type":"ListItem","position":3,"name":"Security IT","item":"https:\/\/i.mwtsolutions.eu\/cs\/produkty\/security-it\/"},{"@type":"ListItem","position":4,"name":"DataSecurity Plus"}]},{"@type":"WebSite","@id":"https:\/\/i.mwtsolutions.eu\/#website","url":"https:\/\/i.mwtsolutions.eu\/","name":"MWT Solutions","description":"Kolejna witryna oparta na WordPressie","publisher":{"@id":"https:\/\/i.mwtsolutions.eu\/#organization"},"potentialAction":[{"@type":"SearchAction","target":{"@type":"EntryPoint","urlTemplate":"https:\/\/i.mwtsolutions.eu\/?s={search_term_string}"},"query-input":"required name=search_term_string"}],"inLanguage":"cs"},{"@type":"Organization","@id":"https:\/\/i.mwtsolutions.eu\/#organization","name":"MWT Solutions","url":"https:\/\/i.mwtsolutions.eu\/","logo":{"@type":"ImageObject","inLanguage":"cs","@id":"https:\/\/i.mwtsolutions.eu\/#\/schema\/logo\/image\/","url":"https:\/\/i.mwtsolutions.eu\/wp-content\/uploads\/2025\/05\/logo_MWT_rgb-color-1.png","contentUrl":"https:\/\/i.mwtsolutions.eu\/wp-content\/uploads\/2025\/05\/logo_MWT_rgb-color-1.png","width":2825,"height":850,"caption":"MWT Solutions"},"image":{"@id":"https:\/\/i.mwtsolutions.eu\/#\/schema\/logo\/image\/"},"sameAs":["https:\/\/pl.linkedin.com\/company\/mwt-solutions"]}]}},"_links":{"self":[{"href":"https:\/\/i.mwtsolutions.eu\/cs\/wp-json\/wp\/v2\/pages\/69030"}],"collection":[{"href":"https:\/\/i.mwtsolutions.eu\/cs\/wp-json\/wp\/v2\/pages"}],"about":[{"href":"https:\/\/i.mwtsolutions.eu\/cs\/wp-json\/wp\/v2\/types\/page"}],"author":[{"embeddable":true,"href":"https:\/\/i.mwtsolutions.eu\/cs\/wp-json\/wp\/v2\/users\/20"}],"replies":[{"embeddable":true,"href":"https:\/\/i.mwtsolutions.eu\/cs\/wp-json\/wp\/v2\/comments?post=69030"}],"version-history":[{"count":15,"href":"https:\/\/i.mwtsolutions.eu\/cs\/wp-json\/wp\/v2\/pages\/69030\/revisions"}],"predecessor-version":[{"id":98144,"href":"https:\/\/i.mwtsolutions.eu\/cs\/wp-json\/wp\/v2\/pages\/69030\/revisions\/98144"}],"up":[{"embeddable":true,"href":"https:\/\/i.mwtsolutions.eu\/cs\/wp-json\/wp\/v2\/pages\/67099"}],"wp:attachment":[{"href":"https:\/\/i.mwtsolutions.eu\/cs\/wp-json\/wp\/v2\/media?parent=69030"}],"curies":[{"name":"wp","href":"https:\/\/api.w.org\/{rel}","templated":true}]}}