{"id":69031,"date":"2020-04-30T15:01:59","date_gmt":"2020-04-30T13:01:59","guid":{"rendered":"https:\/\/mwtsolutions.eu\/produkty\/active-directory\/monitoring-exchange-exchange-reporter-plus\/"},"modified":"2023-12-08T09:56:16","modified_gmt":"2023-12-08T08:56:16","slug":"exchange-reporter-plus","status":"publish","type":"page","link":"https:\/\/i.mwtsolutions.eu\/cs\/produkty\/active-directory\/exchange-reporter-plus\/","title":{"rendered":"Exchange Reporter Plus"},"content":{"rendered":"\t\t<div data-elementor-type=\"wp-page\" data-elementor-id=\"69031\" class=\"elementor elementor-69031 elementor-547\" data-elementor-post-type=\"page\">\n\t\t\t\t\t\t<section class=\"elementor-section elementor-top-section elementor-element elementor-element-46e845b elementor-section-boxed elementor-section-height-default elementor-section-height-default force-full-width-no\" data-id=\"46e845b\" data-element_type=\"section\">\n\t\t\t\t\t\t<div class=\"elementor-container elementor-column-gap-default\">\n\t\t\t\t\t<div class=\"elementor-column elementor-col-100 elementor-top-column elementor-element elementor-element-3d49149\" data-id=\"3d49149\" data-element_type=\"column\">\n\t\t\t<div class=\"elementor-widget-wrap elementor-element-populated\">\n\t\t\t\t\t\t<div class=\"elementor-element elementor-element-58d7a6b elementor-widget elementor-widget-heading\" data-id=\"58d7a6b\" data-element_type=\"widget\" data-widget_type=\"heading.default\">\n\t\t\t\t<div class=\"elementor-widget-container\">\n\t\t\t<h2 class=\"elementor-heading-title elementor-size-default\">FUNKCE<\/h2>\t\t<\/div>\n\t\t\t\t<\/div>\n\t\t\t\t<section class=\"elementor-section elementor-inner-section elementor-element elementor-element-265a32b elementor-section-boxed elementor-section-height-default elementor-section-height-default force-full-width-no\" data-id=\"265a32b\" data-element_type=\"section\">\n\t\t\t\t\t\t<div class=\"elementor-container elementor-column-gap-default\">\n\t\t\t\t\t<div class=\"elementor-column elementor-col-50 elementor-inner-column elementor-element elementor-element-21c5027\" data-id=\"21c5027\" data-element_type=\"column\">\n\t\t\t<div class=\"elementor-widget-wrap elementor-element-populated\">\n\t\t\t\t\t\t<div class=\"elementor-element elementor-element-87cf05f elementor-widget elementor-widget-heading\" data-id=\"87cf05f\" data-element_type=\"widget\" data-widget_type=\"heading.default\">\n\t\t\t\t<div class=\"elementor-widget-container\">\n\t\t\t<h3 class=\"elementor-heading-title elementor-size-default\">Zobrazov\u00e1n\u00ed nejd\u016fle\u017eit\u011bj\u0161\u00edch ud\u00e1lost\u00ed v prost\u0159ed\u00ed<\/h3>\t\t<\/div>\n\t\t\t\t<\/div>\n\t\t\t\t<div class=\"elementor-element elementor-element-2f061fe elementor-widget elementor-widget-text-editor\" data-id=\"2f061fe\" data-element_type=\"widget\" data-widget_type=\"text-editor.default\">\n\t\t\t\t<div class=\"elementor-widget-container\">\n\t\t\t\t\t\t\t<p>Syst\u00e9m disponuje mo\u017enost\u00ed grafick\u00e9 prezentace aktivit prost\u0159ed\u00ed Exchange a monitorov\u00e1n\u00ed jeho stavu. Dashboard zobrazuje po\u0161tovn\u00ed schr\u00e1nky u\u017eivatel\u016f, kter\u00e9 zab\u00edraj\u00ed nejv\u00edce m\u00edsta. N\u00e1stroj na audit a monitorov\u00e1n\u00ed server\u016f Exchange rovn\u011b\u017e disponuje funkc\u00ed reportov\u00e1n\u00ed obsahuj\u00edc\u00ed informace o m\u00edstu zb\u00fdvaj\u00edc\u00edm na serveru.<\/p>\t\t\t\t\t\t<\/div>\n\t\t\t\t<\/div>\n\t\t\t\t\t<\/div>\n\t\t<\/div>\n\t\t\t\t<div class=\"elementor-column elementor-col-50 elementor-inner-column elementor-element elementor-element-60001f9\" data-id=\"60001f9\" data-element_type=\"column\">\n\t\t\t<div class=\"elementor-widget-wrap elementor-element-populated\">\n\t\t\t\t\t\t<div class=\"elementor-element elementor-element-a39acd3 monitor-right elementor-widget elementor-widget-image\" data-id=\"a39acd3\" data-element_type=\"widget\" data-widget_type=\"image.default\">\n\t\t\t\t<div class=\"elementor-widget-container\">\n\t\t\t\t\t\t\t\t\t\t\t\t\t<img fetchpriority=\"high\" width=\"1899\" height=\"964\" src=\"https:\/\/i.mwtsolutions.eu\/wp-content\/uploads\/2020\/06\/Zdarzenia-w-\u015brodowisku.png\" class=\"attachment-full size-full wp-image-67722\" alt=\"\" srcset=\"https:\/\/i.mwtsolutions.eu\/wp-content\/uploads\/2020\/06\/Zdarzenia-w-\u015brodowisku.png 1899w, https:\/\/i.mwtsolutions.eu\/wp-content\/uploads\/2020\/06\/Zdarzenia-w-\u015brodowisku-300x152.png 300w, https:\/\/i.mwtsolutions.eu\/wp-content\/uploads\/2020\/06\/Zdarzenia-w-\u015brodowisku-1024x520.png 1024w, https:\/\/i.mwtsolutions.eu\/wp-content\/uploads\/2020\/06\/Zdarzenia-w-\u015brodowisku-768x390.png 768w, https:\/\/i.mwtsolutions.eu\/wp-content\/uploads\/2020\/06\/Zdarzenia-w-\u015brodowisku-1536x780.png 1536w\" sizes=\"(max-width: 1899px) 100vw, 1899px\" \/>\t\t\t\t\t\t\t\t\t\t\t\t\t<\/div>\n\t\t\t\t<\/div>\n\t\t\t\t\t<\/div>\n\t\t<\/div>\n\t\t\t\t\t<\/div>\n\t\t<\/section>\n\t\t\t\t<section class=\"elementor-section elementor-inner-section elementor-element elementor-element-9921a33 elementor-reverse-mobile elementor-section-boxed elementor-section-height-default elementor-section-height-default force-full-width-no\" data-id=\"9921a33\" data-element_type=\"section\">\n\t\t\t\t\t\t<div class=\"elementor-container elementor-column-gap-default\">\n\t\t\t\t\t<div class=\"elementor-column elementor-col-50 elementor-inner-column elementor-element elementor-element-af07dea\" data-id=\"af07dea\" data-element_type=\"column\">\n\t\t\t<div class=\"elementor-widget-wrap elementor-element-populated\">\n\t\t\t\t\t\t<div class=\"elementor-element elementor-element-d9f8f7f monitor-left elementor-widget elementor-widget-image\" data-id=\"d9f8f7f\" data-element_type=\"widget\" data-widget_type=\"image.default\">\n\t\t\t\t<div class=\"elementor-widget-container\">\n\t\t\t\t\t\t\t\t\t\t\t\t\t<img width=\"1912\" height=\"755\" src=\"https:\/\/i.mwtsolutions.eu\/wp-content\/uploads\/2020\/06\/Raporty-skrzynek.png\" class=\"attachment-full size-full wp-image-67724\" alt=\"\" srcset=\"https:\/\/i.mwtsolutions.eu\/wp-content\/uploads\/2020\/06\/Raporty-skrzynek.png 1912w, https:\/\/i.mwtsolutions.eu\/wp-content\/uploads\/2020\/06\/Raporty-skrzynek-300x118.png 300w, https:\/\/i.mwtsolutions.eu\/wp-content\/uploads\/2020\/06\/Raporty-skrzynek-1024x404.png 1024w, https:\/\/i.mwtsolutions.eu\/wp-content\/uploads\/2020\/06\/Raporty-skrzynek-768x303.png 768w, https:\/\/i.mwtsolutions.eu\/wp-content\/uploads\/2020\/06\/Raporty-skrzynek-1536x607.png 1536w\" sizes=\"(max-width: 1912px) 100vw, 1912px\" \/>\t\t\t\t\t\t\t\t\t\t\t\t\t<\/div>\n\t\t\t\t<\/div>\n\t\t\t\t\t<\/div>\n\t\t<\/div>\n\t\t\t\t<div class=\"elementor-column elementor-col-50 elementor-inner-column elementor-element elementor-element-dc9abdd\" data-id=\"dc9abdd\" data-element_type=\"column\">\n\t\t\t<div class=\"elementor-widget-wrap elementor-element-populated\">\n\t\t\t\t\t\t<div class=\"elementor-element elementor-element-4c15541 elementor-widget elementor-widget-heading\" data-id=\"4c15541\" data-element_type=\"widget\" data-widget_type=\"heading.default\">\n\t\t\t\t<div class=\"elementor-widget-container\">\n\t\t\t<h3 class=\"elementor-heading-title elementor-size-default\">Mo\u017enost podrobn\u00e9ho reportov\u00e1n\u00ed po\u0161tovn\u00edch schr\u00e1nek<\/h3>\t\t<\/div>\n\t\t\t\t<\/div>\n\t\t\t\t<div class=\"elementor-element elementor-element-f6099cc elementor-widget elementor-widget-text-editor\" data-id=\"f6099cc\" data-element_type=\"widget\" data-widget_type=\"text-editor.default\">\n\t\t\t\t<div class=\"elementor-widget-container\">\n\t\t\t\t\t\t\t<p>Exchange Reporter Plus zaji\u0161\u0165uje p\u0159\u00edstup k propracovan\u00e9 datab\u00e1zi report\u016f po\u0161tovn\u00edch schr\u00e1nek, jako jsou: jejich velikost, v nich obsa\u017een\u00e9 p\u0159\u00edlohy, a dokonce prohled\u00e1v\u00e1n\u00ed s pou\u017eit\u00edm kl\u00ed\u010dov\u00fdch slov. Funkce reportov\u00e1n\u00ed tak\u00e9 umo\u017e\u0148uje ov\u011b\u0159ov\u00e1n\u00ed zdroj\u016f, nap\u0159. ve\u0159ejn\u00fdch slo\u017eek, zb\u00fdvaj\u00edc\u00edho m\u00edsta na disku a report\u016f OWA &amp; ActiveSync. Nav\u00edc lze ka\u017ed\u00fd z vygenerovan\u00fdch report\u016f p\u0159en\u00e9st do souboru CSV, PDF, XLS nebo HTML.<\/p>\t\t\t\t\t\t<\/div>\n\t\t\t\t<\/div>\n\t\t\t\t\t<\/div>\n\t\t<\/div>\n\t\t\t\t\t<\/div>\n\t\t<\/section>\n\t\t\t\t<section class=\"elementor-section elementor-inner-section elementor-element elementor-element-a5b0223 elementor-section-boxed elementor-section-height-default elementor-section-height-default force-full-width-no\" data-id=\"a5b0223\" data-element_type=\"section\">\n\t\t\t\t\t\t<div class=\"elementor-container elementor-column-gap-default\">\n\t\t\t\t\t<div class=\"elementor-column elementor-col-50 elementor-inner-column elementor-element elementor-element-49e2d83\" data-id=\"49e2d83\" data-element_type=\"column\">\n\t\t\t<div class=\"elementor-widget-wrap elementor-element-populated\">\n\t\t\t\t\t\t<div class=\"elementor-element elementor-element-1f02a3e elementor-widget elementor-widget-heading\" data-id=\"1f02a3e\" data-element_type=\"widget\" data-widget_type=\"heading.default\">\n\t\t\t\t<div class=\"elementor-widget-container\">\n\t\t\t<h3 class=\"elementor-heading-title elementor-size-default\">Audit ud\u00e1lost\u00ed na serverech Exchange<\/h3>\t\t<\/div>\n\t\t\t\t<\/div>\n\t\t\t\t<div class=\"elementor-element elementor-element-f7288d4 elementor-widget elementor-widget-text-editor\" data-id=\"f7288d4\" data-element_type=\"widget\" data-widget_type=\"text-editor.default\">\n\t\t\t\t<div class=\"elementor-widget-container\">\n\t\t\t\t\t\t\t<p>N\u00e1stroj na audit a monitorov\u00e1n\u00ed server\u016f Exchange disponuje funkc\u00ed auditov\u00e1n\u00ed ud\u00e1lost\u00ed pro servery Exchange a Exchange Online. B\u011bhem generov\u00e1n\u00ed reportu lze vybrat konkr\u00e9tn\u00ed \u010dasov\u00e9 obdob\u00ed, dom\u00e9nu a ud\u00e1losti, kter\u00e9 byly zachyceny b\u011bhem pracovn\u00ed doby nebo mimo ni. Ka\u017ed\u00fd z report\u016f lze p\u0159idat do periodick\u00e9ho harmonogramu a n\u00e1sledn\u011b jej zas\u00edlat vybranou cestou.<\/p>\t\t\t\t\t\t<\/div>\n\t\t\t\t<\/div>\n\t\t\t\t\t<\/div>\n\t\t<\/div>\n\t\t\t\t<div class=\"elementor-column elementor-col-50 elementor-inner-column elementor-element elementor-element-d8275a6\" data-id=\"d8275a6\" data-element_type=\"column\">\n\t\t\t<div class=\"elementor-widget-wrap elementor-element-populated\">\n\t\t\t\t\t\t<div class=\"elementor-element elementor-element-e1c2be7 monitor-center elementor-widget elementor-widget-image\" data-id=\"e1c2be7\" data-element_type=\"widget\" data-widget_type=\"image.default\">\n\t\t\t\t<div class=\"elementor-widget-container\">\n\t\t\t\t\t\t\t\t\t\t\t\t\t<img width=\"1894\" height=\"962\" src=\"https:\/\/i.mwtsolutions.eu\/wp-content\/uploads\/2020\/06\/Audyt.png\" class=\"attachment-full size-full wp-image-67726\" alt=\"\" srcset=\"https:\/\/i.mwtsolutions.eu\/wp-content\/uploads\/2020\/06\/Audyt.png 1894w, https:\/\/i.mwtsolutions.eu\/wp-content\/uploads\/2020\/06\/Audyt-300x152.png 300w, https:\/\/i.mwtsolutions.eu\/wp-content\/uploads\/2020\/06\/Audyt-1024x520.png 1024w, https:\/\/i.mwtsolutions.eu\/wp-content\/uploads\/2020\/06\/Audyt-768x390.png 768w, https:\/\/i.mwtsolutions.eu\/wp-content\/uploads\/2020\/06\/Audyt-1536x780.png 1536w\" sizes=\"(max-width: 1894px) 100vw, 1894px\" \/>\t\t\t\t\t\t\t\t\t\t\t\t\t<\/div>\n\t\t\t\t<\/div>\n\t\t\t\t\t<\/div>\n\t\t<\/div>\n\t\t\t\t\t<\/div>\n\t\t<\/section>\n\t\t\t\t<section class=\"elementor-section elementor-inner-section elementor-element elementor-element-a99642f elementor-reverse-mobile elementor-section-boxed elementor-section-height-default elementor-section-height-default force-full-width-no\" data-id=\"a99642f\" data-element_type=\"section\">\n\t\t\t\t\t\t<div class=\"elementor-container elementor-column-gap-default\">\n\t\t\t\t\t<div class=\"elementor-column elementor-col-50 elementor-inner-column elementor-element elementor-element-8fff9a5\" data-id=\"8fff9a5\" data-element_type=\"column\">\n\t\t\t<div class=\"elementor-widget-wrap elementor-element-populated\">\n\t\t\t\t\t\t<div class=\"elementor-element elementor-element-6a85e71 monitor-left elementor-widget elementor-widget-image\" data-id=\"6a85e71\" data-element_type=\"widget\" data-widget_type=\"image.default\">\n\t\t\t\t<div class=\"elementor-widget-container\">\n\t\t\t\t\t\t\t\t\t\t\t\t\t<img loading=\"lazy\" width=\"1894\" height=\"959\" src=\"https:\/\/i.mwtsolutions.eu\/wp-content\/uploads\/2020\/06\/DAG.png\" class=\"attachment-full size-full wp-image-67728\" alt=\"\" srcset=\"https:\/\/i.mwtsolutions.eu\/wp-content\/uploads\/2020\/06\/DAG.png 1894w, https:\/\/i.mwtsolutions.eu\/wp-content\/uploads\/2020\/06\/DAG-300x152.png 300w, https:\/\/i.mwtsolutions.eu\/wp-content\/uploads\/2020\/06\/DAG-1024x518.png 1024w, https:\/\/i.mwtsolutions.eu\/wp-content\/uploads\/2020\/06\/DAG-768x389.png 768w, https:\/\/i.mwtsolutions.eu\/wp-content\/uploads\/2020\/06\/DAG-1536x778.png 1536w\" sizes=\"(max-width: 1894px) 100vw, 1894px\" \/>\t\t\t\t\t\t\t\t\t\t\t\t\t<\/div>\n\t\t\t\t<\/div>\n\t\t\t\t\t<\/div>\n\t\t<\/div>\n\t\t\t\t<div class=\"elementor-column elementor-col-50 elementor-inner-column elementor-element elementor-element-1800df7\" data-id=\"1800df7\" data-element_type=\"column\">\n\t\t\t<div class=\"elementor-widget-wrap elementor-element-populated\">\n\t\t\t\t\t\t<div class=\"elementor-element elementor-element-accdd13 elementor-widget elementor-widget-heading\" data-id=\"accdd13\" data-element_type=\"widget\" data-widget_type=\"heading.default\">\n\t\t\t\t<div class=\"elementor-widget-container\">\n\t\t\t<h3 class=\"elementor-heading-title elementor-size-default\">Funkce auditu zm\u011bn opr\u00e1vn\u011bn\u00ed, DAG a datab\u00e1ze<\/h3>\t\t<\/div>\n\t\t\t\t<\/div>\n\t\t\t\t<div class=\"elementor-element elementor-element-92f56c4 elementor-widget elementor-widget-text-editor\" data-id=\"92f56c4\" data-element_type=\"widget\" data-widget_type=\"text-editor.default\">\n\t\t\t\t<div class=\"elementor-widget-container\">\n\t\t\t\t\t\t\t<p>Syst\u00e9m disponuje modulem v\u00fdstrah na zm\u011bny opr\u00e1vn\u011bn\u00ed u\u017eivatel\u016f, DAG a datab\u00e1ze. Pokud Exchange Reporter Plus odhal\u00ed ne\u017e\u00e1douc\u00ed zm\u011bnu, bude o n\u00ed spr\u00e1vce syst\u00e9mu upozorn\u011bn SMS zpr\u00e1vou nebo e-mailem. V dan\u00e9 zpr\u00e1v\u011b m\u016f\u017ee b\u00fdt p\u0159esn\u011b pops\u00e1n typ v\u00fdstrahy s definovanou zpr\u00e1vou a p\u0159\u00edslu\u0161n\u00fdmi informacemi.<\/p>\t\t\t\t\t\t<\/div>\n\t\t\t\t<\/div>\n\t\t\t\t\t<\/div>\n\t\t<\/div>\n\t\t\t\t\t<\/div>\n\t\t<\/section>\n\t\t\t\t\t<\/div>\n\t\t<\/div>\n\t\t\t\t\t<\/div>\n\t\t<\/section>\n\t\t\t\t<\/div>\n\t\t","protected":false},"excerpt":{"rendered":"<p>FUNKCE Zobrazov\u00e1n\u00ed nejd\u016fle\u017eit\u011bj\u0161\u00edch ud\u00e1lost\u00ed v prost\u0159ed\u00ed Syst\u00e9m disponuje mo\u017enost\u00ed grafick\u00e9 prezentace aktivit prost\u0159ed\u00ed Exchange a monitorov\u00e1n\u00ed jeho stavu. Dashboard zobrazuje po\u0161tovn\u00ed schr\u00e1nky u\u017eivatel\u016f, kter\u00e9 zab\u00edraj\u00ed nejv\u00edce m\u00edsta. N\u00e1stroj na audit a monitorov\u00e1n\u00ed server\u016f Exchange rovn\u011b\u017e disponuje funkc\u00ed reportov\u00e1n\u00ed obsahuj\u00edc\u00ed informace o m\u00edstu zb\u00fdvaj\u00edc\u00edm na serveru. Mo\u017enost podrobn\u00e9ho reportov\u00e1n\u00ed po\u0161tovn\u00edch schr\u00e1nek Exchange Reporter Plus zaji\u0161\u0165uje p\u0159\u00edstup [&hellip;]<\/p>\n","protected":false},"author":20,"featured_media":0,"parent":67103,"menu_order":10,"comment_status":"closed","ping_status":"closed","template":"page-templates\/single-product.php","meta":{"content-type":"","om_disable_all_campaigns":false,"inline_featured_image":false,"_monsterinsights_skip_tracking":false,"_monsterinsights_sitenote_active":false,"_monsterinsights_sitenote_note":"","_monsterinsights_sitenote_category":0,"_links_to":"","_links_to_target":""},"acf":[],"aioseo_notices":[],"yoast_head":"<!-- This site is optimized with the Yoast SEO plugin v20.6 - https:\/\/yoast.com\/wordpress\/plugins\/seo\/ -->\n<title>Exchange Reporter Plus | MWT Solutions<\/title>\n<meta name=\"description\" content=\"Syst\u00e9m umo\u017e\u0148uje sledov\u00e1n\u00ed zpr\u00e1v p\u0159ich\u00e1zej\u00edc\u00edch a odch\u00e1zej\u00edc\u00edch z cel\u00e9ho prost\u0159ed\u00ed a nav\u00edc je m\u016f\u017ee analyzovat.\" \/>\n<meta name=\"robots\" content=\"index, follow, max-snippet:-1, max-image-preview:large, max-video-preview:-1\" \/>\n<link rel=\"canonical\" href=\"https:\/\/i.mwtsolutions.eu\/cs\/produkty\/active-directory\/exchange-reporter-plus\/\" \/>\n<meta property=\"og:locale\" content=\"cs_CZ\" \/>\n<meta property=\"og:type\" content=\"article\" \/>\n<meta property=\"og:title\" content=\"Exchange Reporter Plus | MWT Solutions\" \/>\n<meta property=\"og:description\" content=\"Syst\u00e9m umo\u017e\u0148uje sledov\u00e1n\u00ed zpr\u00e1v p\u0159ich\u00e1zej\u00edc\u00edch a odch\u00e1zej\u00edc\u00edch z cel\u00e9ho prost\u0159ed\u00ed a nav\u00edc je m\u016f\u017ee analyzovat.\" \/>\n<meta property=\"og:url\" content=\"https:\/\/i.mwtsolutions.eu\/cs\/produkty\/active-directory\/exchange-reporter-plus\/\" \/>\n<meta property=\"og:site_name\" content=\"MWT Solutions\" \/>\n<meta property=\"article:modified_time\" content=\"2023-12-08T08:56:16+00:00\" \/>\n<meta property=\"og:image\" content=\"https:\/\/i.mwtsolutions.eu\/wp-content\/uploads\/2020\/06\/Raporty-skrzynek.png\" \/>\n<meta name=\"twitter:card\" content=\"summary_large_image\" \/>\n<meta name=\"twitter:label1\" content=\"Odhadovan\u00e1 doba \u010dten\u00ed\" \/>\n\t<meta name=\"twitter:data1\" content=\"2 minuty\" \/>\n<script type=\"application\/ld+json\" class=\"yoast-schema-graph\">{\"@context\":\"https:\/\/schema.org\",\"@graph\":[{\"@type\":\"WebPage\",\"@id\":\"https:\/\/i.mwtsolutions.eu\/cs\/produkty\/active-directory\/exchange-reporter-plus\/\",\"url\":\"https:\/\/i.mwtsolutions.eu\/cs\/produkty\/active-directory\/exchange-reporter-plus\/\",\"name\":\"Exchange Reporter Plus | MWT Solutions\",\"isPartOf\":{\"@id\":\"https:\/\/i.mwtsolutions.eu\/#website\"},\"datePublished\":\"2020-04-30T13:01:59+00:00\",\"dateModified\":\"2023-12-08T08:56:16+00:00\",\"description\":\"Syst\u00e9m umo\u017e\u0148uje sledov\u00e1n\u00ed zpr\u00e1v p\u0159ich\u00e1zej\u00edc\u00edch a odch\u00e1zej\u00edc\u00edch z cel\u00e9ho prost\u0159ed\u00ed a nav\u00edc je m\u016f\u017ee analyzovat.\",\"breadcrumb\":{\"@id\":\"https:\/\/i.mwtsolutions.eu\/cs\/produkty\/active-directory\/exchange-reporter-plus\/#breadcrumb\"},\"inLanguage\":\"cs\",\"potentialAction\":[{\"@type\":\"ReadAction\",\"target\":[\"https:\/\/i.mwtsolutions.eu\/cs\/produkty\/active-directory\/exchange-reporter-plus\/\"]}]},{\"@type\":\"BreadcrumbList\",\"@id\":\"https:\/\/i.mwtsolutions.eu\/cs\/produkty\/active-directory\/exchange-reporter-plus\/#breadcrumb\",\"itemListElement\":[{\"@type\":\"ListItem\",\"position\":1,\"name\":\"Home\",\"item\":\"https:\/\/i.mwtsolutions.eu\/cs\/\"},{\"@type\":\"ListItem\",\"position\":2,\"name\":\"Produkty\",\"item\":\"https:\/\/i.mwtsolutions.eu\/cs\/produkty\/\"},{\"@type\":\"ListItem\",\"position\":3,\"name\":\"Active Directory\",\"item\":\"https:\/\/i.mwtsolutions.eu\/cs\/produkty\/active-directory\/\"},{\"@type\":\"ListItem\",\"position\":4,\"name\":\"Exchange Reporter Plus\"}]},{\"@type\":\"WebSite\",\"@id\":\"https:\/\/i.mwtsolutions.eu\/#website\",\"url\":\"https:\/\/i.mwtsolutions.eu\/\",\"name\":\"MWT Solutions\",\"description\":\"Kolejna witryna oparta na WordPressie\",\"publisher\":{\"@id\":\"https:\/\/i.mwtsolutions.eu\/#organization\"},\"potentialAction\":[{\"@type\":\"SearchAction\",\"target\":{\"@type\":\"EntryPoint\",\"urlTemplate\":\"https:\/\/i.mwtsolutions.eu\/?s={search_term_string}\"},\"query-input\":\"required name=search_term_string\"}],\"inLanguage\":\"cs\"},{\"@type\":\"Organization\",\"@id\":\"https:\/\/i.mwtsolutions.eu\/#organization\",\"name\":\"MWT Solutions\",\"url\":\"https:\/\/i.mwtsolutions.eu\/\",\"logo\":{\"@type\":\"ImageObject\",\"inLanguage\":\"cs\",\"@id\":\"https:\/\/i.mwtsolutions.eu\/#\/schema\/logo\/image\/\",\"url\":\"https:\/\/i.mwtsolutions.eu\/wp-content\/uploads\/2025\/05\/logo_MWT_rgb-color-1.png\",\"contentUrl\":\"https:\/\/i.mwtsolutions.eu\/wp-content\/uploads\/2025\/05\/logo_MWT_rgb-color-1.png\",\"width\":2825,\"height\":850,\"caption\":\"MWT Solutions\"},\"image\":{\"@id\":\"https:\/\/i.mwtsolutions.eu\/#\/schema\/logo\/image\/\"},\"sameAs\":[\"https:\/\/pl.linkedin.com\/company\/mwt-solutions\"]}]}<\/script>\n<!-- \/ Yoast SEO plugin. -->","yoast_head_json":{"title":"Exchange Reporter Plus | MWT Solutions","description":"Syst\u00e9m umo\u017e\u0148uje sledov\u00e1n\u00ed zpr\u00e1v p\u0159ich\u00e1zej\u00edc\u00edch a odch\u00e1zej\u00edc\u00edch z cel\u00e9ho prost\u0159ed\u00ed a nav\u00edc je m\u016f\u017ee analyzovat.","robots":{"index":"index","follow":"follow","max-snippet":"max-snippet:-1","max-image-preview":"max-image-preview:large","max-video-preview":"max-video-preview:-1"},"canonical":"https:\/\/i.mwtsolutions.eu\/cs\/produkty\/active-directory\/exchange-reporter-plus\/","og_locale":"cs_CZ","og_type":"article","og_title":"Exchange Reporter Plus | MWT Solutions","og_description":"Syst\u00e9m umo\u017e\u0148uje sledov\u00e1n\u00ed zpr\u00e1v p\u0159ich\u00e1zej\u00edc\u00edch a odch\u00e1zej\u00edc\u00edch z cel\u00e9ho prost\u0159ed\u00ed a nav\u00edc je m\u016f\u017ee analyzovat.","og_url":"https:\/\/i.mwtsolutions.eu\/cs\/produkty\/active-directory\/exchange-reporter-plus\/","og_site_name":"MWT Solutions","article_modified_time":"2023-12-08T08:56:16+00:00","og_image":[{"url":"https:\/\/i.mwtsolutions.eu\/wp-content\/uploads\/2020\/06\/Raporty-skrzynek.png"}],"twitter_card":"summary_large_image","twitter_misc":{"Odhadovan\u00e1 doba \u010dten\u00ed":"2 minuty"},"schema":{"@context":"https:\/\/schema.org","@graph":[{"@type":"WebPage","@id":"https:\/\/i.mwtsolutions.eu\/cs\/produkty\/active-directory\/exchange-reporter-plus\/","url":"https:\/\/i.mwtsolutions.eu\/cs\/produkty\/active-directory\/exchange-reporter-plus\/","name":"Exchange Reporter Plus | MWT Solutions","isPartOf":{"@id":"https:\/\/i.mwtsolutions.eu\/#website"},"datePublished":"2020-04-30T13:01:59+00:00","dateModified":"2023-12-08T08:56:16+00:00","description":"Syst\u00e9m umo\u017e\u0148uje sledov\u00e1n\u00ed zpr\u00e1v p\u0159ich\u00e1zej\u00edc\u00edch a odch\u00e1zej\u00edc\u00edch z cel\u00e9ho prost\u0159ed\u00ed a nav\u00edc je m\u016f\u017ee analyzovat.","breadcrumb":{"@id":"https:\/\/i.mwtsolutions.eu\/cs\/produkty\/active-directory\/exchange-reporter-plus\/#breadcrumb"},"inLanguage":"cs","potentialAction":[{"@type":"ReadAction","target":["https:\/\/i.mwtsolutions.eu\/cs\/produkty\/active-directory\/exchange-reporter-plus\/"]}]},{"@type":"BreadcrumbList","@id":"https:\/\/i.mwtsolutions.eu\/cs\/produkty\/active-directory\/exchange-reporter-plus\/#breadcrumb","itemListElement":[{"@type":"ListItem","position":1,"name":"Home","item":"https:\/\/i.mwtsolutions.eu\/cs\/"},{"@type":"ListItem","position":2,"name":"Produkty","item":"https:\/\/i.mwtsolutions.eu\/cs\/produkty\/"},{"@type":"ListItem","position":3,"name":"Active Directory","item":"https:\/\/i.mwtsolutions.eu\/cs\/produkty\/active-directory\/"},{"@type":"ListItem","position":4,"name":"Exchange Reporter Plus"}]},{"@type":"WebSite","@id":"https:\/\/i.mwtsolutions.eu\/#website","url":"https:\/\/i.mwtsolutions.eu\/","name":"MWT Solutions","description":"Kolejna witryna oparta na WordPressie","publisher":{"@id":"https:\/\/i.mwtsolutions.eu\/#organization"},"potentialAction":[{"@type":"SearchAction","target":{"@type":"EntryPoint","urlTemplate":"https:\/\/i.mwtsolutions.eu\/?s={search_term_string}"},"query-input":"required name=search_term_string"}],"inLanguage":"cs"},{"@type":"Organization","@id":"https:\/\/i.mwtsolutions.eu\/#organization","name":"MWT Solutions","url":"https:\/\/i.mwtsolutions.eu\/","logo":{"@type":"ImageObject","inLanguage":"cs","@id":"https:\/\/i.mwtsolutions.eu\/#\/schema\/logo\/image\/","url":"https:\/\/i.mwtsolutions.eu\/wp-content\/uploads\/2025\/05\/logo_MWT_rgb-color-1.png","contentUrl":"https:\/\/i.mwtsolutions.eu\/wp-content\/uploads\/2025\/05\/logo_MWT_rgb-color-1.png","width":2825,"height":850,"caption":"MWT Solutions"},"image":{"@id":"https:\/\/i.mwtsolutions.eu\/#\/schema\/logo\/image\/"},"sameAs":["https:\/\/pl.linkedin.com\/company\/mwt-solutions"]}]}},"_links":{"self":[{"href":"https:\/\/i.mwtsolutions.eu\/cs\/wp-json\/wp\/v2\/pages\/69031"}],"collection":[{"href":"https:\/\/i.mwtsolutions.eu\/cs\/wp-json\/wp\/v2\/pages"}],"about":[{"href":"https:\/\/i.mwtsolutions.eu\/cs\/wp-json\/wp\/v2\/types\/page"}],"author":[{"embeddable":true,"href":"https:\/\/i.mwtsolutions.eu\/cs\/wp-json\/wp\/v2\/users\/20"}],"replies":[{"embeddable":true,"href":"https:\/\/i.mwtsolutions.eu\/cs\/wp-json\/wp\/v2\/comments?post=69031"}],"version-history":[{"count":12,"href":"https:\/\/i.mwtsolutions.eu\/cs\/wp-json\/wp\/v2\/pages\/69031\/revisions"}],"predecessor-version":[{"id":98168,"href":"https:\/\/i.mwtsolutions.eu\/cs\/wp-json\/wp\/v2\/pages\/69031\/revisions\/98168"}],"up":[{"embeddable":true,"href":"https:\/\/i.mwtsolutions.eu\/cs\/wp-json\/wp\/v2\/pages\/67103"}],"wp:attachment":[{"href":"https:\/\/i.mwtsolutions.eu\/cs\/wp-json\/wp\/v2\/media?parent=69031"}],"curies":[{"name":"wp","href":"https:\/\/api.w.org\/{rel}","templated":true}]}}