{"id":69034,"date":"2020-04-30T15:01:53","date_gmt":"2020-04-30T13:01:53","guid":{"rendered":"https:\/\/mwtsolutions.eu\/produkty\/active-directory\/tworzenie-kopii-zapasowej-active-directory-recovery-manager-plus\/"},"modified":"2023-12-08T10:57:29","modified_gmt":"2023-12-08T09:57:29","slug":"recovery-manager-plus","status":"publish","type":"page","link":"https:\/\/i.mwtsolutions.eu\/cs\/produkty\/active-directory\/recovery-manager-plus\/","title":{"rendered":"Recovery Manager Plus"},"content":{"rendered":"\t\t<div data-elementor-type=\"wp-page\" data-elementor-id=\"69034\" class=\"elementor elementor-69034 elementor-549\" data-elementor-post-type=\"page\">\n\t\t\t\t\t\t<section class=\"elementor-section elementor-top-section elementor-element elementor-element-14c4bc0 elementor-section-boxed elementor-section-height-default elementor-section-height-default force-full-width-no\" data-id=\"14c4bc0\" data-element_type=\"section\">\n\t\t\t\t\t\t<div class=\"elementor-container elementor-column-gap-default\">\n\t\t\t\t\t<div class=\"elementor-column elementor-col-100 elementor-top-column elementor-element elementor-element-97d1812\" data-id=\"97d1812\" data-element_type=\"column\">\n\t\t\t<div class=\"elementor-widget-wrap elementor-element-populated\">\n\t\t\t\t\t\t<div class=\"elementor-element elementor-element-5ca07ab elementor-widget elementor-widget-heading\" data-id=\"5ca07ab\" data-element_type=\"widget\" data-widget_type=\"heading.default\">\n\t\t\t\t<div class=\"elementor-widget-container\">\n\t\t\t<h2 class=\"elementor-heading-title elementor-size-default\">FUNKCE<\/h2>\t\t<\/div>\n\t\t\t\t<\/div>\n\t\t\t\t<section class=\"elementor-section elementor-inner-section elementor-element elementor-element-217f614 elementor-section-boxed elementor-section-height-default elementor-section-height-default force-full-width-no\" data-id=\"217f614\" data-element_type=\"section\">\n\t\t\t\t\t\t<div class=\"elementor-container elementor-column-gap-default\">\n\t\t\t\t\t<div class=\"elementor-column elementor-col-50 elementor-inner-column elementor-element elementor-element-2082d32\" data-id=\"2082d32\" data-element_type=\"column\">\n\t\t\t<div class=\"elementor-widget-wrap elementor-element-populated\">\n\t\t\t\t\t\t<div class=\"elementor-element elementor-element-14365cd elementor-widget elementor-widget-heading\" data-id=\"14365cd\" data-element_type=\"widget\" data-widget_type=\"heading.default\">\n\t\t\t\t<div class=\"elementor-widget-container\">\n\t\t\t<h3 class=\"elementor-heading-title elementor-size-default\">N\u00e1hled zhotoven\u00fdch z\u00e1lo\u017en\u00edch kopi\u00ed a zm\u011bn v p\u0159\u00edr\u016fstkov\u00fdch z\u00e1loh\u00e1ch<\/h3>\t\t<\/div>\n\t\t\t\t<\/div>\n\t\t\t\t<div class=\"elementor-element elementor-element-b63843f elementor-widget elementor-widget-text-editor\" data-id=\"b63843f\" data-element_type=\"widget\" data-widget_type=\"text-editor.default\">\n\t\t\t\t<div class=\"elementor-widget-container\">\n\t\t\t\t\t\t\t<p>N\u00e1stroj pro tvorbu z\u00e1lo\u017en\u00edch kopi\u00ed Active Directory Recovery Manager Plus m\u00e1 v menu mo\u017enost n\u00e1hledu po\u010dtu atribut\u016f, kter\u00e9 byly p\u0159id\u00e1ny do z\u00e1lo\u017en\u00ed kopie. Dashboard ukazuje typy objekt\u016f pro vybranou dom\u00e9nu a \u010das pot\u0159ebn\u00fd k vytvo\u0159en\u00ed z\u00e1lohy.<\/p>\t\t\t\t\t\t<\/div>\n\t\t\t\t<\/div>\n\t\t\t\t\t<\/div>\n\t\t<\/div>\n\t\t\t\t<div class=\"elementor-column elementor-col-50 elementor-inner-column elementor-element elementor-element-2900cd1\" data-id=\"2900cd1\" data-element_type=\"column\">\n\t\t\t<div class=\"elementor-widget-wrap elementor-element-populated\">\n\t\t\t\t\t\t<div class=\"elementor-element elementor-element-996192f monitor-right elementor-widget elementor-widget-image\" data-id=\"996192f\" data-element_type=\"widget\" data-widget_type=\"image.default\">\n\t\t\t\t<div class=\"elementor-widget-container\">\n\t\t\t\t\t\t\t\t\t\t\t\t\t<img fetchpriority=\"high\" width=\"1899\" height=\"934\" src=\"https:\/\/i.mwtsolutions.eu\/wp-content\/uploads\/2020\/06\/Podgl\u0105d-wykonanych-kopii.png\" class=\"attachment-full size-full wp-image-67758\" alt=\"\" srcset=\"https:\/\/i.mwtsolutions.eu\/wp-content\/uploads\/2020\/06\/Podgl\u0105d-wykonanych-kopii.png 1899w, https:\/\/i.mwtsolutions.eu\/wp-content\/uploads\/2020\/06\/Podgl\u0105d-wykonanych-kopii-300x148.png 300w, https:\/\/i.mwtsolutions.eu\/wp-content\/uploads\/2020\/06\/Podgl\u0105d-wykonanych-kopii-1024x504.png 1024w, https:\/\/i.mwtsolutions.eu\/wp-content\/uploads\/2020\/06\/Podgl\u0105d-wykonanych-kopii-768x378.png 768w, https:\/\/i.mwtsolutions.eu\/wp-content\/uploads\/2020\/06\/Podgl\u0105d-wykonanych-kopii-1536x755.png 1536w\" sizes=\"(max-width: 1899px) 100vw, 1899px\" \/>\t\t\t\t\t\t\t\t\t\t\t\t\t<\/div>\n\t\t\t\t<\/div>\n\t\t\t\t\t<\/div>\n\t\t<\/div>\n\t\t\t\t\t<\/div>\n\t\t<\/section>\n\t\t\t\t<section class=\"elementor-section elementor-inner-section elementor-element elementor-element-e8928bf elementor-reverse-mobile elementor-section-boxed elementor-section-height-default elementor-section-height-default force-full-width-no\" data-id=\"e8928bf\" data-element_type=\"section\">\n\t\t\t\t\t\t<div class=\"elementor-container elementor-column-gap-default\">\n\t\t\t\t\t<div class=\"elementor-column elementor-col-50 elementor-inner-column elementor-element elementor-element-d3e0920\" data-id=\"d3e0920\" data-element_type=\"column\">\n\t\t\t<div class=\"elementor-widget-wrap elementor-element-populated\">\n\t\t\t\t\t\t<div class=\"elementor-element elementor-element-50bb739 monitor-left elementor-widget elementor-widget-image\" data-id=\"50bb739\" data-element_type=\"widget\" data-widget_type=\"image.default\">\n\t\t\t\t<div class=\"elementor-widget-container\">\n\t\t\t\t\t\t\t\t\t\t\t\t\t<img width=\"1912\" height=\"852\" src=\"https:\/\/i.mwtsolutions.eu\/wp-content\/uploads\/2020\/06\/Backup-AD.png\" class=\"attachment-full size-full wp-image-67760\" alt=\"\" srcset=\"https:\/\/i.mwtsolutions.eu\/wp-content\/uploads\/2020\/06\/Backup-AD.png 1912w, https:\/\/i.mwtsolutions.eu\/wp-content\/uploads\/2020\/06\/Backup-AD-300x134.png 300w, https:\/\/i.mwtsolutions.eu\/wp-content\/uploads\/2020\/06\/Backup-AD-1024x456.png 1024w, https:\/\/i.mwtsolutions.eu\/wp-content\/uploads\/2020\/06\/Backup-AD-768x342.png 768w, https:\/\/i.mwtsolutions.eu\/wp-content\/uploads\/2020\/06\/Backup-AD-1536x684.png 1536w\" sizes=\"(max-width: 1912px) 100vw, 1912px\" \/>\t\t\t\t\t\t\t\t\t\t\t\t\t<\/div>\n\t\t\t\t<\/div>\n\t\t\t\t\t<\/div>\n\t\t<\/div>\n\t\t\t\t<div class=\"elementor-column elementor-col-50 elementor-inner-column elementor-element elementor-element-40a61c8\" data-id=\"40a61c8\" data-element_type=\"column\">\n\t\t\t<div class=\"elementor-widget-wrap elementor-element-populated\">\n\t\t\t\t\t\t<div class=\"elementor-element elementor-element-19af231 elementor-widget elementor-widget-heading\" data-id=\"19af231\" data-element_type=\"widget\" data-widget_type=\"heading.default\">\n\t\t\t\t<div class=\"elementor-widget-container\">\n\t\t\t<h3 class=\"elementor-heading-title elementor-size-default\">Tvorba z\u00e1lo\u017en\u00ed kopie Active Directory, Office 365 a Exchange On-Premise<\/h3>\t\t<\/div>\n\t\t\t\t<\/div>\n\t\t\t\t<div class=\"elementor-element elementor-element-63d40a7 elementor-widget elementor-widget-text-editor\" data-id=\"63d40a7\" data-element_type=\"widget\" data-widget_type=\"text-editor.default\">\n\t\t\t\t<div class=\"elementor-widget-container\">\n\t\t\t\t\t\t\t<p>Z jedn\u00e9 webov\u00e9 konzole syst\u00e9m umo\u017e\u0148uje konfigurovat pl\u00e1n z\u00e1lohov\u00e1n\u00ed pro Exchange, Office365, Google Workspace a n\u00e1jemce Active Directory. N\u00e1stroj umo\u017e\u0148uje uchov\u00e1vat z\u00e1lohy po dlouhou dobu, d\u00edky \u010demu\u017e existuje mo\u017enost n\u00e1vratu na spr\u00e1vnou verzi.<\/p>\t\t\t\t\t\t<\/div>\n\t\t\t\t<\/div>\n\t\t\t\t\t<\/div>\n\t\t<\/div>\n\t\t\t\t\t<\/div>\n\t\t<\/section>\n\t\t\t\t<section class=\"elementor-section elementor-inner-section elementor-element elementor-element-17eb9cd elementor-section-boxed elementor-section-height-default elementor-section-height-default force-full-width-no\" data-id=\"17eb9cd\" data-element_type=\"section\">\n\t\t\t\t\t\t<div class=\"elementor-container elementor-column-gap-default\">\n\t\t\t\t\t<div class=\"elementor-column elementor-col-50 elementor-inner-column elementor-element elementor-element-8e5ea3f\" data-id=\"8e5ea3f\" data-element_type=\"column\">\n\t\t\t<div class=\"elementor-widget-wrap elementor-element-populated\">\n\t\t\t\t\t\t<div class=\"elementor-element elementor-element-7e9455c elementor-widget elementor-widget-heading\" data-id=\"7e9455c\" data-element_type=\"widget\" data-widget_type=\"heading.default\">\n\t\t\t\t<div class=\"elementor-widget-container\">\n\t\t\t<h3 class=\"elementor-heading-title elementor-size-default\">Obnova \u00fapln\u00e9 z\u00e1lo\u017en\u00ed kopie nebo jednoho prvku<\/h3>\t\t<\/div>\n\t\t\t\t<\/div>\n\t\t\t\t<div class=\"elementor-element elementor-element-2c2e3db elementor-widget elementor-widget-text-editor\" data-id=\"2c2e3db\" data-element_type=\"widget\" data-widget_type=\"text-editor.default\">\n\t\t\t\t<div class=\"elementor-widget-container\">\n\t\t\t\t\t\t\t<p>Syst\u00e9m umo\u017e\u0148uje obnoven\u00ed jednoho atributu ze z\u00e1lo\u017en\u00ed kopie nebo cel\u00e9ho prvku. Tato funkce umo\u017e\u0148uje bezprobl\u00e9mov\u00e9 obnovov\u00e1n\u00ed Active Directory do spr\u00e1vn\u00e9ho stavu, bez nutnosti manu\u00e1ln\u00edch z\u00e1sah\u016f. V\u0161e z \u00farovn\u011b jednoho grafick\u00e9ho rozhran\u00ed, dostupn\u00e9ho p\u0159es webov\u00e9 str\u00e1nky.<\/p>\t\t\t\t\t\t<\/div>\n\t\t\t\t<\/div>\n\t\t\t\t\t<\/div>\n\t\t<\/div>\n\t\t\t\t<div class=\"elementor-column elementor-col-50 elementor-inner-column elementor-element elementor-element-dd625b1\" data-id=\"dd625b1\" data-element_type=\"column\">\n\t\t\t<div class=\"elementor-widget-wrap elementor-element-populated\">\n\t\t\t\t\t\t<div class=\"elementor-element elementor-element-6a78cf4 monitor-center elementor-widget elementor-widget-image\" data-id=\"6a78cf4\" data-element_type=\"widget\" data-widget_type=\"image.default\">\n\t\t\t\t<div class=\"elementor-widget-container\">\n\t\t\t\t\t\t\t\t\t\t\t\t\t<img width=\"1913\" height=\"966\" src=\"https:\/\/i.mwtsolutions.eu\/wp-content\/uploads\/2020\/08\/Przywracanie-pojedynczego-elementu.png\" class=\"attachment-full size-full wp-image-68308\" alt=\"\" srcset=\"https:\/\/i.mwtsolutions.eu\/wp-content\/uploads\/2020\/08\/Przywracanie-pojedynczego-elementu.png 1913w, https:\/\/i.mwtsolutions.eu\/wp-content\/uploads\/2020\/08\/Przywracanie-pojedynczego-elementu-300x151.png 300w, https:\/\/i.mwtsolutions.eu\/wp-content\/uploads\/2020\/08\/Przywracanie-pojedynczego-elementu-1024x517.png 1024w, https:\/\/i.mwtsolutions.eu\/wp-content\/uploads\/2020\/08\/Przywracanie-pojedynczego-elementu-768x388.png 768w, https:\/\/i.mwtsolutions.eu\/wp-content\/uploads\/2020\/08\/Przywracanie-pojedynczego-elementu-1536x776.png 1536w\" sizes=\"(max-width: 1913px) 100vw, 1913px\" \/>\t\t\t\t\t\t\t\t\t\t\t\t\t<\/div>\n\t\t\t\t<\/div>\n\t\t\t\t\t<\/div>\n\t\t<\/div>\n\t\t\t\t\t<\/div>\n\t\t<\/section>\n\t\t\t\t<section class=\"elementor-section elementor-inner-section elementor-element elementor-element-433b858 elementor-reverse-mobile elementor-section-boxed elementor-section-height-default elementor-section-height-default force-full-width-no\" data-id=\"433b858\" data-element_type=\"section\">\n\t\t\t\t\t\t<div class=\"elementor-container elementor-column-gap-default\">\n\t\t\t\t\t<div class=\"elementor-column elementor-col-50 elementor-inner-column elementor-element elementor-element-ecf0fbe\" data-id=\"ecf0fbe\" data-element_type=\"column\">\n\t\t\t<div class=\"elementor-widget-wrap elementor-element-populated\">\n\t\t\t\t\t\t<div class=\"elementor-element elementor-element-894080a monitor-left elementor-widget elementor-widget-image\" data-id=\"894080a\" data-element_type=\"widget\" data-widget_type=\"image.default\">\n\t\t\t\t<div class=\"elementor-widget-container\">\n\t\t\t\t\t\t\t\t\t\t\t\t\t<img loading=\"lazy\" width=\"1911\" height=\"848\" src=\"https:\/\/i.mwtsolutions.eu\/wp-content\/uploads\/2020\/08\/Backup-Exchange.png\" class=\"attachment-full size-full wp-image-68310\" alt=\"\" srcset=\"https:\/\/i.mwtsolutions.eu\/wp-content\/uploads\/2020\/08\/Backup-Exchange.png 1911w, https:\/\/i.mwtsolutions.eu\/wp-content\/uploads\/2020\/08\/Backup-Exchange-300x133.png 300w, https:\/\/i.mwtsolutions.eu\/wp-content\/uploads\/2020\/08\/Backup-Exchange-1024x454.png 1024w, https:\/\/i.mwtsolutions.eu\/wp-content\/uploads\/2020\/08\/Backup-Exchange-768x341.png 768w, https:\/\/i.mwtsolutions.eu\/wp-content\/uploads\/2020\/08\/Backup-Exchange-1536x682.png 1536w\" sizes=\"(max-width: 1911px) 100vw, 1911px\" \/>\t\t\t\t\t\t\t\t\t\t\t\t\t<\/div>\n\t\t\t\t<\/div>\n\t\t\t\t\t<\/div>\n\t\t<\/div>\n\t\t\t\t<div class=\"elementor-column elementor-col-50 elementor-inner-column elementor-element elementor-element-ac39bfa\" data-id=\"ac39bfa\" data-element_type=\"column\">\n\t\t\t<div class=\"elementor-widget-wrap elementor-element-populated\">\n\t\t\t\t\t\t<div class=\"elementor-element elementor-element-8c0a056 elementor-widget elementor-widget-heading\" data-id=\"8c0a056\" data-element_type=\"widget\" data-widget_type=\"heading.default\">\n\t\t\t\t<div class=\"elementor-widget-container\">\n\t\t\t<h3 class=\"elementor-heading-title elementor-size-default\">Snadn\u00e1 obnova \u0161patn\u011b zadan\u00fdch zm\u011bn<\/h3>\t\t<\/div>\n\t\t\t\t<\/div>\n\t\t\t\t<div class=\"elementor-element elementor-element-1e894a7 elementor-widget elementor-widget-text-editor\" data-id=\"1e894a7\" data-element_type=\"widget\" data-widget_type=\"text-editor.default\">\n\t\t\t\t<div class=\"elementor-widget-container\">\n\t\t\t\t\t\t\t<p>Recovery Manager Plus disponuje funkc\u00ed Rollback, kter\u00e1 umo\u017e\u0148uje vr\u00e1tit zp\u011bt libovolnou zm\u011bnu v p\u0159\u00edpad\u011b omylu. Pokud spr\u00e1vce chybn\u011b p\u0159id\u011bl\u00ed opr\u00e1vn\u011bn\u00ed ke zdroj\u016fm m\u00edsto jedn\u00e9 osob\u011b n\u011bkolika z r\u016fzn\u00fdch skupin, nebude muset prohled\u00e1vat cel\u00e9 AD za \u00fa\u010delem napraven\u00ed situace. Sta\u010d\u00ed n\u011bkolik kliknut\u00ed, abychom to vzali zp\u011bt.<\/p>\t\t\t\t\t\t<\/div>\n\t\t\t\t<\/div>\n\t\t\t\t\t<\/div>\n\t\t<\/div>\n\t\t\t\t\t<\/div>\n\t\t<\/section>\n\t\t\t\t\t<\/div>\n\t\t<\/div>\n\t\t\t\t\t<\/div>\n\t\t<\/section>\n\t\t\t\t<\/div>\n\t\t","protected":false},"excerpt":{"rendered":"<p>FUNKCE N\u00e1hled zhotoven\u00fdch z\u00e1lo\u017en\u00edch kopi\u00ed a zm\u011bn v p\u0159\u00edr\u016fstkov\u00fdch z\u00e1loh\u00e1ch N\u00e1stroj pro tvorbu z\u00e1lo\u017en\u00edch kopi\u00ed Active Directory Recovery Manager Plus m\u00e1 v menu mo\u017enost n\u00e1hledu po\u010dtu atribut\u016f, kter\u00e9 byly p\u0159id\u00e1ny do z\u00e1lo\u017en\u00ed kopie. Dashboard ukazuje typy objekt\u016f pro vybranou dom\u00e9nu a \u010das pot\u0159ebn\u00fd k vytvo\u0159en\u00ed z\u00e1lohy. Tvorba z\u00e1lo\u017en\u00ed kopie Active Directory, Office 365 a Exchange [&hellip;]<\/p>\n","protected":false},"author":20,"featured_media":0,"parent":67103,"menu_order":10,"comment_status":"closed","ping_status":"closed","template":"page-templates\/single-product.php","meta":{"content-type":"","om_disable_all_campaigns":false,"inline_featured_image":false,"_monsterinsights_skip_tracking":false,"_monsterinsights_sitenote_active":false,"_monsterinsights_sitenote_note":"","_monsterinsights_sitenote_category":0,"_links_to":"","_links_to_target":""},"acf":[],"aioseo_notices":[],"yoast_head":"<!-- This site is optimized with the Yoast SEO plugin v20.6 - https:\/\/yoast.com\/wordpress\/plugins\/seo\/ -->\n<title>Recovery Manager Plus | MWT Solutions<\/title>\n<meta name=\"description\" content=\"Umo\u017e\u0148uje okam\u017eit\u00e9 obnovov\u00e1n\u00ed odstran\u011bn\u00fdch nebo upraven\u00fdch objekt\u016f a jednotliv\u00fdch atribut\u016f, bez nutnosti restartov\u00e1n\u00ed dom\u00e9nov\u00fdch kontroler\u016f.\" \/>\n<meta name=\"robots\" content=\"index, follow, max-snippet:-1, max-image-preview:large, max-video-preview:-1\" \/>\n<link rel=\"canonical\" href=\"https:\/\/i.mwtsolutions.eu\/cs\/produkty\/active-directory\/recovery-manager-plus\/\" \/>\n<meta property=\"og:locale\" content=\"cs_CZ\" \/>\n<meta property=\"og:type\" content=\"article\" \/>\n<meta property=\"og:title\" content=\"Recovery Manager Plus | MWT Solutions\" \/>\n<meta property=\"og:description\" content=\"Umo\u017e\u0148uje okam\u017eit\u00e9 obnovov\u00e1n\u00ed odstran\u011bn\u00fdch nebo upraven\u00fdch objekt\u016f a jednotliv\u00fdch atribut\u016f, bez nutnosti restartov\u00e1n\u00ed dom\u00e9nov\u00fdch kontroler\u016f.\" \/>\n<meta property=\"og:url\" content=\"https:\/\/i.mwtsolutions.eu\/cs\/produkty\/active-directory\/recovery-manager-plus\/\" \/>\n<meta property=\"og:site_name\" content=\"MWT Solutions\" \/>\n<meta property=\"article:modified_time\" content=\"2023-12-08T09:57:29+00:00\" \/>\n<meta property=\"og:image\" content=\"https:\/\/i.mwtsolutions.eu\/wp-content\/uploads\/2020\/06\/Backup-AD.png\" \/>\n<meta name=\"twitter:card\" content=\"summary_large_image\" \/>\n<meta name=\"twitter:label1\" content=\"Odhadovan\u00e1 doba \u010dten\u00ed\" \/>\n\t<meta name=\"twitter:data1\" content=\"2 minuty\" \/>\n<script type=\"application\/ld+json\" class=\"yoast-schema-graph\">{\"@context\":\"https:\/\/schema.org\",\"@graph\":[{\"@type\":\"WebPage\",\"@id\":\"https:\/\/i.mwtsolutions.eu\/cs\/produkty\/active-directory\/recovery-manager-plus\/\",\"url\":\"https:\/\/i.mwtsolutions.eu\/cs\/produkty\/active-directory\/recovery-manager-plus\/\",\"name\":\"Recovery Manager Plus | MWT Solutions\",\"isPartOf\":{\"@id\":\"https:\/\/i.mwtsolutions.eu\/#website\"},\"datePublished\":\"2020-04-30T13:01:53+00:00\",\"dateModified\":\"2023-12-08T09:57:29+00:00\",\"description\":\"Umo\u017e\u0148uje okam\u017eit\u00e9 obnovov\u00e1n\u00ed odstran\u011bn\u00fdch nebo upraven\u00fdch objekt\u016f a jednotliv\u00fdch atribut\u016f, bez nutnosti restartov\u00e1n\u00ed dom\u00e9nov\u00fdch kontroler\u016f.\",\"breadcrumb\":{\"@id\":\"https:\/\/i.mwtsolutions.eu\/cs\/produkty\/active-directory\/recovery-manager-plus\/#breadcrumb\"},\"inLanguage\":\"cs\",\"potentialAction\":[{\"@type\":\"ReadAction\",\"target\":[\"https:\/\/i.mwtsolutions.eu\/cs\/produkty\/active-directory\/recovery-manager-plus\/\"]}]},{\"@type\":\"BreadcrumbList\",\"@id\":\"https:\/\/i.mwtsolutions.eu\/cs\/produkty\/active-directory\/recovery-manager-plus\/#breadcrumb\",\"itemListElement\":[{\"@type\":\"ListItem\",\"position\":1,\"name\":\"Home\",\"item\":\"https:\/\/i.mwtsolutions.eu\/cs\/\"},{\"@type\":\"ListItem\",\"position\":2,\"name\":\"Produkty\",\"item\":\"https:\/\/i.mwtsolutions.eu\/cs\/produkty\/\"},{\"@type\":\"ListItem\",\"position\":3,\"name\":\"Active Directory\",\"item\":\"https:\/\/i.mwtsolutions.eu\/cs\/produkty\/active-directory\/\"},{\"@type\":\"ListItem\",\"position\":4,\"name\":\"Recovery Manager Plus\"}]},{\"@type\":\"WebSite\",\"@id\":\"https:\/\/i.mwtsolutions.eu\/#website\",\"url\":\"https:\/\/i.mwtsolutions.eu\/\",\"name\":\"MWT Solutions\",\"description\":\"Kolejna witryna oparta na WordPressie\",\"publisher\":{\"@id\":\"https:\/\/i.mwtsolutions.eu\/#organization\"},\"potentialAction\":[{\"@type\":\"SearchAction\",\"target\":{\"@type\":\"EntryPoint\",\"urlTemplate\":\"https:\/\/i.mwtsolutions.eu\/?s={search_term_string}\"},\"query-input\":\"required name=search_term_string\"}],\"inLanguage\":\"cs\"},{\"@type\":\"Organization\",\"@id\":\"https:\/\/i.mwtsolutions.eu\/#organization\",\"name\":\"MWT Solutions\",\"url\":\"https:\/\/i.mwtsolutions.eu\/\",\"logo\":{\"@type\":\"ImageObject\",\"inLanguage\":\"cs\",\"@id\":\"https:\/\/i.mwtsolutions.eu\/#\/schema\/logo\/image\/\",\"url\":\"https:\/\/i.mwtsolutions.eu\/wp-content\/uploads\/2025\/05\/logo_MWT_rgb-color-1.png\",\"contentUrl\":\"https:\/\/i.mwtsolutions.eu\/wp-content\/uploads\/2025\/05\/logo_MWT_rgb-color-1.png\",\"width\":2825,\"height\":850,\"caption\":\"MWT Solutions\"},\"image\":{\"@id\":\"https:\/\/i.mwtsolutions.eu\/#\/schema\/logo\/image\/\"},\"sameAs\":[\"https:\/\/pl.linkedin.com\/company\/mwt-solutions\"]}]}<\/script>\n<!-- \/ Yoast SEO plugin. -->","yoast_head_json":{"title":"Recovery Manager Plus | MWT Solutions","description":"Umo\u017e\u0148uje okam\u017eit\u00e9 obnovov\u00e1n\u00ed odstran\u011bn\u00fdch nebo upraven\u00fdch objekt\u016f a jednotliv\u00fdch atribut\u016f, bez nutnosti restartov\u00e1n\u00ed dom\u00e9nov\u00fdch kontroler\u016f.","robots":{"index":"index","follow":"follow","max-snippet":"max-snippet:-1","max-image-preview":"max-image-preview:large","max-video-preview":"max-video-preview:-1"},"canonical":"https:\/\/i.mwtsolutions.eu\/cs\/produkty\/active-directory\/recovery-manager-plus\/","og_locale":"cs_CZ","og_type":"article","og_title":"Recovery Manager Plus | MWT Solutions","og_description":"Umo\u017e\u0148uje okam\u017eit\u00e9 obnovov\u00e1n\u00ed odstran\u011bn\u00fdch nebo upraven\u00fdch objekt\u016f a jednotliv\u00fdch atribut\u016f, bez nutnosti restartov\u00e1n\u00ed dom\u00e9nov\u00fdch kontroler\u016f.","og_url":"https:\/\/i.mwtsolutions.eu\/cs\/produkty\/active-directory\/recovery-manager-plus\/","og_site_name":"MWT Solutions","article_modified_time":"2023-12-08T09:57:29+00:00","og_image":[{"url":"https:\/\/i.mwtsolutions.eu\/wp-content\/uploads\/2020\/06\/Backup-AD.png"}],"twitter_card":"summary_large_image","twitter_misc":{"Odhadovan\u00e1 doba \u010dten\u00ed":"2 minuty"},"schema":{"@context":"https:\/\/schema.org","@graph":[{"@type":"WebPage","@id":"https:\/\/i.mwtsolutions.eu\/cs\/produkty\/active-directory\/recovery-manager-plus\/","url":"https:\/\/i.mwtsolutions.eu\/cs\/produkty\/active-directory\/recovery-manager-plus\/","name":"Recovery Manager Plus | MWT Solutions","isPartOf":{"@id":"https:\/\/i.mwtsolutions.eu\/#website"},"datePublished":"2020-04-30T13:01:53+00:00","dateModified":"2023-12-08T09:57:29+00:00","description":"Umo\u017e\u0148uje okam\u017eit\u00e9 obnovov\u00e1n\u00ed odstran\u011bn\u00fdch nebo upraven\u00fdch objekt\u016f a jednotliv\u00fdch atribut\u016f, bez nutnosti restartov\u00e1n\u00ed dom\u00e9nov\u00fdch kontroler\u016f.","breadcrumb":{"@id":"https:\/\/i.mwtsolutions.eu\/cs\/produkty\/active-directory\/recovery-manager-plus\/#breadcrumb"},"inLanguage":"cs","potentialAction":[{"@type":"ReadAction","target":["https:\/\/i.mwtsolutions.eu\/cs\/produkty\/active-directory\/recovery-manager-plus\/"]}]},{"@type":"BreadcrumbList","@id":"https:\/\/i.mwtsolutions.eu\/cs\/produkty\/active-directory\/recovery-manager-plus\/#breadcrumb","itemListElement":[{"@type":"ListItem","position":1,"name":"Home","item":"https:\/\/i.mwtsolutions.eu\/cs\/"},{"@type":"ListItem","position":2,"name":"Produkty","item":"https:\/\/i.mwtsolutions.eu\/cs\/produkty\/"},{"@type":"ListItem","position":3,"name":"Active Directory","item":"https:\/\/i.mwtsolutions.eu\/cs\/produkty\/active-directory\/"},{"@type":"ListItem","position":4,"name":"Recovery Manager Plus"}]},{"@type":"WebSite","@id":"https:\/\/i.mwtsolutions.eu\/#website","url":"https:\/\/i.mwtsolutions.eu\/","name":"MWT Solutions","description":"Kolejna witryna oparta na WordPressie","publisher":{"@id":"https:\/\/i.mwtsolutions.eu\/#organization"},"potentialAction":[{"@type":"SearchAction","target":{"@type":"EntryPoint","urlTemplate":"https:\/\/i.mwtsolutions.eu\/?s={search_term_string}"},"query-input":"required name=search_term_string"}],"inLanguage":"cs"},{"@type":"Organization","@id":"https:\/\/i.mwtsolutions.eu\/#organization","name":"MWT Solutions","url":"https:\/\/i.mwtsolutions.eu\/","logo":{"@type":"ImageObject","inLanguage":"cs","@id":"https:\/\/i.mwtsolutions.eu\/#\/schema\/logo\/image\/","url":"https:\/\/i.mwtsolutions.eu\/wp-content\/uploads\/2025\/05\/logo_MWT_rgb-color-1.png","contentUrl":"https:\/\/i.mwtsolutions.eu\/wp-content\/uploads\/2025\/05\/logo_MWT_rgb-color-1.png","width":2825,"height":850,"caption":"MWT Solutions"},"image":{"@id":"https:\/\/i.mwtsolutions.eu\/#\/schema\/logo\/image\/"},"sameAs":["https:\/\/pl.linkedin.com\/company\/mwt-solutions"]}]}},"_links":{"self":[{"href":"https:\/\/i.mwtsolutions.eu\/cs\/wp-json\/wp\/v2\/pages\/69034"}],"collection":[{"href":"https:\/\/i.mwtsolutions.eu\/cs\/wp-json\/wp\/v2\/pages"}],"about":[{"href":"https:\/\/i.mwtsolutions.eu\/cs\/wp-json\/wp\/v2\/types\/page"}],"author":[{"embeddable":true,"href":"https:\/\/i.mwtsolutions.eu\/cs\/wp-json\/wp\/v2\/users\/20"}],"replies":[{"embeddable":true,"href":"https:\/\/i.mwtsolutions.eu\/cs\/wp-json\/wp\/v2\/comments?post=69034"}],"version-history":[{"count":16,"href":"https:\/\/i.mwtsolutions.eu\/cs\/wp-json\/wp\/v2\/pages\/69034\/revisions"}],"predecessor-version":[{"id":98231,"href":"https:\/\/i.mwtsolutions.eu\/cs\/wp-json\/wp\/v2\/pages\/69034\/revisions\/98231"}],"up":[{"embeddable":true,"href":"https:\/\/i.mwtsolutions.eu\/cs\/wp-json\/wp\/v2\/pages\/67103"}],"wp:attachment":[{"href":"https:\/\/i.mwtsolutions.eu\/cs\/wp-json\/wp\/v2\/media?parent=69034"}],"curies":[{"name":"wp","href":"https:\/\/api.w.org\/{rel}","templated":true}]}}