{"id":69844,"date":"2021-02-09T13:31:04","date_gmt":"2021-02-09T12:31:04","guid":{"rendered":"https:\/\/mwtsolutions.eu\/?page_id=69844"},"modified":"2021-11-08T10:45:08","modified_gmt":"2021-11-08T09:45:08","slug":"stan-se-partnerem","status":"publish","type":"page","link":"https:\/\/i.mwtsolutions.eu\/cs\/stan-se-partnerem\/","title":{"rendered":"Sta\u0148 se partnerem"},"content":{"rendered":"\t\t<div data-elementor-type=\"wp-page\" data-elementor-id=\"69844\" class=\"elementor elementor-69844\" data-elementor-post-type=\"page\">\n\t\t\t\t\t\t<section class=\"elementor-section elementor-top-section elementor-element elementor-element-b160741 elementor-section-stretched elementor-section-boxed elementor-section-height-default elementor-section-height-default force-full-width-no\" data-id=\"b160741\" data-element_type=\"section\" data-settings=\"{&quot;stretch_section&quot;:&quot;section-stretched&quot;,&quot;background_background&quot;:&quot;classic&quot;}\">\n\t\t\t\t\t\t<div class=\"elementor-container elementor-column-gap-default\">\n\t\t\t\t\t<div class=\"elementor-column elementor-col-100 elementor-top-column elementor-element elementor-element-ea788f4\" data-id=\"ea788f4\" data-element_type=\"column\">\n\t\t\t<div class=\"elementor-widget-wrap elementor-element-populated\">\n\t\t\t\t\t\t<div class=\"elementor-element elementor-element-9a9170b elementor-widget elementor-widget-heading\" data-id=\"9a9170b\" data-element_type=\"widget\" data-widget_type=\"heading.default\">\n\t\t\t\t<div class=\"elementor-widget-container\">\n\t\t\t<h1 class=\"elementor-heading-title elementor-size-default\">Sta\u0148 se partnerem<\/h1>\t\t<\/div>\n\t\t\t\t<\/div>\n\t\t\t\t\t<\/div>\n\t\t<\/div>\n\t\t\t\t\t<\/div>\n\t\t<\/section>\n\t\t\t\t<section class=\"elementor-section elementor-top-section elementor-element elementor-element-0bc2a5a elementor-section-boxed elementor-section-height-default elementor-section-height-default force-full-width-no\" data-id=\"0bc2a5a\" data-element_type=\"section\">\n\t\t\t\t\t\t<div class=\"elementor-container elementor-column-gap-default\">\n\t\t\t\t\t<div class=\"elementor-column elementor-col-100 elementor-top-column elementor-element elementor-element-e59c8aa\" data-id=\"e59c8aa\" data-element_type=\"column\">\n\t\t\t<div class=\"elementor-widget-wrap elementor-element-populated\">\n\t\t\t\t\t\t<div class=\"elementor-element elementor-element-d8756a6 elementor-widget elementor-widget-text-editor\" data-id=\"d8756a6\" data-element_type=\"widget\" data-widget_type=\"text-editor.default\">\n\t\t\t\t<div class=\"elementor-widget-container\">\n\t\t\t\t\t\t\t<p>Vn\u00edm\u00e1me partnerstv\u00ed jako dlouhodobou investici. Proto v\u00e1s zveme do na\u0161eho partnersk\u00e9ho programu, kde se sna\u017e\u00edme spole\u010dn\u011b zdokonalovat, u\u010dit se a r\u016fst.<\/p><p>V\u00edt\u00e1me v\u0161echny:<\/p><ul><li>Syst\u00e9mov\u00e9 Integr\u00e1tory a dodavatele \u0159e\u0161en\u00ed na zak\u00e1zku,<\/li><li>Firmy, poskytuj\u00edc\u00ed outsourcing\u00a0IT slu\u017eeb,<\/li><li>Dodavatele s\u00ed\u0165ov\u00fdch za\u0159\u00edzen\u00ed a serverov\u00fdch \u0159e\u0161en\u00ed,<\/li><li>Spole\u010dnosti poskytuj\u00edc\u00ed poradensk\u00e9 slu\u017eby v oblasti informatizace podnik\u016f.<\/li><\/ul>\t\t\t\t\t\t<\/div>\n\t\t\t\t<\/div>\n\t\t\t\t<div class=\"elementor-element elementor-element-5a3bdf5 elementor-widget elementor-widget-heading\" data-id=\"5a3bdf5\" data-element_type=\"widget\" data-widget_type=\"heading.default\">\n\t\t\t\t<div class=\"elementor-widget-container\">\n\t\t\t<h2 class=\"elementor-heading-title elementor-size-default\">Co nab\u00edz\u00edme na\u0161im partner\u016fm?<\/h2>\t\t<\/div>\n\t\t\t\t<\/div>\n\t\t\t\t<div class=\"elementor-element elementor-element-cc8da8f elementor-widget elementor-widget-text-editor\" data-id=\"cc8da8f\" data-element_type=\"widget\" data-widget_type=\"text-editor.default\">\n\t\t\t\t<div class=\"elementor-widget-container\">\n\t\t\t\t\t\t\t<p>P\u0159i spolupr\u00e1ci s n\u00e1mi z\u00edsk\u00e1te \u0159adu v\u00fdhod a p\u0159\u00edle\u017eitost\u00ed k rozvoji podnik\u00e1n\u00ed Va\u0161\u00ed spole\u010dnosti.<\/p><p>Na\u0161i partne\u0159i z\u00edskaj\u00ed:<\/p><ul><li>Schopnost nab\u00eddnout produkty z portfolia\u00a0<strong>MWT Solutions<\/strong>\u00a0pro sv\u00e9 z\u00e1kazn\u00edky,<\/li><li>Komer\u010dn\u00ed podpora v r\u00e1mci projekt\u016f,<\/li><li>Konzulta\u010dn\u00ed\u00a0podpora zku\u0161en\u00fdch odborn\u00edk\u016f,<\/li><li>Obchodn\u00ed a technick\u00e1 \u0161kolen\u00ed se z\u00edsk\u00e1n\u00edm certifik\u00e1t\u016f,<\/li><li>Marketingovou podporu, \u00fa\u010dast na spole\u010dn\u00fdch marketingov\u00fdch akc\u00edch,<\/li><li>P\u0159\u00edstup k marketingov\u00fdm materi\u00e1l\u016fm a technick\u00e9 dokumentaci,<\/li><li>Atraktivn\u00ed partnersk\u00fd program, kter\u00fd umo\u017e\u0148uje dynamick\u00fd rozvoj prodeje a poskytuje\u00a0atraktivn\u00ed obchodn\u00ed podm\u00ednky,<\/li><li>P\u00e9\u010di a pomoc p\u0159id\u011blen\u00e9ho Channel managera.<\/li><\/ul>\t\t\t\t\t\t<\/div>\n\t\t\t\t<\/div>\n\t\t\t\t<div class=\"elementor-element elementor-element-fb11e19 elementor-widget elementor-widget-heading\" data-id=\"fb11e19\" data-element_type=\"widget\" data-widget_type=\"heading.default\">\n\t\t\t\t<div class=\"elementor-widget-container\">\n\t\t\t<h2 class=\"elementor-heading-title elementor-size-default\">Jak spolupracovat<\/h2>\t\t<\/div>\n\t\t\t\t<\/div>\n\t\t\t\t<div class=\"elementor-element elementor-element-fcfa4e5 elementor-widget elementor-widget-text-editor\" data-id=\"fcfa4e5\" data-element_type=\"widget\" data-widget_type=\"text-editor.default\">\n\t\t\t\t<div class=\"elementor-widget-container\">\n\t\t\t\t\t\t\t<p>Pro uzav\u0159en\u00ed partnerstv\u00ed sta\u010d\u00ed:<\/p><ul><li>Vyplnit n\u00ed\u017ee uveden\u00fd formul\u00e1\u0159<\/li><li>Slo\u017eit p\u0159ij\u00edmac\u00ed pohovor<\/li><li>Podepsat dohodu o partnerstv\u00ed<\/li><\/ul><p><strong>A zveme v\u00e1s ke spolupr\u00e1ci s n\u00e1mi!<\/strong><\/p>\t\t\t\t\t\t<\/div>\n\t\t\t\t<\/div>\n\t\t\t\t\t<\/div>\n\t\t<\/div>\n\t\t\t\t\t<\/div>\n\t\t<\/section>\n\t\t\t\t<\/div>\n\t\t","protected":false},"excerpt":{"rendered":"<p>Sta\u0148 se partnerem Vn\u00edm\u00e1me partnerstv\u00ed jako dlouhodobou investici. Proto v\u00e1s zveme do na\u0161eho partnersk\u00e9ho programu, kde se sna\u017e\u00edme spole\u010dn\u011b zdokonalovat, u\u010dit se a r\u016fst. V\u00edt\u00e1me v\u0161echny: Syst\u00e9mov\u00e9 Integr\u00e1tory a dodavatele \u0159e\u0161en\u00ed na zak\u00e1zku, Firmy, poskytuj\u00edc\u00ed outsourcing\u00a0IT slu\u017eeb, Dodavatele s\u00ed\u0165ov\u00fdch za\u0159\u00edzen\u00ed a serverov\u00fdch \u0159e\u0161en\u00ed, Spole\u010dnosti poskytuj\u00edc\u00ed poradensk\u00e9 slu\u017eby v oblasti informatizace podnik\u016f. Co nab\u00edz\u00edme na\u0161im partner\u016fm? [&hellip;]<\/p>\n","protected":false},"author":20,"featured_media":0,"parent":0,"menu_order":122,"comment_status":"closed","ping_status":"closed","template":"","meta":{"content-type":"","om_disable_all_campaigns":false,"inline_featured_image":false,"_monsterinsights_skip_tracking":false,"_monsterinsights_sitenote_active":false,"_monsterinsights_sitenote_note":"","_monsterinsights_sitenote_category":0,"_links_to":"","_links_to_target":""},"acf":[],"aioseo_notices":[],"yoast_head":"<!-- This site is optimized with the Yoast SEO plugin v20.6 - https:\/\/yoast.com\/wordpress\/plugins\/seo\/ -->\n<title>Sta\u0148 se partnerem - MWT Solutions<\/title>\n<meta name=\"robots\" content=\"index, follow, max-snippet:-1, max-image-preview:large, max-video-preview:-1\" \/>\n<link rel=\"canonical\" href=\"https:\/\/i.mwtsolutions.eu\/cs\/stan-se-partnerem\/\" \/>\n<meta property=\"og:locale\" content=\"cs_CZ\" \/>\n<meta property=\"og:type\" content=\"article\" \/>\n<meta property=\"og:title\" content=\"Sta\u0148 se partnerem - MWT Solutions\" \/>\n<meta property=\"og:description\" content=\"Sta\u0148 se partnerem Vn\u00edm\u00e1me partnerstv\u00ed jako dlouhodobou investici. Proto v\u00e1s zveme do na\u0161eho partnersk\u00e9ho programu, kde se sna\u017e\u00edme spole\u010dn\u011b zdokonalovat, u\u010dit se a r\u016fst. V\u00edt\u00e1me v\u0161echny: Syst\u00e9mov\u00e9 Integr\u00e1tory a dodavatele \u0159e\u0161en\u00ed na zak\u00e1zku, Firmy, poskytuj\u00edc\u00ed outsourcing\u00a0IT slu\u017eeb, Dodavatele s\u00ed\u0165ov\u00fdch za\u0159\u00edzen\u00ed a serverov\u00fdch \u0159e\u0161en\u00ed, Spole\u010dnosti poskytuj\u00edc\u00ed poradensk\u00e9 slu\u017eby v oblasti informatizace podnik\u016f. Co nab\u00edz\u00edme na\u0161im partner\u016fm? [&hellip;]\" \/>\n<meta property=\"og:url\" content=\"https:\/\/i.mwtsolutions.eu\/cs\/stan-se-partnerem\/\" \/>\n<meta property=\"og:site_name\" content=\"MWT Solutions\" \/>\n<meta property=\"article:modified_time\" content=\"2021-11-08T09:45:08+00:00\" \/>\n<meta name=\"twitter:card\" content=\"summary_large_image\" \/>\n<meta name=\"twitter:label1\" content=\"Odhadovan\u00e1 doba \u010dten\u00ed\" \/>\n\t<meta name=\"twitter:data1\" content=\"1 minuta\" \/>\n<script type=\"application\/ld+json\" class=\"yoast-schema-graph\">{\"@context\":\"https:\/\/schema.org\",\"@graph\":[{\"@type\":\"WebPage\",\"@id\":\"https:\/\/i.mwtsolutions.eu\/cs\/stan-se-partnerem\/\",\"url\":\"https:\/\/i.mwtsolutions.eu\/cs\/stan-se-partnerem\/\",\"name\":\"Sta\u0148 se partnerem - MWT Solutions\",\"isPartOf\":{\"@id\":\"https:\/\/i.mwtsolutions.eu\/#website\"},\"datePublished\":\"2021-02-09T12:31:04+00:00\",\"dateModified\":\"2021-11-08T09:45:08+00:00\",\"breadcrumb\":{\"@id\":\"https:\/\/i.mwtsolutions.eu\/cs\/stan-se-partnerem\/#breadcrumb\"},\"inLanguage\":\"cs\",\"potentialAction\":[{\"@type\":\"ReadAction\",\"target\":[\"https:\/\/i.mwtsolutions.eu\/cs\/stan-se-partnerem\/\"]}]},{\"@type\":\"BreadcrumbList\",\"@id\":\"https:\/\/i.mwtsolutions.eu\/cs\/stan-se-partnerem\/#breadcrumb\",\"itemListElement\":[{\"@type\":\"ListItem\",\"position\":1,\"name\":\"Home\",\"item\":\"https:\/\/i.mwtsolutions.eu\/cs\/\"},{\"@type\":\"ListItem\",\"position\":2,\"name\":\"Sta\u0148 se&nbsp;partnerem\"}]},{\"@type\":\"WebSite\",\"@id\":\"https:\/\/i.mwtsolutions.eu\/#website\",\"url\":\"https:\/\/i.mwtsolutions.eu\/\",\"name\":\"MWT Solutions\",\"description\":\"Kolejna witryna oparta na WordPressie\",\"publisher\":{\"@id\":\"https:\/\/i.mwtsolutions.eu\/#organization\"},\"potentialAction\":[{\"@type\":\"SearchAction\",\"target\":{\"@type\":\"EntryPoint\",\"urlTemplate\":\"https:\/\/i.mwtsolutions.eu\/?s={search_term_string}\"},\"query-input\":\"required name=search_term_string\"}],\"inLanguage\":\"cs\"},{\"@type\":\"Organization\",\"@id\":\"https:\/\/i.mwtsolutions.eu\/#organization\",\"name\":\"MWT Solutions\",\"url\":\"https:\/\/i.mwtsolutions.eu\/\",\"logo\":{\"@type\":\"ImageObject\",\"inLanguage\":\"cs\",\"@id\":\"https:\/\/i.mwtsolutions.eu\/#\/schema\/logo\/image\/\",\"url\":\"https:\/\/i.mwtsolutions.eu\/wp-content\/uploads\/2025\/05\/logo_MWT_rgb-color-1.png\",\"contentUrl\":\"https:\/\/i.mwtsolutions.eu\/wp-content\/uploads\/2025\/05\/logo_MWT_rgb-color-1.png\",\"width\":2825,\"height\":850,\"caption\":\"MWT Solutions\"},\"image\":{\"@id\":\"https:\/\/i.mwtsolutions.eu\/#\/schema\/logo\/image\/\"},\"sameAs\":[\"https:\/\/pl.linkedin.com\/company\/mwt-solutions\"]}]}<\/script>\n<!-- \/ Yoast SEO plugin. -->","yoast_head_json":{"title":"Sta\u0148 se partnerem - MWT Solutions","robots":{"index":"index","follow":"follow","max-snippet":"max-snippet:-1","max-image-preview":"max-image-preview:large","max-video-preview":"max-video-preview:-1"},"canonical":"https:\/\/i.mwtsolutions.eu\/cs\/stan-se-partnerem\/","og_locale":"cs_CZ","og_type":"article","og_title":"Sta\u0148 se partnerem - MWT Solutions","og_description":"Sta\u0148 se partnerem Vn\u00edm\u00e1me partnerstv\u00ed jako dlouhodobou investici. Proto v\u00e1s zveme do na\u0161eho partnersk\u00e9ho programu, kde se sna\u017e\u00edme spole\u010dn\u011b zdokonalovat, u\u010dit se a r\u016fst. V\u00edt\u00e1me v\u0161echny: Syst\u00e9mov\u00e9 Integr\u00e1tory a dodavatele \u0159e\u0161en\u00ed na zak\u00e1zku, Firmy, poskytuj\u00edc\u00ed outsourcing\u00a0IT slu\u017eeb, Dodavatele s\u00ed\u0165ov\u00fdch za\u0159\u00edzen\u00ed a serverov\u00fdch \u0159e\u0161en\u00ed, Spole\u010dnosti poskytuj\u00edc\u00ed poradensk\u00e9 slu\u017eby v oblasti informatizace podnik\u016f. Co nab\u00edz\u00edme na\u0161im partner\u016fm? [&hellip;]","og_url":"https:\/\/i.mwtsolutions.eu\/cs\/stan-se-partnerem\/","og_site_name":"MWT Solutions","article_modified_time":"2021-11-08T09:45:08+00:00","twitter_card":"summary_large_image","twitter_misc":{"Odhadovan\u00e1 doba \u010dten\u00ed":"1 minuta"},"schema":{"@context":"https:\/\/schema.org","@graph":[{"@type":"WebPage","@id":"https:\/\/i.mwtsolutions.eu\/cs\/stan-se-partnerem\/","url":"https:\/\/i.mwtsolutions.eu\/cs\/stan-se-partnerem\/","name":"Sta\u0148 se partnerem - MWT Solutions","isPartOf":{"@id":"https:\/\/i.mwtsolutions.eu\/#website"},"datePublished":"2021-02-09T12:31:04+00:00","dateModified":"2021-11-08T09:45:08+00:00","breadcrumb":{"@id":"https:\/\/i.mwtsolutions.eu\/cs\/stan-se-partnerem\/#breadcrumb"},"inLanguage":"cs","potentialAction":[{"@type":"ReadAction","target":["https:\/\/i.mwtsolutions.eu\/cs\/stan-se-partnerem\/"]}]},{"@type":"BreadcrumbList","@id":"https:\/\/i.mwtsolutions.eu\/cs\/stan-se-partnerem\/#breadcrumb","itemListElement":[{"@type":"ListItem","position":1,"name":"Home","item":"https:\/\/i.mwtsolutions.eu\/cs\/"},{"@type":"ListItem","position":2,"name":"Sta\u0148 se&nbsp;partnerem"}]},{"@type":"WebSite","@id":"https:\/\/i.mwtsolutions.eu\/#website","url":"https:\/\/i.mwtsolutions.eu\/","name":"MWT Solutions","description":"Kolejna witryna oparta na WordPressie","publisher":{"@id":"https:\/\/i.mwtsolutions.eu\/#organization"},"potentialAction":[{"@type":"SearchAction","target":{"@type":"EntryPoint","urlTemplate":"https:\/\/i.mwtsolutions.eu\/?s={search_term_string}"},"query-input":"required name=search_term_string"}],"inLanguage":"cs"},{"@type":"Organization","@id":"https:\/\/i.mwtsolutions.eu\/#organization","name":"MWT Solutions","url":"https:\/\/i.mwtsolutions.eu\/","logo":{"@type":"ImageObject","inLanguage":"cs","@id":"https:\/\/i.mwtsolutions.eu\/#\/schema\/logo\/image\/","url":"https:\/\/i.mwtsolutions.eu\/wp-content\/uploads\/2025\/05\/logo_MWT_rgb-color-1.png","contentUrl":"https:\/\/i.mwtsolutions.eu\/wp-content\/uploads\/2025\/05\/logo_MWT_rgb-color-1.png","width":2825,"height":850,"caption":"MWT Solutions"},"image":{"@id":"https:\/\/i.mwtsolutions.eu\/#\/schema\/logo\/image\/"},"sameAs":["https:\/\/pl.linkedin.com\/company\/mwt-solutions"]}]}},"_links":{"self":[{"href":"https:\/\/i.mwtsolutions.eu\/cs\/wp-json\/wp\/v2\/pages\/69844"}],"collection":[{"href":"https:\/\/i.mwtsolutions.eu\/cs\/wp-json\/wp\/v2\/pages"}],"about":[{"href":"https:\/\/i.mwtsolutions.eu\/cs\/wp-json\/wp\/v2\/types\/page"}],"author":[{"embeddable":true,"href":"https:\/\/i.mwtsolutions.eu\/cs\/wp-json\/wp\/v2\/users\/20"}],"replies":[{"embeddable":true,"href":"https:\/\/i.mwtsolutions.eu\/cs\/wp-json\/wp\/v2\/comments?post=69844"}],"version-history":[{"count":4,"href":"https:\/\/i.mwtsolutions.eu\/cs\/wp-json\/wp\/v2\/pages\/69844\/revisions"}],"predecessor-version":[{"id":69849,"href":"https:\/\/i.mwtsolutions.eu\/cs\/wp-json\/wp\/v2\/pages\/69844\/revisions\/69849"}],"wp:attachment":[{"href":"https:\/\/i.mwtsolutions.eu\/cs\/wp-json\/wp\/v2\/media?parent=69844"}],"curies":[{"name":"wp","href":"https:\/\/api.w.org\/{rel}","templated":true}]}}