{"id":70812,"date":"2021-03-22T14:34:11","date_gmt":"2021-03-22T13:34:11","guid":{"rendered":"https:\/\/mwtsolutions.eu\/?page_id=70812"},"modified":"2022-03-17T09:26:45","modified_gmt":"2022-03-17T08:26:45","slug":"informacni-dolozka","status":"publish","type":"page","link":"https:\/\/i.mwtsolutions.eu\/cs\/informacni-dolozka\/","title":{"rendered":"Informa\u010dn\u00ed dolo\u017eka"},"content":{"rendered":"\t\t<div data-elementor-type=\"wp-page\" data-elementor-id=\"70812\" class=\"elementor elementor-70812 elementor-62492\" data-elementor-post-type=\"page\">\n\t\t\t\t\t\t<section class=\"elementor-section elementor-top-section elementor-element elementor-element-b5c1dc1 elementor-section-boxed elementor-section-height-default elementor-section-height-default force-full-width-no\" data-id=\"b5c1dc1\" data-element_type=\"section\">\n\t\t\t\t\t\t<div class=\"elementor-container elementor-column-gap-default\">\n\t\t\t\t\t<div class=\"elementor-column elementor-col-100 elementor-top-column elementor-element elementor-element-c22fcc1\" data-id=\"c22fcc1\" data-element_type=\"column\">\n\t\t\t<div class=\"elementor-widget-wrap elementor-element-populated\">\n\t\t\t\t\t\t<div class=\"elementor-element elementor-element-ff32591 elementor-widget elementor-widget-heading\" data-id=\"ff32591\" data-element_type=\"widget\" data-widget_type=\"heading.default\">\n\t\t\t\t<div class=\"elementor-widget-container\">\n\t\t\t<h2 class=\"elementor-heading-title elementor-size-default\"><br>Informa\u010dn\u00ed dolo\u017eka<\/h2>\t\t<\/div>\n\t\t\t\t<\/div>\n\t\t\t\t\t<\/div>\n\t\t<\/div>\n\t\t\t\t\t<\/div>\n\t\t<\/section>\n\t\t\t\t<section class=\"elementor-section elementor-top-section elementor-element elementor-element-ed50382 elementor-section-boxed elementor-section-height-default elementor-section-height-default force-full-width-no\" data-id=\"ed50382\" data-element_type=\"section\">\n\t\t\t\t\t\t<div class=\"elementor-container elementor-column-gap-default\">\n\t\t\t\t\t<div class=\"elementor-column elementor-col-50 elementor-top-column elementor-element elementor-element-0838b00\" data-id=\"0838b00\" data-element_type=\"column\">\n\t\t\t<div class=\"elementor-widget-wrap elementor-element-populated\">\n\t\t\t\t\t\t<div class=\"elementor-element elementor-element-bbc948a elementor-widget elementor-widget-text-editor\" data-id=\"bbc948a\" data-element_type=\"widget\" data-widget_type=\"text-editor.default\">\n\t\t\t\t<div class=\"elementor-widget-container\">\n\t\t\t\t\t\t\t<p><span style=\"color: var( --e-global-color-text ); font-family: var( --e-global-typography-text-font-family ), Sans-serif; font-weight: var( --e-global-typography-text-font-weight ); font-size: 1.6rem;\">V\u00e1\u017een\u00e1 pan\u00ed, v\u00e1\u017een\u00fd pane,<\/span><\/p><p>r\u00e1di bychom v\u00e1s informovali o tom, jak\u00fdm zp\u016fsobem budeme va\u0161e osobn\u00ed \u00fadaje zpracov\u00e1vat, a uvedli \u00fa\u010del jejich pou\u017eit\u00ed. Vysv\u011btlen\u00edm t\u011bchto ot\u00e1zek chceme splnit svou informa\u010dn\u00ed povinnost podle na\u0159\u00edzen\u00ed GDPR. Vzhledem k v\u00fd\u0161e uveden\u00fdm skute\u010dnostem bychom v\u00e1s r\u00e1di informovali, \u017ee:<\/p><ol><li>Spr\u00e1vcem va\u0161ich osobn\u00edch \u00fadaj\u016f, \u010dili subjektem rozhoduj\u00edc\u00edm o tom, jak budou osobn\u00ed \u00fadaje pou\u017eity, je spole\u010dnost MWT Solutions S.A., Organiza\u010dn\u00ed slo\u017eka se s\u00eddlem v\u00a0Praze 9-Vyso\u010dany, Freyova1\/12, 190 00.<\/li><li><span lang=\"cs\">Spr\u00e1vce jmenoval Pov\u011b\u0159ence pro ochranu osobn\u00edch \u00fadaj\u016f, kter\u00e9ho lze kontaktovat e-mailem na adrese:\u00a0<a id=\"LPlnk273483\" href=\"mailto:gdpr@mwtsolutions.eu\" target=\"_blank\" rel=\"noopener noreferrer\" data-auth=\"NotApplicable\" data-linkindex=\"0\">gdpr@mwtsolutions.eu<\/a>, nebo p\u00edsemn\u011b na adrese s\u00eddle Spr\u00e1vce (s\u00eddlo znamen\u00e1 m\u00edsto podnik\u00e1n\u00ed).<\/span><\/li><li>Va\u0161e \u00fadaje mohou b\u00fdt zpracov\u00e1v\u00e1ny:<\/li><\/ol><ul><li>abychom mohli poskytnout odpov\u011b\u010f na va\u0161e dotazy prost\u0159ednictv\u00edm kontaktn\u00edho formul\u00e1\u0159e, kter\u00fd je uveden na webov\u00fdch str\u00e1nk\u00e1ch;<\/li><li>pokud jste k tomu vyj\u00e1d\u0159ili souhlas, za \u00fa\u010delem zas\u00edl\u00e1n\u00ed obchodn\u00edch a marketingov\u00fdch sd\u011blen\u00ed na v\u00e1mi uveden\u00e9 telefonn\u00ed \u010d\u00edslo nebo e-mailovou adresu;<\/li><li>za \u00fa\u010delem pln\u011bn\u00ed smlouvy uzav\u0159en\u00e9 s v\u00e1mi na z\u00e1klad\u011b podan\u00e9 objedn\u00e1vky nebo podniknut\u00ed krok\u016f k jej\u00edmu uzav\u0159en\u00ed;<\/li><li>za \u00fa\u010delem pln\u011bn\u00ed uzav\u0159en\u00e9 s v\u00e1mi smlouvy o poskytov\u00e1n\u00ed workshop\u016f, \u0161kolen\u00ed a konferenc\u00ed nebo podniknut\u00ed krok\u016f k jejich uzav\u0159en\u00ed;<\/li><li>spole\u010dnost m\u016f\u017ee tak\u00e9 zpracov\u00e1vat \u00fadaje, pokud jste vyj\u00e1d\u0159ili p\u0159\u00e1n\u00ed dost\u00e1vat od n\u00e1s newsletter.<\/li><\/ul>\t\t\t\t\t\t<\/div>\n\t\t\t\t<\/div>\n\t\t\t\t\t<\/div>\n\t\t<\/div>\n\t\t\t\t<div class=\"elementor-column elementor-col-50 elementor-top-column elementor-element elementor-element-7ce29fb\" data-id=\"7ce29fb\" data-element_type=\"column\">\n\t\t\t<div class=\"elementor-widget-wrap elementor-element-populated\">\n\t\t\t\t\t\t<div class=\"elementor-element elementor-element-e076b1b elementor-widget elementor-widget-text-editor\" data-id=\"e076b1b\" data-element_type=\"widget\" data-widget_type=\"text-editor.default\">\n\t\t\t\t<div class=\"elementor-widget-container\">\n\t\t\t\t\t\t\t<p>\u00a0<\/p><ol start=\"3\"><li>Va\u0161e \u00fadaje budeme uchov\u00e1vat po dobu nezbytnou k pln\u011bn\u00ed \u00fakol\u016f vypl\u00fdvaj\u00edc\u00edch z obsahu korespondence. \u00dadaje z\u00edskan\u00e9 za \u00fa\u010delem uzav\u0159en\u00ed smlouvy uchov\u00e1v\u00e1me po dobu nezbytnou k jej\u00edmu pln\u011bn\u00ed. Pokud jste ud\u011blili souhlas se zas\u00edl\u00e1n\u00edm obchodn\u00edch a marketingov\u00fdch sd\u011blen\u00ed, budou va\u0161e osobn\u00ed \u00fadaje zpracov\u00e1v\u00e1ny maxim\u00e1ln\u011b do doby jejich odvol\u00e1n\u00ed nebo do doby, ne\u017e se z odb\u011bru newsletteru odhl\u00e1s\u00edte.<\/li><li>P\u0159\u00edstup k osobn\u00edm \u00fadaj\u016fm bude ud\u011blen na\u0161im opr\u00e1vn\u011bn\u00fdm zam\u011bstnanc\u016fm, spolupracovn\u00edk\u016fm a poskytovatel\u016fm slu\u017eeb n\u00e1mi vyu\u017e\u00edvan\u00fdch spole\u010dnost\u00ed (nap\u0159. IT a marketingov\u00e9 slu\u017eby).<\/li><li>M\u00e1te pr\u00e1vo na p\u0159\u00edstup k osobn\u00edm \u00fadaj\u016fm a na jejich opravu, v\u00fdmaz nebo omezen\u00ed zpracov\u00e1n\u00ed, a v p\u0159\u00edpad\u011b \u00fadaj\u016f zpracov\u00e1van\u00fdch na z\u00e1klad\u011b va\u0161eho souhlasu \u2013 pr\u00e1vo na p\u0159enositelnost \u00fadaj\u016f.<\/li><li>Pokud zpracov\u00e1v\u00e1me va\u0161e osobn\u00ed \u00fadaje na z\u00e1klad\u011b opr\u00e1vn\u011bn\u00e9ho z\u00e1jmu, m\u00e1te pr\u00e1vo vzn\u00e9st n\u00e1mitku z d\u016fvod\u016f t\u00fdkaj\u00edc\u00edch se va\u0161\u00ed konkr\u00e9tn\u00ed situace. Pokud toto pr\u00e1vo uplatn\u00edte, p\u0159estaneme va\u0161e \u00fadaje pro tento \u00fa\u010del zpracov\u00e1vat, leda\u017ee prok\u00e1\u017eeme, \u017ee existuj\u00ed z\u00e1va\u017en\u00e9 opr\u00e1vn\u011bn\u00e9 d\u016fvody pro zpracov\u00e1n\u00ed, kter\u00e9 p\u0159eva\u017euj\u00ed nad va\u0161imi z\u00e1jmy, pr\u00e1vy a svobodami nebo d\u016fvody pro ur\u010den\u00ed, v\u00fdkon nebo obhajobu n\u00e1rok\u016f.<\/li><li>M\u00e1te pr\u00e1vo podat st\u00ed\u017enost u dozorov\u00e9ho \u00fa\u0159adu &#8211; p\u0159edsedy \u00da\u0159adu pro ochranu osobn\u00edch \u00fadaj\u016f.<\/li><li>M\u00e1te pr\u00e1vo sv\u016fj souhlas kdykoli odvolat, ani\u017e by t\u00edm byla dot\u010dena z\u00e1konnost zpracov\u00e1n\u00ed proveden\u00e9ho na z\u00e1klad\u011b v\u00fd\u0161e uveden\u00e9ho souhlasu p\u0159ed jeho odvol\u00e1n\u00edm.<\/li><li>Poskytnut\u00ed osobn\u00edch \u00fadaj\u016f je dobrovoln\u00e9, ale nezbytn\u00e9 pro nav\u00e1z\u00e1n\u00ed kontaktu a poskytnut\u00ed odpov\u011bd\u00ed na v\u00e1\u0161 dotaz, \u017e\u00e1dost nebo popt\u00e1vku, jako\u017e i pro uzav\u0159en\u00ed nebo pln\u011bn\u00ed smlouvy a\/nebo zas\u00edl\u00e1n\u00ed obchodn\u00edch a marketingov\u00fdch sd\u011blen\u00ed.<\/li><li>Va\u0161e osobn\u00ed \u00fadaje budou p\u0159edm\u011btem profilov\u00e1n\u00ed.<\/li><li>Ve\u0161ker\u00e9 dotazy a po\u017eadavky t\u00fdkaj\u00edc\u00ed se ochrany osobn\u00edch \u00fadaj\u016f zas\u00edlejte na e-mailovou adresu: gdpr@mwtsolutions.eu.<\/li><\/ol><p>\u00a0<\/p>\t\t\t\t\t\t<\/div>\n\t\t\t\t<\/div>\n\t\t\t\t\t<\/div>\n\t\t<\/div>\n\t\t\t\t\t<\/div>\n\t\t<\/section>\n\t\t\t\t<\/div>\n\t\t","protected":false},"excerpt":{"rendered":"<p>Informa\u010dn\u00ed dolo\u017eka V\u00e1\u017een\u00e1 pan\u00ed, v\u00e1\u017een\u00fd pane, r\u00e1di bychom v\u00e1s informovali o tom, jak\u00fdm zp\u016fsobem budeme va\u0161e osobn\u00ed \u00fadaje zpracov\u00e1vat, a uvedli \u00fa\u010del jejich pou\u017eit\u00ed. Vysv\u011btlen\u00edm t\u011bchto ot\u00e1zek chceme splnit svou informa\u010dn\u00ed povinnost podle na\u0159\u00edzen\u00ed GDPR. Vzhledem k v\u00fd\u0161e uveden\u00fdm skute\u010dnostem bychom v\u00e1s r\u00e1di informovali, \u017ee: Spr\u00e1vcem va\u0161ich osobn\u00edch \u00fadaj\u016f, \u010dili subjektem rozhoduj\u00edc\u00edm o tom, jak [&hellip;]<\/p>\n","protected":false},"author":20,"featured_media":0,"parent":0,"menu_order":132,"comment_status":"closed","ping_status":"closed","template":"","meta":{"content-type":"","om_disable_all_campaigns":false,"inline_featured_image":false,"_monsterinsights_skip_tracking":false,"_monsterinsights_sitenote_active":false,"_monsterinsights_sitenote_note":"","_monsterinsights_sitenote_category":0,"_links_to":"","_links_to_target":""},"acf":[],"aioseo_notices":[],"yoast_head":"<!-- This site is optimized with the Yoast SEO plugin v20.6 - https:\/\/yoast.com\/wordpress\/plugins\/seo\/ -->\n<title>Informa\u010dn\u00ed dolo\u017eka - MWT Solutions<\/title>\n<meta name=\"robots\" content=\"index, follow, max-snippet:-1, max-image-preview:large, max-video-preview:-1\" \/>\n<link rel=\"canonical\" href=\"https:\/\/i.mwtsolutions.eu\/cs\/informacni-dolozka\/\" \/>\n<meta property=\"og:locale\" content=\"cs_CZ\" \/>\n<meta property=\"og:type\" content=\"article\" \/>\n<meta property=\"og:title\" content=\"Informa\u010dn\u00ed dolo\u017eka - MWT Solutions\" \/>\n<meta property=\"og:description\" content=\"Informa\u010dn\u00ed dolo\u017eka V\u00e1\u017een\u00e1 pan\u00ed, v\u00e1\u017een\u00fd pane, r\u00e1di bychom v\u00e1s informovali o tom, jak\u00fdm zp\u016fsobem budeme va\u0161e osobn\u00ed \u00fadaje zpracov\u00e1vat, a uvedli \u00fa\u010del jejich pou\u017eit\u00ed. Vysv\u011btlen\u00edm t\u011bchto ot\u00e1zek chceme splnit svou informa\u010dn\u00ed povinnost podle na\u0159\u00edzen\u00ed GDPR. Vzhledem k v\u00fd\u0161e uveden\u00fdm skute\u010dnostem bychom v\u00e1s r\u00e1di informovali, \u017ee: Spr\u00e1vcem va\u0161ich osobn\u00edch \u00fadaj\u016f, \u010dili subjektem rozhoduj\u00edc\u00edm o tom, jak [&hellip;]\" \/>\n<meta property=\"og:url\" content=\"https:\/\/i.mwtsolutions.eu\/cs\/informacni-dolozka\/\" \/>\n<meta property=\"og:site_name\" content=\"MWT Solutions\" \/>\n<meta property=\"article:modified_time\" content=\"2022-03-17T08:26:45+00:00\" \/>\n<meta name=\"twitter:card\" content=\"summary_large_image\" \/>\n<meta name=\"twitter:label1\" content=\"Odhadovan\u00e1 doba \u010dten\u00ed\" \/>\n\t<meta name=\"twitter:data1\" content=\"3 minuty\" \/>\n<script type=\"application\/ld+json\" class=\"yoast-schema-graph\">{\"@context\":\"https:\/\/schema.org\",\"@graph\":[{\"@type\":\"WebPage\",\"@id\":\"https:\/\/i.mwtsolutions.eu\/cs\/informacni-dolozka\/\",\"url\":\"https:\/\/i.mwtsolutions.eu\/cs\/informacni-dolozka\/\",\"name\":\"Informa\u010dn\u00ed dolo\u017eka - MWT Solutions\",\"isPartOf\":{\"@id\":\"https:\/\/i.mwtsolutions.eu\/#website\"},\"datePublished\":\"2021-03-22T13:34:11+00:00\",\"dateModified\":\"2022-03-17T08:26:45+00:00\",\"breadcrumb\":{\"@id\":\"https:\/\/i.mwtsolutions.eu\/cs\/informacni-dolozka\/#breadcrumb\"},\"inLanguage\":\"cs\",\"potentialAction\":[{\"@type\":\"ReadAction\",\"target\":[\"https:\/\/i.mwtsolutions.eu\/cs\/informacni-dolozka\/\"]}]},{\"@type\":\"BreadcrumbList\",\"@id\":\"https:\/\/i.mwtsolutions.eu\/cs\/informacni-dolozka\/#breadcrumb\",\"itemListElement\":[{\"@type\":\"ListItem\",\"position\":1,\"name\":\"Home\",\"item\":\"https:\/\/i.mwtsolutions.eu\/cs\/\"},{\"@type\":\"ListItem\",\"position\":2,\"name\":\"Informa\u010dn\u00ed dolo\u017eka\"}]},{\"@type\":\"WebSite\",\"@id\":\"https:\/\/i.mwtsolutions.eu\/#website\",\"url\":\"https:\/\/i.mwtsolutions.eu\/\",\"name\":\"MWT Solutions\",\"description\":\"Kolejna witryna oparta na WordPressie\",\"publisher\":{\"@id\":\"https:\/\/i.mwtsolutions.eu\/#organization\"},\"potentialAction\":[{\"@type\":\"SearchAction\",\"target\":{\"@type\":\"EntryPoint\",\"urlTemplate\":\"https:\/\/i.mwtsolutions.eu\/?s={search_term_string}\"},\"query-input\":\"required name=search_term_string\"}],\"inLanguage\":\"cs\"},{\"@type\":\"Organization\",\"@id\":\"https:\/\/i.mwtsolutions.eu\/#organization\",\"name\":\"MWT Solutions\",\"url\":\"https:\/\/i.mwtsolutions.eu\/\",\"logo\":{\"@type\":\"ImageObject\",\"inLanguage\":\"cs\",\"@id\":\"https:\/\/i.mwtsolutions.eu\/#\/schema\/logo\/image\/\",\"url\":\"https:\/\/i.mwtsolutions.eu\/wp-content\/uploads\/2025\/05\/logo_MWT_rgb-color-1.png\",\"contentUrl\":\"https:\/\/i.mwtsolutions.eu\/wp-content\/uploads\/2025\/05\/logo_MWT_rgb-color-1.png\",\"width\":2825,\"height\":850,\"caption\":\"MWT Solutions\"},\"image\":{\"@id\":\"https:\/\/i.mwtsolutions.eu\/#\/schema\/logo\/image\/\"},\"sameAs\":[\"https:\/\/pl.linkedin.com\/company\/mwt-solutions\"]}]}<\/script>\n<!-- \/ Yoast SEO plugin. -->","yoast_head_json":{"title":"Informa\u010dn\u00ed dolo\u017eka - MWT Solutions","robots":{"index":"index","follow":"follow","max-snippet":"max-snippet:-1","max-image-preview":"max-image-preview:large","max-video-preview":"max-video-preview:-1"},"canonical":"https:\/\/i.mwtsolutions.eu\/cs\/informacni-dolozka\/","og_locale":"cs_CZ","og_type":"article","og_title":"Informa\u010dn\u00ed dolo\u017eka - MWT Solutions","og_description":"Informa\u010dn\u00ed dolo\u017eka V\u00e1\u017een\u00e1 pan\u00ed, v\u00e1\u017een\u00fd pane, r\u00e1di bychom v\u00e1s informovali o tom, jak\u00fdm zp\u016fsobem budeme va\u0161e osobn\u00ed \u00fadaje zpracov\u00e1vat, a uvedli \u00fa\u010del jejich pou\u017eit\u00ed. Vysv\u011btlen\u00edm t\u011bchto ot\u00e1zek chceme splnit svou informa\u010dn\u00ed povinnost podle na\u0159\u00edzen\u00ed GDPR. Vzhledem k v\u00fd\u0161e uveden\u00fdm skute\u010dnostem bychom v\u00e1s r\u00e1di informovali, \u017ee: Spr\u00e1vcem va\u0161ich osobn\u00edch \u00fadaj\u016f, \u010dili subjektem rozhoduj\u00edc\u00edm o tom, jak [&hellip;]","og_url":"https:\/\/i.mwtsolutions.eu\/cs\/informacni-dolozka\/","og_site_name":"MWT Solutions","article_modified_time":"2022-03-17T08:26:45+00:00","twitter_card":"summary_large_image","twitter_misc":{"Odhadovan\u00e1 doba \u010dten\u00ed":"3 minuty"},"schema":{"@context":"https:\/\/schema.org","@graph":[{"@type":"WebPage","@id":"https:\/\/i.mwtsolutions.eu\/cs\/informacni-dolozka\/","url":"https:\/\/i.mwtsolutions.eu\/cs\/informacni-dolozka\/","name":"Informa\u010dn\u00ed dolo\u017eka - MWT Solutions","isPartOf":{"@id":"https:\/\/i.mwtsolutions.eu\/#website"},"datePublished":"2021-03-22T13:34:11+00:00","dateModified":"2022-03-17T08:26:45+00:00","breadcrumb":{"@id":"https:\/\/i.mwtsolutions.eu\/cs\/informacni-dolozka\/#breadcrumb"},"inLanguage":"cs","potentialAction":[{"@type":"ReadAction","target":["https:\/\/i.mwtsolutions.eu\/cs\/informacni-dolozka\/"]}]},{"@type":"BreadcrumbList","@id":"https:\/\/i.mwtsolutions.eu\/cs\/informacni-dolozka\/#breadcrumb","itemListElement":[{"@type":"ListItem","position":1,"name":"Home","item":"https:\/\/i.mwtsolutions.eu\/cs\/"},{"@type":"ListItem","position":2,"name":"Informa\u010dn\u00ed dolo\u017eka"}]},{"@type":"WebSite","@id":"https:\/\/i.mwtsolutions.eu\/#website","url":"https:\/\/i.mwtsolutions.eu\/","name":"MWT Solutions","description":"Kolejna witryna oparta na WordPressie","publisher":{"@id":"https:\/\/i.mwtsolutions.eu\/#organization"},"potentialAction":[{"@type":"SearchAction","target":{"@type":"EntryPoint","urlTemplate":"https:\/\/i.mwtsolutions.eu\/?s={search_term_string}"},"query-input":"required name=search_term_string"}],"inLanguage":"cs"},{"@type":"Organization","@id":"https:\/\/i.mwtsolutions.eu\/#organization","name":"MWT Solutions","url":"https:\/\/i.mwtsolutions.eu\/","logo":{"@type":"ImageObject","inLanguage":"cs","@id":"https:\/\/i.mwtsolutions.eu\/#\/schema\/logo\/image\/","url":"https:\/\/i.mwtsolutions.eu\/wp-content\/uploads\/2025\/05\/logo_MWT_rgb-color-1.png","contentUrl":"https:\/\/i.mwtsolutions.eu\/wp-content\/uploads\/2025\/05\/logo_MWT_rgb-color-1.png","width":2825,"height":850,"caption":"MWT Solutions"},"image":{"@id":"https:\/\/i.mwtsolutions.eu\/#\/schema\/logo\/image\/"},"sameAs":["https:\/\/pl.linkedin.com\/company\/mwt-solutions"]}]}},"_links":{"self":[{"href":"https:\/\/i.mwtsolutions.eu\/cs\/wp-json\/wp\/v2\/pages\/70812"}],"collection":[{"href":"https:\/\/i.mwtsolutions.eu\/cs\/wp-json\/wp\/v2\/pages"}],"about":[{"href":"https:\/\/i.mwtsolutions.eu\/cs\/wp-json\/wp\/v2\/types\/page"}],"author":[{"embeddable":true,"href":"https:\/\/i.mwtsolutions.eu\/cs\/wp-json\/wp\/v2\/users\/20"}],"replies":[{"embeddable":true,"href":"https:\/\/i.mwtsolutions.eu\/cs\/wp-json\/wp\/v2\/comments?post=70812"}],"version-history":[{"count":26,"href":"https:\/\/i.mwtsolutions.eu\/cs\/wp-json\/wp\/v2\/pages\/70812\/revisions"}],"predecessor-version":[{"id":85852,"href":"https:\/\/i.mwtsolutions.eu\/cs\/wp-json\/wp\/v2\/pages\/70812\/revisions\/85852"}],"wp:attachment":[{"href":"https:\/\/i.mwtsolutions.eu\/cs\/wp-json\/wp\/v2\/media?parent=70812"}],"curies":[{"name":"wp","href":"https:\/\/api.w.org\/{rel}","templated":true}]}}