{"id":70819,"date":"2021-03-22T14:37:11","date_gmt":"2021-03-22T13:37:11","guid":{"rendered":"https:\/\/mwtsolutions.eu\/?page_id=70819"},"modified":"2021-11-08T10:45:07","modified_gmt":"2021-11-08T09:45:07","slug":"politika-cookies","status":"publish","type":"page","link":"https:\/\/i.mwtsolutions.eu\/cs\/politika-cookies\/","title":{"rendered":"Politika cookies"},"content":{"rendered":"\t\t<div data-elementor-type=\"wp-page\" data-elementor-id=\"70819\" class=\"elementor elementor-70819 elementor-61826\" data-elementor-post-type=\"page\">\n\t\t\t\t\t\t<section class=\"elementor-section elementor-top-section elementor-element elementor-element-a4ab9de elementor-section-boxed elementor-section-height-default elementor-section-height-default force-full-width-no\" data-id=\"a4ab9de\" data-element_type=\"section\">\n\t\t\t\t\t\t<div class=\"elementor-container elementor-column-gap-default\">\n\t\t\t\t\t<div class=\"elementor-column elementor-col-100 elementor-top-column elementor-element elementor-element-4032acc\" data-id=\"4032acc\" data-element_type=\"column\">\n\t\t\t<div class=\"elementor-widget-wrap elementor-element-populated\">\n\t\t\t\t\t\t<div class=\"elementor-element elementor-element-3ca1fdb elementor-widget elementor-widget-heading\" data-id=\"3ca1fdb\" data-element_type=\"widget\" data-widget_type=\"heading.default\">\n\t\t\t\t<div class=\"elementor-widget-container\">\n\t\t\t<h2 class=\"elementor-heading-title elementor-size-default\">Politika cookies<\/h2>\t\t<\/div>\n\t\t\t\t<\/div>\n\t\t\t\t<div class=\"elementor-element elementor-element-5c5a004 elementor-widget elementor-widget-text-editor\" data-id=\"5c5a004\" data-element_type=\"widget\" data-widget_type=\"text-editor.default\">\n\t\t\t\t<div class=\"elementor-widget-container\">\n\t\t\t\t\t\t\t<ol><li>Webov\u00e9 str\u00e1nky neshroma\u017e\u010fuj\u00ed automaticky \u017e\u00e1dn\u00e9 informace, krom\u011b informac\u00ed v souborech cookies.<\/li><li>Soubory cookies jsou data, zejm\u00e9na textov\u00e9 soubory, ukl\u00e1dan\u00e9 v za\u0159\u00edzen\u00ed u\u017eivatele webov\u00fdch str\u00e1nek. Jsou ur\u010deny k pou\u017e\u00edv\u00e1n\u00ed webov\u00fdch str\u00e1nek. Soubory cookies obvykle obsahuj\u00ed n\u00e1zev webov\u00e9 str\u00e1nky, ze kter\u00e9 poch\u00e1zej\u00ed, dobu jejich ulo\u017een\u00ed na koncov\u00e9m za\u0159\u00edzen\u00ed a jedine\u010dnou dvojici atribut\u016f kl\u00ed\u010d \u2013 hodnota.<\/li><li>Subjektem, kter\u00fd soubory cookies umis\u0165uje na koncov\u00e9m za\u0159\u00edzen\u00ed u\u017eivatele a m\u00e1 k\u00a0nim p\u0159\u00edstup, je MWT Solutions S.A., Freyova 1\/12, Vyso\u010dany, 190\u00a000 Praha 9.<\/li><li>Soubory cookies se pou\u017e\u00edvaj\u00ed pro n\u00e1sleduj\u00edc\u00ed \u00fa\u010dely:<\/li><\/ol><ul><li>p\u0159izp\u016fsoben\u00ed obsahu webov\u00fdch str\u00e1nek podle preferenc\u00ed u\u017eivatele; tyto soubory umo\u017e\u0148uj\u00ed zejm\u00e9na rozpoznat za\u0159\u00edzen\u00ed u\u017eivatele webov\u00fdch str\u00e1nek a webov\u00e9 str\u00e1nky spr\u00e1vn\u011b zobrazit;<\/li><li>vytv\u00e1\u0159en\u00ed statistik umo\u017e\u0148uj\u00edc\u00edch vylep\u0161it strukturu a obsah;<\/li><\/ul><ol start=\"5\"><li>Webov\u00e9 str\u00e1nky pou\u017e\u00edvaj\u00ed dva typy soubor\u016f cookies: \u201emandatorn\u00ed\u201d (session cookies) a \u201etrval\u00e9\u201d (persistent cookies). Mandatorn\u00ed soubory cookies jsou do\u010dasn\u00fdmi soubory, kter\u00e9 se ukl\u00e1daj\u00ed na koncov\u00e9m za\u0159\u00edzen\u00ed u\u017eivatele a\u017e do odhl\u00e1\u0161en\u00ed, opu\u0161t\u011bn\u00ed webu nebo vypnut\u00ed softwaru (webov\u00e9ho prohl\u00ed\u017ee\u010de). Trval\u00e9 soubory cookies se ukl\u00e1daj\u00ed na koncov\u00e9m za\u0159\u00edzen\u00ed u\u017eivatele po dobu uvedenou v parametrech soubor\u016f cookies nebo do doby, ne\u017e je u\u017eivatel sma\u017ee.<\/li><li>Webov\u00e9 str\u00e1nky pou\u017e\u00edvaj\u00ed dva typy soubor\u016f cookies:<\/li><\/ol><ul><li>\u201enezbytn\u00e9\u201c soubory cookies, umo\u017e\u0148uj\u00edc\u00ed pou\u017e\u00edv\u00e1n\u00ed slu\u017eeb dostupn\u00fdch na webov\u00fdch str\u00e1nk\u00e1ch;<\/li><li>soubory cookies pou\u017e\u00edvan\u00e9 k zaji\u0161t\u011bn\u00ed bezpe\u010dnosti;<\/li><li>\u201ev\u00fdkonnostn\u00ed\u201c soubory cookies, umo\u017e\u0148uj\u00edc\u00ed shroma\u017e\u010fovat informace o zp\u016fsobu pou\u017e\u00edv\u00e1n\u00ed webov\u00fdch str\u00e1nek;<\/li><li>\u201efunk\u010dn\u00ed\u201c soubory cookies, umo\u017e\u0148uj\u00edc\u00ed \u201ezapamatov\u00e1n\u00ed\u201c nastaven\u00ed zvolen\u00fdch u\u017eivatelem a p\u0159izp\u016fsoben\u00ed u\u017eivatelsk\u00e9ho rozhran\u00ed.<\/li><\/ul><ol start=\"7\"><li>V\u00a0mnoha p\u0159\u00edpadech umo\u017e\u0148uje software pou\u017e\u00edvan\u00fd k proch\u00e1zen\u00ed webov\u00fdch str\u00e1nek (webov\u00fd prohl\u00ed\u017ee\u010d) ve v\u00fdchoz\u00edm nastaven\u00ed ukl\u00e1d\u00e1n\u00ed soubor\u016f cookies na koncov\u00e9m za\u0159\u00edzen\u00ed u\u017eivatele. U\u017eivatel\u00e9 webov\u00fdch str\u00e1nek mohou sv\u00e1 nastaven\u00ed soubor\u016f cookies kdykoli zm\u011bnit. Tato nastaven\u00ed lze zm\u011bnit zejm\u00e9na tak, aby blokovala automatick\u00e9 zpracov\u00e1n\u00ed soubor\u016f cookies v nastaven\u00ed webov\u00e9ho prohl\u00ed\u017ee\u010de nebo poka\u017ed\u00e9 informovala o jejich ulo\u017een\u00ed v\u00a0za\u0159\u00edzen\u00ed u\u017eivatele webov\u00fdch str\u00e1nek. Podrobn\u00e9 informace o mo\u017enostech a metod\u00e1ch pr\u00e1ce s cookies jsou k dispozici v nastaven\u00ed softwaru (webov\u00e9ho prohl\u00ed\u017ee\u010de).<\/li><li>M\u011bjte na pam\u011bti, \u017ee omezen\u00ed pou\u017eit\u00ed soubor\u016f cookies m\u016f\u017ee ovlivnit n\u011bkter\u00e9 funkce dostupn\u00e9 na webov\u00fdch str\u00e1nk\u00e1ch.<\/li><li>Soubory cookies um\u00eds\u0165ovan\u00e9 v koncov\u00e9m za\u0159\u00edzen\u00ed u\u017eivatele webov\u00fdch str\u00e1nek mohou b\u00fdt tak\u00e9 pou\u017eity inzerenty a partnery, kte\u0159\u00ed s n\u00e1mi spolupracuj\u00ed.<\/li><\/ol>\t\t\t\t\t\t<\/div>\n\t\t\t\t<\/div>\n\t\t\t\t\t<\/div>\n\t\t<\/div>\n\t\t\t\t\t<\/div>\n\t\t<\/section>\n\t\t\t\t<\/div>\n\t\t","protected":false},"excerpt":{"rendered":"<p>Politika cookies Webov\u00e9 str\u00e1nky neshroma\u017e\u010fuj\u00ed automaticky \u017e\u00e1dn\u00e9 informace, krom\u011b informac\u00ed v souborech cookies. Soubory cookies jsou data, zejm\u00e9na textov\u00e9 soubory, ukl\u00e1dan\u00e9 v za\u0159\u00edzen\u00ed u\u017eivatele webov\u00fdch str\u00e1nek. Jsou ur\u010deny k pou\u017e\u00edv\u00e1n\u00ed webov\u00fdch str\u00e1nek. Soubory cookies obvykle obsahuj\u00ed n\u00e1zev webov\u00e9 str\u00e1nky, ze kter\u00e9 poch\u00e1zej\u00ed, dobu jejich ulo\u017een\u00ed na koncov\u00e9m za\u0159\u00edzen\u00ed a jedine\u010dnou dvojici atribut\u016f kl\u00ed\u010d \u2013 hodnota. [&hellip;]<\/p>\n","protected":false},"author":20,"featured_media":0,"parent":0,"menu_order":115,"comment_status":"closed","ping_status":"closed","template":"","meta":{"content-type":"","om_disable_all_campaigns":false,"inline_featured_image":false,"_monsterinsights_skip_tracking":false,"_monsterinsights_sitenote_active":false,"_monsterinsights_sitenote_note":"","_monsterinsights_sitenote_category":0,"_links_to":"","_links_to_target":""},"acf":[],"aioseo_notices":[],"yoast_head":"<!-- This site is optimized with the Yoast SEO plugin v20.6 - https:\/\/yoast.com\/wordpress\/plugins\/seo\/ -->\n<title>Politika cookies - MWT Solutions<\/title>\n<meta name=\"robots\" content=\"index, follow, max-snippet:-1, max-image-preview:large, max-video-preview:-1\" \/>\n<link rel=\"canonical\" href=\"https:\/\/i.mwtsolutions.eu\/cs\/politika-cookies\/\" \/>\n<meta property=\"og:locale\" content=\"cs_CZ\" \/>\n<meta property=\"og:type\" content=\"article\" \/>\n<meta property=\"og:title\" content=\"Politika cookies - MWT Solutions\" \/>\n<meta property=\"og:description\" content=\"Politika cookies Webov\u00e9 str\u00e1nky neshroma\u017e\u010fuj\u00ed automaticky \u017e\u00e1dn\u00e9 informace, krom\u011b informac\u00ed v souborech cookies. Soubory cookies jsou data, zejm\u00e9na textov\u00e9 soubory, ukl\u00e1dan\u00e9 v za\u0159\u00edzen\u00ed u\u017eivatele webov\u00fdch str\u00e1nek. Jsou ur\u010deny k pou\u017e\u00edv\u00e1n\u00ed webov\u00fdch str\u00e1nek. Soubory cookies obvykle obsahuj\u00ed n\u00e1zev webov\u00e9 str\u00e1nky, ze kter\u00e9 poch\u00e1zej\u00ed, dobu jejich ulo\u017een\u00ed na koncov\u00e9m za\u0159\u00edzen\u00ed a jedine\u010dnou dvojici atribut\u016f kl\u00ed\u010d \u2013 hodnota. [&hellip;]\" \/>\n<meta property=\"og:url\" content=\"https:\/\/i.mwtsolutions.eu\/cs\/politika-cookies\/\" \/>\n<meta property=\"og:site_name\" content=\"MWT Solutions\" \/>\n<meta property=\"article:modified_time\" content=\"2021-11-08T09:45:07+00:00\" \/>\n<meta name=\"twitter:card\" content=\"summary_large_image\" \/>\n<meta name=\"twitter:label1\" content=\"Odhadovan\u00e1 doba \u010dten\u00ed\" \/>\n\t<meta name=\"twitter:data1\" content=\"2 minuty\" \/>\n<script type=\"application\/ld+json\" class=\"yoast-schema-graph\">{\"@context\":\"https:\/\/schema.org\",\"@graph\":[{\"@type\":\"WebPage\",\"@id\":\"https:\/\/i.mwtsolutions.eu\/cs\/politika-cookies\/\",\"url\":\"https:\/\/i.mwtsolutions.eu\/cs\/politika-cookies\/\",\"name\":\"Politika cookies - MWT Solutions\",\"isPartOf\":{\"@id\":\"https:\/\/i.mwtsolutions.eu\/#website\"},\"datePublished\":\"2021-03-22T13:37:11+00:00\",\"dateModified\":\"2021-11-08T09:45:07+00:00\",\"breadcrumb\":{\"@id\":\"https:\/\/i.mwtsolutions.eu\/cs\/politika-cookies\/#breadcrumb\"},\"inLanguage\":\"cs\",\"potentialAction\":[{\"@type\":\"ReadAction\",\"target\":[\"https:\/\/i.mwtsolutions.eu\/cs\/politika-cookies\/\"]}]},{\"@type\":\"BreadcrumbList\",\"@id\":\"https:\/\/i.mwtsolutions.eu\/cs\/politika-cookies\/#breadcrumb\",\"itemListElement\":[{\"@type\":\"ListItem\",\"position\":1,\"name\":\"Home\",\"item\":\"https:\/\/i.mwtsolutions.eu\/cs\/\"},{\"@type\":\"ListItem\",\"position\":2,\"name\":\"Politika cookies\"}]},{\"@type\":\"WebSite\",\"@id\":\"https:\/\/i.mwtsolutions.eu\/#website\",\"url\":\"https:\/\/i.mwtsolutions.eu\/\",\"name\":\"MWT Solutions\",\"description\":\"Kolejna witryna oparta na WordPressie\",\"publisher\":{\"@id\":\"https:\/\/i.mwtsolutions.eu\/#organization\"},\"potentialAction\":[{\"@type\":\"SearchAction\",\"target\":{\"@type\":\"EntryPoint\",\"urlTemplate\":\"https:\/\/i.mwtsolutions.eu\/?s={search_term_string}\"},\"query-input\":\"required name=search_term_string\"}],\"inLanguage\":\"cs\"},{\"@type\":\"Organization\",\"@id\":\"https:\/\/i.mwtsolutions.eu\/#organization\",\"name\":\"MWT Solutions\",\"url\":\"https:\/\/i.mwtsolutions.eu\/\",\"logo\":{\"@type\":\"ImageObject\",\"inLanguage\":\"cs\",\"@id\":\"https:\/\/i.mwtsolutions.eu\/#\/schema\/logo\/image\/\",\"url\":\"https:\/\/i.mwtsolutions.eu\/wp-content\/uploads\/2025\/05\/logo_MWT_rgb-color-1.png\",\"contentUrl\":\"https:\/\/i.mwtsolutions.eu\/wp-content\/uploads\/2025\/05\/logo_MWT_rgb-color-1.png\",\"width\":2825,\"height\":850,\"caption\":\"MWT Solutions\"},\"image\":{\"@id\":\"https:\/\/i.mwtsolutions.eu\/#\/schema\/logo\/image\/\"},\"sameAs\":[\"https:\/\/pl.linkedin.com\/company\/mwt-solutions\"]}]}<\/script>\n<!-- \/ Yoast SEO plugin. -->","yoast_head_json":{"title":"Politika cookies - MWT Solutions","robots":{"index":"index","follow":"follow","max-snippet":"max-snippet:-1","max-image-preview":"max-image-preview:large","max-video-preview":"max-video-preview:-1"},"canonical":"https:\/\/i.mwtsolutions.eu\/cs\/politika-cookies\/","og_locale":"cs_CZ","og_type":"article","og_title":"Politika cookies - MWT Solutions","og_description":"Politika cookies Webov\u00e9 str\u00e1nky neshroma\u017e\u010fuj\u00ed automaticky \u017e\u00e1dn\u00e9 informace, krom\u011b informac\u00ed v souborech cookies. Soubory cookies jsou data, zejm\u00e9na textov\u00e9 soubory, ukl\u00e1dan\u00e9 v za\u0159\u00edzen\u00ed u\u017eivatele webov\u00fdch str\u00e1nek. Jsou ur\u010deny k pou\u017e\u00edv\u00e1n\u00ed webov\u00fdch str\u00e1nek. Soubory cookies obvykle obsahuj\u00ed n\u00e1zev webov\u00e9 str\u00e1nky, ze kter\u00e9 poch\u00e1zej\u00ed, dobu jejich ulo\u017een\u00ed na koncov\u00e9m za\u0159\u00edzen\u00ed a jedine\u010dnou dvojici atribut\u016f kl\u00ed\u010d \u2013 hodnota. [&hellip;]","og_url":"https:\/\/i.mwtsolutions.eu\/cs\/politika-cookies\/","og_site_name":"MWT Solutions","article_modified_time":"2021-11-08T09:45:07+00:00","twitter_card":"summary_large_image","twitter_misc":{"Odhadovan\u00e1 doba \u010dten\u00ed":"2 minuty"},"schema":{"@context":"https:\/\/schema.org","@graph":[{"@type":"WebPage","@id":"https:\/\/i.mwtsolutions.eu\/cs\/politika-cookies\/","url":"https:\/\/i.mwtsolutions.eu\/cs\/politika-cookies\/","name":"Politika cookies - MWT Solutions","isPartOf":{"@id":"https:\/\/i.mwtsolutions.eu\/#website"},"datePublished":"2021-03-22T13:37:11+00:00","dateModified":"2021-11-08T09:45:07+00:00","breadcrumb":{"@id":"https:\/\/i.mwtsolutions.eu\/cs\/politika-cookies\/#breadcrumb"},"inLanguage":"cs","potentialAction":[{"@type":"ReadAction","target":["https:\/\/i.mwtsolutions.eu\/cs\/politika-cookies\/"]}]},{"@type":"BreadcrumbList","@id":"https:\/\/i.mwtsolutions.eu\/cs\/politika-cookies\/#breadcrumb","itemListElement":[{"@type":"ListItem","position":1,"name":"Home","item":"https:\/\/i.mwtsolutions.eu\/cs\/"},{"@type":"ListItem","position":2,"name":"Politika cookies"}]},{"@type":"WebSite","@id":"https:\/\/i.mwtsolutions.eu\/#website","url":"https:\/\/i.mwtsolutions.eu\/","name":"MWT Solutions","description":"Kolejna witryna oparta na WordPressie","publisher":{"@id":"https:\/\/i.mwtsolutions.eu\/#organization"},"potentialAction":[{"@type":"SearchAction","target":{"@type":"EntryPoint","urlTemplate":"https:\/\/i.mwtsolutions.eu\/?s={search_term_string}"},"query-input":"required name=search_term_string"}],"inLanguage":"cs"},{"@type":"Organization","@id":"https:\/\/i.mwtsolutions.eu\/#organization","name":"MWT Solutions","url":"https:\/\/i.mwtsolutions.eu\/","logo":{"@type":"ImageObject","inLanguage":"cs","@id":"https:\/\/i.mwtsolutions.eu\/#\/schema\/logo\/image\/","url":"https:\/\/i.mwtsolutions.eu\/wp-content\/uploads\/2025\/05\/logo_MWT_rgb-color-1.png","contentUrl":"https:\/\/i.mwtsolutions.eu\/wp-content\/uploads\/2025\/05\/logo_MWT_rgb-color-1.png","width":2825,"height":850,"caption":"MWT Solutions"},"image":{"@id":"https:\/\/i.mwtsolutions.eu\/#\/schema\/logo\/image\/"},"sameAs":["https:\/\/pl.linkedin.com\/company\/mwt-solutions"]}]}},"_links":{"self":[{"href":"https:\/\/i.mwtsolutions.eu\/cs\/wp-json\/wp\/v2\/pages\/70819"}],"collection":[{"href":"https:\/\/i.mwtsolutions.eu\/cs\/wp-json\/wp\/v2\/pages"}],"about":[{"href":"https:\/\/i.mwtsolutions.eu\/cs\/wp-json\/wp\/v2\/types\/page"}],"author":[{"embeddable":true,"href":"https:\/\/i.mwtsolutions.eu\/cs\/wp-json\/wp\/v2\/users\/20"}],"replies":[{"embeddable":true,"href":"https:\/\/i.mwtsolutions.eu\/cs\/wp-json\/wp\/v2\/comments?post=70819"}],"version-history":[{"count":7,"href":"https:\/\/i.mwtsolutions.eu\/cs\/wp-json\/wp\/v2\/pages\/70819\/revisions"}],"predecessor-version":[{"id":70828,"href":"https:\/\/i.mwtsolutions.eu\/cs\/wp-json\/wp\/v2\/pages\/70819\/revisions\/70828"}],"wp:attachment":[{"href":"https:\/\/i.mwtsolutions.eu\/cs\/wp-json\/wp\/v2\/media?parent=70819"}],"curies":[{"name":"wp","href":"https:\/\/api.w.org\/{rel}","templated":true}]}}