{"id":70829,"date":"2021-03-22T14:45:11","date_gmt":"2021-03-22T13:45:11","guid":{"rendered":"https:\/\/mwtsolutions.eu\/?page_id=70829"},"modified":"2024-04-02T15:21:24","modified_gmt":"2024-04-02T13:21:24","slug":"pravni-dolozka","status":"publish","type":"page","link":"https:\/\/i.mwtsolutions.eu\/cs\/pravni-dolozka\/","title":{"rendered":"Pravidla pou\u017e\u00edv\u00e1n\u00ed webov\u00fdch str\u00e1nek"},"content":{"rendered":"\t\t<div data-elementor-type=\"wp-page\" data-elementor-id=\"70829\" class=\"elementor elementor-70829 elementor-61818\" data-elementor-post-type=\"page\">\n\t\t\t\t\t\t<section class=\"elementor-section elementor-top-section elementor-element elementor-element-0c48fa7 elementor-section-boxed elementor-section-height-default elementor-section-height-default force-full-width-no\" data-id=\"0c48fa7\" data-element_type=\"section\">\n\t\t\t\t\t\t<div class=\"elementor-container elementor-column-gap-default\">\n\t\t\t\t\t<div class=\"elementor-column elementor-col-100 elementor-top-column elementor-element elementor-element-6f3c08e\" data-id=\"6f3c08e\" data-element_type=\"column\">\n\t\t\t<div class=\"elementor-widget-wrap elementor-element-populated\">\n\t\t\t\t\t\t<div class=\"elementor-element elementor-element-152280f elementor-widget elementor-widget-heading\" data-id=\"152280f\" data-element_type=\"widget\" data-widget_type=\"heading.default\">\n\t\t\t\t<div class=\"elementor-widget-container\">\n\t\t\t<h2 class=\"elementor-heading-title elementor-size-default\">Pravidla pou\u017e\u00edv\u00e1n\u00ed webov\u00fdch str\u00e1nek<\/h2>\t\t<\/div>\n\t\t\t\t<\/div>\n\t\t\t\t<div class=\"elementor-element elementor-element-052a5ac elementor-widget elementor-widget-text-editor\" data-id=\"052a5ac\" data-element_type=\"widget\" data-widget_type=\"text-editor.default\">\n\t\t\t\t<div class=\"elementor-widget-container\">\n\t\t\t\t\t\t\t<ol><li>Tyto Pravidla pou\u017e\u00edv\u00e1n\u00ed webov\u00fdch str\u00e1nek (&#8222;Pravidla&#8220;) vyd\u00e1v\u00e1 MWT Solutions S.A. (&#8222;MWTS&#8220;) se s\u00eddlem v Poznani, ulice Szyperska 14, 61-745 Pozna\u0148, zapsan\u00e1 v obchodn\u00edm rejst\u0159\u00edku N\u00e1rodn\u00edho soudn\u00edho rejst\u0159\u00edku pod \u010d\u00edslem KRS 0000736715, jej\u00ed\u017e registra\u010dn\u00ed spisy jsou vedeny Okresn\u00edm soudem Pozna\u0148 &#8211; Nowe Miasto a Wilda v Poznani, VIII. obchodn\u00edm odd\u011blen\u00edm N\u00e1rodn\u00edho soudn\u00edho rejst\u0159\u00edku, s pou\u017eit\u00edm jej\u00edho da\u0148ov\u00e9ho identifika\u010dn\u00edho \u010d\u00edsla PL7781451059 a \u010d\u00edsla REGON (I\u010c) 300721670.<\/li><li>Pravidla stanovuj\u00ed podm\u00ednky, za kter\u00fdch spole\u010dnost MWTS bezplatn\u011b zp\u0159\u00edstup\u0148uje pou\u017e\u00edv\u00e1n\u00ed webov\u00fdch str\u00e1nek (d\u00e1le jen &#8222;Str\u00e1nky&#8220;) spole\u010dnosti MWTS a jej\u00edch pobo\u010dek, v\u010detn\u011b obsahu nebo n\u00e1stroj\u016f na nich obsa\u017een\u00fdch, nebo takto poskytovan\u00fdch slu\u017eeb.<br \/><br \/><\/li><li>Pou\u017e\u00edv\u00e1n\u00edm t\u011bchto Str\u00e1nek souhlas\u00edte s t\u00edm, \u017ee se budete \u0159\u00eddit podm\u00ednkami t\u011bchto Pravidel. Pokud nesouhlas\u00edte s podm\u00ednkami t\u011bchto Pravidel, nen\u00ed dal\u0161\u00ed pou\u017e\u00edv\u00e1n\u00ed Str\u00e1nek povoleno.<br \/><br \/><\/li><li>Pr\u00e1va ke Str\u00e1nk\u00e1m jako celku n\u00e1le\u017e\u00ed spole\u010dnosti MWTS, zat\u00edmco pr\u00e1va k jednotliv\u00fdm prvk\u016fm jejich obsahu n\u00e1le\u017e\u00ed spole\u010dnosti MWTS nebo fyzick\u00fdm \u010di pr\u00e1vnick\u00fdm osob\u00e1m, jejich\u017e materi\u00e1ly jsou na Str\u00e1nk\u00e1ch leg\u00e1ln\u011b zp\u0159\u00edstupn\u011bny.<br \/><br \/><\/li><li>Slu\u017eby a obsah dostupn\u00e9 na Str\u00e1nk\u00e1ch jsou k dispozici v\u0161em n\u00e1v\u0161t\u011bvn\u00edk\u016fm s v\u00fdjimkou slu\u017eeb nebo obsahu, kter\u00e9 vy\u017eaduj\u00ed registraci, co\u017e je v\u00fdslovn\u011b uvedeno v obsahu p\u0159\u00edslu\u0161n\u00e9 webov\u00e9 podstr\u00e1nky.<br \/><br \/><\/li><li>P\u0159i pou\u017e\u00edv\u00e1n\u00ed Str\u00e1nek se do IT syst\u00e9mu u\u017eivatele instaluj\u00ed soubory cookie pro identifika\u010dn\u00ed a statistick\u00e9 \u00fa\u010dely. Dal\u0161\u00ed informace o souborech cookie pou\u017e\u00edvan\u00fdch spole\u010dnost\u00ed MWTS jsou k dispozici v Z\u00e1sad\u00e1ch ochrany osobn\u00edch \u00fadaj\u016f, kter\u00e9 jsou k dispozici na t\u011bchto Str\u00e1nk\u00e1ch.<br \/><br \/><\/li><li>U\u017eivatel\u00e9 Str\u00e1nek maj\u00ed pr\u00e1vo pou\u017e\u00edvat p\u0159\u00edsp\u011bvky zp\u0159\u00edstupn\u011bn\u00e9 prost\u0159ednictv\u00edm str\u00e1nek pouze v r\u00e1mci tzv. povolen\u00e9ho u\u017eit\u00ed, kter\u00e9 se \u0159\u00edd\u00ed ustanoven\u00edmi z\u00e1kona o autorsk\u00e9m pr\u00e1vu a pr\u00e1vech s n\u00edm souvisej\u00edc\u00edch (Dz. U. z roku 2006, \u010d. 90, bod 631, ve zn\u011bn\u00ed pozd\u011bj\u0161\u00edch p\u0159edpis\u016f).<br \/><br \/><\/li><li>Pou\u017e\u00edv\u00e1n\u00ed Str\u00e1nek prob\u00edh\u00e1 prost\u0159ednictv\u00edm ve\u0159ejn\u00e9ho internetu, kter\u00fd ze sv\u00e9 podstaty nezaru\u010duje spolehlivost nebo d\u016fv\u011brnost komunikace mezi u\u017eivatelem a MWTS, v\u010detn\u011b obsahu p\u0159en\u00e1\u0161en\u00fdch informac\u00ed a utajen\u00ed \u00fadaj\u016f u\u017eivatele.<br \/><br \/><\/li><li>MWTS vynakl\u00e1d\u00e1 ve\u0161ker\u00e9 \u00fasil\u00ed, aby zajistila, \u017ee Str\u00e1nky budou dostupn\u00e9 v\u017edy, za v\u0161ech okolnost\u00ed a v pln\u00e9m rozsahu, co\u017e ale nezaru\u010duje a neodpov\u00edd\u00e1 za jejich dostupnost.<br \/><br \/><\/li><li>Str\u00e1nky a obsah, n\u00e1stroje nebo slu\u017eby na nich obsa\u017een\u00e9 lze pou\u017e\u00edvat pouze pro vlastn\u00ed pot\u0159ebu k \u00fa\u010del\u016fm slu\u010diteln\u00fdm s \u00fa\u010delem Str\u00e1nek a v souladu se z\u00e1konem, t\u011bmito Pravidly a dobr\u00fdmi mravy. Zejm\u00e9na jejich pou\u017eit\u00ed v jak\u00e9koli organizovan\u00e9 ziskov\u00e9 nebo neziskov\u00e9 \u010dinnosti nen\u00ed povoleno bez p\u00edsemn\u00e9ho souhlasu MWTS.<br \/><br \/><\/li><li>St\u00ed\u017enosti a p\u0159ipom\u00ednky ohledn\u011b fungov\u00e1n\u00ed str\u00e1nek a dostupn\u00e9ho obsahu, n\u00e1stroj\u016f a slu\u017eeb zas\u00edlejte na e-mailovou adresu marketing@mwtsolutions.eu. St\u00ed\u017enost by m\u011bla obsahovat alespo\u0148 jm\u00e9no, p\u0159\u00edjmen\u00ed, e-mailovou adresu a podrobn\u00fd popis okolnost\u00ed a nesrovnalost\u00ed, kter\u00e9 jsou d\u016fvodem st\u00ed\u017enosti, jinak m\u016f\u017ee MWTS st\u00ed\u017enost ponechat bez dal\u0161\u00edho projedn\u00e1n\u00ed. St\u00ed\u017enosti budou vy\u0159\u00edzeny do 14 dn\u016f od jejich obdr\u017een\u00ed. St\u011b\u017eovatel bude o v\u00fdsledku st\u00ed\u017enosti informov\u00e1n e-mailem.<br \/><br \/><\/li><li>MWTS vynakl\u00e1d\u00e1 ve\u0161ker\u00e9 \u00fasil\u00ed, aby zajistila \u0159\u00e1dn\u00e9 fungov\u00e1n\u00ed n\u00e1stroj\u016f a slu\u017eeb poskytovan\u00fdch na Str\u00e1nk\u00e1ch bez p\u0159eru\u0161en\u00ed, ale MWTS z\u00e1rove\u0148 nenese odpov\u011bdnost za jak\u00e9koli n\u00e1sledky vypl\u00fdvaj\u00edc\u00ed z jejich nespr\u00e1vn\u00e9ho fungov\u00e1n\u00ed nebo nedostupnosti v jak\u00e9mkoli okam\u017eiku, v\u010detn\u011b n\u00e1sledk\u016f vypl\u00fdvaj\u00edc\u00edch z pou\u017e\u00edv\u00e1n\u00ed n\u00e1stroj\u016f a slu\u017eeb.<br \/><br \/><\/li><li>MWTS vynakl\u00e1d\u00e1 ve\u0161ker\u00e9 \u00fasil\u00ed, aby zajistila aktu\u00e1lnost, p\u0159esnost a nep\u0159etr\u017eitou dostupnost obsahu Str\u00e1nek, ale z\u00e1rove\u0148 MWTS nenese odpov\u011bdnost za jak\u00e9koli n\u00e1sledky zp\u016fsoben\u00e9 neaktu\u00e1lnost\u00ed, nep\u0159esnost\u00ed, nespr\u00e1vnost\u00ed nebo nedostupnost\u00ed obsahu v jak\u00e9mkoliv okam\u017eiku, v\u010detn\u011b n\u00e1sledk\u016f vypl\u00fdvaj\u00edc\u00edch ze spol\u00e9h\u00e1n\u00ed se na tento obsah.<br \/><br \/><\/li><li>MWTS vynakl\u00e1d\u00e1 ve\u0161ker\u00e9 \u00fasil\u00ed na to, aby Str\u00e1nky neobsahovaly \u0161kodliv\u00fd software, ale z\u00e1rove\u0148 MWTS nenese odpov\u011bdnost za dopady pou\u017e\u00edv\u00e1n\u00ed Str\u00e1nek na syst\u00e9m informa\u010dn\u00edch a komunika\u010dn\u00edch technologi\u00ed u\u017eivatele, v\u010detn\u011b technick\u00e9 infrastruktury a dat.<br \/><br \/><\/li><li>MWTS neodpov\u00edd\u00e1 za n\u00e1sledky nespr\u00e1vn\u00e9ho pou\u017e\u00edv\u00e1n\u00ed Str\u00e1nek, v\u010detn\u011b n\u00e1sledku zablokov\u00e1n\u00ed nebo zru\u0161en\u00ed registrac\u00ed ze strany MWTS.<br \/><br \/><\/li><li>MWTS neodpov\u00edd\u00e1 za pr\u00e1vn\u00ed, finan\u010dn\u00ed ani jin\u00e9 n\u00e1sledky pou\u017e\u00edv\u00e1n\u00ed u\u017eivatelem informac\u00ed z t\u011bchto Str\u00e1nek. Spole\u010dnost MWTS nenese odpov\u011bdnost za jakoukoli \u0161kodu nebo ztr\u00e1tu, v\u010detn\u011b u\u0161l\u00e9ho zisku u\u017eivatele nebo t\u0159et\u00edch stran, kter\u00e1 jak\u00fdmkoli zp\u016fsobem souvis\u00ed s pou\u017eit\u00edm t\u011bchto informac\u00ed, v\u010detn\u011b rozhodnut\u00ed v jednotliv\u00e9m p\u0159\u00edpad\u011b. U\u017eivatel pou\u017e\u00edv\u00e1 Str\u00e1nky na vlastn\u00ed riziko.<br \/><br \/><\/li><li>Spole\u010dnost MWTS neodpov\u00edd\u00e1 za spr\u00e1vnost \u010dinnosti oper\u00e1tor\u016f, kte\u0159\u00ed poskytuj\u00ed p\u0159ipojen\u00ed ke Str\u00e1nk\u00e1m, a to ani ze strany spole\u010dnosti MWTS, ani ze strany osob, kter\u00e9 Str\u00e1nky pou\u017e\u00edvaj\u00ed.<br \/><br \/><\/li><li>Spole\u010dnost MWTS je opr\u00e1vn\u011bna kdykoli zm\u011bnit tyto Pravidla. Zm\u011bna Pravidel nevy\u017eaduje p\u0159edchoz\u00ed ozn\u00e1men\u00ed a vstupuje v platnost, jakmile je nov\u00e1 verze Pravidel zve\u0159ejn\u011bna na Str\u00e1nk\u00e1ch. Pokud nesouhlas\u00edte se zm\u011bnou Pravidel, nen\u00ed dal\u0161\u00ed pou\u017e\u00edv\u00e1n\u00ed Str\u00e1nek povoleno.<br \/><br \/><\/li><li>MWTS m\u016f\u017ee kdykoli zm\u011bnit rozsah nebo typ obsahu dostupn\u00e9ho na Str\u00e1nk\u00e1ch a m\u016f\u017ee tak\u00e9 roz\u0161\u00ed\u0159it, upravit, omezit nebo ukon\u010dit nab\u00eddku jak n\u011bkter\u00fdch funkc\u00ed, tak v\u0161ech n\u00e1stroj\u016f nebo slu\u017eeb dostupn\u00fdch na Str\u00e1nk\u00e1ch.<br \/><br \/><\/li><li>MWTS si vyhrazuje pr\u00e1vo na z\u00e1vazn\u00fd v\u00fdklad obsahu Pravidel.<br \/><br \/><\/li><li>MWTS neodpov\u00edd\u00e1 za obsah, fungov\u00e1n\u00ed nebo bezpe\u010dnost str\u00e1nek nebo web\u016f jin\u00fdch subjekt\u016f, na kter\u00e9 jsou na t\u011bchto Str\u00e1nk\u00e1ch uvedeny odkazy. Tyto strany funguj\u00ed nez\u00e1visle a MWTS je nem\u016f\u017ee nijak kontrolovat. Doporu\u010dujeme, abyste si p\u0159i n\u00e1v\u0161t\u011bv\u011b jin\u00fdch str\u00e1nek p\u0159e\u010detli z\u00e1sady ochrany osobn\u00edch \u00fadaj\u016f a pravidla pou\u017eit\u00ed jejich vlastn\u00edka.<br \/><br \/><\/li><li>Ve\u0161ker\u00e9 spory vznikl\u00e9 v souvislosti s pou\u017e\u00edv\u00e1n\u00edm Str\u00e1nek, kter\u00e9 se nepoda\u0159\u00ed vy\u0159e\u0161it sm\u00edrnou cestou, budou \u0159e\u0161eny v\u011bcn\u011b p\u0159\u00edslu\u0161n\u00fdm soudem.<\/li><\/ol>\t\t\t\t\t\t<\/div>\n\t\t\t\t<\/div>\n\t\t\t\t\t<\/div>\n\t\t<\/div>\n\t\t\t\t\t<\/div>\n\t\t<\/section>\n\t\t\t\t<\/div>\n\t\t","protected":false},"excerpt":{"rendered":"<p>Pravidla pou\u017e\u00edv\u00e1n\u00ed webov\u00fdch str\u00e1nek Tyto Pravidla pou\u017e\u00edv\u00e1n\u00ed webov\u00fdch str\u00e1nek (&#8222;Pravidla&#8220;) vyd\u00e1v\u00e1 MWT Solutions S.A. (&#8222;MWTS&#8220;) se s\u00eddlem v Poznani, ulice Szyperska 14, 61-745 Pozna\u0148, zapsan\u00e1 v obchodn\u00edm rejst\u0159\u00edku N\u00e1rodn\u00edho soudn\u00edho rejst\u0159\u00edku pod \u010d\u00edslem KRS 0000736715, jej\u00ed\u017e registra\u010dn\u00ed spisy jsou vedeny Okresn\u00edm soudem Pozna\u0148 &#8211; Nowe Miasto a Wilda v Poznani, VIII. obchodn\u00edm odd\u011blen\u00edm N\u00e1rodn\u00edho soudn\u00edho [&hellip;]<\/p>\n","protected":false},"author":20,"featured_media":0,"parent":0,"menu_order":106,"comment_status":"closed","ping_status":"closed","template":"","meta":{"content-type":"","om_disable_all_campaigns":false,"inline_featured_image":false,"_monsterinsights_skip_tracking":false,"_monsterinsights_sitenote_active":false,"_monsterinsights_sitenote_note":"","_monsterinsights_sitenote_category":0,"_links_to":"","_links_to_target":""},"acf":[],"aioseo_notices":[],"yoast_head":"<!-- This site is optimized with the Yoast SEO plugin v20.6 - https:\/\/yoast.com\/wordpress\/plugins\/seo\/ -->\n<title>Pravidla pou\u017e\u00edv\u00e1n\u00ed webov\u00fdch str\u00e1nek - MWT Solutions<\/title>\n<meta name=\"robots\" content=\"index, follow, max-snippet:-1, max-image-preview:large, max-video-preview:-1\" \/>\n<link rel=\"canonical\" href=\"https:\/\/i.mwtsolutions.eu\/cs\/pravni-dolozka\/\" \/>\n<meta property=\"og:locale\" content=\"cs_CZ\" \/>\n<meta property=\"og:type\" content=\"article\" \/>\n<meta property=\"og:title\" content=\"Pravidla pou\u017e\u00edv\u00e1n\u00ed webov\u00fdch str\u00e1nek - MWT Solutions\" \/>\n<meta property=\"og:description\" content=\"Pravidla pou\u017e\u00edv\u00e1n\u00ed webov\u00fdch str\u00e1nek Tyto Pravidla pou\u017e\u00edv\u00e1n\u00ed webov\u00fdch str\u00e1nek (&#8222;Pravidla&#8220;) vyd\u00e1v\u00e1 MWT Solutions S.A. (&#8222;MWTS&#8220;) se s\u00eddlem v Poznani, ulice Szyperska 14, 61-745 Pozna\u0148, zapsan\u00e1 v obchodn\u00edm rejst\u0159\u00edku N\u00e1rodn\u00edho soudn\u00edho rejst\u0159\u00edku pod \u010d\u00edslem KRS 0000736715, jej\u00ed\u017e registra\u010dn\u00ed spisy jsou vedeny Okresn\u00edm soudem Pozna\u0148 &#8211; Nowe Miasto a Wilda v Poznani, VIII. obchodn\u00edm odd\u011blen\u00edm N\u00e1rodn\u00edho soudn\u00edho [&hellip;]\" \/>\n<meta property=\"og:url\" content=\"https:\/\/i.mwtsolutions.eu\/cs\/pravni-dolozka\/\" \/>\n<meta property=\"og:site_name\" content=\"MWT Solutions\" \/>\n<meta property=\"article:modified_time\" content=\"2024-04-02T13:21:24+00:00\" \/>\n<meta name=\"twitter:card\" content=\"summary_large_image\" \/>\n<meta name=\"twitter:label1\" content=\"Odhadovan\u00e1 doba \u010dten\u00ed\" \/>\n\t<meta name=\"twitter:data1\" content=\"5 minut\" \/>\n<script type=\"application\/ld+json\" class=\"yoast-schema-graph\">{\"@context\":\"https:\/\/schema.org\",\"@graph\":[{\"@type\":\"WebPage\",\"@id\":\"https:\/\/i.mwtsolutions.eu\/cs\/pravni-dolozka\/\",\"url\":\"https:\/\/i.mwtsolutions.eu\/cs\/pravni-dolozka\/\",\"name\":\"Pravidla pou\u017e\u00edv\u00e1n\u00ed webov\u00fdch str\u00e1nek - MWT Solutions\",\"isPartOf\":{\"@id\":\"https:\/\/i.mwtsolutions.eu\/#website\"},\"datePublished\":\"2021-03-22T13:45:11+00:00\",\"dateModified\":\"2024-04-02T13:21:24+00:00\",\"breadcrumb\":{\"@id\":\"https:\/\/i.mwtsolutions.eu\/cs\/pravni-dolozka\/#breadcrumb\"},\"inLanguage\":\"cs\",\"potentialAction\":[{\"@type\":\"ReadAction\",\"target\":[\"https:\/\/i.mwtsolutions.eu\/cs\/pravni-dolozka\/\"]}]},{\"@type\":\"BreadcrumbList\",\"@id\":\"https:\/\/i.mwtsolutions.eu\/cs\/pravni-dolozka\/#breadcrumb\",\"itemListElement\":[{\"@type\":\"ListItem\",\"position\":1,\"name\":\"Home\",\"item\":\"https:\/\/i.mwtsolutions.eu\/cs\/\"},{\"@type\":\"ListItem\",\"position\":2,\"name\":\"Pravidla pou\u017e\u00edv\u00e1n\u00ed webov\u00fdch str\u00e1nek\"}]},{\"@type\":\"WebSite\",\"@id\":\"https:\/\/i.mwtsolutions.eu\/#website\",\"url\":\"https:\/\/i.mwtsolutions.eu\/\",\"name\":\"MWT Solutions\",\"description\":\"Kolejna witryna oparta na WordPressie\",\"publisher\":{\"@id\":\"https:\/\/i.mwtsolutions.eu\/#organization\"},\"potentialAction\":[{\"@type\":\"SearchAction\",\"target\":{\"@type\":\"EntryPoint\",\"urlTemplate\":\"https:\/\/i.mwtsolutions.eu\/?s={search_term_string}\"},\"query-input\":\"required name=search_term_string\"}],\"inLanguage\":\"cs\"},{\"@type\":\"Organization\",\"@id\":\"https:\/\/i.mwtsolutions.eu\/#organization\",\"name\":\"MWT Solutions\",\"url\":\"https:\/\/i.mwtsolutions.eu\/\",\"logo\":{\"@type\":\"ImageObject\",\"inLanguage\":\"cs\",\"@id\":\"https:\/\/i.mwtsolutions.eu\/#\/schema\/logo\/image\/\",\"url\":\"https:\/\/i.mwtsolutions.eu\/wp-content\/uploads\/2025\/05\/logo_MWT_rgb-color-1.png\",\"contentUrl\":\"https:\/\/i.mwtsolutions.eu\/wp-content\/uploads\/2025\/05\/logo_MWT_rgb-color-1.png\",\"width\":2825,\"height\":850,\"caption\":\"MWT Solutions\"},\"image\":{\"@id\":\"https:\/\/i.mwtsolutions.eu\/#\/schema\/logo\/image\/\"},\"sameAs\":[\"https:\/\/pl.linkedin.com\/company\/mwt-solutions\"]}]}<\/script>\n<!-- \/ Yoast SEO plugin. -->","yoast_head_json":{"title":"Pravidla pou\u017e\u00edv\u00e1n\u00ed webov\u00fdch str\u00e1nek - MWT Solutions","robots":{"index":"index","follow":"follow","max-snippet":"max-snippet:-1","max-image-preview":"max-image-preview:large","max-video-preview":"max-video-preview:-1"},"canonical":"https:\/\/i.mwtsolutions.eu\/cs\/pravni-dolozka\/","og_locale":"cs_CZ","og_type":"article","og_title":"Pravidla pou\u017e\u00edv\u00e1n\u00ed webov\u00fdch str\u00e1nek - MWT Solutions","og_description":"Pravidla pou\u017e\u00edv\u00e1n\u00ed webov\u00fdch str\u00e1nek Tyto Pravidla pou\u017e\u00edv\u00e1n\u00ed webov\u00fdch str\u00e1nek (&#8222;Pravidla&#8220;) vyd\u00e1v\u00e1 MWT Solutions S.A. (&#8222;MWTS&#8220;) se s\u00eddlem v Poznani, ulice Szyperska 14, 61-745 Pozna\u0148, zapsan\u00e1 v obchodn\u00edm rejst\u0159\u00edku N\u00e1rodn\u00edho soudn\u00edho rejst\u0159\u00edku pod \u010d\u00edslem KRS 0000736715, jej\u00ed\u017e registra\u010dn\u00ed spisy jsou vedeny Okresn\u00edm soudem Pozna\u0148 &#8211; Nowe Miasto a Wilda v Poznani, VIII. obchodn\u00edm odd\u011blen\u00edm N\u00e1rodn\u00edho soudn\u00edho [&hellip;]","og_url":"https:\/\/i.mwtsolutions.eu\/cs\/pravni-dolozka\/","og_site_name":"MWT Solutions","article_modified_time":"2024-04-02T13:21:24+00:00","twitter_card":"summary_large_image","twitter_misc":{"Odhadovan\u00e1 doba \u010dten\u00ed":"5 minut"},"schema":{"@context":"https:\/\/schema.org","@graph":[{"@type":"WebPage","@id":"https:\/\/i.mwtsolutions.eu\/cs\/pravni-dolozka\/","url":"https:\/\/i.mwtsolutions.eu\/cs\/pravni-dolozka\/","name":"Pravidla pou\u017e\u00edv\u00e1n\u00ed webov\u00fdch str\u00e1nek - MWT Solutions","isPartOf":{"@id":"https:\/\/i.mwtsolutions.eu\/#website"},"datePublished":"2021-03-22T13:45:11+00:00","dateModified":"2024-04-02T13:21:24+00:00","breadcrumb":{"@id":"https:\/\/i.mwtsolutions.eu\/cs\/pravni-dolozka\/#breadcrumb"},"inLanguage":"cs","potentialAction":[{"@type":"ReadAction","target":["https:\/\/i.mwtsolutions.eu\/cs\/pravni-dolozka\/"]}]},{"@type":"BreadcrumbList","@id":"https:\/\/i.mwtsolutions.eu\/cs\/pravni-dolozka\/#breadcrumb","itemListElement":[{"@type":"ListItem","position":1,"name":"Home","item":"https:\/\/i.mwtsolutions.eu\/cs\/"},{"@type":"ListItem","position":2,"name":"Pravidla pou\u017e\u00edv\u00e1n\u00ed webov\u00fdch str\u00e1nek"}]},{"@type":"WebSite","@id":"https:\/\/i.mwtsolutions.eu\/#website","url":"https:\/\/i.mwtsolutions.eu\/","name":"MWT Solutions","description":"Kolejna witryna oparta na WordPressie","publisher":{"@id":"https:\/\/i.mwtsolutions.eu\/#organization"},"potentialAction":[{"@type":"SearchAction","target":{"@type":"EntryPoint","urlTemplate":"https:\/\/i.mwtsolutions.eu\/?s={search_term_string}"},"query-input":"required name=search_term_string"}],"inLanguage":"cs"},{"@type":"Organization","@id":"https:\/\/i.mwtsolutions.eu\/#organization","name":"MWT Solutions","url":"https:\/\/i.mwtsolutions.eu\/","logo":{"@type":"ImageObject","inLanguage":"cs","@id":"https:\/\/i.mwtsolutions.eu\/#\/schema\/logo\/image\/","url":"https:\/\/i.mwtsolutions.eu\/wp-content\/uploads\/2025\/05\/logo_MWT_rgb-color-1.png","contentUrl":"https:\/\/i.mwtsolutions.eu\/wp-content\/uploads\/2025\/05\/logo_MWT_rgb-color-1.png","width":2825,"height":850,"caption":"MWT Solutions"},"image":{"@id":"https:\/\/i.mwtsolutions.eu\/#\/schema\/logo\/image\/"},"sameAs":["https:\/\/pl.linkedin.com\/company\/mwt-solutions"]}]}},"_links":{"self":[{"href":"https:\/\/i.mwtsolutions.eu\/cs\/wp-json\/wp\/v2\/pages\/70829"}],"collection":[{"href":"https:\/\/i.mwtsolutions.eu\/cs\/wp-json\/wp\/v2\/pages"}],"about":[{"href":"https:\/\/i.mwtsolutions.eu\/cs\/wp-json\/wp\/v2\/types\/page"}],"author":[{"embeddable":true,"href":"https:\/\/i.mwtsolutions.eu\/cs\/wp-json\/wp\/v2\/users\/20"}],"replies":[{"embeddable":true,"href":"https:\/\/i.mwtsolutions.eu\/cs\/wp-json\/wp\/v2\/comments?post=70829"}],"version-history":[{"count":9,"href":"https:\/\/i.mwtsolutions.eu\/cs\/wp-json\/wp\/v2\/pages\/70829\/revisions"}],"predecessor-version":[{"id":99663,"href":"https:\/\/i.mwtsolutions.eu\/cs\/wp-json\/wp\/v2\/pages\/70829\/revisions\/99663"}],"wp:attachment":[{"href":"https:\/\/i.mwtsolutions.eu\/cs\/wp-json\/wp\/v2\/media?parent=70829"}],"curies":[{"name":"wp","href":"https:\/\/api.w.org\/{rel}","templated":true}]}}