{"id":80295,"date":"2021-11-05T09:58:11","date_gmt":"2021-11-05T08:58:11","guid":{"rendered":"https:\/\/mwtsolutions.eu\/?page_id=80295"},"modified":"2021-11-05T09:58:11","modified_gmt":"2021-11-05T08:58:11","slug":"endpoint-security","status":"publish","type":"page","link":"https:\/\/i.mwtsolutions.eu\/cs\/produkty\/unified-endpoint-management\/endpoint-security\/","title":{"rendered":"Endpoint Security"},"content":{"rendered":"\t\t<div data-elementor-type=\"wp-page\" data-elementor-id=\"80295\" class=\"elementor elementor-80295 elementor-80294\" data-elementor-post-type=\"page\">\n\t\t\t\t\t\t<section class=\"elementor-section elementor-top-section elementor-element elementor-element-684e06f elementor-section-boxed elementor-section-height-default elementor-section-height-default force-full-width-no\" data-id=\"684e06f\" data-element_type=\"section\">\n\t\t\t\t\t\t<div class=\"elementor-container elementor-column-gap-default\">\n\t\t\t\t\t<div class=\"elementor-column elementor-col-100 elementor-top-column elementor-element elementor-element-0a64b70\" data-id=\"0a64b70\" data-element_type=\"column\">\n\t\t\t<div class=\"elementor-widget-wrap elementor-element-populated\">\n\t\t\t\t\t\t<div class=\"elementor-element elementor-element-9d4aa66 elementor-widget elementor-widget-heading\" data-id=\"9d4aa66\" data-element_type=\"widget\" data-widget_type=\"heading.default\">\n\t\t\t\t<div class=\"elementor-widget-container\">\n\t\t\t<h2 class=\"elementor-heading-title elementor-size-default\">FUNKCE<\/h2>\t\t<\/div>\n\t\t\t\t<\/div>\n\t\t\t\t<section class=\"elementor-section elementor-inner-section elementor-element elementor-element-4d7cc25 elementor-section-boxed elementor-section-height-default elementor-section-height-default force-full-width-no\" data-id=\"4d7cc25\" data-element_type=\"section\">\n\t\t\t\t\t\t<div class=\"elementor-container elementor-column-gap-default\">\n\t\t\t\t\t<div class=\"elementor-column elementor-col-50 elementor-inner-column elementor-element elementor-element-e0ecf74\" data-id=\"e0ecf74\" data-element_type=\"column\">\n\t\t\t<div class=\"elementor-widget-wrap elementor-element-populated\">\n\t\t\t\t\t\t<div class=\"elementor-element elementor-element-77c486a elementor-widget elementor-widget-heading\" data-id=\"77c486a\" data-element_type=\"widget\" data-widget_type=\"heading.default\">\n\t\t\t\t<div class=\"elementor-widget-container\">\n\t\t\t<h3 class=\"elementor-heading-title elementor-size-default\"><p><span lang=\"CS\" style=\"mso-bidi-language:CS\">Komplexn\u00ed\nskenov\u00e1n\u00ed, hodnocen\u00ed zranitelnost\u00ed na z\u00e1klad\u011b datab\u00e1z\u00ed CVE (Common\nVulnerabilities and Exposures) a n\u00e1prava bezpe\u010dnostn\u00edch nedostatk\u016f ve v\u0161ech\nkoncov\u00fdch bodech modern\u00ed IT infrastruktury.<\/span><span lang=\"CS\"><o:p><\/o:p><\/span><\/p><\/h3>\t\t<\/div>\n\t\t\t\t<\/div>\n\t\t\t\t<div class=\"elementor-element elementor-element-5f9b00e elementor-widget elementor-widget-text-editor\" data-id=\"5f9b00e\" data-element_type=\"widget\" data-widget_type=\"text-editor.default\">\n\t\t\t\t<div class=\"elementor-widget-container\">\n\t\t\t\t\t\t\t<p>Konfigurovateln\u00e9 ovl\u00e1dac\u00ed panely mohou b\u00fdt pro spr\u00e1vce syst\u00e9mu v\u00fdznamn\u00fdm zdrojem informac\u00ed. V\u00a0re\u00e1ln\u00e9m \u010dase upozorn\u00ed na mo\u017en\u00e9 nebezpe\u010d\u00ed nebo umo\u017en\u00ed p\u0159ijmout okam\u017eit\u00e1 opat\u0159en\u00ed. T\u00edm se zv\u00fd\u0161\u00ed zabezpe\u010den\u00ed koncov\u00fdch za\u0159\u00edzen\u00ed v infrastruktu\u0159e.<\/p>\t\t\t\t\t\t<\/div>\n\t\t\t\t<\/div>\n\t\t\t\t\t<\/div>\n\t\t<\/div>\n\t\t\t\t<div class=\"elementor-column elementor-col-50 elementor-inner-column elementor-element elementor-element-2cc64b8\" data-id=\"2cc64b8\" data-element_type=\"column\">\n\t\t\t<div class=\"elementor-widget-wrap elementor-element-populated\">\n\t\t\t\t\t\t<div class=\"elementor-element elementor-element-15bbec8 monitor-right elementor-widget elementor-widget-image\" data-id=\"15bbec8\" data-element_type=\"widget\" data-widget_type=\"image.default\">\n\t\t\t\t<div class=\"elementor-widget-container\">\n\t\t\t\t\t\t\t\t\t\t\t\t\t<img fetchpriority=\"high\" width=\"756\" height=\"369\" src=\"https:\/\/i.mwtsolutions.eu\/wp-content\/uploads\/2021\/06\/1.png\" class=\"attachment-large size-large wp-image-73368\" alt=\"Endpoint Security screen 1\" srcset=\"https:\/\/i.mwtsolutions.eu\/wp-content\/uploads\/2021\/06\/1.png 756w, https:\/\/i.mwtsolutions.eu\/wp-content\/uploads\/2021\/06\/1-300x146.png 300w\" sizes=\"(max-width: 756px) 100vw, 756px\" \/>\t\t\t\t\t\t\t\t\t\t\t\t\t<\/div>\n\t\t\t\t<\/div>\n\t\t\t\t\t<\/div>\n\t\t<\/div>\n\t\t\t\t\t<\/div>\n\t\t<\/section>\n\t\t\t\t<section class=\"elementor-section elementor-inner-section elementor-element elementor-element-f4cafa1 elementor-reverse-mobile elementor-section-boxed elementor-section-height-default elementor-section-height-default force-full-width-no\" data-id=\"f4cafa1\" data-element_type=\"section\">\n\t\t\t\t\t\t<div class=\"elementor-container elementor-column-gap-default\">\n\t\t\t\t\t<div class=\"elementor-column elementor-col-50 elementor-inner-column elementor-element elementor-element-ac60dec\" data-id=\"ac60dec\" data-element_type=\"column\">\n\t\t\t<div class=\"elementor-widget-wrap elementor-element-populated\">\n\t\t\t\t\t\t<div class=\"elementor-element elementor-element-89b59c1 monitor-left elementor-widget elementor-widget-image\" data-id=\"89b59c1\" data-element_type=\"widget\" data-widget_type=\"image.default\">\n\t\t\t\t<div class=\"elementor-widget-container\">\n\t\t\t\t\t\t\t\t\t\t\t\t\t<img width=\"756\" height=\"338\" src=\"https:\/\/i.mwtsolutions.eu\/wp-content\/uploads\/2021\/06\/2.png\" class=\"attachment-large size-large wp-image-73371\" alt=\"Endpoint Security screen 2\" srcset=\"https:\/\/i.mwtsolutions.eu\/wp-content\/uploads\/2021\/06\/2.png 756w, https:\/\/i.mwtsolutions.eu\/wp-content\/uploads\/2021\/06\/2-300x134.png 300w\" sizes=\"(max-width: 756px) 100vw, 756px\" \/>\t\t\t\t\t\t\t\t\t\t\t\t\t<\/div>\n\t\t\t\t<\/div>\n\t\t\t\t\t<\/div>\n\t\t<\/div>\n\t\t\t\t<div class=\"elementor-column elementor-col-50 elementor-inner-column elementor-element elementor-element-f1b9f77\" data-id=\"f1b9f77\" data-element_type=\"column\">\n\t\t\t<div class=\"elementor-widget-wrap elementor-element-populated\">\n\t\t\t\t\t\t<div class=\"elementor-element elementor-element-c9be3e5 elementor-widget elementor-widget-heading\" data-id=\"c9be3e5\" data-element_type=\"widget\" data-widget_type=\"heading.default\">\n\t\t\t\t<div class=\"elementor-widget-container\">\n\t\t\t<h3 class=\"elementor-heading-title elementor-size-default\">Sledov\u00e1n\u00ed a spr\u00e1va webov\u00fdch prohl\u00ed\u017ee\u010d\u016f nainstalovan\u00fdch na pracovn\u00edch stanic\u00edch, serverech atd.<\/h3>\t\t<\/div>\n\t\t\t\t<\/div>\n\t\t\t\t<div class=\"elementor-element elementor-element-e48bc5d elementor-widget elementor-widget-text-editor\" data-id=\"e48bc5d\" data-element_type=\"widget\" data-widget_type=\"text-editor.default\">\n\t\t\t\t<div class=\"elementor-widget-container\">\n\t\t\t\t\t\t\t<p>Prost\u0159ednictv\u00edm:<\/p><ul><li>kontroly pou\u017e\u00edvan\u00fdch modul\u016f plug-in prohl\u00ed\u017ee\u010de,<\/li><li>filtrov\u00e1n\u00ed nav\u0161t\u00edven\u00fdch webov\u00fdch str\u00e1nek,<\/li><li>bezpe\u010dn\u00e9ho stahov\u00e1n\u00ed,<\/li><li>spr\u00e1vy nastaven\u00ed prohl\u00ed\u017ee\u010de,<\/li><li>standardizace prohl\u00ed\u017ee\u010d\u016f pro webov\u00e9 aplikace,<\/li><li>zpr\u00e1v o pln\u011bn\u00ed podnikov\u00fdch standard\u016f b\u011bhem konfigurace<\/li><li>a mnoha dal\u0161\u00edch aspekt\u016f.<\/li><\/ul>\t\t\t\t\t\t<\/div>\n\t\t\t\t<\/div>\n\t\t\t\t\t<\/div>\n\t\t<\/div>\n\t\t\t\t\t<\/div>\n\t\t<\/section>\n\t\t\t\t<section class=\"elementor-section elementor-inner-section elementor-element elementor-element-14a2ea6 elementor-section-boxed elementor-section-height-default elementor-section-height-default force-full-width-no\" data-id=\"14a2ea6\" data-element_type=\"section\">\n\t\t\t\t\t\t<div class=\"elementor-container elementor-column-gap-default\">\n\t\t\t\t\t<div class=\"elementor-column elementor-col-50 elementor-inner-column elementor-element elementor-element-e6bd143\" data-id=\"e6bd143\" data-element_type=\"column\">\n\t\t\t<div class=\"elementor-widget-wrap elementor-element-populated\">\n\t\t\t\t\t\t<div class=\"elementor-element elementor-element-fb561f3 elementor-widget elementor-widget-heading\" data-id=\"fb561f3\" data-element_type=\"widget\" data-widget_type=\"heading.default\">\n\t\t\t\t<div class=\"elementor-widget-container\">\n\t\t\t<h3 class=\"elementor-heading-title elementor-size-default\">\u0158\u00edzen\u00ed aplikac\u00ed instalovan\u00fdch u\u017eivateli pomoc\u00ed whitelist\u016f a blacklist\u016f softwaru ur\u010den\u00fdch pro vybran\u00e9 skupiny po\u010d\u00edta\u010d\u016f.<\/h3>\t\t<\/div>\n\t\t\t\t<\/div>\n\t\t\t\t<div class=\"elementor-element elementor-element-d217457 elementor-widget elementor-widget-text-editor\" data-id=\"d217457\" data-element_type=\"widget\" data-widget_type=\"text-editor.default\">\n\t\t\t\t<div class=\"elementor-widget-container\">\n\t\t\t\t\t\t\t<p>Vytvo\u0159en\u00ed seznamu zak\u00e1zan\u00fdch a nebezpe\u010dn\u00fdch aplikac\u00ed z obchodn\u00edho hlediska umo\u017e\u0148uje pokro\u010dil\u00e9 blokov\u00e1n\u00ed soubor\u016f EXE, COM a CMD podle n\u00e1zvu i hashtagu soubor\u016f.<\/p>\t\t\t\t\t\t<\/div>\n\t\t\t\t<\/div>\n\t\t\t\t\t<\/div>\n\t\t<\/div>\n\t\t\t\t<div class=\"elementor-column elementor-col-50 elementor-inner-column elementor-element elementor-element-87898fb\" data-id=\"87898fb\" data-element_type=\"column\">\n\t\t\t<div class=\"elementor-widget-wrap elementor-element-populated\">\n\t\t\t\t\t\t<div class=\"elementor-element elementor-element-7a86fd1 monitor-right elementor-widget elementor-widget-image\" data-id=\"7a86fd1\" data-element_type=\"widget\" data-widget_type=\"image.default\">\n\t\t\t\t<div class=\"elementor-widget-container\">\n\t\t\t\t\t\t\t\t\t\t\t\t\t<img width=\"756\" height=\"337\" src=\"https:\/\/i.mwtsolutions.eu\/wp-content\/uploads\/2021\/06\/3.png\" class=\"attachment-large size-large wp-image-73374\" alt=\"Endpoint Security screen 1\" srcset=\"https:\/\/i.mwtsolutions.eu\/wp-content\/uploads\/2021\/06\/3.png 756w, https:\/\/i.mwtsolutions.eu\/wp-content\/uploads\/2021\/06\/3-300x134.png 300w\" sizes=\"(max-width: 756px) 100vw, 756px\" \/>\t\t\t\t\t\t\t\t\t\t\t\t\t<\/div>\n\t\t\t\t<\/div>\n\t\t\t\t\t<\/div>\n\t\t<\/div>\n\t\t\t\t\t<\/div>\n\t\t<\/section>\n\t\t\t\t<section class=\"elementor-section elementor-inner-section elementor-element elementor-element-5193933 elementor-reverse-mobile elementor-section-boxed elementor-section-height-default elementor-section-height-default force-full-width-no\" data-id=\"5193933\" data-element_type=\"section\">\n\t\t\t\t\t\t<div class=\"elementor-container elementor-column-gap-default\">\n\t\t\t\t\t<div class=\"elementor-column elementor-col-50 elementor-inner-column elementor-element elementor-element-2aeab14\" data-id=\"2aeab14\" data-element_type=\"column\">\n\t\t\t<div class=\"elementor-widget-wrap elementor-element-populated\">\n\t\t\t\t\t\t<div class=\"elementor-element elementor-element-3e4fdda monitor-left elementor-widget elementor-widget-image\" data-id=\"3e4fdda\" data-element_type=\"widget\" data-widget_type=\"image.default\">\n\t\t\t\t<div class=\"elementor-widget-container\">\n\t\t\t\t\t\t\t\t\t\t\t\t\t<img loading=\"lazy\" width=\"756\" height=\"337\" src=\"https:\/\/i.mwtsolutions.eu\/wp-content\/uploads\/2021\/06\/4.png\" class=\"attachment-large size-large wp-image-73388\" alt=\"Endpoint Security screen 4\" srcset=\"https:\/\/i.mwtsolutions.eu\/wp-content\/uploads\/2021\/06\/4.png 756w, https:\/\/i.mwtsolutions.eu\/wp-content\/uploads\/2021\/06\/4-300x134.png 300w\" sizes=\"(max-width: 756px) 100vw, 756px\" \/>\t\t\t\t\t\t\t\t\t\t\t\t\t<\/div>\n\t\t\t\t<\/div>\n\t\t\t\t\t<\/div>\n\t\t<\/div>\n\t\t\t\t<div class=\"elementor-column elementor-col-50 elementor-inner-column elementor-element elementor-element-ec72dc5\" data-id=\"ec72dc5\" data-element_type=\"column\">\n\t\t\t<div class=\"elementor-widget-wrap elementor-element-populated\">\n\t\t\t\t\t\t<div class=\"elementor-element elementor-element-a1333da elementor-widget elementor-widget-heading\" data-id=\"a1333da\" data-element_type=\"widget\" data-widget_type=\"heading.default\">\n\t\t\t\t<div class=\"elementor-widget-container\">\n\t\t\t<h3 class=\"elementor-heading-title elementor-size-default\">Ochrana p\u0159ed neopr\u00e1vn\u011bn\u00fdm p\u0159\u00edstupem k citliv\u00fdm dat\u016fm organizace prost\u0159ednictv\u00edm kontroly a auditu v\u0161ech roz\u0161i\u0159uj\u00edc\u00edch port\u016f a za\u0159\u00edzen\u00ed p\u0159ipojen\u00fdch k t\u011bmto port\u016fm.<\/h3>\t\t<\/div>\n\t\t\t\t<\/div>\n\t\t\t\t<div class=\"elementor-element elementor-element-b651c39 elementor-widget elementor-widget-text-editor\" data-id=\"b651c39\" data-element_type=\"widget\" data-widget_type=\"text-editor.default\">\n\t\t\t\t<div class=\"elementor-widget-container\">\n\t\t\t\t\t\t\t<p>Kontrola p\u0159\u00edstupu k soubor\u016fm umo\u017e\u0148uje vytv\u00e1\u0159et z\u00e1sady p\u0159\u00edstupu, nap\u0159\u00edklad re\u017eim \u010dten\u00ed adres\u00e1\u0159\u016f. Funkce st\u00ednov\u00e1n\u00ed soubor\u016f (file shadowing) soubor\u016f umo\u017e\u0148uje kontrolovat kop\u00edrov\u00e1n\u00ed soubor\u016f z\u00a0pracovn\u00edch stanic do mobiln\u00edho za\u0159\u00edzen\u00ed spolu s automatickou archivac\u00ed zkop\u00edrovan\u00fdch soubor\u016f v\u00a0s\u00ed\u0165ov\u00fdch sd\u00edlen\u00fdch slo\u017ek\u00e1ch.<\/p>\t\t\t\t\t\t<\/div>\n\t\t\t\t<\/div>\n\t\t\t\t\t<\/div>\n\t\t<\/div>\n\t\t\t\t\t<\/div>\n\t\t<\/section>\n\t\t\t\t<section class=\"elementor-section elementor-inner-section elementor-element elementor-element-b339140 elementor-section-boxed elementor-section-height-default elementor-section-height-default force-full-width-no\" data-id=\"b339140\" data-element_type=\"section\">\n\t\t\t\t\t\t<div class=\"elementor-container elementor-column-gap-default\">\n\t\t\t\t\t<div class=\"elementor-column elementor-col-50 elementor-inner-column elementor-element elementor-element-21119df\" data-id=\"21119df\" data-element_type=\"column\">\n\t\t\t<div class=\"elementor-widget-wrap elementor-element-populated\">\n\t\t\t\t\t\t<div class=\"elementor-element elementor-element-8c544ab elementor-widget elementor-widget-heading\" data-id=\"8c544ab\" data-element_type=\"widget\" data-widget_type=\"heading.default\">\n\t\t\t\t<div class=\"elementor-widget-container\">\n\t\t\t<h3 class=\"elementor-heading-title elementor-size-default\">Spr\u00e1va, monitorov\u00e1n\u00ed a audit po\u010d\u00edta\u010d\u016f \u0161ifrovan\u00fdch n\u00e1strojem BitLocker a kontrola stavu TPM (Trusted Platform Module).<\/h3>\t\t<\/div>\n\t\t\t\t<\/div>\n\t\t\t\t<div class=\"elementor-element elementor-element-4bbd5c7 elementor-widget elementor-widget-text-editor\" data-id=\"4bbd5c7\" data-element_type=\"widget\" data-widget_type=\"text-editor.default\">\n\t\t\t\t<div class=\"elementor-widget-container\">\n\t\t\t\t\t\t\t<p>Centralizovan\u00e1 spr\u00e1va umo\u017e\u0148uje ovl\u00e1dat nastaven\u00ed \u0161ifrovan\u00fdch jednotek BitLocker a modul\u016f Trusted Platform Module z jedin\u00e9 konzoly pro v\u0161echny koncov\u00e9 body v organizaci. \u010cinnosti jako generov\u00e1n\u00ed kl\u00ed\u010d\u016f pro obnoven\u00ed (RKG) a \u00fadr\u017ebu lze automatizovat, a zlep\u0161it tak spr\u00e1vu a zabezpe\u010den\u00ed koncov\u00fdch za\u0159\u00edzen\u00ed, jejich\u017e \u00falo\u017ei\u0161t\u011b je \u0161ifrov\u00e1no n\u00e1strojem BitLocker.<\/p>\t\t\t\t\t\t<\/div>\n\t\t\t\t<\/div>\n\t\t\t\t\t<\/div>\n\t\t<\/div>\n\t\t\t\t<div class=\"elementor-column elementor-col-50 elementor-inner-column elementor-element elementor-element-44b33cb\" data-id=\"44b33cb\" data-element_type=\"column\">\n\t\t\t<div class=\"elementor-widget-wrap elementor-element-populated\">\n\t\t\t\t\t\t<div class=\"elementor-element elementor-element-e19f9b4 monitor-right elementor-widget elementor-widget-image\" data-id=\"e19f9b4\" data-element_type=\"widget\" data-widget_type=\"image.default\">\n\t\t\t\t<div class=\"elementor-widget-container\">\n\t\t\t\t\t\t\t\t\t\t\t\t\t<img loading=\"lazy\" width=\"756\" height=\"337\" src=\"https:\/\/i.mwtsolutions.eu\/wp-content\/uploads\/2021\/06\/5.png\" class=\"attachment-large size-large wp-image-73391\" alt=\"Endpoint Security screen 5\" srcset=\"https:\/\/i.mwtsolutions.eu\/wp-content\/uploads\/2021\/06\/5.png 756w, https:\/\/i.mwtsolutions.eu\/wp-content\/uploads\/2021\/06\/5-300x134.png 300w\" sizes=\"(max-width: 756px) 100vw, 756px\" \/>\t\t\t\t\t\t\t\t\t\t\t\t\t<\/div>\n\t\t\t\t<\/div>\n\t\t\t\t\t<\/div>\n\t\t<\/div>\n\t\t\t\t\t<\/div>\n\t\t<\/section>\n\t\t\t\t\t<\/div>\n\t\t<\/div>\n\t\t\t\t\t<\/div>\n\t\t<\/section>\n\t\t\t\t<\/div>\n\t\t","protected":false},"excerpt":{"rendered":"<p>FUNKCE Komplexn\u00ed skenov\u00e1n\u00ed, hodnocen\u00ed zranitelnost\u00ed na z\u00e1klad\u011b datab\u00e1z\u00ed CVE (Common Vulnerabilities and Exposures) a n\u00e1prava bezpe\u010dnostn\u00edch nedostatk\u016f ve v\u0161ech koncov\u00fdch bodech modern\u00ed IT infrastruktury. Konfigurovateln\u00e9 ovl\u00e1dac\u00ed panely mohou b\u00fdt pro spr\u00e1vce syst\u00e9mu v\u00fdznamn\u00fdm zdrojem informac\u00ed. V\u00a0re\u00e1ln\u00e9m \u010dase upozorn\u00ed na mo\u017en\u00e9 nebezpe\u010d\u00ed nebo umo\u017en\u00ed p\u0159ijmout okam\u017eit\u00e1 opat\u0159en\u00ed. T\u00edm se zv\u00fd\u0161\u00ed zabezpe\u010den\u00ed koncov\u00fdch za\u0159\u00edzen\u00ed v infrastruktu\u0159e. Sledov\u00e1n\u00ed [&hellip;]<\/p>\n","protected":false},"author":20,"featured_media":0,"parent":67105,"menu_order":8,"comment_status":"closed","ping_status":"closed","template":"page-templates\/single-product.php","meta":{"content-type":"","om_disable_all_campaigns":false,"inline_featured_image":false,"_monsterinsights_skip_tracking":false,"_monsterinsights_sitenote_active":false,"_monsterinsights_sitenote_note":"","_monsterinsights_sitenote_category":0,"_links_to":"","_links_to_target":""},"acf":[],"aioseo_notices":[],"yoast_head":"<!-- This site is optimized with the Yoast SEO plugin v20.6 - https:\/\/yoast.com\/wordpress\/plugins\/seo\/ -->\n<title>Endpoint Security | MWT Solutions<\/title>\n<meta name=\"description\" content=\"Endpoint Security Add-On je roz\u0161i\u0159ovac\u00ed bal\u00ed\u010dek ur\u010den\u00fd pro syst\u00e9m Desktop Central.\" \/>\n<meta name=\"robots\" content=\"index, follow, max-snippet:-1, max-image-preview:large, max-video-preview:-1\" \/>\n<link rel=\"canonical\" href=\"https:\/\/i.mwtsolutions.eu\/cs\/produkty\/unified-endpoint-management\/endpoint-security\/\" \/>\n<meta property=\"og:locale\" content=\"cs_CZ\" \/>\n<meta property=\"og:type\" content=\"article\" \/>\n<meta property=\"og:title\" content=\"Endpoint Security | MWT Solutions\" \/>\n<meta property=\"og:description\" content=\"Endpoint Security Add-On je roz\u0161i\u0159ovac\u00ed bal\u00ed\u010dek ur\u010den\u00fd pro syst\u00e9m Desktop Central.\" \/>\n<meta property=\"og:url\" content=\"https:\/\/i.mwtsolutions.eu\/cs\/produkty\/unified-endpoint-management\/endpoint-security\/\" \/>\n<meta property=\"og:site_name\" content=\"MWT Solutions\" \/>\n<meta property=\"og:image\" content=\"https:\/\/i.mwtsolutions.eu\/wp-content\/uploads\/2021\/06\/1.png\" \/>\n<meta name=\"twitter:card\" content=\"summary_large_image\" \/>\n<meta name=\"twitter:label1\" content=\"Odhadovan\u00e1 doba \u010dten\u00ed\" \/>\n\t<meta name=\"twitter:data1\" content=\"3 minuty\" \/>\n<script type=\"application\/ld+json\" class=\"yoast-schema-graph\">{\"@context\":\"https:\/\/schema.org\",\"@graph\":[{\"@type\":\"WebPage\",\"@id\":\"https:\/\/i.mwtsolutions.eu\/cs\/produkty\/unified-endpoint-management\/endpoint-security\/\",\"url\":\"https:\/\/i.mwtsolutions.eu\/cs\/produkty\/unified-endpoint-management\/endpoint-security\/\",\"name\":\"Endpoint Security | MWT Solutions\",\"isPartOf\":{\"@id\":\"https:\/\/i.mwtsolutions.eu\/#website\"},\"datePublished\":\"2021-11-05T08:58:11+00:00\",\"dateModified\":\"2021-11-05T08:58:11+00:00\",\"description\":\"Endpoint Security Add-On je roz\u0161i\u0159ovac\u00ed bal\u00ed\u010dek ur\u010den\u00fd pro syst\u00e9m Desktop Central.\",\"breadcrumb\":{\"@id\":\"https:\/\/i.mwtsolutions.eu\/cs\/produkty\/unified-endpoint-management\/endpoint-security\/#breadcrumb\"},\"inLanguage\":\"cs\",\"potentialAction\":[{\"@type\":\"ReadAction\",\"target\":[\"https:\/\/i.mwtsolutions.eu\/cs\/produkty\/unified-endpoint-management\/endpoint-security\/\"]}]},{\"@type\":\"BreadcrumbList\",\"@id\":\"https:\/\/i.mwtsolutions.eu\/cs\/produkty\/unified-endpoint-management\/endpoint-security\/#breadcrumb\",\"itemListElement\":[{\"@type\":\"ListItem\",\"position\":1,\"name\":\"Home\",\"item\":\"https:\/\/i.mwtsolutions.eu\/cs\/\"},{\"@type\":\"ListItem\",\"position\":2,\"name\":\"Produkty\",\"item\":\"https:\/\/i.mwtsolutions.eu\/cs\/produkty\/\"},{\"@type\":\"ListItem\",\"position\":3,\"name\":\"UEM\",\"item\":\"https:\/\/i.mwtsolutions.eu\/cs\/produkty\/unified-endpoint-management\/\"},{\"@type\":\"ListItem\",\"position\":4,\"name\":\"Endpoint Security\"}]},{\"@type\":\"WebSite\",\"@id\":\"https:\/\/i.mwtsolutions.eu\/#website\",\"url\":\"https:\/\/i.mwtsolutions.eu\/\",\"name\":\"MWT Solutions\",\"description\":\"Kolejna witryna oparta na WordPressie\",\"publisher\":{\"@id\":\"https:\/\/i.mwtsolutions.eu\/#organization\"},\"potentialAction\":[{\"@type\":\"SearchAction\",\"target\":{\"@type\":\"EntryPoint\",\"urlTemplate\":\"https:\/\/i.mwtsolutions.eu\/?s={search_term_string}\"},\"query-input\":\"required name=search_term_string\"}],\"inLanguage\":\"cs\"},{\"@type\":\"Organization\",\"@id\":\"https:\/\/i.mwtsolutions.eu\/#organization\",\"name\":\"MWT Solutions\",\"url\":\"https:\/\/i.mwtsolutions.eu\/\",\"logo\":{\"@type\":\"ImageObject\",\"inLanguage\":\"cs\",\"@id\":\"https:\/\/i.mwtsolutions.eu\/#\/schema\/logo\/image\/\",\"url\":\"https:\/\/i.mwtsolutions.eu\/wp-content\/uploads\/2025\/05\/logo_MWT_rgb-color-1.png\",\"contentUrl\":\"https:\/\/i.mwtsolutions.eu\/wp-content\/uploads\/2025\/05\/logo_MWT_rgb-color-1.png\",\"width\":2825,\"height\":850,\"caption\":\"MWT Solutions\"},\"image\":{\"@id\":\"https:\/\/i.mwtsolutions.eu\/#\/schema\/logo\/image\/\"},\"sameAs\":[\"https:\/\/pl.linkedin.com\/company\/mwt-solutions\"]}]}<\/script>\n<!-- \/ Yoast SEO plugin. -->","yoast_head_json":{"title":"Endpoint Security | MWT Solutions","description":"Endpoint Security Add-On je roz\u0161i\u0159ovac\u00ed bal\u00ed\u010dek ur\u010den\u00fd pro syst\u00e9m Desktop Central.","robots":{"index":"index","follow":"follow","max-snippet":"max-snippet:-1","max-image-preview":"max-image-preview:large","max-video-preview":"max-video-preview:-1"},"canonical":"https:\/\/i.mwtsolutions.eu\/cs\/produkty\/unified-endpoint-management\/endpoint-security\/","og_locale":"cs_CZ","og_type":"article","og_title":"Endpoint Security | MWT Solutions","og_description":"Endpoint Security Add-On je roz\u0161i\u0159ovac\u00ed bal\u00ed\u010dek ur\u010den\u00fd pro syst\u00e9m Desktop Central.","og_url":"https:\/\/i.mwtsolutions.eu\/cs\/produkty\/unified-endpoint-management\/endpoint-security\/","og_site_name":"MWT Solutions","og_image":[{"url":"https:\/\/i.mwtsolutions.eu\/wp-content\/uploads\/2021\/06\/1.png"}],"twitter_card":"summary_large_image","twitter_misc":{"Odhadovan\u00e1 doba \u010dten\u00ed":"3 minuty"},"schema":{"@context":"https:\/\/schema.org","@graph":[{"@type":"WebPage","@id":"https:\/\/i.mwtsolutions.eu\/cs\/produkty\/unified-endpoint-management\/endpoint-security\/","url":"https:\/\/i.mwtsolutions.eu\/cs\/produkty\/unified-endpoint-management\/endpoint-security\/","name":"Endpoint Security | MWT Solutions","isPartOf":{"@id":"https:\/\/i.mwtsolutions.eu\/#website"},"datePublished":"2021-11-05T08:58:11+00:00","dateModified":"2021-11-05T08:58:11+00:00","description":"Endpoint Security Add-On je roz\u0161i\u0159ovac\u00ed bal\u00ed\u010dek ur\u010den\u00fd pro syst\u00e9m Desktop Central.","breadcrumb":{"@id":"https:\/\/i.mwtsolutions.eu\/cs\/produkty\/unified-endpoint-management\/endpoint-security\/#breadcrumb"},"inLanguage":"cs","potentialAction":[{"@type":"ReadAction","target":["https:\/\/i.mwtsolutions.eu\/cs\/produkty\/unified-endpoint-management\/endpoint-security\/"]}]},{"@type":"BreadcrumbList","@id":"https:\/\/i.mwtsolutions.eu\/cs\/produkty\/unified-endpoint-management\/endpoint-security\/#breadcrumb","itemListElement":[{"@type":"ListItem","position":1,"name":"Home","item":"https:\/\/i.mwtsolutions.eu\/cs\/"},{"@type":"ListItem","position":2,"name":"Produkty","item":"https:\/\/i.mwtsolutions.eu\/cs\/produkty\/"},{"@type":"ListItem","position":3,"name":"UEM","item":"https:\/\/i.mwtsolutions.eu\/cs\/produkty\/unified-endpoint-management\/"},{"@type":"ListItem","position":4,"name":"Endpoint Security"}]},{"@type":"WebSite","@id":"https:\/\/i.mwtsolutions.eu\/#website","url":"https:\/\/i.mwtsolutions.eu\/","name":"MWT Solutions","description":"Kolejna witryna oparta na WordPressie","publisher":{"@id":"https:\/\/i.mwtsolutions.eu\/#organization"},"potentialAction":[{"@type":"SearchAction","target":{"@type":"EntryPoint","urlTemplate":"https:\/\/i.mwtsolutions.eu\/?s={search_term_string}"},"query-input":"required name=search_term_string"}],"inLanguage":"cs"},{"@type":"Organization","@id":"https:\/\/i.mwtsolutions.eu\/#organization","name":"MWT Solutions","url":"https:\/\/i.mwtsolutions.eu\/","logo":{"@type":"ImageObject","inLanguage":"cs","@id":"https:\/\/i.mwtsolutions.eu\/#\/schema\/logo\/image\/","url":"https:\/\/i.mwtsolutions.eu\/wp-content\/uploads\/2025\/05\/logo_MWT_rgb-color-1.png","contentUrl":"https:\/\/i.mwtsolutions.eu\/wp-content\/uploads\/2025\/05\/logo_MWT_rgb-color-1.png","width":2825,"height":850,"caption":"MWT Solutions"},"image":{"@id":"https:\/\/i.mwtsolutions.eu\/#\/schema\/logo\/image\/"},"sameAs":["https:\/\/pl.linkedin.com\/company\/mwt-solutions"]}]}},"_links":{"self":[{"href":"https:\/\/i.mwtsolutions.eu\/cs\/wp-json\/wp\/v2\/pages\/80295"}],"collection":[{"href":"https:\/\/i.mwtsolutions.eu\/cs\/wp-json\/wp\/v2\/pages"}],"about":[{"href":"https:\/\/i.mwtsolutions.eu\/cs\/wp-json\/wp\/v2\/types\/page"}],"author":[{"embeddable":true,"href":"https:\/\/i.mwtsolutions.eu\/cs\/wp-json\/wp\/v2\/users\/20"}],"replies":[{"embeddable":true,"href":"https:\/\/i.mwtsolutions.eu\/cs\/wp-json\/wp\/v2\/comments?post=80295"}],"version-history":[{"count":11,"href":"https:\/\/i.mwtsolutions.eu\/cs\/wp-json\/wp\/v2\/pages\/80295\/revisions"}],"predecessor-version":[{"id":80345,"href":"https:\/\/i.mwtsolutions.eu\/cs\/wp-json\/wp\/v2\/pages\/80295\/revisions\/80345"}],"up":[{"embeddable":true,"href":"https:\/\/i.mwtsolutions.eu\/cs\/wp-json\/wp\/v2\/pages\/67105"}],"wp:attachment":[{"href":"https:\/\/i.mwtsolutions.eu\/cs\/wp-json\/wp\/v2\/media?parent=80295"}],"curies":[{"name":"wp","href":"https:\/\/api.w.org\/{rel}","templated":true}]}}