{"id":93951,"date":"2020-04-30T15:10:10","date_gmt":"2020-04-30T13:10:10","guid":{"rendered":"https:\/\/mwtsolutions.eu\/produkty\/itsm\/zgloszenia-w-servicedesk-plus-z-quick-survey\/"},"modified":"2023-05-08T13:32:15","modified_gmt":"2023-05-08T11:32:15","slug":"oznameni-w-servicedesk-plus-s-quick-survey","status":"publish","type":"page","link":"https:\/\/i.mwtsolutions.eu\/cs\/produkty\/itsm\/oznameni-w-servicedesk-plus-s-quick-survey\/","title":{"rendered":"Quick Survey"},"content":{"rendered":"\t\t<div data-elementor-type=\"wp-page\" data-elementor-id=\"93951\" class=\"elementor elementor-93951 elementor-60931\" data-elementor-post-type=\"page\">\n\t\t\t\t\t\t<section class=\"elementor-section elementor-top-section elementor-element elementor-element-8bf565e elementor-section-boxed elementor-section-height-default elementor-section-height-default force-full-width-no\" data-id=\"8bf565e\" data-element_type=\"section\">\n\t\t\t\t\t\t<div class=\"elementor-container elementor-column-gap-default\">\n\t\t\t\t\t<div class=\"elementor-column elementor-col-100 elementor-top-column elementor-element elementor-element-18ef681\" data-id=\"18ef681\" data-element_type=\"column\">\n\t\t\t<div class=\"elementor-widget-wrap elementor-element-populated\">\n\t\t\t\t\t\t<div class=\"elementor-element elementor-element-9f67720 elementor-widget elementor-widget-heading\" data-id=\"9f67720\" data-element_type=\"widget\" data-widget_type=\"heading.default\">\n\t\t\t\t<div class=\"elementor-widget-container\">\n\t\t\t<h2 class=\"elementor-heading-title elementor-size-default\">FUNKCIONALITY<\/h2>\t\t<\/div>\n\t\t\t\t<\/div>\n\t\t\t\t<section class=\"elementor-section elementor-inner-section elementor-element elementor-element-8bac1e3 elementor-section-boxed elementor-section-height-default elementor-section-height-default force-full-width-no\" data-id=\"8bac1e3\" data-element_type=\"section\">\n\t\t\t\t\t\t<div class=\"elementor-container elementor-column-gap-default\">\n\t\t\t\t\t<div class=\"elementor-column elementor-col-50 elementor-inner-column elementor-element elementor-element-d4cb268\" data-id=\"d4cb268\" data-element_type=\"column\">\n\t\t\t<div class=\"elementor-widget-wrap elementor-element-populated\">\n\t\t\t\t\t\t<div class=\"elementor-element elementor-element-657eb7c elementor-widget elementor-widget-heading\" data-id=\"657eb7c\" data-element_type=\"widget\" data-widget_type=\"heading.default\">\n\t\t\t\t<div class=\"elementor-widget-container\">\n\t\t\t<h3 class=\"elementor-heading-title elementor-size-default\">Mo\u017enost odes\u00edl\u00e1n\u00ed u\u017eivatelsky p\u0159\u00edv\u011btiv\u00fdch a intuitivn\u00edch grafik\/anket, kter\u00e9 hodnot\u00ed po\u017eadavky v ServiceDesk Plus.<\/h3>\t\t<\/div>\n\t\t\t\t<\/div>\n\t\t\t\t<div class=\"elementor-element elementor-element-e370b26 elementor-widget elementor-widget-text-editor\" data-id=\"e370b26\" data-element_type=\"widget\" data-widget_type=\"text-editor.default\">\n\t\t\t\t<div class=\"elementor-widget-container\">\n\t\t\t\t\t\t\t<p>Ankety a grafiky navrhujeme tak, aby bylo samotn\u00e9 hodnocen\u00ed konkr\u00e9tn\u00edho po\u017eadavku v ServiceDesk Plus co nejp\u0159\u00edv\u011btiv\u011bj\u0161\u00ed. Syst\u00e9m standardn\u011b nab\u00edz\u00ed svoje ankety, ale vysly\u0161eli jsme pot\u0159eby u\u017eivatel\u016f, a vytvo\u0159ili jsme v\u00fdrobek p\u0159izp\u016fsoben\u00fd jejich p\u0159\u00e1n\u00edm.<\/p>\t\t\t\t\t\t<\/div>\n\t\t\t\t<\/div>\n\t\t\t\t\t<\/div>\n\t\t<\/div>\n\t\t\t\t<div class=\"elementor-column elementor-col-50 elementor-inner-column elementor-element elementor-element-88d904d\" data-id=\"88d904d\" data-element_type=\"column\">\n\t\t\t<div class=\"elementor-widget-wrap elementor-element-populated\">\n\t\t\t\t\t\t<div class=\"elementor-element elementor-element-83fa49d monitor-right elementor-widget elementor-widget-image\" data-id=\"83fa49d\" data-element_type=\"widget\" data-widget_type=\"image.default\">\n\t\t\t\t<div class=\"elementor-widget-container\">\n\t\t\t\t\t\t\t\t\t\t\t\t\t<img fetchpriority=\"high\" width=\"660\" height=\"666\" src=\"https:\/\/i.mwtsolutions.eu\/wp-content\/uploads\/2020\/07\/1.png\" class=\"attachment-large size-large wp-image-68074\" alt=\"\" srcset=\"https:\/\/i.mwtsolutions.eu\/wp-content\/uploads\/2020\/07\/1.png 660w, https:\/\/i.mwtsolutions.eu\/wp-content\/uploads\/2020\/07\/1-297x300.png 297w, https:\/\/i.mwtsolutions.eu\/wp-content\/uploads\/2020\/07\/1-150x150.png 150w\" sizes=\"(max-width: 660px) 100vw, 660px\" \/>\t\t\t\t\t\t\t\t\t\t\t\t\t<\/div>\n\t\t\t\t<\/div>\n\t\t\t\t\t<\/div>\n\t\t<\/div>\n\t\t\t\t\t<\/div>\n\t\t<\/section>\n\t\t\t\t<section class=\"elementor-section elementor-inner-section elementor-element elementor-element-94b51f3 elementor-reverse-mobile elementor-section-boxed elementor-section-height-default elementor-section-height-default force-full-width-no\" data-id=\"94b51f3\" data-element_type=\"section\">\n\t\t\t\t\t\t<div class=\"elementor-container elementor-column-gap-default\">\n\t\t\t\t\t<div class=\"elementor-column elementor-col-50 elementor-inner-column elementor-element elementor-element-7e4a38d\" data-id=\"7e4a38d\" data-element_type=\"column\">\n\t\t\t<div class=\"elementor-widget-wrap elementor-element-populated\">\n\t\t\t\t\t\t<div class=\"elementor-element elementor-element-9f3504e monitor-left elementor-widget elementor-widget-image\" data-id=\"9f3504e\" data-element_type=\"widget\" data-widget_type=\"image.default\">\n\t\t\t\t<div class=\"elementor-widget-container\">\n\t\t\t\t\t\t\t\t\t\t\t\t\t<img width=\"1024\" height=\"389\" src=\"https:\/\/i.mwtsolutions.eu\/wp-content\/uploads\/2020\/07\/Mo\u017cliwo\u015b\u0107-raportowania-danych-z-ocen-1024x389.png\" class=\"attachment-large size-large wp-image-68238\" alt=\"\" srcset=\"https:\/\/i.mwtsolutions.eu\/wp-content\/uploads\/2020\/07\/Mo\u017cliwo\u015b\u0107-raportowania-danych-z-ocen-1024x389.png 1024w, https:\/\/i.mwtsolutions.eu\/wp-content\/uploads\/2020\/07\/Mo\u017cliwo\u015b\u0107-raportowania-danych-z-ocen-300x114.png 300w, https:\/\/i.mwtsolutions.eu\/wp-content\/uploads\/2020\/07\/Mo\u017cliwo\u015b\u0107-raportowania-danych-z-ocen-768x291.png 768w, https:\/\/i.mwtsolutions.eu\/wp-content\/uploads\/2020\/07\/Mo\u017cliwo\u015b\u0107-raportowania-danych-z-ocen.png 1262w\" sizes=\"(max-width: 1024px) 100vw, 1024px\" \/>\t\t\t\t\t\t\t\t\t\t\t\t\t<\/div>\n\t\t\t\t<\/div>\n\t\t\t\t\t<\/div>\n\t\t<\/div>\n\t\t\t\t<div class=\"elementor-column elementor-col-50 elementor-inner-column elementor-element elementor-element-2d57f79\" data-id=\"2d57f79\" data-element_type=\"column\">\n\t\t\t<div class=\"elementor-widget-wrap elementor-element-populated\">\n\t\t\t\t\t\t<div class=\"elementor-element elementor-element-9c0df67 elementor-widget elementor-widget-heading\" data-id=\"9c0df67\" data-element_type=\"widget\" data-widget_type=\"heading.default\">\n\t\t\t\t<div class=\"elementor-widget-container\">\n\t\t\t<h3 class=\"elementor-heading-title elementor-size-default\">Mo\u017enost reportov\u00e1n\u00ed \u00fadaj\u016f z hodnocen\u00ed<\/h3>\t\t<\/div>\n\t\t\t\t<\/div>\n\t\t\t\t<div class=\"elementor-element elementor-element-d2b6190 elementor-widget elementor-widget-text-editor\" data-id=\"d2b6190\" data-element_type=\"widget\" data-widget_type=\"text-editor.default\">\n\t\t\t\t<div class=\"elementor-widget-container\">\n\t\t\t\t\t\t\t<p>D\u00edky modulu report\u016f existuje v ServiceDesk Plus mo\u017enost rychl\u00e9ho reportov\u00e1n\u00ed \u00fadaj\u016f. Vylep\u0161en\u00fd syst\u00e9m hodnocen\u00ed po\u017eadavk\u016f Quick Survey umo\u017e\u0148uje tak\u00e9 vygenerovat napl\u00e1novan\u00e9 reporty. Tyto budou odes\u00edl\u00e1ny na uveden\u00e9 e-mailov\u00e9 adresy podle p\u0159edem napl\u00e1novan\u00e9ho rozvrhu (s mo\u017enost\u00ed up\u0159esn\u011bn\u00ed nejen dn\u016f, ale tak\u00e9 konkr\u00e9tn\u00edch hodin a minut).<\/p>\t\t\t\t\t\t<\/div>\n\t\t\t\t<\/div>\n\t\t\t\t\t<\/div>\n\t\t<\/div>\n\t\t\t\t\t<\/div>\n\t\t<\/section>\n\t\t\t\t<section class=\"elementor-section elementor-inner-section elementor-element elementor-element-5ac5f1e elementor-section-boxed elementor-section-height-default elementor-section-height-default force-full-width-no\" data-id=\"5ac5f1e\" data-element_type=\"section\">\n\t\t\t\t\t\t<div class=\"elementor-container elementor-column-gap-default\">\n\t\t\t\t\t<div class=\"elementor-column elementor-col-50 elementor-inner-column elementor-element elementor-element-2f7b9b4\" data-id=\"2f7b9b4\" data-element_type=\"column\">\n\t\t\t<div class=\"elementor-widget-wrap elementor-element-populated\">\n\t\t\t\t\t\t<div class=\"elementor-element elementor-element-95f67af elementor-widget elementor-widget-heading\" data-id=\"95f67af\" data-element_type=\"widget\" data-widget_type=\"heading.default\">\n\t\t\t\t<div class=\"elementor-widget-container\">\n\t\t\t<h3 class=\"elementor-heading-title elementor-size-default\">Flexibilita p\u0159i v\u00fdb\u011bru rozvrhu<\/h3>\t\t<\/div>\n\t\t\t\t<\/div>\n\t\t\t\t<div class=\"elementor-element elementor-element-278196f elementor-widget elementor-widget-text-editor\" data-id=\"278196f\" data-element_type=\"widget\" data-widget_type=\"text-editor.default\">\n\t\t\t\t<div class=\"elementor-widget-container\">\n\t\t\t\t\t\t\t<p>Vylep\u0161en\u00fd syst\u00e9m hodnocen\u00ed aplikac\u00ed Quick Survey je ve f\u00e1zi implementace pln\u011b p\u0159izp\u016fsobiteln\u00fd. V z\u00e1vislosti na pot\u0159eb\u00e1ch organizace p\u0159iprav\u00edme vhodnou grafiku a vyu\u017eijeme v\u0161ech na\u0161ich znalost\u00ed, abychom pr\u016fzkumy p\u0159izp\u016fsobili pot\u0159eb\u00e1m u\u017eivatel\u016f. Nejen z hlediska vhodn\u00e9 vizu\u00e1ln\u00ed prezentace, ale tak\u00e9 z hlediska p\u0159id\u00e1v\u00e1n\u00ed koment\u00e1\u0159\u016f ke konkr\u00e9tn\u00edm hodnocen\u00edm.<\/p>\t\t\t\t\t\t<\/div>\n\t\t\t\t<\/div>\n\t\t\t\t\t<\/div>\n\t\t<\/div>\n\t\t\t\t<div class=\"elementor-column elementor-col-50 elementor-inner-column elementor-element elementor-element-4c61023\" data-id=\"4c61023\" data-element_type=\"column\">\n\t\t\t<div class=\"elementor-widget-wrap elementor-element-populated\">\n\t\t\t\t\t\t<div class=\"elementor-element elementor-element-fc7f152 monitor-center elementor-widget elementor-widget-image\" data-id=\"fc7f152\" data-element_type=\"widget\" data-widget_type=\"image.default\">\n\t\t\t\t<div class=\"elementor-widget-container\">\n\t\t\t\t\t\t\t\t\t\t\t\t\t<img width=\"800\" height=\"528\" src=\"https:\/\/i.mwtsolutions.eu\/wp-content\/uploads\/2020\/07\/Ikony-1.jpg\" class=\"attachment-large size-large wp-image-68240\" alt=\"\" srcset=\"https:\/\/i.mwtsolutions.eu\/wp-content\/uploads\/2020\/07\/Ikony-1.jpg 800w, https:\/\/i.mwtsolutions.eu\/wp-content\/uploads\/2020\/07\/Ikony-1-300x198.jpg 300w, https:\/\/i.mwtsolutions.eu\/wp-content\/uploads\/2020\/07\/Ikony-1-768x507.jpg 768w\" sizes=\"(max-width: 800px) 100vw, 800px\" \/>\t\t\t\t\t\t\t\t\t\t\t\t\t<\/div>\n\t\t\t\t<\/div>\n\t\t\t\t\t<\/div>\n\t\t<\/div>\n\t\t\t\t\t<\/div>\n\t\t<\/section>\n\t\t\t\t\t<\/div>\n\t\t<\/div>\n\t\t\t\t\t<\/div>\n\t\t<\/section>\n\t\t\t\t<\/div>\n\t\t","protected":false},"excerpt":{"rendered":"<p>FUNKCIONALITY Mo\u017enost odes\u00edl\u00e1n\u00ed u\u017eivatelsky p\u0159\u00edv\u011btiv\u00fdch a intuitivn\u00edch grafik\/anket, kter\u00e9 hodnot\u00ed po\u017eadavky v ServiceDesk Plus. Ankety a grafiky navrhujeme tak, aby bylo samotn\u00e9 hodnocen\u00ed konkr\u00e9tn\u00edho po\u017eadavku v ServiceDesk Plus co nejp\u0159\u00edv\u011btiv\u011bj\u0161\u00ed. Syst\u00e9m standardn\u011b nab\u00edz\u00ed svoje ankety, ale vysly\u0161eli jsme pot\u0159eby u\u017eivatel\u016f, a vytvo\u0159ili jsme v\u00fdrobek p\u0159izp\u016fsoben\u00fd jejich p\u0159\u00e1n\u00edm. Mo\u017enost reportov\u00e1n\u00ed \u00fadaj\u016f z hodnocen\u00ed D\u00edky modulu report\u016f [&hellip;]<\/p>\n","protected":false},"author":20,"featured_media":0,"parent":67097,"menu_order":10,"comment_status":"closed","ping_status":"closed","template":"page-templates\/single-product.php","meta":{"content-type":"","om_disable_all_campaigns":false,"inline_featured_image":false,"_monsterinsights_skip_tracking":false,"_monsterinsights_sitenote_active":false,"_monsterinsights_sitenote_note":"","_monsterinsights_sitenote_category":0,"_links_to":"","_links_to_target":""},"acf":[],"aioseo_notices":[],"yoast_head":"<!-- This site is optimized with the Yoast SEO plugin v20.6 - https:\/\/yoast.com\/wordpress\/plugins\/seo\/ -->\n<title>Vyhodnocujte aplikace v ServiceDesk Plus pomoc\u00ed Quick Survey - MWT Solutions<\/title>\n<meta name=\"description\" content=\"Dodatek, kter\u00fd vylep\u0161uje hl\u00e1\u0161en\u00ed odes\u00edlan\u00e1 u\u017eivatel\u016fm ServiceDesk Plus.\" \/>\n<meta name=\"robots\" content=\"index, follow, max-snippet:-1, max-image-preview:large, max-video-preview:-1\" \/>\n<link rel=\"canonical\" href=\"https:\/\/i.mwtsolutions.eu\/cs\/produkty\/itsm\/oznameni-w-servicedesk-plus-s-quick-survey\/\" \/>\n<meta property=\"og:locale\" content=\"cs_CZ\" \/>\n<meta property=\"og:type\" content=\"article\" \/>\n<meta property=\"og:title\" content=\"Vyhodnocujte aplikace v ServiceDesk Plus pomoc\u00ed Quick Survey - MWT Solutions\" \/>\n<meta property=\"og:description\" content=\"Dodatek, kter\u00fd vylep\u0161uje hl\u00e1\u0161en\u00ed odes\u00edlan\u00e1 u\u017eivatel\u016fm ServiceDesk Plus.\" \/>\n<meta property=\"og:url\" content=\"https:\/\/i.mwtsolutions.eu\/cs\/produkty\/itsm\/oznameni-w-servicedesk-plus-s-quick-survey\/\" \/>\n<meta property=\"og:site_name\" content=\"MWT Solutions\" \/>\n<meta property=\"article:modified_time\" content=\"2023-05-08T11:32:15+00:00\" \/>\n<meta property=\"og:image\" content=\"https:\/\/i.mwtsolutions.eu\/wp-content\/uploads\/2020\/07\/1.png\" \/>\n<meta name=\"twitter:card\" content=\"summary_large_image\" \/>\n<meta name=\"twitter:label1\" content=\"Odhadovan\u00e1 doba \u010dten\u00ed\" \/>\n\t<meta name=\"twitter:data1\" content=\"2 minuty\" \/>\n<script type=\"application\/ld+json\" class=\"yoast-schema-graph\">{\"@context\":\"https:\/\/schema.org\",\"@graph\":[{\"@type\":\"WebPage\",\"@id\":\"https:\/\/i.mwtsolutions.eu\/cs\/produkty\/itsm\/oznameni-w-servicedesk-plus-s-quick-survey\/\",\"url\":\"https:\/\/i.mwtsolutions.eu\/cs\/produkty\/itsm\/oznameni-w-servicedesk-plus-s-quick-survey\/\",\"name\":\"Vyhodnocujte aplikace v ServiceDesk Plus pomoc\u00ed Quick Survey - MWT Solutions\",\"isPartOf\":{\"@id\":\"https:\/\/i.mwtsolutions.eu\/#website\"},\"datePublished\":\"2020-04-30T13:10:10+00:00\",\"dateModified\":\"2023-05-08T11:32:15+00:00\",\"description\":\"Dodatek, kter\u00fd vylep\u0161uje hl\u00e1\u0161en\u00ed odes\u00edlan\u00e1 u\u017eivatel\u016fm ServiceDesk Plus.\",\"breadcrumb\":{\"@id\":\"https:\/\/i.mwtsolutions.eu\/cs\/produkty\/itsm\/oznameni-w-servicedesk-plus-s-quick-survey\/#breadcrumb\"},\"inLanguage\":\"cs\",\"potentialAction\":[{\"@type\":\"ReadAction\",\"target\":[\"https:\/\/i.mwtsolutions.eu\/cs\/produkty\/itsm\/oznameni-w-servicedesk-plus-s-quick-survey\/\"]}]},{\"@type\":\"BreadcrumbList\",\"@id\":\"https:\/\/i.mwtsolutions.eu\/cs\/produkty\/itsm\/oznameni-w-servicedesk-plus-s-quick-survey\/#breadcrumb\",\"itemListElement\":[{\"@type\":\"ListItem\",\"position\":1,\"name\":\"Home\",\"item\":\"https:\/\/i.mwtsolutions.eu\/cs\/\"},{\"@type\":\"ListItem\",\"position\":2,\"name\":\"Produkty\",\"item\":\"https:\/\/i.mwtsolutions.eu\/cs\/produkty\/\"},{\"@type\":\"ListItem\",\"position\":3,\"name\":\"ITSM\",\"item\":\"https:\/\/i.mwtsolutions.eu\/cs\/produkty\/itsm\/\"},{\"@type\":\"ListItem\",\"position\":4,\"name\":\"Quick Survey\"}]},{\"@type\":\"WebSite\",\"@id\":\"https:\/\/i.mwtsolutions.eu\/#website\",\"url\":\"https:\/\/i.mwtsolutions.eu\/\",\"name\":\"MWT Solutions\",\"description\":\"Kolejna witryna oparta na WordPressie\",\"publisher\":{\"@id\":\"https:\/\/i.mwtsolutions.eu\/#organization\"},\"potentialAction\":[{\"@type\":\"SearchAction\",\"target\":{\"@type\":\"EntryPoint\",\"urlTemplate\":\"https:\/\/i.mwtsolutions.eu\/?s={search_term_string}\"},\"query-input\":\"required name=search_term_string\"}],\"inLanguage\":\"cs\"},{\"@type\":\"Organization\",\"@id\":\"https:\/\/i.mwtsolutions.eu\/#organization\",\"name\":\"MWT Solutions\",\"url\":\"https:\/\/i.mwtsolutions.eu\/\",\"logo\":{\"@type\":\"ImageObject\",\"inLanguage\":\"cs\",\"@id\":\"https:\/\/i.mwtsolutions.eu\/#\/schema\/logo\/image\/\",\"url\":\"https:\/\/i.mwtsolutions.eu\/wp-content\/uploads\/2025\/05\/logo_MWT_rgb-color-1.png\",\"contentUrl\":\"https:\/\/i.mwtsolutions.eu\/wp-content\/uploads\/2025\/05\/logo_MWT_rgb-color-1.png\",\"width\":2825,\"height\":850,\"caption\":\"MWT Solutions\"},\"image\":{\"@id\":\"https:\/\/i.mwtsolutions.eu\/#\/schema\/logo\/image\/\"},\"sameAs\":[\"https:\/\/pl.linkedin.com\/company\/mwt-solutions\"]}]}<\/script>\n<!-- \/ Yoast SEO plugin. -->","yoast_head_json":{"title":"Vyhodnocujte aplikace v ServiceDesk Plus pomoc\u00ed Quick Survey - MWT Solutions","description":"Dodatek, kter\u00fd vylep\u0161uje hl\u00e1\u0161en\u00ed odes\u00edlan\u00e1 u\u017eivatel\u016fm ServiceDesk Plus.","robots":{"index":"index","follow":"follow","max-snippet":"max-snippet:-1","max-image-preview":"max-image-preview:large","max-video-preview":"max-video-preview:-1"},"canonical":"https:\/\/i.mwtsolutions.eu\/cs\/produkty\/itsm\/oznameni-w-servicedesk-plus-s-quick-survey\/","og_locale":"cs_CZ","og_type":"article","og_title":"Vyhodnocujte aplikace v ServiceDesk Plus pomoc\u00ed Quick Survey - MWT Solutions","og_description":"Dodatek, kter\u00fd vylep\u0161uje hl\u00e1\u0161en\u00ed odes\u00edlan\u00e1 u\u017eivatel\u016fm ServiceDesk Plus.","og_url":"https:\/\/i.mwtsolutions.eu\/cs\/produkty\/itsm\/oznameni-w-servicedesk-plus-s-quick-survey\/","og_site_name":"MWT Solutions","article_modified_time":"2023-05-08T11:32:15+00:00","og_image":[{"url":"https:\/\/i.mwtsolutions.eu\/wp-content\/uploads\/2020\/07\/1.png"}],"twitter_card":"summary_large_image","twitter_misc":{"Odhadovan\u00e1 doba \u010dten\u00ed":"2 minuty"},"schema":{"@context":"https:\/\/schema.org","@graph":[{"@type":"WebPage","@id":"https:\/\/i.mwtsolutions.eu\/cs\/produkty\/itsm\/oznameni-w-servicedesk-plus-s-quick-survey\/","url":"https:\/\/i.mwtsolutions.eu\/cs\/produkty\/itsm\/oznameni-w-servicedesk-plus-s-quick-survey\/","name":"Vyhodnocujte aplikace v ServiceDesk Plus pomoc\u00ed Quick Survey - MWT Solutions","isPartOf":{"@id":"https:\/\/i.mwtsolutions.eu\/#website"},"datePublished":"2020-04-30T13:10:10+00:00","dateModified":"2023-05-08T11:32:15+00:00","description":"Dodatek, kter\u00fd vylep\u0161uje hl\u00e1\u0161en\u00ed odes\u00edlan\u00e1 u\u017eivatel\u016fm ServiceDesk Plus.","breadcrumb":{"@id":"https:\/\/i.mwtsolutions.eu\/cs\/produkty\/itsm\/oznameni-w-servicedesk-plus-s-quick-survey\/#breadcrumb"},"inLanguage":"cs","potentialAction":[{"@type":"ReadAction","target":["https:\/\/i.mwtsolutions.eu\/cs\/produkty\/itsm\/oznameni-w-servicedesk-plus-s-quick-survey\/"]}]},{"@type":"BreadcrumbList","@id":"https:\/\/i.mwtsolutions.eu\/cs\/produkty\/itsm\/oznameni-w-servicedesk-plus-s-quick-survey\/#breadcrumb","itemListElement":[{"@type":"ListItem","position":1,"name":"Home","item":"https:\/\/i.mwtsolutions.eu\/cs\/"},{"@type":"ListItem","position":2,"name":"Produkty","item":"https:\/\/i.mwtsolutions.eu\/cs\/produkty\/"},{"@type":"ListItem","position":3,"name":"ITSM","item":"https:\/\/i.mwtsolutions.eu\/cs\/produkty\/itsm\/"},{"@type":"ListItem","position":4,"name":"Quick Survey"}]},{"@type":"WebSite","@id":"https:\/\/i.mwtsolutions.eu\/#website","url":"https:\/\/i.mwtsolutions.eu\/","name":"MWT Solutions","description":"Kolejna witryna oparta na WordPressie","publisher":{"@id":"https:\/\/i.mwtsolutions.eu\/#organization"},"potentialAction":[{"@type":"SearchAction","target":{"@type":"EntryPoint","urlTemplate":"https:\/\/i.mwtsolutions.eu\/?s={search_term_string}"},"query-input":"required name=search_term_string"}],"inLanguage":"cs"},{"@type":"Organization","@id":"https:\/\/i.mwtsolutions.eu\/#organization","name":"MWT Solutions","url":"https:\/\/i.mwtsolutions.eu\/","logo":{"@type":"ImageObject","inLanguage":"cs","@id":"https:\/\/i.mwtsolutions.eu\/#\/schema\/logo\/image\/","url":"https:\/\/i.mwtsolutions.eu\/wp-content\/uploads\/2025\/05\/logo_MWT_rgb-color-1.png","contentUrl":"https:\/\/i.mwtsolutions.eu\/wp-content\/uploads\/2025\/05\/logo_MWT_rgb-color-1.png","width":2825,"height":850,"caption":"MWT Solutions"},"image":{"@id":"https:\/\/i.mwtsolutions.eu\/#\/schema\/logo\/image\/"},"sameAs":["https:\/\/pl.linkedin.com\/company\/mwt-solutions"]}]}},"_links":{"self":[{"href":"https:\/\/i.mwtsolutions.eu\/cs\/wp-json\/wp\/v2\/pages\/93951"}],"collection":[{"href":"https:\/\/i.mwtsolutions.eu\/cs\/wp-json\/wp\/v2\/pages"}],"about":[{"href":"https:\/\/i.mwtsolutions.eu\/cs\/wp-json\/wp\/v2\/types\/page"}],"author":[{"embeddable":true,"href":"https:\/\/i.mwtsolutions.eu\/cs\/wp-json\/wp\/v2\/users\/20"}],"replies":[{"embeddable":true,"href":"https:\/\/i.mwtsolutions.eu\/cs\/wp-json\/wp\/v2\/comments?post=93951"}],"version-history":[{"count":7,"href":"https:\/\/i.mwtsolutions.eu\/cs\/wp-json\/wp\/v2\/pages\/93951\/revisions"}],"predecessor-version":[{"id":93959,"href":"https:\/\/i.mwtsolutions.eu\/cs\/wp-json\/wp\/v2\/pages\/93951\/revisions\/93959"}],"up":[{"embeddable":true,"href":"https:\/\/i.mwtsolutions.eu\/cs\/wp-json\/wp\/v2\/pages\/67097"}],"wp:attachment":[{"href":"https:\/\/i.mwtsolutions.eu\/cs\/wp-json\/wp\/v2\/media?parent=93951"}],"curies":[{"name":"wp","href":"https:\/\/api.w.org\/{rel}","templated":true}]}}