{"id":93960,"date":"2020-04-30T15:10:12","date_gmt":"2020-04-30T13:10:12","guid":{"rendered":"https:\/\/mwtsolutions.eu\/produkty\/itsm\/tworzenie-dokumentacji-w-servicedesk-plus-z-resource-protocol\/"},"modified":"2023-05-08T15:07:43","modified_gmt":"2023-05-08T13:07:43","slug":"tvorba-dokumentace-v-systemu-servicedesk-plus-s-protokolem-zdroju","status":"publish","type":"page","link":"https:\/\/i.mwtsolutions.eu\/cs\/produkty\/itsm\/tvorba-dokumentace-v-systemu-servicedesk-plus-s-protokolem-zdroju\/","title":{"rendered":"Resource Protocol"},"content":{"rendered":"\t\t<div data-elementor-type=\"wp-page\" data-elementor-id=\"93960\" class=\"elementor elementor-93960 elementor-60932\" data-elementor-post-type=\"page\">\n\t\t\t\t\t\t<section class=\"elementor-section elementor-top-section elementor-element elementor-element-60c080e elementor-section-boxed elementor-section-height-default elementor-section-height-default force-full-width-no\" data-id=\"60c080e\" data-element_type=\"section\">\n\t\t\t\t\t\t<div class=\"elementor-container elementor-column-gap-default\">\n\t\t\t\t\t<div class=\"elementor-column elementor-col-100 elementor-top-column elementor-element elementor-element-7fac058\" data-id=\"7fac058\" data-element_type=\"column\">\n\t\t\t<div class=\"elementor-widget-wrap elementor-element-populated\">\n\t\t\t\t\t\t<div class=\"elementor-element elementor-element-7e4f99d elementor-widget elementor-widget-heading\" data-id=\"7e4f99d\" data-element_type=\"widget\" data-widget_type=\"heading.default\">\n\t\t\t\t<div class=\"elementor-widget-container\">\n\t\t\t<h2 class=\"elementor-heading-title elementor-size-default\">FUNKCIONALITY<\/h2>\t\t<\/div>\n\t\t\t\t<\/div>\n\t\t\t\t<section class=\"elementor-section elementor-inner-section elementor-element elementor-element-52b7369 elementor-section-boxed elementor-section-height-default elementor-section-height-default force-full-width-no\" data-id=\"52b7369\" data-element_type=\"section\">\n\t\t\t\t\t\t<div class=\"elementor-container elementor-column-gap-default\">\n\t\t\t\t\t<div class=\"elementor-column elementor-col-50 elementor-inner-column elementor-element elementor-element-f23abfb\" data-id=\"f23abfb\" data-element_type=\"column\">\n\t\t\t<div class=\"elementor-widget-wrap elementor-element-populated\">\n\t\t\t\t\t\t<div class=\"elementor-element elementor-element-8ffc38f elementor-widget elementor-widget-heading\" data-id=\"8ffc38f\" data-element_type=\"widget\" data-widget_type=\"heading.default\">\n\t\t\t\t<div class=\"elementor-widget-container\">\n\t\t\t<h3 class=\"elementor-heading-title elementor-size-default\">Generov\u00e1n\u00ed hotov\u00fdch protokol\u016f<\/h3>\t\t<\/div>\n\t\t\t\t<\/div>\n\t\t\t\t<div class=\"elementor-element elementor-element-e465ec4 elementor-widget elementor-widget-text-editor\" data-id=\"e465ec4\" data-element_type=\"widget\" data-widget_type=\"text-editor.default\">\n\t\t\t\t<div class=\"elementor-widget-container\">\n\t\t\t\t\t\t\t<p>Protokoly jsou vytv\u00e1\u0159eny na z\u00e1klad\u011b dat z modulu zdroj\u016f ServiceDesk Plus. Nez\u00e1visle na zvolen\u00e9m druhu zdroje bude protokol prezentovat spr\u00e1vn\u00e9 \u00fadaje \u2013 kter\u00e9 jsou kl\u00ed\u010dov\u00e9 pro dan\u00fd druh v\u00fdrobku. Postarejte se o automatickou tvorbu dokumentace v ServiceDesk Plus a\u00a0seznamte se tak\u00e9 s ostatn\u00edmi funkcionalitami Resource Protocol.<\/p>\t\t\t\t\t\t<\/div>\n\t\t\t\t<\/div>\n\t\t\t\t\t<\/div>\n\t\t<\/div>\n\t\t\t\t<div class=\"elementor-column elementor-col-50 elementor-inner-column elementor-element elementor-element-4999133\" data-id=\"4999133\" data-element_type=\"column\">\n\t\t\t<div class=\"elementor-widget-wrap elementor-element-populated\">\n\t\t\t\t\t\t<div class=\"elementor-element elementor-element-f3e90ab monitor-center elementor-widget elementor-widget-image\" data-id=\"f3e90ab\" data-element_type=\"widget\" data-widget_type=\"image.default\">\n\t\t\t\t<div class=\"elementor-widget-container\">\n\t\t\t\t\t\t\t\t\t\t\t\t\t<img fetchpriority=\"high\" width=\"737\" height=\"818\" src=\"https:\/\/i.mwtsolutions.eu\/wp-content\/uploads\/2021\/08\/protokol.png\" class=\"attachment-large size-large wp-image-77790\" alt=\"\" srcset=\"https:\/\/i.mwtsolutions.eu\/wp-content\/uploads\/2021\/08\/protokol.png 737w, https:\/\/i.mwtsolutions.eu\/wp-content\/uploads\/2021\/08\/protokol-270x300.png 270w\" sizes=\"(max-width: 737px) 100vw, 737px\" \/>\t\t\t\t\t\t\t\t\t\t\t\t\t<\/div>\n\t\t\t\t<\/div>\n\t\t\t\t\t<\/div>\n\t\t<\/div>\n\t\t\t\t\t<\/div>\n\t\t<\/section>\n\t\t\t\t<section class=\"elementor-section elementor-inner-section elementor-element elementor-element-8c160c6 elementor-reverse-mobile elementor-section-boxed elementor-section-height-default elementor-section-height-default force-full-width-no\" data-id=\"8c160c6\" data-element_type=\"section\">\n\t\t\t\t\t\t<div class=\"elementor-container elementor-column-gap-default\">\n\t\t\t\t\t<div class=\"elementor-column elementor-col-50 elementor-inner-column elementor-element elementor-element-55b5505\" data-id=\"55b5505\" data-element_type=\"column\">\n\t\t\t<div class=\"elementor-widget-wrap elementor-element-populated\">\n\t\t\t\t\t\t<div class=\"elementor-element elementor-element-eda8046 monitor-left elementor-widget elementor-widget-image\" data-id=\"eda8046\" data-element_type=\"widget\" data-widget_type=\"image.default\">\n\t\t\t\t<div class=\"elementor-widget-container\">\n\t\t\t\t\t\t\t\t\t\t\t\t\t<img width=\"1024\" height=\"500\" src=\"https:\/\/i.mwtsolutions.eu\/wp-content\/uploads\/2020\/07\/Mo\u017cliwo\u015b\u0107-customizacji--1024x500.png\" class=\"attachment-large size-large wp-image-68078\" alt=\"\" srcset=\"https:\/\/i.mwtsolutions.eu\/wp-content\/uploads\/2020\/07\/Mo\u017cliwo\u015b\u0107-customizacji--1024x500.png 1024w, https:\/\/i.mwtsolutions.eu\/wp-content\/uploads\/2020\/07\/Mo\u017cliwo\u015b\u0107-customizacji--300x147.png 300w, https:\/\/i.mwtsolutions.eu\/wp-content\/uploads\/2020\/07\/Mo\u017cliwo\u015b\u0107-customizacji--768x375.png 768w, https:\/\/i.mwtsolutions.eu\/wp-content\/uploads\/2020\/07\/Mo\u017cliwo\u015b\u0107-customizacji--1536x750.png 1536w, https:\/\/i.mwtsolutions.eu\/wp-content\/uploads\/2020\/07\/Mo\u017cliwo\u015b\u0107-customizacji-.png 1920w\" sizes=\"(max-width: 1024px) 100vw, 1024px\" \/>\t\t\t\t\t\t\t\t\t\t\t\t\t<\/div>\n\t\t\t\t<\/div>\n\t\t\t\t\t<\/div>\n\t\t<\/div>\n\t\t\t\t<div class=\"elementor-column elementor-col-50 elementor-inner-column elementor-element elementor-element-3195571\" data-id=\"3195571\" data-element_type=\"column\">\n\t\t\t<div class=\"elementor-widget-wrap elementor-element-populated\">\n\t\t\t\t\t\t<div class=\"elementor-element elementor-element-f3a9c01 elementor-widget elementor-widget-heading\" data-id=\"f3a9c01\" data-element_type=\"widget\" data-widget_type=\"heading.default\">\n\t\t\t\t<div class=\"elementor-widget-container\">\n\t\t\t<h3 class=\"elementor-heading-title elementor-size-default\">Mo\u017enost p\u0159izp\u016fsoben\u00ed obsahu protokolu po\u017eadavk\u016fm z\u00e1kazn\u00edka<\/h3>\t\t<\/div>\n\t\t\t\t<\/div>\n\t\t\t\t<div class=\"elementor-element elementor-element-e137e67 elementor-widget elementor-widget-text-editor\" data-id=\"e137e67\" data-element_type=\"widget\" data-widget_type=\"text-editor.default\">\n\t\t\t\t<div class=\"elementor-widget-container\">\n\t\t\t\t\t\t\t<p>Resource Protocol zaji\u0161\u0165uje tak\u00e9 volitelnou mo\u017enost \u00fapln\u00e9 personifikace v\u00fdrobku podle pot\u0159eb a\u00a0po\u017eadavk\u016f organizace. P\u0159\u00edkladem mohou b\u00fdt t\u0159eba nez\u00e1visl\u00e9 protokoly ud\u00e1lost\u00ed v z\u00e1vislosti na\u00a0zvolen\u00e9m druhu zdroje.<\/p>\t\t\t\t\t\t<\/div>\n\t\t\t\t<\/div>\n\t\t\t\t\t<\/div>\n\t\t<\/div>\n\t\t\t\t\t<\/div>\n\t\t<\/section>\n\t\t\t\t<section class=\"elementor-section elementor-inner-section elementor-element elementor-element-3755e1c elementor-section-boxed elementor-section-height-default elementor-section-height-default force-full-width-no\" data-id=\"3755e1c\" data-element_type=\"section\">\n\t\t\t\t\t\t<div class=\"elementor-container elementor-column-gap-default\">\n\t\t\t\t\t<div class=\"elementor-column elementor-col-50 elementor-inner-column elementor-element elementor-element-c786511\" data-id=\"c786511\" data-element_type=\"column\">\n\t\t\t<div class=\"elementor-widget-wrap elementor-element-populated\">\n\t\t\t\t\t\t<div class=\"elementor-element elementor-element-85f2db9 elementor-widget elementor-widget-heading\" data-id=\"85f2db9\" data-element_type=\"widget\" data-widget_type=\"heading.default\">\n\t\t\t\t<div class=\"elementor-widget-container\">\n\t\t\t<h3 class=\"elementor-heading-title elementor-size-default\">Bezprobl\u00e9mov\u00e1 tvorba dokumentace v ServiceDesk Plus d\u00edky aktualizac\u00edm, kter\u00e9 umo\u017e\u0148uj\u00ed pr\u00e1ci z\u00e1rove\u0148 jak se star\u0161\u00edmi, tak s nejnov\u011bj\u0161\u00edmi, verzemi syst\u00e9mu<\/h3>\t\t<\/div>\n\t\t\t\t<\/div>\n\t\t\t\t<div class=\"elementor-element elementor-element-460e2f5 elementor-widget elementor-widget-text-editor\" data-id=\"460e2f5\" data-element_type=\"widget\" data-widget_type=\"text-editor.default\">\n\t\t\t\t<div class=\"elementor-widget-container\">\n\t\t\t\t\t\t\t<p>Ve spojen\u00ed s na\u0161\u00ed podporou a tak\u00e9 s mo\u017enost\u00ed zas\u00edl\u00e1n\u00ed vlastn\u00edch p\u0159ipom\u00ednek nebo n\u00e1vrh\u016f nov\u00fdch funkcionalit tak tvo\u0159\u00edme v\u00fdrobek, kter\u00fd je p\u0159izp\u016fsoben sou\u010dasn\u00fdm pot\u0159eb\u00e1m a po\u017eadavk\u016fm u\u017eivatel\u016f.<\/p>\t\t\t\t\t\t<\/div>\n\t\t\t\t<\/div>\n\t\t\t\t\t<\/div>\n\t\t<\/div>\n\t\t\t\t<div class=\"elementor-column elementor-col-50 elementor-inner-column elementor-element elementor-element-f54926e\" data-id=\"f54926e\" data-element_type=\"column\">\n\t\t\t<div class=\"elementor-widget-wrap elementor-element-populated\">\n\t\t\t\t\t\t<div class=\"elementor-element elementor-element-5e2f3bd monitor-center elementor-widget elementor-widget-image\" data-id=\"5e2f3bd\" data-element_type=\"widget\" data-widget_type=\"image.default\">\n\t\t\t\t<div class=\"elementor-widget-container\">\n\t\t\t\t\t\t\t\t\t\t\t\t\t<img width=\"1024\" height=\"473\" src=\"https:\/\/i.mwtsolutions.eu\/wp-content\/uploads\/2020\/07\/Aktualizacje-1024x473.png\" class=\"attachment-large size-large wp-image-68080\" alt=\"\" srcset=\"https:\/\/i.mwtsolutions.eu\/wp-content\/uploads\/2020\/07\/Aktualizacje-1024x473.png 1024w, https:\/\/i.mwtsolutions.eu\/wp-content\/uploads\/2020\/07\/Aktualizacje-300x139.png 300w, https:\/\/i.mwtsolutions.eu\/wp-content\/uploads\/2020\/07\/Aktualizacje-768x355.png 768w, https:\/\/i.mwtsolutions.eu\/wp-content\/uploads\/2020\/07\/Aktualizacje-1536x710.png 1536w, https:\/\/i.mwtsolutions.eu\/wp-content\/uploads\/2020\/07\/Aktualizacje.png 1920w\" sizes=\"(max-width: 1024px) 100vw, 1024px\" \/>\t\t\t\t\t\t\t\t\t\t\t\t\t<\/div>\n\t\t\t\t<\/div>\n\t\t\t\t\t<\/div>\n\t\t<\/div>\n\t\t\t\t\t<\/div>\n\t\t<\/section>\n\t\t\t\t\t<\/div>\n\t\t<\/div>\n\t\t\t\t\t<\/div>\n\t\t<\/section>\n\t\t\t\t<\/div>\n\t\t","protected":false},"excerpt":{"rendered":"<p>FUNKCIONALITY Generov\u00e1n\u00ed hotov\u00fdch protokol\u016f Protokoly jsou vytv\u00e1\u0159eny na z\u00e1klad\u011b dat z modulu zdroj\u016f ServiceDesk Plus. Nez\u00e1visle na zvolen\u00e9m druhu zdroje bude protokol prezentovat spr\u00e1vn\u00e9 \u00fadaje \u2013 kter\u00e9 jsou kl\u00ed\u010dov\u00e9 pro dan\u00fd druh v\u00fdrobku. Postarejte se o automatickou tvorbu dokumentace v ServiceDesk Plus a\u00a0seznamte se tak\u00e9 s ostatn\u00edmi funkcionalitami Resource Protocol. Mo\u017enost p\u0159izp\u016fsoben\u00ed obsahu protokolu po\u017eadavk\u016fm [&hellip;]<\/p>\n","protected":false},"author":20,"featured_media":0,"parent":67097,"menu_order":10,"comment_status":"closed","ping_status":"closed","template":"page-templates\/single-product.php","meta":{"content-type":"","om_disable_all_campaigns":false,"inline_featured_image":false,"_monsterinsights_skip_tracking":false,"_monsterinsights_sitenote_active":false,"_monsterinsights_sitenote_note":"","_monsterinsights_sitenote_category":0,"_links_to":"","_links_to_target":""},"acf":[],"aioseo_notices":[],"yoast_head":"<!-- This site is optimized with the Yoast SEO plugin v20.6 - https:\/\/yoast.com\/wordpress\/plugins\/seo\/ -->\n<title>Tvorba dokumentace v syst\u00e9mu servicedesk plus s protokolem zdroj\u016f Resource Protocol - MWT Solutions<\/title>\n<meta name=\"description\" content=\"Postarejte se o automatickou tvorbu dokumentace v ServiceDesk Plus pro pot\u0159eby inventury zdroj\u016f. Neztr\u00e1cejte \u010das s protokoly!\" \/>\n<meta name=\"robots\" content=\"index, follow, max-snippet:-1, max-image-preview:large, max-video-preview:-1\" \/>\n<link rel=\"canonical\" href=\"https:\/\/i.mwtsolutions.eu\/cs\/produkty\/itsm\/tvorba-dokumentace-v-systemu-servicedesk-plus-s-protokolem-zdroju\/\" \/>\n<meta property=\"og:locale\" content=\"cs_CZ\" \/>\n<meta property=\"og:type\" content=\"article\" \/>\n<meta property=\"og:title\" content=\"Tvorba dokumentace v syst\u00e9mu servicedesk plus s protokolem zdroj\u016f Resource Protocol - MWT Solutions\" \/>\n<meta property=\"og:description\" content=\"Postarejte se o automatickou tvorbu dokumentace v ServiceDesk Plus pro pot\u0159eby inventury zdroj\u016f. Neztr\u00e1cejte \u010das s protokoly!\" \/>\n<meta property=\"og:url\" content=\"https:\/\/i.mwtsolutions.eu\/cs\/produkty\/itsm\/tvorba-dokumentace-v-systemu-servicedesk-plus-s-protokolem-zdroju\/\" \/>\n<meta property=\"og:site_name\" content=\"MWT Solutions\" \/>\n<meta property=\"article:modified_time\" content=\"2023-05-08T13:07:43+00:00\" \/>\n<meta property=\"og:image\" content=\"https:\/\/i.mwtsolutions.eu\/wp-content\/uploads\/2021\/08\/protokol.png\" \/>\n<meta name=\"twitter:card\" content=\"summary_large_image\" \/>\n<meta name=\"twitter:label1\" content=\"Odhadovan\u00e1 doba \u010dten\u00ed\" \/>\n\t<meta name=\"twitter:data1\" content=\"2 minuty\" \/>\n<script type=\"application\/ld+json\" class=\"yoast-schema-graph\">{\"@context\":\"https:\/\/schema.org\",\"@graph\":[{\"@type\":\"WebPage\",\"@id\":\"https:\/\/i.mwtsolutions.eu\/cs\/produkty\/itsm\/tvorba-dokumentace-v-systemu-servicedesk-plus-s-protokolem-zdroju\/\",\"url\":\"https:\/\/i.mwtsolutions.eu\/cs\/produkty\/itsm\/tvorba-dokumentace-v-systemu-servicedesk-plus-s-protokolem-zdroju\/\",\"name\":\"Tvorba dokumentace v syst\u00e9mu servicedesk plus s protokolem zdroj\u016f Resource Protocol - MWT Solutions\",\"isPartOf\":{\"@id\":\"https:\/\/i.mwtsolutions.eu\/#website\"},\"datePublished\":\"2020-04-30T13:10:12+00:00\",\"dateModified\":\"2023-05-08T13:07:43+00:00\",\"description\":\"Postarejte se o automatickou tvorbu dokumentace v ServiceDesk Plus pro pot\u0159eby inventury zdroj\u016f. Neztr\u00e1cejte \u010das s protokoly!\",\"breadcrumb\":{\"@id\":\"https:\/\/i.mwtsolutions.eu\/cs\/produkty\/itsm\/tvorba-dokumentace-v-systemu-servicedesk-plus-s-protokolem-zdroju\/#breadcrumb\"},\"inLanguage\":\"cs\",\"potentialAction\":[{\"@type\":\"ReadAction\",\"target\":[\"https:\/\/i.mwtsolutions.eu\/cs\/produkty\/itsm\/tvorba-dokumentace-v-systemu-servicedesk-plus-s-protokolem-zdroju\/\"]}]},{\"@type\":\"BreadcrumbList\",\"@id\":\"https:\/\/i.mwtsolutions.eu\/cs\/produkty\/itsm\/tvorba-dokumentace-v-systemu-servicedesk-plus-s-protokolem-zdroju\/#breadcrumb\",\"itemListElement\":[{\"@type\":\"ListItem\",\"position\":1,\"name\":\"Home\",\"item\":\"https:\/\/i.mwtsolutions.eu\/cs\/\"},{\"@type\":\"ListItem\",\"position\":2,\"name\":\"Produkty\",\"item\":\"https:\/\/i.mwtsolutions.eu\/cs\/produkty\/\"},{\"@type\":\"ListItem\",\"position\":3,\"name\":\"ITSM\",\"item\":\"https:\/\/i.mwtsolutions.eu\/cs\/produkty\/itsm\/\"},{\"@type\":\"ListItem\",\"position\":4,\"name\":\"Resource Protocol\"}]},{\"@type\":\"WebSite\",\"@id\":\"https:\/\/i.mwtsolutions.eu\/#website\",\"url\":\"https:\/\/i.mwtsolutions.eu\/\",\"name\":\"MWT Solutions\",\"description\":\"Kolejna witryna oparta na WordPressie\",\"publisher\":{\"@id\":\"https:\/\/i.mwtsolutions.eu\/#organization\"},\"potentialAction\":[{\"@type\":\"SearchAction\",\"target\":{\"@type\":\"EntryPoint\",\"urlTemplate\":\"https:\/\/i.mwtsolutions.eu\/?s={search_term_string}\"},\"query-input\":\"required name=search_term_string\"}],\"inLanguage\":\"cs\"},{\"@type\":\"Organization\",\"@id\":\"https:\/\/i.mwtsolutions.eu\/#organization\",\"name\":\"MWT Solutions\",\"url\":\"https:\/\/i.mwtsolutions.eu\/\",\"logo\":{\"@type\":\"ImageObject\",\"inLanguage\":\"cs\",\"@id\":\"https:\/\/i.mwtsolutions.eu\/#\/schema\/logo\/image\/\",\"url\":\"https:\/\/i.mwtsolutions.eu\/wp-content\/uploads\/2025\/05\/logo_MWT_rgb-color-1.png\",\"contentUrl\":\"https:\/\/i.mwtsolutions.eu\/wp-content\/uploads\/2025\/05\/logo_MWT_rgb-color-1.png\",\"width\":2825,\"height\":850,\"caption\":\"MWT Solutions\"},\"image\":{\"@id\":\"https:\/\/i.mwtsolutions.eu\/#\/schema\/logo\/image\/\"},\"sameAs\":[\"https:\/\/pl.linkedin.com\/company\/mwt-solutions\"]}]}<\/script>\n<!-- \/ Yoast SEO plugin. -->","yoast_head_json":{"title":"Tvorba dokumentace v syst\u00e9mu servicedesk plus s protokolem zdroj\u016f Resource Protocol - MWT Solutions","description":"Postarejte se o automatickou tvorbu dokumentace v ServiceDesk Plus pro pot\u0159eby inventury zdroj\u016f. Neztr\u00e1cejte \u010das s protokoly!","robots":{"index":"index","follow":"follow","max-snippet":"max-snippet:-1","max-image-preview":"max-image-preview:large","max-video-preview":"max-video-preview:-1"},"canonical":"https:\/\/i.mwtsolutions.eu\/cs\/produkty\/itsm\/tvorba-dokumentace-v-systemu-servicedesk-plus-s-protokolem-zdroju\/","og_locale":"cs_CZ","og_type":"article","og_title":"Tvorba dokumentace v syst\u00e9mu servicedesk plus s protokolem zdroj\u016f Resource Protocol - MWT Solutions","og_description":"Postarejte se o automatickou tvorbu dokumentace v ServiceDesk Plus pro pot\u0159eby inventury zdroj\u016f. Neztr\u00e1cejte \u010das s protokoly!","og_url":"https:\/\/i.mwtsolutions.eu\/cs\/produkty\/itsm\/tvorba-dokumentace-v-systemu-servicedesk-plus-s-protokolem-zdroju\/","og_site_name":"MWT Solutions","article_modified_time":"2023-05-08T13:07:43+00:00","og_image":[{"url":"https:\/\/i.mwtsolutions.eu\/wp-content\/uploads\/2021\/08\/protokol.png"}],"twitter_card":"summary_large_image","twitter_misc":{"Odhadovan\u00e1 doba \u010dten\u00ed":"2 minuty"},"schema":{"@context":"https:\/\/schema.org","@graph":[{"@type":"WebPage","@id":"https:\/\/i.mwtsolutions.eu\/cs\/produkty\/itsm\/tvorba-dokumentace-v-systemu-servicedesk-plus-s-protokolem-zdroju\/","url":"https:\/\/i.mwtsolutions.eu\/cs\/produkty\/itsm\/tvorba-dokumentace-v-systemu-servicedesk-plus-s-protokolem-zdroju\/","name":"Tvorba dokumentace v syst\u00e9mu servicedesk plus s protokolem zdroj\u016f Resource Protocol - MWT Solutions","isPartOf":{"@id":"https:\/\/i.mwtsolutions.eu\/#website"},"datePublished":"2020-04-30T13:10:12+00:00","dateModified":"2023-05-08T13:07:43+00:00","description":"Postarejte se o automatickou tvorbu dokumentace v ServiceDesk Plus pro pot\u0159eby inventury zdroj\u016f. Neztr\u00e1cejte \u010das s protokoly!","breadcrumb":{"@id":"https:\/\/i.mwtsolutions.eu\/cs\/produkty\/itsm\/tvorba-dokumentace-v-systemu-servicedesk-plus-s-protokolem-zdroju\/#breadcrumb"},"inLanguage":"cs","potentialAction":[{"@type":"ReadAction","target":["https:\/\/i.mwtsolutions.eu\/cs\/produkty\/itsm\/tvorba-dokumentace-v-systemu-servicedesk-plus-s-protokolem-zdroju\/"]}]},{"@type":"BreadcrumbList","@id":"https:\/\/i.mwtsolutions.eu\/cs\/produkty\/itsm\/tvorba-dokumentace-v-systemu-servicedesk-plus-s-protokolem-zdroju\/#breadcrumb","itemListElement":[{"@type":"ListItem","position":1,"name":"Home","item":"https:\/\/i.mwtsolutions.eu\/cs\/"},{"@type":"ListItem","position":2,"name":"Produkty","item":"https:\/\/i.mwtsolutions.eu\/cs\/produkty\/"},{"@type":"ListItem","position":3,"name":"ITSM","item":"https:\/\/i.mwtsolutions.eu\/cs\/produkty\/itsm\/"},{"@type":"ListItem","position":4,"name":"Resource Protocol"}]},{"@type":"WebSite","@id":"https:\/\/i.mwtsolutions.eu\/#website","url":"https:\/\/i.mwtsolutions.eu\/","name":"MWT Solutions","description":"Kolejna witryna oparta na WordPressie","publisher":{"@id":"https:\/\/i.mwtsolutions.eu\/#organization"},"potentialAction":[{"@type":"SearchAction","target":{"@type":"EntryPoint","urlTemplate":"https:\/\/i.mwtsolutions.eu\/?s={search_term_string}"},"query-input":"required name=search_term_string"}],"inLanguage":"cs"},{"@type":"Organization","@id":"https:\/\/i.mwtsolutions.eu\/#organization","name":"MWT Solutions","url":"https:\/\/i.mwtsolutions.eu\/","logo":{"@type":"ImageObject","inLanguage":"cs","@id":"https:\/\/i.mwtsolutions.eu\/#\/schema\/logo\/image\/","url":"https:\/\/i.mwtsolutions.eu\/wp-content\/uploads\/2025\/05\/logo_MWT_rgb-color-1.png","contentUrl":"https:\/\/i.mwtsolutions.eu\/wp-content\/uploads\/2025\/05\/logo_MWT_rgb-color-1.png","width":2825,"height":850,"caption":"MWT Solutions"},"image":{"@id":"https:\/\/i.mwtsolutions.eu\/#\/schema\/logo\/image\/"},"sameAs":["https:\/\/pl.linkedin.com\/company\/mwt-solutions"]}]}},"_links":{"self":[{"href":"https:\/\/i.mwtsolutions.eu\/cs\/wp-json\/wp\/v2\/pages\/93960"}],"collection":[{"href":"https:\/\/i.mwtsolutions.eu\/cs\/wp-json\/wp\/v2\/pages"}],"about":[{"href":"https:\/\/i.mwtsolutions.eu\/cs\/wp-json\/wp\/v2\/types\/page"}],"author":[{"embeddable":true,"href":"https:\/\/i.mwtsolutions.eu\/cs\/wp-json\/wp\/v2\/users\/20"}],"replies":[{"embeddable":true,"href":"https:\/\/i.mwtsolutions.eu\/cs\/wp-json\/wp\/v2\/comments?post=93960"}],"version-history":[{"count":6,"href":"https:\/\/i.mwtsolutions.eu\/cs\/wp-json\/wp\/v2\/pages\/93960\/revisions"}],"predecessor-version":[{"id":93968,"href":"https:\/\/i.mwtsolutions.eu\/cs\/wp-json\/wp\/v2\/pages\/93960\/revisions\/93968"}],"up":[{"embeddable":true,"href":"https:\/\/i.mwtsolutions.eu\/cs\/wp-json\/wp\/v2\/pages\/67097"}],"wp:attachment":[{"href":"https:\/\/i.mwtsolutions.eu\/cs\/wp-json\/wp\/v2\/media?parent=93960"}],"curies":[{"name":"wp","href":"https:\/\/api.w.org\/{rel}","templated":true}]}}