{"id":98978,"date":"2024-01-19T09:52:20","date_gmt":"2024-01-19T08:52:20","guid":{"rendered":"https:\/\/mwtsolutions.eu\/?page_id=98978"},"modified":"2024-01-19T10:51:27","modified_gmt":"2024-01-19T09:51:27","slug":"identity360","status":"publish","type":"page","link":"https:\/\/i.mwtsolutions.eu\/cs\/produkty\/active-directory\/identity360\/","title":{"rendered":"Identity360"},"content":{"rendered":"\t\t<div data-elementor-type=\"wp-page\" data-elementor-id=\"98978\" class=\"elementor elementor-98978\" data-elementor-post-type=\"page\">\n\t\t\t\t\t\t<section class=\"elementor-section elementor-top-section elementor-element elementor-element-93feb45 elementor-section-boxed elementor-section-height-default elementor-section-height-default force-full-width-no\" data-id=\"93feb45\" data-element_type=\"section\">\n\t\t\t\t\t\t<div class=\"elementor-container elementor-column-gap-default\">\n\t\t\t\t\t<div class=\"elementor-column elementor-col-100 elementor-top-column elementor-element elementor-element-3a337ca\" data-id=\"3a337ca\" data-element_type=\"column\">\n\t\t\t<div class=\"elementor-widget-wrap elementor-element-populated\">\n\t\t\t\t\t\t<div class=\"elementor-element elementor-element-fa17686 elementor-widget elementor-widget-heading\" data-id=\"fa17686\" data-element_type=\"widget\" data-widget_type=\"heading.default\">\n\t\t\t\t<div class=\"elementor-widget-container\">\n\t\t\t<h2 class=\"elementor-heading-title elementor-size-default\">FUNKCE<\/h2>\t\t<\/div>\n\t\t\t\t<\/div>\n\t\t\t\t<section class=\"elementor-section elementor-inner-section elementor-element elementor-element-6e511da elementor-section-boxed elementor-section-height-default elementor-section-height-default force-full-width-no\" data-id=\"6e511da\" data-element_type=\"section\">\n\t\t\t\t\t\t<div class=\"elementor-container elementor-column-gap-default\">\n\t\t\t\t\t<div class=\"elementor-column elementor-col-50 elementor-inner-column elementor-element elementor-element-a05e149\" data-id=\"a05e149\" data-element_type=\"column\">\n\t\t\t<div class=\"elementor-widget-wrap elementor-element-populated\">\n\t\t\t\t\t\t<div class=\"elementor-element elementor-element-f825934 elementor-widget elementor-widget-heading\" data-id=\"f825934\" data-element_type=\"widget\" data-widget_type=\"heading.default\">\n\t\t\t\t<div class=\"elementor-widget-container\">\n\t\t\t<h3 class=\"elementor-heading-title elementor-size-default\">P\u0159\u00edv\u011btiv\u00e9 rozhran\u00ed <\/h3>\t\t<\/div>\n\t\t\t\t<\/div>\n\t\t\t\t<div class=\"elementor-element elementor-element-2bda0e5 elementor-widget elementor-widget-text-editor\" data-id=\"2bda0e5\" data-element_type=\"widget\" data-widget_type=\"text-editor.default\">\n\t\t\t\t<div class=\"elementor-widget-container\">\n\t\t\t\t\t\t\t<p><span class=\"TextRun SCXW59954977 BCX0\" lang=\"CS-CZ\" xml:lang=\"CS-CZ\" data-contrast=\"auto\"><span class=\"NormalTextRun SCXW59954977 BCX0\">Dashboard je navr\u017een pro maxim\u00e1ln\u00ed intuitivnost a snadnost pou\u017eit\u00ed, co\u017e ho \u010din\u00ed p\u0159\u00edv\u011btiv\u00fdm pro v\u0161echny u\u017eivatele, bez ohledu na jejich \u00farove\u0148 IT znalost\u00ed. Jeho intuitivn\u00ed rozhran\u00ed umo\u017e\u0148uje efektivn\u00ed navigaci a rychl\u00fd p\u0159\u00edstup k pot\u0159ebn\u00fdm funkc\u00edm a informac\u00edm. Zahrnuje interaktivn\u00ed prvky, jako jsou grafy a grafika, kter\u00e9 lze snadno analyzovat a interpretovat.<\/span><\/span><span class=\"EOP SCXW59954977 BCX0\" data-ccp-props=\"{&quot;201341983&quot;:0,&quot;335559739&quot;:160,&quot;335559740&quot;:259}\">\u00a0<\/span><\/p>\t\t\t\t\t\t<\/div>\n\t\t\t\t<\/div>\n\t\t\t\t\t<\/div>\n\t\t<\/div>\n\t\t\t\t<div class=\"elementor-column elementor-col-50 elementor-inner-column elementor-element elementor-element-7906fb5\" data-id=\"7906fb5\" data-element_type=\"column\">\n\t\t\t<div class=\"elementor-widget-wrap elementor-element-populated\">\n\t\t\t\t\t\t<div class=\"elementor-element elementor-element-917b434 monitor-right elementor-widget elementor-widget-image\" data-id=\"917b434\" data-element_type=\"widget\" data-widget_type=\"image.default\">\n\t\t\t\t<div class=\"elementor-widget-container\">\n\t\t\t\t\t\t\t\t\t\t\t\t\t<img fetchpriority=\"high\" width=\"1917\" height=\"994\" src=\"https:\/\/i.mwtsolutions.eu\/wp-content\/uploads\/2023\/12\/i360-1.png\" class=\"attachment-full size-full wp-image-98047\" alt=\"Screenshot Identity360\" srcset=\"https:\/\/i.mwtsolutions.eu\/wp-content\/uploads\/2023\/12\/i360-1.png 1917w, https:\/\/i.mwtsolutions.eu\/wp-content\/uploads\/2023\/12\/i360-1-300x156.png 300w, https:\/\/i.mwtsolutions.eu\/wp-content\/uploads\/2023\/12\/i360-1-1024x531.png 1024w, https:\/\/i.mwtsolutions.eu\/wp-content\/uploads\/2023\/12\/i360-1-768x398.png 768w, https:\/\/i.mwtsolutions.eu\/wp-content\/uploads\/2023\/12\/i360-1-1536x796.png 1536w\" sizes=\"(max-width: 1917px) 100vw, 1917px\" \/>\t\t\t\t\t\t\t\t\t\t\t\t\t<\/div>\n\t\t\t\t<\/div>\n\t\t\t\t\t<\/div>\n\t\t<\/div>\n\t\t\t\t\t<\/div>\n\t\t<\/section>\n\t\t\t\t<section class=\"elementor-section elementor-inner-section elementor-element elementor-element-89ab234 elementor-reverse-mobile elementor-section-boxed elementor-section-height-default elementor-section-height-default force-full-width-no\" data-id=\"89ab234\" data-element_type=\"section\">\n\t\t\t\t\t\t<div class=\"elementor-container elementor-column-gap-default\">\n\t\t\t\t\t<div class=\"elementor-column elementor-col-50 elementor-inner-column elementor-element elementor-element-f9653fd\" data-id=\"f9653fd\" data-element_type=\"column\">\n\t\t\t<div class=\"elementor-widget-wrap elementor-element-populated\">\n\t\t\t\t\t\t<div class=\"elementor-element elementor-element-7ee59f6 monitor-left elementor-widget elementor-widget-image\" data-id=\"7ee59f6\" data-element_type=\"widget\" data-widget_type=\"image.default\">\n\t\t\t\t<div class=\"elementor-widget-container\">\n\t\t\t\t\t\t\t\t\t\t\t\t\t<img width=\"1895\" height=\"883\" src=\"https:\/\/i.mwtsolutions.eu\/wp-content\/uploads\/2023\/12\/i360-3.png\" class=\"attachment-full size-full wp-image-98055\" alt=\"Screen systemu - Identity360\" srcset=\"https:\/\/i.mwtsolutions.eu\/wp-content\/uploads\/2023\/12\/i360-3.png 1895w, https:\/\/i.mwtsolutions.eu\/wp-content\/uploads\/2023\/12\/i360-3-300x140.png 300w, https:\/\/i.mwtsolutions.eu\/wp-content\/uploads\/2023\/12\/i360-3-1024x477.png 1024w, https:\/\/i.mwtsolutions.eu\/wp-content\/uploads\/2023\/12\/i360-3-768x358.png 768w, https:\/\/i.mwtsolutions.eu\/wp-content\/uploads\/2023\/12\/i360-3-1536x716.png 1536w\" sizes=\"(max-width: 1895px) 100vw, 1895px\" \/>\t\t\t\t\t\t\t\t\t\t\t\t\t<\/div>\n\t\t\t\t<\/div>\n\t\t\t\t\t<\/div>\n\t\t<\/div>\n\t\t\t\t<div class=\"elementor-column elementor-col-50 elementor-inner-column elementor-element elementor-element-36202b6\" data-id=\"36202b6\" data-element_type=\"column\">\n\t\t\t<div class=\"elementor-widget-wrap elementor-element-populated\">\n\t\t\t\t\t\t<div class=\"elementor-element elementor-element-9ccdf63 elementor-widget elementor-widget-heading\" data-id=\"9ccdf63\" data-element_type=\"widget\" data-widget_type=\"heading.default\">\n\t\t\t\t<div class=\"elementor-widget-container\">\n\t\t\t<h3 class=\"elementor-heading-title elementor-size-default\">Anal\u00fdza bezpe\u010dnosti <\/h3>\t\t<\/div>\n\t\t\t\t<\/div>\n\t\t\t\t<div class=\"elementor-element elementor-element-8c35ab4 elementor-widget elementor-widget-text-editor\" data-id=\"8c35ab4\" data-element_type=\"widget\" data-widget_type=\"text-editor.default\">\n\t\t\t\t<div class=\"elementor-widget-container\">\n\t\t\t\t\t\t\t<p><span class=\"TextRun SCXW16435346 BCX0\" lang=\"CS-CZ\" xml:lang=\"CS-CZ\" data-contrast=\"auto\"><span class=\"NormalTextRun SCXW16435346 BCX0\">Tato funkce umo\u017e\u0148uje IT administr\u00e1tor\u016fm detailn\u011b analyzovat bezpe\u010dnost a spr\u00e1vu identit, v\u010detn\u011b monitorov\u00e1n\u00ed hrozeb a zranitelnost\u00ed prost\u0159ednictv\u00edm zpr\u00e1v o nespr\u00e1vn\u00fdch p\u0159ihl\u00e1\u0161en\u00edch, zm\u011bn\u00e1ch opr\u00e1vn\u011bn\u00ed a podez\u0159el\u00e9 aktivit\u011b. U\u017eivatel\u00e9 si mohou tak\u00e9 vytvo\u0159it vlastn\u00ed zpr\u00e1vy p\u0159izp\u016fsoben\u00e9 pot\u0159eb\u00e1m organizace, zam\u011b\u0159en\u00e9 na vybran\u00e1 data a trendy.<\/span><\/span><span class=\"EOP SCXW16435346 BCX0\" data-ccp-props=\"{&quot;201341983&quot;:0,&quot;335559739&quot;:160,&quot;335559740&quot;:259}\">\u00a0<\/span><\/p>\t\t\t\t\t\t<\/div>\n\t\t\t\t<\/div>\n\t\t\t\t\t<\/div>\n\t\t<\/div>\n\t\t\t\t\t<\/div>\n\t\t<\/section>\n\t\t\t\t<section class=\"elementor-section elementor-inner-section elementor-element elementor-element-12cae7e elementor-section-boxed elementor-section-height-default elementor-section-height-default force-full-width-no\" data-id=\"12cae7e\" data-element_type=\"section\">\n\t\t\t\t\t\t<div class=\"elementor-container elementor-column-gap-default\">\n\t\t\t\t\t<div class=\"elementor-column elementor-col-50 elementor-inner-column elementor-element elementor-element-dee94c2\" data-id=\"dee94c2\" data-element_type=\"column\">\n\t\t\t<div class=\"elementor-widget-wrap elementor-element-populated\">\n\t\t\t\t\t\t<div class=\"elementor-element elementor-element-80d9a9b elementor-widget__width-initial elementor-widget elementor-widget-heading\" data-id=\"80d9a9b\" data-element_type=\"widget\" data-widget_type=\"heading.default\">\n\t\t\t\t<div class=\"elementor-widget-container\">\n\t\t\t<h3 class=\"elementor-heading-title elementor-size-default\">Snadn\u00e1 integrace <\/h3>\t\t<\/div>\n\t\t\t\t<\/div>\n\t\t\t\t<div class=\"elementor-element elementor-element-97abd41 elementor-widget elementor-widget-text-editor\" data-id=\"97abd41\" data-element_type=\"widget\" data-widget_type=\"text-editor.default\">\n\t\t\t\t<div class=\"elementor-widget-container\">\n\t\t\t\t\t\t\t<p><span class=\"TextRun SCXW246364126 BCX0\" lang=\"CS-CZ\" xml:lang=\"CS-CZ\" data-contrast=\"auto\"><span class=\"NormalTextRun SCXW246364126 BCX0\">N\u00e1stroj je kompatibiln\u00ed s mnoha obl\u00edben\u00fdmi cloudov\u00fdmi aplikacemi a slu\u017ebami, co\u017e usnad\u0148uje integraci se st\u00e1vaj\u00edc\u00edmi IT syst\u00e9my. Integrace s r\u016fzn\u00fdmi cloudov\u00fdmi aplikacemi a platformami v\u00e1m umo\u017e\u0148uje centr\u00e1ln\u011b spravovat p\u0159\u00edstup u\u017eivatel\u016f a identity, co\u017e je kl\u00ed\u010dov\u00e9 v dne\u0161n\u00edm decentralizovan\u00e9m pracovn\u00edm prost\u0159ed\u00ed. Nav\u00edc umo\u017e\u0148uje implementaci konzistentn\u00edch politik bezpe\u010dnosti a autentizace nap\u0159\u00ed\u010d organizac\u00ed, bez ohledu na pou\u017e\u00edvan\u00e9 aplikace a slu\u017eby.<\/span><\/span><span class=\"EOP SCXW246364126 BCX0\" data-ccp-props=\"{&quot;201341983&quot;:0,&quot;335559739&quot;:160,&quot;335559740&quot;:259}\">\u00a0<\/span><\/p>\t\t\t\t\t\t<\/div>\n\t\t\t\t<\/div>\n\t\t\t\t\t<\/div>\n\t\t<\/div>\n\t\t\t\t<div class=\"elementor-column elementor-col-50 elementor-inner-column elementor-element elementor-element-33d41c4\" data-id=\"33d41c4\" data-element_type=\"column\">\n\t\t\t<div class=\"elementor-widget-wrap elementor-element-populated\">\n\t\t\t\t\t\t<div class=\"elementor-element elementor-element-0046908 monitor-center elementor-widget elementor-widget-image\" data-id=\"0046908\" data-element_type=\"widget\" data-widget_type=\"image.default\">\n\t\t\t\t<div class=\"elementor-widget-container\">\n\t\t\t\t\t\t\t\t\t\t\t\t\t<img width=\"1893\" height=\"964\" src=\"https:\/\/i.mwtsolutions.eu\/wp-content\/uploads\/2023\/12\/i360-2.png\" class=\"attachment-full size-full wp-image-98051\" alt=\"Screenshot Identity360\" srcset=\"https:\/\/i.mwtsolutions.eu\/wp-content\/uploads\/2023\/12\/i360-2.png 1893w, https:\/\/i.mwtsolutions.eu\/wp-content\/uploads\/2023\/12\/i360-2-300x153.png 300w, https:\/\/i.mwtsolutions.eu\/wp-content\/uploads\/2023\/12\/i360-2-1024x521.png 1024w, https:\/\/i.mwtsolutions.eu\/wp-content\/uploads\/2023\/12\/i360-2-768x391.png 768w, https:\/\/i.mwtsolutions.eu\/wp-content\/uploads\/2023\/12\/i360-2-1536x782.png 1536w\" sizes=\"(max-width: 1893px) 100vw, 1893px\" \/>\t\t\t\t\t\t\t\t\t\t\t\t\t<\/div>\n\t\t\t\t<\/div>\n\t\t\t\t\t<\/div>\n\t\t<\/div>\n\t\t\t\t\t<\/div>\n\t\t<\/section>\n\t\t\t\t\t<\/div>\n\t\t<\/div>\n\t\t\t\t\t<\/div>\n\t\t<\/section>\n\t\t\t\t<\/div>\n\t\t","protected":false},"excerpt":{"rendered":"<p>FUNKCE P\u0159\u00edv\u011btiv\u00e9 rozhran\u00ed Dashboard je navr\u017een pro maxim\u00e1ln\u00ed intuitivnost a snadnost pou\u017eit\u00ed, co\u017e ho \u010din\u00ed p\u0159\u00edv\u011btiv\u00fdm pro v\u0161echny u\u017eivatele, bez ohledu na jejich \u00farove\u0148 IT znalost\u00ed. Jeho intuitivn\u00ed rozhran\u00ed umo\u017e\u0148uje efektivn\u00ed navigaci a rychl\u00fd p\u0159\u00edstup k pot\u0159ebn\u00fdm funkc\u00edm a informac\u00edm. Zahrnuje interaktivn\u00ed prvky, jako jsou grafy a grafika, kter\u00e9 lze snadno analyzovat a interpretovat. Anal\u00fdza [&hellip;]<\/p>\n","protected":false},"author":57,"featured_media":0,"parent":67103,"menu_order":0,"comment_status":"closed","ping_status":"closed","template":"page-templates\/single-product.php","meta":{"content-type":"","om_disable_all_campaigns":false,"inline_featured_image":false,"_monsterinsights_skip_tracking":false,"_monsterinsights_sitenote_active":false,"_monsterinsights_sitenote_note":"","_monsterinsights_sitenote_category":0,"_links_to":"","_links_to_target":""},"acf":[],"aioseo_notices":[],"yoast_head":"<!-- This site is optimized with the Yoast SEO plugin v20.6 - https:\/\/yoast.com\/wordpress\/plugins\/seo\/ -->\n<title>Identity360 | MWT Solutions<\/title>\n<meta name=\"description\" content=\"Identity360 umo\u017e\u0148uje zam\u011bstnanc\u016fm snadno a bezpe\u010dn\u011b p\u0159istupovat ke v\u0161em firemn\u00edm aplikac\u00edm pouh\u00fdm jedn\u00edm kliknut\u00edm a jedin\u00fdm p\u0159ihl\u00e1\u0161en\u00edm.\" \/>\n<meta name=\"robots\" content=\"index, follow, max-snippet:-1, max-image-preview:large, max-video-preview:-1\" \/>\n<link rel=\"canonical\" href=\"https:\/\/i.mwtsolutions.eu\/cs\/produkty\/active-directory\/identity360\/\" \/>\n<meta property=\"og:locale\" content=\"cs_CZ\" \/>\n<meta property=\"og:type\" content=\"article\" \/>\n<meta property=\"og:title\" content=\"Identity360 | MWT Solutions\" \/>\n<meta property=\"og:description\" content=\"Identity360 umo\u017e\u0148uje zam\u011bstnanc\u016fm snadno a bezpe\u010dn\u011b p\u0159istupovat ke v\u0161em firemn\u00edm aplikac\u00edm pouh\u00fdm jedn\u00edm kliknut\u00edm a jedin\u00fdm p\u0159ihl\u00e1\u0161en\u00edm.\" \/>\n<meta property=\"og:url\" content=\"https:\/\/i.mwtsolutions.eu\/cs\/produkty\/active-directory\/identity360\/\" \/>\n<meta property=\"og:site_name\" content=\"MWT Solutions\" \/>\n<meta property=\"article:modified_time\" content=\"2024-01-19T09:51:27+00:00\" \/>\n<meta property=\"og:image\" content=\"https:\/\/i.mwtsolutions.eu\/wp-content\/uploads\/2023\/12\/i360-1.png\" \/>\n<meta name=\"twitter:card\" content=\"summary_large_image\" \/>\n<meta name=\"twitter:label1\" content=\"Odhadovan\u00e1 doba \u010dten\u00ed\" \/>\n\t<meta name=\"twitter:data1\" content=\"2 minuty\" \/>\n<script type=\"application\/ld+json\" class=\"yoast-schema-graph\">{\"@context\":\"https:\/\/schema.org\",\"@graph\":[{\"@type\":\"WebPage\",\"@id\":\"https:\/\/i.mwtsolutions.eu\/cs\/produkty\/active-directory\/identity360\/\",\"url\":\"https:\/\/i.mwtsolutions.eu\/cs\/produkty\/active-directory\/identity360\/\",\"name\":\"Identity360 | MWT Solutions\",\"isPartOf\":{\"@id\":\"https:\/\/i.mwtsolutions.eu\/#website\"},\"datePublished\":\"2024-01-19T08:52:20+00:00\",\"dateModified\":\"2024-01-19T09:51:27+00:00\",\"description\":\"Identity360 umo\u017e\u0148uje zam\u011bstnanc\u016fm snadno a bezpe\u010dn\u011b p\u0159istupovat ke v\u0161em firemn\u00edm aplikac\u00edm pouh\u00fdm jedn\u00edm kliknut\u00edm a jedin\u00fdm p\u0159ihl\u00e1\u0161en\u00edm.\",\"breadcrumb\":{\"@id\":\"https:\/\/i.mwtsolutions.eu\/cs\/produkty\/active-directory\/identity360\/#breadcrumb\"},\"inLanguage\":\"cs\",\"potentialAction\":[{\"@type\":\"ReadAction\",\"target\":[\"https:\/\/i.mwtsolutions.eu\/cs\/produkty\/active-directory\/identity360\/\"]}]},{\"@type\":\"BreadcrumbList\",\"@id\":\"https:\/\/i.mwtsolutions.eu\/cs\/produkty\/active-directory\/identity360\/#breadcrumb\",\"itemListElement\":[{\"@type\":\"ListItem\",\"position\":1,\"name\":\"Home\",\"item\":\"https:\/\/i.mwtsolutions.eu\/cs\/\"},{\"@type\":\"ListItem\",\"position\":2,\"name\":\"Produkty\",\"item\":\"https:\/\/i.mwtsolutions.eu\/cs\/produkty\/\"},{\"@type\":\"ListItem\",\"position\":3,\"name\":\"Active Directory\",\"item\":\"https:\/\/i.mwtsolutions.eu\/cs\/produkty\/active-directory\/\"},{\"@type\":\"ListItem\",\"position\":4,\"name\":\"Identity360\"}]},{\"@type\":\"WebSite\",\"@id\":\"https:\/\/i.mwtsolutions.eu\/#website\",\"url\":\"https:\/\/i.mwtsolutions.eu\/\",\"name\":\"MWT Solutions\",\"description\":\"Kolejna witryna oparta na WordPressie\",\"publisher\":{\"@id\":\"https:\/\/i.mwtsolutions.eu\/#organization\"},\"potentialAction\":[{\"@type\":\"SearchAction\",\"target\":{\"@type\":\"EntryPoint\",\"urlTemplate\":\"https:\/\/i.mwtsolutions.eu\/?s={search_term_string}\"},\"query-input\":\"required name=search_term_string\"}],\"inLanguage\":\"cs\"},{\"@type\":\"Organization\",\"@id\":\"https:\/\/i.mwtsolutions.eu\/#organization\",\"name\":\"MWT Solutions\",\"url\":\"https:\/\/i.mwtsolutions.eu\/\",\"logo\":{\"@type\":\"ImageObject\",\"inLanguage\":\"cs\",\"@id\":\"https:\/\/i.mwtsolutions.eu\/#\/schema\/logo\/image\/\",\"url\":\"https:\/\/i.mwtsolutions.eu\/wp-content\/uploads\/2025\/05\/logo_MWT_rgb-color-1.png\",\"contentUrl\":\"https:\/\/i.mwtsolutions.eu\/wp-content\/uploads\/2025\/05\/logo_MWT_rgb-color-1.png\",\"width\":2825,\"height\":850,\"caption\":\"MWT Solutions\"},\"image\":{\"@id\":\"https:\/\/i.mwtsolutions.eu\/#\/schema\/logo\/image\/\"},\"sameAs\":[\"https:\/\/pl.linkedin.com\/company\/mwt-solutions\"]}]}<\/script>\n<!-- \/ Yoast SEO plugin. -->","yoast_head_json":{"title":"Identity360 | MWT Solutions","description":"Identity360 umo\u017e\u0148uje zam\u011bstnanc\u016fm snadno a bezpe\u010dn\u011b p\u0159istupovat ke v\u0161em firemn\u00edm aplikac\u00edm pouh\u00fdm jedn\u00edm kliknut\u00edm a jedin\u00fdm p\u0159ihl\u00e1\u0161en\u00edm.","robots":{"index":"index","follow":"follow","max-snippet":"max-snippet:-1","max-image-preview":"max-image-preview:large","max-video-preview":"max-video-preview:-1"},"canonical":"https:\/\/i.mwtsolutions.eu\/cs\/produkty\/active-directory\/identity360\/","og_locale":"cs_CZ","og_type":"article","og_title":"Identity360 | MWT Solutions","og_description":"Identity360 umo\u017e\u0148uje zam\u011bstnanc\u016fm snadno a bezpe\u010dn\u011b p\u0159istupovat ke v\u0161em firemn\u00edm aplikac\u00edm pouh\u00fdm jedn\u00edm kliknut\u00edm a jedin\u00fdm p\u0159ihl\u00e1\u0161en\u00edm.","og_url":"https:\/\/i.mwtsolutions.eu\/cs\/produkty\/active-directory\/identity360\/","og_site_name":"MWT Solutions","article_modified_time":"2024-01-19T09:51:27+00:00","og_image":[{"url":"https:\/\/i.mwtsolutions.eu\/wp-content\/uploads\/2023\/12\/i360-1.png"}],"twitter_card":"summary_large_image","twitter_misc":{"Odhadovan\u00e1 doba \u010dten\u00ed":"2 minuty"},"schema":{"@context":"https:\/\/schema.org","@graph":[{"@type":"WebPage","@id":"https:\/\/i.mwtsolutions.eu\/cs\/produkty\/active-directory\/identity360\/","url":"https:\/\/i.mwtsolutions.eu\/cs\/produkty\/active-directory\/identity360\/","name":"Identity360 | MWT Solutions","isPartOf":{"@id":"https:\/\/i.mwtsolutions.eu\/#website"},"datePublished":"2024-01-19T08:52:20+00:00","dateModified":"2024-01-19T09:51:27+00:00","description":"Identity360 umo\u017e\u0148uje zam\u011bstnanc\u016fm snadno a bezpe\u010dn\u011b p\u0159istupovat ke v\u0161em firemn\u00edm aplikac\u00edm pouh\u00fdm jedn\u00edm kliknut\u00edm a jedin\u00fdm p\u0159ihl\u00e1\u0161en\u00edm.","breadcrumb":{"@id":"https:\/\/i.mwtsolutions.eu\/cs\/produkty\/active-directory\/identity360\/#breadcrumb"},"inLanguage":"cs","potentialAction":[{"@type":"ReadAction","target":["https:\/\/i.mwtsolutions.eu\/cs\/produkty\/active-directory\/identity360\/"]}]},{"@type":"BreadcrumbList","@id":"https:\/\/i.mwtsolutions.eu\/cs\/produkty\/active-directory\/identity360\/#breadcrumb","itemListElement":[{"@type":"ListItem","position":1,"name":"Home","item":"https:\/\/i.mwtsolutions.eu\/cs\/"},{"@type":"ListItem","position":2,"name":"Produkty","item":"https:\/\/i.mwtsolutions.eu\/cs\/produkty\/"},{"@type":"ListItem","position":3,"name":"Active Directory","item":"https:\/\/i.mwtsolutions.eu\/cs\/produkty\/active-directory\/"},{"@type":"ListItem","position":4,"name":"Identity360"}]},{"@type":"WebSite","@id":"https:\/\/i.mwtsolutions.eu\/#website","url":"https:\/\/i.mwtsolutions.eu\/","name":"MWT Solutions","description":"Kolejna witryna oparta na WordPressie","publisher":{"@id":"https:\/\/i.mwtsolutions.eu\/#organization"},"potentialAction":[{"@type":"SearchAction","target":{"@type":"EntryPoint","urlTemplate":"https:\/\/i.mwtsolutions.eu\/?s={search_term_string}"},"query-input":"required name=search_term_string"}],"inLanguage":"cs"},{"@type":"Organization","@id":"https:\/\/i.mwtsolutions.eu\/#organization","name":"MWT Solutions","url":"https:\/\/i.mwtsolutions.eu\/","logo":{"@type":"ImageObject","inLanguage":"cs","@id":"https:\/\/i.mwtsolutions.eu\/#\/schema\/logo\/image\/","url":"https:\/\/i.mwtsolutions.eu\/wp-content\/uploads\/2025\/05\/logo_MWT_rgb-color-1.png","contentUrl":"https:\/\/i.mwtsolutions.eu\/wp-content\/uploads\/2025\/05\/logo_MWT_rgb-color-1.png","width":2825,"height":850,"caption":"MWT Solutions"},"image":{"@id":"https:\/\/i.mwtsolutions.eu\/#\/schema\/logo\/image\/"},"sameAs":["https:\/\/pl.linkedin.com\/company\/mwt-solutions"]}]}},"_links":{"self":[{"href":"https:\/\/i.mwtsolutions.eu\/cs\/wp-json\/wp\/v2\/pages\/98978"}],"collection":[{"href":"https:\/\/i.mwtsolutions.eu\/cs\/wp-json\/wp\/v2\/pages"}],"about":[{"href":"https:\/\/i.mwtsolutions.eu\/cs\/wp-json\/wp\/v2\/types\/page"}],"author":[{"embeddable":true,"href":"https:\/\/i.mwtsolutions.eu\/cs\/wp-json\/wp\/v2\/users\/57"}],"replies":[{"embeddable":true,"href":"https:\/\/i.mwtsolutions.eu\/cs\/wp-json\/wp\/v2\/comments?post=98978"}],"version-history":[{"count":9,"href":"https:\/\/i.mwtsolutions.eu\/cs\/wp-json\/wp\/v2\/pages\/98978\/revisions"}],"predecessor-version":[{"id":98990,"href":"https:\/\/i.mwtsolutions.eu\/cs\/wp-json\/wp\/v2\/pages\/98978\/revisions\/98990"}],"up":[{"embeddable":true,"href":"https:\/\/i.mwtsolutions.eu\/cs\/wp-json\/wp\/v2\/pages\/67103"}],"wp:attachment":[{"href":"https:\/\/i.mwtsolutions.eu\/cs\/wp-json\/wp\/v2\/media?parent=98978"}],"curies":[{"name":"wp","href":"https:\/\/api.w.org\/{rel}","templated":true}]}}