{"id":69378,"date":"2020-04-20T14:40:55","date_gmt":"2020-04-20T12:40:55","guid":{"rendered":"https:\/\/mwtsolutions.eu\/partnerzy-manageengine\/"},"modified":"2021-11-08T10:44:54","modified_gmt":"2021-11-08T09:44:54","slug":"partnerek-manageengine","status":"publish","type":"page","link":"https:\/\/i.mwtsolutions.eu\/hu\/partnerek-manageengine\/","title":{"rendered":"Partnerek"},"content":{"rendered":"\t\t<div data-elementor-type=\"wp-page\" data-elementor-id=\"69378\" class=\"elementor elementor-69378 elementor-163\" data-elementor-post-type=\"page\">\n\t\t\t\t\t\t<section class=\"elementor-section elementor-top-section elementor-element elementor-element-aed4be3 elementor-section-stretched elementor-section-height-min-height elementor-section-boxed elementor-section-height-default elementor-section-items-middle force-full-width-no\" data-id=\"aed4be3\" data-element_type=\"section\" data-settings=\"{&quot;stretch_section&quot;:&quot;section-stretched&quot;,&quot;background_background&quot;:&quot;classic&quot;}\">\n\t\t\t\t\t\t<div class=\"elementor-container elementor-column-gap-default\">\n\t\t\t\t\t<div class=\"elementor-column elementor-col-100 elementor-top-column elementor-element elementor-element-dea5c8e\" data-id=\"dea5c8e\" data-element_type=\"column\">\n\t\t\t<div class=\"elementor-widget-wrap elementor-element-populated\">\n\t\t\t\t\t\t<div class=\"elementor-element elementor-element-e657772 elementor-widget elementor-widget-heading\" data-id=\"e657772\" data-element_type=\"widget\" data-widget_type=\"heading.default\">\n\t\t\t\t<div class=\"elementor-widget-container\">\n\t\t\t<h1 class=\"elementor-heading-title elementor-size-default\">A ManageEngine partnerei<\/h1>\t\t<\/div>\n\t\t\t\t<\/div>\n\t\t\t\t<div class=\"elementor-element elementor-element-487120e elementor-widget elementor-widget-text-editor\" data-id=\"487120e\" data-element_type=\"widget\" data-widget_type=\"text-editor.default\">\n\t\t\t\t<div class=\"elementor-widget-container\">\n\t\t\t\t\t\t\t<p><span style=\"font-family: var( --e-global-typography-text-font-family ), Sans-serif; font-weight: var( --e-global-typography-text-font-weight ); font-size: 1.6rem;\">N\u00e9zd meg mi\u00e9rt \u00e9rdemes csatlakoznod a ManageEngine partnerek csoportj\u00e1hoz Magyarorsz\u00e1gon!<\/span><\/p>\t\t\t\t\t\t<\/div>\n\t\t\t\t<\/div>\n\t\t\t\t\t<\/div>\n\t\t<\/div>\n\t\t\t\t\t<\/div>\n\t\t<\/section>\n\t\t\t\t<section class=\"elementor-section elementor-top-section elementor-element elementor-element-31f026d elementor-section-boxed elementor-section-height-default elementor-section-height-default force-full-width-no\" data-id=\"31f026d\" data-element_type=\"section\">\n\t\t\t\t\t\t<div class=\"elementor-container elementor-column-gap-default\">\n\t\t\t\t\t<div class=\"elementor-column elementor-col-100 elementor-top-column elementor-element elementor-element-5e32f6b\" data-id=\"5e32f6b\" data-element_type=\"column\">\n\t\t\t<div class=\"elementor-widget-wrap elementor-element-populated\">\n\t\t\t\t\t\t<section class=\"elementor-section elementor-inner-section elementor-element elementor-element-21d4be9 elementor-section-boxed elementor-section-height-default elementor-section-height-default force-full-width-no\" data-id=\"21d4be9\" data-element_type=\"section\">\n\t\t\t\t\t\t<div class=\"elementor-container elementor-column-gap-default\">\n\t\t\t\t\t<div class=\"elementor-column elementor-col-50 elementor-inner-column elementor-element elementor-element-2af35aa\" data-id=\"2af35aa\" data-element_type=\"column\">\n\t\t\t<div class=\"elementor-widget-wrap elementor-element-populated\">\n\t\t\t\t\t\t<div class=\"elementor-element elementor-element-9034d23 elementor-widget elementor-widget-heading\" data-id=\"9034d23\" data-element_type=\"widget\" data-widget_type=\"heading.default\">\n\t\t\t\t<div class=\"elementor-widget-container\">\n\t\t\t<h3 class=\"elementor-heading-title elementor-size-default\">A ManageEngine partnerek tulajdonk\u00e9ppen a ManageEngine szakemberib\u0151l \u00e1ll\u00f3 csapat kib\u0151v\u00edt\u00e9se. A min\u0151s\u00e9g \u00e9s az \u00e1r egyens\u00faly\u00e1nak k\u00f6sz\u00f6nhet\u0151en a vil\u00e1g 190 orsz\u00e1g\u00e1ban t\u00f6bb, mint 180 000 szervezet haszn\u00e1lja a ManageEngine term\u00e9keit.<\/h3>\t\t<\/div>\n\t\t\t\t<\/div>\n\t\t\t\t<div class=\"elementor-element elementor-element-3c2cc17 elementor-widget elementor-widget-text-editor\" data-id=\"3c2cc17\" data-element_type=\"widget\" data-widget_type=\"text-editor.default\">\n\t\t\t\t<div class=\"elementor-widget-container\">\n\t\t\t\t\t\t\t<p>A ManageEngine brand sikere meger\u0151s\u00edti, hogy a k\u00edn\u00e1lt term\u00e9kek t\u00f6k\u00e9letesen megfelelnek a jelenlegi piaci trendeknek, amelyekhez nemcsak sokoldal\u00fa, de rugalmas, k\u00f6nnyen kivitelezhet\u0151 \u00e9s karbantarthat\u00f3 megold\u00e1sokra van sz\u00fcks\u00e9g. A ManageEngine fejleszt\u00e9seit sz\u00e1mos ipar\u00e1g v\u00e1s\u00e1rl\u00f3i \u00e9rt\u00e9kelik nagyra: p\u00e9nz\u00fcgyi, termel\u00e9si, gy\u00f3gyszeripari, energiaipari, FMCG, k\u00f6zponti \u00e9s helyi korm\u00e1nyzati adminisztr\u00e1ci\u00f3.\u00a0<span style=\"color: var( --e-global-color-text ); font-family: var( --e-global-typography-text-font-family ), Sans-serif; font-weight: var( --e-global-typography-text-font-weight ); font-size: 1.6rem;\">A ManageEngine Partners csoporthoz val\u00f3 csatlakoz\u00e1ssal lehet\u0151s\u00e9ged ny\u00edlik a piacon a term\u00e9kek \u00e9rt\u00e9kes\u00edt\u00e9s\u00e9re \u00e9s az MWT Solutions szakembereinek h\u00e1tt\u00e9rt\u00e1mogat\u00e1s\u00e1ra, akik sok\u00e9ves tapasztalattal rendelkeznek a megval\u00f3s\u00edt\u00e1s, a k\u00e9pz\u00e9s, a folyamat, valamint az \u00fczleti- \u00e9s a technol\u00f3giai tan\u00e1csad\u00e1s ter\u00e9n.<\/span><\/p>\t\t\t\t\t\t<\/div>\n\t\t\t\t<\/div>\n\t\t\t\t<div class=\"elementor-element elementor-element-5f6fe82 elementor-widget elementor-widget-text-editor\" data-id=\"5f6fe82\" data-element_type=\"widget\" data-widget_type=\"text-editor.default\">\n\t\t\t\t<div class=\"elementor-widget-container\">\n\t\t\t\t\t\t\t<p>Mi\u00e9rt \u00e9rdemes csatlakozni a ManageEngine Partners csoporthoz?<\/p><ul><li>elk\u00f6telezett \u00e9rt\u00e9kes\u00edt\u00e9si t\u00e1mogat\u00e1s<\/li><li>presales \u00e9s technikai k\u00e9pz\u00e9s<\/li><li>projektek regisztr\u00e1ci\u00f3j\u00e1nak lehet\u0151s\u00e9ge \u00e9s k\u00fcl\u00f6nleges \u00e1r<\/li><li>marketing projektek t\u00e1mogat\u00e1sa<\/li><\/ul><p>\u00cdrj nek\u00fcnk: <a href=\"mailto:info@mwtsolutions.hu\">info@mwtsolutions.hu<\/a><\/p>\t\t\t\t\t\t<\/div>\n\t\t\t\t<\/div>\n\t\t\t\t\t<\/div>\n\t\t<\/div>\n\t\t\t\t<div class=\"elementor-column elementor-col-50 elementor-inner-column elementor-element elementor-element-a1c6955\" data-id=\"a1c6955\" data-element_type=\"column\">\n\t\t\t<div class=\"elementor-widget-wrap elementor-element-populated\">\n\t\t\t\t\t\t<div class=\"elementor-element elementor-element-686714f elementor-align-center elementor-widget elementor-widget-button\" data-id=\"686714f\" data-element_type=\"widget\" data-widget_type=\"button.default\">\n\t\t\t\t<div class=\"elementor-widget-container\">\n\t\t\t\t\t<div class=\"elementor-button-wrapper\">\n\t\t\t<a class=\"elementor-button elementor-button-link elementor-size-xl\" href=\"mailto:info@mwtsolutions.hu\">\n\t\t\t\t\t\t<span class=\"elementor-button-content-wrapper\">\n\t\t\t\t\t\t\t\t\t<span class=\"elementor-button-text\">Legy\u00e9l partner<\/span>\n\t\t\t\t\t<\/span>\n\t\t\t\t\t<\/a>\n\t\t<\/div>\n\t\t\t\t<\/div>\n\t\t\t\t<\/div>\n\t\t\t\t<div class=\"elementor-element elementor-element-193f464 elementor-align-center full-width elementor-hidden-desktop elementor-hidden-tablet elementor-hidden-phone elementor-widget elementor-widget-button\" data-id=\"193f464\" data-element_type=\"widget\" data-widget_type=\"button.default\">\n\t\t\t\t<div class=\"elementor-widget-container\">\n\t\t\t\t\t<div class=\"elementor-button-wrapper\">\n\t\t\t<a class=\"elementor-button elementor-button-link elementor-size-xl\" href=\"https:\/\/i.mwtsolutions.eu\/hu\/tarssa-valik\/\" id=\"open-form-btn\">\n\t\t\t\t\t\t<span class=\"elementor-button-content-wrapper\">\n\t\t\t\t\t\t\t\t\t<span class=\"elementor-button-text\">Legy\u00e9l partner<\/span>\n\t\t\t\t\t<\/span>\n\t\t\t\t\t<\/a>\n\t\t<\/div>\n\t\t\t\t<\/div>\n\t\t\t\t<\/div>\n\t\t\t\t\t<\/div>\n\t\t<\/div>\n\t\t\t\t\t<\/div>\n\t\t<\/section>\n\t\t\t\t\t<\/div>\n\t\t<\/div>\n\t\t\t\t\t<\/div>\n\t\t<\/section>\n\t\t\t\t<\/div>\n\t\t","protected":false},"excerpt":{"rendered":"<p>A ManageEngine partnerei N\u00e9zd meg mi\u00e9rt \u00e9rdemes csatlakoznod a ManageEngine partnerek csoportj\u00e1hoz Magyarorsz\u00e1gon! A ManageEngine partnerek tulajdonk\u00e9ppen a ManageEngine szakemberib\u0151l \u00e1ll\u00f3 csapat kib\u0151v\u00edt\u00e9se. A min\u0151s\u00e9g \u00e9s az \u00e1r egyens\u00faly\u00e1nak k\u00f6sz\u00f6nhet\u0151en a vil\u00e1g 190 orsz\u00e1g\u00e1ban t\u00f6bb, mint 180 000 szervezet haszn\u00e1lja a ManageEngine term\u00e9keit. A ManageEngine brand sikere meger\u0151s\u00edti, hogy a k\u00edn\u00e1lt term\u00e9kek t\u00f6k\u00e9letesen megfelelnek a [&hellip;]<\/p>\n","protected":false},"author":20,"featured_media":0,"parent":0,"menu_order":113,"comment_status":"closed","ping_status":"closed","template":"page-templates\/partners.php","meta":{"content-type":"","om_disable_all_campaigns":false,"inline_featured_image":false,"_monsterinsights_skip_tracking":false,"_monsterinsights_sitenote_active":false,"_monsterinsights_sitenote_note":"","_monsterinsights_sitenote_category":0,"_links_to":"","_links_to_target":""},"acf":[],"aioseo_notices":[],"yoast_head":"<!-- This site is optimized with the Yoast SEO plugin v20.6 - https:\/\/yoast.com\/wordpress\/plugins\/seo\/ -->\n<title>Partnerek | MWT Solutions<\/title>\n<meta name=\"robots\" content=\"index, follow, max-snippet:-1, max-image-preview:large, max-video-preview:-1\" \/>\n<link rel=\"canonical\" href=\"https:\/\/i.mwtsolutions.eu\/hu\/partnerek-manageengine\/\" \/>\n<meta property=\"og:locale\" content=\"hu_HU\" \/>\n<meta property=\"og:type\" content=\"article\" \/>\n<meta property=\"og:title\" content=\"Partnerek | MWT Solutions\" \/>\n<meta property=\"og:description\" content=\"A ManageEngine partnerei N\u00e9zd meg mi\u00e9rt \u00e9rdemes csatlakoznod a ManageEngine partnerek csoportj\u00e1hoz Magyarorsz\u00e1gon! A ManageEngine partnerek tulajdonk\u00e9ppen a ManageEngine szakemberib\u0151l \u00e1ll\u00f3 csapat kib\u0151v\u00edt\u00e9se. A min\u0151s\u00e9g \u00e9s az \u00e1r egyens\u00faly\u00e1nak k\u00f6sz\u00f6nhet\u0151en a vil\u00e1g 190 orsz\u00e1g\u00e1ban t\u00f6bb, mint 180 000 szervezet haszn\u00e1lja a ManageEngine term\u00e9keit. A ManageEngine brand sikere meger\u0151s\u00edti, hogy a k\u00edn\u00e1lt term\u00e9kek t\u00f6k\u00e9letesen megfelelnek a [&hellip;]\" \/>\n<meta property=\"og:url\" content=\"https:\/\/i.mwtsolutions.eu\/hu\/partnerek-manageengine\/\" \/>\n<meta property=\"og:site_name\" content=\"MWT Solutions\" \/>\n<meta property=\"article:modified_time\" content=\"2021-11-08T09:44:54+00:00\" \/>\n<meta name=\"twitter:card\" content=\"summary_large_image\" \/>\n<meta name=\"twitter:label1\" content=\"Becs\u00fclt olvas\u00e1si id\u0151\" \/>\n\t<meta name=\"twitter:data1\" content=\"1 perc\" \/>\n<script type=\"application\/ld+json\" class=\"yoast-schema-graph\">{\"@context\":\"https:\/\/schema.org\",\"@graph\":[{\"@type\":\"WebPage\",\"@id\":\"https:\/\/i.mwtsolutions.eu\/hu\/partnerek-manageengine\/\",\"url\":\"https:\/\/i.mwtsolutions.eu\/hu\/partnerek-manageengine\/\",\"name\":\"Partnerek | MWT Solutions\",\"isPartOf\":{\"@id\":\"https:\/\/i.mwtsolutions.eu\/#website\"},\"datePublished\":\"2020-04-20T12:40:55+00:00\",\"dateModified\":\"2021-11-08T09:44:54+00:00\",\"breadcrumb\":{\"@id\":\"https:\/\/i.mwtsolutions.eu\/hu\/partnerek-manageengine\/#breadcrumb\"},\"inLanguage\":\"hu\",\"potentialAction\":[{\"@type\":\"ReadAction\",\"target\":[\"https:\/\/i.mwtsolutions.eu\/hu\/partnerek-manageengine\/\"]}]},{\"@type\":\"BreadcrumbList\",\"@id\":\"https:\/\/i.mwtsolutions.eu\/hu\/partnerek-manageengine\/#breadcrumb\",\"itemListElement\":[{\"@type\":\"ListItem\",\"position\":1,\"name\":\"Home\",\"item\":\"https:\/\/i.mwtsolutions.eu\/hu\/\"},{\"@type\":\"ListItem\",\"position\":2,\"name\":\"Partnerek\"}]},{\"@type\":\"WebSite\",\"@id\":\"https:\/\/i.mwtsolutions.eu\/#website\",\"url\":\"https:\/\/i.mwtsolutions.eu\/\",\"name\":\"MWT Solutions\",\"description\":\"Wy\u0142\u0105czny dystrybutor ManageEngine w Polsce\",\"publisher\":{\"@id\":\"https:\/\/i.mwtsolutions.eu\/#organization\"},\"potentialAction\":[{\"@type\":\"SearchAction\",\"target\":{\"@type\":\"EntryPoint\",\"urlTemplate\":\"https:\/\/i.mwtsolutions.eu\/?s={search_term_string}\"},\"query-input\":\"required name=search_term_string\"}],\"inLanguage\":\"hu\"},{\"@type\":\"Organization\",\"@id\":\"https:\/\/i.mwtsolutions.eu\/#organization\",\"name\":\"MWT Solutions\",\"url\":\"https:\/\/i.mwtsolutions.eu\/\",\"logo\":{\"@type\":\"ImageObject\",\"inLanguage\":\"hu\",\"@id\":\"https:\/\/i.mwtsolutions.eu\/#\/schema\/logo\/image\/\",\"url\":\"https:\/\/i.mwtsolutions.eu\/wp-content\/uploads\/2025\/05\/logo_MWT_rgb-color-1.png\",\"contentUrl\":\"https:\/\/i.mwtsolutions.eu\/wp-content\/uploads\/2025\/05\/logo_MWT_rgb-color-1.png\",\"width\":2825,\"height\":850,\"caption\":\"MWT Solutions\"},\"image\":{\"@id\":\"https:\/\/i.mwtsolutions.eu\/#\/schema\/logo\/image\/\"},\"sameAs\":[\"https:\/\/pl.linkedin.com\/company\/mwt-solutions\"]}]}<\/script>\n<!-- \/ Yoast SEO plugin. -->","yoast_head_json":{"title":"Partnerek | MWT Solutions","robots":{"index":"index","follow":"follow","max-snippet":"max-snippet:-1","max-image-preview":"max-image-preview:large","max-video-preview":"max-video-preview:-1"},"canonical":"https:\/\/i.mwtsolutions.eu\/hu\/partnerek-manageengine\/","og_locale":"hu_HU","og_type":"article","og_title":"Partnerek | MWT Solutions","og_description":"A ManageEngine partnerei N\u00e9zd meg mi\u00e9rt \u00e9rdemes csatlakoznod a ManageEngine partnerek csoportj\u00e1hoz Magyarorsz\u00e1gon! A ManageEngine partnerek tulajdonk\u00e9ppen a ManageEngine szakemberib\u0151l \u00e1ll\u00f3 csapat kib\u0151v\u00edt\u00e9se. A min\u0151s\u00e9g \u00e9s az \u00e1r egyens\u00faly\u00e1nak k\u00f6sz\u00f6nhet\u0151en a vil\u00e1g 190 orsz\u00e1g\u00e1ban t\u00f6bb, mint 180 000 szervezet haszn\u00e1lja a ManageEngine term\u00e9keit. A ManageEngine brand sikere meger\u0151s\u00edti, hogy a k\u00edn\u00e1lt term\u00e9kek t\u00f6k\u00e9letesen megfelelnek a [&hellip;]","og_url":"https:\/\/i.mwtsolutions.eu\/hu\/partnerek-manageengine\/","og_site_name":"MWT Solutions","article_modified_time":"2021-11-08T09:44:54+00:00","twitter_card":"summary_large_image","twitter_misc":{"Becs\u00fclt olvas\u00e1si id\u0151":"1 perc"},"schema":{"@context":"https:\/\/schema.org","@graph":[{"@type":"WebPage","@id":"https:\/\/i.mwtsolutions.eu\/hu\/partnerek-manageengine\/","url":"https:\/\/i.mwtsolutions.eu\/hu\/partnerek-manageengine\/","name":"Partnerek | MWT Solutions","isPartOf":{"@id":"https:\/\/i.mwtsolutions.eu\/#website"},"datePublished":"2020-04-20T12:40:55+00:00","dateModified":"2021-11-08T09:44:54+00:00","breadcrumb":{"@id":"https:\/\/i.mwtsolutions.eu\/hu\/partnerek-manageengine\/#breadcrumb"},"inLanguage":"hu","potentialAction":[{"@type":"ReadAction","target":["https:\/\/i.mwtsolutions.eu\/hu\/partnerek-manageengine\/"]}]},{"@type":"BreadcrumbList","@id":"https:\/\/i.mwtsolutions.eu\/hu\/partnerek-manageengine\/#breadcrumb","itemListElement":[{"@type":"ListItem","position":1,"name":"Home","item":"https:\/\/i.mwtsolutions.eu\/hu\/"},{"@type":"ListItem","position":2,"name":"Partnerek"}]},{"@type":"WebSite","@id":"https:\/\/i.mwtsolutions.eu\/#website","url":"https:\/\/i.mwtsolutions.eu\/","name":"MWT Solutions","description":"Wy\u0142\u0105czny dystrybutor ManageEngine w Polsce","publisher":{"@id":"https:\/\/i.mwtsolutions.eu\/#organization"},"potentialAction":[{"@type":"SearchAction","target":{"@type":"EntryPoint","urlTemplate":"https:\/\/i.mwtsolutions.eu\/?s={search_term_string}"},"query-input":"required name=search_term_string"}],"inLanguage":"hu"},{"@type":"Organization","@id":"https:\/\/i.mwtsolutions.eu\/#organization","name":"MWT Solutions","url":"https:\/\/i.mwtsolutions.eu\/","logo":{"@type":"ImageObject","inLanguage":"hu","@id":"https:\/\/i.mwtsolutions.eu\/#\/schema\/logo\/image\/","url":"https:\/\/i.mwtsolutions.eu\/wp-content\/uploads\/2025\/05\/logo_MWT_rgb-color-1.png","contentUrl":"https:\/\/i.mwtsolutions.eu\/wp-content\/uploads\/2025\/05\/logo_MWT_rgb-color-1.png","width":2825,"height":850,"caption":"MWT Solutions"},"image":{"@id":"https:\/\/i.mwtsolutions.eu\/#\/schema\/logo\/image\/"},"sameAs":["https:\/\/pl.linkedin.com\/company\/mwt-solutions"]}]}},"_links":{"self":[{"href":"https:\/\/i.mwtsolutions.eu\/hu\/wp-json\/wp\/v2\/pages\/69378"}],"collection":[{"href":"https:\/\/i.mwtsolutions.eu\/hu\/wp-json\/wp\/v2\/pages"}],"about":[{"href":"https:\/\/i.mwtsolutions.eu\/hu\/wp-json\/wp\/v2\/types\/page"}],"author":[{"embeddable":true,"href":"https:\/\/i.mwtsolutions.eu\/hu\/wp-json\/wp\/v2\/users\/20"}],"replies":[{"embeddable":true,"href":"https:\/\/i.mwtsolutions.eu\/hu\/wp-json\/wp\/v2\/comments?post=69378"}],"version-history":[{"count":18,"href":"https:\/\/i.mwtsolutions.eu\/hu\/wp-json\/wp\/v2\/pages\/69378\/revisions"}],"predecessor-version":[{"id":72136,"href":"https:\/\/i.mwtsolutions.eu\/hu\/wp-json\/wp\/v2\/pages\/69378\/revisions\/72136"}],"wp:attachment":[{"href":"https:\/\/i.mwtsolutions.eu\/hu\/wp-json\/wp\/v2\/media?parent=69378"}],"curies":[{"name":"wp","href":"https:\/\/api.w.org\/{rel}","templated":true}]}}