{"id":69471,"date":"2020-04-30T14:16:40","date_gmt":"2020-04-30T12:16:40","guid":{"rendered":"https:\/\/mwtsolutions.eu\/produkty\/security-it\/bezpieczenstwo-przegladarek-browser-security-plus\/"},"modified":"2021-12-07T13:30:28","modified_gmt":"2021-12-07T12:30:28","slug":"browser-security-plus","status":"publish","type":"page","link":"https:\/\/i.mwtsolutions.eu\/hu\/termekek\/security-it\/browser-security-plus\/","title":{"rendered":"Browser Security Plus"},"content":{"rendered":"\t\t<div data-elementor-type=\"wp-page\" data-elementor-id=\"69471\" class=\"elementor elementor-69471 elementor-511\" data-elementor-post-type=\"page\">\n\t\t\t\t\t\t<section class=\"elementor-section elementor-top-section elementor-element elementor-element-360330a elementor-section-boxed elementor-section-height-default elementor-section-height-default force-full-width-no\" data-id=\"360330a\" data-element_type=\"section\">\n\t\t\t\t\t\t<div class=\"elementor-container elementor-column-gap-default\">\n\t\t\t\t\t<div class=\"elementor-column elementor-col-100 elementor-top-column elementor-element elementor-element-b0ca567\" data-id=\"b0ca567\" data-element_type=\"column\">\n\t\t\t<div class=\"elementor-widget-wrap elementor-element-populated\">\n\t\t\t\t\t\t<section class=\"elementor-section elementor-inner-section elementor-element elementor-element-779c69e elementor-section-boxed elementor-section-height-default elementor-section-height-default force-full-width-no\" data-id=\"779c69e\" data-element_type=\"section\">\n\t\t\t\t\t\t<div class=\"elementor-container elementor-column-gap-default\">\n\t\t\t\t\t<div class=\"elementor-column elementor-col-50 elementor-inner-column elementor-element elementor-element-9b691eb\" data-id=\"9b691eb\" data-element_type=\"column\">\n\t\t\t<div class=\"elementor-widget-wrap elementor-element-populated\">\n\t\t\t\t\t\t<div class=\"elementor-element elementor-element-05a4c44 elementor-widget elementor-widget-heading\" data-id=\"05a4c44\" data-element_type=\"widget\" data-widget_type=\"heading.default\">\n\t\t\t\t<div class=\"elementor-widget-container\">\n\t\t\t<h3 class=\"elementor-heading-title elementor-size-default\">FUNKCI\u00d3K<\/h3>\t\t<\/div>\n\t\t\t\t<\/div>\n\t\t\t\t<div class=\"elementor-element elementor-element-27bbda0 elementor-widget elementor-widget-heading\" data-id=\"27bbda0\" data-element_type=\"widget\" data-widget_type=\"heading.default\">\n\t\t\t\t<div class=\"elementor-widget-container\">\n\t\t\t<h3 class=\"elementor-heading-title elementor-size-default\">Eszk\u00f6zcsoportok l\u00e9trehoz\u00e1sa<\/h3>\t\t<\/div>\n\t\t\t\t<\/div>\n\t\t\t\t<div class=\"elementor-element elementor-element-781d538 elementor-widget elementor-widget-text-editor\" data-id=\"781d538\" data-element_type=\"widget\" data-widget_type=\"text-editor.default\">\n\t\t\t\t<div class=\"elementor-widget-container\">\n\t\t\t\t\t\t\t<p>Az alkalmaz\u00e1s lehet\u0151v\u00e9 teszi az eszk\u00f6zcsoportok l\u00e9trehoz\u00e1s\u00e1t. Ennek k\u00f6sz\u00f6nhet\u0151en a konfigur\u00e1ci\u00f3k l\u00e9trehoz\u00e1sa, majd terjeszt\u00e9se nem ig\u00e9nyel k\u00fcl\u00f6n m\u0171veleteket az egyes munka\u00e1llom\u00e1sokon, hanem csak egy adott csoportot kell kijel\u00f6lni, amely minden b\u00f6ng\u00e9sz\u0151 megkapja az el\u0151re meghat\u00e1rozott be\u00e1ll\u00edt\u00e1sokat. A csoportokba t\u00f6rt\u00e9n\u0151 feloszt\u00e1s lehet\u0151v\u00e9 teszi az egyes eszk\u00f6z\u00f6k egyszer\u0171 azonos\u00edt\u00e1s\u00e1t a feloszt\u00e1s bevezet\u00e9sekor, p\u00e9ld\u00e1ul a szervezetben bet\u00f6lt\u00f6tt poz\u00edci\u00f3ra vagy egy adott r\u00e9szlegre tekintettel.<\/p>\t\t\t\t\t\t<\/div>\n\t\t\t\t<\/div>\n\t\t\t\t\t<\/div>\n\t\t<\/div>\n\t\t\t\t<div class=\"elementor-column elementor-col-50 elementor-inner-column elementor-element elementor-element-845ab3b\" data-id=\"845ab3b\" data-element_type=\"column\">\n\t\t\t<div class=\"elementor-widget-wrap elementor-element-populated\">\n\t\t\t\t\t\t<div class=\"elementor-element elementor-element-1ce85bc monitor-right elementor-widget elementor-widget-image\" data-id=\"1ce85bc\" data-element_type=\"widget\" data-widget_type=\"image.default\">\n\t\t\t\t<div class=\"elementor-widget-container\">\n\t\t\t\t\t\t\t\t\t\t\t\t\t<img fetchpriority=\"high\" width=\"1024\" height=\"500\" src=\"https:\/\/i.mwtsolutions.eu\/wp-content\/uploads\/2020\/07\/Tworzenie-grup-urz\u0105dze\u0144-1024x500.png\" class=\"attachment-large size-large wp-image-68067\" alt=\"\" srcset=\"https:\/\/i.mwtsolutions.eu\/wp-content\/uploads\/2020\/07\/Tworzenie-grup-urz\u0105dze\u0144-1024x500.png 1024w, https:\/\/i.mwtsolutions.eu\/wp-content\/uploads\/2020\/07\/Tworzenie-grup-urz\u0105dze\u0144-300x147.png 300w, https:\/\/i.mwtsolutions.eu\/wp-content\/uploads\/2020\/07\/Tworzenie-grup-urz\u0105dze\u0144-768x375.png 768w, https:\/\/i.mwtsolutions.eu\/wp-content\/uploads\/2020\/07\/Tworzenie-grup-urz\u0105dze\u0144-1536x750.png 1536w, https:\/\/i.mwtsolutions.eu\/wp-content\/uploads\/2020\/07\/Tworzenie-grup-urz\u0105dze\u0144.png 1920w\" sizes=\"(max-width: 1024px) 100vw, 1024px\" \/>\t\t\t\t\t\t\t\t\t\t\t\t\t<\/div>\n\t\t\t\t<\/div>\n\t\t\t\t\t<\/div>\n\t\t<\/div>\n\t\t\t\t\t<\/div>\n\t\t<\/section>\n\t\t\t\t<section class=\"elementor-section elementor-inner-section elementor-element elementor-element-e51342f elementor-reverse-mobile elementor-section-boxed elementor-section-height-default elementor-section-height-default force-full-width-no\" data-id=\"e51342f\" data-element_type=\"section\">\n\t\t\t\t\t\t<div class=\"elementor-container elementor-column-gap-default\">\n\t\t\t\t\t<div class=\"elementor-column elementor-col-50 elementor-inner-column elementor-element elementor-element-6037113\" data-id=\"6037113\" data-element_type=\"column\">\n\t\t\t<div class=\"elementor-widget-wrap elementor-element-populated\">\n\t\t\t\t\t\t<div class=\"elementor-element elementor-element-60b371c monitor-left elementor-widget elementor-widget-image\" data-id=\"60b371c\" data-element_type=\"widget\" data-widget_type=\"image.default\">\n\t\t\t\t<div class=\"elementor-widget-container\">\n\t\t\t\t\t\t\t\t\t\t\t\t\t<img width=\"1024\" height=\"499\" src=\"https:\/\/i.mwtsolutions.eu\/wp-content\/uploads\/2020\/07\/Repozytorium-rozszerze\u0144-1024x499.png\" class=\"attachment-large size-large wp-image-68069\" alt=\"\" srcset=\"https:\/\/i.mwtsolutions.eu\/wp-content\/uploads\/2020\/07\/Repozytorium-rozszerze\u0144-1024x499.png 1024w, https:\/\/i.mwtsolutions.eu\/wp-content\/uploads\/2020\/07\/Repozytorium-rozszerze\u0144-300x146.png 300w, https:\/\/i.mwtsolutions.eu\/wp-content\/uploads\/2020\/07\/Repozytorium-rozszerze\u0144-768x374.png 768w, https:\/\/i.mwtsolutions.eu\/wp-content\/uploads\/2020\/07\/Repozytorium-rozszerze\u0144-1536x749.png 1536w, https:\/\/i.mwtsolutions.eu\/wp-content\/uploads\/2020\/07\/Repozytorium-rozszerze\u0144.png 1920w\" sizes=\"(max-width: 1024px) 100vw, 1024px\" \/>\t\t\t\t\t\t\t\t\t\t\t\t\t<\/div>\n\t\t\t\t<\/div>\n\t\t\t\t\t<\/div>\n\t\t<\/div>\n\t\t\t\t<div class=\"elementor-column elementor-col-50 elementor-inner-column elementor-element elementor-element-3a76727\" data-id=\"3a76727\" data-element_type=\"column\">\n\t\t\t<div class=\"elementor-widget-wrap elementor-element-populated\">\n\t\t\t\t\t\t<div class=\"elementor-element elementor-element-d4a2546 elementor-widget elementor-widget-heading\" data-id=\"d4a2546\" data-element_type=\"widget\" data-widget_type=\"heading.default\">\n\t\t\t\t<div class=\"elementor-widget-container\">\n\t\t\t<h3 class=\"elementor-heading-title elementor-size-default\">B\u0151v\u00edtm\u00e9nyt\u00e1r<\/h3>\t\t<\/div>\n\t\t\t\t<\/div>\n\t\t\t\t<div class=\"elementor-element elementor-element-63a6667 elementor-widget elementor-widget-text-editor\" data-id=\"63a6667\" data-element_type=\"widget\" data-widget_type=\"text-editor.default\">\n\t\t\t\t<div class=\"elementor-widget-container\">\n\t\t\t\t\t\t\t<p>Browser Security Plus felaj\u00e1nlja a szervezet\u00e9ben haszn\u00e1lt b\u00f6ng\u00e9sz\u0151-kieg\u00e9sz\u00edt\u0151k t\u00e1rh\u00e1z\u00e1nak l\u00e9trehoz\u00e1s\u00e1t. Hozz\u00e1f\u00e9r\u00e9st kapunk a Google Chrome, a Mozilla Firefox \u00e9s az Edge \u00e1ltal ismert \u00f6sszes kiterjeszt\u00e9shez, amelyeket azt\u00e1n kiv\u00e1lasztott eszk\u00f6z\u00f6kre vagy teljes eszk\u00f6zcsoportokra telep\u00edthet\u00fcnk. Intuit\u00edv m\u00f3don ellen\u0151rizhetj\u00fck az adott kiterjeszt\u00e9st haszn\u00e1l\u00f3 eszk\u00f6z\u00f6k \u00e9s a hozz\u00e1rendelt csoportok sz\u00e1m\u00e1t is.<\/p>\t\t\t\t\t\t<\/div>\n\t\t\t\t<\/div>\n\t\t\t\t\t<\/div>\n\t\t<\/div>\n\t\t\t\t\t<\/div>\n\t\t<\/section>\n\t\t\t\t<section class=\"elementor-section elementor-inner-section elementor-element elementor-element-845913b elementor-section-boxed elementor-section-height-default elementor-section-height-default force-full-width-no\" data-id=\"845913b\" data-element_type=\"section\">\n\t\t\t\t\t\t<div class=\"elementor-container elementor-column-gap-default\">\n\t\t\t\t\t<div class=\"elementor-column elementor-col-50 elementor-inner-column elementor-element elementor-element-c9be025\" data-id=\"c9be025\" data-element_type=\"column\">\n\t\t\t<div class=\"elementor-widget-wrap elementor-element-populated\">\n\t\t\t\t\t\t<div class=\"elementor-element elementor-element-d9e0646 elementor-widget elementor-widget-heading\" data-id=\"d9e0646\" data-element_type=\"widget\" data-widget_type=\"heading.default\">\n\t\t\t\t<div class=\"elementor-widget-container\">\n\t\t\t<h3 class=\"elementor-heading-title elementor-size-default\">Biztons\u00e1gi h\u00e1zirend konfigur\u00e1l\u00e1sa<\/h3>\t\t<\/div>\n\t\t\t\t<\/div>\n\t\t\t\t<div class=\"elementor-element elementor-element-b417d1f elementor-widget elementor-widget-text-editor\" data-id=\"b417d1f\" data-element_type=\"widget\" data-widget_type=\"text-editor.default\">\n\t\t\t\t<div class=\"elementor-widget-container\">\n\t\t\t\t\t\t\t<p>A h\u00e1l\u00f3zaton kereszt\u00fcl terjesztett biztons\u00e1gi konfigur\u00e1ci\u00f3k l\u00e9trehoz\u00e1sa mag\u00e1ban foglalja az Adobe Flash be\u00e1ll\u00edt\u00e1sait, tiltja az el nem fogadott b\u00f6ng\u00e9sz\u0151b\u0151v\u00edtm\u00e9nyek haszn\u00e1lat\u00e1t, tiltja a nem friss\u00edtett b\u0151v\u00edtm\u00e9nyek, a 3D Graphics API haszn\u00e1lat\u00e1t, a Google-fi\u00f3kkal t\u00f6rt\u00e9n\u0151 szinkroniz\u00e1l\u00e1st, a b\u00f6ng\u00e9sz\u00e9si el\u0151zm\u00e9nyeket, a h\u00e1tt\u00e9rben t\u00f6rt\u00e9n\u0151 adatkezel\u00e9st vagy \u00e9rtes\u00edt\u00e9sek k\u00fcld\u00e9s\u00e9t a b\u00f6ng\u00e9sz\u0151n kereszt\u00fcl.<\/p>\t\t\t\t\t\t<\/div>\n\t\t\t\t<\/div>\n\t\t\t\t\t<\/div>\n\t\t<\/div>\n\t\t\t\t<div class=\"elementor-column elementor-col-50 elementor-inner-column elementor-element elementor-element-54efe05\" data-id=\"54efe05\" data-element_type=\"column\">\n\t\t\t<div class=\"elementor-widget-wrap elementor-element-populated\">\n\t\t\t\t\t\t<div class=\"elementor-element elementor-element-e7fe240 monitor-center elementor-widget elementor-widget-image\" data-id=\"e7fe240\" data-element_type=\"widget\" data-widget_type=\"image.default\">\n\t\t\t\t<div class=\"elementor-widget-container\">\n\t\t\t\t\t\t\t\t\t\t\t\t\t<img width=\"1024\" height=\"499\" src=\"https:\/\/i.mwtsolutions.eu\/wp-content\/uploads\/2020\/07\/Konfiguracja-polityk-bezpiecze\u0144stwa-1024x499.png\" class=\"attachment-large size-large wp-image-68071\" alt=\"\" srcset=\"https:\/\/i.mwtsolutions.eu\/wp-content\/uploads\/2020\/07\/Konfiguracja-polityk-bezpiecze\u0144stwa-1024x499.png 1024w, https:\/\/i.mwtsolutions.eu\/wp-content\/uploads\/2020\/07\/Konfiguracja-polityk-bezpiecze\u0144stwa-300x146.png 300w, https:\/\/i.mwtsolutions.eu\/wp-content\/uploads\/2020\/07\/Konfiguracja-polityk-bezpiecze\u0144stwa-768x374.png 768w, https:\/\/i.mwtsolutions.eu\/wp-content\/uploads\/2020\/07\/Konfiguracja-polityk-bezpiecze\u0144stwa-1536x748.png 1536w, https:\/\/i.mwtsolutions.eu\/wp-content\/uploads\/2020\/07\/Konfiguracja-polityk-bezpiecze\u0144stwa.png 1920w\" sizes=\"(max-width: 1024px) 100vw, 1024px\" \/>\t\t\t\t\t\t\t\t\t\t\t\t\t<\/div>\n\t\t\t\t<\/div>\n\t\t\t\t\t<\/div>\n\t\t<\/div>\n\t\t\t\t\t<\/div>\n\t\t<\/section>\n\t\t\t\t<section class=\"elementor-section elementor-inner-section elementor-element elementor-element-d22f0ac elementor-reverse-mobile elementor-section-boxed elementor-section-height-default elementor-section-height-default force-full-width-no\" data-id=\"d22f0ac\" data-element_type=\"section\">\n\t\t\t\t\t\t<div class=\"elementor-container elementor-column-gap-default\">\n\t\t\t\t\t<div class=\"elementor-column elementor-col-50 elementor-inner-column elementor-element elementor-element-e91863b\" data-id=\"e91863b\" data-element_type=\"column\">\n\t\t\t<div class=\"elementor-widget-wrap elementor-element-populated\">\n\t\t\t\t\t\t<div class=\"elementor-element elementor-element-6cc60ea monitor-left elementor-widget elementor-widget-image\" data-id=\"6cc60ea\" data-element_type=\"widget\" data-widget_type=\"image.default\">\n\t\t\t\t<div class=\"elementor-widget-container\">\n\t\t\t\t\t\t\t\t\t\t\t\t\t<img loading=\"lazy\" width=\"1024\" height=\"499\" src=\"https:\/\/i.mwtsolutions.eu\/wp-content\/uploads\/2020\/07\/Dashboardy-oraz-modu\u0142-raport\u00f3w-1024x499.png\" class=\"attachment-large size-large wp-image-68073\" alt=\"\" srcset=\"https:\/\/i.mwtsolutions.eu\/wp-content\/uploads\/2020\/07\/Dashboardy-oraz-modu\u0142-raport\u00f3w-1024x499.png 1024w, https:\/\/i.mwtsolutions.eu\/wp-content\/uploads\/2020\/07\/Dashboardy-oraz-modu\u0142-raport\u00f3w-300x146.png 300w, https:\/\/i.mwtsolutions.eu\/wp-content\/uploads\/2020\/07\/Dashboardy-oraz-modu\u0142-raport\u00f3w-768x374.png 768w, https:\/\/i.mwtsolutions.eu\/wp-content\/uploads\/2020\/07\/Dashboardy-oraz-modu\u0142-raport\u00f3w-1536x749.png 1536w, https:\/\/i.mwtsolutions.eu\/wp-content\/uploads\/2020\/07\/Dashboardy-oraz-modu\u0142-raport\u00f3w.png 1920w\" sizes=\"(max-width: 1024px) 100vw, 1024px\" \/>\t\t\t\t\t\t\t\t\t\t\t\t\t<\/div>\n\t\t\t\t<\/div>\n\t\t\t\t\t<\/div>\n\t\t<\/div>\n\t\t\t\t<div class=\"elementor-column elementor-col-50 elementor-inner-column elementor-element elementor-element-3acffb7\" data-id=\"3acffb7\" data-element_type=\"column\">\n\t\t\t<div class=\"elementor-widget-wrap elementor-element-populated\">\n\t\t\t\t\t\t<div class=\"elementor-element elementor-element-a7e2fd3 elementor-widget elementor-widget-heading\" data-id=\"a7e2fd3\" data-element_type=\"widget\" data-widget_type=\"heading.default\">\n\t\t\t\t<div class=\"elementor-widget-container\">\n\t\t\t<h3 class=\"elementor-heading-title elementor-size-default\">Ir\u00e1ny\u00edt\u00f3pultok \u00e9s jelent\u00e9sek modul<\/h3>\t\t<\/div>\n\t\t\t\t<\/div>\n\t\t\t\t<div class=\"elementor-element elementor-element-8b5eb9b elementor-widget elementor-widget-text-editor\" data-id=\"8b5eb9b\" data-element_type=\"widget\" data-widget_type=\"text-editor.default\">\n\t\t\t\t<div class=\"elementor-widget-container\">\n\t\t\t\t\t\t\t<p>A rendszer lehet\u0151v\u00e9 teszi az adatok jelent\u00e9s\u00e9t. Az \u00fa.n. el\u0151re tervezett jelent\u00e9sek l\u00e9trehoz\u00e1sa, amelyeket ciklikusan gener\u00e1lnak a megadott id\u0151intervallum, meghat\u00e1rozott id\u0151 szerint, \u00e9s elk\u00fcldik a megadott e-mail c\u00edmekre. Az ir\u00e1ny\u00edt\u00f3pultok lehet\u0151v\u00e9 teszik a legfontosabb adatok val\u00f3s id\u0151ben t\u00f6rt\u00e9n\u0151 megtekint\u00e9s\u00e9t. Ennek k\u00f6sz\u00f6nhet\u0151en a rendszergazd\u00e1k azonnal reag\u00e1lhatnak a h\u00e1l\u00f3zaton t\u00f6rt\u00e9nt szokatlan v\u00e1ltoz\u00e1sokra. Az ir\u00e1ny\u00edt\u00f3pultok interakt\u00edvak, \u00e9s lehet\u0151v\u00e9 teszik az adott eszk\u00f6z\u00f6k\/eszk\u00f6zcsoportok gyors el\u00e9r\u00e9s\u00e9t.<\/p>\t\t\t\t\t\t<\/div>\n\t\t\t\t<\/div>\n\t\t\t\t\t<\/div>\n\t\t<\/div>\n\t\t\t\t\t<\/div>\n\t\t<\/section>\n\t\t\t\t\t<\/div>\n\t\t<\/div>\n\t\t\t\t\t<\/div>\n\t\t<\/section>\n\t\t\t\t<\/div>\n\t\t","protected":false},"excerpt":{"rendered":"<p>FUNKCI\u00d3K Eszk\u00f6zcsoportok l\u00e9trehoz\u00e1sa Az alkalmaz\u00e1s lehet\u0151v\u00e9 teszi az eszk\u00f6zcsoportok l\u00e9trehoz\u00e1s\u00e1t. Ennek k\u00f6sz\u00f6nhet\u0151en a konfigur\u00e1ci\u00f3k l\u00e9trehoz\u00e1sa, majd terjeszt\u00e9se nem ig\u00e9nyel k\u00fcl\u00f6n m\u0171veleteket az egyes munka\u00e1llom\u00e1sokon, hanem csak egy adott csoportot kell kijel\u00f6lni, amely minden b\u00f6ng\u00e9sz\u0151 megkapja az el\u0151re meghat\u00e1rozott be\u00e1ll\u00edt\u00e1sokat. A csoportokba t\u00f6rt\u00e9n\u0151 feloszt\u00e1s lehet\u0151v\u00e9 teszi az egyes eszk\u00f6z\u00f6k egyszer\u0171 azonos\u00edt\u00e1s\u00e1t a feloszt\u00e1s bevezet\u00e9sekor, p\u00e9ld\u00e1ul a [&hellip;]<\/p>\n","protected":false},"author":20,"featured_media":0,"parent":69410,"menu_order":10,"comment_status":"closed","ping_status":"closed","template":"page-templates\/single-product.php","meta":{"content-type":"","om_disable_all_campaigns":false,"inline_featured_image":false,"_monsterinsights_skip_tracking":false,"_monsterinsights_sitenote_active":false,"_monsterinsights_sitenote_note":"","_monsterinsights_sitenote_category":0,"_links_to":"","_links_to_target":""},"acf":[],"aioseo_notices":[],"yoast_head":"<!-- This site is optimized with the Yoast SEO plugin v20.6 - https:\/\/yoast.com\/wordpress\/plugins\/seo\/ -->\n<title>B\u00f6ng\u00e9sz\u0151 biztons\u00e1ga - Browser Security Plus - MWT Solutions<\/title>\n<meta name=\"description\" content=\"Olyan \u00fczleti eszk\u00f6z, amely seg\u00edt az informatikai rendszergazd\u00e1knak a b\u00f6ng\u00e9sz\u0151k biztons\u00e1g\u00e1nak meg\u0151rz\u00e9s\u00e9ben \u00e9s a bizalmas adatok v\u00e9delm\u00e9ben.\" \/>\n<meta name=\"robots\" content=\"index, follow, max-snippet:-1, max-image-preview:large, max-video-preview:-1\" \/>\n<link rel=\"canonical\" href=\"https:\/\/i.mwtsolutions.eu\/hu\/termekek\/security-it\/browser-security-plus\/\" \/>\n<meta property=\"og:locale\" content=\"hu_HU\" \/>\n<meta property=\"og:type\" content=\"article\" \/>\n<meta property=\"og:title\" content=\"B\u00f6ng\u00e9sz\u0151 biztons\u00e1ga - Browser Security Plus - MWT Solutions\" \/>\n<meta property=\"og:description\" content=\"Olyan \u00fczleti eszk\u00f6z, amely seg\u00edt az informatikai rendszergazd\u00e1knak a b\u00f6ng\u00e9sz\u0151k biztons\u00e1g\u00e1nak meg\u0151rz\u00e9s\u00e9ben \u00e9s a bizalmas adatok v\u00e9delm\u00e9ben.\" \/>\n<meta property=\"og:url\" content=\"https:\/\/i.mwtsolutions.eu\/hu\/termekek\/security-it\/browser-security-plus\/\" \/>\n<meta property=\"og:site_name\" content=\"MWT Solutions\" \/>\n<meta property=\"article:modified_time\" content=\"2021-12-07T12:30:28+00:00\" \/>\n<meta name=\"twitter:card\" content=\"summary_large_image\" \/>\n<meta name=\"twitter:label1\" content=\"Becs\u00fclt olvas\u00e1si id\u0151\" \/>\n\t<meta name=\"twitter:data1\" content=\"2 perc\" \/>\n<script type=\"application\/ld+json\" class=\"yoast-schema-graph\">{\"@context\":\"https:\/\/schema.org\",\"@graph\":[{\"@type\":\"WebPage\",\"@id\":\"https:\/\/i.mwtsolutions.eu\/hu\/termekek\/security-it\/browser-security-plus\/\",\"url\":\"https:\/\/i.mwtsolutions.eu\/hu\/termekek\/security-it\/browser-security-plus\/\",\"name\":\"B\u00f6ng\u00e9sz\u0151 biztons\u00e1ga - Browser Security Plus - MWT Solutions\",\"isPartOf\":{\"@id\":\"https:\/\/i.mwtsolutions.eu\/#website\"},\"datePublished\":\"2020-04-30T12:16:40+00:00\",\"dateModified\":\"2021-12-07T12:30:28+00:00\",\"description\":\"Olyan \u00fczleti eszk\u00f6z, amely seg\u00edt az informatikai rendszergazd\u00e1knak a b\u00f6ng\u00e9sz\u0151k biztons\u00e1g\u00e1nak meg\u0151rz\u00e9s\u00e9ben \u00e9s a bizalmas adatok v\u00e9delm\u00e9ben.\",\"breadcrumb\":{\"@id\":\"https:\/\/i.mwtsolutions.eu\/hu\/termekek\/security-it\/browser-security-plus\/#breadcrumb\"},\"inLanguage\":\"hu\",\"potentialAction\":[{\"@type\":\"ReadAction\",\"target\":[\"https:\/\/i.mwtsolutions.eu\/hu\/termekek\/security-it\/browser-security-plus\/\"]}]},{\"@type\":\"BreadcrumbList\",\"@id\":\"https:\/\/i.mwtsolutions.eu\/hu\/termekek\/security-it\/browser-security-plus\/#breadcrumb\",\"itemListElement\":[{\"@type\":\"ListItem\",\"position\":1,\"name\":\"Home\",\"item\":\"https:\/\/i.mwtsolutions.eu\/hu\/\"},{\"@type\":\"ListItem\",\"position\":2,\"name\":\"Term\u00e9kek\",\"item\":\"https:\/\/i.mwtsolutions.eu\/hu\/termekek\/\"},{\"@type\":\"ListItem\",\"position\":3,\"name\":\"Security IT\",\"item\":\"https:\/\/i.mwtsolutions.eu\/hu\/termekek\/security-it\/\"},{\"@type\":\"ListItem\",\"position\":4,\"name\":\"Browser Security Plus\"}]},{\"@type\":\"WebSite\",\"@id\":\"https:\/\/i.mwtsolutions.eu\/#website\",\"url\":\"https:\/\/i.mwtsolutions.eu\/\",\"name\":\"MWT Solutions\",\"description\":\"Wy\u0142\u0105czny dystrybutor ManageEngine w Polsce\",\"publisher\":{\"@id\":\"https:\/\/i.mwtsolutions.eu\/#organization\"},\"potentialAction\":[{\"@type\":\"SearchAction\",\"target\":{\"@type\":\"EntryPoint\",\"urlTemplate\":\"https:\/\/i.mwtsolutions.eu\/?s={search_term_string}\"},\"query-input\":\"required name=search_term_string\"}],\"inLanguage\":\"hu\"},{\"@type\":\"Organization\",\"@id\":\"https:\/\/i.mwtsolutions.eu\/#organization\",\"name\":\"MWT Solutions\",\"url\":\"https:\/\/i.mwtsolutions.eu\/\",\"logo\":{\"@type\":\"ImageObject\",\"inLanguage\":\"hu\",\"@id\":\"https:\/\/i.mwtsolutions.eu\/#\/schema\/logo\/image\/\",\"url\":\"https:\/\/i.mwtsolutions.eu\/wp-content\/uploads\/2025\/05\/logo_MWT_rgb-color-1.png\",\"contentUrl\":\"https:\/\/i.mwtsolutions.eu\/wp-content\/uploads\/2025\/05\/logo_MWT_rgb-color-1.png\",\"width\":2825,\"height\":850,\"caption\":\"MWT Solutions\"},\"image\":{\"@id\":\"https:\/\/i.mwtsolutions.eu\/#\/schema\/logo\/image\/\"},\"sameAs\":[\"https:\/\/pl.linkedin.com\/company\/mwt-solutions\"]}]}<\/script>\n<!-- \/ Yoast SEO plugin. -->","yoast_head_json":{"title":"B\u00f6ng\u00e9sz\u0151 biztons\u00e1ga - Browser Security Plus - MWT Solutions","description":"Olyan \u00fczleti eszk\u00f6z, amely seg\u00edt az informatikai rendszergazd\u00e1knak a b\u00f6ng\u00e9sz\u0151k biztons\u00e1g\u00e1nak meg\u0151rz\u00e9s\u00e9ben \u00e9s a bizalmas adatok v\u00e9delm\u00e9ben.","robots":{"index":"index","follow":"follow","max-snippet":"max-snippet:-1","max-image-preview":"max-image-preview:large","max-video-preview":"max-video-preview:-1"},"canonical":"https:\/\/i.mwtsolutions.eu\/hu\/termekek\/security-it\/browser-security-plus\/","og_locale":"hu_HU","og_type":"article","og_title":"B\u00f6ng\u00e9sz\u0151 biztons\u00e1ga - Browser Security Plus - MWT Solutions","og_description":"Olyan \u00fczleti eszk\u00f6z, amely seg\u00edt az informatikai rendszergazd\u00e1knak a b\u00f6ng\u00e9sz\u0151k biztons\u00e1g\u00e1nak meg\u0151rz\u00e9s\u00e9ben \u00e9s a bizalmas adatok v\u00e9delm\u00e9ben.","og_url":"https:\/\/i.mwtsolutions.eu\/hu\/termekek\/security-it\/browser-security-plus\/","og_site_name":"MWT Solutions","article_modified_time":"2021-12-07T12:30:28+00:00","twitter_card":"summary_large_image","twitter_misc":{"Becs\u00fclt olvas\u00e1si id\u0151":"2 perc"},"schema":{"@context":"https:\/\/schema.org","@graph":[{"@type":"WebPage","@id":"https:\/\/i.mwtsolutions.eu\/hu\/termekek\/security-it\/browser-security-plus\/","url":"https:\/\/i.mwtsolutions.eu\/hu\/termekek\/security-it\/browser-security-plus\/","name":"B\u00f6ng\u00e9sz\u0151 biztons\u00e1ga - Browser Security Plus - MWT Solutions","isPartOf":{"@id":"https:\/\/i.mwtsolutions.eu\/#website"},"datePublished":"2020-04-30T12:16:40+00:00","dateModified":"2021-12-07T12:30:28+00:00","description":"Olyan \u00fczleti eszk\u00f6z, amely seg\u00edt az informatikai rendszergazd\u00e1knak a b\u00f6ng\u00e9sz\u0151k biztons\u00e1g\u00e1nak meg\u0151rz\u00e9s\u00e9ben \u00e9s a bizalmas adatok v\u00e9delm\u00e9ben.","breadcrumb":{"@id":"https:\/\/i.mwtsolutions.eu\/hu\/termekek\/security-it\/browser-security-plus\/#breadcrumb"},"inLanguage":"hu","potentialAction":[{"@type":"ReadAction","target":["https:\/\/i.mwtsolutions.eu\/hu\/termekek\/security-it\/browser-security-plus\/"]}]},{"@type":"BreadcrumbList","@id":"https:\/\/i.mwtsolutions.eu\/hu\/termekek\/security-it\/browser-security-plus\/#breadcrumb","itemListElement":[{"@type":"ListItem","position":1,"name":"Home","item":"https:\/\/i.mwtsolutions.eu\/hu\/"},{"@type":"ListItem","position":2,"name":"Term\u00e9kek","item":"https:\/\/i.mwtsolutions.eu\/hu\/termekek\/"},{"@type":"ListItem","position":3,"name":"Security IT","item":"https:\/\/i.mwtsolutions.eu\/hu\/termekek\/security-it\/"},{"@type":"ListItem","position":4,"name":"Browser Security Plus"}]},{"@type":"WebSite","@id":"https:\/\/i.mwtsolutions.eu\/#website","url":"https:\/\/i.mwtsolutions.eu\/","name":"MWT Solutions","description":"Wy\u0142\u0105czny dystrybutor ManageEngine w Polsce","publisher":{"@id":"https:\/\/i.mwtsolutions.eu\/#organization"},"potentialAction":[{"@type":"SearchAction","target":{"@type":"EntryPoint","urlTemplate":"https:\/\/i.mwtsolutions.eu\/?s={search_term_string}"},"query-input":"required name=search_term_string"}],"inLanguage":"hu"},{"@type":"Organization","@id":"https:\/\/i.mwtsolutions.eu\/#organization","name":"MWT Solutions","url":"https:\/\/i.mwtsolutions.eu\/","logo":{"@type":"ImageObject","inLanguage":"hu","@id":"https:\/\/i.mwtsolutions.eu\/#\/schema\/logo\/image\/","url":"https:\/\/i.mwtsolutions.eu\/wp-content\/uploads\/2025\/05\/logo_MWT_rgb-color-1.png","contentUrl":"https:\/\/i.mwtsolutions.eu\/wp-content\/uploads\/2025\/05\/logo_MWT_rgb-color-1.png","width":2825,"height":850,"caption":"MWT Solutions"},"image":{"@id":"https:\/\/i.mwtsolutions.eu\/#\/schema\/logo\/image\/"},"sameAs":["https:\/\/pl.linkedin.com\/company\/mwt-solutions"]}]}},"_links":{"self":[{"href":"https:\/\/i.mwtsolutions.eu\/hu\/wp-json\/wp\/v2\/pages\/69471"}],"collection":[{"href":"https:\/\/i.mwtsolutions.eu\/hu\/wp-json\/wp\/v2\/pages"}],"about":[{"href":"https:\/\/i.mwtsolutions.eu\/hu\/wp-json\/wp\/v2\/types\/page"}],"author":[{"embeddable":true,"href":"https:\/\/i.mwtsolutions.eu\/hu\/wp-json\/wp\/v2\/users\/20"}],"replies":[{"embeddable":true,"href":"https:\/\/i.mwtsolutions.eu\/hu\/wp-json\/wp\/v2\/comments?post=69471"}],"version-history":[{"count":6,"href":"https:\/\/i.mwtsolutions.eu\/hu\/wp-json\/wp\/v2\/pages\/69471\/revisions"}],"predecessor-version":[{"id":71472,"href":"https:\/\/i.mwtsolutions.eu\/hu\/wp-json\/wp\/v2\/pages\/69471\/revisions\/71472"}],"up":[{"embeddable":true,"href":"https:\/\/i.mwtsolutions.eu\/hu\/wp-json\/wp\/v2\/pages\/69410"}],"wp:attachment":[{"href":"https:\/\/i.mwtsolutions.eu\/hu\/wp-json\/wp\/v2\/media?parent=69471"}],"curies":[{"name":"wp","href":"https:\/\/api.w.org\/{rel}","templated":true}]}}