{"id":69472,"date":"2020-04-30T14:16:44","date_gmt":"2020-04-30T12:16:44","guid":{"rendered":"https:\/\/mwtsolutions.eu\/produkty\/security-it\/analiza-srodowiska-chmurowego-cloud-security-plus\/"},"modified":"2021-12-07T13:41:24","modified_gmt":"2021-12-07T12:41:24","slug":"cloud-security-plus","status":"publish","type":"page","link":"https:\/\/i.mwtsolutions.eu\/hu\/termekek\/security-it\/cloud-security-plus\/","title":{"rendered":"Cloud Security Plus"},"content":{"rendered":"\t\t<div data-elementor-type=\"wp-page\" data-elementor-id=\"69472\" class=\"elementor elementor-69472 elementor-512\" data-elementor-post-type=\"page\">\n\t\t\t\t\t\t<section class=\"elementor-section elementor-top-section elementor-element elementor-element-c69474c elementor-section-boxed elementor-section-height-default elementor-section-height-default force-full-width-no\" data-id=\"c69474c\" data-element_type=\"section\">\n\t\t\t\t\t\t<div class=\"elementor-container elementor-column-gap-default\">\n\t\t\t\t\t<div class=\"elementor-column elementor-col-100 elementor-top-column elementor-element elementor-element-58d1add\" data-id=\"58d1add\" data-element_type=\"column\">\n\t\t\t<div class=\"elementor-widget-wrap elementor-element-populated\">\n\t\t\t\t\t\t<div class=\"elementor-element elementor-element-8abce33 elementor-widget elementor-widget-heading\" data-id=\"8abce33\" data-element_type=\"widget\" data-widget_type=\"heading.default\">\n\t\t\t\t<div class=\"elementor-widget-container\">\n\t\t\t<h2 class=\"elementor-heading-title elementor-size-default\">FUNKCI\u00d3K<\/h2>\t\t<\/div>\n\t\t\t\t<\/div>\n\t\t\t\t<section class=\"elementor-section elementor-inner-section elementor-element elementor-element-f245fad elementor-section-boxed elementor-section-height-default elementor-section-height-default force-full-width-no\" data-id=\"f245fad\" data-element_type=\"section\">\n\t\t\t\t\t\t<div class=\"elementor-container elementor-column-gap-default\">\n\t\t\t\t\t<div class=\"elementor-column elementor-col-50 elementor-inner-column elementor-element elementor-element-e548169\" data-id=\"e548169\" data-element_type=\"column\">\n\t\t\t<div class=\"elementor-widget-wrap elementor-element-populated\">\n\t\t\t\t\t\t<div class=\"elementor-element elementor-element-f7a3913 elementor-widget elementor-widget-heading\" data-id=\"f7a3913\" data-element_type=\"widget\" data-widget_type=\"heading.default\">\n\t\t\t\t<div class=\"elementor-widget-container\">\n\t\t\t<h3 class=\"elementor-heading-title elementor-size-default\">Az \u00f6sszes adat gyors \u00e1ttekint\u00e9se<\/h3>\t\t<\/div>\n\t\t\t\t<\/div>\n\t\t\t\t<div class=\"elementor-element elementor-element-c576877 elementor-widget elementor-widget-text-editor\" data-id=\"c576877\" data-element_type=\"widget\" data-widget_type=\"text-editor.default\">\n\t\t\t\t<div class=\"elementor-widget-container\">\n\t\t\t\t\t\t\t<p>A Cloud Security Plus k\u00e9pes az alkalmaz\u00e1sba val\u00f3 bejelentkez\u00e9s ut\u00e1n a k\u00f6rnyezet aktu\u00e1lis \u00e1llapot\u00e1t bemutat\u00f3 adatok bemutat\u00e1s\u00e1ra. Az interf\u00e9sz lehet\u0151v\u00e9 teszi, hogy kiv\u00e1lassza a megfelel\u0151 felh\u0151megold\u00e1st, \u00e9s kiv\u00e1laszthatja az ellen\u0151rizni k\u00edv\u00e1nt id\u0151szakot. Az ir\u00e1ny\u00edt\u00f3pultok lehet\u0151v\u00e9 teszik, hogy egy kattint\u00e1ssal k\u00f6zvetlen\u00fcl a megfelel\u0151 jelent\u00e9shez jusson.<\/p>\t\t\t\t\t\t<\/div>\n\t\t\t\t<\/div>\n\t\t\t\t\t<\/div>\n\t\t<\/div>\n\t\t\t\t<div class=\"elementor-column elementor-col-50 elementor-inner-column elementor-element elementor-element-fe1d819\" data-id=\"fe1d819\" data-element_type=\"column\">\n\t\t\t<div class=\"elementor-widget-wrap elementor-element-populated\">\n\t\t\t\t\t\t<div class=\"elementor-element elementor-element-2248c89 monitor-right elementor-widget elementor-widget-image\" data-id=\"2248c89\" data-element_type=\"widget\" data-widget_type=\"image.default\">\n\t\t\t\t<div class=\"elementor-widget-container\">\n\t\t\t\t\t\t\t\t\t\t\t\t\t<img fetchpriority=\"high\" width=\"1024\" height=\"512\" src=\"https:\/\/i.mwtsolutions.eu\/wp-content\/uploads\/2020\/07\/Szybki-podgl\u0105d-1024x512.png\" class=\"attachment-large size-large wp-image-67943\" alt=\"\" srcset=\"https:\/\/i.mwtsolutions.eu\/wp-content\/uploads\/2020\/07\/Szybki-podgl\u0105d-1024x512.png 1024w, https:\/\/i.mwtsolutions.eu\/wp-content\/uploads\/2020\/07\/Szybki-podgl\u0105d-300x150.png 300w, https:\/\/i.mwtsolutions.eu\/wp-content\/uploads\/2020\/07\/Szybki-podgl\u0105d-768x384.png 768w, https:\/\/i.mwtsolutions.eu\/wp-content\/uploads\/2020\/07\/Szybki-podgl\u0105d-1536x768.png 1536w, https:\/\/i.mwtsolutions.eu\/wp-content\/uploads\/2020\/07\/Szybki-podgl\u0105d.png 1894w\" sizes=\"(max-width: 1024px) 100vw, 1024px\" \/>\t\t\t\t\t\t\t\t\t\t\t\t\t<\/div>\n\t\t\t\t<\/div>\n\t\t\t\t\t<\/div>\n\t\t<\/div>\n\t\t\t\t\t<\/div>\n\t\t<\/section>\n\t\t\t\t<section class=\"elementor-section elementor-inner-section elementor-element elementor-element-5c76fdf elementor-reverse-mobile elementor-section-boxed elementor-section-height-default elementor-section-height-default force-full-width-no\" data-id=\"5c76fdf\" data-element_type=\"section\">\n\t\t\t\t\t\t<div class=\"elementor-container elementor-column-gap-default\">\n\t\t\t\t\t<div class=\"elementor-column elementor-col-50 elementor-inner-column elementor-element elementor-element-786d18f\" data-id=\"786d18f\" data-element_type=\"column\">\n\t\t\t<div class=\"elementor-widget-wrap elementor-element-populated\">\n\t\t\t\t\t\t<div class=\"elementor-element elementor-element-89b80bc monitor-left elementor-widget elementor-widget-image\" data-id=\"89b80bc\" data-element_type=\"widget\" data-widget_type=\"image.default\">\n\t\t\t\t<div class=\"elementor-widget-container\">\n\t\t\t\t\t\t\t\t\t\t\t\t\t<img width=\"1024\" height=\"469\" src=\"https:\/\/i.mwtsolutions.eu\/wp-content\/uploads\/2020\/07\/Zarz\u0105dzanie-1024x469.png\" class=\"attachment-large size-large wp-image-67945\" alt=\"\" srcset=\"https:\/\/i.mwtsolutions.eu\/wp-content\/uploads\/2020\/07\/Zarz\u0105dzanie-1024x469.png 1024w, https:\/\/i.mwtsolutions.eu\/wp-content\/uploads\/2020\/07\/Zarz\u0105dzanie-300x138.png 300w, https:\/\/i.mwtsolutions.eu\/wp-content\/uploads\/2020\/07\/Zarz\u0105dzanie-768x352.png 768w, https:\/\/i.mwtsolutions.eu\/wp-content\/uploads\/2020\/07\/Zarz\u0105dzanie-1536x704.png 1536w, https:\/\/i.mwtsolutions.eu\/wp-content\/uploads\/2020\/07\/Zarz\u0105dzanie.png 1911w\" sizes=\"(max-width: 1024px) 100vw, 1024px\" \/>\t\t\t\t\t\t\t\t\t\t\t\t\t<\/div>\n\t\t\t\t<\/div>\n\t\t\t\t\t<\/div>\n\t\t<\/div>\n\t\t\t\t<div class=\"elementor-column elementor-col-50 elementor-inner-column elementor-element elementor-element-04a26f2\" data-id=\"04a26f2\" data-element_type=\"column\">\n\t\t\t<div class=\"elementor-widget-wrap elementor-element-populated\">\n\t\t\t\t\t\t<div class=\"elementor-element elementor-element-8c16d6c elementor-widget elementor-widget-heading\" data-id=\"8c16d6c\" data-element_type=\"widget\" data-widget_type=\"heading.default\">\n\t\t\t\t<div class=\"elementor-widget-container\">\n\t\t\t<h3 class=\"elementor-heading-title elementor-size-default\">Nyilv\u00e1nos felh\u0151k k\u00f6zponti kezel\u00e9se<\/h3>\t\t<\/div>\n\t\t\t\t<\/div>\n\t\t\t\t<div class=\"elementor-element elementor-element-29bb734 elementor-widget elementor-widget-text-editor\" data-id=\"29bb734\" data-element_type=\"widget\" data-widget_type=\"text-editor.default\">\n\t\t\t\t<div class=\"elementor-widget-container\">\n\t\t\t\t\t\t\t<p>A rendszer sz\u00e1mos nyilv\u00e1nos felh\u0151alkalmaz\u00e1sb\u00f3l gy\u0171jt inform\u00e1ci\u00f3kat, \u00e9s egy meghat\u00e1rozott ideig egy adatb\u00e1zisban t\u00e1rolja azokat. A Cloud Security Plus \u00e1ltal kapott adatok grafikusan jelen\u00edthet\u0151k meg jelent\u00e9sek seg\u00edts\u00e9g\u00e9vel. Ennek a funkci\u00f3nak k\u00f6sz\u00f6nhet\u0151en k\u00e9pesek vagyunk fel\u00fcgyelni az \u00f6sszes m\u0171veletet, egyetlen konzolr\u00f3l, t\u00f6bb felh\u0151k\u00f6rnyezet k\u00f6z\u00f6tt.<\/p>\t\t\t\t\t\t<\/div>\n\t\t\t\t<\/div>\n\t\t\t\t\t<\/div>\n\t\t<\/div>\n\t\t\t\t\t<\/div>\n\t\t<\/section>\n\t\t\t\t<section class=\"elementor-section elementor-inner-section elementor-element elementor-element-bbb8143 elementor-section-boxed elementor-section-height-default elementor-section-height-default force-full-width-no\" data-id=\"bbb8143\" data-element_type=\"section\">\n\t\t\t\t\t\t<div class=\"elementor-container elementor-column-gap-default\">\n\t\t\t\t\t<div class=\"elementor-column elementor-col-50 elementor-inner-column elementor-element elementor-element-09bf153\" data-id=\"09bf153\" data-element_type=\"column\">\n\t\t\t<div class=\"elementor-widget-wrap elementor-element-populated\">\n\t\t\t\t\t\t<div class=\"elementor-element elementor-element-b583600 elementor-widget elementor-widget-heading\" data-id=\"b583600\" data-element_type=\"widget\" data-widget_type=\"heading.default\">\n\t\t\t\t<div class=\"elementor-widget-container\">\n\t\t\t<h3 class=\"elementor-heading-title elementor-size-default\">Felh\u0151 k\u00f6rnyezetek \u00e9s a felh\u0151 k\u00f6rnyezet jelent\u00e9seinek ellen\u0151rz\u00e9se<\/h3>\t\t<\/div>\n\t\t\t\t<\/div>\n\t\t\t\t<div class=\"elementor-element elementor-element-e83386a elementor-widget elementor-widget-text-editor\" data-id=\"e83386a\" data-element_type=\"widget\" data-widget_type=\"text-editor.default\">\n\t\t\t\t<div class=\"elementor-widget-container\">\n\t\t\t\t\t\t\t<p>A Cloud Security Plus sz\u00e1mos el\u0151re defini\u00e1lt jelent\u00e9ssel rendelkezik, amely r\u00e9szletes inform\u00e1ci\u00f3kat tartalmaznak az Amazon EC2-ben, a Web Application Firewalls (WAF), a Relational Database Service (RDS), a Lambda, a Security Token Service (STS), az Elastic Block Store (EBS), Virtual Private Cloud (VPC), Elastic Load Balancer (ELB) \u00e9s Simple Storage Service (S3) h\u00e1l\u00f3zati alkalmaz\u00e1sok t\u0171zfalaiban t\u00f6rt\u00e9n\u0151 esem\u00e9nyekr\u0151l. Maga a rendszer minden egyes friss\u00edt\u00e9ssel \u00faj jelent\u00e9sekkel is b\u0151v\u00fcl.<\/p>\t\t\t\t\t\t<\/div>\n\t\t\t\t<\/div>\n\t\t\t\t\t<\/div>\n\t\t<\/div>\n\t\t\t\t<div class=\"elementor-column elementor-col-50 elementor-inner-column elementor-element elementor-element-6932fc6\" data-id=\"6932fc6\" data-element_type=\"column\">\n\t\t\t<div class=\"elementor-widget-wrap elementor-element-populated\">\n\t\t\t\t\t\t<div class=\"elementor-element elementor-element-e9773e8 monitor-center elementor-widget elementor-widget-image\" data-id=\"e9773e8\" data-element_type=\"widget\" data-widget_type=\"image.default\">\n\t\t\t\t<div class=\"elementor-widget-container\">\n\t\t\t\t\t\t\t\t\t\t\t\t\t<img width=\"1024\" height=\"517\" src=\"https:\/\/i.mwtsolutions.eu\/wp-content\/uploads\/2020\/07\/Audyt-i-raporty-1024x517.png\" class=\"attachment-large size-large wp-image-67947\" alt=\"\" srcset=\"https:\/\/i.mwtsolutions.eu\/wp-content\/uploads\/2020\/07\/Audyt-i-raporty-1024x517.png 1024w, https:\/\/i.mwtsolutions.eu\/wp-content\/uploads\/2020\/07\/Audyt-i-raporty-300x151.png 300w, https:\/\/i.mwtsolutions.eu\/wp-content\/uploads\/2020\/07\/Audyt-i-raporty-768x387.png 768w, https:\/\/i.mwtsolutions.eu\/wp-content\/uploads\/2020\/07\/Audyt-i-raporty-1536x775.png 1536w, https:\/\/i.mwtsolutions.eu\/wp-content\/uploads\/2020\/07\/Audyt-i-raporty.png 1899w\" sizes=\"(max-width: 1024px) 100vw, 1024px\" \/>\t\t\t\t\t\t\t\t\t\t\t\t\t<\/div>\n\t\t\t\t<\/div>\n\t\t\t\t\t<\/div>\n\t\t<\/div>\n\t\t\t\t\t<\/div>\n\t\t<\/section>\n\t\t\t\t<section class=\"elementor-section elementor-inner-section elementor-element elementor-element-aeb6f82 elementor-reverse-mobile elementor-section-boxed elementor-section-height-default elementor-section-height-default force-full-width-no\" data-id=\"aeb6f82\" data-element_type=\"section\">\n\t\t\t\t\t\t<div class=\"elementor-container elementor-column-gap-default\">\n\t\t\t\t\t<div class=\"elementor-column elementor-col-50 elementor-inner-column elementor-element elementor-element-ecfbbd2\" data-id=\"ecfbbd2\" data-element_type=\"column\">\n\t\t\t<div class=\"elementor-widget-wrap elementor-element-populated\">\n\t\t\t\t\t\t<div class=\"elementor-element elementor-element-f720bd0 monitor-left elementor-widget elementor-widget-image\" data-id=\"f720bd0\" data-element_type=\"widget\" data-widget_type=\"image.default\">\n\t\t\t\t<div class=\"elementor-widget-container\">\n\t\t\t\t\t\t\t\t\t\t\t\t\t<img loading=\"lazy\" width=\"1024\" height=\"494\" src=\"https:\/\/i.mwtsolutions.eu\/wp-content\/uploads\/2020\/07\/Alarmowanie-1024x494.png\" class=\"attachment-large size-large wp-image-67949\" alt=\"\" srcset=\"https:\/\/i.mwtsolutions.eu\/wp-content\/uploads\/2020\/07\/Alarmowanie-1024x494.png 1024w, https:\/\/i.mwtsolutions.eu\/wp-content\/uploads\/2020\/07\/Alarmowanie-300x145.png 300w, https:\/\/i.mwtsolutions.eu\/wp-content\/uploads\/2020\/07\/Alarmowanie-768x370.png 768w, https:\/\/i.mwtsolutions.eu\/wp-content\/uploads\/2020\/07\/Alarmowanie-1536x741.png 1536w, https:\/\/i.mwtsolutions.eu\/wp-content\/uploads\/2020\/07\/Alarmowanie.png 1914w\" sizes=\"(max-width: 1024px) 100vw, 1024px\" \/>\t\t\t\t\t\t\t\t\t\t\t\t\t<\/div>\n\t\t\t\t<\/div>\n\t\t\t\t\t<\/div>\n\t\t<\/div>\n\t\t\t\t<div class=\"elementor-column elementor-col-50 elementor-inner-column elementor-element elementor-element-96c3e6d\" data-id=\"96c3e6d\" data-element_type=\"column\">\n\t\t\t<div class=\"elementor-widget-wrap elementor-element-populated\">\n\t\t\t\t\t\t<div class=\"elementor-element elementor-element-d8a428b elementor-widget elementor-widget-heading\" data-id=\"d8a428b\" data-element_type=\"widget\" data-widget_type=\"heading.default\">\n\t\t\t\t<div class=\"elementor-widget-container\">\n\t\t\t<h3 class=\"elementor-heading-title elementor-size-default\">Val\u00f3s idej\u0171 riaszt\u00e1s a k\u00f6rnyezetben bek\u00f6vetkezett probl\u00e9m\u00e1kr\u00f3l<\/h3>\t\t<\/div>\n\t\t\t\t<\/div>\n\t\t\t\t<div class=\"elementor-element elementor-element-8d731f8 elementor-widget elementor-widget-text-editor\" data-id=\"8d731f8\" data-element_type=\"widget\" data-widget_type=\"text-editor.default\">\n\t\t\t\t<div class=\"elementor-widget-container\">\n\t\t\t\t\t\t\t<p>A rendszer rendelkezik a rendszergazd\u00e1knak sz\u00f3l\u00f3 \u00e9rtes\u00edt\u00e9sek e-mailben t\u00f6rt\u00e9n\u0151 konfigur\u00e1l\u00e1s\u00e1nak lehet\u0151s\u00e9g\u00e9vel. Minden riaszt\u00e1si t\u00edpushoz hozz\u00e1rendelhet\u0151 egy megfelel\u0151 \u00fczenetn\u00e9v, amely seg\u00edt a technikusnak a probl\u00e9ma vagy potenci\u00e1lisan vesz\u00e9lyes esem\u00e9ny azonos\u00edt\u00e1s\u00e1ban, s ak\u00e1r val\u00f3s idej\u0171 riaszt\u00e1st kapunk, ami minden rendszergazda munk\u00e1j\u00e1nak \u00e9rt\u00e9kes eleme.<\/p>\t\t\t\t\t\t<\/div>\n\t\t\t\t<\/div>\n\t\t\t\t\t<\/div>\n\t\t<\/div>\n\t\t\t\t\t<\/div>\n\t\t<\/section>\n\t\t\t\t\t<\/div>\n\t\t<\/div>\n\t\t\t\t\t<\/div>\n\t\t<\/section>\n\t\t\t\t<\/div>\n\t\t","protected":false},"excerpt":{"rendered":"<p>FUNKCI\u00d3K Az \u00f6sszes adat gyors \u00e1ttekint\u00e9se A Cloud Security Plus k\u00e9pes az alkalmaz\u00e1sba val\u00f3 bejelentkez\u00e9s ut\u00e1n a k\u00f6rnyezet aktu\u00e1lis \u00e1llapot\u00e1t bemutat\u00f3 adatok bemutat\u00e1s\u00e1ra. Az interf\u00e9sz lehet\u0151v\u00e9 teszi, hogy kiv\u00e1lassza a megfelel\u0151 felh\u0151megold\u00e1st, \u00e9s kiv\u00e1laszthatja az ellen\u0151rizni k\u00edv\u00e1nt id\u0151szakot. Az ir\u00e1ny\u00edt\u00f3pultok lehet\u0151v\u00e9 teszik, hogy egy kattint\u00e1ssal k\u00f6zvetlen\u00fcl a megfelel\u0151 jelent\u00e9shez jusson. Nyilv\u00e1nos felh\u0151k k\u00f6zponti kezel\u00e9se A [&hellip;]<\/p>\n","protected":false},"author":20,"featured_media":0,"parent":69410,"menu_order":10,"comment_status":"closed","ping_status":"closed","template":"page-templates\/single-product.php","meta":{"content-type":"","om_disable_all_campaigns":false,"inline_featured_image":false,"_monsterinsights_skip_tracking":false,"_monsterinsights_sitenote_active":false,"_monsterinsights_sitenote_note":"","_monsterinsights_sitenote_category":0,"_links_to":"","_links_to_target":""},"acf":[],"aioseo_notices":[],"yoast_head":"<!-- This site is optimized with the Yoast SEO plugin v20.6 - https:\/\/yoast.com\/wordpress\/plugins\/seo\/ -->\n<title>Felh\u0151k\u00f6rnyezet elemz\u00e9s \u2013 Cloud Security Plus - MWT Solutions<\/title>\n<meta name=\"description\" content=\"A felh\u0151k\u00f6rnyezet egyszer\u0171bb elemz\u00e9se, napl\u00f3k olyan platformokr\u00f3l, mint az AWS, az Azure, a Google Cloud \u00e9s a Salesforce. Tudjon meg t\u00f6bbet!\" \/>\n<meta name=\"robots\" content=\"index, follow, max-snippet:-1, max-image-preview:large, max-video-preview:-1\" \/>\n<link rel=\"canonical\" href=\"https:\/\/i.mwtsolutions.eu\/hu\/termekek\/security-it\/cloud-security-plus\/\" \/>\n<meta property=\"og:locale\" content=\"hu_HU\" \/>\n<meta property=\"og:type\" content=\"article\" \/>\n<meta property=\"og:title\" content=\"Felh\u0151k\u00f6rnyezet elemz\u00e9s \u2013 Cloud Security Plus - MWT Solutions\" \/>\n<meta property=\"og:description\" content=\"A felh\u0151k\u00f6rnyezet egyszer\u0171bb elemz\u00e9se, napl\u00f3k olyan platformokr\u00f3l, mint az AWS, az Azure, a Google Cloud \u00e9s a Salesforce. Tudjon meg t\u00f6bbet!\" \/>\n<meta property=\"og:url\" content=\"https:\/\/i.mwtsolutions.eu\/hu\/termekek\/security-it\/cloud-security-plus\/\" \/>\n<meta property=\"og:site_name\" content=\"MWT Solutions\" \/>\n<meta property=\"article:modified_time\" content=\"2021-12-07T12:41:24+00:00\" \/>\n<meta property=\"og:image\" content=\"https:\/\/i.mwtsolutions.eu\/wp-content\/uploads\/2020\/07\/Audyt-i-raporty-1024x517.png\" \/>\n<meta name=\"twitter:card\" content=\"summary_large_image\" \/>\n<meta name=\"twitter:label1\" content=\"Becs\u00fclt olvas\u00e1si id\u0151\" \/>\n\t<meta name=\"twitter:data1\" content=\"2 perc\" \/>\n<script type=\"application\/ld+json\" class=\"yoast-schema-graph\">{\"@context\":\"https:\/\/schema.org\",\"@graph\":[{\"@type\":\"WebPage\",\"@id\":\"https:\/\/i.mwtsolutions.eu\/hu\/termekek\/security-it\/cloud-security-plus\/\",\"url\":\"https:\/\/i.mwtsolutions.eu\/hu\/termekek\/security-it\/cloud-security-plus\/\",\"name\":\"Felh\u0151k\u00f6rnyezet elemz\u00e9s \u2013 Cloud Security Plus - MWT Solutions\",\"isPartOf\":{\"@id\":\"https:\/\/i.mwtsolutions.eu\/#website\"},\"datePublished\":\"2020-04-30T12:16:44+00:00\",\"dateModified\":\"2021-12-07T12:41:24+00:00\",\"description\":\"A felh\u0151k\u00f6rnyezet egyszer\u0171bb elemz\u00e9se, napl\u00f3k olyan platformokr\u00f3l, mint az AWS, az Azure, a Google Cloud \u00e9s a Salesforce. Tudjon meg t\u00f6bbet!\",\"breadcrumb\":{\"@id\":\"https:\/\/i.mwtsolutions.eu\/hu\/termekek\/security-it\/cloud-security-plus\/#breadcrumb\"},\"inLanguage\":\"hu\",\"potentialAction\":[{\"@type\":\"ReadAction\",\"target\":[\"https:\/\/i.mwtsolutions.eu\/hu\/termekek\/security-it\/cloud-security-plus\/\"]}]},{\"@type\":\"BreadcrumbList\",\"@id\":\"https:\/\/i.mwtsolutions.eu\/hu\/termekek\/security-it\/cloud-security-plus\/#breadcrumb\",\"itemListElement\":[{\"@type\":\"ListItem\",\"position\":1,\"name\":\"Home\",\"item\":\"https:\/\/i.mwtsolutions.eu\/hu\/\"},{\"@type\":\"ListItem\",\"position\":2,\"name\":\"Term\u00e9kek\",\"item\":\"https:\/\/i.mwtsolutions.eu\/hu\/termekek\/\"},{\"@type\":\"ListItem\",\"position\":3,\"name\":\"Security IT\",\"item\":\"https:\/\/i.mwtsolutions.eu\/hu\/termekek\/security-it\/\"},{\"@type\":\"ListItem\",\"position\":4,\"name\":\"Cloud Security Plus\"}]},{\"@type\":\"WebSite\",\"@id\":\"https:\/\/i.mwtsolutions.eu\/#website\",\"url\":\"https:\/\/i.mwtsolutions.eu\/\",\"name\":\"MWT Solutions\",\"description\":\"Wy\u0142\u0105czny dystrybutor ManageEngine w Polsce\",\"publisher\":{\"@id\":\"https:\/\/i.mwtsolutions.eu\/#organization\"},\"potentialAction\":[{\"@type\":\"SearchAction\",\"target\":{\"@type\":\"EntryPoint\",\"urlTemplate\":\"https:\/\/i.mwtsolutions.eu\/?s={search_term_string}\"},\"query-input\":\"required name=search_term_string\"}],\"inLanguage\":\"hu\"},{\"@type\":\"Organization\",\"@id\":\"https:\/\/i.mwtsolutions.eu\/#organization\",\"name\":\"MWT Solutions\",\"url\":\"https:\/\/i.mwtsolutions.eu\/\",\"logo\":{\"@type\":\"ImageObject\",\"inLanguage\":\"hu\",\"@id\":\"https:\/\/i.mwtsolutions.eu\/#\/schema\/logo\/image\/\",\"url\":\"https:\/\/i.mwtsolutions.eu\/wp-content\/uploads\/2025\/05\/logo_MWT_rgb-color-1.png\",\"contentUrl\":\"https:\/\/i.mwtsolutions.eu\/wp-content\/uploads\/2025\/05\/logo_MWT_rgb-color-1.png\",\"width\":2825,\"height\":850,\"caption\":\"MWT Solutions\"},\"image\":{\"@id\":\"https:\/\/i.mwtsolutions.eu\/#\/schema\/logo\/image\/\"},\"sameAs\":[\"https:\/\/pl.linkedin.com\/company\/mwt-solutions\"]}]}<\/script>\n<!-- \/ Yoast SEO plugin. -->","yoast_head_json":{"title":"Felh\u0151k\u00f6rnyezet elemz\u00e9s \u2013 Cloud Security Plus - MWT Solutions","description":"A felh\u0151k\u00f6rnyezet egyszer\u0171bb elemz\u00e9se, napl\u00f3k olyan platformokr\u00f3l, mint az AWS, az Azure, a Google Cloud \u00e9s a Salesforce. Tudjon meg t\u00f6bbet!","robots":{"index":"index","follow":"follow","max-snippet":"max-snippet:-1","max-image-preview":"max-image-preview:large","max-video-preview":"max-video-preview:-1"},"canonical":"https:\/\/i.mwtsolutions.eu\/hu\/termekek\/security-it\/cloud-security-plus\/","og_locale":"hu_HU","og_type":"article","og_title":"Felh\u0151k\u00f6rnyezet elemz\u00e9s \u2013 Cloud Security Plus - MWT Solutions","og_description":"A felh\u0151k\u00f6rnyezet egyszer\u0171bb elemz\u00e9se, napl\u00f3k olyan platformokr\u00f3l, mint az AWS, az Azure, a Google Cloud \u00e9s a Salesforce. Tudjon meg t\u00f6bbet!","og_url":"https:\/\/i.mwtsolutions.eu\/hu\/termekek\/security-it\/cloud-security-plus\/","og_site_name":"MWT Solutions","article_modified_time":"2021-12-07T12:41:24+00:00","og_image":[{"url":"https:\/\/i.mwtsolutions.eu\/wp-content\/uploads\/2020\/07\/Audyt-i-raporty-1024x517.png"}],"twitter_card":"summary_large_image","twitter_misc":{"Becs\u00fclt olvas\u00e1si id\u0151":"2 perc"},"schema":{"@context":"https:\/\/schema.org","@graph":[{"@type":"WebPage","@id":"https:\/\/i.mwtsolutions.eu\/hu\/termekek\/security-it\/cloud-security-plus\/","url":"https:\/\/i.mwtsolutions.eu\/hu\/termekek\/security-it\/cloud-security-plus\/","name":"Felh\u0151k\u00f6rnyezet elemz\u00e9s \u2013 Cloud Security Plus - MWT Solutions","isPartOf":{"@id":"https:\/\/i.mwtsolutions.eu\/#website"},"datePublished":"2020-04-30T12:16:44+00:00","dateModified":"2021-12-07T12:41:24+00:00","description":"A felh\u0151k\u00f6rnyezet egyszer\u0171bb elemz\u00e9se, napl\u00f3k olyan platformokr\u00f3l, mint az AWS, az Azure, a Google Cloud \u00e9s a Salesforce. Tudjon meg t\u00f6bbet!","breadcrumb":{"@id":"https:\/\/i.mwtsolutions.eu\/hu\/termekek\/security-it\/cloud-security-plus\/#breadcrumb"},"inLanguage":"hu","potentialAction":[{"@type":"ReadAction","target":["https:\/\/i.mwtsolutions.eu\/hu\/termekek\/security-it\/cloud-security-plus\/"]}]},{"@type":"BreadcrumbList","@id":"https:\/\/i.mwtsolutions.eu\/hu\/termekek\/security-it\/cloud-security-plus\/#breadcrumb","itemListElement":[{"@type":"ListItem","position":1,"name":"Home","item":"https:\/\/i.mwtsolutions.eu\/hu\/"},{"@type":"ListItem","position":2,"name":"Term\u00e9kek","item":"https:\/\/i.mwtsolutions.eu\/hu\/termekek\/"},{"@type":"ListItem","position":3,"name":"Security IT","item":"https:\/\/i.mwtsolutions.eu\/hu\/termekek\/security-it\/"},{"@type":"ListItem","position":4,"name":"Cloud Security Plus"}]},{"@type":"WebSite","@id":"https:\/\/i.mwtsolutions.eu\/#website","url":"https:\/\/i.mwtsolutions.eu\/","name":"MWT Solutions","description":"Wy\u0142\u0105czny dystrybutor ManageEngine w Polsce","publisher":{"@id":"https:\/\/i.mwtsolutions.eu\/#organization"},"potentialAction":[{"@type":"SearchAction","target":{"@type":"EntryPoint","urlTemplate":"https:\/\/i.mwtsolutions.eu\/?s={search_term_string}"},"query-input":"required name=search_term_string"}],"inLanguage":"hu"},{"@type":"Organization","@id":"https:\/\/i.mwtsolutions.eu\/#organization","name":"MWT Solutions","url":"https:\/\/i.mwtsolutions.eu\/","logo":{"@type":"ImageObject","inLanguage":"hu","@id":"https:\/\/i.mwtsolutions.eu\/#\/schema\/logo\/image\/","url":"https:\/\/i.mwtsolutions.eu\/wp-content\/uploads\/2025\/05\/logo_MWT_rgb-color-1.png","contentUrl":"https:\/\/i.mwtsolutions.eu\/wp-content\/uploads\/2025\/05\/logo_MWT_rgb-color-1.png","width":2825,"height":850,"caption":"MWT Solutions"},"image":{"@id":"https:\/\/i.mwtsolutions.eu\/#\/schema\/logo\/image\/"},"sameAs":["https:\/\/pl.linkedin.com\/company\/mwt-solutions"]}]}},"_links":{"self":[{"href":"https:\/\/i.mwtsolutions.eu\/hu\/wp-json\/wp\/v2\/pages\/69472"}],"collection":[{"href":"https:\/\/i.mwtsolutions.eu\/hu\/wp-json\/wp\/v2\/pages"}],"about":[{"href":"https:\/\/i.mwtsolutions.eu\/hu\/wp-json\/wp\/v2\/types\/page"}],"author":[{"embeddable":true,"href":"https:\/\/i.mwtsolutions.eu\/hu\/wp-json\/wp\/v2\/users\/20"}],"replies":[{"embeddable":true,"href":"https:\/\/i.mwtsolutions.eu\/hu\/wp-json\/wp\/v2\/comments?post=69472"}],"version-history":[{"count":7,"href":"https:\/\/i.mwtsolutions.eu\/hu\/wp-json\/wp\/v2\/pages\/69472\/revisions"}],"predecessor-version":[{"id":72152,"href":"https:\/\/i.mwtsolutions.eu\/hu\/wp-json\/wp\/v2\/pages\/69472\/revisions\/72152"}],"up":[{"embeddable":true,"href":"https:\/\/i.mwtsolutions.eu\/hu\/wp-json\/wp\/v2\/pages\/69410"}],"wp:attachment":[{"href":"https:\/\/i.mwtsolutions.eu\/hu\/wp-json\/wp\/v2\/media?parent=69472"}],"curies":[{"name":"wp","href":"https:\/\/api.w.org\/{rel}","templated":true}]}}