{"id":69482,"date":"2020-04-30T14:16:56","date_gmt":"2020-04-30T12:16:56","guid":{"rendered":"https:\/\/mwtsolutions.eu\/produkty\/security-it\/zarzadzanie-podatnoscia-na-zagrozenia-vulnerability-manager-plus\/"},"modified":"2021-12-07T15:58:53","modified_gmt":"2021-12-07T14:58:53","slug":"vulnerability-manager-plus","status":"publish","type":"page","link":"https:\/\/i.mwtsolutions.eu\/hu\/termekek\/security-it\/vulnerability-manager-plus\/","title":{"rendered":"Vulnerability Manager Plus"},"content":{"rendered":"\t\t<div data-elementor-type=\"wp-page\" data-elementor-id=\"69482\" class=\"elementor elementor-69482 elementor-518\" data-elementor-post-type=\"page\">\n\t\t\t\t\t\t<section class=\"elementor-section elementor-top-section elementor-element elementor-element-ef09858 elementor-section-boxed elementor-section-height-default elementor-section-height-default force-full-width-no\" data-id=\"ef09858\" data-element_type=\"section\">\n\t\t\t\t\t\t<div class=\"elementor-container elementor-column-gap-default\">\n\t\t\t\t\t<div class=\"elementor-column elementor-col-100 elementor-top-column elementor-element elementor-element-3a3c354\" data-id=\"3a3c354\" data-element_type=\"column\">\n\t\t\t<div class=\"elementor-widget-wrap elementor-element-populated\">\n\t\t\t\t\t\t<div class=\"elementor-element elementor-element-3201a7c elementor-widget elementor-widget-heading\" data-id=\"3201a7c\" data-element_type=\"widget\" data-widget_type=\"heading.default\">\n\t\t\t\t<div class=\"elementor-widget-container\">\n\t\t\t<h2 class=\"elementor-heading-title elementor-size-default\">FUNKCI\u00d3K<\/h2>\t\t<\/div>\n\t\t\t\t<\/div>\n\t\t\t\t<section class=\"elementor-section elementor-inner-section elementor-element elementor-element-e36e0a6 elementor-section-boxed elementor-section-height-default elementor-section-height-default force-full-width-no\" data-id=\"e36e0a6\" data-element_type=\"section\">\n\t\t\t\t\t\t<div class=\"elementor-container elementor-column-gap-default\">\n\t\t\t\t\t<div class=\"elementor-column elementor-col-50 elementor-inner-column elementor-element elementor-element-e97d526\" data-id=\"e97d526\" data-element_type=\"column\">\n\t\t\t<div class=\"elementor-widget-wrap elementor-element-populated\">\n\t\t\t\t\t\t<div class=\"elementor-element elementor-element-1ff65db elementor-widget elementor-widget-heading\" data-id=\"1ff65db\" data-element_type=\"widget\" data-widget_type=\"heading.default\">\n\t\t\t\t<div class=\"elementor-widget-container\">\n\t\t\t<h3 class=\"elementor-heading-title elementor-size-default\">A Deployment modul lehet\u0151v\u00e9 teszi a kiv\u00e1lasztott jav\u00edt\u00e1sok tesztel\u00e9s\u00e9t, majd telep\u00edt\u00e9s\u00e9t az egyes alkalmaz\u00e1sokhoz.<\/h3>\t\t<\/div>\n\t\t\t\t<\/div>\n\t\t\t\t<div class=\"elementor-element elementor-element-15e380b elementor-widget elementor-widget-text-editor\" data-id=\"15e380b\" data-element_type=\"widget\" data-widget_type=\"text-editor.default\">\n\t\t\t\t<div class=\"elementor-widget-container\">\n\t\t\t\t\t\t\t<p>A v\u00e1ltoztat\u00e1sok v\u00e9grehajt\u00e1si h\u00e1zirendjeinek vagy biztons\u00e1gi h\u00e1zirendjeinek l\u00e9trehoz\u00e1sa intuit\u00edv, \u00e9s lehet\u0151v\u00e9 teszi, hogy ugyanazokat a feladatokat teljes eszk\u00f6zcsoportokon hajtsa v\u00e9gre. A teljes folyamat automatiz\u00e1lhat\u00f3 vagy manu\u00e1lisan v\u00e9grehajthat\u00f3. Lehet\u0151s\u00e9g\u00fcnk van az \u00e9rdekl\u0151d\u00e9sre sz\u00e1mot tart\u00f3 munka\u00e1llom\u00e1sok t\u00e1voli be- \u00e9s kikapcsol\u00e1s\u00e1ra is, hogy b\u00e1rmikor teljes m\u00e9rt\u00e9kben \u00e1tvehess\u00fck az eszk\u00f6z ir\u00e1ny\u00edt\u00e1s\u00e1t.<\/p>\t\t\t\t\t\t<\/div>\n\t\t\t\t<\/div>\n\t\t\t\t\t<\/div>\n\t\t<\/div>\n\t\t\t\t<div class=\"elementor-column elementor-col-50 elementor-inner-column elementor-element elementor-element-2d9b813\" data-id=\"2d9b813\" data-element_type=\"column\">\n\t\t\t<div class=\"elementor-widget-wrap elementor-element-populated\">\n\t\t\t\t\t\t<div class=\"elementor-element elementor-element-b8b06f0 monitor-right elementor-widget elementor-widget-image\" data-id=\"b8b06f0\" data-element_type=\"widget\" data-widget_type=\"image.default\">\n\t\t\t\t<div class=\"elementor-widget-container\">\n\t\t\t\t\t\t\t\t\t\t\t\t\t<img fetchpriority=\"high\" width=\"1024\" height=\"499\" src=\"https:\/\/i.mwtsolutions.eu\/wp-content\/uploads\/2020\/07\/Modu\u0142-Deployment-1024x499.png\" class=\"attachment-large size-large wp-image-68065\" alt=\"\" srcset=\"https:\/\/i.mwtsolutions.eu\/wp-content\/uploads\/2020\/07\/Modu\u0142-Deployment-1024x499.png 1024w, https:\/\/i.mwtsolutions.eu\/wp-content\/uploads\/2020\/07\/Modu\u0142-Deployment-300x146.png 300w, https:\/\/i.mwtsolutions.eu\/wp-content\/uploads\/2020\/07\/Modu\u0142-Deployment-768x374.png 768w, https:\/\/i.mwtsolutions.eu\/wp-content\/uploads\/2020\/07\/Modu\u0142-Deployment-1536x748.png 1536w, https:\/\/i.mwtsolutions.eu\/wp-content\/uploads\/2020\/07\/Modu\u0142-Deployment.png 1920w\" sizes=\"(max-width: 1024px) 100vw, 1024px\" \/>\t\t\t\t\t\t\t\t\t\t\t\t\t<\/div>\n\t\t\t\t<\/div>\n\t\t\t\t\t<\/div>\n\t\t<\/div>\n\t\t\t\t\t<\/div>\n\t\t<\/section>\n\t\t\t\t<section class=\"elementor-section elementor-inner-section elementor-element elementor-element-3899cb5 elementor-reverse-mobile elementor-section-boxed elementor-section-height-default elementor-section-height-default force-full-width-no\" data-id=\"3899cb5\" data-element_type=\"section\">\n\t\t\t\t\t\t<div class=\"elementor-container elementor-column-gap-default\">\n\t\t\t\t\t<div class=\"elementor-column elementor-col-50 elementor-inner-column elementor-element elementor-element-a79c504\" data-id=\"a79c504\" data-element_type=\"column\">\n\t\t\t<div class=\"elementor-widget-wrap elementor-element-populated\">\n\t\t\t\t\t\t<div class=\"elementor-element elementor-element-ca0c2aa monitor-left elementor-widget elementor-widget-image\" data-id=\"ca0c2aa\" data-element_type=\"widget\" data-widget_type=\"image.default\">\n\t\t\t\t<div class=\"elementor-widget-container\">\n\t\t\t\t\t\t\t\t\t\t\t\t\t<img width=\"1024\" height=\"497\" src=\"https:\/\/i.mwtsolutions.eu\/wp-content\/uploads\/2020\/07\/Wykorzystanie-dashboard\u00f3w-1024x497.png\" class=\"attachment-large size-large wp-image-68063\" alt=\"\" srcset=\"https:\/\/i.mwtsolutions.eu\/wp-content\/uploads\/2020\/07\/Wykorzystanie-dashboard\u00f3w-1024x497.png 1024w, https:\/\/i.mwtsolutions.eu\/wp-content\/uploads\/2020\/07\/Wykorzystanie-dashboard\u00f3w-300x145.png 300w, https:\/\/i.mwtsolutions.eu\/wp-content\/uploads\/2020\/07\/Wykorzystanie-dashboard\u00f3w-768x372.png 768w, https:\/\/i.mwtsolutions.eu\/wp-content\/uploads\/2020\/07\/Wykorzystanie-dashboard\u00f3w-1536x745.png 1536w, https:\/\/i.mwtsolutions.eu\/wp-content\/uploads\/2020\/07\/Wykorzystanie-dashboard\u00f3w.png 1920w\" sizes=\"(max-width: 1024px) 100vw, 1024px\" \/>\t\t\t\t\t\t\t\t\t\t\t\t\t<\/div>\n\t\t\t\t<\/div>\n\t\t\t\t\t<\/div>\n\t\t<\/div>\n\t\t\t\t<div class=\"elementor-column elementor-col-50 elementor-inner-column elementor-element elementor-element-3e4084a\" data-id=\"3e4084a\" data-element_type=\"column\">\n\t\t\t<div class=\"elementor-widget-wrap elementor-element-populated\">\n\t\t\t\t\t\t<div class=\"elementor-element elementor-element-7405d30 elementor-widget elementor-widget-heading\" data-id=\"7405d30\" data-element_type=\"widget\" data-widget_type=\"heading.default\">\n\t\t\t\t<div class=\"elementor-widget-container\">\n\t\t\t<h3 class=\"elementor-heading-title elementor-size-default\">Az ir\u00e1ny\u00edt\u00f3pultok haszn\u00e1lata olyan f\u0151 inform\u00e1ci\u00f3forr\u00e1sk\u00e9nt, amely val\u00f3s id\u0151ben t\u00e1j\u00e9koztat benn\u00fcnket a lehets\u00e9ges vesz\u00e9lyekr\u0151l vagy azokr\u00f3l az int\u00e9zked\u00e9sekr\u0151l, amelyeket azonnal meg kell tenni.<\/h3>\t\t<\/div>\n\t\t\t\t<\/div>\n\t\t\t\t<div class=\"elementor-element elementor-element-73afbb0 elementor-widget elementor-widget-text-editor\" data-id=\"73afbb0\" data-element_type=\"widget\" data-widget_type=\"text-editor.default\">\n\t\t\t\t<div class=\"elementor-widget-container\">\n\t\t\t\t\t\t\t<p>A rendszer t\u00e1j\u00e9koztat benn\u00fcnket a kritikus sebezhet\u0151s\u00e9gekr\u0151l, amelyek p\u00e9ld\u00e1ul a harmadik felekt\u0151l beszerzett korszer\u0171 biztons\u00e1gi int\u00e9zked\u00e9sek hi\u00e1ny\u00e1hoz, valamint alacsonyabb priorit\u00e1s\u00fa sebezhet\u0151s\u00e9gekhez vezetnek, amelyeknek k\u00f6sz\u00f6nhet\u0151en optim\u00e1lisan megtervezhetj\u00fck az infrastrukt\u00fara fenntart\u00e1s\u00e1val kapcsolatos munk\u00e1t.<\/p>\t\t\t\t\t\t<\/div>\n\t\t\t\t<\/div>\n\t\t\t\t\t<\/div>\n\t\t<\/div>\n\t\t\t\t\t<\/div>\n\t\t<\/section>\n\t\t\t\t<section class=\"elementor-section elementor-inner-section elementor-element elementor-element-f56a197 elementor-section-boxed elementor-section-height-default elementor-section-height-default force-full-width-no\" data-id=\"f56a197\" data-element_type=\"section\">\n\t\t\t\t\t\t<div class=\"elementor-container elementor-column-gap-default\">\n\t\t\t\t\t<div class=\"elementor-column elementor-col-50 elementor-inner-column elementor-element elementor-element-217d454\" data-id=\"217d454\" data-element_type=\"column\">\n\t\t\t<div class=\"elementor-widget-wrap elementor-element-populated\">\n\t\t\t\t\t\t<div class=\"elementor-element elementor-element-4525655 elementor-widget elementor-widget-heading\" data-id=\"4525655\" data-element_type=\"widget\" data-widget_type=\"heading.default\">\n\t\t\t\t<div class=\"elementor-widget-container\">\n\t\t\t<h3 class=\"elementor-heading-title elementor-size-default\">T\u00e1j\u00e9koztat\u00e1s a szerver be\u00e1ll\u00edt\u00e1sainak konfigur\u00e1l\u00e1s\u00e1ban tal\u00e1lhat\u00f3 hib\u00e1kr\u00f3l<\/h3>\t\t<\/div>\n\t\t\t\t<\/div>\n\t\t\t\t<div class=\"elementor-element elementor-element-07d1b5a elementor-widget elementor-widget-text-editor\" data-id=\"07d1b5a\" data-element_type=\"widget\" data-widget_type=\"text-editor.default\">\n\t\t\t\t<div class=\"elementor-widget-container\">\n\t\t\t\t\t\t\t<p>Inform\u00e1ci\u00f3 a helytelen\/rosszul konfigur\u00e1lt szerver-be\u00e1ll\u00edt\u00e1sokr\u00f3l, p\u00e9ld\u00e1ul a megfelel\u0151 titkos\u00edt\u00e1sr\u00f3l, a v\u00e1ltoztat\u00e1sok bevezet\u00e9s\u00e9nek jogair\u00f3l, a hiteles\u00edt\u00e9s m\u00f3dszereir\u0151l, a tan\u00fas\u00edtv\u00e1nyok \u00e9rv\u00e9nyess\u00e9g\u00e9r\u0151l, a biztons\u00e1gos kapcsolatok \u00e9rv\u00e9nyes\u00edt\u00e9s\u00e9r\u0151l. A Threats modul lehet\u0151v\u00e9 teszi az infrastrukt\u00far\u00e1nkban haszn\u00e1lt portok ellen\u0151rz\u00e9s\u00e9t, valamint az azt haszn\u00e1l\u00f3 alkalmaz\u00e1sr\u00f3l \u00e9s a sz\u00e1rmaz\u00e1si forr\u00e1sr\u00f3l (munka\u00e1llom\u00e1sr\u00f3l) sz\u00f3l\u00f3 inform\u00e1ci\u00f3kat.<\/p>\t\t\t\t\t\t<\/div>\n\t\t\t\t<\/div>\n\t\t\t\t\t<\/div>\n\t\t<\/div>\n\t\t\t\t<div class=\"elementor-column elementor-col-50 elementor-inner-column elementor-element elementor-element-b6459d2\" data-id=\"b6459d2\" data-element_type=\"column\">\n\t\t\t<div class=\"elementor-widget-wrap elementor-element-populated\">\n\t\t\t\t\t\t<div class=\"elementor-element elementor-element-efeb26b monitor-center elementor-widget elementor-widget-image\" data-id=\"efeb26b\" data-element_type=\"widget\" data-widget_type=\"image.default\">\n\t\t\t\t<div class=\"elementor-widget-container\">\n\t\t\t\t\t\t\t\t\t\t\t\t\t<img width=\"1024\" height=\"497\" src=\"https:\/\/i.mwtsolutions.eu\/wp-content\/uploads\/2020\/07\/Informowanie-o-\u017ale-skonfigurowanych-ustawieniach-serwera-1024x497.png\" class=\"attachment-large size-large wp-image-68061\" alt=\"\" srcset=\"https:\/\/i.mwtsolutions.eu\/wp-content\/uploads\/2020\/07\/Informowanie-o-\u017ale-skonfigurowanych-ustawieniach-serwera-1024x497.png 1024w, https:\/\/i.mwtsolutions.eu\/wp-content\/uploads\/2020\/07\/Informowanie-o-\u017ale-skonfigurowanych-ustawieniach-serwera-300x145.png 300w, https:\/\/i.mwtsolutions.eu\/wp-content\/uploads\/2020\/07\/Informowanie-o-\u017ale-skonfigurowanych-ustawieniach-serwera-768x372.png 768w, https:\/\/i.mwtsolutions.eu\/wp-content\/uploads\/2020\/07\/Informowanie-o-\u017ale-skonfigurowanych-ustawieniach-serwera-1536x745.png 1536w, https:\/\/i.mwtsolutions.eu\/wp-content\/uploads\/2020\/07\/Informowanie-o-\u017ale-skonfigurowanych-ustawieniach-serwera.png 1920w\" sizes=\"(max-width: 1024px) 100vw, 1024px\" \/>\t\t\t\t\t\t\t\t\t\t\t\t\t<\/div>\n\t\t\t\t<\/div>\n\t\t\t\t\t<\/div>\n\t\t<\/div>\n\t\t\t\t\t<\/div>\n\t\t<\/section>\n\t\t\t\t<section class=\"elementor-section elementor-inner-section elementor-element elementor-element-98da478 elementor-reverse-mobile elementor-section-boxed elementor-section-height-default elementor-section-height-default force-full-width-no\" data-id=\"98da478\" data-element_type=\"section\">\n\t\t\t\t\t\t<div class=\"elementor-container elementor-column-gap-default\">\n\t\t\t\t\t<div class=\"elementor-column elementor-col-50 elementor-inner-column elementor-element elementor-element-49fc747\" data-id=\"49fc747\" data-element_type=\"column\">\n\t\t\t<div class=\"elementor-widget-wrap elementor-element-populated\">\n\t\t\t\t\t\t<div class=\"elementor-element elementor-element-eaf5b47 monitor-left elementor-widget elementor-widget-image\" data-id=\"eaf5b47\" data-element_type=\"widget\" data-widget_type=\"image.default\">\n\t\t\t\t<div class=\"elementor-widget-container\">\n\t\t\t\t\t\t\t\t\t\t\t\t\t<img loading=\"lazy\" width=\"1024\" height=\"494\" src=\"https:\/\/i.mwtsolutions.eu\/wp-content\/uploads\/2020\/07\/Raportowanie-danych-zwi\u0105zanych-z-konfiguracj\u0105-stacji-roboczych-1024x494.png\" class=\"attachment-large size-large wp-image-68059\" alt=\"\" srcset=\"https:\/\/i.mwtsolutions.eu\/wp-content\/uploads\/2020\/07\/Raportowanie-danych-zwi\u0105zanych-z-konfiguracj\u0105-stacji-roboczych-1024x494.png 1024w, https:\/\/i.mwtsolutions.eu\/wp-content\/uploads\/2020\/07\/Raportowanie-danych-zwi\u0105zanych-z-konfiguracj\u0105-stacji-roboczych-300x145.png 300w, https:\/\/i.mwtsolutions.eu\/wp-content\/uploads\/2020\/07\/Raportowanie-danych-zwi\u0105zanych-z-konfiguracj\u0105-stacji-roboczych-768x371.png 768w, https:\/\/i.mwtsolutions.eu\/wp-content\/uploads\/2020\/07\/Raportowanie-danych-zwi\u0105zanych-z-konfiguracj\u0105-stacji-roboczych-1536x742.png 1536w, https:\/\/i.mwtsolutions.eu\/wp-content\/uploads\/2020\/07\/Raportowanie-danych-zwi\u0105zanych-z-konfiguracj\u0105-stacji-roboczych.png 1920w\" sizes=\"(max-width: 1024px) 100vw, 1024px\" \/>\t\t\t\t\t\t\t\t\t\t\t\t\t<\/div>\n\t\t\t\t<\/div>\n\t\t\t\t\t<\/div>\n\t\t<\/div>\n\t\t\t\t<div class=\"elementor-column elementor-col-50 elementor-inner-column elementor-element elementor-element-4d194bd\" data-id=\"4d194bd\" data-element_type=\"column\">\n\t\t\t<div class=\"elementor-widget-wrap elementor-element-populated\">\n\t\t\t\t\t\t<div class=\"elementor-element elementor-element-9164512 elementor-widget elementor-widget-heading\" data-id=\"9164512\" data-element_type=\"widget\" data-widget_type=\"heading.default\">\n\t\t\t\t<div class=\"elementor-widget-container\">\n\t\t\t<h3 class=\"elementor-heading-title elementor-size-default\">A munka\u00e1llom\u00e1sok konfigur\u00e1l\u00e1s\u00e1val kapcsolatos adatok jelent\u00e9se<\/h3>\t\t<\/div>\n\t\t\t\t<\/div>\n\t\t\t\t<div class=\"elementor-element elementor-element-5f51e3f elementor-widget elementor-widget-text-editor\" data-id=\"5f51e3f\" data-element_type=\"widget\" data-widget_type=\"text-editor.default\">\n\t\t\t\t<div class=\"elementor-widget-container\">\n\t\t\t\t\t\t\t<p>Jelent\u00e9s a munka\u00e1llom\u00e1sok, az \u00fajraind\u00edt\u00e1st ig\u00e9nyl\u0151 rendszerek, a biztons\u00e1gi krit\u00e9riumok teljes\u00edt\u00e9s\u00e9nek \u00e1ltal\u00e1nos \u00e1llapot\u00e1val kapcsolatos adatokr\u00f3l vagy az elt\u00e1vol\u00edtott biztons\u00e1gi jav\u00edt\u00e1sokr\u00f3l. Az alkalmaz\u00e1s lehet\u0151v\u00e9 teszi mind el\u0151re defini\u00e1lt, mind a felhaszn\u00e1l\u00f3 egyedi sz\u00fcks\u00e9gleteihez lek\u00e9rdez\u00e9sek \u00fatj\u00e1n l\u00e9trehozott, mind \u00fctemezett jelent\u00e9sek haszn\u00e1lat\u00e1t &#8211; ciklikusan elk\u00fcldve a megadott e-mail c\u00edmekre.<\/p>\t\t\t\t\t\t<\/div>\n\t\t\t\t<\/div>\n\t\t\t\t\t<\/div>\n\t\t<\/div>\n\t\t\t\t\t<\/div>\n\t\t<\/section>\n\t\t\t\t\t<\/div>\n\t\t<\/div>\n\t\t\t\t\t<\/div>\n\t\t<\/section>\n\t\t\t\t<\/div>\n\t\t","protected":false},"excerpt":{"rendered":"<p>FUNKCI\u00d3K A Deployment modul lehet\u0151v\u00e9 teszi a kiv\u00e1lasztott jav\u00edt\u00e1sok tesztel\u00e9s\u00e9t, majd telep\u00edt\u00e9s\u00e9t az egyes alkalmaz\u00e1sokhoz. A v\u00e1ltoztat\u00e1sok v\u00e9grehajt\u00e1si h\u00e1zirendjeinek vagy biztons\u00e1gi h\u00e1zirendjeinek l\u00e9trehoz\u00e1sa intuit\u00edv, \u00e9s lehet\u0151v\u00e9 teszi, hogy ugyanazokat a feladatokat teljes eszk\u00f6zcsoportokon hajtsa v\u00e9gre. A teljes folyamat automatiz\u00e1lhat\u00f3 vagy manu\u00e1lisan v\u00e9grehajthat\u00f3. Lehet\u0151s\u00e9g\u00fcnk van az \u00e9rdekl\u0151d\u00e9sre sz\u00e1mot tart\u00f3 munka\u00e1llom\u00e1sok t\u00e1voli be- \u00e9s kikapcsol\u00e1s\u00e1ra is, hogy [&hellip;]<\/p>\n","protected":false},"author":20,"featured_media":0,"parent":69410,"menu_order":10,"comment_status":"closed","ping_status":"closed","template":"page-templates\/single-product.php","meta":{"content-type":"","om_disable_all_campaigns":false,"inline_featured_image":false,"_monsterinsights_skip_tracking":false,"_monsterinsights_sitenote_active":false,"_monsterinsights_sitenote_note":"","_monsterinsights_sitenote_category":0,"_links_to":"","_links_to_target":""},"acf":[],"aioseo_notices":[],"yoast_head":"<!-- This site is optimized with the Yoast SEO plugin v20.6 - https:\/\/yoast.com\/wordpress\/plugins\/seo\/ -->\n<title>Sebezhet\u0151s\u00e9g kezel\u00e9se - Vulnerability Manager Plus - MWT Solutions<\/title>\n<meta name=\"description\" content=\"Egy eszk\u00f6z a biztons\u00e1gi r\u00e9sek kezel\u00e9s\u00e9re. A h\u00e1l\u00f3zat v\u00e9gpontjaiban l\u00e9v\u0151 biztons\u00e1gi r\u00e9sek beolvas\u00e1sa, felm\u00e9r\u00e9se \u00e9s jav\u00edt\u00e1sa. N\u00e9zze meg!\" \/>\n<meta name=\"robots\" content=\"index, follow, max-snippet:-1, max-image-preview:large, max-video-preview:-1\" \/>\n<link rel=\"canonical\" href=\"https:\/\/i.mwtsolutions.eu\/hu\/termekek\/security-it\/vulnerability-manager-plus\/\" \/>\n<meta property=\"og:locale\" content=\"hu_HU\" \/>\n<meta property=\"og:type\" content=\"article\" \/>\n<meta property=\"og:title\" content=\"Sebezhet\u0151s\u00e9g kezel\u00e9se - Vulnerability Manager Plus - MWT Solutions\" \/>\n<meta property=\"og:description\" content=\"Egy eszk\u00f6z a biztons\u00e1gi r\u00e9sek kezel\u00e9s\u00e9re. A h\u00e1l\u00f3zat v\u00e9gpontjaiban l\u00e9v\u0151 biztons\u00e1gi r\u00e9sek beolvas\u00e1sa, felm\u00e9r\u00e9se \u00e9s jav\u00edt\u00e1sa. N\u00e9zze meg!\" \/>\n<meta property=\"og:url\" content=\"https:\/\/i.mwtsolutions.eu\/hu\/termekek\/security-it\/vulnerability-manager-plus\/\" \/>\n<meta property=\"og:site_name\" content=\"MWT Solutions\" \/>\n<meta property=\"article:modified_time\" content=\"2021-12-07T14:58:53+00:00\" \/>\n<meta name=\"twitter:card\" content=\"summary_large_image\" \/>\n<meta name=\"twitter:label1\" content=\"Becs\u00fclt olvas\u00e1si id\u0151\" \/>\n\t<meta name=\"twitter:data1\" content=\"2 perc\" \/>\n<script type=\"application\/ld+json\" class=\"yoast-schema-graph\">{\"@context\":\"https:\/\/schema.org\",\"@graph\":[{\"@type\":\"WebPage\",\"@id\":\"https:\/\/i.mwtsolutions.eu\/hu\/termekek\/security-it\/vulnerability-manager-plus\/\",\"url\":\"https:\/\/i.mwtsolutions.eu\/hu\/termekek\/security-it\/vulnerability-manager-plus\/\",\"name\":\"Sebezhet\u0151s\u00e9g kezel\u00e9se - Vulnerability Manager Plus - MWT Solutions\",\"isPartOf\":{\"@id\":\"https:\/\/i.mwtsolutions.eu\/#website\"},\"datePublished\":\"2020-04-30T12:16:56+00:00\",\"dateModified\":\"2021-12-07T14:58:53+00:00\",\"description\":\"Egy eszk\u00f6z a biztons\u00e1gi r\u00e9sek kezel\u00e9s\u00e9re. A h\u00e1l\u00f3zat v\u00e9gpontjaiban l\u00e9v\u0151 biztons\u00e1gi r\u00e9sek beolvas\u00e1sa, felm\u00e9r\u00e9se \u00e9s jav\u00edt\u00e1sa. N\u00e9zze meg!\",\"breadcrumb\":{\"@id\":\"https:\/\/i.mwtsolutions.eu\/hu\/termekek\/security-it\/vulnerability-manager-plus\/#breadcrumb\"},\"inLanguage\":\"hu\",\"potentialAction\":[{\"@type\":\"ReadAction\",\"target\":[\"https:\/\/i.mwtsolutions.eu\/hu\/termekek\/security-it\/vulnerability-manager-plus\/\"]}]},{\"@type\":\"BreadcrumbList\",\"@id\":\"https:\/\/i.mwtsolutions.eu\/hu\/termekek\/security-it\/vulnerability-manager-plus\/#breadcrumb\",\"itemListElement\":[{\"@type\":\"ListItem\",\"position\":1,\"name\":\"Home\",\"item\":\"https:\/\/i.mwtsolutions.eu\/hu\/\"},{\"@type\":\"ListItem\",\"position\":2,\"name\":\"Term\u00e9kek\",\"item\":\"https:\/\/i.mwtsolutions.eu\/hu\/termekek\/\"},{\"@type\":\"ListItem\",\"position\":3,\"name\":\"Security IT\",\"item\":\"https:\/\/i.mwtsolutions.eu\/hu\/termekek\/security-it\/\"},{\"@type\":\"ListItem\",\"position\":4,\"name\":\"Vulnerability Manager Plus\"}]},{\"@type\":\"WebSite\",\"@id\":\"https:\/\/i.mwtsolutions.eu\/#website\",\"url\":\"https:\/\/i.mwtsolutions.eu\/\",\"name\":\"MWT Solutions\",\"description\":\"Wy\u0142\u0105czny dystrybutor ManageEngine w Polsce\",\"publisher\":{\"@id\":\"https:\/\/i.mwtsolutions.eu\/#organization\"},\"potentialAction\":[{\"@type\":\"SearchAction\",\"target\":{\"@type\":\"EntryPoint\",\"urlTemplate\":\"https:\/\/i.mwtsolutions.eu\/?s={search_term_string}\"},\"query-input\":\"required name=search_term_string\"}],\"inLanguage\":\"hu\"},{\"@type\":\"Organization\",\"@id\":\"https:\/\/i.mwtsolutions.eu\/#organization\",\"name\":\"MWT Solutions\",\"url\":\"https:\/\/i.mwtsolutions.eu\/\",\"logo\":{\"@type\":\"ImageObject\",\"inLanguage\":\"hu\",\"@id\":\"https:\/\/i.mwtsolutions.eu\/#\/schema\/logo\/image\/\",\"url\":\"https:\/\/i.mwtsolutions.eu\/wp-content\/uploads\/2025\/05\/logo_MWT_rgb-color-1.png\",\"contentUrl\":\"https:\/\/i.mwtsolutions.eu\/wp-content\/uploads\/2025\/05\/logo_MWT_rgb-color-1.png\",\"width\":2825,\"height\":850,\"caption\":\"MWT Solutions\"},\"image\":{\"@id\":\"https:\/\/i.mwtsolutions.eu\/#\/schema\/logo\/image\/\"},\"sameAs\":[\"https:\/\/pl.linkedin.com\/company\/mwt-solutions\"]}]}<\/script>\n<!-- \/ Yoast SEO plugin. -->","yoast_head_json":{"title":"Sebezhet\u0151s\u00e9g kezel\u00e9se - Vulnerability Manager Plus - MWT Solutions","description":"Egy eszk\u00f6z a biztons\u00e1gi r\u00e9sek kezel\u00e9s\u00e9re. A h\u00e1l\u00f3zat v\u00e9gpontjaiban l\u00e9v\u0151 biztons\u00e1gi r\u00e9sek beolvas\u00e1sa, felm\u00e9r\u00e9se \u00e9s jav\u00edt\u00e1sa. N\u00e9zze meg!","robots":{"index":"index","follow":"follow","max-snippet":"max-snippet:-1","max-image-preview":"max-image-preview:large","max-video-preview":"max-video-preview:-1"},"canonical":"https:\/\/i.mwtsolutions.eu\/hu\/termekek\/security-it\/vulnerability-manager-plus\/","og_locale":"hu_HU","og_type":"article","og_title":"Sebezhet\u0151s\u00e9g kezel\u00e9se - Vulnerability Manager Plus - MWT Solutions","og_description":"Egy eszk\u00f6z a biztons\u00e1gi r\u00e9sek kezel\u00e9s\u00e9re. A h\u00e1l\u00f3zat v\u00e9gpontjaiban l\u00e9v\u0151 biztons\u00e1gi r\u00e9sek beolvas\u00e1sa, felm\u00e9r\u00e9se \u00e9s jav\u00edt\u00e1sa. N\u00e9zze meg!","og_url":"https:\/\/i.mwtsolutions.eu\/hu\/termekek\/security-it\/vulnerability-manager-plus\/","og_site_name":"MWT Solutions","article_modified_time":"2021-12-07T14:58:53+00:00","twitter_card":"summary_large_image","twitter_misc":{"Becs\u00fclt olvas\u00e1si id\u0151":"2 perc"},"schema":{"@context":"https:\/\/schema.org","@graph":[{"@type":"WebPage","@id":"https:\/\/i.mwtsolutions.eu\/hu\/termekek\/security-it\/vulnerability-manager-plus\/","url":"https:\/\/i.mwtsolutions.eu\/hu\/termekek\/security-it\/vulnerability-manager-plus\/","name":"Sebezhet\u0151s\u00e9g kezel\u00e9se - Vulnerability Manager Plus - MWT Solutions","isPartOf":{"@id":"https:\/\/i.mwtsolutions.eu\/#website"},"datePublished":"2020-04-30T12:16:56+00:00","dateModified":"2021-12-07T14:58:53+00:00","description":"Egy eszk\u00f6z a biztons\u00e1gi r\u00e9sek kezel\u00e9s\u00e9re. A h\u00e1l\u00f3zat v\u00e9gpontjaiban l\u00e9v\u0151 biztons\u00e1gi r\u00e9sek beolvas\u00e1sa, felm\u00e9r\u00e9se \u00e9s jav\u00edt\u00e1sa. N\u00e9zze meg!","breadcrumb":{"@id":"https:\/\/i.mwtsolutions.eu\/hu\/termekek\/security-it\/vulnerability-manager-plus\/#breadcrumb"},"inLanguage":"hu","potentialAction":[{"@type":"ReadAction","target":["https:\/\/i.mwtsolutions.eu\/hu\/termekek\/security-it\/vulnerability-manager-plus\/"]}]},{"@type":"BreadcrumbList","@id":"https:\/\/i.mwtsolutions.eu\/hu\/termekek\/security-it\/vulnerability-manager-plus\/#breadcrumb","itemListElement":[{"@type":"ListItem","position":1,"name":"Home","item":"https:\/\/i.mwtsolutions.eu\/hu\/"},{"@type":"ListItem","position":2,"name":"Term\u00e9kek","item":"https:\/\/i.mwtsolutions.eu\/hu\/termekek\/"},{"@type":"ListItem","position":3,"name":"Security IT","item":"https:\/\/i.mwtsolutions.eu\/hu\/termekek\/security-it\/"},{"@type":"ListItem","position":4,"name":"Vulnerability Manager Plus"}]},{"@type":"WebSite","@id":"https:\/\/i.mwtsolutions.eu\/#website","url":"https:\/\/i.mwtsolutions.eu\/","name":"MWT Solutions","description":"Wy\u0142\u0105czny dystrybutor ManageEngine w Polsce","publisher":{"@id":"https:\/\/i.mwtsolutions.eu\/#organization"},"potentialAction":[{"@type":"SearchAction","target":{"@type":"EntryPoint","urlTemplate":"https:\/\/i.mwtsolutions.eu\/?s={search_term_string}"},"query-input":"required name=search_term_string"}],"inLanguage":"hu"},{"@type":"Organization","@id":"https:\/\/i.mwtsolutions.eu\/#organization","name":"MWT Solutions","url":"https:\/\/i.mwtsolutions.eu\/","logo":{"@type":"ImageObject","inLanguage":"hu","@id":"https:\/\/i.mwtsolutions.eu\/#\/schema\/logo\/image\/","url":"https:\/\/i.mwtsolutions.eu\/wp-content\/uploads\/2025\/05\/logo_MWT_rgb-color-1.png","contentUrl":"https:\/\/i.mwtsolutions.eu\/wp-content\/uploads\/2025\/05\/logo_MWT_rgb-color-1.png","width":2825,"height":850,"caption":"MWT Solutions"},"image":{"@id":"https:\/\/i.mwtsolutions.eu\/#\/schema\/logo\/image\/"},"sameAs":["https:\/\/pl.linkedin.com\/company\/mwt-solutions"]}]}},"_links":{"self":[{"href":"https:\/\/i.mwtsolutions.eu\/hu\/wp-json\/wp\/v2\/pages\/69482"}],"collection":[{"href":"https:\/\/i.mwtsolutions.eu\/hu\/wp-json\/wp\/v2\/pages"}],"about":[{"href":"https:\/\/i.mwtsolutions.eu\/hu\/wp-json\/wp\/v2\/types\/page"}],"author":[{"embeddable":true,"href":"https:\/\/i.mwtsolutions.eu\/hu\/wp-json\/wp\/v2\/users\/20"}],"replies":[{"embeddable":true,"href":"https:\/\/i.mwtsolutions.eu\/hu\/wp-json\/wp\/v2\/comments?post=69482"}],"version-history":[{"count":7,"href":"https:\/\/i.mwtsolutions.eu\/hu\/wp-json\/wp\/v2\/pages\/69482\/revisions"}],"predecessor-version":[{"id":72158,"href":"https:\/\/i.mwtsolutions.eu\/hu\/wp-json\/wp\/v2\/pages\/69482\/revisions\/72158"}],"up":[{"embeddable":true,"href":"https:\/\/i.mwtsolutions.eu\/hu\/wp-json\/wp\/v2\/pages\/69410"}],"wp:attachment":[{"href":"https:\/\/i.mwtsolutions.eu\/hu\/wp-json\/wp\/v2\/media?parent=69482"}],"curies":[{"name":"wp","href":"https:\/\/api.w.org\/{rel}","templated":true}]}}