{"id":69655,"date":"2020-04-30T15:01:59","date_gmt":"2020-04-30T13:01:59","guid":{"rendered":"https:\/\/mwtsolutions.eu\/produkty\/active-directory\/monitoring-exchange-exchange-reporter-plus\/"},"modified":"2023-12-08T10:01:07","modified_gmt":"2023-12-08T09:01:07","slug":"exchange-reporter-plus","status":"publish","type":"page","link":"https:\/\/i.mwtsolutions.eu\/hu\/termekek\/active-directory\/exchange-reporter-plus\/","title":{"rendered":"Exchange Reporter Plus"},"content":{"rendered":"\t\t<div data-elementor-type=\"wp-page\" data-elementor-id=\"69655\" class=\"elementor elementor-69655 elementor-547\" data-elementor-post-type=\"page\">\n\t\t\t\t\t\t<section class=\"elementor-section elementor-top-section elementor-element elementor-element-46e845b elementor-section-boxed elementor-section-height-default elementor-section-height-default force-full-width-no\" data-id=\"46e845b\" data-element_type=\"section\">\n\t\t\t\t\t\t<div class=\"elementor-container elementor-column-gap-default\">\n\t\t\t\t\t<div class=\"elementor-column elementor-col-100 elementor-top-column elementor-element elementor-element-3d49149\" data-id=\"3d49149\" data-element_type=\"column\">\n\t\t\t<div class=\"elementor-widget-wrap elementor-element-populated\">\n\t\t\t\t\t\t<div class=\"elementor-element elementor-element-58d7a6b elementor-widget elementor-widget-heading\" data-id=\"58d7a6b\" data-element_type=\"widget\" data-widget_type=\"heading.default\">\n\t\t\t\t<div class=\"elementor-widget-container\">\n\t\t\t<h2 class=\"elementor-heading-title elementor-size-default\">FUNKCI\u00d3K<\/h2>\t\t<\/div>\n\t\t\t\t<\/div>\n\t\t\t\t<section class=\"elementor-section elementor-inner-section elementor-element elementor-element-265a32b elementor-section-boxed elementor-section-height-default elementor-section-height-default force-full-width-no\" data-id=\"265a32b\" data-element_type=\"section\">\n\t\t\t\t\t\t<div class=\"elementor-container elementor-column-gap-default\">\n\t\t\t\t\t<div class=\"elementor-column elementor-col-50 elementor-inner-column elementor-element elementor-element-21c5027\" data-id=\"21c5027\" data-element_type=\"column\">\n\t\t\t<div class=\"elementor-widget-wrap elementor-element-populated\">\n\t\t\t\t\t\t<div class=\"elementor-element elementor-element-87cf05f elementor-widget elementor-widget-heading\" data-id=\"87cf05f\" data-element_type=\"widget\" data-widget_type=\"heading.default\">\n\t\t\t\t<div class=\"elementor-widget-container\">\n\t\t\t<h3 class=\"elementor-heading-title elementor-size-default\">A k\u00f6rnyezetben v\u00e9gbemen\u0151 legfontosabb esem\u00e9nyek megjelen\u00edt\u00e9se<\/h3>\t\t<\/div>\n\t\t\t\t<\/div>\n\t\t\t\t<div class=\"elementor-element elementor-element-2f061fe elementor-widget elementor-widget-text-editor\" data-id=\"2f061fe\" data-element_type=\"widget\" data-widget_type=\"text-editor.default\">\n\t\t\t\t<div class=\"elementor-widget-container\">\n\t\t\t\t\t\t\t<p>A rendszer k\u00e9pes grafikusan bemutatni az Exchange k\u00f6rnyezet tev\u00e9kenys\u00e9g\u00e9t \u00e9s figyelemmel k\u00eds\u00e9rni annak \u00e1llapot\u00e1t. Az ir\u00e1ny\u00edt\u00f3pulton l\u00e1that\u00f3k azok a felhaszn\u00e1l\u00f3i postafi\u00f3kok, amelyek a legt\u00f6bb helyet foglalj\u00e1k el. Az eszk\u00f6z rendelkezik egy jelent\u00e9si funkci\u00f3val is, amely inform\u00e1ci\u00f3kat tartalmaz a szerveren m\u00e9g fennmarad\u00f3 helyr\u0151l.<\/p>\t\t\t\t\t\t<\/div>\n\t\t\t\t<\/div>\n\t\t\t\t\t<\/div>\n\t\t<\/div>\n\t\t\t\t<div class=\"elementor-column elementor-col-50 elementor-inner-column elementor-element elementor-element-60001f9\" data-id=\"60001f9\" data-element_type=\"column\">\n\t\t\t<div class=\"elementor-widget-wrap elementor-element-populated\">\n\t\t\t\t\t\t<div class=\"elementor-element elementor-element-a39acd3 monitor-right elementor-widget elementor-widget-image\" data-id=\"a39acd3\" data-element_type=\"widget\" data-widget_type=\"image.default\">\n\t\t\t\t<div class=\"elementor-widget-container\">\n\t\t\t\t\t\t\t\t\t\t\t\t\t<img fetchpriority=\"high\" width=\"1899\" height=\"964\" src=\"https:\/\/i.mwtsolutions.eu\/wp-content\/uploads\/2020\/06\/Zdarzenia-w-\u015brodowisku.png\" class=\"attachment-full size-full wp-image-67723\" alt=\"\" srcset=\"https:\/\/i.mwtsolutions.eu\/wp-content\/uploads\/2020\/06\/Zdarzenia-w-\u015brodowisku.png 1899w, https:\/\/i.mwtsolutions.eu\/wp-content\/uploads\/2020\/06\/Zdarzenia-w-\u015brodowisku-300x152.png 300w, https:\/\/i.mwtsolutions.eu\/wp-content\/uploads\/2020\/06\/Zdarzenia-w-\u015brodowisku-1024x520.png 1024w, https:\/\/i.mwtsolutions.eu\/wp-content\/uploads\/2020\/06\/Zdarzenia-w-\u015brodowisku-768x390.png 768w, https:\/\/i.mwtsolutions.eu\/wp-content\/uploads\/2020\/06\/Zdarzenia-w-\u015brodowisku-1536x780.png 1536w\" sizes=\"(max-width: 1899px) 100vw, 1899px\" \/>\t\t\t\t\t\t\t\t\t\t\t\t\t<\/div>\n\t\t\t\t<\/div>\n\t\t\t\t\t<\/div>\n\t\t<\/div>\n\t\t\t\t\t<\/div>\n\t\t<\/section>\n\t\t\t\t<section class=\"elementor-section elementor-inner-section elementor-element elementor-element-9921a33 elementor-reverse-mobile elementor-section-boxed elementor-section-height-default elementor-section-height-default force-full-width-no\" data-id=\"9921a33\" data-element_type=\"section\">\n\t\t\t\t\t\t<div class=\"elementor-container elementor-column-gap-default\">\n\t\t\t\t\t<div class=\"elementor-column elementor-col-50 elementor-inner-column elementor-element elementor-element-af07dea\" data-id=\"af07dea\" data-element_type=\"column\">\n\t\t\t<div class=\"elementor-widget-wrap elementor-element-populated\">\n\t\t\t\t\t\t<div class=\"elementor-element elementor-element-d9f8f7f monitor-left elementor-widget elementor-widget-image\" data-id=\"d9f8f7f\" data-element_type=\"widget\" data-widget_type=\"image.default\">\n\t\t\t\t<div class=\"elementor-widget-container\">\n\t\t\t\t\t\t\t\t\t\t\t\t\t<img width=\"1912\" height=\"755\" src=\"https:\/\/i.mwtsolutions.eu\/wp-content\/uploads\/2020\/06\/Raporty-skrzynek.png\" class=\"attachment-full size-full wp-image-67725\" alt=\"\" srcset=\"https:\/\/i.mwtsolutions.eu\/wp-content\/uploads\/2020\/06\/Raporty-skrzynek.png 1912w, https:\/\/i.mwtsolutions.eu\/wp-content\/uploads\/2020\/06\/Raporty-skrzynek-300x118.png 300w, https:\/\/i.mwtsolutions.eu\/wp-content\/uploads\/2020\/06\/Raporty-skrzynek-1024x404.png 1024w, https:\/\/i.mwtsolutions.eu\/wp-content\/uploads\/2020\/06\/Raporty-skrzynek-768x303.png 768w, https:\/\/i.mwtsolutions.eu\/wp-content\/uploads\/2020\/06\/Raporty-skrzynek-1536x607.png 1536w\" sizes=\"(max-width: 1912px) 100vw, 1912px\" \/>\t\t\t\t\t\t\t\t\t\t\t\t\t<\/div>\n\t\t\t\t<\/div>\n\t\t\t\t\t<\/div>\n\t\t<\/div>\n\t\t\t\t<div class=\"elementor-column elementor-col-50 elementor-inner-column elementor-element elementor-element-dc9abdd\" data-id=\"dc9abdd\" data-element_type=\"column\">\n\t\t\t<div class=\"elementor-widget-wrap elementor-element-populated\">\n\t\t\t\t\t\t<div class=\"elementor-element elementor-element-4c15541 elementor-widget elementor-widget-heading\" data-id=\"4c15541\" data-element_type=\"widget\" data-widget_type=\"heading.default\">\n\t\t\t\t<div class=\"elementor-widget-container\">\n\t\t\t<h3 class=\"elementor-heading-title elementor-size-default\">A postal\u00e1d\u00e1k r\u00e9szletes jelent\u00e9s\u00e9nek lehet\u0151s\u00e9ge<\/h3>\t\t<\/div>\n\t\t\t\t<\/div>\n\t\t\t\t<div class=\"elementor-element elementor-element-f6099cc elementor-widget elementor-widget-text-editor\" data-id=\"f6099cc\" data-element_type=\"widget\" data-widget_type=\"text-editor.default\">\n\t\t\t\t<div class=\"elementor-widget-container\">\n\t\t\t\t\t\t\t<p>Az Exchange Reporter Plus hozz\u00e1f\u00e9r\u00e9st biztos\u00edt a postafi\u00f3k-jelent\u00e9sek \u00e1tfog\u00f3 adatb\u00e1zis\u00e1hoz, p\u00e9ld\u00e1ul m\u00e9ret\u00fckh\u00f6z, a benn\u00fck tal\u00e1lhat\u00f3 mell\u00e9kletekhez \u00e9s ak\u00e1r kulcssz\u00f3-keres\u00e9sekhez is. A jelent\u00e9si funkci\u00f3 lehet\u0151v\u00e9 teszi olyan er\u0151forr\u00e1sok ellen\u0151rz\u00e9s\u00e9t is, mint p\u00e9ld\u00e1ul a nyilv\u00e1nos mapp\u00e1k, a fennmarad\u00f3 lemezter\u00fclet \u00e9s az OWA &amp; ActiveSync jelent\u00e9sek. Ezenk\u00edv\u00fcl az \u00f6sszes l\u00e9trehozott jelent\u00e9s CSV, PDF, XLS vagy HTML f\u00e1jlba is elk\u00fcldhet\u0151.<\/p>\t\t\t\t\t\t<\/div>\n\t\t\t\t<\/div>\n\t\t\t\t\t<\/div>\n\t\t<\/div>\n\t\t\t\t\t<\/div>\n\t\t<\/section>\n\t\t\t\t<section class=\"elementor-section elementor-inner-section elementor-element elementor-element-a5b0223 elementor-section-boxed elementor-section-height-default elementor-section-height-default force-full-width-no\" data-id=\"a5b0223\" data-element_type=\"section\">\n\t\t\t\t\t\t<div class=\"elementor-container elementor-column-gap-default\">\n\t\t\t\t\t<div class=\"elementor-column elementor-col-50 elementor-inner-column elementor-element elementor-element-49e2d83\" data-id=\"49e2d83\" data-element_type=\"column\">\n\t\t\t<div class=\"elementor-widget-wrap elementor-element-populated\">\n\t\t\t\t\t\t<div class=\"elementor-element elementor-element-1f02a3e elementor-widget elementor-widget-heading\" data-id=\"1f02a3e\" data-element_type=\"widget\" data-widget_type=\"heading.default\">\n\t\t\t\t<div class=\"elementor-widget-container\">\n\t\t\t<h3 class=\"elementor-heading-title elementor-size-default\">Esem\u00e9nyek audit\u00e1l\u00e1sa az Exchange szervereken<\/h3>\t\t<\/div>\n\t\t\t\t<\/div>\n\t\t\t\t<div class=\"elementor-element elementor-element-f7288d4 elementor-widget elementor-widget-text-editor\" data-id=\"f7288d4\" data-element_type=\"widget\" data-widget_type=\"text-editor.default\">\n\t\t\t\t<div class=\"elementor-widget-container\">\n\t\t\t\t\t\t\t<p>Az eszk\u00f6z esem\u00e9nynapl\u00f3z\u00f3 funkci\u00f3val rendelkezik az Exchange \u00e9s az Exchange Online kiszolg\u00e1l\u00f3k sz\u00e1m\u00e1ra. Jelent\u00e9s k\u00e9sz\u00edt\u00e9sekor kiv\u00e1laszthat egy meghat\u00e1rozott id\u0151szakot, tartom\u00e1nyt \u00e9s esem\u00e9nyeket, amelyeket munkaid\u0151 alatt vagy azon k\u00edv\u00fcl r\u00f6gz\u00edtettek. Mindegyik jelent\u00e9s hozz\u00e1adhat\u00f3 egy ciklikus \u00fctemez\u00e9shez, majd elk\u00fcldhet\u0151 a lemez egy kiv\u00e1lasztott \u00fatvonal\u00e1ra.<\/p>\t\t\t\t\t\t<\/div>\n\t\t\t\t<\/div>\n\t\t\t\t\t<\/div>\n\t\t<\/div>\n\t\t\t\t<div class=\"elementor-column elementor-col-50 elementor-inner-column elementor-element elementor-element-d8275a6\" data-id=\"d8275a6\" data-element_type=\"column\">\n\t\t\t<div class=\"elementor-widget-wrap elementor-element-populated\">\n\t\t\t\t\t\t<div class=\"elementor-element elementor-element-e1c2be7 monitor-center elementor-widget elementor-widget-image\" data-id=\"e1c2be7\" data-element_type=\"widget\" data-widget_type=\"image.default\">\n\t\t\t\t<div class=\"elementor-widget-container\">\n\t\t\t\t\t\t\t\t\t\t\t\t\t<img width=\"1894\" height=\"962\" src=\"https:\/\/i.mwtsolutions.eu\/wp-content\/uploads\/2020\/06\/Audyt.png\" class=\"attachment-full size-full wp-image-67727\" alt=\"\" srcset=\"https:\/\/i.mwtsolutions.eu\/wp-content\/uploads\/2020\/06\/Audyt.png 1894w, https:\/\/i.mwtsolutions.eu\/wp-content\/uploads\/2020\/06\/Audyt-300x152.png 300w, https:\/\/i.mwtsolutions.eu\/wp-content\/uploads\/2020\/06\/Audyt-1024x520.png 1024w, https:\/\/i.mwtsolutions.eu\/wp-content\/uploads\/2020\/06\/Audyt-768x390.png 768w, https:\/\/i.mwtsolutions.eu\/wp-content\/uploads\/2020\/06\/Audyt-1536x780.png 1536w\" sizes=\"(max-width: 1894px) 100vw, 1894px\" \/>\t\t\t\t\t\t\t\t\t\t\t\t\t<\/div>\n\t\t\t\t<\/div>\n\t\t\t\t\t<\/div>\n\t\t<\/div>\n\t\t\t\t\t<\/div>\n\t\t<\/section>\n\t\t\t\t<section class=\"elementor-section elementor-inner-section elementor-element elementor-element-a99642f elementor-reverse-mobile elementor-section-boxed elementor-section-height-default elementor-section-height-default force-full-width-no\" data-id=\"a99642f\" data-element_type=\"section\">\n\t\t\t\t\t\t<div class=\"elementor-container elementor-column-gap-default\">\n\t\t\t\t\t<div class=\"elementor-column elementor-col-50 elementor-inner-column elementor-element elementor-element-8fff9a5\" data-id=\"8fff9a5\" data-element_type=\"column\">\n\t\t\t<div class=\"elementor-widget-wrap elementor-element-populated\">\n\t\t\t\t\t\t<div class=\"elementor-element elementor-element-6a85e71 monitor-left elementor-widget elementor-widget-image\" data-id=\"6a85e71\" data-element_type=\"widget\" data-widget_type=\"image.default\">\n\t\t\t\t<div class=\"elementor-widget-container\">\n\t\t\t\t\t\t\t\t\t\t\t\t\t<img loading=\"lazy\" width=\"1894\" height=\"959\" src=\"https:\/\/i.mwtsolutions.eu\/wp-content\/uploads\/2020\/06\/DAG.png\" class=\"attachment-full size-full wp-image-67729\" alt=\"\" srcset=\"https:\/\/i.mwtsolutions.eu\/wp-content\/uploads\/2020\/06\/DAG.png 1894w, https:\/\/i.mwtsolutions.eu\/wp-content\/uploads\/2020\/06\/DAG-300x152.png 300w, https:\/\/i.mwtsolutions.eu\/wp-content\/uploads\/2020\/06\/DAG-1024x518.png 1024w, https:\/\/i.mwtsolutions.eu\/wp-content\/uploads\/2020\/06\/DAG-768x389.png 768w, https:\/\/i.mwtsolutions.eu\/wp-content\/uploads\/2020\/06\/DAG-1536x778.png 1536w\" sizes=\"(max-width: 1894px) 100vw, 1894px\" \/>\t\t\t\t\t\t\t\t\t\t\t\t\t<\/div>\n\t\t\t\t<\/div>\n\t\t\t\t\t<\/div>\n\t\t<\/div>\n\t\t\t\t<div class=\"elementor-column elementor-col-50 elementor-inner-column elementor-element elementor-element-1800df7\" data-id=\"1800df7\" data-element_type=\"column\">\n\t\t\t<div class=\"elementor-widget-wrap elementor-element-populated\">\n\t\t\t\t\t\t<div class=\"elementor-element elementor-element-accdd13 elementor-widget elementor-widget-heading\" data-id=\"accdd13\" data-element_type=\"widget\" data-widget_type=\"heading.default\">\n\t\t\t\t<div class=\"elementor-widget-container\">\n\t\t\t<h3 class=\"elementor-heading-title elementor-size-default\">Az enged\u00e9lyek, a DAG \u00e9s az adatb\u00e1zisok v\u00e1ltoz\u00e1sainak ellen\u0151rz\u00e9se<\/h3>\t\t<\/div>\n\t\t\t\t<\/div>\n\t\t\t\t<div class=\"elementor-element elementor-element-92f56c4 elementor-widget elementor-widget-text-editor\" data-id=\"92f56c4\" data-element_type=\"widget\" data-widget_type=\"text-editor.default\">\n\t\t\t\t<div class=\"elementor-widget-container\">\n\t\t\t\t\t\t\t<p>A rendszer rendelkezik a felhaszn\u00e1l\u00f3i enged\u00e9lyek, a DAG-ok \u00e9s maga az adatb\u00e1zis v\u00e1ltoz\u00e1saira figyelmeztet\u0151 modullal. Ha az Exchange Reporter Plus nemk\u00edv\u00e1natos v\u00e1ltoz\u00e1st \u00e9szlel, a rendszeradminisztr\u00e1tor SMS-ben vagy e-mailben \u00e9rtes\u00edt\u00e9st kap. A riaszt\u00e1s t\u00edpusa pontosan meghat\u00e1rozhat\u00f3 egy adott \u00fczenetben a defini\u00e1lt \u00fczenettel \u00e9s a megfelel\u0151 inform\u00e1ci\u00f3kkal.<\/p>\t\t\t\t\t\t<\/div>\n\t\t\t\t<\/div>\n\t\t\t\t\t<\/div>\n\t\t<\/div>\n\t\t\t\t\t<\/div>\n\t\t<\/section>\n\t\t\t\t\t<\/div>\n\t\t<\/div>\n\t\t\t\t\t<\/div>\n\t\t<\/section>\n\t\t\t\t<\/div>\n\t\t","protected":false},"excerpt":{"rendered":"<p>FUNKCI\u00d3K A k\u00f6rnyezetben v\u00e9gbemen\u0151 legfontosabb esem\u00e9nyek megjelen\u00edt\u00e9se A rendszer k\u00e9pes grafikusan bemutatni az Exchange k\u00f6rnyezet tev\u00e9kenys\u00e9g\u00e9t \u00e9s figyelemmel k\u00eds\u00e9rni annak \u00e1llapot\u00e1t. Az ir\u00e1ny\u00edt\u00f3pulton l\u00e1that\u00f3k azok a felhaszn\u00e1l\u00f3i postafi\u00f3kok, amelyek a legt\u00f6bb helyet foglalj\u00e1k el. Az eszk\u00f6z rendelkezik egy jelent\u00e9si funkci\u00f3val is, amely inform\u00e1ci\u00f3kat tartalmaz a szerveren m\u00e9g fennmarad\u00f3 helyr\u0151l. A postal\u00e1d\u00e1k r\u00e9szletes jelent\u00e9s\u00e9nek lehet\u0151s\u00e9ge Az [&hellip;]<\/p>\n","protected":false},"author":20,"featured_media":0,"parent":69412,"menu_order":10,"comment_status":"closed","ping_status":"closed","template":"page-templates\/single-product.php","meta":{"content-type":"","om_disable_all_campaigns":false,"inline_featured_image":false,"_monsterinsights_skip_tracking":false,"_monsterinsights_sitenote_active":false,"_monsterinsights_sitenote_note":"","_monsterinsights_sitenote_category":0,"_links_to":"","_links_to_target":""},"acf":[],"aioseo_notices":[],"yoast_head":"<!-- This site is optimized with the Yoast SEO plugin v20.6 - https:\/\/yoast.com\/wordpress\/plugins\/seo\/ -->\n<title>Exchange figyel\u00e9s az Exchange Reporter Plus-szal - MWT Solutions<\/title>\n<meta name=\"description\" content=\"Egy rendszer az Exchange Server, Exchange Online, Skype V\u00e1llalati verzi\u00f3 v\u00e1ltoz\u00e1sainak jelent\u00e9s\u00e9re, figyel\u00e9s\u00e9re \u00e9s ellen\u0151rz\u00e9s\u00e9re.\" \/>\n<meta name=\"robots\" content=\"index, follow, max-snippet:-1, max-image-preview:large, max-video-preview:-1\" \/>\n<link rel=\"canonical\" href=\"https:\/\/i.mwtsolutions.eu\/hu\/termekek\/active-directory\/exchange-reporter-plus\/\" \/>\n<meta property=\"og:locale\" content=\"hu_HU\" \/>\n<meta property=\"og:type\" content=\"article\" \/>\n<meta property=\"og:title\" content=\"Exchange figyel\u00e9s az Exchange Reporter Plus-szal - MWT Solutions\" \/>\n<meta property=\"og:description\" content=\"Egy rendszer az Exchange Server, Exchange Online, Skype V\u00e1llalati verzi\u00f3 v\u00e1ltoz\u00e1sainak jelent\u00e9s\u00e9re, figyel\u00e9s\u00e9re \u00e9s ellen\u0151rz\u00e9s\u00e9re.\" \/>\n<meta property=\"og:url\" content=\"https:\/\/i.mwtsolutions.eu\/hu\/termekek\/active-directory\/exchange-reporter-plus\/\" \/>\n<meta property=\"og:site_name\" content=\"MWT Solutions\" \/>\n<meta property=\"article:modified_time\" content=\"2023-12-08T09:01:07+00:00\" \/>\n<meta property=\"og:image\" content=\"https:\/\/i.mwtsolutions.eu\/wp-content\/uploads\/2020\/06\/Raporty-skrzynek.png\" \/>\n<meta name=\"twitter:card\" content=\"summary_large_image\" \/>\n<meta name=\"twitter:label1\" content=\"Becs\u00fclt olvas\u00e1si id\u0151\" \/>\n\t<meta name=\"twitter:data1\" content=\"2 perc\" \/>\n<script type=\"application\/ld+json\" class=\"yoast-schema-graph\">{\"@context\":\"https:\/\/schema.org\",\"@graph\":[{\"@type\":\"WebPage\",\"@id\":\"https:\/\/i.mwtsolutions.eu\/hu\/termekek\/active-directory\/exchange-reporter-plus\/\",\"url\":\"https:\/\/i.mwtsolutions.eu\/hu\/termekek\/active-directory\/exchange-reporter-plus\/\",\"name\":\"Exchange figyel\u00e9s az Exchange Reporter Plus-szal - MWT Solutions\",\"isPartOf\":{\"@id\":\"https:\/\/i.mwtsolutions.eu\/#website\"},\"datePublished\":\"2020-04-30T13:01:59+00:00\",\"dateModified\":\"2023-12-08T09:01:07+00:00\",\"description\":\"Egy rendszer az Exchange Server, Exchange Online, Skype V\u00e1llalati verzi\u00f3 v\u00e1ltoz\u00e1sainak jelent\u00e9s\u00e9re, figyel\u00e9s\u00e9re \u00e9s ellen\u0151rz\u00e9s\u00e9re.\",\"breadcrumb\":{\"@id\":\"https:\/\/i.mwtsolutions.eu\/hu\/termekek\/active-directory\/exchange-reporter-plus\/#breadcrumb\"},\"inLanguage\":\"hu\",\"potentialAction\":[{\"@type\":\"ReadAction\",\"target\":[\"https:\/\/i.mwtsolutions.eu\/hu\/termekek\/active-directory\/exchange-reporter-plus\/\"]}]},{\"@type\":\"BreadcrumbList\",\"@id\":\"https:\/\/i.mwtsolutions.eu\/hu\/termekek\/active-directory\/exchange-reporter-plus\/#breadcrumb\",\"itemListElement\":[{\"@type\":\"ListItem\",\"position\":1,\"name\":\"Home\",\"item\":\"https:\/\/i.mwtsolutions.eu\/hu\/\"},{\"@type\":\"ListItem\",\"position\":2,\"name\":\"Term\u00e9kek\",\"item\":\"https:\/\/i.mwtsolutions.eu\/hu\/termekek\/\"},{\"@type\":\"ListItem\",\"position\":3,\"name\":\"Active Directory\",\"item\":\"https:\/\/i.mwtsolutions.eu\/hu\/termekek\/active-directory\/\"},{\"@type\":\"ListItem\",\"position\":4,\"name\":\"Exchange Reporter Plus\"}]},{\"@type\":\"WebSite\",\"@id\":\"https:\/\/i.mwtsolutions.eu\/#website\",\"url\":\"https:\/\/i.mwtsolutions.eu\/\",\"name\":\"MWT Solutions\",\"description\":\"Wy\u0142\u0105czny dystrybutor ManageEngine w Polsce\",\"publisher\":{\"@id\":\"https:\/\/i.mwtsolutions.eu\/#organization\"},\"potentialAction\":[{\"@type\":\"SearchAction\",\"target\":{\"@type\":\"EntryPoint\",\"urlTemplate\":\"https:\/\/i.mwtsolutions.eu\/?s={search_term_string}\"},\"query-input\":\"required name=search_term_string\"}],\"inLanguage\":\"hu\"},{\"@type\":\"Organization\",\"@id\":\"https:\/\/i.mwtsolutions.eu\/#organization\",\"name\":\"MWT Solutions\",\"url\":\"https:\/\/i.mwtsolutions.eu\/\",\"logo\":{\"@type\":\"ImageObject\",\"inLanguage\":\"hu\",\"@id\":\"https:\/\/i.mwtsolutions.eu\/#\/schema\/logo\/image\/\",\"url\":\"https:\/\/i.mwtsolutions.eu\/wp-content\/uploads\/2025\/05\/logo_MWT_rgb-color-1.png\",\"contentUrl\":\"https:\/\/i.mwtsolutions.eu\/wp-content\/uploads\/2025\/05\/logo_MWT_rgb-color-1.png\",\"width\":2825,\"height\":850,\"caption\":\"MWT Solutions\"},\"image\":{\"@id\":\"https:\/\/i.mwtsolutions.eu\/#\/schema\/logo\/image\/\"},\"sameAs\":[\"https:\/\/pl.linkedin.com\/company\/mwt-solutions\"]}]}<\/script>\n<!-- \/ Yoast SEO plugin. -->","yoast_head_json":{"title":"Exchange figyel\u00e9s az Exchange Reporter Plus-szal - MWT Solutions","description":"Egy rendszer az Exchange Server, Exchange Online, Skype V\u00e1llalati verzi\u00f3 v\u00e1ltoz\u00e1sainak jelent\u00e9s\u00e9re, figyel\u00e9s\u00e9re \u00e9s ellen\u0151rz\u00e9s\u00e9re.","robots":{"index":"index","follow":"follow","max-snippet":"max-snippet:-1","max-image-preview":"max-image-preview:large","max-video-preview":"max-video-preview:-1"},"canonical":"https:\/\/i.mwtsolutions.eu\/hu\/termekek\/active-directory\/exchange-reporter-plus\/","og_locale":"hu_HU","og_type":"article","og_title":"Exchange figyel\u00e9s az Exchange Reporter Plus-szal - MWT Solutions","og_description":"Egy rendszer az Exchange Server, Exchange Online, Skype V\u00e1llalati verzi\u00f3 v\u00e1ltoz\u00e1sainak jelent\u00e9s\u00e9re, figyel\u00e9s\u00e9re \u00e9s ellen\u0151rz\u00e9s\u00e9re.","og_url":"https:\/\/i.mwtsolutions.eu\/hu\/termekek\/active-directory\/exchange-reporter-plus\/","og_site_name":"MWT Solutions","article_modified_time":"2023-12-08T09:01:07+00:00","og_image":[{"url":"https:\/\/i.mwtsolutions.eu\/wp-content\/uploads\/2020\/06\/Raporty-skrzynek.png"}],"twitter_card":"summary_large_image","twitter_misc":{"Becs\u00fclt olvas\u00e1si id\u0151":"2 perc"},"schema":{"@context":"https:\/\/schema.org","@graph":[{"@type":"WebPage","@id":"https:\/\/i.mwtsolutions.eu\/hu\/termekek\/active-directory\/exchange-reporter-plus\/","url":"https:\/\/i.mwtsolutions.eu\/hu\/termekek\/active-directory\/exchange-reporter-plus\/","name":"Exchange figyel\u00e9s az Exchange Reporter Plus-szal - MWT Solutions","isPartOf":{"@id":"https:\/\/i.mwtsolutions.eu\/#website"},"datePublished":"2020-04-30T13:01:59+00:00","dateModified":"2023-12-08T09:01:07+00:00","description":"Egy rendszer az Exchange Server, Exchange Online, Skype V\u00e1llalati verzi\u00f3 v\u00e1ltoz\u00e1sainak jelent\u00e9s\u00e9re, figyel\u00e9s\u00e9re \u00e9s ellen\u0151rz\u00e9s\u00e9re.","breadcrumb":{"@id":"https:\/\/i.mwtsolutions.eu\/hu\/termekek\/active-directory\/exchange-reporter-plus\/#breadcrumb"},"inLanguage":"hu","potentialAction":[{"@type":"ReadAction","target":["https:\/\/i.mwtsolutions.eu\/hu\/termekek\/active-directory\/exchange-reporter-plus\/"]}]},{"@type":"BreadcrumbList","@id":"https:\/\/i.mwtsolutions.eu\/hu\/termekek\/active-directory\/exchange-reporter-plus\/#breadcrumb","itemListElement":[{"@type":"ListItem","position":1,"name":"Home","item":"https:\/\/i.mwtsolutions.eu\/hu\/"},{"@type":"ListItem","position":2,"name":"Term\u00e9kek","item":"https:\/\/i.mwtsolutions.eu\/hu\/termekek\/"},{"@type":"ListItem","position":3,"name":"Active Directory","item":"https:\/\/i.mwtsolutions.eu\/hu\/termekek\/active-directory\/"},{"@type":"ListItem","position":4,"name":"Exchange Reporter Plus"}]},{"@type":"WebSite","@id":"https:\/\/i.mwtsolutions.eu\/#website","url":"https:\/\/i.mwtsolutions.eu\/","name":"MWT Solutions","description":"Wy\u0142\u0105czny dystrybutor ManageEngine w Polsce","publisher":{"@id":"https:\/\/i.mwtsolutions.eu\/#organization"},"potentialAction":[{"@type":"SearchAction","target":{"@type":"EntryPoint","urlTemplate":"https:\/\/i.mwtsolutions.eu\/?s={search_term_string}"},"query-input":"required name=search_term_string"}],"inLanguage":"hu"},{"@type":"Organization","@id":"https:\/\/i.mwtsolutions.eu\/#organization","name":"MWT Solutions","url":"https:\/\/i.mwtsolutions.eu\/","logo":{"@type":"ImageObject","inLanguage":"hu","@id":"https:\/\/i.mwtsolutions.eu\/#\/schema\/logo\/image\/","url":"https:\/\/i.mwtsolutions.eu\/wp-content\/uploads\/2025\/05\/logo_MWT_rgb-color-1.png","contentUrl":"https:\/\/i.mwtsolutions.eu\/wp-content\/uploads\/2025\/05\/logo_MWT_rgb-color-1.png","width":2825,"height":850,"caption":"MWT Solutions"},"image":{"@id":"https:\/\/i.mwtsolutions.eu\/#\/schema\/logo\/image\/"},"sameAs":["https:\/\/pl.linkedin.com\/company\/mwt-solutions"]}]}},"_links":{"self":[{"href":"https:\/\/i.mwtsolutions.eu\/hu\/wp-json\/wp\/v2\/pages\/69655"}],"collection":[{"href":"https:\/\/i.mwtsolutions.eu\/hu\/wp-json\/wp\/v2\/pages"}],"about":[{"href":"https:\/\/i.mwtsolutions.eu\/hu\/wp-json\/wp\/v2\/types\/page"}],"author":[{"embeddable":true,"href":"https:\/\/i.mwtsolutions.eu\/hu\/wp-json\/wp\/v2\/users\/20"}],"replies":[{"embeddable":true,"href":"https:\/\/i.mwtsolutions.eu\/hu\/wp-json\/wp\/v2\/comments?post=69655"}],"version-history":[{"count":8,"href":"https:\/\/i.mwtsolutions.eu\/hu\/wp-json\/wp\/v2\/pages\/69655\/revisions"}],"predecessor-version":[{"id":98171,"href":"https:\/\/i.mwtsolutions.eu\/hu\/wp-json\/wp\/v2\/pages\/69655\/revisions\/98171"}],"up":[{"embeddable":true,"href":"https:\/\/i.mwtsolutions.eu\/hu\/wp-json\/wp\/v2\/pages\/69412"}],"wp:attachment":[{"href":"https:\/\/i.mwtsolutions.eu\/hu\/wp-json\/wp\/v2\/media?parent=69655"}],"curies":[{"name":"wp","href":"https:\/\/api.w.org\/{rel}","templated":true}]}}