{"id":69659,"date":"2020-04-30T15:01:53","date_gmt":"2020-04-30T13:01:53","guid":{"rendered":"https:\/\/mwtsolutions.eu\/produkty\/active-directory\/tworzenie-kopii-zapasowej-active-directory-recovery-manager-plus\/"},"modified":"2023-12-08T10:58:07","modified_gmt":"2023-12-08T09:58:07","slug":"recovery-manager-plus","status":"publish","type":"page","link":"https:\/\/i.mwtsolutions.eu\/hu\/termekek\/active-directory\/recovery-manager-plus\/","title":{"rendered":"Recovery Manager Plus"},"content":{"rendered":"\t\t<div data-elementor-type=\"wp-page\" data-elementor-id=\"69659\" class=\"elementor elementor-69659 elementor-549\" data-elementor-post-type=\"page\">\n\t\t\t\t\t\t<section class=\"elementor-section elementor-top-section elementor-element elementor-element-14c4bc0 elementor-section-boxed elementor-section-height-default elementor-section-height-default force-full-width-no\" data-id=\"14c4bc0\" data-element_type=\"section\">\n\t\t\t\t\t\t<div class=\"elementor-container elementor-column-gap-default\">\n\t\t\t\t\t<div class=\"elementor-column elementor-col-100 elementor-top-column elementor-element elementor-element-97d1812\" data-id=\"97d1812\" data-element_type=\"column\">\n\t\t\t<div class=\"elementor-widget-wrap elementor-element-populated\">\n\t\t\t\t\t\t<div class=\"elementor-element elementor-element-5ca07ab elementor-widget elementor-widget-heading\" data-id=\"5ca07ab\" data-element_type=\"widget\" data-widget_type=\"heading.default\">\n\t\t\t\t<div class=\"elementor-widget-container\">\n\t\t\t<h2 class=\"elementor-heading-title elementor-size-default\">FUNKCI\u00d3K<\/h2>\t\t<\/div>\n\t\t\t\t<\/div>\n\t\t\t\t<section class=\"elementor-section elementor-inner-section elementor-element elementor-element-217f614 elementor-section-boxed elementor-section-height-default elementor-section-height-default force-full-width-no\" data-id=\"217f614\" data-element_type=\"section\">\n\t\t\t\t\t\t<div class=\"elementor-container elementor-column-gap-default\">\n\t\t\t\t\t<div class=\"elementor-column elementor-col-50 elementor-inner-column elementor-element elementor-element-2082d32\" data-id=\"2082d32\" data-element_type=\"column\">\n\t\t\t<div class=\"elementor-widget-wrap elementor-element-populated\">\n\t\t\t\t\t\t<div class=\"elementor-element elementor-element-14365cd elementor-widget elementor-widget-heading\" data-id=\"14365cd\" data-element_type=\"widget\" data-widget_type=\"heading.default\">\n\t\t\t\t<div class=\"elementor-widget-container\">\n\t\t\t<h3 class=\"elementor-heading-title elementor-size-default\">A v\u00e9grehajtott biztons\u00e1gi m\u00e1solatok \u00e9s a n\u00f6vekm\u00e9nyes biztons\u00e1gi ment\u00e9sek el\u0151n\u00e9zete<\/h3>\t\t<\/div>\n\t\t\t\t<\/div>\n\t\t\t\t<div class=\"elementor-element elementor-element-b63843f elementor-widget elementor-widget-text-editor\" data-id=\"b63843f\" data-element_type=\"widget\" data-widget_type=\"text-editor.default\">\n\t\t\t\t<div class=\"elementor-widget-container\">\n\t\t\t\t\t\t\t<p>A Recovery Manager Plus k\u00e9pes megtekinteni a f\u0151men\u00fcben a biztons\u00e1gi ment\u00e9shez hozz\u00e1adott attrib\u00fatumok sz\u00e1m\u00e1t. Az ir\u00e1ny\u00edt\u00f3pult mutatja a kiv\u00e1lasztott tartom\u00e1ny objektumainak t\u00edpusait \u00e9s a biztons\u00e1gi m\u00e1solat l\u00e9trehoz\u00e1s\u00e1hoz sz\u00fcks\u00e9ges id\u0151t.<\/p>\t\t\t\t\t\t<\/div>\n\t\t\t\t<\/div>\n\t\t\t\t\t<\/div>\n\t\t<\/div>\n\t\t\t\t<div class=\"elementor-column elementor-col-50 elementor-inner-column elementor-element elementor-element-2900cd1\" data-id=\"2900cd1\" data-element_type=\"column\">\n\t\t\t<div class=\"elementor-widget-wrap elementor-element-populated\">\n\t\t\t\t\t\t<div class=\"elementor-element elementor-element-996192f monitor-right elementor-widget elementor-widget-image\" data-id=\"996192f\" data-element_type=\"widget\" data-widget_type=\"image.default\">\n\t\t\t\t<div class=\"elementor-widget-container\">\n\t\t\t\t\t\t\t\t\t\t\t\t\t<img fetchpriority=\"high\" width=\"1899\" height=\"934\" src=\"https:\/\/i.mwtsolutions.eu\/wp-content\/uploads\/2020\/06\/Podgl\u0105d-wykonanych-kopii.png\" class=\"attachment-full size-full wp-image-67759\" alt=\"\" srcset=\"https:\/\/i.mwtsolutions.eu\/wp-content\/uploads\/2020\/06\/Podgl\u0105d-wykonanych-kopii.png 1899w, https:\/\/i.mwtsolutions.eu\/wp-content\/uploads\/2020\/06\/Podgl\u0105d-wykonanych-kopii-300x148.png 300w, https:\/\/i.mwtsolutions.eu\/wp-content\/uploads\/2020\/06\/Podgl\u0105d-wykonanych-kopii-1024x504.png 1024w, https:\/\/i.mwtsolutions.eu\/wp-content\/uploads\/2020\/06\/Podgl\u0105d-wykonanych-kopii-768x378.png 768w, https:\/\/i.mwtsolutions.eu\/wp-content\/uploads\/2020\/06\/Podgl\u0105d-wykonanych-kopii-1536x755.png 1536w\" sizes=\"(max-width: 1899px) 100vw, 1899px\" \/>\t\t\t\t\t\t\t\t\t\t\t\t\t<\/div>\n\t\t\t\t<\/div>\n\t\t\t\t\t<\/div>\n\t\t<\/div>\n\t\t\t\t\t<\/div>\n\t\t<\/section>\n\t\t\t\t<section class=\"elementor-section elementor-inner-section elementor-element elementor-element-e8928bf elementor-reverse-mobile elementor-section-boxed elementor-section-height-default elementor-section-height-default force-full-width-no\" data-id=\"e8928bf\" data-element_type=\"section\">\n\t\t\t\t\t\t<div class=\"elementor-container elementor-column-gap-default\">\n\t\t\t\t\t<div class=\"elementor-column elementor-col-50 elementor-inner-column elementor-element elementor-element-d3e0920\" data-id=\"d3e0920\" data-element_type=\"column\">\n\t\t\t<div class=\"elementor-widget-wrap elementor-element-populated\">\n\t\t\t\t\t\t<div class=\"elementor-element elementor-element-50bb739 monitor-left elementor-widget elementor-widget-image\" data-id=\"50bb739\" data-element_type=\"widget\" data-widget_type=\"image.default\">\n\t\t\t\t<div class=\"elementor-widget-container\">\n\t\t\t\t\t\t\t\t\t\t\t\t\t<img width=\"1912\" height=\"852\" src=\"https:\/\/i.mwtsolutions.eu\/wp-content\/uploads\/2020\/06\/Backup-AD.png\" class=\"attachment-full size-full wp-image-67761\" alt=\"\" srcset=\"https:\/\/i.mwtsolutions.eu\/wp-content\/uploads\/2020\/06\/Backup-AD.png 1912w, https:\/\/i.mwtsolutions.eu\/wp-content\/uploads\/2020\/06\/Backup-AD-300x134.png 300w, https:\/\/i.mwtsolutions.eu\/wp-content\/uploads\/2020\/06\/Backup-AD-1024x456.png 1024w, https:\/\/i.mwtsolutions.eu\/wp-content\/uploads\/2020\/06\/Backup-AD-768x342.png 768w, https:\/\/i.mwtsolutions.eu\/wp-content\/uploads\/2020\/06\/Backup-AD-1536x684.png 1536w\" sizes=\"(max-width: 1912px) 100vw, 1912px\" \/>\t\t\t\t\t\t\t\t\t\t\t\t\t<\/div>\n\t\t\t\t<\/div>\n\t\t\t\t\t<\/div>\n\t\t<\/div>\n\t\t\t\t<div class=\"elementor-column elementor-col-50 elementor-inner-column elementor-element elementor-element-40a61c8\" data-id=\"40a61c8\" data-element_type=\"column\">\n\t\t\t<div class=\"elementor-widget-wrap elementor-element-populated\">\n\t\t\t\t\t\t<div class=\"elementor-element elementor-element-19af231 elementor-widget elementor-widget-heading\" data-id=\"19af231\" data-element_type=\"widget\" data-widget_type=\"heading.default\">\n\t\t\t\t<div class=\"elementor-widget-container\">\n\t\t\t<h3 class=\"elementor-heading-title elementor-size-default\">Az Active Directory, az Office 365 \u00e9s az Exchange On-Premise biztons\u00e1gi ment\u00e9se<\/h3>\t\t<\/div>\n\t\t\t\t<\/div>\n\t\t\t\t<div class=\"elementor-element elementor-element-63d40a7 elementor-widget elementor-widget-text-editor\" data-id=\"63d40a7\" data-element_type=\"widget\" data-widget_type=\"text-editor.default\">\n\t\t\t\t<div class=\"elementor-widget-container\">\n\t\t\t\t\t\t\t<p>Egy webkonzolr\u00f3l a rendszer lehet\u0151v\u00e9 teszi az Exchange, az Office365, a Google Workspace \u00e9s az Active Directory biztons\u00e1gi ment\u00e9si \u00fctemez\u00e9s\u00e9nek konfigur\u00e1l\u00e1s\u00e1t. Az eszk\u00f6z lehet\u0151v\u00e9 teszi a biztons\u00e1gi m\u00e1solatok hossz\u00fa ideig t\u00f6rt\u00e9n\u0151 t\u00e1rol\u00e1s\u00e1t, \u00edgy b\u00e1rmikor visszat\u00e9rhet a megfelel\u0151 verzi\u00f3ra.<\/p>\t\t\t\t\t\t<\/div>\n\t\t\t\t<\/div>\n\t\t\t\t\t<\/div>\n\t\t<\/div>\n\t\t\t\t\t<\/div>\n\t\t<\/section>\n\t\t\t\t<section class=\"elementor-section elementor-inner-section elementor-element elementor-element-17eb9cd elementor-section-boxed elementor-section-height-default elementor-section-height-default force-full-width-no\" data-id=\"17eb9cd\" data-element_type=\"section\">\n\t\t\t\t\t\t<div class=\"elementor-container elementor-column-gap-default\">\n\t\t\t\t\t<div class=\"elementor-column elementor-col-50 elementor-inner-column elementor-element elementor-element-8e5ea3f\" data-id=\"8e5ea3f\" data-element_type=\"column\">\n\t\t\t<div class=\"elementor-widget-wrap elementor-element-populated\">\n\t\t\t\t\t\t<div class=\"elementor-element elementor-element-7e9455c elementor-widget elementor-widget-heading\" data-id=\"7e9455c\" data-element_type=\"widget\" data-widget_type=\"heading.default\">\n\t\t\t\t<div class=\"elementor-widget-container\">\n\t\t\t<h3 class=\"elementor-heading-title elementor-size-default\">A teljes biztons\u00e1gi m\u00e1solat vagy egyetlen elem vissza\u00e1ll\u00edt\u00e1sa<\/h3>\t\t<\/div>\n\t\t\t\t<\/div>\n\t\t\t\t<div class=\"elementor-element elementor-element-2c2e3db elementor-widget elementor-widget-text-editor\" data-id=\"2c2e3db\" data-element_type=\"widget\" data-widget_type=\"text-editor.default\">\n\t\t\t\t<div class=\"elementor-widget-container\">\n\t\t\t\t\t\t\t<p>A rendszer lehet\u0151v\u00e9 teszi egyetlen attrib\u00fatum vissza\u00e1ll\u00edt\u00e1s\u00e1t biztons\u00e1gi m\u00e1solatb\u00f3l vagy egy teljes elemb\u0151l. Ez a szolg\u00e1ltat\u00e1s lehet\u0151v\u00e9 teszi az Active Directory egyszer\u0171 helyre\u00e1ll\u00edt\u00e1s\u00e1t a megfelel\u0151 \u00e1llapotba k\u00e9zi beavatkoz\u00e1s n\u00e9lk\u00fcl. Ezek az elemek egy grafikus fel\u00fcletr\u0151l \u00e9rhet\u0151k el.<\/p>\t\t\t\t\t\t<\/div>\n\t\t\t\t<\/div>\n\t\t\t\t\t<\/div>\n\t\t<\/div>\n\t\t\t\t<div class=\"elementor-column elementor-col-50 elementor-inner-column elementor-element elementor-element-dd625b1\" data-id=\"dd625b1\" data-element_type=\"column\">\n\t\t\t<div class=\"elementor-widget-wrap elementor-element-populated\">\n\t\t\t\t\t\t<div class=\"elementor-element elementor-element-6a78cf4 monitor-center elementor-widget elementor-widget-image\" data-id=\"6a78cf4\" data-element_type=\"widget\" data-widget_type=\"image.default\">\n\t\t\t\t<div class=\"elementor-widget-container\">\n\t\t\t\t\t\t\t\t\t\t\t\t\t<img width=\"1913\" height=\"966\" src=\"https:\/\/i.mwtsolutions.eu\/wp-content\/uploads\/2020\/08\/Przywracanie-pojedynczego-elementu.png\" class=\"attachment-full size-full wp-image-68309\" alt=\"\" srcset=\"https:\/\/i.mwtsolutions.eu\/wp-content\/uploads\/2020\/08\/Przywracanie-pojedynczego-elementu.png 1913w, https:\/\/i.mwtsolutions.eu\/wp-content\/uploads\/2020\/08\/Przywracanie-pojedynczego-elementu-300x151.png 300w, https:\/\/i.mwtsolutions.eu\/wp-content\/uploads\/2020\/08\/Przywracanie-pojedynczego-elementu-1024x517.png 1024w, https:\/\/i.mwtsolutions.eu\/wp-content\/uploads\/2020\/08\/Przywracanie-pojedynczego-elementu-768x388.png 768w, https:\/\/i.mwtsolutions.eu\/wp-content\/uploads\/2020\/08\/Przywracanie-pojedynczego-elementu-1536x776.png 1536w\" sizes=\"(max-width: 1913px) 100vw, 1913px\" \/>\t\t\t\t\t\t\t\t\t\t\t\t\t<\/div>\n\t\t\t\t<\/div>\n\t\t\t\t\t<\/div>\n\t\t<\/div>\n\t\t\t\t\t<\/div>\n\t\t<\/section>\n\t\t\t\t<section class=\"elementor-section elementor-inner-section elementor-element elementor-element-433b858 elementor-reverse-mobile elementor-section-boxed elementor-section-height-default elementor-section-height-default force-full-width-no\" data-id=\"433b858\" data-element_type=\"section\">\n\t\t\t\t\t\t<div class=\"elementor-container elementor-column-gap-default\">\n\t\t\t\t\t<div class=\"elementor-column elementor-col-50 elementor-inner-column elementor-element elementor-element-ecf0fbe\" data-id=\"ecf0fbe\" data-element_type=\"column\">\n\t\t\t<div class=\"elementor-widget-wrap elementor-element-populated\">\n\t\t\t\t\t\t<div class=\"elementor-element elementor-element-894080a monitor-left elementor-widget elementor-widget-image\" data-id=\"894080a\" data-element_type=\"widget\" data-widget_type=\"image.default\">\n\t\t\t\t<div class=\"elementor-widget-container\">\n\t\t\t\t\t\t\t\t\t\t\t\t\t<img loading=\"lazy\" width=\"1911\" height=\"848\" src=\"https:\/\/i.mwtsolutions.eu\/wp-content\/uploads\/2020\/08\/Backup-Exchange.png\" class=\"attachment-full size-full wp-image-68311\" alt=\"\" srcset=\"https:\/\/i.mwtsolutions.eu\/wp-content\/uploads\/2020\/08\/Backup-Exchange.png 1911w, https:\/\/i.mwtsolutions.eu\/wp-content\/uploads\/2020\/08\/Backup-Exchange-300x133.png 300w, https:\/\/i.mwtsolutions.eu\/wp-content\/uploads\/2020\/08\/Backup-Exchange-1024x454.png 1024w, https:\/\/i.mwtsolutions.eu\/wp-content\/uploads\/2020\/08\/Backup-Exchange-768x341.png 768w, https:\/\/i.mwtsolutions.eu\/wp-content\/uploads\/2020\/08\/Backup-Exchange-1536x682.png 1536w\" sizes=\"(max-width: 1911px) 100vw, 1911px\" \/>\t\t\t\t\t\t\t\t\t\t\t\t\t<\/div>\n\t\t\t\t<\/div>\n\t\t\t\t\t<\/div>\n\t\t<\/div>\n\t\t\t\t<div class=\"elementor-column elementor-col-50 elementor-inner-column elementor-element elementor-element-ac39bfa\" data-id=\"ac39bfa\" data-element_type=\"column\">\n\t\t\t<div class=\"elementor-widget-wrap elementor-element-populated\">\n\t\t\t\t\t\t<div class=\"elementor-element elementor-element-8c0a056 elementor-widget elementor-widget-heading\" data-id=\"8c0a056\" data-element_type=\"widget\" data-widget_type=\"heading.default\">\n\t\t\t\t<div class=\"elementor-widget-container\">\n\t\t\t<h3 class=\"elementor-heading-title elementor-size-default\">K\u00f6nnyen vissza\u00e1ll\u00edthatja a rosszul bevezetett v\u00e1ltoz\u00e1sokat<\/h3>\t\t<\/div>\n\t\t\t\t<\/div>\n\t\t\t\t<div class=\"elementor-element elementor-element-1e894a7 elementor-widget elementor-widget-text-editor\" data-id=\"1e894a7\" data-element_type=\"widget\" data-widget_type=\"text-editor.default\">\n\t\t\t\t<div class=\"elementor-widget-container\">\n\t\t\t\t\t\t\t<p>A Recovery Manager Plus rendelkezik Rollback funkci\u00f3val, amely lehet\u0151v\u00e9 teszi b\u00e1rmilyen v\u00e1ltoz\u00e1s visszavon\u00e1s\u00e1t hiba eset\u00e9n. Ha a rendszergazda t\u00e9vesen egy er\u0151forr\u00e1snak ad enged\u00e9lyeket t\u00f6bb, vagy k\u00fcl\u00f6nb\u00f6z\u0151 csoportb\u00f3l sz\u00e1rmaz\u00f3 szem\u00e9lyek helyett, akkor nem kell a teljes AD-ben keresnie a jav\u00edt\u00e1s\u00e1hoz, el\u00e9g n\u00e9h\u00e1ny kattint\u00e1s a visszavon\u00e1shoz.<\/p>\t\t\t\t\t\t<\/div>\n\t\t\t\t<\/div>\n\t\t\t\t\t<\/div>\n\t\t<\/div>\n\t\t\t\t\t<\/div>\n\t\t<\/section>\n\t\t\t\t\t<\/div>\n\t\t<\/div>\n\t\t\t\t\t<\/div>\n\t\t<\/section>\n\t\t\t\t<\/div>\n\t\t","protected":false},"excerpt":{"rendered":"<p>FUNKCI\u00d3K A v\u00e9grehajtott biztons\u00e1gi m\u00e1solatok \u00e9s a n\u00f6vekm\u00e9nyes biztons\u00e1gi ment\u00e9sek el\u0151n\u00e9zete A Recovery Manager Plus k\u00e9pes megtekinteni a f\u0151men\u00fcben a biztons\u00e1gi ment\u00e9shez hozz\u00e1adott attrib\u00fatumok sz\u00e1m\u00e1t. Az ir\u00e1ny\u00edt\u00f3pult mutatja a kiv\u00e1lasztott tartom\u00e1ny objektumainak t\u00edpusait \u00e9s a biztons\u00e1gi m\u00e1solat l\u00e9trehoz\u00e1s\u00e1hoz sz\u00fcks\u00e9ges id\u0151t. Az Active Directory, az Office 365 \u00e9s az Exchange On-Premise biztons\u00e1gi ment\u00e9se Egy webkonzolr\u00f3l a [&hellip;]<\/p>\n","protected":false},"author":20,"featured_media":0,"parent":69412,"menu_order":10,"comment_status":"closed","ping_status":"closed","template":"page-templates\/single-product.php","meta":{"content-type":"","om_disable_all_campaigns":false,"inline_featured_image":false,"_monsterinsights_skip_tracking":false,"_monsterinsights_sitenote_active":false,"_monsterinsights_sitenote_note":"","_monsterinsights_sitenote_category":0,"_links_to":"","_links_to_target":""},"acf":[],"aioseo_notices":[],"yoast_head":"<!-- This site is optimized with the Yoast SEO plugin v20.6 - https:\/\/yoast.com\/wordpress\/plugins\/seo\/ -->\n<title>Active Directory biztons\u00e1gi ment\u00e9s -Recovery Manager Plus - MWT Solutions<\/title>\n<meta name=\"description\" content=\"K\u00f6nnyen kezelhet\u0151 webes alap\u00fa Active Director biztons\u00e1gi ment\u00e9s \u00e9s helyre\u00e1l\u00edt\u00f3 eszk\u00f6z. Tudjon meg t\u00f6bbet.\" \/>\n<meta name=\"robots\" content=\"index, follow, max-snippet:-1, max-image-preview:large, max-video-preview:-1\" \/>\n<link rel=\"canonical\" href=\"https:\/\/i.mwtsolutions.eu\/hu\/termekek\/active-directory\/recovery-manager-plus\/\" \/>\n<meta property=\"og:locale\" content=\"hu_HU\" \/>\n<meta property=\"og:type\" content=\"article\" \/>\n<meta property=\"og:title\" content=\"Active Directory biztons\u00e1gi ment\u00e9s -Recovery Manager Plus - MWT Solutions\" \/>\n<meta property=\"og:description\" content=\"K\u00f6nnyen kezelhet\u0151 webes alap\u00fa Active Director biztons\u00e1gi ment\u00e9s \u00e9s helyre\u00e1l\u00edt\u00f3 eszk\u00f6z. Tudjon meg t\u00f6bbet.\" \/>\n<meta property=\"og:url\" content=\"https:\/\/i.mwtsolutions.eu\/hu\/termekek\/active-directory\/recovery-manager-plus\/\" \/>\n<meta property=\"og:site_name\" content=\"MWT Solutions\" \/>\n<meta property=\"article:modified_time\" content=\"2023-12-08T09:58:07+00:00\" \/>\n<meta property=\"og:image\" content=\"https:\/\/i.mwtsolutions.eu\/wp-content\/uploads\/2020\/06\/Backup-AD.png\" \/>\n<meta name=\"twitter:card\" content=\"summary_large_image\" \/>\n<meta name=\"twitter:label1\" content=\"Becs\u00fclt olvas\u00e1si id\u0151\" \/>\n\t<meta name=\"twitter:data1\" content=\"2 perc\" \/>\n<script type=\"application\/ld+json\" class=\"yoast-schema-graph\">{\"@context\":\"https:\/\/schema.org\",\"@graph\":[{\"@type\":\"WebPage\",\"@id\":\"https:\/\/i.mwtsolutions.eu\/hu\/termekek\/active-directory\/recovery-manager-plus\/\",\"url\":\"https:\/\/i.mwtsolutions.eu\/hu\/termekek\/active-directory\/recovery-manager-plus\/\",\"name\":\"Active Directory biztons\u00e1gi ment\u00e9s -Recovery Manager Plus - MWT Solutions\",\"isPartOf\":{\"@id\":\"https:\/\/i.mwtsolutions.eu\/#website\"},\"datePublished\":\"2020-04-30T13:01:53+00:00\",\"dateModified\":\"2023-12-08T09:58:07+00:00\",\"description\":\"K\u00f6nnyen kezelhet\u0151 webes alap\u00fa Active Director biztons\u00e1gi ment\u00e9s \u00e9s helyre\u00e1l\u00edt\u00f3 eszk\u00f6z. Tudjon meg t\u00f6bbet.\",\"breadcrumb\":{\"@id\":\"https:\/\/i.mwtsolutions.eu\/hu\/termekek\/active-directory\/recovery-manager-plus\/#breadcrumb\"},\"inLanguage\":\"hu\",\"potentialAction\":[{\"@type\":\"ReadAction\",\"target\":[\"https:\/\/i.mwtsolutions.eu\/hu\/termekek\/active-directory\/recovery-manager-plus\/\"]}]},{\"@type\":\"BreadcrumbList\",\"@id\":\"https:\/\/i.mwtsolutions.eu\/hu\/termekek\/active-directory\/recovery-manager-plus\/#breadcrumb\",\"itemListElement\":[{\"@type\":\"ListItem\",\"position\":1,\"name\":\"Home\",\"item\":\"https:\/\/i.mwtsolutions.eu\/hu\/\"},{\"@type\":\"ListItem\",\"position\":2,\"name\":\"Term\u00e9kek\",\"item\":\"https:\/\/i.mwtsolutions.eu\/hu\/termekek\/\"},{\"@type\":\"ListItem\",\"position\":3,\"name\":\"Active Directory\",\"item\":\"https:\/\/i.mwtsolutions.eu\/hu\/termekek\/active-directory\/\"},{\"@type\":\"ListItem\",\"position\":4,\"name\":\"Recovery Manager Plus\"}]},{\"@type\":\"WebSite\",\"@id\":\"https:\/\/i.mwtsolutions.eu\/#website\",\"url\":\"https:\/\/i.mwtsolutions.eu\/\",\"name\":\"MWT Solutions\",\"description\":\"Wy\u0142\u0105czny dystrybutor ManageEngine w Polsce\",\"publisher\":{\"@id\":\"https:\/\/i.mwtsolutions.eu\/#organization\"},\"potentialAction\":[{\"@type\":\"SearchAction\",\"target\":{\"@type\":\"EntryPoint\",\"urlTemplate\":\"https:\/\/i.mwtsolutions.eu\/?s={search_term_string}\"},\"query-input\":\"required name=search_term_string\"}],\"inLanguage\":\"hu\"},{\"@type\":\"Organization\",\"@id\":\"https:\/\/i.mwtsolutions.eu\/#organization\",\"name\":\"MWT Solutions\",\"url\":\"https:\/\/i.mwtsolutions.eu\/\",\"logo\":{\"@type\":\"ImageObject\",\"inLanguage\":\"hu\",\"@id\":\"https:\/\/i.mwtsolutions.eu\/#\/schema\/logo\/image\/\",\"url\":\"https:\/\/i.mwtsolutions.eu\/wp-content\/uploads\/2025\/05\/logo_MWT_rgb-color-1.png\",\"contentUrl\":\"https:\/\/i.mwtsolutions.eu\/wp-content\/uploads\/2025\/05\/logo_MWT_rgb-color-1.png\",\"width\":2825,\"height\":850,\"caption\":\"MWT Solutions\"},\"image\":{\"@id\":\"https:\/\/i.mwtsolutions.eu\/#\/schema\/logo\/image\/\"},\"sameAs\":[\"https:\/\/pl.linkedin.com\/company\/mwt-solutions\"]}]}<\/script>\n<!-- \/ Yoast SEO plugin. -->","yoast_head_json":{"title":"Active Directory biztons\u00e1gi ment\u00e9s -Recovery Manager Plus - MWT Solutions","description":"K\u00f6nnyen kezelhet\u0151 webes alap\u00fa Active Director biztons\u00e1gi ment\u00e9s \u00e9s helyre\u00e1l\u00edt\u00f3 eszk\u00f6z. Tudjon meg t\u00f6bbet.","robots":{"index":"index","follow":"follow","max-snippet":"max-snippet:-1","max-image-preview":"max-image-preview:large","max-video-preview":"max-video-preview:-1"},"canonical":"https:\/\/i.mwtsolutions.eu\/hu\/termekek\/active-directory\/recovery-manager-plus\/","og_locale":"hu_HU","og_type":"article","og_title":"Active Directory biztons\u00e1gi ment\u00e9s -Recovery Manager Plus - MWT Solutions","og_description":"K\u00f6nnyen kezelhet\u0151 webes alap\u00fa Active Director biztons\u00e1gi ment\u00e9s \u00e9s helyre\u00e1l\u00edt\u00f3 eszk\u00f6z. Tudjon meg t\u00f6bbet.","og_url":"https:\/\/i.mwtsolutions.eu\/hu\/termekek\/active-directory\/recovery-manager-plus\/","og_site_name":"MWT Solutions","article_modified_time":"2023-12-08T09:58:07+00:00","og_image":[{"url":"https:\/\/i.mwtsolutions.eu\/wp-content\/uploads\/2020\/06\/Backup-AD.png"}],"twitter_card":"summary_large_image","twitter_misc":{"Becs\u00fclt olvas\u00e1si id\u0151":"2 perc"},"schema":{"@context":"https:\/\/schema.org","@graph":[{"@type":"WebPage","@id":"https:\/\/i.mwtsolutions.eu\/hu\/termekek\/active-directory\/recovery-manager-plus\/","url":"https:\/\/i.mwtsolutions.eu\/hu\/termekek\/active-directory\/recovery-manager-plus\/","name":"Active Directory biztons\u00e1gi ment\u00e9s -Recovery Manager Plus - MWT Solutions","isPartOf":{"@id":"https:\/\/i.mwtsolutions.eu\/#website"},"datePublished":"2020-04-30T13:01:53+00:00","dateModified":"2023-12-08T09:58:07+00:00","description":"K\u00f6nnyen kezelhet\u0151 webes alap\u00fa Active Director biztons\u00e1gi ment\u00e9s \u00e9s helyre\u00e1l\u00edt\u00f3 eszk\u00f6z. Tudjon meg t\u00f6bbet.","breadcrumb":{"@id":"https:\/\/i.mwtsolutions.eu\/hu\/termekek\/active-directory\/recovery-manager-plus\/#breadcrumb"},"inLanguage":"hu","potentialAction":[{"@type":"ReadAction","target":["https:\/\/i.mwtsolutions.eu\/hu\/termekek\/active-directory\/recovery-manager-plus\/"]}]},{"@type":"BreadcrumbList","@id":"https:\/\/i.mwtsolutions.eu\/hu\/termekek\/active-directory\/recovery-manager-plus\/#breadcrumb","itemListElement":[{"@type":"ListItem","position":1,"name":"Home","item":"https:\/\/i.mwtsolutions.eu\/hu\/"},{"@type":"ListItem","position":2,"name":"Term\u00e9kek","item":"https:\/\/i.mwtsolutions.eu\/hu\/termekek\/"},{"@type":"ListItem","position":3,"name":"Active Directory","item":"https:\/\/i.mwtsolutions.eu\/hu\/termekek\/active-directory\/"},{"@type":"ListItem","position":4,"name":"Recovery Manager Plus"}]},{"@type":"WebSite","@id":"https:\/\/i.mwtsolutions.eu\/#website","url":"https:\/\/i.mwtsolutions.eu\/","name":"MWT Solutions","description":"Wy\u0142\u0105czny dystrybutor ManageEngine w Polsce","publisher":{"@id":"https:\/\/i.mwtsolutions.eu\/#organization"},"potentialAction":[{"@type":"SearchAction","target":{"@type":"EntryPoint","urlTemplate":"https:\/\/i.mwtsolutions.eu\/?s={search_term_string}"},"query-input":"required name=search_term_string"}],"inLanguage":"hu"},{"@type":"Organization","@id":"https:\/\/i.mwtsolutions.eu\/#organization","name":"MWT Solutions","url":"https:\/\/i.mwtsolutions.eu\/","logo":{"@type":"ImageObject","inLanguage":"hu","@id":"https:\/\/i.mwtsolutions.eu\/#\/schema\/logo\/image\/","url":"https:\/\/i.mwtsolutions.eu\/wp-content\/uploads\/2025\/05\/logo_MWT_rgb-color-1.png","contentUrl":"https:\/\/i.mwtsolutions.eu\/wp-content\/uploads\/2025\/05\/logo_MWT_rgb-color-1.png","width":2825,"height":850,"caption":"MWT Solutions"},"image":{"@id":"https:\/\/i.mwtsolutions.eu\/#\/schema\/logo\/image\/"},"sameAs":["https:\/\/pl.linkedin.com\/company\/mwt-solutions"]}]}},"_links":{"self":[{"href":"https:\/\/i.mwtsolutions.eu\/hu\/wp-json\/wp\/v2\/pages\/69659"}],"collection":[{"href":"https:\/\/i.mwtsolutions.eu\/hu\/wp-json\/wp\/v2\/pages"}],"about":[{"href":"https:\/\/i.mwtsolutions.eu\/hu\/wp-json\/wp\/v2\/types\/page"}],"author":[{"embeddable":true,"href":"https:\/\/i.mwtsolutions.eu\/hu\/wp-json\/wp\/v2\/users\/20"}],"replies":[{"embeddable":true,"href":"https:\/\/i.mwtsolutions.eu\/hu\/wp-json\/wp\/v2\/comments?post=69659"}],"version-history":[{"count":13,"href":"https:\/\/i.mwtsolutions.eu\/hu\/wp-json\/wp\/v2\/pages\/69659\/revisions"}],"predecessor-version":[{"id":98234,"href":"https:\/\/i.mwtsolutions.eu\/hu\/wp-json\/wp\/v2\/pages\/69659\/revisions\/98234"}],"up":[{"embeddable":true,"href":"https:\/\/i.mwtsolutions.eu\/hu\/wp-json\/wp\/v2\/pages\/69412"}],"wp:attachment":[{"href":"https:\/\/i.mwtsolutions.eu\/hu\/wp-json\/wp\/v2\/media?parent=69659"}],"curies":[{"name":"wp","href":"https:\/\/api.w.org\/{rel}","templated":true}]}}