{"id":70704,"date":"2021-03-18T12:25:57","date_gmt":"2021-03-18T11:25:57","guid":{"rendered":"https:\/\/mwtsolutions.eu\/?page_id=70704"},"modified":"2022-03-16T17:19:59","modified_gmt":"2022-03-16T16:19:59","slug":"tajekoztato-zaradek","status":"publish","type":"page","link":"https:\/\/i.mwtsolutions.eu\/hu\/tajekoztato-zaradek\/","title":{"rendered":"T\u00e1j\u00e9koztat\u00f3 z\u00e1rad\u00e9k"},"content":{"rendered":"\t\t<div data-elementor-type=\"wp-page\" data-elementor-id=\"70704\" class=\"elementor elementor-70704 elementor-62492\" data-elementor-post-type=\"page\">\n\t\t\t\t\t\t<section class=\"elementor-section elementor-top-section elementor-element elementor-element-ac65260 elementor-section-boxed elementor-section-height-default elementor-section-height-default force-full-width-no\" data-id=\"ac65260\" data-element_type=\"section\">\n\t\t\t\t\t\t<div class=\"elementor-container elementor-column-gap-default\">\n\t\t\t\t\t<div class=\"elementor-column elementor-col-100 elementor-top-column elementor-element elementor-element-275aac2\" data-id=\"275aac2\" data-element_type=\"column\">\n\t\t\t<div class=\"elementor-widget-wrap elementor-element-populated\">\n\t\t\t\t\t\t<div class=\"elementor-element elementor-element-f970779 elementor-widget elementor-widget-text-editor\" data-id=\"f970779\" data-element_type=\"widget\" data-widget_type=\"text-editor.default\">\n\t\t\t\t<div class=\"elementor-widget-container\">\n\t\t\t\t\t\t\t<p><span style=\"color: #ffffff;\">k.<\/span><\/p>\t\t\t\t\t\t<\/div>\n\t\t\t\t<\/div>\n\t\t\t\t<div class=\"elementor-element elementor-element-2c3a834 elementor-widget elementor-widget-heading\" data-id=\"2c3a834\" data-element_type=\"widget\" data-widget_type=\"heading.default\">\n\t\t\t\t<div class=\"elementor-widget-container\">\n\t\t\t<h2 class=\"elementor-heading-title elementor-size-default\"><span style=\"font-size: 3.2rem; font-weight: var( --e-global-typography-primary-font-weight );\">T\u00e1j\u00e9koztat\u00f3 z\u00e1rad\u00e9k<\/span><\/h2>\t\t<\/div>\n\t\t\t\t<\/div>\n\t\t\t\t<div class=\"elementor-element elementor-element-c109999 elementor-widget elementor-widget-text-editor\" data-id=\"c109999\" data-element_type=\"widget\" data-widget_type=\"text-editor.default\">\n\t\t\t\t<div class=\"elementor-widget-container\">\n\t\t\t\t\t\t\t<p>Tisztelt H\u00f6lgyem, Uram!<\/p><p>Szeretn\u00e9nk t\u00e1j\u00e9koztatni \u00d6nt arr\u00f3l, hogy hogyan fogjuk feldolgozni az \u00d6n szem\u00e9lyes adatait, \u00e9s megjel\u00f6lni, hogy milyen c\u00e9lra haszn\u00e1ljuk fel azokat. E k\u00e9rd\u00e9sek tiszt\u00e1z\u00e1s\u00e1val szeretn\u00e9nk eleget tenni a GDPR szerinti t\u00e1j\u00e9koztat\u00e1si k\u00f6telezetts\u00e9g\u00fcnknek. A fentiekre tekintettel szeretn\u00e9nk, ha tudn\u00e1, hogy:<\/p><ol><li>A szem\u00e9lyes adatok kezel\u0151je, vagyis az a szervezet, amely d\u00f6nt arr\u00f3l, hogy lesznek felhaszn\u00e1lva az \u00d6n\u00f6k szem\u00e9lyes adatai, az MWT Solutions S.A., sz\u00e9khelye New York Office RM2, 1137 Budapest, Radn\u00f3ti Mikl\u00f3s utca 2.<\/li><li>Az \u00fcgyint\u00e9z\u0151 adatv\u00e9delmi tisztvisel\u0151t jel\u00f6lt ki, akivel a\u00a0<a href=\"mailto:gdpr@mwtsolutions.eu\" target=\"_blank\" rel=\"noopener noreferrer\" data-auth=\"NotApplicable\" data-linkindex=\"0\">gdpr@mwtsolutions.eu<\/a>\u00a0e-mail c\u00edmen vagy az Adatkezel\u0151 lak\u00f3helye szerinti \u00edr\u00e1sban lehet kapcsolatba l\u00e9pni. (lak\u00f3hely jelent\u00e9se telephely)<\/li><li>Az \u00d6n adatai kezel\u00e9s\u00e9nek c\u00e9lja:<\/li><\/ol><ul><li>hogy a weboldalon tal\u00e1lhat\u00f3 kapcsolatfelv\u00e9teli \u0171rlapon kereszt\u00fcl v\u00e1laszolhassunk az \u00d6n k\u00e9rd\u00e9seire;<\/li><li>ha beleegyez\u00e9s\u00e9t adta, kereskedelmi \u00e9s marketing inform\u00e1ci\u00f3k k\u00fcld\u00e9se az \u00d6n \u00e1ltal megadott telefonsz\u00e1mra vagy e-mail c\u00edmre;<\/li><li>a leadott megrendel\u00e9se alapj\u00e1n az \u00d6nnel k\u00f6t\u00f6tt szerz\u0151d\u00e9s teljes\u00edt\u00e9se vagy annak megk\u00f6t\u00e9se \u00e9rdek\u00e9ben l\u00e9p\u00e9sek megt\u00e9tele;<\/li><li>az \u00d6nnel k\u00f6t\u00f6tt, workshopok, tanfolyamok \u00e9s konferenci\u00e1k szervez\u00e9s\u00e9re vonatkoz\u00f3 szerz\u0151d\u00e9s teljes\u00edt\u00e9se, illetve az ezek megk\u00f6t\u00e9s\u00e9re ir\u00e1nyul\u00f3 l\u00e9p\u00e9sek megt\u00e9tele;<\/li><li>a v\u00e1llalat akkor is kezelhet adatokat, ha \u00d6n kifejezte, hogy h\u00edrlevelet szeretne kapni t\u0151l\u00fcnk.<\/li><\/ul><ol><li style=\"list-style-type: none;\"><ol start=\"3\"><li>Az \u00d6n adatait a levelez\u00e9s tartalm\u00e1b\u00f3l ad\u00f3d\u00f3 feladatok elv\u00e9gz\u00e9s\u00e9hez sz\u00fcks\u00e9ges ideig \u0151rizz\u00fck meg. A szerz\u0151d\u00e9s megk\u00f6t\u00e9se c\u00e9lj\u00e1b\u00f3l kapott adatokat a szerz\u0151d\u00e9s teljes\u00edt\u00e9s\u00e9hez sz\u00fcks\u00e9ges ideig t\u00e1roljuk. Szem\u00e9lyes adatait addig kezelj\u00fck, am\u00edg \u00d6n le nem mondja a h\u00edrlevelet, vagy vissza nem vonja a beleegyez\u00e9s\u00e9t.<\/li><li>A szem\u00e9lyes adatokhoz a T\u00e1rsas\u00e1g erre meghatalmazott dolgoz\u00f3i, munkat\u00e1rsai, valamint azok a szolg\u00e1ltat\u00f3k f\u00e9rhetnek hozz\u00e1, akiknek a szol\u00e1ltat\u00e1sait a T\u00e1rsas\u00e1g ig\u00e9nybe veszi (pl. informatikai, marketing stb. szolg\u00e1ltat\u00e1sok).<\/li><li>\u00d6nnek joga van hozz\u00e1f\u00e9rni a szem\u00e9lyes adataihoz \u00e9s azokat helyesb\u00edteni, t\u00f6r\u00f6ltetni vagy korl\u00e1tozni a kezel\u00e9s\u00fcket, valamint jog\u00e1ban \u00e1ll az adatait \u00e1tvinni.<\/li><li>A szem\u00e9lyes adatok jogos c\u00e9lon alapul\u00f3 kezel\u00e9se eset\u00e9ben a term\u00e9szetes szem\u00e9lynek saj\u00e1t k\u00fcl\u00f6nleges helyzet\u00e9vel kapcsolatos okok miatt van joga kifog\u00e1st emelni. Ha \u00e9l ezzel a jog\u00e1val, a T\u00e1rsas\u00e1g abbahagyja az adatok e c\u00e9lb\u00f3l t\u00f6rt\u00e9n\u0151 kezel\u00e9s\u00e9t, kiv\u00e9ve, ha bizony\u00edtja az adatkezel\u00e9snek olyan jogilag megalapozott okai \u00e1llnak fenn, amelyek fel\u00fclm\u00falj\u00e1k a term\u00e9szetes szem\u00e9ly \u00e9rdekeit, jogait \u00e9s szabads\u00e1gait, vagy alapot adnak k\u00f6vetel\u00e9sek meg\u00e1llap\u00edt\u00e1s\u00e1ra, \u00e9rv\u00e9nyes\u00edt\u00e9s\u00e9re vagy v\u00e9delm\u00e9re.<\/li><li>\u00d6nnek jog\u00e1ban \u00e1ll az is, hogy panaszt tegyen a fel\u00fcgyeleti hat\u00f3s\u00e1gn\u00e1l, az Adatv\u00e9delmi Hat\u00f3s\u00e1g Eln\u00f6k\u00e9n\u00e9l.<\/li><li>A szem\u00e9lyes adatainak kezel\u00e9s\u00e9re adott hozz\u00e1j\u00e1rul\u00e1s\u00e1nak visszavon\u00e1sa nem befoly\u00e1solja annak az adatkezel\u00e9snek a jogoss\u00e1g\u00e1t, ami a hozz\u00e1j\u00e1rul\u00e1sa alapj\u00e1n, a visszavon\u00e1sig t\u00f6rt\u00e9nt.<\/li><li>A szem\u00e9lyes adatok megad\u00e1sa \u00f6nk\u00e9ntes, de sz\u00fcks\u00e9ges a kapcsolatfelv\u00e9telhez \u00e9s az \u00d6n megkeres\u00e9s\u00e9nek, k\u00e9r\u00e9s\u00e9nek vagy ig\u00e9ny\u00e9nek megv\u00e1laszol\u00e1s\u00e1hoz, valamint szerz\u0151d\u00e9s megk\u00f6t\u00e9s\u00e9hez vagy teljes\u00edt\u00e9s\u00e9hez \u00e9s\/vagy kereskedelmi \u00e9s marketing inform\u00e1ci\u00f3k k\u00fcld\u00e9s\u00e9hez.<\/li><li>Az \u00d6n\u00f6k szem\u00e9lyes adatait a k\u00f6vetkez\u0151 id\u0151szakokban kezelj\u00fck:<\/li><li>Az adatv\u00e9delemmel kapcsolatos k\u00e9rd\u00e9seket vagy k\u00e9r\u00e9seket a k\u00f6vetkez\u0151 e-mail c\u00edmen jelentheti be: gdpr@mwtsolutions.eu.<\/li><\/ol><\/li><\/ol>\t\t\t\t\t\t<\/div>\n\t\t\t\t<\/div>\n\t\t\t\t\t<\/div>\n\t\t<\/div>\n\t\t\t\t\t<\/div>\n\t\t<\/section>\n\t\t\t\t<\/div>\n\t\t","protected":false},"excerpt":{"rendered":"<p>k. T\u00e1j\u00e9koztat\u00f3 z\u00e1rad\u00e9k Tisztelt H\u00f6lgyem, Uram! Szeretn\u00e9nk t\u00e1j\u00e9koztatni \u00d6nt arr\u00f3l, hogy hogyan fogjuk feldolgozni az \u00d6n szem\u00e9lyes adatait, \u00e9s megjel\u00f6lni, hogy milyen c\u00e9lra haszn\u00e1ljuk fel azokat. E k\u00e9rd\u00e9sek tiszt\u00e1z\u00e1s\u00e1val szeretn\u00e9nk eleget tenni a GDPR szerinti t\u00e1j\u00e9koztat\u00e1si k\u00f6telezetts\u00e9g\u00fcnknek. A fentiekre tekintettel szeretn\u00e9nk, ha tudn\u00e1, hogy: A szem\u00e9lyes adatok kezel\u0151je, vagyis az a szervezet, amely d\u00f6nt arr\u00f3l, [&hellip;]<\/p>\n","protected":false},"author":20,"featured_media":0,"parent":0,"menu_order":132,"comment_status":"closed","ping_status":"closed","template":"","meta":{"content-type":"","om_disable_all_campaigns":false,"inline_featured_image":false,"_monsterinsights_skip_tracking":false,"_monsterinsights_sitenote_active":false,"_monsterinsights_sitenote_note":"","_monsterinsights_sitenote_category":0,"_links_to":"","_links_to_target":""},"acf":[],"aioseo_notices":[],"yoast_head":"<!-- This site is optimized with the Yoast SEO plugin v20.6 - https:\/\/yoast.com\/wordpress\/plugins\/seo\/ -->\n<title>T\u00e1j\u00e9koztat\u00f3 z\u00e1rad\u00e9k - MWT Solutions<\/title>\n<meta name=\"robots\" content=\"index, follow, max-snippet:-1, max-image-preview:large, max-video-preview:-1\" \/>\n<link rel=\"canonical\" href=\"https:\/\/i.mwtsolutions.eu\/hu\/tajekoztato-zaradek\/\" \/>\n<meta property=\"og:locale\" content=\"hu_HU\" \/>\n<meta property=\"og:type\" content=\"article\" \/>\n<meta property=\"og:title\" content=\"T\u00e1j\u00e9koztat\u00f3 z\u00e1rad\u00e9k - MWT Solutions\" \/>\n<meta property=\"og:description\" content=\"k. T\u00e1j\u00e9koztat\u00f3 z\u00e1rad\u00e9k Tisztelt H\u00f6lgyem, Uram! Szeretn\u00e9nk t\u00e1j\u00e9koztatni \u00d6nt arr\u00f3l, hogy hogyan fogjuk feldolgozni az \u00d6n szem\u00e9lyes adatait, \u00e9s megjel\u00f6lni, hogy milyen c\u00e9lra haszn\u00e1ljuk fel azokat. E k\u00e9rd\u00e9sek tiszt\u00e1z\u00e1s\u00e1val szeretn\u00e9nk eleget tenni a GDPR szerinti t\u00e1j\u00e9koztat\u00e1si k\u00f6telezetts\u00e9g\u00fcnknek. A fentiekre tekintettel szeretn\u00e9nk, ha tudn\u00e1, hogy: A szem\u00e9lyes adatok kezel\u0151je, vagyis az a szervezet, amely d\u00f6nt arr\u00f3l, [&hellip;]\" \/>\n<meta property=\"og:url\" content=\"https:\/\/i.mwtsolutions.eu\/hu\/tajekoztato-zaradek\/\" \/>\n<meta property=\"og:site_name\" content=\"MWT Solutions\" \/>\n<meta property=\"article:modified_time\" content=\"2022-03-16T16:19:59+00:00\" \/>\n<meta name=\"twitter:card\" content=\"summary_large_image\" \/>\n<meta name=\"twitter:label1\" content=\"Becs\u00fclt olvas\u00e1si id\u0151\" \/>\n\t<meta name=\"twitter:data1\" content=\"3 perc\" \/>\n<script type=\"application\/ld+json\" class=\"yoast-schema-graph\">{\"@context\":\"https:\/\/schema.org\",\"@graph\":[{\"@type\":\"WebPage\",\"@id\":\"https:\/\/i.mwtsolutions.eu\/hu\/tajekoztato-zaradek\/\",\"url\":\"https:\/\/i.mwtsolutions.eu\/hu\/tajekoztato-zaradek\/\",\"name\":\"T\u00e1j\u00e9koztat\u00f3 z\u00e1rad\u00e9k - MWT Solutions\",\"isPartOf\":{\"@id\":\"https:\/\/i.mwtsolutions.eu\/#website\"},\"datePublished\":\"2021-03-18T11:25:57+00:00\",\"dateModified\":\"2022-03-16T16:19:59+00:00\",\"breadcrumb\":{\"@id\":\"https:\/\/i.mwtsolutions.eu\/hu\/tajekoztato-zaradek\/#breadcrumb\"},\"inLanguage\":\"hu\",\"potentialAction\":[{\"@type\":\"ReadAction\",\"target\":[\"https:\/\/i.mwtsolutions.eu\/hu\/tajekoztato-zaradek\/\"]}]},{\"@type\":\"BreadcrumbList\",\"@id\":\"https:\/\/i.mwtsolutions.eu\/hu\/tajekoztato-zaradek\/#breadcrumb\",\"itemListElement\":[{\"@type\":\"ListItem\",\"position\":1,\"name\":\"Home\",\"item\":\"https:\/\/i.mwtsolutions.eu\/hu\/\"},{\"@type\":\"ListItem\",\"position\":2,\"name\":\"T\u00e1j\u00e9koztat\u00f3 z\u00e1rad\u00e9k\"}]},{\"@type\":\"WebSite\",\"@id\":\"https:\/\/i.mwtsolutions.eu\/#website\",\"url\":\"https:\/\/i.mwtsolutions.eu\/\",\"name\":\"MWT Solutions\",\"description\":\"Wy\u0142\u0105czny dystrybutor ManageEngine w Polsce\",\"publisher\":{\"@id\":\"https:\/\/i.mwtsolutions.eu\/#organization\"},\"potentialAction\":[{\"@type\":\"SearchAction\",\"target\":{\"@type\":\"EntryPoint\",\"urlTemplate\":\"https:\/\/i.mwtsolutions.eu\/?s={search_term_string}\"},\"query-input\":\"required name=search_term_string\"}],\"inLanguage\":\"hu\"},{\"@type\":\"Organization\",\"@id\":\"https:\/\/i.mwtsolutions.eu\/#organization\",\"name\":\"MWT Solutions\",\"url\":\"https:\/\/i.mwtsolutions.eu\/\",\"logo\":{\"@type\":\"ImageObject\",\"inLanguage\":\"hu\",\"@id\":\"https:\/\/i.mwtsolutions.eu\/#\/schema\/logo\/image\/\",\"url\":\"https:\/\/i.mwtsolutions.eu\/wp-content\/uploads\/2025\/05\/logo_MWT_rgb-color-1.png\",\"contentUrl\":\"https:\/\/i.mwtsolutions.eu\/wp-content\/uploads\/2025\/05\/logo_MWT_rgb-color-1.png\",\"width\":2825,\"height\":850,\"caption\":\"MWT Solutions\"},\"image\":{\"@id\":\"https:\/\/i.mwtsolutions.eu\/#\/schema\/logo\/image\/\"},\"sameAs\":[\"https:\/\/pl.linkedin.com\/company\/mwt-solutions\"]}]}<\/script>\n<!-- \/ Yoast SEO plugin. -->","yoast_head_json":{"title":"T\u00e1j\u00e9koztat\u00f3 z\u00e1rad\u00e9k - MWT Solutions","robots":{"index":"index","follow":"follow","max-snippet":"max-snippet:-1","max-image-preview":"max-image-preview:large","max-video-preview":"max-video-preview:-1"},"canonical":"https:\/\/i.mwtsolutions.eu\/hu\/tajekoztato-zaradek\/","og_locale":"hu_HU","og_type":"article","og_title":"T\u00e1j\u00e9koztat\u00f3 z\u00e1rad\u00e9k - MWT Solutions","og_description":"k. T\u00e1j\u00e9koztat\u00f3 z\u00e1rad\u00e9k Tisztelt H\u00f6lgyem, Uram! Szeretn\u00e9nk t\u00e1j\u00e9koztatni \u00d6nt arr\u00f3l, hogy hogyan fogjuk feldolgozni az \u00d6n szem\u00e9lyes adatait, \u00e9s megjel\u00f6lni, hogy milyen c\u00e9lra haszn\u00e1ljuk fel azokat. E k\u00e9rd\u00e9sek tiszt\u00e1z\u00e1s\u00e1val szeretn\u00e9nk eleget tenni a GDPR szerinti t\u00e1j\u00e9koztat\u00e1si k\u00f6telezetts\u00e9g\u00fcnknek. A fentiekre tekintettel szeretn\u00e9nk, ha tudn\u00e1, hogy: A szem\u00e9lyes adatok kezel\u0151je, vagyis az a szervezet, amely d\u00f6nt arr\u00f3l, [&hellip;]","og_url":"https:\/\/i.mwtsolutions.eu\/hu\/tajekoztato-zaradek\/","og_site_name":"MWT Solutions","article_modified_time":"2022-03-16T16:19:59+00:00","twitter_card":"summary_large_image","twitter_misc":{"Becs\u00fclt olvas\u00e1si id\u0151":"3 perc"},"schema":{"@context":"https:\/\/schema.org","@graph":[{"@type":"WebPage","@id":"https:\/\/i.mwtsolutions.eu\/hu\/tajekoztato-zaradek\/","url":"https:\/\/i.mwtsolutions.eu\/hu\/tajekoztato-zaradek\/","name":"T\u00e1j\u00e9koztat\u00f3 z\u00e1rad\u00e9k - MWT Solutions","isPartOf":{"@id":"https:\/\/i.mwtsolutions.eu\/#website"},"datePublished":"2021-03-18T11:25:57+00:00","dateModified":"2022-03-16T16:19:59+00:00","breadcrumb":{"@id":"https:\/\/i.mwtsolutions.eu\/hu\/tajekoztato-zaradek\/#breadcrumb"},"inLanguage":"hu","potentialAction":[{"@type":"ReadAction","target":["https:\/\/i.mwtsolutions.eu\/hu\/tajekoztato-zaradek\/"]}]},{"@type":"BreadcrumbList","@id":"https:\/\/i.mwtsolutions.eu\/hu\/tajekoztato-zaradek\/#breadcrumb","itemListElement":[{"@type":"ListItem","position":1,"name":"Home","item":"https:\/\/i.mwtsolutions.eu\/hu\/"},{"@type":"ListItem","position":2,"name":"T\u00e1j\u00e9koztat\u00f3 z\u00e1rad\u00e9k"}]},{"@type":"WebSite","@id":"https:\/\/i.mwtsolutions.eu\/#website","url":"https:\/\/i.mwtsolutions.eu\/","name":"MWT Solutions","description":"Wy\u0142\u0105czny dystrybutor ManageEngine w Polsce","publisher":{"@id":"https:\/\/i.mwtsolutions.eu\/#organization"},"potentialAction":[{"@type":"SearchAction","target":{"@type":"EntryPoint","urlTemplate":"https:\/\/i.mwtsolutions.eu\/?s={search_term_string}"},"query-input":"required name=search_term_string"}],"inLanguage":"hu"},{"@type":"Organization","@id":"https:\/\/i.mwtsolutions.eu\/#organization","name":"MWT Solutions","url":"https:\/\/i.mwtsolutions.eu\/","logo":{"@type":"ImageObject","inLanguage":"hu","@id":"https:\/\/i.mwtsolutions.eu\/#\/schema\/logo\/image\/","url":"https:\/\/i.mwtsolutions.eu\/wp-content\/uploads\/2025\/05\/logo_MWT_rgb-color-1.png","contentUrl":"https:\/\/i.mwtsolutions.eu\/wp-content\/uploads\/2025\/05\/logo_MWT_rgb-color-1.png","width":2825,"height":850,"caption":"MWT Solutions"},"image":{"@id":"https:\/\/i.mwtsolutions.eu\/#\/schema\/logo\/image\/"},"sameAs":["https:\/\/pl.linkedin.com\/company\/mwt-solutions"]}]}},"_links":{"self":[{"href":"https:\/\/i.mwtsolutions.eu\/hu\/wp-json\/wp\/v2\/pages\/70704"}],"collection":[{"href":"https:\/\/i.mwtsolutions.eu\/hu\/wp-json\/wp\/v2\/pages"}],"about":[{"href":"https:\/\/i.mwtsolutions.eu\/hu\/wp-json\/wp\/v2\/types\/page"}],"author":[{"embeddable":true,"href":"https:\/\/i.mwtsolutions.eu\/hu\/wp-json\/wp\/v2\/users\/20"}],"replies":[{"embeddable":true,"href":"https:\/\/i.mwtsolutions.eu\/hu\/wp-json\/wp\/v2\/comments?post=70704"}],"version-history":[{"count":22,"href":"https:\/\/i.mwtsolutions.eu\/hu\/wp-json\/wp\/v2\/pages\/70704\/revisions"}],"predecessor-version":[{"id":85845,"href":"https:\/\/i.mwtsolutions.eu\/hu\/wp-json\/wp\/v2\/pages\/70704\/revisions\/85845"}],"wp:attachment":[{"href":"https:\/\/i.mwtsolutions.eu\/hu\/wp-json\/wp\/v2\/media?parent=70704"}],"curies":[{"name":"wp","href":"https:\/\/api.w.org\/{rel}","templated":true}]}}