{"id":70710,"date":"2021-03-18T12:31:39","date_gmt":"2021-03-18T11:31:39","guid":{"rendered":"https:\/\/mwtsolutions.eu\/?page_id=70710"},"modified":"2024-04-02T15:27:03","modified_gmt":"2024-04-02T13:27:03","slug":"jogi-nyilatkozat","status":"publish","type":"page","link":"https:\/\/i.mwtsolutions.eu\/hu\/jogi-nyilatkozat\/","title":{"rendered":"Jogi Nyilatkozat"},"content":{"rendered":"\t\t<div data-elementor-type=\"wp-page\" data-elementor-id=\"70710\" class=\"elementor elementor-70710 elementor-61818\" data-elementor-post-type=\"page\">\n\t\t\t\t\t\t<section class=\"elementor-section elementor-top-section elementor-element elementor-element-0c48fa7 elementor-section-boxed elementor-section-height-default elementor-section-height-default force-full-width-no\" data-id=\"0c48fa7\" data-element_type=\"section\">\n\t\t\t\t\t\t<div class=\"elementor-container elementor-column-gap-default\">\n\t\t\t\t\t<div class=\"elementor-column elementor-col-100 elementor-top-column elementor-element elementor-element-6f3c08e\" data-id=\"6f3c08e\" data-element_type=\"column\">\n\t\t\t<div class=\"elementor-widget-wrap elementor-element-populated\">\n\t\t\t\t\t\t<div class=\"elementor-element elementor-element-152280f elementor-widget elementor-widget-heading\" data-id=\"152280f\" data-element_type=\"widget\" data-widget_type=\"heading.default\">\n\t\t\t\t<div class=\"elementor-widget-container\">\n\t\t\t<h2 class=\"elementor-heading-title elementor-size-default\">A Webhely haszn\u00e1lat\u00e1nak szab\u00e1lyai<\/h2>\t\t<\/div>\n\t\t\t\t<\/div>\n\t\t\t\t<div class=\"elementor-element elementor-element-052a5ac elementor-widget elementor-widget-text-editor\" data-id=\"052a5ac\" data-element_type=\"widget\" data-widget_type=\"text-editor.default\">\n\t\t\t\t<div class=\"elementor-widget-container\">\n\t\t\t\t\t\t\t<ol><li>A webhely haszn\u00e1lat\u00e1ra vonatkoz\u00f3 szab\u00e1lyok (\u201eSzab\u00e1lyzat\u201d) l\u00e9trehoz\u00f3ja az MWT Solutions S.A. (MWTS\u201d) t\u00e1rsas\u00e1g, sz\u00e9khelye Pozna\u0144ban, ul. Szyperska 14, 61-745 Pozna\u0144 c\u00edmen tal\u00e1lhat\u00f3, az Orsz\u00e1gos B\u00edr\u00f3s\u00e1gi Nyilv\u00e1ntart\u00e1s v\u00e1llalkoz\u00f3i nyilv\u00e1ntart\u00e1sba KRS 0000736715 sz\u00e1mon van bejegyezve, a bejegyz\u00e9si akt\u00e1it a Pozna\u0144ban l\u00e9v\u0151 Pozna\u0144 &#8211; Nowe Miasto \u00e9s Wilda Ker\u00fcleti B\u00edr\u00f3s\u00e1g, Orsz\u00e1gos B\u00edr\u00f3s\u00e1gi Nyilv\u00e1ntart\u00e1s VIII. Gazdas\u00e1gi F\u0151oszt\u00e1ly\u00e1n \u0151rzik, ad\u00f3sz\u00e1ma PL7781451059, statisztikai sz\u00e1ma 300721670.<\/li><li>A jelen Szab\u00e1lyzat meghat\u00e1rozza azokat a felt\u00e9teleket, amelyek alapj\u00e1n az MWTS ingyenesen el\u00e9rhet\u0151v\u00e9 teszi az MWTS \u00e9s kirendelts\u00e9gei weboldalainak (&#8220;Webhely&#8221;), illetve az azokon tal\u00e1lhat\u00f3 tartalmak vagy eszk\u00f6z\u00f6k, valamint az \u00edgy ny\u00fajtott szolg\u00e1ltat\u00e1sok haszn\u00e1lat\u00e1nak lehet\u0151s\u00e9g\u00e9t.<\/li><li>A Webhely haszn\u00e1lata egyet jelent ezen adatok gy\u0171jt\u00e9s\u00e9hez \u00e9s felhaszn\u00e1l\u00e1s\u00e1hoz val\u00f3 hozz\u00e1j\u00e1rul\u00e1ssal. Amennyiben \u00d6n nem \u00e9rt egyet a Szab\u00e1lyzat felt\u00e9teleivel, a Webhely tov\u00e1bbi haszn\u00e1lata nem megengedett.<\/li><li>A Webhely eg\u00e9sz\u00e9nek jogai az MWTS-t illetik meg, m\u00edg a tartalom egyes elemeihez f\u0171z\u0151d\u0151 jogok az MWTS-t vagy azokat a term\u00e9szetes \u00e9s jogi szem\u00e9lyeket illetik meg, akiknek az anyagai jogszer\u0171en hozz\u00e1f\u00e9rhet\u0151v\u00e9 v\u00e1ltak a Webhelyen.<\/li><li>A Webhelyen el\u00e9rhet\u0151 szolg\u00e1ltat\u00e1sok \u00e9s tartalom minden l\u00e1togat\u00f3 sz\u00e1m\u00e1ra el\u00e9rhet\u0151, kiv\u00e9ve azokat, amelyek regisztr\u00e1ci\u00f3t ig\u00e9nyelnek, amit az adott weboldal tartalma egy\u00e9rtelm\u0171en jelez.<\/li><li>A Webhely haszn\u00e1lata sor\u00e1n a felhaszn\u00e1l\u00f3 teleinformatikai rendszerben azonos\u00edt\u00e1si \u00e9s statisztikai c\u00e9llal s\u00fctik (cookie f\u00e1jlok) ker\u00fclnek telep\u00edt\u00e9sre. Az MWTS \u00e1ltal haszn\u00e1lt s\u00fctikr\u0151l tov\u00e1bbi inform\u00e1ci\u00f3 a Webhelyen el\u00e9rhet\u0151 Adatv\u00e9delmi szab\u00e1lyzatban tal\u00e1lhat\u00f3.<\/li><li>A Weboldal felhaszn\u00e1l\u00f3i kiz\u00e1r\u00f3lag a Weboldalon kereszt\u00fcl el\u00e9rhet\u0151v\u00e9 tett anyagok felhaszn\u00e1l\u00e1s\u00e1ra jogosultak az \u00fagynevezett enged\u00e9lyezett felhaszn\u00e1l\u00e1s keretein bel\u00fcl, amelyet a szerz\u0151i \u00e9s szomsz\u00e9dos jogokr\u00f3l sz\u00f3l\u00f3 t\u00f6rv\u00e9ny (Dz. U. 2006. \u00e9vi 90. sz\u00e1m, 631. t\u00e9tel a k\u00e9s\u0151bbi m\u00f3dos\u00edt\u00e1sokkal) szab\u00e1lyoz.<\/li><li>A Webhely haszn\u00e1lata az \u00e1ltal\u00e1nosan hozz\u00e1f\u00e9rhet\u0151 internetes h\u00e1l\u00f3zaton kereszt\u00fcl t\u00f6rt\u00e9nik, amely term\u00e9szet\u00e9n\u00e9l fogva nem garant\u00e1lja a felhaszn\u00e1l\u00f3 \u00e9s az MWTS k\u00f6z\u00f6tti kommunik\u00e1ci\u00f3 megb\u00edzhat\u00f3s\u00e1g\u00e1t vagy bizalmas jelleg\u00e9t, bele\u00e9rtve az elk\u00fcld\u00f6tt inform\u00e1ci\u00f3k tartalm\u00e1t \u00e9s a felhaszn\u00e1l\u00f3 adatainak titkoss\u00e1g\u00e1t.<\/li><li>Az MWTS mindent megtesz annak \u00e9rdek\u00e9ben, hogy a Webhely mindenkor, folyamatosan \u00e9s teljes k\u00f6r\u0171en el\u00e9rhet\u0151 legyen, de nem garant\u00e1lja, \u00e9s nem v\u00e1llal felel\u0151ss\u00e9get a rendelkez\u00e9sre \u00e1ll\u00e1s\u00e9rt.<\/li><li>A Webhely \u00e9s az ott tal\u00e1lhat\u00f3 tartalom, eszk\u00f6z\u00f6k vagy szolg\u00e1ltat\u00e1sok haszn\u00e1lata kiz\u00e1r\u00f3lag saj\u00e1t szem\u00e9lyes haszn\u00e1latra, a Webhely rendeltet\u00e9s\u00e9nek megfelel\u0151 c\u00e9lokra, valamint a t\u00f6rv\u00e9ny, a Szab\u00e1lyzat \u00e9s a j\u00f3 erk\u00f6lcs rendelkez\u00e9seinek megfelel\u0151en enged\u00e9lyezett. K\u00fcl\u00f6n\u00f6sen nem megengedett ezeknek az MWTS \u00edr\u00e1sbeli hozz\u00e1j\u00e1rul\u00e1sa n\u00e9lk\u00fcli felhaszn\u00e1l\u00e1sa semmilyen szervezett, kereskedelmi vagy nem kereskedelmi tev\u00e9kenys\u00e9gben.<\/li><li>A Webhely m\u0171k\u00f6d\u00e9s\u00e9vel \u00e9s a rendelkez\u00e9sre \u00e1ll\u00f3 tartalommal, eszk\u00f6z\u00f6kkel \u00e9s szolg\u00e1ltat\u00e1sokkal kapcsolatos panaszokat \u00e9s \u00e9szrev\u00e9teleket a marketing@mwtsolutions.eu e-mail c\u00edmre kell k\u00fcldeni. A beadv\u00e1nynak tartalmaznia kell legal\u00e1bb az \u00d6n kereszt- \u00e9s vezet\u00e9knev\u00e9t, e-mail c\u00edm\u00e9t, valamint a beadv\u00e1nyt kiv\u00e1lt\u00f3 k\u00f6r\u00fclm\u00e9nyek \u00e9s szab\u00e1lytalans\u00e1gok r\u00e9szletes le\u00edr\u00e1s\u00e1t, ellenkez\u0151 esetben az MWTS a panaszt figyelmen k\u00edv\u00fcl hagyhatja. A panaszok elb\u00edr\u00e1l\u00e1s\u00e1nak ideje a be\u00e9rkez\u00e9st\u0151l sz\u00e1m\u00edtott 14 nap. A panaszt beny\u00fajt\u00f3 szem\u00e9lyt e-mailben kap \u00e9rtes\u00edt\u00e9st a panasz elb\u00edr\u00e1l\u00e1s\u00e1r\u00f3l.<\/li><li>Az MWTS mindent megtesz annak \u00e9rdek\u00e9ben, hogy a Webhelyen rendelkez\u00e9sre \u00e1ll\u00f3 eszk\u00f6z\u00f6k \u00e9s szolg\u00e1ltat\u00e1sok megszak\u00edt\u00e1s n\u00e9lk\u00fcl \u00e9s zavartalanul m\u0171k\u00f6djenek, de az MWTS nem v\u00e1llal felel\u0151ss\u00e9get a hib\u00e1s m\u0171k\u00f6d\u00e9s\u00fckb\u0151l vagy el\u00e9rhetetlens\u00e9g\u00fckb\u0151l ered\u0151 k\u00f6vetkezm\u00e9nyek\u00e9rt, bele\u00e9rtve az eszk\u00f6z\u00f6k \u00e9s szolg\u00e1ltat\u00e1sok haszn\u00e1lat\u00e1b\u00f3l ered\u0151 k\u00f6vetkezm\u00e9nyeket is.<\/li><li>Az MWTS mindent megtesz annak \u00e9rdek\u00e9ben, hogy a Webhelyen tal\u00e1lhat\u00f3 tartalom naprak\u00e9sz, pontos \u00e9s folyamatosan el\u00e9rhet\u0151 legyen, de az MWTS nem v\u00e1llal felel\u0151ss\u00e9get a tartalom elavults\u00e1g\u00e1b\u00f3l, pontatlans\u00e1g\u00e1b\u00f3l, pontatlans\u00e1g\u00e1b\u00f3l vagy el\u00e9rhetetlens\u00e9g\u00e9b\u0151l ered\u0151 k\u00f6vetkezm\u00e9nyek\u00e9rt, bele\u00e9rtve a tartalomra val\u00f3 hagyatkoz\u00e1sb\u00f3l ered\u0151 k\u00f6vetkezm\u00e9nyeket is.<\/li><li>Az MWTS mindent megtesz annak \u00e9rdek\u00e9ben, hogy a Webhely mentes legyen a rosszindulat\u00fa szoftverekt\u0151l, de az MWTS nem felel\u0151s az weboldalak haszn\u00e1lat\u00e1b\u00f3l ered\u0151 k\u00f6vetkezm\u00e9nyek\u00e9rt a felhaszn\u00e1l\u00f3 teleinformatikai rendszer\u00e9re, bele\u00e9rtve a m\u0171szaki infrastrukt\u00far\u00e1t \u00e9s az adatokat is.<\/li><li>Az MWTS nem felel\u0151s a Webhely nem megfelel\u0151 haszn\u00e1lat\u00e1nak k\u00f6vetkezm\u00e9nyei\u00e9rt, bele\u00e9rtve a regisztr\u00e1ci\u00f3k MWTS \u00e1ltali blokkol\u00e1s\u00e1nak vagy t\u00f6rl\u00e9s\u00e9nek k\u00f6vetkezm\u00e9nyeit is.<\/li><li>Az MWTS nem felel a Webhelyen tal\u00e1lhat\u00f3 inform\u00e1ci\u00f3k felhaszn\u00e1l\u00f3 \u00e1ltali haszn\u00e1lat\u00e1nak jogi, p\u00e9nz\u00fcgyi vagy egy\u00e9b k\u00f6vetkezm\u00e9nyei\u00e9rt. Az MWTS nem felel a felhaszn\u00e1l\u00f3 vagy harmadik felek k\u00e1rai\u00e9rt vagy vesztes\u00e9gei\u00e9rt, bele\u00e9rtve az elmaradt hasznot is, amelyek b\u00e1rmilyen m\u00f3don kapcsol\u00f3dnak az inform\u00e1ci\u00f3k haszn\u00e1lat\u00e1hoz, bele\u00e9rtve az egyedi \u00fcgyekben hozott d\u00f6nt\u00e9seket is. A Webhelyet a felhaszn\u00e1l\u00f3 saj\u00e1t felel\u0151ss\u00e9g\u00e9re veszi ig\u00e9nybe.<\/li><li>Az MWTS nem felel a Webhelyhez val\u00f3 kapcsol\u00f3d\u00e1st biztos\u00edt\u00f3 oper\u00e1torok tev\u00e9kenys\u00e9g\u00e9nek helyess\u00e9g\u00e9\u00e9rt sem az MWTS, sem a Webhelyet haszn\u00e1l\u00f3 szem\u00e9lyek oldal\u00e1n.<\/li><li>Az MWTS b\u00e1rmikor jogosult m\u00f3dos\u00edtani a Szab\u00e1lyzatot. A Szab\u00e1lyzat m\u00f3dos\u00edt\u00e1sa nem ig\u00e9nyel el\u0151zetes \u00e9rtes\u00edt\u00e9st, \u00e9s az a Szab\u00e1lyzat \u00faj v\u00e1ltozat\u00e1nak a Webhelyen t\u00f6rt\u00e9n\u0151 k\u00f6zz\u00e9t\u00e9tel\u00e9vel egyidej\u0171leg l\u00e9p hat\u00e1lyba. Ha \u00d6n nem \u00e9rt egyet a Szab\u00e1lyzat m\u00f3dos\u00edt\u00e1s\u00e1val, a Webhely tov\u00e1bbi haszn\u00e1lata nem megengedett.<\/li><li>Az MWTS b\u00e1rmikor megv\u00e1ltoztathatja a Webhelyen el\u00e9rhet\u0151 tartalom terjedelm\u00e9t vagy t\u00edpus\u00e1t, valamint b\u0151v\u00edtheti, m\u00f3dos\u00edthatja, korl\u00e1tozhatja vagy megsz\u00fcntetheti a k\u00edn\u00e1latot mind a Webhelyen el\u00e9rhet\u0151 egyes funkci\u00f3k, mind az eszk\u00f6z\u00f6k vagy szolg\u00e1ltat\u00e1sok \u00f6sszess\u00e9ge tekintet\u00e9ben.<\/li><li>Az MWTS fenntartja mag\u00e1nak a jogot a Szab\u00e1lyzat tartalm\u00e1nak k\u00f6telez\u0151 \u00e9rtelmez\u00e9s\u00e9re.<\/li><li>Az MWTS nem felel\u0151s azon m\u00e1s szervezetekhez tartoz\u00f3 weblapok vagy vitrinek tartalm\u00e1\u00e9rt, m\u0171k\u00f6d\u00e9s\u00e9\u00e9rt \u00e9s biztons\u00e1g\u00e1\u00e9rt, amelyekre a jelen Webhelyen linkek (hivatkoz\u00e1sok) mutatnak. Ezek a webhelyek f\u00fcggetlen\u00fcl m\u0171k\u00f6dnek, \u00e9s az MWTS semmilyen m\u00f3don nem ellen\u0151rizheti \u0151ket. Javasoljuk, hogy olvassa el a tulajdonosuk adatv\u00e9delmi szab\u00e1lyzat\u00e1t \u00e9s felhaszn\u00e1l\u00e1si felt\u00e9teleit, amikor m\u00e1s oldalakra l\u00e1togat.<\/li><li>A Webhely haszn\u00e1lat\u00e1b\u00f3l ered\u0151, b\u00e9k\u00e9s \u00faton meg nem oldott jogvit\u00e1kat a helyileg \u00e9s a vita t\u00e1rgya szerint illet\u00e9kes b\u00edr\u00f3s\u00e1gnak kell rendeznie.<\/li><\/ol>\t\t\t\t\t\t<\/div>\n\t\t\t\t<\/div>\n\t\t\t\t\t<\/div>\n\t\t<\/div>\n\t\t\t\t\t<\/div>\n\t\t<\/section>\n\t\t\t\t<\/div>\n\t\t","protected":false},"excerpt":{"rendered":"<p>A Webhely haszn\u00e1lat\u00e1nak szab\u00e1lyai A webhely haszn\u00e1lat\u00e1ra vonatkoz\u00f3 szab\u00e1lyok (\u201eSzab\u00e1lyzat\u201d) l\u00e9trehoz\u00f3ja az MWT Solutions S.A. (MWTS\u201d) t\u00e1rsas\u00e1g, sz\u00e9khelye Pozna\u0144ban, ul. Szyperska 14, 61-745 Pozna\u0144 c\u00edmen tal\u00e1lhat\u00f3, az Orsz\u00e1gos B\u00edr\u00f3s\u00e1gi Nyilv\u00e1ntart\u00e1s v\u00e1llalkoz\u00f3i nyilv\u00e1ntart\u00e1sba KRS 0000736715 sz\u00e1mon van bejegyezve, a bejegyz\u00e9si akt\u00e1it a Pozna\u0144ban l\u00e9v\u0151 Pozna\u0144 &#8211; Nowe Miasto \u00e9s Wilda Ker\u00fcleti B\u00edr\u00f3s\u00e1g, Orsz\u00e1gos B\u00edr\u00f3s\u00e1gi Nyilv\u00e1ntart\u00e1s VIII. [&hellip;]<\/p>\n","protected":false},"author":20,"featured_media":0,"parent":0,"menu_order":106,"comment_status":"closed","ping_status":"closed","template":"","meta":{"content-type":"","om_disable_all_campaigns":false,"inline_featured_image":false,"_monsterinsights_skip_tracking":false,"_monsterinsights_sitenote_active":false,"_monsterinsights_sitenote_note":"","_monsterinsights_sitenote_category":0,"_links_to":"","_links_to_target":""},"acf":[],"aioseo_notices":[],"yoast_head":"<!-- This site is optimized with the Yoast SEO plugin v20.6 - https:\/\/yoast.com\/wordpress\/plugins\/seo\/ -->\n<title>Jogi Nyilatkozat - MWT Solutions<\/title>\n<meta name=\"robots\" content=\"index, follow, max-snippet:-1, max-image-preview:large, max-video-preview:-1\" \/>\n<link rel=\"canonical\" href=\"https:\/\/i.mwtsolutions.eu\/hu\/jogi-nyilatkozat\/\" \/>\n<meta property=\"og:locale\" content=\"hu_HU\" \/>\n<meta property=\"og:type\" content=\"article\" \/>\n<meta property=\"og:title\" content=\"Jogi Nyilatkozat - MWT Solutions\" \/>\n<meta property=\"og:description\" content=\"A Webhely haszn\u00e1lat\u00e1nak szab\u00e1lyai A webhely haszn\u00e1lat\u00e1ra vonatkoz\u00f3 szab\u00e1lyok (\u201eSzab\u00e1lyzat\u201d) l\u00e9trehoz\u00f3ja az MWT Solutions S.A. (MWTS\u201d) t\u00e1rsas\u00e1g, sz\u00e9khelye Pozna\u0144ban, ul. Szyperska 14, 61-745 Pozna\u0144 c\u00edmen tal\u00e1lhat\u00f3, az Orsz\u00e1gos B\u00edr\u00f3s\u00e1gi Nyilv\u00e1ntart\u00e1s v\u00e1llalkoz\u00f3i nyilv\u00e1ntart\u00e1sba KRS 0000736715 sz\u00e1mon van bejegyezve, a bejegyz\u00e9si akt\u00e1it a Pozna\u0144ban l\u00e9v\u0151 Pozna\u0144 &#8211; Nowe Miasto \u00e9s Wilda Ker\u00fcleti B\u00edr\u00f3s\u00e1g, Orsz\u00e1gos B\u00edr\u00f3s\u00e1gi Nyilv\u00e1ntart\u00e1s VIII. [&hellip;]\" \/>\n<meta property=\"og:url\" content=\"https:\/\/i.mwtsolutions.eu\/hu\/jogi-nyilatkozat\/\" \/>\n<meta property=\"og:site_name\" content=\"MWT Solutions\" \/>\n<meta property=\"article:modified_time\" content=\"2024-04-02T13:27:03+00:00\" \/>\n<meta name=\"twitter:card\" content=\"summary_large_image\" \/>\n<meta name=\"twitter:label1\" content=\"Becs\u00fclt olvas\u00e1si id\u0151\" \/>\n\t<meta name=\"twitter:data1\" content=\"5 perc\" \/>\n<script type=\"application\/ld+json\" class=\"yoast-schema-graph\">{\"@context\":\"https:\/\/schema.org\",\"@graph\":[{\"@type\":\"WebPage\",\"@id\":\"https:\/\/i.mwtsolutions.eu\/hu\/jogi-nyilatkozat\/\",\"url\":\"https:\/\/i.mwtsolutions.eu\/hu\/jogi-nyilatkozat\/\",\"name\":\"Jogi Nyilatkozat - MWT Solutions\",\"isPartOf\":{\"@id\":\"https:\/\/i.mwtsolutions.eu\/#website\"},\"datePublished\":\"2021-03-18T11:31:39+00:00\",\"dateModified\":\"2024-04-02T13:27:03+00:00\",\"breadcrumb\":{\"@id\":\"https:\/\/i.mwtsolutions.eu\/hu\/jogi-nyilatkozat\/#breadcrumb\"},\"inLanguage\":\"hu\",\"potentialAction\":[{\"@type\":\"ReadAction\",\"target\":[\"https:\/\/i.mwtsolutions.eu\/hu\/jogi-nyilatkozat\/\"]}]},{\"@type\":\"BreadcrumbList\",\"@id\":\"https:\/\/i.mwtsolutions.eu\/hu\/jogi-nyilatkozat\/#breadcrumb\",\"itemListElement\":[{\"@type\":\"ListItem\",\"position\":1,\"name\":\"Home\",\"item\":\"https:\/\/i.mwtsolutions.eu\/hu\/\"},{\"@type\":\"ListItem\",\"position\":2,\"name\":\"Jogi Nyilatkozat\"}]},{\"@type\":\"WebSite\",\"@id\":\"https:\/\/i.mwtsolutions.eu\/#website\",\"url\":\"https:\/\/i.mwtsolutions.eu\/\",\"name\":\"MWT Solutions\",\"description\":\"Wy\u0142\u0105czny dystrybutor ManageEngine w Polsce\",\"publisher\":{\"@id\":\"https:\/\/i.mwtsolutions.eu\/#organization\"},\"potentialAction\":[{\"@type\":\"SearchAction\",\"target\":{\"@type\":\"EntryPoint\",\"urlTemplate\":\"https:\/\/i.mwtsolutions.eu\/?s={search_term_string}\"},\"query-input\":\"required name=search_term_string\"}],\"inLanguage\":\"hu\"},{\"@type\":\"Organization\",\"@id\":\"https:\/\/i.mwtsolutions.eu\/#organization\",\"name\":\"MWT Solutions\",\"url\":\"https:\/\/i.mwtsolutions.eu\/\",\"logo\":{\"@type\":\"ImageObject\",\"inLanguage\":\"hu\",\"@id\":\"https:\/\/i.mwtsolutions.eu\/#\/schema\/logo\/image\/\",\"url\":\"https:\/\/i.mwtsolutions.eu\/wp-content\/uploads\/2025\/05\/logo_MWT_rgb-color-1.png\",\"contentUrl\":\"https:\/\/i.mwtsolutions.eu\/wp-content\/uploads\/2025\/05\/logo_MWT_rgb-color-1.png\",\"width\":2825,\"height\":850,\"caption\":\"MWT Solutions\"},\"image\":{\"@id\":\"https:\/\/i.mwtsolutions.eu\/#\/schema\/logo\/image\/\"},\"sameAs\":[\"https:\/\/pl.linkedin.com\/company\/mwt-solutions\"]}]}<\/script>\n<!-- \/ Yoast SEO plugin. -->","yoast_head_json":{"title":"Jogi Nyilatkozat - MWT Solutions","robots":{"index":"index","follow":"follow","max-snippet":"max-snippet:-1","max-image-preview":"max-image-preview:large","max-video-preview":"max-video-preview:-1"},"canonical":"https:\/\/i.mwtsolutions.eu\/hu\/jogi-nyilatkozat\/","og_locale":"hu_HU","og_type":"article","og_title":"Jogi Nyilatkozat - MWT Solutions","og_description":"A Webhely haszn\u00e1lat\u00e1nak szab\u00e1lyai A webhely haszn\u00e1lat\u00e1ra vonatkoz\u00f3 szab\u00e1lyok (\u201eSzab\u00e1lyzat\u201d) l\u00e9trehoz\u00f3ja az MWT Solutions S.A. (MWTS\u201d) t\u00e1rsas\u00e1g, sz\u00e9khelye Pozna\u0144ban, ul. Szyperska 14, 61-745 Pozna\u0144 c\u00edmen tal\u00e1lhat\u00f3, az Orsz\u00e1gos B\u00edr\u00f3s\u00e1gi Nyilv\u00e1ntart\u00e1s v\u00e1llalkoz\u00f3i nyilv\u00e1ntart\u00e1sba KRS 0000736715 sz\u00e1mon van bejegyezve, a bejegyz\u00e9si akt\u00e1it a Pozna\u0144ban l\u00e9v\u0151 Pozna\u0144 &#8211; Nowe Miasto \u00e9s Wilda Ker\u00fcleti B\u00edr\u00f3s\u00e1g, Orsz\u00e1gos B\u00edr\u00f3s\u00e1gi Nyilv\u00e1ntart\u00e1s VIII. [&hellip;]","og_url":"https:\/\/i.mwtsolutions.eu\/hu\/jogi-nyilatkozat\/","og_site_name":"MWT Solutions","article_modified_time":"2024-04-02T13:27:03+00:00","twitter_card":"summary_large_image","twitter_misc":{"Becs\u00fclt olvas\u00e1si id\u0151":"5 perc"},"schema":{"@context":"https:\/\/schema.org","@graph":[{"@type":"WebPage","@id":"https:\/\/i.mwtsolutions.eu\/hu\/jogi-nyilatkozat\/","url":"https:\/\/i.mwtsolutions.eu\/hu\/jogi-nyilatkozat\/","name":"Jogi Nyilatkozat - MWT Solutions","isPartOf":{"@id":"https:\/\/i.mwtsolutions.eu\/#website"},"datePublished":"2021-03-18T11:31:39+00:00","dateModified":"2024-04-02T13:27:03+00:00","breadcrumb":{"@id":"https:\/\/i.mwtsolutions.eu\/hu\/jogi-nyilatkozat\/#breadcrumb"},"inLanguage":"hu","potentialAction":[{"@type":"ReadAction","target":["https:\/\/i.mwtsolutions.eu\/hu\/jogi-nyilatkozat\/"]}]},{"@type":"BreadcrumbList","@id":"https:\/\/i.mwtsolutions.eu\/hu\/jogi-nyilatkozat\/#breadcrumb","itemListElement":[{"@type":"ListItem","position":1,"name":"Home","item":"https:\/\/i.mwtsolutions.eu\/hu\/"},{"@type":"ListItem","position":2,"name":"Jogi Nyilatkozat"}]},{"@type":"WebSite","@id":"https:\/\/i.mwtsolutions.eu\/#website","url":"https:\/\/i.mwtsolutions.eu\/","name":"MWT Solutions","description":"Wy\u0142\u0105czny dystrybutor ManageEngine w Polsce","publisher":{"@id":"https:\/\/i.mwtsolutions.eu\/#organization"},"potentialAction":[{"@type":"SearchAction","target":{"@type":"EntryPoint","urlTemplate":"https:\/\/i.mwtsolutions.eu\/?s={search_term_string}"},"query-input":"required name=search_term_string"}],"inLanguage":"hu"},{"@type":"Organization","@id":"https:\/\/i.mwtsolutions.eu\/#organization","name":"MWT Solutions","url":"https:\/\/i.mwtsolutions.eu\/","logo":{"@type":"ImageObject","inLanguage":"hu","@id":"https:\/\/i.mwtsolutions.eu\/#\/schema\/logo\/image\/","url":"https:\/\/i.mwtsolutions.eu\/wp-content\/uploads\/2025\/05\/logo_MWT_rgb-color-1.png","contentUrl":"https:\/\/i.mwtsolutions.eu\/wp-content\/uploads\/2025\/05\/logo_MWT_rgb-color-1.png","width":2825,"height":850,"caption":"MWT Solutions"},"image":{"@id":"https:\/\/i.mwtsolutions.eu\/#\/schema\/logo\/image\/"},"sameAs":["https:\/\/pl.linkedin.com\/company\/mwt-solutions"]}]}},"_links":{"self":[{"href":"https:\/\/i.mwtsolutions.eu\/hu\/wp-json\/wp\/v2\/pages\/70710"}],"collection":[{"href":"https:\/\/i.mwtsolutions.eu\/hu\/wp-json\/wp\/v2\/pages"}],"about":[{"href":"https:\/\/i.mwtsolutions.eu\/hu\/wp-json\/wp\/v2\/types\/page"}],"author":[{"embeddable":true,"href":"https:\/\/i.mwtsolutions.eu\/hu\/wp-json\/wp\/v2\/users\/20"}],"replies":[{"embeddable":true,"href":"https:\/\/i.mwtsolutions.eu\/hu\/wp-json\/wp\/v2\/comments?post=70710"}],"version-history":[{"count":7,"href":"https:\/\/i.mwtsolutions.eu\/hu\/wp-json\/wp\/v2\/pages\/70710\/revisions"}],"predecessor-version":[{"id":99667,"href":"https:\/\/i.mwtsolutions.eu\/hu\/wp-json\/wp\/v2\/pages\/70710\/revisions\/99667"}],"wp:attachment":[{"href":"https:\/\/i.mwtsolutions.eu\/hu\/wp-json\/wp\/v2\/media?parent=70710"}],"curies":[{"name":"wp","href":"https:\/\/api.w.org\/{rel}","templated":true}]}}