{"id":70716,"date":"2021-03-18T13:05:02","date_gmt":"2021-03-18T12:05:02","guid":{"rendered":"https:\/\/mwtsolutions.eu\/?page_id=70716"},"modified":"2021-11-08T10:44:41","modified_gmt":"2021-11-08T09:44:41","slug":"cookie-politika","status":"publish","type":"page","link":"https:\/\/i.mwtsolutions.eu\/hu\/cookie-politika\/","title":{"rendered":"Cookie politika"},"content":{"rendered":"\t\t<div data-elementor-type=\"wp-page\" data-elementor-id=\"70716\" class=\"elementor elementor-70716 elementor-61826\" data-elementor-post-type=\"page\">\n\t\t\t\t\t\t<section class=\"elementor-section elementor-top-section elementor-element elementor-element-a4ab9de elementor-section-boxed elementor-section-height-default elementor-section-height-default force-full-width-no\" data-id=\"a4ab9de\" data-element_type=\"section\">\n\t\t\t\t\t\t<div class=\"elementor-container elementor-column-gap-default\">\n\t\t\t\t\t<div class=\"elementor-column elementor-col-100 elementor-top-column elementor-element elementor-element-4032acc\" data-id=\"4032acc\" data-element_type=\"column\">\n\t\t\t<div class=\"elementor-widget-wrap elementor-element-populated\">\n\t\t\t\t\t\t<div class=\"elementor-element elementor-element-3ca1fdb elementor-widget elementor-widget-heading\" data-id=\"3ca1fdb\" data-element_type=\"widget\" data-widget_type=\"heading.default\">\n\t\t\t\t<div class=\"elementor-widget-container\">\n\t\t\t<h2 class=\"elementor-heading-title elementor-size-default\">Cookie politika<\/h2>\t\t<\/div>\n\t\t\t\t<\/div>\n\t\t\t\t<div class=\"elementor-element elementor-element-5c5a004 elementor-widget elementor-widget-text-editor\" data-id=\"5c5a004\" data-element_type=\"widget\" data-widget_type=\"text-editor.default\">\n\t\t\t\t<div class=\"elementor-widget-container\">\n\t\t\t\t\t\t\t<ol><li>A weboldal, a cookie f\u00e1jlokban tal\u00e1lhat\u00f3 inform\u00e1ci\u00f3k kiv\u00e9tel\u00e9vel, nem gy\u0171jt automatikusan semmilyen inform\u00e1ci\u00f3t.<br \/><br \/><\/li><li>A cookie f\u00e1jlok webhely l\u00e1togat\u00f3inak eszk\u00f6z\u00e9n t\u00e1rolt adatok, f\u0151k\u00e9nt sz\u00f6veges f\u00e1jlok. A webhely oldalainak haszn\u00e1lat\u00e1ra megk\u00f6nny\u00edt\u00e9s\u00e9re szolg\u00e1lnak. A cookies \u00e1ltal\u00e1ban a weboldal nev\u00e9t, ahonn\u00e9t sz\u00e1rmaznak, a v\u00e9gberendez\u00e9sen val\u00f3 t\u00e1rol\u00e1si idej\u00fcket, valamint kulcs\u00e9rt\u00e9k t\u00edpus\u00fa, egyedi attrib\u00fatumokat tartalmaznak.<br \/><br \/><\/li><li>A Felhaszn\u00e1l\u00f3 v\u00e9gberendez\u00e9s\u00e9n cookie f\u00e1jlokat elhelyez\u0151 \u00e9s hozz\u00e1juk hozz\u00e1f\u00e9r\u00e9st szerz\u0151 szervezet az MWT Solutions S.A., RM2 Office Center, Radn\u00f3ti Mikl\u00f3s utca 2., H-1137 Budapest.<br \/><br \/><\/li><li>A cookies f\u00e1jlok haszn\u00e1lat\u00e1nak c\u00e9lja:<\/li><\/ol><ul><li>a Szerviz weblapjai tartalm\u00e1nak a Felhaszn\u00e1l\u00f3 preferenci\u00e1ihoz igaz\u00edt\u00e1sa, konkr\u00e9ten ezek a f\u00e1jlok lehet\u0151v\u00e9 teszik a Szerviz Felhaszn\u00e1l\u00f3ja v\u00e9gberendez\u00e9s\u00e9nek felismer\u00e9s\u00e9t \u00e9s a weblap megfelel\u0151 megjelen\u00edt\u00e9s\u00e9t;<\/li><li>statisztik\u00e1k k\u00e9sz\u00edt\u00e9se, amelyek lehet\u0151v\u00e9 teszik a szerkezet \u00e9s a tartalom jav\u00edt\u00e1s\u00e1t;<\/li><\/ul><ol start=\"5\"><li>A Szerviz keret\u00e9ben k\u00e9tfajta cookies f\u00e1jlokat haszn\u00e1lunk: \u201emunkameneti\u201d (session cookies), valamint \u201e\u00e1lland\u00f3\u201d (persistant cookies) f\u00e1jlokat. A \u201emunkameneti\u201d cookies ideiglenes f\u00e1jlok, amelyeket a Felhaszn\u00e1l\u00f3 v\u00e9gberendez\u00e9se a kijelentkez\u00e9sig, a weblap elhagy\u00e1s\u00e1ig, vagy a programb\u00f3l (internetes b\u00f6ng\u00e9sz\u0151b\u0151l) val\u00f3 kil\u00e9p\u00e9sig t\u00e1rol. Az \u201e\u00e1lland\u00f3\u201d cookies f\u00e1jlokat a Felhaszn\u00e1l\u00f3 v\u00e9gberendez\u00e9se a cookies param\u00e9tereiben meghat\u00e1rozott ideig t\u00e1rolja, vagy addig, am\u00edg a felhaszn\u00e1l\u00f3 el nem t\u00e1vol\u00edtja azokat.<br \/><br \/><\/li><li>A Szerviz keret\u00e9ben a k\u00f6vetkez\u0151 t\u00edpus\u00fa cookies f\u00e1jlokat alkalmazzuk:<\/li><\/ol><ul><li>&#8220;sz\u00fcks\u00e9ges&#8221; s\u00fctik, amelyek lehet\u0151v\u00e9 teszik a weboldalon el\u00e9rhet\u0151 szolg\u00e1ltat\u00e1sok haszn\u00e1lat\u00e1t;<\/li><li>a biztons\u00e1g \u00e9rdek\u00e9ben haszn\u00e1lt s\u00fctik;<\/li><li>&#8220;teljes\u00edtm\u00e9ny&#8221; s\u00fctik, amelyek lehet\u0151v\u00e9 teszik a weboldalak haszn\u00e1lat\u00e1val kapcsolatos inform\u00e1ci\u00f3k gy\u0171jt\u00e9s\u00e9t;<\/li><li>&#8220;funkcion\u00e1lis&#8221; s\u00fctik, amelyek lehet\u0151v\u00e9 teszik a felhaszn\u00e1l\u00f3 \u00e1ltal kiv\u00e1lasztott be\u00e1ll\u00edt\u00e1sok \u201emegjegyz\u00e9s\u00e9t&#8221; \u00e9s a felhaszn\u00e1l\u00f3i fel\u00fclet szem\u00e9lyre szab\u00e1s\u00e1t.<\/li><\/ul><ol start=\"7\"><li>Sz\u00e1mos esetben a weboldalak b\u00f6ng\u00e9sz\u00e9s\u00e9re szolg\u00e1l\u00f3 programok (internetes b\u00f6ng\u00e9sz\u0151k) alap\u00e9rtelmezetten lehet\u0151v\u00e9 teszik a cookies f\u00e1jlok t\u00e1rol\u00e1s\u00e1t a Felhaszn\u00e1l\u00f3 v\u00e9gberendez\u00e9s\u00e9n. A Szerviz Felhaszn\u00e1l\u00f3i b\u00e1rmikor megv\u00e1ltoztathatj\u00e1k a cookies f\u00e1jlokra vonatkoz\u00f3 be\u00e1ll\u00edt\u00e1sokat. Ezeket a be\u00e1ll\u00edt\u00e1sokat f\u0151k\u00e9nt \u00fagy lehet m\u00f3dos\u00edtani, hogy az internetes b\u00f6ng\u00e9sz\u0151 be\u00e1ll\u00edt\u00e1saiban blokkolni kell a cookies f\u00e1jlok automatikus kezel\u00e9s\u00e9t, vagy hogy az minden alkalommal t\u00e1j\u00e9koztassa a Szerviz Felhaszn\u00e1l\u00f3j\u00e1t azok ment\u00e9s\u00e9r\u0151l. A cookies f\u00e1jlok kezel\u00e9s\u00e9nek lehet\u0151s\u00e9geir\u0151l \u00e9s m\u00f3dj\u00e1r\u00f3l r\u00e9szletes inform\u00e1ci\u00f3t a program (az internetes b\u00f6ng\u00e9sz\u0151) be\u00e1ll\u00edt\u00e1saiban lehet el\u00e9rni.<br \/><br \/><\/li><li>T\u00e1j\u00e9koztatjuk, hogy a cookies f\u00e1jlok haszn\u00e1lat\u00e1ra vonatkoz\u00f3 korl\u00e1toz\u00e1sok befoly\u00e1solhatj\u00e1k a szerviz weblapjain el\u00e9rhet\u0151 n\u00e9melyik funkci\u00f3t.<br \/><br \/><\/li><li>A Szerviz Felhaszn\u00e1l\u00f3j\u00e1nak v\u00e9gberendez\u00e9s\u00e9n a Szerviz oper\u00e1tor\u00e1val egy\u00fcttm\u0171k\u00f6d\u0151 rekl\u00e1moz\u00f3k \u00e9s partnerek is elhelyezhetnek \u00e9s haszn\u00e1lhatnak cookies f\u00e1jlokat.<\/li><\/ol>\t\t\t\t\t\t<\/div>\n\t\t\t\t<\/div>\n\t\t\t\t\t<\/div>\n\t\t<\/div>\n\t\t\t\t\t<\/div>\n\t\t<\/section>\n\t\t\t\t<\/div>\n\t\t","protected":false},"excerpt":{"rendered":"<p>Cookie politika A weboldal, a cookie f\u00e1jlokban tal\u00e1lhat\u00f3 inform\u00e1ci\u00f3k kiv\u00e9tel\u00e9vel, nem gy\u0171jt automatikusan semmilyen inform\u00e1ci\u00f3t. A cookie f\u00e1jlok webhely l\u00e1togat\u00f3inak eszk\u00f6z\u00e9n t\u00e1rolt adatok, f\u0151k\u00e9nt sz\u00f6veges f\u00e1jlok. A webhely oldalainak haszn\u00e1lat\u00e1ra megk\u00f6nny\u00edt\u00e9s\u00e9re szolg\u00e1lnak. A cookies \u00e1ltal\u00e1ban a weboldal nev\u00e9t, ahonn\u00e9t sz\u00e1rmaznak, a v\u00e9gberendez\u00e9sen val\u00f3 t\u00e1rol\u00e1si idej\u00fcket, valamint kulcs\u00e9rt\u00e9k t\u00edpus\u00fa, egyedi attrib\u00fatumokat tartalmaznak. A Felhaszn\u00e1l\u00f3 v\u00e9gberendez\u00e9s\u00e9n cookie [&hellip;]<\/p>\n","protected":false},"author":20,"featured_media":0,"parent":0,"menu_order":115,"comment_status":"closed","ping_status":"closed","template":"","meta":{"content-type":"","om_disable_all_campaigns":false,"inline_featured_image":false,"_monsterinsights_skip_tracking":false,"_monsterinsights_sitenote_active":false,"_monsterinsights_sitenote_note":"","_monsterinsights_sitenote_category":0,"_links_to":"","_links_to_target":""},"acf":[],"aioseo_notices":[],"yoast_head":"<!-- This site is optimized with the Yoast SEO plugin v20.6 - https:\/\/yoast.com\/wordpress\/plugins\/seo\/ -->\n<title>Cookie politika - MWT Solutions<\/title>\n<meta name=\"robots\" content=\"index, follow, max-snippet:-1, max-image-preview:large, max-video-preview:-1\" \/>\n<link rel=\"canonical\" href=\"https:\/\/i.mwtsolutions.eu\/hu\/cookie-politika\/\" \/>\n<meta property=\"og:locale\" content=\"hu_HU\" \/>\n<meta property=\"og:type\" content=\"article\" \/>\n<meta property=\"og:title\" content=\"Cookie politika - MWT Solutions\" \/>\n<meta property=\"og:description\" content=\"Cookie politika A weboldal, a cookie f\u00e1jlokban tal\u00e1lhat\u00f3 inform\u00e1ci\u00f3k kiv\u00e9tel\u00e9vel, nem gy\u0171jt automatikusan semmilyen inform\u00e1ci\u00f3t. A cookie f\u00e1jlok webhely l\u00e1togat\u00f3inak eszk\u00f6z\u00e9n t\u00e1rolt adatok, f\u0151k\u00e9nt sz\u00f6veges f\u00e1jlok. A webhely oldalainak haszn\u00e1lat\u00e1ra megk\u00f6nny\u00edt\u00e9s\u00e9re szolg\u00e1lnak. A cookies \u00e1ltal\u00e1ban a weboldal nev\u00e9t, ahonn\u00e9t sz\u00e1rmaznak, a v\u00e9gberendez\u00e9sen val\u00f3 t\u00e1rol\u00e1si idej\u00fcket, valamint kulcs\u00e9rt\u00e9k t\u00edpus\u00fa, egyedi attrib\u00fatumokat tartalmaznak. A Felhaszn\u00e1l\u00f3 v\u00e9gberendez\u00e9s\u00e9n cookie [&hellip;]\" \/>\n<meta property=\"og:url\" content=\"https:\/\/i.mwtsolutions.eu\/hu\/cookie-politika\/\" \/>\n<meta property=\"og:site_name\" content=\"MWT Solutions\" \/>\n<meta property=\"article:modified_time\" content=\"2021-11-08T09:44:41+00:00\" \/>\n<meta name=\"twitter:card\" content=\"summary_large_image\" \/>\n<meta name=\"twitter:label1\" content=\"Becs\u00fclt olvas\u00e1si id\u0151\" \/>\n\t<meta name=\"twitter:data1\" content=\"2 perc\" \/>\n<script type=\"application\/ld+json\" class=\"yoast-schema-graph\">{\"@context\":\"https:\/\/schema.org\",\"@graph\":[{\"@type\":\"WebPage\",\"@id\":\"https:\/\/i.mwtsolutions.eu\/hu\/cookie-politika\/\",\"url\":\"https:\/\/i.mwtsolutions.eu\/hu\/cookie-politika\/\",\"name\":\"Cookie politika - MWT Solutions\",\"isPartOf\":{\"@id\":\"https:\/\/i.mwtsolutions.eu\/#website\"},\"datePublished\":\"2021-03-18T12:05:02+00:00\",\"dateModified\":\"2021-11-08T09:44:41+00:00\",\"breadcrumb\":{\"@id\":\"https:\/\/i.mwtsolutions.eu\/hu\/cookie-politika\/#breadcrumb\"},\"inLanguage\":\"hu\",\"potentialAction\":[{\"@type\":\"ReadAction\",\"target\":[\"https:\/\/i.mwtsolutions.eu\/hu\/cookie-politika\/\"]}]},{\"@type\":\"BreadcrumbList\",\"@id\":\"https:\/\/i.mwtsolutions.eu\/hu\/cookie-politika\/#breadcrumb\",\"itemListElement\":[{\"@type\":\"ListItem\",\"position\":1,\"name\":\"Home\",\"item\":\"https:\/\/i.mwtsolutions.eu\/hu\/\"},{\"@type\":\"ListItem\",\"position\":2,\"name\":\"Cookie politika\"}]},{\"@type\":\"WebSite\",\"@id\":\"https:\/\/i.mwtsolutions.eu\/#website\",\"url\":\"https:\/\/i.mwtsolutions.eu\/\",\"name\":\"MWT Solutions\",\"description\":\"Wy\u0142\u0105czny dystrybutor ManageEngine w Polsce\",\"publisher\":{\"@id\":\"https:\/\/i.mwtsolutions.eu\/#organization\"},\"potentialAction\":[{\"@type\":\"SearchAction\",\"target\":{\"@type\":\"EntryPoint\",\"urlTemplate\":\"https:\/\/i.mwtsolutions.eu\/?s={search_term_string}\"},\"query-input\":\"required name=search_term_string\"}],\"inLanguage\":\"hu\"},{\"@type\":\"Organization\",\"@id\":\"https:\/\/i.mwtsolutions.eu\/#organization\",\"name\":\"MWT Solutions\",\"url\":\"https:\/\/i.mwtsolutions.eu\/\",\"logo\":{\"@type\":\"ImageObject\",\"inLanguage\":\"hu\",\"@id\":\"https:\/\/i.mwtsolutions.eu\/#\/schema\/logo\/image\/\",\"url\":\"https:\/\/i.mwtsolutions.eu\/wp-content\/uploads\/2025\/05\/logo_MWT_rgb-color-1.png\",\"contentUrl\":\"https:\/\/i.mwtsolutions.eu\/wp-content\/uploads\/2025\/05\/logo_MWT_rgb-color-1.png\",\"width\":2825,\"height\":850,\"caption\":\"MWT Solutions\"},\"image\":{\"@id\":\"https:\/\/i.mwtsolutions.eu\/#\/schema\/logo\/image\/\"},\"sameAs\":[\"https:\/\/pl.linkedin.com\/company\/mwt-solutions\"]}]}<\/script>\n<!-- \/ Yoast SEO plugin. -->","yoast_head_json":{"title":"Cookie politika - MWT Solutions","robots":{"index":"index","follow":"follow","max-snippet":"max-snippet:-1","max-image-preview":"max-image-preview:large","max-video-preview":"max-video-preview:-1"},"canonical":"https:\/\/i.mwtsolutions.eu\/hu\/cookie-politika\/","og_locale":"hu_HU","og_type":"article","og_title":"Cookie politika - MWT Solutions","og_description":"Cookie politika A weboldal, a cookie f\u00e1jlokban tal\u00e1lhat\u00f3 inform\u00e1ci\u00f3k kiv\u00e9tel\u00e9vel, nem gy\u0171jt automatikusan semmilyen inform\u00e1ci\u00f3t. A cookie f\u00e1jlok webhely l\u00e1togat\u00f3inak eszk\u00f6z\u00e9n t\u00e1rolt adatok, f\u0151k\u00e9nt sz\u00f6veges f\u00e1jlok. A webhely oldalainak haszn\u00e1lat\u00e1ra megk\u00f6nny\u00edt\u00e9s\u00e9re szolg\u00e1lnak. A cookies \u00e1ltal\u00e1ban a weboldal nev\u00e9t, ahonn\u00e9t sz\u00e1rmaznak, a v\u00e9gberendez\u00e9sen val\u00f3 t\u00e1rol\u00e1si idej\u00fcket, valamint kulcs\u00e9rt\u00e9k t\u00edpus\u00fa, egyedi attrib\u00fatumokat tartalmaznak. A Felhaszn\u00e1l\u00f3 v\u00e9gberendez\u00e9s\u00e9n cookie [&hellip;]","og_url":"https:\/\/i.mwtsolutions.eu\/hu\/cookie-politika\/","og_site_name":"MWT Solutions","article_modified_time":"2021-11-08T09:44:41+00:00","twitter_card":"summary_large_image","twitter_misc":{"Becs\u00fclt olvas\u00e1si id\u0151":"2 perc"},"schema":{"@context":"https:\/\/schema.org","@graph":[{"@type":"WebPage","@id":"https:\/\/i.mwtsolutions.eu\/hu\/cookie-politika\/","url":"https:\/\/i.mwtsolutions.eu\/hu\/cookie-politika\/","name":"Cookie politika - MWT Solutions","isPartOf":{"@id":"https:\/\/i.mwtsolutions.eu\/#website"},"datePublished":"2021-03-18T12:05:02+00:00","dateModified":"2021-11-08T09:44:41+00:00","breadcrumb":{"@id":"https:\/\/i.mwtsolutions.eu\/hu\/cookie-politika\/#breadcrumb"},"inLanguage":"hu","potentialAction":[{"@type":"ReadAction","target":["https:\/\/i.mwtsolutions.eu\/hu\/cookie-politika\/"]}]},{"@type":"BreadcrumbList","@id":"https:\/\/i.mwtsolutions.eu\/hu\/cookie-politika\/#breadcrumb","itemListElement":[{"@type":"ListItem","position":1,"name":"Home","item":"https:\/\/i.mwtsolutions.eu\/hu\/"},{"@type":"ListItem","position":2,"name":"Cookie politika"}]},{"@type":"WebSite","@id":"https:\/\/i.mwtsolutions.eu\/#website","url":"https:\/\/i.mwtsolutions.eu\/","name":"MWT Solutions","description":"Wy\u0142\u0105czny dystrybutor ManageEngine w Polsce","publisher":{"@id":"https:\/\/i.mwtsolutions.eu\/#organization"},"potentialAction":[{"@type":"SearchAction","target":{"@type":"EntryPoint","urlTemplate":"https:\/\/i.mwtsolutions.eu\/?s={search_term_string}"},"query-input":"required name=search_term_string"}],"inLanguage":"hu"},{"@type":"Organization","@id":"https:\/\/i.mwtsolutions.eu\/#organization","name":"MWT Solutions","url":"https:\/\/i.mwtsolutions.eu\/","logo":{"@type":"ImageObject","inLanguage":"hu","@id":"https:\/\/i.mwtsolutions.eu\/#\/schema\/logo\/image\/","url":"https:\/\/i.mwtsolutions.eu\/wp-content\/uploads\/2025\/05\/logo_MWT_rgb-color-1.png","contentUrl":"https:\/\/i.mwtsolutions.eu\/wp-content\/uploads\/2025\/05\/logo_MWT_rgb-color-1.png","width":2825,"height":850,"caption":"MWT Solutions"},"image":{"@id":"https:\/\/i.mwtsolutions.eu\/#\/schema\/logo\/image\/"},"sameAs":["https:\/\/pl.linkedin.com\/company\/mwt-solutions"]}]}},"_links":{"self":[{"href":"https:\/\/i.mwtsolutions.eu\/hu\/wp-json\/wp\/v2\/pages\/70716"}],"collection":[{"href":"https:\/\/i.mwtsolutions.eu\/hu\/wp-json\/wp\/v2\/pages"}],"about":[{"href":"https:\/\/i.mwtsolutions.eu\/hu\/wp-json\/wp\/v2\/types\/page"}],"author":[{"embeddable":true,"href":"https:\/\/i.mwtsolutions.eu\/hu\/wp-json\/wp\/v2\/users\/20"}],"replies":[{"embeddable":true,"href":"https:\/\/i.mwtsolutions.eu\/hu\/wp-json\/wp\/v2\/comments?post=70716"}],"version-history":[{"count":4,"href":"https:\/\/i.mwtsolutions.eu\/hu\/wp-json\/wp\/v2\/pages\/70716\/revisions"}],"predecessor-version":[{"id":70721,"href":"https:\/\/i.mwtsolutions.eu\/hu\/wp-json\/wp\/v2\/pages\/70716\/revisions\/70721"}],"wp:attachment":[{"href":"https:\/\/i.mwtsolutions.eu\/hu\/wp-json\/wp\/v2\/media?parent=70716"}],"curies":[{"name":"wp","href":"https:\/\/api.w.org\/{rel}","templated":true}]}}