{"id":80294,"date":"2021-11-04T10:37:54","date_gmt":"2021-11-04T09:37:54","guid":{"rendered":"https:\/\/mwtsolutions.eu\/?page_id=80294"},"modified":"2021-11-17T10:20:32","modified_gmt":"2021-11-17T09:20:32","slug":"endpoint-security","status":"publish","type":"page","link":"https:\/\/i.mwtsolutions.eu\/hu\/termekek\/unified-endpoint-management\/endpoint-security\/","title":{"rendered":"Endpoint Security"},"content":{"rendered":"\t\t<div data-elementor-type=\"wp-page\" data-elementor-id=\"80294\" class=\"elementor elementor-80294\" data-elementor-post-type=\"page\">\n\t\t\t\t\t\t<section class=\"elementor-section elementor-top-section elementor-element elementor-element-684e06f elementor-section-boxed elementor-section-height-default elementor-section-height-default force-full-width-no\" data-id=\"684e06f\" data-element_type=\"section\">\n\t\t\t\t\t\t<div class=\"elementor-container elementor-column-gap-default\">\n\t\t\t\t\t<div class=\"elementor-column elementor-col-100 elementor-top-column elementor-element elementor-element-0a64b70\" data-id=\"0a64b70\" data-element_type=\"column\">\n\t\t\t<div class=\"elementor-widget-wrap elementor-element-populated\">\n\t\t\t\t\t\t<div class=\"elementor-element elementor-element-9d4aa66 elementor-widget elementor-widget-heading\" data-id=\"9d4aa66\" data-element_type=\"widget\" data-widget_type=\"heading.default\">\n\t\t\t\t<div class=\"elementor-widget-container\">\n\t\t\t<h2 class=\"elementor-heading-title elementor-size-default\">FUNKCI\u00d3K<\/h2>\t\t<\/div>\n\t\t\t\t<\/div>\n\t\t\t\t<section class=\"elementor-section elementor-inner-section elementor-element elementor-element-4d7cc25 elementor-section-boxed elementor-section-height-default elementor-section-height-default force-full-width-no\" data-id=\"4d7cc25\" data-element_type=\"section\">\n\t\t\t\t\t\t<div class=\"elementor-container elementor-column-gap-default\">\n\t\t\t\t\t<div class=\"elementor-column elementor-col-50 elementor-inner-column elementor-element elementor-element-e0ecf74\" data-id=\"e0ecf74\" data-element_type=\"column\">\n\t\t\t<div class=\"elementor-widget-wrap elementor-element-populated\">\n\t\t\t\t\t\t<div class=\"elementor-element elementor-element-77c486a elementor-widget elementor-widget-heading\" data-id=\"77c486a\" data-element_type=\"widget\" data-widget_type=\"heading.default\">\n\t\t\t\t<div class=\"elementor-widget-container\">\n\t\t\t<h3 class=\"elementor-heading-title elementor-size-default\">\u00c1tfog\u00f3 vizsg\u00e1lat, sebezhet\u0151s\u00e9g-\u00e9rt\u00e9kel\u00e9s a Common Vulnerabilities and Exposures (CVE) adatb\u00e1zisokon, valamint a biztons\u00e1gi r\u00e9sek megsz\u00fcntet\u00e9se a modern IT-infrastrukt\u00fara minden v\u00e9gpontj\u00e1n.<\/h3>\t\t<\/div>\n\t\t\t\t<\/div>\n\t\t\t\t<div class=\"elementor-element elementor-element-5f9b00e elementor-widget elementor-widget-text-editor\" data-id=\"5f9b00e\" data-element_type=\"widget\" data-widget_type=\"text-editor.default\">\n\t\t\t\t<div class=\"elementor-widget-container\">\n\t\t\t\t\t\t\t<p>A konfigur\u00e1lhat\u00f3 ir\u00e1ny\u00edt\u00f3pultok a rendszergazd\u00e1k f\u0151 inform\u00e1ci\u00f3forr\u00e1sai lehetnek. Val\u00f3s id\u0151ben jelzik a lehets\u00e9ges vesz\u00e9lyeket, vagy lehet\u0151v\u00e9 teszik az azonnali beavatkoz\u00e1st. Ez biztos\u00edtja a v\u00e9gberendez\u00e9sek fokozott biztons\u00e1g\u00e1t az infrastrukt\u00far\u00e1ban.<\/p>\t\t\t\t\t\t<\/div>\n\t\t\t\t<\/div>\n\t\t\t\t\t<\/div>\n\t\t<\/div>\n\t\t\t\t<div class=\"elementor-column elementor-col-50 elementor-inner-column elementor-element elementor-element-2cc64b8\" data-id=\"2cc64b8\" data-element_type=\"column\">\n\t\t\t<div class=\"elementor-widget-wrap elementor-element-populated\">\n\t\t\t\t\t\t<div class=\"elementor-element elementor-element-fddfc63 monitor-right elementor-widget elementor-widget-image\" data-id=\"fddfc63\" data-element_type=\"widget\" data-widget_type=\"image.default\">\n\t\t\t\t<div class=\"elementor-widget-container\">\n\t\t\t\t\t\t\t\t\t\t\t\t\t<img fetchpriority=\"high\" width=\"756\" height=\"369\" src=\"https:\/\/i.mwtsolutions.eu\/wp-content\/uploads\/2021\/06\/1.png\" class=\"attachment-large size-large wp-image-73367\" alt=\"Endpoint Security screen 1\" srcset=\"https:\/\/i.mwtsolutions.eu\/wp-content\/uploads\/2021\/06\/1.png 756w, https:\/\/i.mwtsolutions.eu\/wp-content\/uploads\/2021\/06\/1-300x146.png 300w\" sizes=\"(max-width: 756px) 100vw, 756px\" \/>\t\t\t\t\t\t\t\t\t\t\t\t\t<\/div>\n\t\t\t\t<\/div>\n\t\t\t\t\t<\/div>\n\t\t<\/div>\n\t\t\t\t\t<\/div>\n\t\t<\/section>\n\t\t\t\t<section class=\"elementor-section elementor-inner-section elementor-element elementor-element-f4cafa1 elementor-reverse-mobile elementor-section-boxed elementor-section-height-default elementor-section-height-default force-full-width-no\" data-id=\"f4cafa1\" data-element_type=\"section\">\n\t\t\t\t\t\t<div class=\"elementor-container elementor-column-gap-default\">\n\t\t\t\t\t<div class=\"elementor-column elementor-col-50 elementor-inner-column elementor-element elementor-element-ac60dec\" data-id=\"ac60dec\" data-element_type=\"column\">\n\t\t\t<div class=\"elementor-widget-wrap elementor-element-populated\">\n\t\t\t\t\t\t<div class=\"elementor-element elementor-element-93bc9f5 monitor-left elementor-widget elementor-widget-image\" data-id=\"93bc9f5\" data-element_type=\"widget\" data-widget_type=\"image.default\">\n\t\t\t\t<div class=\"elementor-widget-container\">\n\t\t\t\t\t\t\t\t\t\t\t\t\t<img width=\"756\" height=\"338\" src=\"https:\/\/i.mwtsolutions.eu\/wp-content\/uploads\/2021\/06\/2.png\" class=\"attachment-large size-large wp-image-73370\" alt=\"Endpoint Security screen 2\" srcset=\"https:\/\/i.mwtsolutions.eu\/wp-content\/uploads\/2021\/06\/2.png 756w, https:\/\/i.mwtsolutions.eu\/wp-content\/uploads\/2021\/06\/2-300x134.png 300w\" sizes=\"(max-width: 756px) 100vw, 756px\" \/>\t\t\t\t\t\t\t\t\t\t\t\t\t<\/div>\n\t\t\t\t<\/div>\n\t\t\t\t\t<\/div>\n\t\t<\/div>\n\t\t\t\t<div class=\"elementor-column elementor-col-50 elementor-inner-column elementor-element elementor-element-f1b9f77\" data-id=\"f1b9f77\" data-element_type=\"column\">\n\t\t\t<div class=\"elementor-widget-wrap elementor-element-populated\">\n\t\t\t\t\t\t<div class=\"elementor-element elementor-element-c9be3e5 elementor-widget elementor-widget-heading\" data-id=\"c9be3e5\" data-element_type=\"widget\" data-widget_type=\"heading.default\">\n\t\t\t\t<div class=\"elementor-widget-container\">\n\t\t\t<h3 class=\"elementor-heading-title elementor-size-default\">Munka\u00e1llom\u00e1sokra, szerverekre stb. telep\u00edtett webb\u00f6ng\u00e9sz\u0151k figyel\u00e9se \u00e9s kezel\u00e9se.<\/h3>\t\t<\/div>\n\t\t\t\t<\/div>\n\t\t\t\t<div class=\"elementor-element elementor-element-e48bc5d elementor-widget elementor-widget-text-editor\" data-id=\"e48bc5d\" data-element_type=\"widget\" data-widget_type=\"text-editor.default\">\n\t\t\t\t<div class=\"elementor-widget-container\">\n\t\t\t\t\t\t\t<p>K\u00f6sz\u00f6nhet\u0151en a:<\/p><ul><li>a haszn\u00e1lt b\u00f6ng\u00e9sz\u0151b\u0151v\u00edtm\u00e9nyek ellen\u0151rz\u00e9s\u00e9nek,<\/li><li>megl\u00e1togatott weboldalak sz\u0171r\u00e9s\u00e9nek,<\/li><li>f\u00e1jlok biztons\u00e1gos let\u00f6lt\u00e9s\u00e9nek,<\/li><li>a b\u00f6ng\u00e9sz\u0151 be\u00e1ll\u00edt\u00e1sok kezel\u00e9s\u00e9nek,<\/li><li>a b\u00f6ng\u00e9sz\u0151k szabv\u00e1nyos\u00edt\u00e1s\u00e1nak a webes alkalmaz\u00e1sokhoz,<\/li><li>a konfigur\u00e1ci\u00f3 v\u00e1llalati szabv\u00e1nyoknak val\u00f3 megfelel\u0151s\u00e9g\u00e9r\u0151l sz\u00f3l\u00f3 jelent\u00e9seknek,<\/li><li>\u00e9s sok m\u00e1snak.<\/li><\/ul>\t\t\t\t\t\t<\/div>\n\t\t\t\t<\/div>\n\t\t\t\t\t<\/div>\n\t\t<\/div>\n\t\t\t\t\t<\/div>\n\t\t<\/section>\n\t\t\t\t<section class=\"elementor-section elementor-inner-section elementor-element elementor-element-14a2ea6 elementor-section-boxed elementor-section-height-default elementor-section-height-default force-full-width-no\" data-id=\"14a2ea6\" data-element_type=\"section\">\n\t\t\t\t\t\t<div class=\"elementor-container elementor-column-gap-default\">\n\t\t\t\t\t<div class=\"elementor-column elementor-col-50 elementor-inner-column elementor-element elementor-element-e6bd143\" data-id=\"e6bd143\" data-element_type=\"column\">\n\t\t\t<div class=\"elementor-widget-wrap elementor-element-populated\">\n\t\t\t\t\t\t<div class=\"elementor-element elementor-element-fb561f3 elementor-widget elementor-widget-heading\" data-id=\"fb561f3\" data-element_type=\"widget\" data-widget_type=\"heading.default\">\n\t\t\t\t<div class=\"elementor-widget-container\">\n\t\t\t<h3 class=\"elementor-heading-title elementor-size-default\">A felhaszn\u00e1l\u00f3k \u00e1ltal telep\u00edtett alkalmaz\u00e1sok vez\u00e9rl\u00e9se a kiv\u00e1lasztott sz\u00e1m\u00edt\u00f3g\u00e9pcsoportokhoz rendelt szoftverek feh\u00e9r \u00e9s fekete list\u00e1ival.<\/h3>\t\t<\/div>\n\t\t\t\t<\/div>\n\t\t\t\t<div class=\"elementor-element elementor-element-d217457 elementor-widget elementor-widget-text-editor\" data-id=\"d217457\" data-element_type=\"widget\" data-widget_type=\"text-editor.default\">\n\t\t\t\t<div class=\"elementor-widget-container\">\n\t\t\t\t\t\t\t<p>Az \u00fczleti szempontb\u00f3l tiltott \u00e9s vesz\u00e9lyes alkalmaz\u00e1sok list\u00e1j\u00e1nak l\u00e9trehoz\u00e1sa lehet\u0151v\u00e9 teszi az EXE, COM \u00e9s CMD f\u00e1jlok speci\u00e1lis blokkol\u00e1s\u00e1t n\u00e9v \u00e9s f\u00e1jl hash alapj\u00e1n.<\/p>\t\t\t\t\t\t<\/div>\n\t\t\t\t<\/div>\n\t\t\t\t\t<\/div>\n\t\t<\/div>\n\t\t\t\t<div class=\"elementor-column elementor-col-50 elementor-inner-column elementor-element elementor-element-87898fb\" data-id=\"87898fb\" data-element_type=\"column\">\n\t\t\t<div class=\"elementor-widget-wrap elementor-element-populated\">\n\t\t\t\t\t\t<div class=\"elementor-element elementor-element-c273cea monitor-right elementor-widget elementor-widget-image\" data-id=\"c273cea\" data-element_type=\"widget\" data-widget_type=\"image.default\">\n\t\t\t\t<div class=\"elementor-widget-container\">\n\t\t\t\t\t\t\t\t\t\t\t\t\t<img width=\"756\" height=\"337\" src=\"https:\/\/i.mwtsolutions.eu\/wp-content\/uploads\/2021\/06\/3.png\" class=\"attachment-large size-large wp-image-73373\" alt=\"\" srcset=\"https:\/\/i.mwtsolutions.eu\/wp-content\/uploads\/2021\/06\/3.png 756w, https:\/\/i.mwtsolutions.eu\/wp-content\/uploads\/2021\/06\/3-300x134.png 300w\" sizes=\"(max-width: 756px) 100vw, 756px\" \/>\t\t\t\t\t\t\t\t\t\t\t\t\t<\/div>\n\t\t\t\t<\/div>\n\t\t\t\t\t<\/div>\n\t\t<\/div>\n\t\t\t\t\t<\/div>\n\t\t<\/section>\n\t\t\t\t<section class=\"elementor-section elementor-inner-section elementor-element elementor-element-5193933 elementor-reverse-mobile elementor-section-boxed elementor-section-height-default elementor-section-height-default force-full-width-no\" data-id=\"5193933\" data-element_type=\"section\">\n\t\t\t\t\t\t<div class=\"elementor-container elementor-column-gap-default\">\n\t\t\t\t\t<div class=\"elementor-column elementor-col-50 elementor-inner-column elementor-element elementor-element-2aeab14\" data-id=\"2aeab14\" data-element_type=\"column\">\n\t\t\t<div class=\"elementor-widget-wrap elementor-element-populated\">\n\t\t\t\t\t\t<div class=\"elementor-element elementor-element-7a8ef56 monitor-left elementor-widget elementor-widget-image\" data-id=\"7a8ef56\" data-element_type=\"widget\" data-widget_type=\"image.default\">\n\t\t\t\t<div class=\"elementor-widget-container\">\n\t\t\t\t\t\t\t\t\t\t\t\t\t<img loading=\"lazy\" width=\"756\" height=\"337\" src=\"https:\/\/i.mwtsolutions.eu\/wp-content\/uploads\/2021\/06\/4.png\" class=\"attachment-large size-large wp-image-73387\" alt=\"Endpoint Security screen 4\" srcset=\"https:\/\/i.mwtsolutions.eu\/wp-content\/uploads\/2021\/06\/4.png 756w, https:\/\/i.mwtsolutions.eu\/wp-content\/uploads\/2021\/06\/4-300x134.png 300w\" sizes=\"(max-width: 756px) 100vw, 756px\" \/>\t\t\t\t\t\t\t\t\t\t\t\t\t<\/div>\n\t\t\t\t<\/div>\n\t\t\t\t\t<\/div>\n\t\t<\/div>\n\t\t\t\t<div class=\"elementor-column elementor-col-50 elementor-inner-column elementor-element elementor-element-ec72dc5\" data-id=\"ec72dc5\" data-element_type=\"column\">\n\t\t\t<div class=\"elementor-widget-wrap elementor-element-populated\">\n\t\t\t\t\t\t<div class=\"elementor-element elementor-element-a1333da elementor-widget elementor-widget-heading\" data-id=\"a1333da\" data-element_type=\"widget\" data-widget_type=\"heading.default\">\n\t\t\t\t<div class=\"elementor-widget-container\">\n\t\t\t<h3 class=\"elementor-heading-title elementor-size-default\">V\u00e9delem a szervezet \u00e9rz\u00e9keny adataihoz val\u00f3 jogosulatlan hozz\u00e1f\u00e9r\u00e9s ellen az \u00f6sszes b\u0151v\u00edt\u0151port, valamint az ezekhez a portokhoz csatlakoztatott eszk\u00f6z\u00f6k ellen\u0151rz\u00e9s\u00e9vel \u00e9s audit\u00e1l\u00e1s\u00e1val.<\/h3>\t\t<\/div>\n\t\t\t\t<\/div>\n\t\t\t\t<div class=\"elementor-element elementor-element-b651c39 elementor-widget elementor-widget-text-editor\" data-id=\"b651c39\" data-element_type=\"widget\" data-widget_type=\"text-editor.default\">\n\t\t\t\t<div class=\"elementor-widget-container\">\n\t\t\t\t\t\t\t<p>A f\u00e1jlhozz\u00e1f\u00e9r\u00e9s-szab\u00e1lyoz\u00e1s lehet\u0151v\u00e9 teszi hozz\u00e1f\u00e9r\u00e9si szab\u00e1lyzatok, p\u00e9ld\u00e1ul c\u00edmt\u00e1rolvas\u00e1si m\u00f3d l\u00e9trehoz\u00e1s\u00e1t. A f\u00e1jlok \u00e1rny\u00e9kol\u00f3 funkci\u00f3ja lehet\u0151v\u00e9 teszi a munka\u00e1llom\u00e1sokr\u00f3l mobileszk\u00f6zre m\u00e1solt f\u00e1jlok vez\u00e9rl\u00e9s\u00e9t, valamint a m\u00e1solt f\u00e1jlok h\u00e1l\u00f3zati megoszt\u00e1sokon t\u00f6rt\u00e9n\u0151 automatikus archiv\u00e1l\u00e1s\u00e1t.<\/p>\t\t\t\t\t\t<\/div>\n\t\t\t\t<\/div>\n\t\t\t\t\t<\/div>\n\t\t<\/div>\n\t\t\t\t\t<\/div>\n\t\t<\/section>\n\t\t\t\t<section class=\"elementor-section elementor-inner-section elementor-element elementor-element-b339140 elementor-section-boxed elementor-section-height-default elementor-section-height-default force-full-width-no\" data-id=\"b339140\" data-element_type=\"section\">\n\t\t\t\t\t\t<div class=\"elementor-container elementor-column-gap-default\">\n\t\t\t\t\t<div class=\"elementor-column elementor-col-50 elementor-inner-column elementor-element elementor-element-21119df\" data-id=\"21119df\" data-element_type=\"column\">\n\t\t\t<div class=\"elementor-widget-wrap elementor-element-populated\">\n\t\t\t\t\t\t<div class=\"elementor-element elementor-element-8c544ab elementor-widget elementor-widget-heading\" data-id=\"8c544ab\" data-element_type=\"widget\" data-widget_type=\"heading.default\">\n\t\t\t\t<div class=\"elementor-widget-container\">\n\t\t\t<h3 class=\"elementor-heading-title elementor-size-default\">BitLockerrel titkos\u00edtott sz\u00e1m\u00edt\u00f3g\u00e9pek kezel\u00e9se, fel\u00fcgyelete \u00e9s audit\u00e1l\u00e1sa, valamint a TPM (Trusted Platform Module) \u00e1llapot\u00e1nak ellen\u0151rz\u00e9se.<\/h3>\t\t<\/div>\n\t\t\t\t<\/div>\n\t\t\t\t<div class=\"elementor-element elementor-element-4bbd5c7 elementor-widget elementor-widget-text-editor\" data-id=\"4bbd5c7\" data-element_type=\"widget\" data-widget_type=\"text-editor.default\">\n\t\t\t\t<div class=\"elementor-widget-container\">\n\t\t\t\t\t\t\t<p>A k\u00f6zpontos\u00edtott fel\u00fcgyelet lehet\u0151v\u00e9 teszi a BitLockerrel titkos\u00edtott meghajt\u00f3k \u00e9s a Trusted Platform Module be\u00e1ll\u00edt\u00e1sainak vez\u00e9rl\u00e9s\u00e9t egy konzolr\u00f3l a szervezet \u00f6sszes v\u00e9gpontj\u00e1n. Az RKG (helyre\u00e1ll\u00edt\u00e1si kulcsok gener\u00e1l\u00e1sa) tev\u00e9kenys\u00e9gei \u00e9s karbantart\u00e1si munk\u00e1i automatiz\u00e1lhat\u00f3k a BitLockerrel titkos\u00edtott v\u00e9geszk\u00f6z\u00f6k adminisztr\u00e1ci\u00f3j\u00e1nak \u00e9s biztons\u00e1g\u00e1nak jav\u00edt\u00e1sa \u00e9rdek\u00e9ben.<\/p>\t\t\t\t\t\t<\/div>\n\t\t\t\t<\/div>\n\t\t\t\t\t<\/div>\n\t\t<\/div>\n\t\t\t\t<div class=\"elementor-column elementor-col-50 elementor-inner-column elementor-element elementor-element-44b33cb\" data-id=\"44b33cb\" data-element_type=\"column\">\n\t\t\t<div class=\"elementor-widget-wrap elementor-element-populated\">\n\t\t\t\t\t\t<div class=\"elementor-element elementor-element-e2b253b monitor-right elementor-widget elementor-widget-image\" data-id=\"e2b253b\" data-element_type=\"widget\" data-widget_type=\"image.default\">\n\t\t\t\t<div class=\"elementor-widget-container\">\n\t\t\t\t\t\t\t\t\t\t\t\t\t<img loading=\"lazy\" width=\"756\" height=\"337\" src=\"https:\/\/i.mwtsolutions.eu\/wp-content\/uploads\/2021\/06\/5.png\" class=\"attachment-large size-large wp-image-73390\" alt=\"Endpoint Security screen 5\" srcset=\"https:\/\/i.mwtsolutions.eu\/wp-content\/uploads\/2021\/06\/5.png 756w, https:\/\/i.mwtsolutions.eu\/wp-content\/uploads\/2021\/06\/5-300x134.png 300w\" sizes=\"(max-width: 756px) 100vw, 756px\" \/>\t\t\t\t\t\t\t\t\t\t\t\t\t<\/div>\n\t\t\t\t<\/div>\n\t\t\t\t\t<\/div>\n\t\t<\/div>\n\t\t\t\t\t<\/div>\n\t\t<\/section>\n\t\t\t\t\t<\/div>\n\t\t<\/div>\n\t\t\t\t\t<\/div>\n\t\t<\/section>\n\t\t\t\t<\/div>\n\t\t","protected":false},"excerpt":{"rendered":"<p>FUNKCI\u00d3K \u00c1tfog\u00f3 vizsg\u00e1lat, sebezhet\u0151s\u00e9g-\u00e9rt\u00e9kel\u00e9s a Common Vulnerabilities and Exposures (CVE) adatb\u00e1zisokon, valamint a biztons\u00e1gi r\u00e9sek megsz\u00fcntet\u00e9se a modern IT-infrastrukt\u00fara minden v\u00e9gpontj\u00e1n. A konfigur\u00e1lhat\u00f3 ir\u00e1ny\u00edt\u00f3pultok a rendszergazd\u00e1k f\u0151 inform\u00e1ci\u00f3forr\u00e1sai lehetnek. Val\u00f3s id\u0151ben jelzik a lehets\u00e9ges vesz\u00e9lyeket, vagy lehet\u0151v\u00e9 teszik az azonnali beavatkoz\u00e1st. Ez biztos\u00edtja a v\u00e9gberendez\u00e9sek fokozott biztons\u00e1g\u00e1t az infrastrukt\u00far\u00e1ban. Munka\u00e1llom\u00e1sokra, szerverekre stb. telep\u00edtett webb\u00f6ng\u00e9sz\u0151k figyel\u00e9se [&hellip;]<\/p>\n","protected":false},"author":20,"featured_media":0,"parent":69413,"menu_order":8,"comment_status":"closed","ping_status":"closed","template":"page-templates\/single-product.php","meta":{"content-type":"","om_disable_all_campaigns":false,"inline_featured_image":false,"_monsterinsights_skip_tracking":false,"_monsterinsights_sitenote_active":false,"_monsterinsights_sitenote_note":"","_monsterinsights_sitenote_category":0,"_links_to":"","_links_to_target":""},"acf":[],"aioseo_notices":[],"yoast_head":"<!-- This site is optimized with the Yoast SEO plugin v20.6 - https:\/\/yoast.com\/wordpress\/plugins\/seo\/ -->\n<title>Endpoint Security | MWT Solutions<\/title>\n<meta name=\"description\" content=\"Az Endpoint Security b\u0151v\u00edtm\u00e9ny egy a Desktop Centralhoz k\u00e9sz\u00fclt b\u0151v\u00edt\u0151csomag.\" \/>\n<meta name=\"robots\" content=\"index, follow, max-snippet:-1, max-image-preview:large, max-video-preview:-1\" \/>\n<link rel=\"canonical\" href=\"https:\/\/i.mwtsolutions.eu\/hu\/termekek\/unified-endpoint-management\/endpoint-security\/\" \/>\n<meta property=\"og:locale\" content=\"hu_HU\" \/>\n<meta property=\"og:type\" content=\"article\" \/>\n<meta property=\"og:title\" content=\"Endpoint Security | MWT Solutions\" \/>\n<meta property=\"og:description\" content=\"Az Endpoint Security b\u0151v\u00edtm\u00e9ny egy a Desktop Centralhoz k\u00e9sz\u00fclt b\u0151v\u00edt\u0151csomag.\" \/>\n<meta property=\"og:url\" content=\"https:\/\/i.mwtsolutions.eu\/hu\/termekek\/unified-endpoint-management\/endpoint-security\/\" \/>\n<meta property=\"og:site_name\" content=\"MWT Solutions\" \/>\n<meta property=\"article:modified_time\" content=\"2021-11-17T09:20:32+00:00\" \/>\n<meta property=\"og:image\" content=\"https:\/\/i.mwtsolutions.eu\/wp-content\/uploads\/2021\/06\/1.png\" \/>\n<meta name=\"twitter:card\" content=\"summary_large_image\" \/>\n<meta name=\"twitter:label1\" content=\"Becs\u00fclt olvas\u00e1si id\u0151\" \/>\n\t<meta name=\"twitter:data1\" content=\"3 perc\" \/>\n<script type=\"application\/ld+json\" class=\"yoast-schema-graph\">{\"@context\":\"https:\/\/schema.org\",\"@graph\":[{\"@type\":\"WebPage\",\"@id\":\"https:\/\/i.mwtsolutions.eu\/hu\/termekek\/unified-endpoint-management\/endpoint-security\/\",\"url\":\"https:\/\/i.mwtsolutions.eu\/hu\/termekek\/unified-endpoint-management\/endpoint-security\/\",\"name\":\"Endpoint Security | MWT Solutions\",\"isPartOf\":{\"@id\":\"https:\/\/i.mwtsolutions.eu\/#website\"},\"datePublished\":\"2021-11-04T09:37:54+00:00\",\"dateModified\":\"2021-11-17T09:20:32+00:00\",\"description\":\"Az Endpoint Security b\u0151v\u00edtm\u00e9ny egy a Desktop Centralhoz k\u00e9sz\u00fclt b\u0151v\u00edt\u0151csomag.\",\"breadcrumb\":{\"@id\":\"https:\/\/i.mwtsolutions.eu\/hu\/termekek\/unified-endpoint-management\/endpoint-security\/#breadcrumb\"},\"inLanguage\":\"hu\",\"potentialAction\":[{\"@type\":\"ReadAction\",\"target\":[\"https:\/\/i.mwtsolutions.eu\/hu\/termekek\/unified-endpoint-management\/endpoint-security\/\"]}]},{\"@type\":\"BreadcrumbList\",\"@id\":\"https:\/\/i.mwtsolutions.eu\/hu\/termekek\/unified-endpoint-management\/endpoint-security\/#breadcrumb\",\"itemListElement\":[{\"@type\":\"ListItem\",\"position\":1,\"name\":\"Home\",\"item\":\"https:\/\/i.mwtsolutions.eu\/hu\/\"},{\"@type\":\"ListItem\",\"position\":2,\"name\":\"Term\u00e9kek\",\"item\":\"https:\/\/i.mwtsolutions.eu\/hu\/termekek\/\"},{\"@type\":\"ListItem\",\"position\":3,\"name\":\"UEM\",\"item\":\"https:\/\/i.mwtsolutions.eu\/hu\/termekek\/unified-endpoint-management\/\"},{\"@type\":\"ListItem\",\"position\":4,\"name\":\"Endpoint Security\"}]},{\"@type\":\"WebSite\",\"@id\":\"https:\/\/i.mwtsolutions.eu\/#website\",\"url\":\"https:\/\/i.mwtsolutions.eu\/\",\"name\":\"MWT Solutions\",\"description\":\"Wy\u0142\u0105czny dystrybutor ManageEngine w Polsce\",\"publisher\":{\"@id\":\"https:\/\/i.mwtsolutions.eu\/#organization\"},\"potentialAction\":[{\"@type\":\"SearchAction\",\"target\":{\"@type\":\"EntryPoint\",\"urlTemplate\":\"https:\/\/i.mwtsolutions.eu\/?s={search_term_string}\"},\"query-input\":\"required name=search_term_string\"}],\"inLanguage\":\"hu\"},{\"@type\":\"Organization\",\"@id\":\"https:\/\/i.mwtsolutions.eu\/#organization\",\"name\":\"MWT Solutions\",\"url\":\"https:\/\/i.mwtsolutions.eu\/\",\"logo\":{\"@type\":\"ImageObject\",\"inLanguage\":\"hu\",\"@id\":\"https:\/\/i.mwtsolutions.eu\/#\/schema\/logo\/image\/\",\"url\":\"https:\/\/i.mwtsolutions.eu\/wp-content\/uploads\/2025\/05\/logo_MWT_rgb-color-1.png\",\"contentUrl\":\"https:\/\/i.mwtsolutions.eu\/wp-content\/uploads\/2025\/05\/logo_MWT_rgb-color-1.png\",\"width\":2825,\"height\":850,\"caption\":\"MWT Solutions\"},\"image\":{\"@id\":\"https:\/\/i.mwtsolutions.eu\/#\/schema\/logo\/image\/\"},\"sameAs\":[\"https:\/\/pl.linkedin.com\/company\/mwt-solutions\"]}]}<\/script>\n<!-- \/ Yoast SEO plugin. -->","yoast_head_json":{"title":"Endpoint Security | MWT Solutions","description":"Az Endpoint Security b\u0151v\u00edtm\u00e9ny egy a Desktop Centralhoz k\u00e9sz\u00fclt b\u0151v\u00edt\u0151csomag.","robots":{"index":"index","follow":"follow","max-snippet":"max-snippet:-1","max-image-preview":"max-image-preview:large","max-video-preview":"max-video-preview:-1"},"canonical":"https:\/\/i.mwtsolutions.eu\/hu\/termekek\/unified-endpoint-management\/endpoint-security\/","og_locale":"hu_HU","og_type":"article","og_title":"Endpoint Security | MWT Solutions","og_description":"Az Endpoint Security b\u0151v\u00edtm\u00e9ny egy a Desktop Centralhoz k\u00e9sz\u00fclt b\u0151v\u00edt\u0151csomag.","og_url":"https:\/\/i.mwtsolutions.eu\/hu\/termekek\/unified-endpoint-management\/endpoint-security\/","og_site_name":"MWT Solutions","article_modified_time":"2021-11-17T09:20:32+00:00","og_image":[{"url":"https:\/\/i.mwtsolutions.eu\/wp-content\/uploads\/2021\/06\/1.png"}],"twitter_card":"summary_large_image","twitter_misc":{"Becs\u00fclt olvas\u00e1si id\u0151":"3 perc"},"schema":{"@context":"https:\/\/schema.org","@graph":[{"@type":"WebPage","@id":"https:\/\/i.mwtsolutions.eu\/hu\/termekek\/unified-endpoint-management\/endpoint-security\/","url":"https:\/\/i.mwtsolutions.eu\/hu\/termekek\/unified-endpoint-management\/endpoint-security\/","name":"Endpoint Security | MWT Solutions","isPartOf":{"@id":"https:\/\/i.mwtsolutions.eu\/#website"},"datePublished":"2021-11-04T09:37:54+00:00","dateModified":"2021-11-17T09:20:32+00:00","description":"Az Endpoint Security b\u0151v\u00edtm\u00e9ny egy a Desktop Centralhoz k\u00e9sz\u00fclt b\u0151v\u00edt\u0151csomag.","breadcrumb":{"@id":"https:\/\/i.mwtsolutions.eu\/hu\/termekek\/unified-endpoint-management\/endpoint-security\/#breadcrumb"},"inLanguage":"hu","potentialAction":[{"@type":"ReadAction","target":["https:\/\/i.mwtsolutions.eu\/hu\/termekek\/unified-endpoint-management\/endpoint-security\/"]}]},{"@type":"BreadcrumbList","@id":"https:\/\/i.mwtsolutions.eu\/hu\/termekek\/unified-endpoint-management\/endpoint-security\/#breadcrumb","itemListElement":[{"@type":"ListItem","position":1,"name":"Home","item":"https:\/\/i.mwtsolutions.eu\/hu\/"},{"@type":"ListItem","position":2,"name":"Term\u00e9kek","item":"https:\/\/i.mwtsolutions.eu\/hu\/termekek\/"},{"@type":"ListItem","position":3,"name":"UEM","item":"https:\/\/i.mwtsolutions.eu\/hu\/termekek\/unified-endpoint-management\/"},{"@type":"ListItem","position":4,"name":"Endpoint Security"}]},{"@type":"WebSite","@id":"https:\/\/i.mwtsolutions.eu\/#website","url":"https:\/\/i.mwtsolutions.eu\/","name":"MWT Solutions","description":"Wy\u0142\u0105czny dystrybutor ManageEngine w Polsce","publisher":{"@id":"https:\/\/i.mwtsolutions.eu\/#organization"},"potentialAction":[{"@type":"SearchAction","target":{"@type":"EntryPoint","urlTemplate":"https:\/\/i.mwtsolutions.eu\/?s={search_term_string}"},"query-input":"required name=search_term_string"}],"inLanguage":"hu"},{"@type":"Organization","@id":"https:\/\/i.mwtsolutions.eu\/#organization","name":"MWT Solutions","url":"https:\/\/i.mwtsolutions.eu\/","logo":{"@type":"ImageObject","inLanguage":"hu","@id":"https:\/\/i.mwtsolutions.eu\/#\/schema\/logo\/image\/","url":"https:\/\/i.mwtsolutions.eu\/wp-content\/uploads\/2025\/05\/logo_MWT_rgb-color-1.png","contentUrl":"https:\/\/i.mwtsolutions.eu\/wp-content\/uploads\/2025\/05\/logo_MWT_rgb-color-1.png","width":2825,"height":850,"caption":"MWT Solutions"},"image":{"@id":"https:\/\/i.mwtsolutions.eu\/#\/schema\/logo\/image\/"},"sameAs":["https:\/\/pl.linkedin.com\/company\/mwt-solutions"]}]}},"_links":{"self":[{"href":"https:\/\/i.mwtsolutions.eu\/hu\/wp-json\/wp\/v2\/pages\/80294"}],"collection":[{"href":"https:\/\/i.mwtsolutions.eu\/hu\/wp-json\/wp\/v2\/pages"}],"about":[{"href":"https:\/\/i.mwtsolutions.eu\/hu\/wp-json\/wp\/v2\/types\/page"}],"author":[{"embeddable":true,"href":"https:\/\/i.mwtsolutions.eu\/hu\/wp-json\/wp\/v2\/users\/20"}],"replies":[{"embeddable":true,"href":"https:\/\/i.mwtsolutions.eu\/hu\/wp-json\/wp\/v2\/comments?post=80294"}],"version-history":[{"count":9,"href":"https:\/\/i.mwtsolutions.eu\/hu\/wp-json\/wp\/v2\/pages\/80294\/revisions"}],"predecessor-version":[{"id":80549,"href":"https:\/\/i.mwtsolutions.eu\/hu\/wp-json\/wp\/v2\/pages\/80294\/revisions\/80549"}],"up":[{"embeddable":true,"href":"https:\/\/i.mwtsolutions.eu\/hu\/wp-json\/wp\/v2\/pages\/69413"}],"wp:attachment":[{"href":"https:\/\/i.mwtsolutions.eu\/hu\/wp-json\/wp\/v2\/media?parent=80294"}],"curies":[{"name":"wp","href":"https:\/\/api.w.org\/{rel}","templated":true}]}}