{"id":99109,"date":"2024-02-09T12:32:53","date_gmt":"2024-02-09T11:32:53","guid":{"rendered":"https:\/\/mwtsolutions.eu\/?page_id=99109"},"modified":"2024-02-09T12:32:53","modified_gmt":"2024-02-09T11:32:53","slug":"identity360","status":"publish","type":"page","link":"https:\/\/i.mwtsolutions.eu\/hu\/termekek\/active-directory\/identity360\/","title":{"rendered":"Identity360"},"content":{"rendered":"\t\t<div data-elementor-type=\"wp-page\" data-elementor-id=\"99109\" class=\"elementor elementor-99109\" data-elementor-post-type=\"page\">\n\t\t\t\t\t\t<section class=\"elementor-section elementor-top-section elementor-element elementor-element-a2afd0f elementor-section-boxed elementor-section-height-default elementor-section-height-default force-full-width-no\" data-id=\"a2afd0f\" data-element_type=\"section\">\n\t\t\t\t\t\t<div class=\"elementor-container elementor-column-gap-default\">\n\t\t\t\t\t<div class=\"elementor-column elementor-col-100 elementor-top-column elementor-element elementor-element-e8699b0\" data-id=\"e8699b0\" data-element_type=\"column\">\n\t\t\t<div class=\"elementor-widget-wrap elementor-element-populated\">\n\t\t\t\t\t\t<div class=\"elementor-element elementor-element-d59ae44 elementor-widget elementor-widget-heading\" data-id=\"d59ae44\" data-element_type=\"widget\" data-widget_type=\"heading.default\">\n\t\t\t\t<div class=\"elementor-widget-container\">\n\t\t\t<h2 class=\"elementor-heading-title elementor-size-default\">FUNKCI\u00d3K<\/h2>\t\t<\/div>\n\t\t\t\t<\/div>\n\t\t\t\t<section class=\"elementor-section elementor-inner-section elementor-element elementor-element-a3adb7d elementor-section-boxed elementor-section-height-default elementor-section-height-default force-full-width-no\" data-id=\"a3adb7d\" data-element_type=\"section\">\n\t\t\t\t\t\t<div class=\"elementor-container elementor-column-gap-default\">\n\t\t\t\t\t<div class=\"elementor-column elementor-col-50 elementor-inner-column elementor-element elementor-element-5198063\" data-id=\"5198063\" data-element_type=\"column\">\n\t\t\t<div class=\"elementor-widget-wrap elementor-element-populated\">\n\t\t\t\t\t\t<div class=\"elementor-element elementor-element-da180cb elementor-widget elementor-widget-heading\" data-id=\"da180cb\" data-element_type=\"widget\" data-widget_type=\"heading.default\">\n\t\t\t\t<div class=\"elementor-widget-container\">\n\t\t\t<h3 class=\"elementor-heading-title elementor-size-default\">Bar\u00e1ts\u00e1gos fel\u00fclet<\/h3>\t\t<\/div>\n\t\t\t\t<\/div>\n\t\t\t\t<div class=\"elementor-element elementor-element-ff77efe elementor-widget elementor-widget-text-editor\" data-id=\"ff77efe\" data-element_type=\"widget\" data-widget_type=\"text-editor.default\">\n\t\t\t\t<div class=\"elementor-widget-container\">\n\t\t\t\t\t\t\t<p>A vez\u00e9rl\u0151pultot a maxim\u00e1lis intuitivit\u00e1s \u00e9s haszn\u00e1lhat\u00f3s\u00e1g \u00e9rdek\u00e9ben tervezt\u00e9k, \u00edgy minden felhaszn\u00e1l\u00f3 sz\u00e1m\u00e1ra felhaszn\u00e1l\u00f3bar\u00e1t, f\u00fcggetlen\u00fcl az IT-szak\u00e9rtelem szintj\u00e9t\u0151l. Az intuit\u00edv fel\u00fclet lehet\u0151v\u00e9 teszi hat\u00e9kony navig\u00e1ci\u00f3t \u00e9s gyors hozz\u00e1f\u00e9r\u00e9st a sz\u00fcks\u00e9ges funkci\u00f3khoz \u00e9s inform\u00e1ci\u00f3khoz. Tartalmaz interakt\u00edv elemeket, p\u00e9ld\u00e1ul diagramokat \u00e9s grafikonokat, amelyek k\u00f6nnyen elemezhet\u0151k \u00e9s \u00e9rtelmezhet\u0151k.<\/p>\t\t\t\t\t\t<\/div>\n\t\t\t\t<\/div>\n\t\t\t\t\t<\/div>\n\t\t<\/div>\n\t\t\t\t<div class=\"elementor-column elementor-col-50 elementor-inner-column elementor-element elementor-element-858fd54\" data-id=\"858fd54\" data-element_type=\"column\">\n\t\t\t<div class=\"elementor-widget-wrap elementor-element-populated\">\n\t\t\t\t\t\t<div class=\"elementor-element elementor-element-419fc47 monitor-right elementor-widget elementor-widget-image\" data-id=\"419fc47\" data-element_type=\"widget\" data-widget_type=\"image.default\">\n\t\t\t\t<div class=\"elementor-widget-container\">\n\t\t\t\t\t\t\t\t\t\t\t\t\t<img fetchpriority=\"high\" width=\"1917\" height=\"994\" src=\"https:\/\/i.mwtsolutions.eu\/wp-content\/uploads\/2023\/12\/i360-1.png\" class=\"attachment-full size-full wp-image-98048\" alt=\"Screen systemu - Identity360\" srcset=\"https:\/\/i.mwtsolutions.eu\/wp-content\/uploads\/2023\/12\/i360-1.png 1917w, https:\/\/i.mwtsolutions.eu\/wp-content\/uploads\/2023\/12\/i360-1-300x156.png 300w, https:\/\/i.mwtsolutions.eu\/wp-content\/uploads\/2023\/12\/i360-1-1024x531.png 1024w, https:\/\/i.mwtsolutions.eu\/wp-content\/uploads\/2023\/12\/i360-1-768x398.png 768w, https:\/\/i.mwtsolutions.eu\/wp-content\/uploads\/2023\/12\/i360-1-1536x796.png 1536w\" sizes=\"(max-width: 1917px) 100vw, 1917px\" \/>\t\t\t\t\t\t\t\t\t\t\t\t\t<\/div>\n\t\t\t\t<\/div>\n\t\t\t\t\t<\/div>\n\t\t<\/div>\n\t\t\t\t\t<\/div>\n\t\t<\/section>\n\t\t\t\t<section class=\"elementor-section elementor-inner-section elementor-element elementor-element-6eb3dd5 elementor-reverse-mobile elementor-section-boxed elementor-section-height-default elementor-section-height-default force-full-width-no\" data-id=\"6eb3dd5\" data-element_type=\"section\">\n\t\t\t\t\t\t<div class=\"elementor-container elementor-column-gap-default\">\n\t\t\t\t\t<div class=\"elementor-column elementor-col-50 elementor-inner-column elementor-element elementor-element-afee970\" data-id=\"afee970\" data-element_type=\"column\">\n\t\t\t<div class=\"elementor-widget-wrap elementor-element-populated\">\n\t\t\t\t\t\t<div class=\"elementor-element elementor-element-f4ec218 monitor-left elementor-widget elementor-widget-image\" data-id=\"f4ec218\" data-element_type=\"widget\" data-widget_type=\"image.default\">\n\t\t\t\t<div class=\"elementor-widget-container\">\n\t\t\t\t\t\t\t\t\t\t\t\t\t<img width=\"1895\" height=\"883\" src=\"https:\/\/i.mwtsolutions.eu\/wp-content\/uploads\/2023\/12\/i360-3.png\" class=\"attachment-full size-full wp-image-98056\" alt=\"Screen systemu - Identity360\" srcset=\"https:\/\/i.mwtsolutions.eu\/wp-content\/uploads\/2023\/12\/i360-3.png 1895w, https:\/\/i.mwtsolutions.eu\/wp-content\/uploads\/2023\/12\/i360-3-300x140.png 300w, https:\/\/i.mwtsolutions.eu\/wp-content\/uploads\/2023\/12\/i360-3-1024x477.png 1024w, https:\/\/i.mwtsolutions.eu\/wp-content\/uploads\/2023\/12\/i360-3-768x358.png 768w, https:\/\/i.mwtsolutions.eu\/wp-content\/uploads\/2023\/12\/i360-3-1536x716.png 1536w\" sizes=\"(max-width: 1895px) 100vw, 1895px\" \/>\t\t\t\t\t\t\t\t\t\t\t\t\t<\/div>\n\t\t\t\t<\/div>\n\t\t\t\t\t<\/div>\n\t\t<\/div>\n\t\t\t\t<div class=\"elementor-column elementor-col-50 elementor-inner-column elementor-element elementor-element-a6554e1\" data-id=\"a6554e1\" data-element_type=\"column\">\n\t\t\t<div class=\"elementor-widget-wrap elementor-element-populated\">\n\t\t\t\t\t\t<div class=\"elementor-element elementor-element-8178524 elementor-widget elementor-widget-heading\" data-id=\"8178524\" data-element_type=\"widget\" data-widget_type=\"heading.default\">\n\t\t\t\t<div class=\"elementor-widget-container\">\n\t\t\t<h3 class=\"elementor-heading-title elementor-size-default\">Biztons\u00e1gelemz\u00e9s<\/h3>\t\t<\/div>\n\t\t\t\t<\/div>\n\t\t\t\t<div class=\"elementor-element elementor-element-53b3fee elementor-widget elementor-widget-text-editor\" data-id=\"53b3fee\" data-element_type=\"widget\" data-widget_type=\"text-editor.default\">\n\t\t\t\t<div class=\"elementor-widget-container\">\n\t\t\t\t\t\t\t<p>Ez a funkci\u00f3 lehet\u0151v\u00e9 teszi az IT-adminisztr\u00e1torok sz\u00e1m\u00e1ra, hogy r\u00e9szletesen elemezz\u00e9k a biztons\u00e1got \u00e9s az azonos\u00edt\u00e1skezel\u00e9st, bele\u00e9rtve a fenyeget\u00e9sek \u00e9s sebezhet\u0151s\u00e9gek monitoroz\u00e1s\u00e1t a helytelen bejelentkez\u00e9sekr\u0151l, enged\u00e9lyv\u00e1ltoz\u00e1sokr\u00f3l \u00e9s gyan\u00fas tev\u00e9kenys\u00e9gekr\u0151l sz\u00f3l\u00f3 jelent\u00e9seken kereszt\u00fcl. A felhaszn\u00e1l\u00f3k saj\u00e1t jelent\u00e9seket is l\u00e9trehozhatnak, amelyek az szervezet ig\u00e9nyeire szabottak, kiv\u00e1lasztott adatokra \u00e9s trendekre \u00f6sszpontos\u00edtva.<\/p>\t\t\t\t\t\t<\/div>\n\t\t\t\t<\/div>\n\t\t\t\t\t<\/div>\n\t\t<\/div>\n\t\t\t\t\t<\/div>\n\t\t<\/section>\n\t\t\t\t<section class=\"elementor-section elementor-inner-section elementor-element elementor-element-f5638a4 elementor-section-boxed elementor-section-height-default elementor-section-height-default force-full-width-no\" data-id=\"f5638a4\" data-element_type=\"section\">\n\t\t\t\t\t\t<div class=\"elementor-container elementor-column-gap-default\">\n\t\t\t\t\t<div class=\"elementor-column elementor-col-50 elementor-inner-column elementor-element elementor-element-d46e14e\" data-id=\"d46e14e\" data-element_type=\"column\">\n\t\t\t<div class=\"elementor-widget-wrap elementor-element-populated\">\n\t\t\t\t\t\t<div class=\"elementor-element elementor-element-1cf1767 elementor-widget elementor-widget-heading\" data-id=\"1cf1767\" data-element_type=\"widget\" data-widget_type=\"heading.default\">\n\t\t\t\t<div class=\"elementor-widget-container\">\n\t\t\t<h3 class=\"elementor-heading-title elementor-size-default\">Egyszer\u0171 integr\u00e1ci\u00f3<\/h3>\t\t<\/div>\n\t\t\t\t<\/div>\n\t\t\t\t<div class=\"elementor-element elementor-element-b94016e elementor-widget elementor-widget-text-editor\" data-id=\"b94016e\" data-element_type=\"widget\" data-widget_type=\"text-editor.default\">\n\t\t\t\t<div class=\"elementor-widget-container\">\n\t\t\t\t\t\t\t<p>A szersz\u00e1m kompatibilis sz\u00e1mos n\u00e9pszer\u0171 felh\u0151alap\u00fa alkalmaz\u00e1ssal \u00e9s szolg\u00e1ltat\u00e1ssal, \u00edgy k\u00f6nnyen integr\u00e1lhat\u00f3 a megl\u00e9v\u0151 IT-rendszerekkel. A felh\u0151alap\u00fa alkalmaz\u00e1sok \u00e9s platformok sz\u00e9les sk\u00e1l\u00e1j\u00e1val val\u00f3 integr\u00e1ci\u00f3 lehet\u0151v\u00e9 teszi a felhaszn\u00e1l\u00f3i hozz\u00e1f\u00e9r\u00e9sek \u00e9s azonos\u00edt\u00e1sok k\u00f6zponti kezel\u00e9s\u00e9t, ami kritikus fontoss\u00e1g\u00fa a mai decentraliz\u00e1lt munkak\u00f6rnyezetben. Emellett lehet\u0151v\u00e9 teszi a k\u00f6vetkezetes biztons\u00e1gi \u00e9s hiteles\u00edt\u00e9si ir\u00e1nyelvek bevezet\u00e9s\u00e9t a szervezet teljes ter\u00fclet\u00e9n, f\u00fcggetlen\u00fcl az alkalmaz\u00e1sok \u00e9s szolg\u00e1ltat\u00e1sok haszn\u00e1lat\u00e1t\u00f3l.<\/p>\t\t\t\t\t\t<\/div>\n\t\t\t\t<\/div>\n\t\t\t\t\t<\/div>\n\t\t<\/div>\n\t\t\t\t<div class=\"elementor-column elementor-col-50 elementor-inner-column elementor-element elementor-element-06d7434\" data-id=\"06d7434\" data-element_type=\"column\">\n\t\t\t<div class=\"elementor-widget-wrap elementor-element-populated\">\n\t\t\t\t\t\t<div class=\"elementor-element elementor-element-3dbf1cc monitor-center elementor-widget elementor-widget-image\" data-id=\"3dbf1cc\" data-element_type=\"widget\" data-widget_type=\"image.default\">\n\t\t\t\t<div class=\"elementor-widget-container\">\n\t\t\t\t\t\t\t\t\t\t\t\t\t<img width=\"1893\" height=\"964\" src=\"https:\/\/i.mwtsolutions.eu\/wp-content\/uploads\/2023\/12\/i360-2.png\" class=\"attachment-full size-full wp-image-98052\" alt=\"Screen systemu - Identity360\" srcset=\"https:\/\/i.mwtsolutions.eu\/wp-content\/uploads\/2023\/12\/i360-2.png 1893w, https:\/\/i.mwtsolutions.eu\/wp-content\/uploads\/2023\/12\/i360-2-300x153.png 300w, https:\/\/i.mwtsolutions.eu\/wp-content\/uploads\/2023\/12\/i360-2-1024x521.png 1024w, https:\/\/i.mwtsolutions.eu\/wp-content\/uploads\/2023\/12\/i360-2-768x391.png 768w, https:\/\/i.mwtsolutions.eu\/wp-content\/uploads\/2023\/12\/i360-2-1536x782.png 1536w\" sizes=\"(max-width: 1893px) 100vw, 1893px\" \/>\t\t\t\t\t\t\t\t\t\t\t\t\t<\/div>\n\t\t\t\t<\/div>\n\t\t\t\t\t<\/div>\n\t\t<\/div>\n\t\t\t\t\t<\/div>\n\t\t<\/section>\n\t\t\t\t\t<\/div>\n\t\t<\/div>\n\t\t\t\t\t<\/div>\n\t\t<\/section>\n\t\t\t\t<\/div>\n\t\t","protected":false},"excerpt":{"rendered":"<p>FUNKCI\u00d3K Bar\u00e1ts\u00e1gos fel\u00fclet A vez\u00e9rl\u0151pultot a maxim\u00e1lis intuitivit\u00e1s \u00e9s haszn\u00e1lhat\u00f3s\u00e1g \u00e9rdek\u00e9ben tervezt\u00e9k, \u00edgy minden felhaszn\u00e1l\u00f3 sz\u00e1m\u00e1ra felhaszn\u00e1l\u00f3bar\u00e1t, f\u00fcggetlen\u00fcl az IT-szak\u00e9rtelem szintj\u00e9t\u0151l. Az intuit\u00edv fel\u00fclet lehet\u0151v\u00e9 teszi hat\u00e9kony navig\u00e1ci\u00f3t \u00e9s gyors hozz\u00e1f\u00e9r\u00e9st a sz\u00fcks\u00e9ges funkci\u00f3khoz \u00e9s inform\u00e1ci\u00f3khoz. Tartalmaz interakt\u00edv elemeket, p\u00e9ld\u00e1ul diagramokat \u00e9s grafikonokat, amelyek k\u00f6nnyen elemezhet\u0151k \u00e9s \u00e9rtelmezhet\u0151k. Biztons\u00e1gelemz\u00e9s Ez a funkci\u00f3 lehet\u0151v\u00e9 teszi az [&hellip;]<\/p>\n","protected":false},"author":43,"featured_media":0,"parent":69412,"menu_order":0,"comment_status":"closed","ping_status":"closed","template":"page-templates\/single-product.php","meta":{"content-type":"","om_disable_all_campaigns":false,"inline_featured_image":false,"_monsterinsights_skip_tracking":false,"_monsterinsights_sitenote_active":false,"_monsterinsights_sitenote_note":"","_monsterinsights_sitenote_category":0,"_links_to":"","_links_to_target":""},"acf":[],"aioseo_notices":[],"yoast_head":"<!-- This site is optimized with the Yoast SEO plugin v20.6 - https:\/\/yoast.com\/wordpress\/plugins\/seo\/ -->\n<title>Tartom\u00e1ny kezel\u00e9s Identity360 seg\u00edts\u00e9g\u00e9vel - MWT Solutions<\/title>\n<meta name=\"description\" content=\"\u00c1tfog\u00f3 tartom\u00e1nykezel\u00e9s \u00e9s a neh\u00e9zkes feladatok automatiz\u00e1l\u00e1sa. Az Identity360 seg\u00edt az AD-vel kapcsolatos probl\u00e9m\u00e1k kik\u00fcsz\u00f6b\u00f6l\u00e9s\u00e9ben.\" \/>\n<meta name=\"robots\" content=\"index, follow, max-snippet:-1, max-image-preview:large, max-video-preview:-1\" \/>\n<link rel=\"canonical\" href=\"https:\/\/i.mwtsolutions.eu\/hu\/termekek\/active-directory\/identity360\/\" \/>\n<meta property=\"og:locale\" content=\"hu_HU\" \/>\n<meta property=\"og:type\" content=\"article\" \/>\n<meta property=\"og:title\" content=\"Tartom\u00e1ny kezel\u00e9s Identity360 seg\u00edts\u00e9g\u00e9vel - MWT Solutions\" \/>\n<meta property=\"og:description\" content=\"\u00c1tfog\u00f3 tartom\u00e1nykezel\u00e9s \u00e9s a neh\u00e9zkes feladatok automatiz\u00e1l\u00e1sa. Az Identity360 seg\u00edt az AD-vel kapcsolatos probl\u00e9m\u00e1k kik\u00fcsz\u00f6b\u00f6l\u00e9s\u00e9ben.\" \/>\n<meta property=\"og:url\" content=\"https:\/\/i.mwtsolutions.eu\/hu\/termekek\/active-directory\/identity360\/\" \/>\n<meta property=\"og:site_name\" content=\"MWT Solutions\" \/>\n<meta property=\"og:image\" content=\"https:\/\/i.mwtsolutions.eu\/wp-content\/uploads\/2023\/12\/i360-1.png\" \/>\n<meta name=\"twitter:card\" content=\"summary_large_image\" \/>\n<meta name=\"twitter:label1\" content=\"Becs\u00fclt olvas\u00e1si id\u0151\" \/>\n\t<meta name=\"twitter:data1\" content=\"2 perc\" \/>\n<script type=\"application\/ld+json\" class=\"yoast-schema-graph\">{\"@context\":\"https:\/\/schema.org\",\"@graph\":[{\"@type\":\"WebPage\",\"@id\":\"https:\/\/i.mwtsolutions.eu\/hu\/termekek\/active-directory\/identity360\/\",\"url\":\"https:\/\/i.mwtsolutions.eu\/hu\/termekek\/active-directory\/identity360\/\",\"name\":\"Tartom\u00e1ny kezel\u00e9s Identity360 seg\u00edts\u00e9g\u00e9vel - MWT Solutions\",\"isPartOf\":{\"@id\":\"https:\/\/i.mwtsolutions.eu\/#website\"},\"datePublished\":\"2024-02-09T11:32:53+00:00\",\"dateModified\":\"2024-02-09T11:32:53+00:00\",\"description\":\"\u00c1tfog\u00f3 tartom\u00e1nykezel\u00e9s \u00e9s a neh\u00e9zkes feladatok automatiz\u00e1l\u00e1sa. Az Identity360 seg\u00edt az AD-vel kapcsolatos probl\u00e9m\u00e1k kik\u00fcsz\u00f6b\u00f6l\u00e9s\u00e9ben.\",\"breadcrumb\":{\"@id\":\"https:\/\/i.mwtsolutions.eu\/hu\/termekek\/active-directory\/identity360\/#breadcrumb\"},\"inLanguage\":\"hu\",\"potentialAction\":[{\"@type\":\"ReadAction\",\"target\":[\"https:\/\/i.mwtsolutions.eu\/hu\/termekek\/active-directory\/identity360\/\"]}]},{\"@type\":\"BreadcrumbList\",\"@id\":\"https:\/\/i.mwtsolutions.eu\/hu\/termekek\/active-directory\/identity360\/#breadcrumb\",\"itemListElement\":[{\"@type\":\"ListItem\",\"position\":1,\"name\":\"Home\",\"item\":\"https:\/\/i.mwtsolutions.eu\/hu\/\"},{\"@type\":\"ListItem\",\"position\":2,\"name\":\"Term\u00e9kek\",\"item\":\"https:\/\/i.mwtsolutions.eu\/hu\/termekek\/\"},{\"@type\":\"ListItem\",\"position\":3,\"name\":\"Active Directory\",\"item\":\"https:\/\/i.mwtsolutions.eu\/hu\/termekek\/active-directory\/\"},{\"@type\":\"ListItem\",\"position\":4,\"name\":\"Identity360\"}]},{\"@type\":\"WebSite\",\"@id\":\"https:\/\/i.mwtsolutions.eu\/#website\",\"url\":\"https:\/\/i.mwtsolutions.eu\/\",\"name\":\"MWT Solutions\",\"description\":\"Wy\u0142\u0105czny dystrybutor ManageEngine w Polsce\",\"publisher\":{\"@id\":\"https:\/\/i.mwtsolutions.eu\/#organization\"},\"potentialAction\":[{\"@type\":\"SearchAction\",\"target\":{\"@type\":\"EntryPoint\",\"urlTemplate\":\"https:\/\/i.mwtsolutions.eu\/?s={search_term_string}\"},\"query-input\":\"required name=search_term_string\"}],\"inLanguage\":\"hu\"},{\"@type\":\"Organization\",\"@id\":\"https:\/\/i.mwtsolutions.eu\/#organization\",\"name\":\"MWT Solutions\",\"url\":\"https:\/\/i.mwtsolutions.eu\/\",\"logo\":{\"@type\":\"ImageObject\",\"inLanguage\":\"hu\",\"@id\":\"https:\/\/i.mwtsolutions.eu\/#\/schema\/logo\/image\/\",\"url\":\"https:\/\/i.mwtsolutions.eu\/wp-content\/uploads\/2025\/05\/logo_MWT_rgb-color-1.png\",\"contentUrl\":\"https:\/\/i.mwtsolutions.eu\/wp-content\/uploads\/2025\/05\/logo_MWT_rgb-color-1.png\",\"width\":2825,\"height\":850,\"caption\":\"MWT Solutions\"},\"image\":{\"@id\":\"https:\/\/i.mwtsolutions.eu\/#\/schema\/logo\/image\/\"},\"sameAs\":[\"https:\/\/pl.linkedin.com\/company\/mwt-solutions\"]}]}<\/script>\n<!-- \/ Yoast SEO plugin. -->","yoast_head_json":{"title":"Tartom\u00e1ny kezel\u00e9s Identity360 seg\u00edts\u00e9g\u00e9vel - MWT Solutions","description":"\u00c1tfog\u00f3 tartom\u00e1nykezel\u00e9s \u00e9s a neh\u00e9zkes feladatok automatiz\u00e1l\u00e1sa. Az Identity360 seg\u00edt az AD-vel kapcsolatos probl\u00e9m\u00e1k kik\u00fcsz\u00f6b\u00f6l\u00e9s\u00e9ben.","robots":{"index":"index","follow":"follow","max-snippet":"max-snippet:-1","max-image-preview":"max-image-preview:large","max-video-preview":"max-video-preview:-1"},"canonical":"https:\/\/i.mwtsolutions.eu\/hu\/termekek\/active-directory\/identity360\/","og_locale":"hu_HU","og_type":"article","og_title":"Tartom\u00e1ny kezel\u00e9s Identity360 seg\u00edts\u00e9g\u00e9vel - MWT Solutions","og_description":"\u00c1tfog\u00f3 tartom\u00e1nykezel\u00e9s \u00e9s a neh\u00e9zkes feladatok automatiz\u00e1l\u00e1sa. Az Identity360 seg\u00edt az AD-vel kapcsolatos probl\u00e9m\u00e1k kik\u00fcsz\u00f6b\u00f6l\u00e9s\u00e9ben.","og_url":"https:\/\/i.mwtsolutions.eu\/hu\/termekek\/active-directory\/identity360\/","og_site_name":"MWT Solutions","og_image":[{"url":"https:\/\/i.mwtsolutions.eu\/wp-content\/uploads\/2023\/12\/i360-1.png"}],"twitter_card":"summary_large_image","twitter_misc":{"Becs\u00fclt olvas\u00e1si id\u0151":"2 perc"},"schema":{"@context":"https:\/\/schema.org","@graph":[{"@type":"WebPage","@id":"https:\/\/i.mwtsolutions.eu\/hu\/termekek\/active-directory\/identity360\/","url":"https:\/\/i.mwtsolutions.eu\/hu\/termekek\/active-directory\/identity360\/","name":"Tartom\u00e1ny kezel\u00e9s Identity360 seg\u00edts\u00e9g\u00e9vel - MWT Solutions","isPartOf":{"@id":"https:\/\/i.mwtsolutions.eu\/#website"},"datePublished":"2024-02-09T11:32:53+00:00","dateModified":"2024-02-09T11:32:53+00:00","description":"\u00c1tfog\u00f3 tartom\u00e1nykezel\u00e9s \u00e9s a neh\u00e9zkes feladatok automatiz\u00e1l\u00e1sa. Az Identity360 seg\u00edt az AD-vel kapcsolatos probl\u00e9m\u00e1k kik\u00fcsz\u00f6b\u00f6l\u00e9s\u00e9ben.","breadcrumb":{"@id":"https:\/\/i.mwtsolutions.eu\/hu\/termekek\/active-directory\/identity360\/#breadcrumb"},"inLanguage":"hu","potentialAction":[{"@type":"ReadAction","target":["https:\/\/i.mwtsolutions.eu\/hu\/termekek\/active-directory\/identity360\/"]}]},{"@type":"BreadcrumbList","@id":"https:\/\/i.mwtsolutions.eu\/hu\/termekek\/active-directory\/identity360\/#breadcrumb","itemListElement":[{"@type":"ListItem","position":1,"name":"Home","item":"https:\/\/i.mwtsolutions.eu\/hu\/"},{"@type":"ListItem","position":2,"name":"Term\u00e9kek","item":"https:\/\/i.mwtsolutions.eu\/hu\/termekek\/"},{"@type":"ListItem","position":3,"name":"Active Directory","item":"https:\/\/i.mwtsolutions.eu\/hu\/termekek\/active-directory\/"},{"@type":"ListItem","position":4,"name":"Identity360"}]},{"@type":"WebSite","@id":"https:\/\/i.mwtsolutions.eu\/#website","url":"https:\/\/i.mwtsolutions.eu\/","name":"MWT Solutions","description":"Wy\u0142\u0105czny dystrybutor ManageEngine w Polsce","publisher":{"@id":"https:\/\/i.mwtsolutions.eu\/#organization"},"potentialAction":[{"@type":"SearchAction","target":{"@type":"EntryPoint","urlTemplate":"https:\/\/i.mwtsolutions.eu\/?s={search_term_string}"},"query-input":"required name=search_term_string"}],"inLanguage":"hu"},{"@type":"Organization","@id":"https:\/\/i.mwtsolutions.eu\/#organization","name":"MWT Solutions","url":"https:\/\/i.mwtsolutions.eu\/","logo":{"@type":"ImageObject","inLanguage":"hu","@id":"https:\/\/i.mwtsolutions.eu\/#\/schema\/logo\/image\/","url":"https:\/\/i.mwtsolutions.eu\/wp-content\/uploads\/2025\/05\/logo_MWT_rgb-color-1.png","contentUrl":"https:\/\/i.mwtsolutions.eu\/wp-content\/uploads\/2025\/05\/logo_MWT_rgb-color-1.png","width":2825,"height":850,"caption":"MWT Solutions"},"image":{"@id":"https:\/\/i.mwtsolutions.eu\/#\/schema\/logo\/image\/"},"sameAs":["https:\/\/pl.linkedin.com\/company\/mwt-solutions"]}]}},"_links":{"self":[{"href":"https:\/\/i.mwtsolutions.eu\/hu\/wp-json\/wp\/v2\/pages\/99109"}],"collection":[{"href":"https:\/\/i.mwtsolutions.eu\/hu\/wp-json\/wp\/v2\/pages"}],"about":[{"href":"https:\/\/i.mwtsolutions.eu\/hu\/wp-json\/wp\/v2\/types\/page"}],"author":[{"embeddable":true,"href":"https:\/\/i.mwtsolutions.eu\/hu\/wp-json\/wp\/v2\/users\/43"}],"replies":[{"embeddable":true,"href":"https:\/\/i.mwtsolutions.eu\/hu\/wp-json\/wp\/v2\/comments?post=99109"}],"version-history":[{"count":6,"href":"https:\/\/i.mwtsolutions.eu\/hu\/wp-json\/wp\/v2\/pages\/99109\/revisions"}],"predecessor-version":[{"id":99118,"href":"https:\/\/i.mwtsolutions.eu\/hu\/wp-json\/wp\/v2\/pages\/99109\/revisions\/99118"}],"up":[{"embeddable":true,"href":"https:\/\/i.mwtsolutions.eu\/hu\/wp-json\/wp\/v2\/pages\/69412"}],"wp:attachment":[{"href":"https:\/\/i.mwtsolutions.eu\/hu\/wp-json\/wp\/v2\/media?parent=99109"}],"curies":[{"name":"wp","href":"https:\/\/api.w.org\/{rel}","templated":true}]}}